{"id":2,"date":"2022-05-26T09:38:54","date_gmt":"2022-05-26T09:38:54","guid":{"rendered":"http:\/\/www.garlicmachineryx.com\/?page_id=2"},"modified":"2022-06-29T02:23:39","modified_gmt":"2022-06-29T02:23:39","slug":"news","status":"publish","type":"page","link":"https:\/\/www.garlicline.com\/fr\/news\/","title":{"rendered":"Derni\u00e8res nouvelles"},"content":{"rendered":"<p>Voici plus d'informations sur les machines de traitement de l'ail personnalisables, y compris les machines \u00e0 p\u00e2te d'ail, \u00e0 \u00e9pluchage, \u00e0 cassage et \u00e0 poudre d'ail.<\/p>\n\n\n\n<blockquote class=\"wp-block-quote is-layout-flow wp-block-quote-is-layout-flow\"><p>Bonjour \u00e0 tous ! Je suis coursier \u00e0 v\u00e9lo le jour, acteur en herbe la nuit, et ceci est mon site web. Je vis \u00e0 Los Angeles, j'ai un super chien qui s'appelle Jack et j'aime les pi\u00f1a coladas. (Et me faire surprendre par la pluie.)<\/p><\/blockquote>\n\n\n\n<p>...ou quelque chose comme \u00e7a :<\/p>\n\n\n\n<blockquote class=\"wp-block-quote is-layout-flow wp-block-quote-is-layout-flow\"><p>La soci\u00e9t\u00e9 XYZ Doohickey Company a \u00e9t\u00e9 fond\u00e9e en 1971 et fournit depuis lors des doohickeys de qualit\u00e9 au public. Situ\u00e9e \u00e0 Gotham City, XYZ emploie plus de 2 000 personnes et fait toutes sortes de choses g\u00e9niales pour la communaut\u00e9 de Gotham.<\/p><\/blockquote>\n\n\n\n<p>En tant que nouvel utilisateur de WordPress, vous devez vous rendre \u00e0 l'adresse suivante <a href=\"http:\/\/www.garlicmachineryx.com\/wp-admin\/\">votre tableau de bord<\/a> pour supprimer cette page et cr\u00e9er de nouvelles pages pour votre contenu. Amusez-vous bien !<\/p>\n<div style='text-align:left' class='yasr-auto-insert-visitor'><\/div>","protected":false},"excerpt":{"rendered":"<p>Voici plus d'informations sur les machines de traitement de l'ail personnalisables, y compris les machines \u00e0 p\u00e2te d'ail, \u00e0 \u00e9plucher, \u00e0 briser et \u00e0 r\u00e9duire en poudre. Bonjour \u00e0 tous ! Je suis coursier \u00e0 v\u00e9lo le jour, acteur en herbe la nuit, et voici mon site web. Je vis \u00e0 Los Angeles, j'ai un super chien qui s'appelle Jack et j'aime les pi\u00f1a coladas. J'aime les pi\u00f1a coladas (et me faire surprendre par la pluie)... ou quelque chose comme \u00e7a...<\/p>\n<p class=\"read-more\"> <a class=\"\" href=\"https:\/\/www.garlicline.com\/fr\/news\/\"> <span class=\"screen-reader-text\">Derni\u00e8res nouvelles<\/span> Lire la suite \"<\/a><\/p>","protected":false},"author":1,"featured_media":0,"parent":0,"menu_order":0,"comment_status":"closed","ping_status":"open","template":"","meta":{"site-sidebar-layout":"default","site-content-layout":"default","ast-global-header-display":"","ast-main-header-display":"","ast-hfb-above-header-display":"","ast-hfb-below-header-display":"","ast-hfb-mobile-header-display":"","site-post-title":"","ast-breadcrumbs-content":"","ast-featured-img":"","footer-sml-layout":"","theme-transparent-header-meta":"","adv-header-id-meta":"","stick-header-meta":"","header-above-stick-meta":"","header-main-stick-meta":"","header-below-stick-meta":"","yasr_overall_rating":0,"yasr_post_is_review":"","yasr_auto_insert_disabled":"","yasr_review_type":"","footnotes":""},"class_list":["post-2","page","type-page","status-publish","hentry"],"yoast_head":"<!-- This site is optimized with the Yoast SEO plugin v25.7 - https:\/\/yoast.com\/wordpress\/plugins\/seo\/ -->\n<title>News-Garlic Processing Machine Equipment Companies<\/title>\n<meta name=\"description\" content=\"Here is more news about customizable garlic processing machinery, including garlic paste,peeling,breaking,powder machine.\" \/>\n<meta name=\"robots\" content=\"index, follow, max-snippet:-1, max-image-preview:large, max-video-preview:-1\" \/>\n<link rel=\"canonical\" href=\"https:\/\/www.garlicline.com\/fr\/news\/\" \/>\n<meta property=\"og:locale\" content=\"fr_FR\" \/>\n<meta property=\"og:type\" content=\"article\" \/>\n<meta property=\"og:title\" content=\"News-Garlic Processing Machine Equipment Companies\" \/>\n<meta property=\"og:description\" content=\"Here is more news about customizable garlic processing machinery, including garlic paste,peeling,breaking,powder machine.\" \/>\n<meta property=\"og:url\" content=\"https:\/\/www.garlicline.com\/fr\/news\/\" \/>\n<meta property=\"og:site_name\" content=\"garlicline\" \/>\n<meta property=\"article:modified_time\" content=\"2022-06-29T02:23:39+00:00\" \/>\n<meta name=\"twitter:card\" content=\"summary_large_image\" \/>\n<meta name=\"twitter:label1\" content=\"Dur\u00e9e de lecture estim\u00e9e\" \/>\n\t<meta name=\"twitter:data1\" content=\"1 minute\" \/>\n<script type=\"application\/ld+json\" class=\"yoast-schema-graph\">{\"@context\":\"https:\/\/schema.org\",\"@graph\":[{\"@type\":\"WebPage\",\"@id\":\"https:\/\/www.garlicline.com\/news\/\",\"url\":\"https:\/\/www.garlicline.com\/news\/\",\"name\":\"News-Garlic Processing Machine Equipment Companies\",\"isPartOf\":{\"@id\":\"https:\/\/www.garlicline.com\/#website\"},\"datePublished\":\"2022-05-26T09:38:54+00:00\",\"dateModified\":\"2022-06-29T02:23:39+00:00\",\"description\":\"Here is more news about customizable garlic processing machinery, including garlic paste,peeling,breaking,powder machine.\",\"breadcrumb\":{\"@id\":\"https:\/\/www.garlicline.com\/news\/#breadcrumb\"},\"inLanguage\":\"fr-FR\",\"potentialAction\":[{\"@type\":\"ReadAction\",\"target\":[\"https:\/\/www.garlicline.com\/news\/\"]}]},{\"@type\":\"BreadcrumbList\",\"@id\":\"https:\/\/www.garlicline.com\/news\/#breadcrumb\",\"itemListElement\":[{\"@type\":\"ListItem\",\"position\":1,\"name\":\"Home\",\"item\":\"https:\/\/www.garlicline.com\/\"},{\"@type\":\"ListItem\",\"position\":2,\"name\":\"Latest News\"}]},{\"@type\":\"WebSite\",\"@id\":\"https:\/\/www.garlicline.com\/#website\",\"url\":\"https:\/\/www.garlicline.com\/\",\"name\":\"garlicline\",\"description\":\"garlic processing machine supplier\",\"publisher\":{\"@id\":\"https:\/\/www.garlicline.com\/#organization\"},\"potentialAction\":[{\"@type\":\"SearchAction\",\"target\":{\"@type\":\"EntryPoint\",\"urlTemplate\":\"https:\/\/www.garlicline.com\/?s={search_term_string}\"},\"query-input\":{\"@type\":\"PropertyValueSpecification\",\"valueRequired\":true,\"valueName\":\"search_term_string\"}}],\"inLanguage\":\"fr-FR\"},{\"@type\":\"Organization\",\"@id\":\"https:\/\/www.garlicline.com\/#organization\",\"name\":\"garlicline\",\"url\":\"https:\/\/www.garlicline.com\/\",\"logo\":{\"@type\":\"ImageObject\",\"inLanguage\":\"fr-FR\",\"@id\":\"https:\/\/www.garlicline.com\/#\/schema\/logo\/image\/\",\"url\":\"https:\/\/www.garlicline.com\/wp-content\/uploads\/2025\/05\/cropped-gelgoog-logo-1.png\",\"contentUrl\":\"https:\/\/www.garlicline.com\/wp-content\/uploads\/2025\/05\/cropped-gelgoog-logo-1.png\",\"width\":434,\"height\":267,\"caption\":\"garlicline\"},\"image\":{\"@id\":\"https:\/\/www.garlicline.com\/#\/schema\/logo\/image\/\"}},false]}<\/script>\n<!-- \/ Yoast SEO plugin. -->","yoast_head_json":{"title":"Actualit\u00e9s-Machines de traitement de l'ail Soci\u00e9t\u00e9s d'\u00e9quipement","description":"Voici plus d'informations sur les machines de traitement de l'ail personnalisables, y compris les machines \u00e0 p\u00e2te d'ail, \u00e0 \u00e9pluchage, \u00e0 cassage et \u00e0 poudre d'ail.","robots":{"index":"index","follow":"follow","max-snippet":"max-snippet:-1","max-image-preview":"max-image-preview:large","max-video-preview":"max-video-preview:-1"},"canonical":"https:\/\/www.garlicline.com\/fr\/news\/","og_locale":"fr_FR","og_type":"article","og_title":"News-Garlic Processing Machine Equipment Companies","og_description":"Here is more news about customizable garlic processing machinery, including garlic paste,peeling,breaking,powder machine.","og_url":"https:\/\/www.garlicline.com\/fr\/news\/","og_site_name":"garlicline","article_modified_time":"2022-06-29T02:23:39+00:00","twitter_card":"summary_large_image","twitter_misc":{"Dur\u00e9e de lecture estim\u00e9e":"1 minute"},"schema":{"@context":"https:\/\/schema.org","@graph":[{"@type":"WebPage","@id":"https:\/\/www.garlicline.com\/news\/","url":"https:\/\/www.garlicline.com\/news\/","name":"Actualit\u00e9s-Machines de traitement de l'ail Soci\u00e9t\u00e9s d'\u00e9quipement","isPartOf":{"@id":"https:\/\/www.garlicline.com\/#website"},"datePublished":"2022-05-26T09:38:54+00:00","dateModified":"2022-06-29T02:23:39+00:00","description":"Voici plus d'informations sur les machines de traitement de l'ail personnalisables, y compris les machines \u00e0 p\u00e2te d'ail, \u00e0 \u00e9pluchage, \u00e0 cassage et \u00e0 poudre d'ail.","breadcrumb":{"@id":"https:\/\/www.garlicline.com\/news\/#breadcrumb"},"inLanguage":"fr-FR","potentialAction":[{"@type":"ReadAction","target":["https:\/\/www.garlicline.com\/news\/"]}]},{"@type":"BreadcrumbList","@id":"https:\/\/www.garlicline.com\/news\/#breadcrumb","itemListElement":[{"@type":"ListItem","position":1,"name":"Home","item":"https:\/\/www.garlicline.com\/"},{"@type":"ListItem","position":2,"name":"Latest News"}]},{"@type":"WebSite","@id":"https:\/\/www.garlicline.com\/#website","url":"https:\/\/www.garlicline.com\/","name":"ligne d'ail","description":"fournisseur de machines de traitement de l'ail","publisher":{"@id":"https:\/\/www.garlicline.com\/#organization"},"potentialAction":[{"@type":"SearchAction","target":{"@type":"EntryPoint","urlTemplate":"https:\/\/www.garlicline.com\/?s={search_term_string}"},"query-input":{"@type":"PropertyValueSpecification","valueRequired":true,"valueName":"search_term_string"}}],"inLanguage":"fr-FR"},{"@type":"Organization","@id":"https:\/\/www.garlicline.com\/#organization","name":"ligne d'ail","url":"https:\/\/www.garlicline.com\/","logo":{"@type":"ImageObject","inLanguage":"fr-FR","@id":"https:\/\/www.garlicline.com\/#\/schema\/logo\/image\/","url":"https:\/\/www.garlicline.com\/wp-content\/uploads\/2025\/05\/cropped-gelgoog-logo-1.png","contentUrl":"https:\/\/www.garlicline.com\/wp-content\/uploads\/2025\/05\/cropped-gelgoog-logo-1.png","width":434,"height":267,"caption":"garlicline"},"image":{"@id":"https:\/\/www.garlicline.com\/#\/schema\/logo\/image\/"}},false]}},"yasr_visitor_votes":{"stars_attributes":{"read_only":false,"span_bottom":false},"number_of_votes":0,"sum_votes":0},"_links":{"self":[{"href":"https:\/\/www.garlicline.com\/fr\/wp-json\/wp\/v2\/pages\/2","targetHints":{"allow":["GET"]}}],"collection":[{"href":"https:\/\/www.garlicline.com\/fr\/wp-json\/wp\/v2\/pages"}],"about":[{"href":"https:\/\/www.garlicline.com\/fr\/wp-json\/wp\/v2\/types\/page"}],"author":[{"embeddable":true,"href":"https:\/\/www.garlicline.com\/fr\/wp-json\/wp\/v2\/users\/1"}],"replies":[{"embeddable":true,"href":"https:\/\/www.garlicline.com\/fr\/wp-json\/wp\/v2\/comments?post=2"}],"version-history":[{"count":0,"href":"https:\/\/www.garlicline.com\/fr\/wp-json\/wp\/v2\/pages\/2\/revisions"}],"wp:attachment":[{"href":"https:\/\/www.garlicline.com\/fr\/wp-json\/wp\/v2\/media?parent=2"}],"curies":[{"name":"wp","href":"https:\/\/api.w.org\/{rel}","templated":true}]}}