{"id":2334,"date":"2024-05-14T07:37:55","date_gmt":"2024-05-14T07:37:55","guid":{"rendered":"https:\/\/www.garlicline.com\/?page_id=2334"},"modified":"2024-05-14T07:37:56","modified_gmt":"2024-05-14T07:37:56","slug":"how-is-garlic-peeled-with-industrially","status":"publish","type":"page","link":"https:\/\/www.garlicline.com\/fr\/how-is-garlic-peeled-with-industrially\/","title":{"rendered":"Comment l'ail est-il pel\u00e9 industriellement ?"},"content":{"rendered":"<p>L'ail est un ingr\u00e9dient de base des cuisines du monde entier, connu pour sa saveur puissante et ses nombreux bienfaits pour la sant\u00e9. Cependant, peler l'ail peut \u00eatre une t\u00e2che fastidieuse et chronophage, surtout \u00e0 grande \u00e9chelle. Pour relever ce d\u00e9fi, l'industrie alimentaire fait appel \u00e0 des machines industrielles \u00e0 \u00e9plucher l'ail. Ces machines rationalisent le processus, le rendant efficace et rentable. Voyons comment l'ail est \u00e9pluch\u00e9 de mani\u00e8re industrielle \u00e0 l'aide de ces machines sp\u00e9cialis\u00e9es.<\/p>\n\n\n\n<p>N\u00e9cessit\u00e9 de l'\u00e9pluchage industriel de l'ail<br>Dans la production alimentaire commerciale, la demande d'ail pel\u00e9 est importante. Qu'il s'agisse de sauces, d'assaisonnements, de marinades ou de plats pr\u00eats \u00e0 consommer, les fabricants de produits alimentaires ont besoin de grandes quantit\u00e9s d'ail d\u00e9j\u00e0 pel\u00e9. L'\u00e9pluchage manuel de l'ail n'est pas pratique pour r\u00e9pondre \u00e0 cette demande en raison de l'intensit\u00e9 de la main-d'\u0153uvre et du temps n\u00e9cessaire. L'industrie <strong><a href=\"https:\/\/www.garlicline.com\/fr\/produit\/continuous-garlic-peeling-machine\/\">machine \u00e0 \u00e9plucher l'ail<\/a><\/strong> sont con\u00e7us pour traiter efficacement de grands volumes d'ail, garantissant ainsi un approvisionnement r\u00e9gulier aux transformateurs de produits alimentaires.<\/p>\n\n\n\n<p>Comment fonctionnent les machines \u00e0 \u00e9plucher l'ail<\/p>\n\n\n\n<ol class=\"wp-block-list\">\n<li>Pr\u00e9paration et tri<br>Le processus commence par la pr\u00e9paration des bulbes d'ail. L'ail frais est d'abord tri\u00e9 afin d'\u00e9liminer les bulbes endommag\u00e9s ou inadapt\u00e9s. Cela permet de s'assurer que seul l'ail de haute qualit\u00e9 passe \u00e0 l'\u00e9tape de l'\u00e9pluchage. Le triage peut \u00eatre effectu\u00e9 manuellement ou \u00e0 l'aide de machines de triage automatis\u00e9es qui utilisent des capteurs pour d\u00e9tecter et s\u00e9parer l'ail en fonction de sa taille et de sa qualit\u00e9.<\/li>\n\n\n\n<li>Casser les ampoules<br>Une fois tri\u00e9s, les bulbes d'ail doivent \u00eatre d\u00e9compos\u00e9s en gousses individuelles. Cette op\u00e9ration s'effectue g\u00e9n\u00e9ralement \u00e0 l'aide d'une machine \u00e0 briser ou \u00e0 s\u00e9parer les bulbes d'ail. La machine exerce une pression contr\u00f4l\u00e9e sur les bulbes, les brisant sans endommager les gousses. Cette \u00e9tape est cruciale pour garantir l'efficacit\u00e9 du processus d'\u00e9pluchage qui suit.<\/li>\n\n\n\n<li>Processus de pelage<br>Le c\u0153ur du processus industriel d'\u00e9pluchage de l'ail est la machine \u00e0 \u00e9plucher elle-m\u00eame. Il existe diff\u00e9rents types de machines \u00e0 \u00e9plucher l'ail, mais la plupart fonctionnent selon des principes similaires. Voici une description \u00e9tape par \u00e9tape d'un processus d'\u00e9pluchage typique :<\/li>\n<\/ol>\n\n\n\n<p>a. D\u00e9collement par compression d'air<br>L'une des m\u00e9thodes les plus couramment utilis\u00e9es dans l'\u00e9pluchage industriel de l'ail est la compression d'air. Dans cette m\u00e9thode :<\/p>\n\n\n\n<p>Alimentation des gousses : Les gousses d'ail s\u00e9par\u00e9es sont introduites dans la machine \u00e0 \u00e9plucher l'ail. Elles peuvent passer par un alimentateur vibrant pour garantir une r\u00e9partition uniforme.<br>Chambre de compression d'air : \u00e0 l'int\u00e9rieur de l'appareil, les gousses d'ail entrent dans une chambre de compression d'air. De l'air \u00e0 haute pression est utilis\u00e9 pour cr\u00e9er un flux d'air rapide et puissant.<br>Action d'\u00e9pluchage : La force de l'air comprim\u00e9 fait se d\u00e9tacher les peaux des gousses. Ce processus est suffisamment doux pour ne pas endommager l'ail, mais efficace pour enlever les peaux.<br>S\u00e9paration et collecte : Apr\u00e8s l'\u00e9pluchage, les gousses d'ail sont s\u00e9par\u00e9es des peaux d\u00e9tach\u00e9es. Les pelures sont collect\u00e9es dans une autre chambre ou expuls\u00e9es par une sortie, tandis que les gousses d'ail pel\u00e9es passent \u00e0 l'\u00e9tape suivante de la transformation.<\/p>\n\n\n\n<figure class=\"wp-block-embed is-type-video is-provider-youtube wp-block-embed-youtube wp-embed-aspect-16-9 wp-has-aspect-ratio\"><div class=\"wp-block-embed__wrapper\">\n<div class=\"ast-oembed-container\" style=\"height: 100%;\"><iframe title=\"Ligne de conditionnement pour l&#039;\u00e9pluchage de l&#039;ail sans danger pour l&#039;ail\" width=\"500\" height=\"281\" src=\"https:\/\/www.youtube.com\/embed\/lryVs-XKvwU?feature=oembed\" frameborder=\"0\" allow=\"accelerometer; autoplay; clipboard-write; encrypted-media; gyroscope; picture-in-picture; web-share\" referrerpolicy=\"strict-origin-when-cross-origin\" allowfullscreen><\/iframe><\/div>\n<\/div><\/figure>\n\n\n\n<ol class=\"wp-block-list\" start=\"4\">\n<li>Tri final et contr\u00f4le de la qualit\u00e9<br>Apr\u00e8s l'\u00e9pluchage, les gousses d'ail subissent une derni\u00e8re phase de triage. Cette \u00e9tape permet de s'assurer que les gousses qui n'ont pas \u00e9t\u00e9 enti\u00e8rement pel\u00e9es sont soit retrait\u00e9es, soit \u00e9limin\u00e9es. Des machines perfectionn\u00e9es utilisent une technologie de tri optique pour d\u00e9tecter et s\u00e9parer les gousses non pel\u00e9es du lot. Des contr\u00f4les de qualit\u00e9 sont \u00e9galement effectu\u00e9s pour s'assurer que l'ail pel\u00e9 r\u00e9pond aux normes industrielles.<\/li>\n\n\n\n<li>Emballage<br>Enfin, les gousses d'ail pel\u00e9es sont pr\u00eates \u00e0 \u00eatre emball\u00e9es. Selon l'utilisation finale, l'ail peut \u00eatre emball\u00e9 sous vide, congel\u00e9 ou conserv\u00e9 sous diverses formes, comme l'ail hach\u00e9 ou en pur\u00e9e. Un conditionnement ad\u00e9quat est essentiel pour pr\u00e9server la fra\u00eecheur et la qualit\u00e9 de l'ail \u00e9pluch\u00e9 jusqu'\u00e0 ce qu'il parvienne aux consommateurs ou aux fabricants de produits alimentaires.<\/li>\n<\/ol>\n\n\n\n<p>Avantages de l'utilisation de machines \u00e0 \u00e9plucher l'ail<br>Les machines industrielles \u00e0 \u00e9plucher l'ail offrent plusieurs avantages :<\/p>\n\n\n\n<p>Efficacit\u00e9 : Ces machines peuvent \u00e9plucher rapidement de grandes quantit\u00e9s d'ail, r\u00e9pondant ainsi \u00e0 la forte demande de l'industrie alimentaire.<br>Uniformit\u00e9 : L'\u00e9pluchage automatis\u00e9 permet d'obtenir un produit uniforme, ce qui est essentiel pour maintenir la qualit\u00e9 de la production alimentaire.<br>Rentable : La r\u00e9duction des co\u00fbts de main-d'\u0153uvre et des d\u00e9chets rend le processus plus \u00e9conomique.<br>Hygi\u00e8ne : Les machines garantissent un processus hygi\u00e9nique, r\u00e9duisant le risque de contamination par rapport \u00e0 l'\u00e9pluchage manuel.<br>Conclusion<\/p>\n\n\n\n<p><br>L'\u00e9pluchage industriel de l'ail \u00e0 l'aide de machines sp\u00e9cialis\u00e9es r\u00e9volutionne le traitement de l'ail \u00e0 des fins commerciales. En employant des m\u00e9thodes telles que la compression d'air et le pelage \u00e0 l'eau, ces machines traitent efficacement de grands volumes d'ail et fournissent un produit homog\u00e8ne et de haute qualit\u00e9. Au fur et \u00e0 mesure que la technologie progresse, nous pouvons nous attendre \u00e0 des solutions encore plus innovantes dans l'industrie de la transformation alimentaire, ce qui rendra les op\u00e9rations plus efficaces et am\u00e9liorera encore la qualit\u00e9 des aliments que nous appr\u00e9cions.<\/p>\n\n\n\n<p>Par essence, les machines \u00e0 \u00e9plucher l'ail t\u00e9moignent de la mani\u00e8re dont l'automatisation et l'innovation peuvent transformer m\u00eame les t\u00e2ches les plus banales, ce qui profite en fin de compte aux producteurs et aux consommateurs dans la cha\u00eene d'approvisionnement alimentaire.<\/p>\n<div style='text-align:left' class='yasr-auto-insert-visitor'><\/div>","protected":false},"excerpt":{"rendered":"<p>L'ail est un ingr\u00e9dient de base des cuisines du monde entier, connu pour sa saveur puissante et ses nombreux bienfaits pour la sant\u00e9. Cependant, \u00e9plucher l'ail peut \u00eatre une t\u00e2che fastidieuse et chronophage, surtout \u00e0 grande \u00e9chelle. Pour relever ce d\u00e9fi, l'industrie alimentaire fait appel \u00e0 des machines industrielles \u00e0 \u00e9plucher l'ail. Ces machines rationalisent le processus, le rendant efficace ...<\/p>\n<p class=\"read-more\"> <a class=\"\" href=\"https:\/\/www.garlicline.com\/fr\/how-is-garlic-peeled-with-industrially\/\"> <span class=\"screen-reader-text\">Comment l'ail est-il pel\u00e9 industriellement ?<\/span> Lire la suite \"<\/a><\/p>","protected":false},"author":1,"featured_media":0,"parent":0,"menu_order":0,"comment_status":"closed","ping_status":"closed","template":"","meta":{"site-sidebar-layout":"default","site-content-layout":"default","ast-global-header-display":"","ast-main-header-display":"","ast-hfb-above-header-display":"","ast-hfb-below-header-display":"","ast-hfb-mobile-header-display":"","site-post-title":"","ast-breadcrumbs-content":"","ast-featured-img":"","footer-sml-layout":"","theme-transparent-header-meta":"","adv-header-id-meta":"","stick-header-meta":"","header-above-stick-meta":"","header-main-stick-meta":"","header-below-stick-meta":"","yasr_overall_rating":0,"yasr_post_is_review":"","yasr_auto_insert_disabled":"","yasr_review_type":"","footnotes":""},"class_list":["post-2334","page","type-page","status-publish","hentry"],"yoast_head":"<!-- This site is optimized with the Yoast SEO plugin v25.7 - https:\/\/yoast.com\/wordpress\/plugins\/seo\/ -->\n<title>How Is Garlic Peeled With Industrially?<\/title>\n<meta name=\"description\" content=\"The industrial peeling of garlic using specialized machines revolutionizes the way garlic is processed for commercial use.\" \/>\n<meta name=\"robots\" content=\"index, follow, max-snippet:-1, max-image-preview:large, max-video-preview:-1\" \/>\n<link rel=\"canonical\" href=\"https:\/\/www.garlicline.com\/fr\/how-is-garlic-peeled-with-industrially\/\" \/>\n<meta property=\"og:locale\" content=\"fr_FR\" \/>\n<meta property=\"og:type\" content=\"article\" \/>\n<meta property=\"og:title\" content=\"How Is Garlic Peeled With Industrially?\" \/>\n<meta property=\"og:description\" content=\"The industrial peeling of garlic using specialized machines revolutionizes the way garlic is processed for commercial use.\" \/>\n<meta property=\"og:url\" content=\"https:\/\/www.garlicline.com\/fr\/how-is-garlic-peeled-with-industrially\/\" \/>\n<meta property=\"og:site_name\" content=\"garlicline\" \/>\n<meta property=\"article:modified_time\" content=\"2024-05-14T07:37:56+00:00\" \/>\n<meta name=\"twitter:card\" content=\"summary_large_image\" \/>\n<meta name=\"twitter:label1\" content=\"Dur\u00e9e de lecture estim\u00e9e\" \/>\n\t<meta name=\"twitter:data1\" content=\"4 minutes\" \/>\n<script type=\"application\/ld+json\" class=\"yoast-schema-graph\">{\"@context\":\"https:\/\/schema.org\",\"@graph\":[{\"@type\":\"WebPage\",\"@id\":\"https:\/\/www.garlicline.com\/how-is-garlic-peeled-with-industrially\/\",\"url\":\"https:\/\/www.garlicline.com\/how-is-garlic-peeled-with-industrially\/\",\"name\":\"How Is Garlic Peeled With Industrially?\",\"isPartOf\":{\"@id\":\"https:\/\/www.garlicline.com\/#website\"},\"datePublished\":\"2024-05-14T07:37:55+00:00\",\"dateModified\":\"2024-05-14T07:37:56+00:00\",\"description\":\"The industrial peeling of garlic using specialized machines revolutionizes the way garlic is processed for commercial use.\",\"breadcrumb\":{\"@id\":\"https:\/\/www.garlicline.com\/how-is-garlic-peeled-with-industrially\/#breadcrumb\"},\"inLanguage\":\"fr-FR\",\"potentialAction\":[{\"@type\":\"ReadAction\",\"target\":[\"https:\/\/www.garlicline.com\/how-is-garlic-peeled-with-industrially\/\"]}]},{\"@type\":\"BreadcrumbList\",\"@id\":\"https:\/\/www.garlicline.com\/how-is-garlic-peeled-with-industrially\/#breadcrumb\",\"itemListElement\":[{\"@type\":\"ListItem\",\"position\":1,\"name\":\"Home\",\"item\":\"https:\/\/www.garlicline.com\/\"},{\"@type\":\"ListItem\",\"position\":2,\"name\":\"How Is Garlic Peeled With Industrially?\"}]},{\"@type\":\"WebSite\",\"@id\":\"https:\/\/www.garlicline.com\/#website\",\"url\":\"https:\/\/www.garlicline.com\/\",\"name\":\"garlicline\",\"description\":\"garlic processing machine supplier\",\"publisher\":{\"@id\":\"https:\/\/www.garlicline.com\/#organization\"},\"potentialAction\":[{\"@type\":\"SearchAction\",\"target\":{\"@type\":\"EntryPoint\",\"urlTemplate\":\"https:\/\/www.garlicline.com\/?s={search_term_string}\"},\"query-input\":{\"@type\":\"PropertyValueSpecification\",\"valueRequired\":true,\"valueName\":\"search_term_string\"}}],\"inLanguage\":\"fr-FR\"},{\"@type\":\"Organization\",\"@id\":\"https:\/\/www.garlicline.com\/#organization\",\"name\":\"garlicline\",\"url\":\"https:\/\/www.garlicline.com\/\",\"logo\":{\"@type\":\"ImageObject\",\"inLanguage\":\"fr-FR\",\"@id\":\"https:\/\/www.garlicline.com\/#\/schema\/logo\/image\/\",\"url\":\"https:\/\/www.garlicline.com\/wp-content\/uploads\/2025\/05\/cropped-gelgoog-logo-1.png\",\"contentUrl\":\"https:\/\/www.garlicline.com\/wp-content\/uploads\/2025\/05\/cropped-gelgoog-logo-1.png\",\"width\":434,\"height\":267,\"caption\":\"garlicline\"},\"image\":{\"@id\":\"https:\/\/www.garlicline.com\/#\/schema\/logo\/image\/\"}},false]}<\/script>\n<!-- \/ Yoast SEO plugin. -->","yoast_head_json":{"title":"Comment l'ail est-il pel\u00e9 industriellement ?","description":"L'\u00e9pluchage industriel de l'ail \u00e0 l'aide de machines sp\u00e9cialis\u00e9es r\u00e9volutionne le traitement de l'ail \u00e0 des fins commerciales.","robots":{"index":"index","follow":"follow","max-snippet":"max-snippet:-1","max-image-preview":"max-image-preview:large","max-video-preview":"max-video-preview:-1"},"canonical":"https:\/\/www.garlicline.com\/fr\/how-is-garlic-peeled-with-industrially\/","og_locale":"fr_FR","og_type":"article","og_title":"How Is Garlic Peeled With Industrially?","og_description":"The industrial peeling of garlic using specialized machines revolutionizes the way garlic is processed for commercial use.","og_url":"https:\/\/www.garlicline.com\/fr\/how-is-garlic-peeled-with-industrially\/","og_site_name":"garlicline","article_modified_time":"2024-05-14T07:37:56+00:00","twitter_card":"summary_large_image","twitter_misc":{"Dur\u00e9e de lecture estim\u00e9e":"4 minutes"},"schema":{"@context":"https:\/\/schema.org","@graph":[{"@type":"WebPage","@id":"https:\/\/www.garlicline.com\/how-is-garlic-peeled-with-industrially\/","url":"https:\/\/www.garlicline.com\/how-is-garlic-peeled-with-industrially\/","name":"Comment l'ail est-il pel\u00e9 industriellement ?","isPartOf":{"@id":"https:\/\/www.garlicline.com\/#website"},"datePublished":"2024-05-14T07:37:55+00:00","dateModified":"2024-05-14T07:37:56+00:00","description":"L'\u00e9pluchage industriel de l'ail \u00e0 l'aide de machines sp\u00e9cialis\u00e9es r\u00e9volutionne le traitement de l'ail \u00e0 des fins commerciales.","breadcrumb":{"@id":"https:\/\/www.garlicline.com\/how-is-garlic-peeled-with-industrially\/#breadcrumb"},"inLanguage":"fr-FR","potentialAction":[{"@type":"ReadAction","target":["https:\/\/www.garlicline.com\/how-is-garlic-peeled-with-industrially\/"]}]},{"@type":"BreadcrumbList","@id":"https:\/\/www.garlicline.com\/how-is-garlic-peeled-with-industrially\/#breadcrumb","itemListElement":[{"@type":"ListItem","position":1,"name":"Home","item":"https:\/\/www.garlicline.com\/"},{"@type":"ListItem","position":2,"name":"How Is Garlic Peeled With Industrially?"}]},{"@type":"WebSite","@id":"https:\/\/www.garlicline.com\/#website","url":"https:\/\/www.garlicline.com\/","name":"ligne d'ail","description":"fournisseur de machines de traitement de l'ail","publisher":{"@id":"https:\/\/www.garlicline.com\/#organization"},"potentialAction":[{"@type":"SearchAction","target":{"@type":"EntryPoint","urlTemplate":"https:\/\/www.garlicline.com\/?s={search_term_string}"},"query-input":{"@type":"PropertyValueSpecification","valueRequired":true,"valueName":"search_term_string"}}],"inLanguage":"fr-FR"},{"@type":"Organization","@id":"https:\/\/www.garlicline.com\/#organization","name":"ligne d'ail","url":"https:\/\/www.garlicline.com\/","logo":{"@type":"ImageObject","inLanguage":"fr-FR","@id":"https:\/\/www.garlicline.com\/#\/schema\/logo\/image\/","url":"https:\/\/www.garlicline.com\/wp-content\/uploads\/2025\/05\/cropped-gelgoog-logo-1.png","contentUrl":"https:\/\/www.garlicline.com\/wp-content\/uploads\/2025\/05\/cropped-gelgoog-logo-1.png","width":434,"height":267,"caption":"garlicline"},"image":{"@id":"https:\/\/www.garlicline.com\/#\/schema\/logo\/image\/"}},false]}},"yasr_visitor_votes":{"stars_attributes":{"read_only":false,"span_bottom":false},"number_of_votes":0,"sum_votes":0},"_links":{"self":[{"href":"https:\/\/www.garlicline.com\/fr\/wp-json\/wp\/v2\/pages\/2334","targetHints":{"allow":["GET"]}}],"collection":[{"href":"https:\/\/www.garlicline.com\/fr\/wp-json\/wp\/v2\/pages"}],"about":[{"href":"https:\/\/www.garlicline.com\/fr\/wp-json\/wp\/v2\/types\/page"}],"author":[{"embeddable":true,"href":"https:\/\/www.garlicline.com\/fr\/wp-json\/wp\/v2\/users\/1"}],"replies":[{"embeddable":true,"href":"https:\/\/www.garlicline.com\/fr\/wp-json\/wp\/v2\/comments?post=2334"}],"version-history":[{"count":0,"href":"https:\/\/www.garlicline.com\/fr\/wp-json\/wp\/v2\/pages\/2334\/revisions"}],"wp:attachment":[{"href":"https:\/\/www.garlicline.com\/fr\/wp-json\/wp\/v2\/media?parent=2334"}],"curies":[{"name":"wp","href":"https:\/\/api.w.org\/{rel}","templated":true}]}}