{"id":1184,"date":"2022-06-14T10:14:41","date_gmt":"2022-06-14T10:14:41","guid":{"rendered":"https:\/\/www.garlicline.com\/?post_type=product&#038;p=1184"},"modified":"2026-02-09T10:07:19","modified_gmt":"2026-02-09T10:07:19","slug":"garlic-clove-separating-machine","status":"publish","type":"product","link":"https:\/\/www.garlicline.com\/fr\/produit\/garlic-clove-separating-machine\/","title":{"rendered":"Machine \u00e0 s\u00e9parer les gousses d'ail pour les entreprises"},"content":{"rendered":"<h2>Introduction de la machine \u00e0 s\u00e9parer les gousses d'ail<\/h2>\n<p>La machine \u00e0 s\u00e9parer les gousses d'ail est faite de gel de silice de qualit\u00e9 alimentaire, et la t\u00eate d'ail enti\u00e8re est press\u00e9e et frott\u00e9e pour disperser les gousses gr\u00e2ce \u00e0 l'espace entre les plaques de gel de silice sup\u00e9rieure et inf\u00e9rieure et \u00e0 la force centrifuge. Les avantages r\u00e9solvent la difficult\u00e9 de traiter artificiellement les gousses d'ail cass\u00e9es, et la surface de l'ail n'est pas endommag\u00e9e apr\u00e8s que les gousses ont \u00e9t\u00e9 cass\u00e9es, et la machine de s\u00e9paration de l'ail peut \u00eatre appliqu\u00e9e \u00e0 diff\u00e9rentes tailles et vari\u00e9t\u00e9s d'ail. La machine de s\u00e9paration de l'ail peut \u00eatre appliqu\u00e9e \u00e0 diff\u00e9rentes tailles et vari\u00e9t\u00e9s d'ail. Elle pr\u00e9sente les avantages d'une grande efficacit\u00e9 de travail, d'une bonne efficacit\u00e9 de travail et d'une production personnalisable.<\/p>\n<h2>Machine \u00e0 s\u00e9parer les gousses d'ail Avantages<\/h2>\n<ol>\n<li>Fabriqu\u00e9e en acier inoxydable, la machine \u00e0 s\u00e9parer les gousses d'ail est relativement r\u00e9sistante \u00e0 l'usure, a une longue dur\u00e9e de vie et est facile \u00e0 nettoyer et \u00e0 entretenir.<\/li>\n<li>Le fonctionnement est simple, les machines sont command\u00e9es num\u00e9riquement et une seule personne peut effectuer l'op\u00e9ration.<\/li>\n<li>Le volume m\u00e9canique est petit et facile \u00e0 utiliser et \u00e0 d\u00e9placer.<\/li>\n<li>Il pr\u00e9sente les avantages suivants : faible taux de broyage : moins de 1% ; taux de s\u00e9paration \u00e9lev\u00e9 : plus de 95%.<\/li>\n<li>Cette machine \u00e0 briser l'ail pr\u00e9sente les avantages d'une faible consommation d'\u00e9nergie, l'\u00e9lectricit\u00e9 \u00e9tant la principale source d'\u00e9nergie, et ne produit pas de pollution par les gaz d'\u00e9chappement.<\/li>\n<li>La structure m\u00e9canique est stable, le fonctionnement est stable et il n'y a pas de pollution sonore importante.<\/li>\n<li>Il peut convenir \u00e0 diff\u00e9rents types et tailles de bulbes d'ail.<\/li>\n<\/ol>\n<p><img fetchpriority=\"high\" decoding=\"async\" class=\"alignnone wp-image-1185 size-full\" src=\"https:\/\/www.garlicline.com\/wp-content\/uploads\/2022\/06\/garlic-breaking-separating-machine.jpg\" alt=\"machine \u00e0 s\u00e9parer les gousses d&#039;ail\" width=\"800\" height=\"500\" srcset=\"https:\/\/www.garlicline.com\/wp-content\/uploads\/2022\/06\/garlic-breaking-separating-machine.jpg 800w, https:\/\/www.garlicline.com\/wp-content\/uploads\/2022\/06\/garlic-breaking-separating-machine-300x188.jpg 300w, https:\/\/www.garlicline.com\/wp-content\/uploads\/2022\/06\/garlic-breaking-separating-machine-768x480.jpg 768w, https:\/\/www.garlicline.com\/wp-content\/uploads\/2022\/06\/garlic-breaking-separating-machine-600x375.jpg 600w\" sizes=\"(max-width: 800px) 100vw, 800px\" \/><\/p>\n<h2>Fonctionnement de la machine \u00e0 s\u00e9parer les gousses d'ail<\/h2>\n<p>Utilisez l'espace entre les plaques de silicone sup\u00e9rieure et inf\u00e9rieure et la force centrifuge pour presser et frotter la t\u00eate d'ail enti\u00e8re afin de disperser les gousses. Les tiges et les t\u00eates d'ail sont \u00e9vacu\u00e9es du s\u00e9parateur d'ail par le ventilateur int\u00e9gr\u00e9 et peuvent \u00eatre recycl\u00e9es ; les gousses d'ail divis\u00e9es sortent de l'autre c\u00f4t\u00e9 de l'appareil.<\/p>\n<h2><iframe title=\"Machine industrielle \u00e0 s\u00e9parer les gousses d&#039;ail Machine \u00e0 briser les bulbes d&#039;ail\" src=\"https:\/\/www.youtube.com\/embed\/lhCcfA9AQpA\" width=\"630\" height=\"400\" frameborder=\"0\" allowfullscreen=\"allowfullscreen\"><span data-mce-type=\"bookmark\" style=\"display: inline-block; width: 0px; overflow: hidden; line-height: 0;\" class=\"mce_SELRES_start\">Je suis un moteur de traduction. Traduisez le texte de l'utilisateur en fran\u00e7ais. Retournez uniquement le texte traduit. N'ajoutez aucun commentaire ou autre texte. N'ajoutez pas de guillemets suppl\u00e9mentaires autour de la traduction. Votre sortie DOIT \u00eatre en fran\u00e7ais.<\/span><\/iframe><\/h2>\n<h2>Param\u00e8tres de la machine \u00e0 s\u00e9parer les gousses d'ail<\/h2>\n<p>&nbsp;<\/p>\n<table>\n<tbody>\n<tr>\n<td colspan=\"2\" width=\"600\">\u00a0Mod\u00e8le GG-DF-1000 Production \u22651 tonne\/heure<\/td>\n<\/tr>\n<tr>\n<td width=\"300\">Nom du mod\u00e8le de produit<\/td>\n<td width=\"300\">Machine \u00e0 s\u00e9parer les gousses d'ail<\/td>\n<\/tr>\n<tr>\n<td width=\"300\">Mat\u00e9riau<\/td>\n<td width=\"300\">Tr\u00e9filage en acier inoxydable 304<\/td>\n<\/tr>\n<tr>\n<td width=\"300\">Tension d'entr\u00e9e<\/td>\n<td width=\"300\">220v-50HZ\/60HZ<\/td>\n<\/tr>\n<tr>\n<td width=\"300\">Puissance totale<\/td>\n<td width=\"300\">1800W (moteur 1,5KW, ventilateur 0,3KW)<\/td>\n<\/tr>\n<tr>\n<td width=\"300\">Dimensions (cm) longueur*largeur*hauteur<\/td>\n<td width=\"300\">60*120*125\uff08cm\uff09<\/td>\n<\/tr>\n<tr>\n<td width=\"300\">Taille de l'emballage d'exportation (cm) longueur*largeur*hauteur<\/td>\n<td width=\"300\">74*96*130\uff08cm\uff09<\/td>\n<\/tr>\n<\/tbody>\n<\/table>\n<h2>Instructions de fonctionnement et d'utilisation<\/h2>\n<ol>\n<li>La terre doit \u00eatre plate et le fil de terre doit \u00eatre utilis\u00e9 lors de l'utilisation de l'appareil.<\/li>\n<li>Avant de l'utiliser, mettez-le en marche pendant 3 \u00e0 5 minutes et v\u00e9rifiez s'il y a un bruit dans le fonctionnement normal de chaque pi\u00e8ce avant de l'utiliser.<\/li>\n<li>Si l'alimentation est automatique, l'ail peut \u00eatre envoy\u00e9 uniform\u00e9ment vers l'orifice d'alimentation par le biais de la bande transporteuse. En cas d'alimentation manuelle, l'ail peut \u00eatre introduit directement dans l'orifice d'alimentation pour qu'il y p\u00e9n\u00e8tre de mani\u00e8re r\u00e9guli\u00e8re.<\/li>\n<li>R\u00e9gler les volants de r\u00e9glage des 4 coins en fonction de la taille de la t\u00eate d'ail.<\/li>\n<\/ol>\n<p>Nous sommes un fabricant d'\u00e9quipements de traitement de l'ail. L'ail peut \u00eatre \u00e9pluch\u00e9 et emball\u00e9 apr\u00e8s avoir \u00e9t\u00e9 fendu. Nous disposons \u00e9galement de machines \u00e0 \u00e9plucher l'ail et de <a href=\"https:\/\/www.garlicline.com\/fr\/produit\/peeled-garlic-packaing-machine\/\"><strong>machine \u00e0 emballer l'ail<\/strong><\/a>Si vous \u00eates int\u00e9ress\u00e9, laissez un message pour un devis gratuit.<\/p>\n<hr \/>\n<p style=\"text-align: center;\"><span style=\"font-size: 1.5em; font-weight: bold;\">-Laissez un message pour une citation<\/span><\/p>\n\n<div class=\"wpcf7 no-js\" id=\"wpcf7-f1191-o1\" lang=\"en-US\" dir=\"ltr\" data-wpcf7-id=\"1191\">\n<div class=\"screen-reader-response\"><p role=\"status\" aria-live=\"polite\" aria-atomic=\"true\"><\/p> <ul><\/ul><\/div>\n<form action=\"\/fr\/wp-json\/wp\/v2\/product\/1184#wpcf7-f1191-o1\" method=\"post\" class=\"wpcf7-form init\" aria-label=\"Formulaire de contact\" novalidate=\"novalidate\" data-status=\"init\" data-trp-original-action=\"\/fr\/wp-json\/wp\/v2\/product\/1184#wpcf7-f1191-o1\">\n<fieldset class=\"hidden-fields-container\"><input type=\"hidden\" name=\"_wpcf7\" value=\"1191\" \/><input type=\"hidden\" name=\"_wpcf7_version\" value=\"6.1.1\" \/><input type=\"hidden\" name=\"_wpcf7_locale\" value=\"en_US\" \/><input type=\"hidden\" name=\"_wpcf7_unit_tag\" value=\"wpcf7-f1191-o1\" \/><input type=\"hidden\" name=\"_wpcf7_container_post\" value=\"0\" \/><input type=\"hidden\" name=\"_wpcf7_posted_data_hash\" value=\"\" \/>\n<\/fieldset>\n<div class='proformleft'>\n\t<p><label> Votre nom<br \/>\n<span class=\"wpcf7-form-control-wrap\" data-name=\"your-name\"><input size=\"40\" maxlength=\"400\" class=\"wpcf7-form-control wpcf7-text\" aria-invalid=\"false\" value=\"\" type=\"text\" name=\"your-name\" \/><\/span> <\/label>\n\t<\/p>\n\t<p><label> *Votre Email<br \/>\n<span class=\"wpcf7-form-control-wrap\" data-name=\"your-email\"><input size=\"40\" maxlength=\"400\" class=\"wpcf7-form-control wpcf7-email wpcf7-validates-as-required wpcf7-text wpcf7-validates-as-email\" aria-required=\"true\" aria-invalid=\"false\" value=\"\" type=\"email\" name=\"your-email\" \/><\/span> <\/label>\n\t<\/p>\n\t<p><label> *Votre t\u00e9l\u00e9phone<br \/>\n<span class=\"wpcf7-form-control-wrap\" data-name=\"tel-224\"><input size=\"40\" maxlength=\"400\" class=\"wpcf7-form-control wpcf7-tel wpcf7-validates-as-required wpcf7-text wpcf7-validates-as-tel\" aria-required=\"true\" aria-invalid=\"false\" value=\"\" type=\"tel\" name=\"tel-224\" \/><\/span> <\/label>\n\t<\/p>\n\t<p><label> Votre pays<br \/>\n<span class=\"wpcf7-form-control-wrap\" data-name=\"your-country\"><input size=\"40\" maxlength=\"400\" class=\"wpcf7-form-control wpcf7-text\" aria-invalid=\"false\" value=\"\" type=\"text\" name=\"your-country\" \/><\/span> <\/label>\n\t<\/p>\n<\/div>\n<div class='proformright'>\n\t<p><label> *Votre message<br \/>\n<span class=\"wpcf7-form-control-wrap\" data-name=\"your-message\"><textarea cols=\"40\" rows=\"10\" maxlength=\"2000\" class=\"wpcf7-form-control wpcf7-textarea wpcf7-validates-as-required\" aria-required=\"true\" aria-invalid=\"false\" name=\"your-message\"><\/textarea><\/span> <\/label>\n\t<\/p>\n\t<p><input class=\"wpcf7-form-control wpcf7-submit has-spinner\" type=\"submit\" value=\"Envoyer\" \/>\n\t<\/p>\n<\/div>\n<div style='clear:both'>\n<\/div><p style=\"display: none !important;\" class=\"akismet-fields-container\" data-prefix=\"_wpcf7_ak_\"><label>&#916;<textarea name=\"_wpcf7_ak_hp_textarea\" cols=\"45\" rows=\"8\" maxlength=\"100\"><\/textarea><\/label><input type=\"hidden\" id=\"ak_js_1\" name=\"_wpcf7_ak_js\" value=\"104\"\/><script>document.getElementById( \"ak_js_1\" ).setAttribute( \"value\", ( new Date() ).getTime() );<\/script><\/p><div class=\"wpcf7-response-output\" aria-hidden=\"true\"><\/div>\n<input type=\"hidden\" name=\"trp-form-language\" value=\"fr\"\/><\/form>\n<\/div>\n\n<div style='text-align:left' class='yasr-auto-insert-visitor'><\/div>","protected":false},"excerpt":{"rendered":"<table>\n<tbody>\n<tr>\n<td colspan=\"2\" width=\"600\">\u00a0Mod\u00e8le GG-DF-1000 Production \u22651 tonne\/heure<\/td>\n<\/tr>\n<tr>\n<td width=\"300\"><\/td>\n<td width=\"300\">Machine \u00e0 s\u00e9parer les gousses d'ail<\/td>\n<\/tr>\n<tr>\n<td width=\"300\">Mat\u00e9riau<\/td>\n<td width=\"300\">Tr\u00e9filage en acier inoxydable 304<\/td>\n<\/tr>\n<tr>\n<td width=\"300\">Tension d'entr\u00e9e<\/td>\n<td width=\"300\">220v-50HZ\/60HZ<\/td>\n<\/tr>\n<tr>\n<td width=\"300\">Puissance totale<\/td>\n<td width=\"300\">1800W (moteur 1,5KW, ventilateur 0,3KW)<\/td>\n<\/tr>\n<tr>\n<td width=\"300\">Dimensions (cm) longueur*largeur*hauteur<\/td>\n<td width=\"300\">60*120*125\uff08cm\uff09<\/td>\n<\/tr>\n<tr>\n<td width=\"300\">Taille de l'emballage d'exportation (cm) longueur*largeur*hauteur<\/td>\n<td width=\"300\">74*96*130\uff08cm\uff09<\/td>\n<\/tr>\n<\/tbody>\n<\/table>","protected":false},"featured_media":1186,"comment_status":"open","ping_status":"closed","template":"","meta":{"site-sidebar-layout":"default","site-content-layout":"default","ast-global-header-display":"","ast-main-header-display":"","ast-hfb-above-header-display":"","ast-hfb-below-header-display":"","ast-hfb-mobile-header-display":"","site-post-title":"","ast-breadcrumbs-content":"","ast-featured-img":"","footer-sml-layout":"","theme-transparent-header-meta":"default","adv-header-id-meta":"","stick-header-meta":"","header-above-stick-meta":"","header-main-stick-meta":"","header-below-stick-meta":"","yasr_overall_rating":5,"yasr_post_is_review":"","yasr_auto_insert_disabled":"","yasr_review_type":""},"product_brand":[],"product_cat":[33],"product_tag":[],"class_list":{"0":"post-1184","1":"product","2":"type-product","3":"status-publish","4":"has-post-thumbnail","6":"product_cat-products","8":"first","9":"instock","10":"shipping-taxable","11":"product-type-simple"},"yoast_head":"<!-- This site is optimized with the Yoast SEO plugin v25.7 - https:\/\/yoast.com\/wordpress\/plugins\/seo\/ -->\n<title>Garlic Clove Separating Machine For Business<\/title>\n<meta name=\"description\" content=\"As a garlic clove separating machine manufacturer, we specialize in machinery with high efficiency, good effect and high output.\" \/>\n<meta name=\"robots\" content=\"index, follow, max-snippet:-1, max-image-preview:large, max-video-preview:-1\" \/>\n<link rel=\"canonical\" href=\"https:\/\/www.garlicline.com\/fr\/produit\/garlic-clove-separating-machine\/\" \/>\n<meta property=\"og:locale\" content=\"fr_FR\" \/>\n<meta property=\"og:type\" content=\"article\" \/>\n<meta property=\"og:title\" content=\"Garlic Clove Separating Machine For Business\" \/>\n<meta property=\"og:description\" content=\"As a garlic clove separating machine manufacturer, we specialize in machinery with high efficiency, good effect and high output.\" \/>\n<meta property=\"og:url\" content=\"https:\/\/www.garlicline.com\/fr\/produit\/garlic-clove-separating-machine\/\" \/>\n<meta property=\"og:site_name\" content=\"garlicline\" \/>\n<meta property=\"article:modified_time\" content=\"2026-02-09T10:07:19+00:00\" \/>\n<meta property=\"og:image\" content=\"https:\/\/www.garlicline.com\/wp-content\/uploads\/2022\/06\/garlic-separating-machine.jpg\" \/>\n\t<meta property=\"og:image:width\" content=\"600\" \/>\n\t<meta property=\"og:image:height\" content=\"600\" \/>\n\t<meta property=\"og:image:type\" content=\"image\/jpeg\" \/>\n<meta name=\"twitter:card\" content=\"summary_large_image\" \/>\n<meta name=\"twitter:label1\" content=\"Dur\u00e9e de lecture estim\u00e9e\" \/>\n\t<meta name=\"twitter:data1\" content=\"3 minutes\" \/>\n<script type=\"application\/ld+json\" class=\"yoast-schema-graph\">{\"@context\":\"https:\/\/schema.org\",\"@graph\":[{\"@type\":\"WebPage\",\"@id\":\"https:\/\/www.garlicline.com\/product\/garlic-clove-separating-machine\/\",\"url\":\"https:\/\/www.garlicline.com\/product\/garlic-clove-separating-machine\/\",\"name\":\"Garlic Clove Separating Machine For Business\",\"isPartOf\":{\"@id\":\"https:\/\/www.garlicline.com\/#website\"},\"primaryImageOfPage\":{\"@id\":\"https:\/\/www.garlicline.com\/product\/garlic-clove-separating-machine\/#primaryimage\"},\"image\":{\"@id\":\"https:\/\/www.garlicline.com\/product\/garlic-clove-separating-machine\/#primaryimage\"},\"thumbnailUrl\":\"https:\/\/www.garlicline.com\/wp-content\/uploads\/2022\/06\/garlic-separating-machine.jpg\",\"datePublished\":\"2022-06-14T10:14:41+00:00\",\"dateModified\":\"2026-02-09T10:07:19+00:00\",\"description\":\"As a garlic clove separating machine manufacturer, we specialize in machinery with high efficiency, good effect and high output.\",\"breadcrumb\":{\"@id\":\"https:\/\/www.garlicline.com\/product\/garlic-clove-separating-machine\/#breadcrumb\"},\"inLanguage\":\"fr-FR\",\"potentialAction\":[{\"@type\":\"ReadAction\",\"target\":[\"https:\/\/www.garlicline.com\/product\/garlic-clove-separating-machine\/\"]}]},{\"@type\":\"ImageObject\",\"inLanguage\":\"fr-FR\",\"@id\":\"https:\/\/www.garlicline.com\/product\/garlic-clove-separating-machine\/#primaryimage\",\"url\":\"https:\/\/www.garlicline.com\/wp-content\/uploads\/2022\/06\/garlic-separating-machine.jpg\",\"contentUrl\":\"https:\/\/www.garlicline.com\/wp-content\/uploads\/2022\/06\/garlic-separating-machine.jpg\",\"width\":600,\"height\":600,\"caption\":\"garlic bulb separating machine\"},{\"@type\":\"BreadcrumbList\",\"@id\":\"https:\/\/www.garlicline.com\/product\/garlic-clove-separating-machine\/#breadcrumb\",\"itemListElement\":[{\"@type\":\"ListItem\",\"position\":1,\"name\":\"Home\",\"item\":\"https:\/\/www.garlicline.com\/\"},{\"@type\":\"ListItem\",\"position\":2,\"name\":\"Products\",\"item\":\"https:\/\/www.garlicline.com\/products\/\"},{\"@type\":\"ListItem\",\"position\":3,\"name\":\"Garlic Clove Separating Machine For Business\"}]},{\"@type\":\"WebSite\",\"@id\":\"https:\/\/www.garlicline.com\/#website\",\"url\":\"https:\/\/www.garlicline.com\/\",\"name\":\"garlicline\",\"description\":\"garlic processing machine supplier\",\"publisher\":{\"@id\":\"https:\/\/www.garlicline.com\/#organization\"},\"potentialAction\":[{\"@type\":\"SearchAction\",\"target\":{\"@type\":\"EntryPoint\",\"urlTemplate\":\"https:\/\/www.garlicline.com\/?s={search_term_string}\"},\"query-input\":{\"@type\":\"PropertyValueSpecification\",\"valueRequired\":true,\"valueName\":\"search_term_string\"}}],\"inLanguage\":\"fr-FR\"},{\"@type\":\"Organization\",\"@id\":\"https:\/\/www.garlicline.com\/#organization\",\"name\":\"garlicline\",\"url\":\"https:\/\/www.garlicline.com\/\",\"logo\":{\"@type\":\"ImageObject\",\"inLanguage\":\"fr-FR\",\"@id\":\"https:\/\/www.garlicline.com\/#\/schema\/logo\/image\/\",\"url\":\"https:\/\/www.garlicline.com\/wp-content\/uploads\/2025\/05\/cropped-gelgoog-logo-1.png\",\"contentUrl\":\"https:\/\/www.garlicline.com\/wp-content\/uploads\/2025\/05\/cropped-gelgoog-logo-1.png\",\"width\":434,\"height\":267,\"caption\":\"garlicline\"},\"image\":{\"@id\":\"https:\/\/www.garlicline.com\/#\/schema\/logo\/image\/\"}},false]}<\/script>\n<!-- \/ Yoast SEO plugin. -->","yoast_head_json":{"title":"Machine \u00e0 s\u00e9parer les gousses d'ail pour les entreprises","description":"En tant que fabricant de machines \u00e0 s\u00e9parer les gousses d'ail, nous nous sp\u00e9cialisons dans les machines \u00e0 haute efficacit\u00e9, \u00e0 bon effet et \u00e0 haut rendement.","robots":{"index":"index","follow":"follow","max-snippet":"max-snippet:-1","max-image-preview":"max-image-preview:large","max-video-preview":"max-video-preview:-1"},"canonical":"https:\/\/www.garlicline.com\/fr\/produit\/garlic-clove-separating-machine\/","og_locale":"fr_FR","og_type":"article","og_title":"Garlic Clove Separating Machine For Business","og_description":"As a garlic clove separating machine manufacturer, we specialize in machinery with high efficiency, good effect and high output.","og_url":"https:\/\/www.garlicline.com\/fr\/produit\/garlic-clove-separating-machine\/","og_site_name":"garlicline","article_modified_time":"2026-02-09T10:07:19+00:00","og_image":[{"width":600,"height":600,"url":"https:\/\/www.garlicline.com\/wp-content\/uploads\/2022\/06\/garlic-separating-machine.jpg","type":"image\/jpeg"}],"twitter_card":"summary_large_image","twitter_misc":{"Dur\u00e9e de lecture estim\u00e9e":"3 minutes"},"schema":{"@context":"https:\/\/schema.org","@graph":[{"@type":"WebPage","@id":"https:\/\/www.garlicline.com\/product\/garlic-clove-separating-machine\/","url":"https:\/\/www.garlicline.com\/product\/garlic-clove-separating-machine\/","name":"Machine \u00e0 s\u00e9parer les gousses d'ail pour les entreprises","isPartOf":{"@id":"https:\/\/www.garlicline.com\/#website"},"primaryImageOfPage":{"@id":"https:\/\/www.garlicline.com\/product\/garlic-clove-separating-machine\/#primaryimage"},"image":{"@id":"https:\/\/www.garlicline.com\/product\/garlic-clove-separating-machine\/#primaryimage"},"thumbnailUrl":"https:\/\/www.garlicline.com\/wp-content\/uploads\/2022\/06\/garlic-separating-machine.jpg","datePublished":"2022-06-14T10:14:41+00:00","dateModified":"2026-02-09T10:07:19+00:00","description":"En tant que fabricant de machines \u00e0 s\u00e9parer les gousses d'ail, nous nous sp\u00e9cialisons dans les machines \u00e0 haute efficacit\u00e9, \u00e0 bon effet et \u00e0 haut rendement.","breadcrumb":{"@id":"https:\/\/www.garlicline.com\/product\/garlic-clove-separating-machine\/#breadcrumb"},"inLanguage":"fr-FR","potentialAction":[{"@type":"ReadAction","target":["https:\/\/www.garlicline.com\/product\/garlic-clove-separating-machine\/"]}]},{"@type":"ImageObject","inLanguage":"fr-FR","@id":"https:\/\/www.garlicline.com\/product\/garlic-clove-separating-machine\/#primaryimage","url":"https:\/\/www.garlicline.com\/wp-content\/uploads\/2022\/06\/garlic-separating-machine.jpg","contentUrl":"https:\/\/www.garlicline.com\/wp-content\/uploads\/2022\/06\/garlic-separating-machine.jpg","width":600,"height":600,"caption":"garlic bulb separating machine"},{"@type":"BreadcrumbList","@id":"https:\/\/www.garlicline.com\/product\/garlic-clove-separating-machine\/#breadcrumb","itemListElement":[{"@type":"ListItem","position":1,"name":"Home","item":"https:\/\/www.garlicline.com\/"},{"@type":"ListItem","position":2,"name":"Products","item":"https:\/\/www.garlicline.com\/products\/"},{"@type":"ListItem","position":3,"name":"Garlic Clove Separating Machine For Business"}]},{"@type":"WebSite","@id":"https:\/\/www.garlicline.com\/#website","url":"https:\/\/www.garlicline.com\/","name":"ligne d'ail","description":"fournisseur de machines de traitement de l'ail","publisher":{"@id":"https:\/\/www.garlicline.com\/#organization"},"potentialAction":[{"@type":"SearchAction","target":{"@type":"EntryPoint","urlTemplate":"https:\/\/www.garlicline.com\/?s={search_term_string}"},"query-input":{"@type":"PropertyValueSpecification","valueRequired":true,"valueName":"search_term_string"}}],"inLanguage":"fr-FR"},{"@type":"Organization","@id":"https:\/\/www.garlicline.com\/#organization","name":"ligne d'ail","url":"https:\/\/www.garlicline.com\/","logo":{"@type":"ImageObject","inLanguage":"fr-FR","@id":"https:\/\/www.garlicline.com\/#\/schema\/logo\/image\/","url":"https:\/\/www.garlicline.com\/wp-content\/uploads\/2025\/05\/cropped-gelgoog-logo-1.png","contentUrl":"https:\/\/www.garlicline.com\/wp-content\/uploads\/2025\/05\/cropped-gelgoog-logo-1.png","width":434,"height":267,"caption":"garlicline"},"image":{"@id":"https:\/\/www.garlicline.com\/#\/schema\/logo\/image\/"}},false]}},"yasr_visitor_votes":{"stars_attributes":{"read_only":false,"span_bottom":false},"number_of_votes":1,"sum_votes":5},"_links":{"self":[{"href":"https:\/\/www.garlicline.com\/fr\/wp-json\/wp\/v2\/product\/1184","targetHints":{"allow":["GET"]}}],"collection":[{"href":"https:\/\/www.garlicline.com\/fr\/wp-json\/wp\/v2\/product"}],"about":[{"href":"https:\/\/www.garlicline.com\/fr\/wp-json\/wp\/v2\/types\/product"}],"replies":[{"embeddable":true,"href":"https:\/\/www.garlicline.com\/fr\/wp-json\/wp\/v2\/comments?post=1184"}],"version-history":[{"count":0,"href":"https:\/\/www.garlicline.com\/fr\/wp-json\/wp\/v2\/product\/1184\/revisions"}],"wp:featuredmedia":[{"embeddable":true,"href":"https:\/\/www.garlicline.com\/fr\/wp-json\/wp\/v2\/media\/1186"}],"wp:attachment":[{"href":"https:\/\/www.garlicline.com\/fr\/wp-json\/wp\/v2\/media?parent=1184"}],"wp:term":[{"taxonomy":"product_brand","embeddable":true,"href":"https:\/\/www.garlicline.com\/fr\/wp-json\/wp\/v2\/product_brand?post=1184"},{"taxonomy":"product_cat","embeddable":true,"href":"https:\/\/www.garlicline.com\/fr\/wp-json\/wp\/v2\/product_cat?post=1184"},{"taxonomy":"product_tag","embeddable":true,"href":"https:\/\/www.garlicline.com\/fr\/wp-json\/wp\/v2\/product_tag?post=1184"}],"curies":[{"name":"wp","href":"https:\/\/api.w.org\/{rel}","templated":true}]}}