{"id":1226,"date":"2022-06-22T02:37:11","date_gmt":"2022-06-22T02:37:11","guid":{"rendered":"https:\/\/www.garlicline.com\/?post_type=product&#038;p=1226"},"modified":"2026-03-20T11:57:07","modified_gmt":"2026-03-20T11:57:07","slug":"automatic-garlic-peeling-machine","status":"publish","type":"product","link":"https:\/\/www.garlicline.com\/fr\/produit\/automatic-garlic-peeling-machine\/","title":{"rendered":"Machine \u00e0 \u00e9plucher l'ail Prix commercial"},"content":{"rendered":"<h2>Introduction de la machine \u00e0 \u00e9plucher l'ail<\/h2>\n<p>Cette machine \u00e0 \u00e9plucher l'ail commerciale convient parfaitement aux petites entreprises de transformation de l'ail. La machine \u00e0 \u00e9plucher l'ail automatique est de petite taille, facile \u00e0 d\u00e9placer et r\u00e9duit l'espace au sol. La machine \u00e0 \u00e9plucher l'ail en vente peut \u00eatre utilis\u00e9e dans les grands restaurants, les h\u00f4tels, les petites usines de transformation des aliments et les usines de transformation de l'ail. Bien que le volume soit petit, l'efficacit\u00e9 du travail est tr\u00e8s \u00e9lev\u00e9e, ce qui permet d'\u00e9conomiser consid\u00e9rablement l'investissement en main-d'\u0153uvre et en temps. Le taux d'\u00e9pluchage peut atteindre environ 98%, ce qui est un \u00e9quipement relativement rentable.<\/p>\n<h2>Avantages de la machine \u00e0 \u00e9plucher l'ail \u00e0 vendre<\/h2>\n<ol>\n<li>Le m\u00e9canisme m\u00e9canique est compact et stable.<\/li>\n<li>Le fournisseur de machines \u00e0 \u00e9plucher l'ail commerciales occupe une petite surface et peut \u00eatre utilis\u00e9 dans les champs et dans divers restaurants, h\u00f4tels et usines de transformation des aliments de petite et moyenne taille.<\/li>\n<li>Pendant le processus d'\u00e9pluchage, la surface de l'ail ne sera pas endommag\u00e9e et le go\u00fbt et la couleur de l'ail ne seront pas affect\u00e9s.<\/li>\n<li>Dans le cas de l'ail s\u00e9ch\u00e9, le taux d'\u00e9pluchage peut atteindre 98%.<\/li>\n<li>Le processus d'\u00e9pluchage est automatique, ce qui permet de r\u00e9duire les pertes de temps et d'argent.<\/li>\n<li>Pas difficile en ce qui concerne la taille et la vari\u00e9t\u00e9 de l'ail.<\/li>\n<li>Il existe une grande vari\u00e9t\u00e9 de mod\u00e8les, qui peuvent \u00eatre personnalis\u00e9s en fonction de la production.<\/li>\n<\/ol>\n<p><img fetchpriority=\"high\" decoding=\"async\" class=\"alignnone wp-image-1227 size-full\" src=\"https:\/\/www.garlicline.com\/wp-content\/uploads\/2022\/06\/automatic-garlic-peeling-machine23.jpg\" alt=\"fabricant de machines \u00e0 \u00e9plucher l&#039;ail\" width=\"800\" height=\"500\" srcset=\"https:\/\/www.garlicline.com\/wp-content\/uploads\/2022\/06\/automatic-garlic-peeling-machine23.jpg 800w, https:\/\/www.garlicline.com\/wp-content\/uploads\/2022\/06\/automatic-garlic-peeling-machine23-300x188.jpg 300w, https:\/\/www.garlicline.com\/wp-content\/uploads\/2022\/06\/automatic-garlic-peeling-machine23-768x480.jpg 768w, https:\/\/www.garlicline.com\/wp-content\/uploads\/2022\/06\/automatic-garlic-peeling-machine23-600x375.jpg 600w\" sizes=\"(max-width: 800px) 100vw, 800px\" \/><\/p>\n<h2>Fournisseur de machines \u00e0 \u00e9plucher l'ail Principe de fonctionnement commercial<\/h2>\n<p>Le fournisseur de machines \u00e0 \u00e9plucher l'ail commercialise des machines \u00e0 \u00e9plucher l'ail qui utilisent l'\u00e9lectricit\u00e9 pour g\u00e9n\u00e9rer du gaz afin de souffler de l'air dans le tambour, mettre l'ail s\u00e9ch\u00e9 dans la tr\u00e9mie hors ligne de gaz, l'arbre vertical tourne avec le tampon en caoutchouc, puis fermer l'entr\u00e9e pour faire \u00e9plucher l'ail dans un environnement ferm\u00e9. Sous l'action du ventilateur, la peau de l'ail est souffl\u00e9e vers l'ext\u00e9rieur, et l'ail sort par l'autre sortie pour terminer l'\u00e9pluchage.<\/p>\n<p><iframe title=\"Machine \u00e0 \u00e9plucher l&#039;ail|Eplucheur d&#039;ail automatique|Prix de la machine \u00e0 \u00e9plucher l&#039;ail\" src=\"https:\/\/www.youtube.com\/embed\/RUFmiA3ohOs\" width=\"800\" height=\"450\" frameborder=\"0\" allowfullscreen=\"allowfullscreen\"><span data-mce-type=\"bookmark\" style=\"display: inline-block; width: 0px; overflow: hidden; line-height: 0;\" class=\"mce_SELRES_start\">Je suis un moteur de traduction. Traduisez le texte de l'utilisateur en fran\u00e7ais. Retournez uniquement le texte traduit. N'ajoutez aucun commentaire ou autre texte. N'ajoutez pas de guillemets suppl\u00e9mentaires autour de la traduction. Votre sortie DOIT \u00eatre en fran\u00e7ais.<\/span><span data-mce-type=\"bookmark\" style=\"display: inline-block; width: 0px; overflow: hidden; line-height: 0;\" class=\"mce_SELRES_start\">Je suis un moteur de traduction. Traduisez le texte de l'utilisateur en fran\u00e7ais. Retournez uniquement le texte traduit. N'ajoutez aucun commentaire ou autre texte. N'ajoutez pas de guillemets suppl\u00e9mentaires autour de la traduction. Votre sortie DOIT \u00eatre en fran\u00e7ais.<\/span><\/iframe><\/p>\n<h2>Machine \u00e0 \u00e9plucher l'ail \u00e0 vendre Pr\u00e9cautions<\/h2>\n<ol>\n<li>Veillez \u00e0 ce que la surface de l'ail soit s\u00e8che. S'il est stock\u00e9 dans une chambre froide, il est recommand\u00e9 de le s\u00e9cher d'abord et de l'\u00e9plucher ensuite, sinon le taux d'\u00e9pluchage sera affect\u00e9.<\/li>\n<li>Lors de l'alimentation, il est pr\u00e9f\u00e9rable de nettoyer les racines de l'ail afin d'\u00e9viter que l'ail ne soit endommag\u00e9 par la collision des racines de l'ail.<\/li>\n<li>Essayez de nettoyer la peau de l'ail, les b\u00e2tonnets d'ail et les autres impuret\u00e9s, car cela affectera l'alimentation, ce qui entra\u00eenera \u00e9galement une faible efficacit\u00e9 de la d\u00e9charge.<\/li>\n<\/ol>\n<h2>Param\u00e8tres de la machine \u00e0 \u00e9plucher l'ail Fabricant commercial<\/h2>\n<table>\n<tbody>\n<tr>\n<td width=\"257\">mod\u00e8le<\/td>\n<td width=\"296\">GG-ry-100B<\/td>\n<\/tr>\n<tr>\n<td width=\"257\">Capacit\u00e9<\/td>\n<td width=\"296\">100-150kg\/h<\/td>\n<\/tr>\n<tr>\n<td width=\"257\">pouvoir<\/td>\n<td width=\"296\">0,5KW<\/td>\n<\/tr>\n<tr>\n<td width=\"257\">Tension<\/td>\n<td width=\"296\">220v\uff0c50-60HZ<\/td>\n<\/tr>\n<tr>\n<td width=\"257\">dimension<\/td>\n<td width=\"296\">690*720*1280mm<\/td>\n<\/tr>\n<tr>\n<td width=\"257\">poids<\/td>\n<td width=\"296\">75 kg<\/td>\n<\/tr>\n<tr>\n<td width=\"257\">\u00c9quip\u00e9 d'une source de gaz<\/td>\n<td width=\"296\">7.5KW<\/td>\n<\/tr>\n<\/tbody>\n<\/table>\n<p>Si vous souhaitez conna\u00eetre le prix de cette machine, veuillez laisser un message, nous vous fournirons un service 24 heures par jour.<\/p>\n<hr \/>\n<h2 style=\"text-align: center;\">-Laissez un message pour une citation<\/h2>\n\n<div class=\"wpcf7 no-js\" id=\"wpcf7-f1191-o1\" lang=\"en-US\" dir=\"ltr\" data-wpcf7-id=\"1191\">\n<div class=\"screen-reader-response\"><p role=\"status\" aria-live=\"polite\" aria-atomic=\"true\"><\/p> <ul><\/ul><\/div>\n<form action=\"\/fr\/wp-json\/wp\/v2\/product\/1226#wpcf7-f1191-o1\" method=\"post\" class=\"wpcf7-form init\" aria-label=\"Formulaire de contact\" novalidate=\"novalidate\" data-status=\"init\" data-trp-original-action=\"\/fr\/wp-json\/wp\/v2\/product\/1226#wpcf7-f1191-o1\">\n<fieldset class=\"hidden-fields-container\"><input type=\"hidden\" name=\"_wpcf7\" value=\"1191\" \/><input type=\"hidden\" name=\"_wpcf7_version\" value=\"6.1.1\" \/><input type=\"hidden\" name=\"_wpcf7_locale\" value=\"en_US\" \/><input type=\"hidden\" name=\"_wpcf7_unit_tag\" value=\"wpcf7-f1191-o1\" \/><input type=\"hidden\" name=\"_wpcf7_container_post\" value=\"0\" \/><input type=\"hidden\" name=\"_wpcf7_posted_data_hash\" value=\"\" \/>\n<\/fieldset>\n<div class='proformleft'>\n\t<p><label> Votre nom<br \/>\n<span class=\"wpcf7-form-control-wrap\" data-name=\"your-name\"><input size=\"40\" maxlength=\"400\" class=\"wpcf7-form-control wpcf7-text\" aria-invalid=\"false\" value=\"\" type=\"text\" name=\"your-name\" \/><\/span> <\/label>\n\t<\/p>\n\t<p><label> *Votre Email<br \/>\n<span class=\"wpcf7-form-control-wrap\" data-name=\"your-email\"><input size=\"40\" maxlength=\"400\" class=\"wpcf7-form-control wpcf7-email wpcf7-validates-as-required wpcf7-text wpcf7-validates-as-email\" aria-required=\"true\" aria-invalid=\"false\" value=\"\" type=\"email\" name=\"your-email\" \/><\/span> <\/label>\n\t<\/p>\n\t<p><label> *Votre t\u00e9l\u00e9phone<br \/>\n<span class=\"wpcf7-form-control-wrap\" data-name=\"tel-224\"><input size=\"40\" maxlength=\"400\" class=\"wpcf7-form-control wpcf7-tel wpcf7-validates-as-required wpcf7-text wpcf7-validates-as-tel\" aria-required=\"true\" aria-invalid=\"false\" value=\"\" type=\"tel\" name=\"tel-224\" \/><\/span> <\/label>\n\t<\/p>\n\t<p><label> Votre pays<br \/>\n<span class=\"wpcf7-form-control-wrap\" data-name=\"your-country\"><input size=\"40\" maxlength=\"400\" class=\"wpcf7-form-control wpcf7-text\" aria-invalid=\"false\" value=\"\" type=\"text\" name=\"your-country\" \/><\/span> <\/label>\n\t<\/p>\n<\/div>\n<div class='proformright'>\n\t<p><label> *Votre message<br \/>\n<span class=\"wpcf7-form-control-wrap\" data-name=\"your-message\"><textarea cols=\"40\" rows=\"10\" maxlength=\"2000\" class=\"wpcf7-form-control wpcf7-textarea wpcf7-validates-as-required\" aria-required=\"true\" aria-invalid=\"false\" name=\"your-message\"><\/textarea><\/span> <\/label>\n\t<\/p>\n\t<p><input class=\"wpcf7-form-control wpcf7-submit has-spinner\" type=\"submit\" value=\"Envoyer\" \/>\n\t<\/p>\n<\/div>\n<div style='clear:both'>\n<\/div><p style=\"display: none !important;\" class=\"akismet-fields-container\" data-prefix=\"_wpcf7_ak_\"><label>&#916;<textarea name=\"_wpcf7_ak_hp_textarea\" cols=\"45\" rows=\"8\" maxlength=\"100\"><\/textarea><\/label><input type=\"hidden\" id=\"ak_js_1\" name=\"_wpcf7_ak_js\" value=\"200\"\/><script>document.getElementById( \"ak_js_1\" ).setAttribute( \"value\", ( new Date() ).getTime() );<\/script><\/p><div class=\"wpcf7-response-output\" aria-hidden=\"true\"><\/div>\n<input type=\"hidden\" name=\"trp-form-language\" value=\"fr\"\/><\/form>\n<\/div>\n\n<div style='text-align:left' class='yasr-auto-insert-visitor'><\/div>","protected":false},"excerpt":{"rendered":"<table>\n<tbody>\n<tr>\n<td width=\"257\">mod\u00e8le<\/td>\n<td width=\"296\">GG-ry-100B<\/td>\n<\/tr>\n<tr>\n<td width=\"257\">Capacit\u00e9<\/td>\n<td width=\"296\">100-150kg\/h<\/td>\n<\/tr>\n<tr>\n<td width=\"257\">pouvoir<\/td>\n<td width=\"296\">0,5KW<\/td>\n<\/tr>\n<tr>\n<td width=\"257\">Tension<\/td>\n<td width=\"296\">220v\uff0c50-60HZ<\/td>\n<\/tr>\n<tr>\n<td width=\"257\">dimension<\/td>\n<td width=\"296\">690*720*1280mm<\/td>\n<\/tr>\n<tr>\n<td width=\"257\">poids<\/td>\n<td width=\"296\">75 kg<\/td>\n<\/tr>\n<tr>\n<td width=\"257\">\u00c9quip\u00e9 d'une source de gaz<\/td>\n<td width=\"296\">7.5KW<\/td>\n<\/tr>\n<\/tbody>\n<\/table>","protected":false},"featured_media":1228,"comment_status":"open","ping_status":"closed","template":"","meta":{"site-sidebar-layout":"default","site-content-layout":"default","ast-global-header-display":"","ast-main-header-display":"","ast-hfb-above-header-display":"","ast-hfb-below-header-display":"","ast-hfb-mobile-header-display":"","site-post-title":"","ast-breadcrumbs-content":"","ast-featured-img":"","footer-sml-layout":"","theme-transparent-header-meta":"default","adv-header-id-meta":"","stick-header-meta":"","header-above-stick-meta":"","header-main-stick-meta":"","header-below-stick-meta":"","yasr_overall_rating":0,"yasr_post_is_review":"","yasr_auto_insert_disabled":"","yasr_review_type":""},"product_brand":[],"product_cat":[33],"product_tag":[],"class_list":{"0":"post-1226","1":"product","2":"type-product","3":"status-publish","4":"has-post-thumbnail","6":"product_cat-products","8":"first","9":"instock","10":"shipping-taxable","11":"product-type-simple"},"yoast_head":"<!-- This site is optimized with the Yoast SEO plugin v25.7 - https:\/\/yoast.com\/wordpress\/plugins\/seo\/ -->\n<title>Garlic Peeling Machine Commercial Price<\/title>\n<meta name=\"description\" content=\"This garlic peeling machine commercial has the characteristics of small size, high peeling efficiency, simple operation and stable operation.\" \/>\n<meta name=\"robots\" content=\"index, follow, max-snippet:-1, max-image-preview:large, max-video-preview:-1\" \/>\n<link rel=\"canonical\" href=\"https:\/\/www.garlicline.com\/fr\/produit\/automatic-garlic-peeling-machine\/\" \/>\n<meta property=\"og:locale\" content=\"fr_FR\" \/>\n<meta property=\"og:type\" content=\"article\" \/>\n<meta property=\"og:title\" content=\"Garlic Peeling Machine Commercial Price\" \/>\n<meta property=\"og:description\" content=\"This garlic peeling machine commercial has the characteristics of small size, high peeling efficiency, simple operation and stable operation.\" \/>\n<meta property=\"og:url\" content=\"https:\/\/www.garlicline.com\/fr\/produit\/automatic-garlic-peeling-machine\/\" \/>\n<meta property=\"og:site_name\" content=\"garlicline\" \/>\n<meta property=\"article:modified_time\" content=\"2026-03-20T11:57:07+00:00\" \/>\n<meta property=\"og:image\" content=\"https:\/\/www.garlicline.com\/wp-content\/uploads\/2022\/06\/automatic-garlic-peeling-machine32.jpg\" \/>\n\t<meta property=\"og:image:width\" content=\"600\" \/>\n\t<meta property=\"og:image:height\" content=\"600\" \/>\n\t<meta property=\"og:image:type\" content=\"image\/jpeg\" \/>\n<meta name=\"twitter:card\" content=\"summary_large_image\" \/>\n<meta name=\"twitter:label1\" content=\"Dur\u00e9e de lecture estim\u00e9e\" \/>\n\t<meta name=\"twitter:data1\" content=\"3 minutes\" \/>\n<script type=\"application\/ld+json\" class=\"yoast-schema-graph\">{\"@context\":\"https:\/\/schema.org\",\"@graph\":[{\"@type\":\"WebPage\",\"@id\":\"https:\/\/www.garlicline.com\/product\/automatic-garlic-peeling-machine\/\",\"url\":\"https:\/\/www.garlicline.com\/product\/automatic-garlic-peeling-machine\/\",\"name\":\"Garlic Peeling Machine Commercial Price\",\"isPartOf\":{\"@id\":\"https:\/\/www.garlicline.com\/#website\"},\"primaryImageOfPage\":{\"@id\":\"https:\/\/www.garlicline.com\/product\/automatic-garlic-peeling-machine\/#primaryimage\"},\"image\":{\"@id\":\"https:\/\/www.garlicline.com\/product\/automatic-garlic-peeling-machine\/#primaryimage\"},\"thumbnailUrl\":\"https:\/\/www.garlicline.com\/wp-content\/uploads\/2022\/06\/automatic-garlic-peeling-machine32.jpg\",\"datePublished\":\"2022-06-22T02:37:11+00:00\",\"dateModified\":\"2026-03-20T11:57:07+00:00\",\"description\":\"This garlic peeling machine commercial has the characteristics of small size, high peeling efficiency, simple operation and stable operation.\",\"breadcrumb\":{\"@id\":\"https:\/\/www.garlicline.com\/product\/automatic-garlic-peeling-machine\/#breadcrumb\"},\"inLanguage\":\"fr-FR\",\"potentialAction\":[{\"@type\":\"ReadAction\",\"target\":[\"https:\/\/www.garlicline.com\/product\/automatic-garlic-peeling-machine\/\"]}]},{\"@type\":\"ImageObject\",\"inLanguage\":\"fr-FR\",\"@id\":\"https:\/\/www.garlicline.com\/product\/automatic-garlic-peeling-machine\/#primaryimage\",\"url\":\"https:\/\/www.garlicline.com\/wp-content\/uploads\/2022\/06\/automatic-garlic-peeling-machine32.jpg\",\"contentUrl\":\"https:\/\/www.garlicline.com\/wp-content\/uploads\/2022\/06\/automatic-garlic-peeling-machine32.jpg\",\"width\":600,\"height\":600,\"caption\":\"electric garlic peeler\"},{\"@type\":\"BreadcrumbList\",\"@id\":\"https:\/\/www.garlicline.com\/product\/automatic-garlic-peeling-machine\/#breadcrumb\",\"itemListElement\":[{\"@type\":\"ListItem\",\"position\":1,\"name\":\"Home\",\"item\":\"https:\/\/www.garlicline.com\/\"},{\"@type\":\"ListItem\",\"position\":2,\"name\":\"Products\",\"item\":\"https:\/\/www.garlicline.com\/products\/\"},{\"@type\":\"ListItem\",\"position\":3,\"name\":\"Garlic Peeling Machine Commercial Price\"}]},{\"@type\":\"WebSite\",\"@id\":\"https:\/\/www.garlicline.com\/#website\",\"url\":\"https:\/\/www.garlicline.com\/\",\"name\":\"garlicline\",\"description\":\"garlic processing machine supplier\",\"publisher\":{\"@id\":\"https:\/\/www.garlicline.com\/#organization\"},\"potentialAction\":[{\"@type\":\"SearchAction\",\"target\":{\"@type\":\"EntryPoint\",\"urlTemplate\":\"https:\/\/www.garlicline.com\/?s={search_term_string}\"},\"query-input\":{\"@type\":\"PropertyValueSpecification\",\"valueRequired\":true,\"valueName\":\"search_term_string\"}}],\"inLanguage\":\"fr-FR\"},{\"@type\":\"Organization\",\"@id\":\"https:\/\/www.garlicline.com\/#organization\",\"name\":\"garlicline\",\"url\":\"https:\/\/www.garlicline.com\/\",\"logo\":{\"@type\":\"ImageObject\",\"inLanguage\":\"fr-FR\",\"@id\":\"https:\/\/www.garlicline.com\/#\/schema\/logo\/image\/\",\"url\":\"https:\/\/www.garlicline.com\/wp-content\/uploads\/2025\/05\/cropped-gelgoog-logo-1.png\",\"contentUrl\":\"https:\/\/www.garlicline.com\/wp-content\/uploads\/2025\/05\/cropped-gelgoog-logo-1.png\",\"width\":434,\"height\":267,\"caption\":\"garlicline\"},\"image\":{\"@id\":\"https:\/\/www.garlicline.com\/#\/schema\/logo\/image\/\"}},false]}<\/script>\n<!-- \/ Yoast SEO plugin. -->","yoast_head_json":{"title":"Machine \u00e0 \u00e9plucher l'ail Prix commercial","description":"Cette machine commerciale \u00e0 \u00e9plucher l'ail pr\u00e9sente les caract\u00e9ristiques suivantes : petite taille, efficacit\u00e9 \u00e9lev\u00e9e de l'\u00e9pluchage, simplicit\u00e9 d'utilisation et stabilit\u00e9 de fonctionnement.","robots":{"index":"index","follow":"follow","max-snippet":"max-snippet:-1","max-image-preview":"max-image-preview:large","max-video-preview":"max-video-preview:-1"},"canonical":"https:\/\/www.garlicline.com\/fr\/produit\/automatic-garlic-peeling-machine\/","og_locale":"fr_FR","og_type":"article","og_title":"Garlic Peeling Machine Commercial Price","og_description":"This garlic peeling machine commercial has the characteristics of small size, high peeling efficiency, simple operation and stable operation.","og_url":"https:\/\/www.garlicline.com\/fr\/produit\/automatic-garlic-peeling-machine\/","og_site_name":"garlicline","article_modified_time":"2026-03-20T11:57:07+00:00","og_image":[{"width":600,"height":600,"url":"https:\/\/www.garlicline.com\/wp-content\/uploads\/2022\/06\/automatic-garlic-peeling-machine32.jpg","type":"image\/jpeg"}],"twitter_card":"summary_large_image","twitter_misc":{"Dur\u00e9e de lecture estim\u00e9e":"3 minutes"},"schema":{"@context":"https:\/\/schema.org","@graph":[{"@type":"WebPage","@id":"https:\/\/www.garlicline.com\/product\/automatic-garlic-peeling-machine\/","url":"https:\/\/www.garlicline.com\/product\/automatic-garlic-peeling-machine\/","name":"Machine \u00e0 \u00e9plucher l'ail Prix commercial","isPartOf":{"@id":"https:\/\/www.garlicline.com\/#website"},"primaryImageOfPage":{"@id":"https:\/\/www.garlicline.com\/product\/automatic-garlic-peeling-machine\/#primaryimage"},"image":{"@id":"https:\/\/www.garlicline.com\/product\/automatic-garlic-peeling-machine\/#primaryimage"},"thumbnailUrl":"https:\/\/www.garlicline.com\/wp-content\/uploads\/2022\/06\/automatic-garlic-peeling-machine32.jpg","datePublished":"2022-06-22T02:37:11+00:00","dateModified":"2026-03-20T11:57:07+00:00","description":"Cette machine commerciale \u00e0 \u00e9plucher l'ail pr\u00e9sente les caract\u00e9ristiques suivantes : petite taille, efficacit\u00e9 \u00e9lev\u00e9e de l'\u00e9pluchage, simplicit\u00e9 d'utilisation et stabilit\u00e9 de fonctionnement.","breadcrumb":{"@id":"https:\/\/www.garlicline.com\/product\/automatic-garlic-peeling-machine\/#breadcrumb"},"inLanguage":"fr-FR","potentialAction":[{"@type":"ReadAction","target":["https:\/\/www.garlicline.com\/product\/automatic-garlic-peeling-machine\/"]}]},{"@type":"ImageObject","inLanguage":"fr-FR","@id":"https:\/\/www.garlicline.com\/product\/automatic-garlic-peeling-machine\/#primaryimage","url":"https:\/\/www.garlicline.com\/wp-content\/uploads\/2022\/06\/automatic-garlic-peeling-machine32.jpg","contentUrl":"https:\/\/www.garlicline.com\/wp-content\/uploads\/2022\/06\/automatic-garlic-peeling-machine32.jpg","width":600,"height":600,"caption":"electric garlic peeler"},{"@type":"BreadcrumbList","@id":"https:\/\/www.garlicline.com\/product\/automatic-garlic-peeling-machine\/#breadcrumb","itemListElement":[{"@type":"ListItem","position":1,"name":"Home","item":"https:\/\/www.garlicline.com\/"},{"@type":"ListItem","position":2,"name":"Products","item":"https:\/\/www.garlicline.com\/products\/"},{"@type":"ListItem","position":3,"name":"Garlic Peeling Machine Commercial Price"}]},{"@type":"WebSite","@id":"https:\/\/www.garlicline.com\/#website","url":"https:\/\/www.garlicline.com\/","name":"ligne d'ail","description":"fournisseur de machines de traitement de l'ail","publisher":{"@id":"https:\/\/www.garlicline.com\/#organization"},"potentialAction":[{"@type":"SearchAction","target":{"@type":"EntryPoint","urlTemplate":"https:\/\/www.garlicline.com\/?s={search_term_string}"},"query-input":{"@type":"PropertyValueSpecification","valueRequired":true,"valueName":"search_term_string"}}],"inLanguage":"fr-FR"},{"@type":"Organization","@id":"https:\/\/www.garlicline.com\/#organization","name":"ligne d'ail","url":"https:\/\/www.garlicline.com\/","logo":{"@type":"ImageObject","inLanguage":"fr-FR","@id":"https:\/\/www.garlicline.com\/#\/schema\/logo\/image\/","url":"https:\/\/www.garlicline.com\/wp-content\/uploads\/2025\/05\/cropped-gelgoog-logo-1.png","contentUrl":"https:\/\/www.garlicline.com\/wp-content\/uploads\/2025\/05\/cropped-gelgoog-logo-1.png","width":434,"height":267,"caption":"garlicline"},"image":{"@id":"https:\/\/www.garlicline.com\/#\/schema\/logo\/image\/"}},false]}},"yasr_visitor_votes":{"stars_attributes":{"read_only":false,"span_bottom":false},"number_of_votes":1,"sum_votes":5},"_links":{"self":[{"href":"https:\/\/www.garlicline.com\/fr\/wp-json\/wp\/v2\/product\/1226","targetHints":{"allow":["GET"]}}],"collection":[{"href":"https:\/\/www.garlicline.com\/fr\/wp-json\/wp\/v2\/product"}],"about":[{"href":"https:\/\/www.garlicline.com\/fr\/wp-json\/wp\/v2\/types\/product"}],"replies":[{"embeddable":true,"href":"https:\/\/www.garlicline.com\/fr\/wp-json\/wp\/v2\/comments?post=1226"}],"version-history":[{"count":0,"href":"https:\/\/www.garlicline.com\/fr\/wp-json\/wp\/v2\/product\/1226\/revisions"}],"wp:featuredmedia":[{"embeddable":true,"href":"https:\/\/www.garlicline.com\/fr\/wp-json\/wp\/v2\/media\/1228"}],"wp:attachment":[{"href":"https:\/\/www.garlicline.com\/fr\/wp-json\/wp\/v2\/media?parent=1226"}],"wp:term":[{"taxonomy":"product_brand","embeddable":true,"href":"https:\/\/www.garlicline.com\/fr\/wp-json\/wp\/v2\/product_brand?post=1226"},{"taxonomy":"product_cat","embeddable":true,"href":"https:\/\/www.garlicline.com\/fr\/wp-json\/wp\/v2\/product_cat?post=1226"},{"taxonomy":"product_tag","embeddable":true,"href":"https:\/\/www.garlicline.com\/fr\/wp-json\/wp\/v2\/product_tag?post=1226"}],"curies":[{"name":"wp","href":"https:\/\/api.w.org\/{rel}","templated":true}]}}