{"id":1250,"date":"2022-06-22T08:41:42","date_gmt":"2022-06-22T08:41:42","guid":{"rendered":"https:\/\/www.garlicline.com\/?post_type=product&#038;p=1250"},"modified":"2022-10-19T12:19:52","modified_gmt":"2022-10-19T12:19:52","slug":"garlic-ginger-drying-machine","status":"publish","type":"product","link":"https:\/\/www.garlicline.com\/fr\/produit\/garlic-ginger-drying-machine\/","title":{"rendered":"Machine \u00e0 s\u00e9cher l'ail et le gingembre Co\u00fbt commercial"},"content":{"rendered":"<h2>Introduction de la machine \u00e0 s\u00e9cher l'ail<\/h2>\n<p>Le s\u00e9choir \u00e0 ail commercial permet de s\u00e9cher rapidement l'ail afin d'en \u00e9vaporer l'humidit\u00e9, ce qui constitue l'un des rares moyens de conserver l'ail. Compar\u00e9 au s\u00e9chage naturel, le s\u00e9choir \u00e0 ail a un meilleur effet de s\u00e9chage et une plus grande efficacit\u00e9, et peut contr\u00f4ler automatiquement la temp\u00e9rature, le temps et l'humidit\u00e9. La temp\u00e9rature est automatiquement signal\u00e9e par une alarme. Le s\u00e9choir \u00e0 ail r\u00e9duit consid\u00e9rablement le co\u00fbt de la main-d'\u0153uvre et constitue un \u00e9quipement essentiel pour le traitement des tranches d'ail.<\/p>\n<h2>Caract\u00e9ristiques de la machine \u00e0 s\u00e9cher l'ail<\/h2>\n<p>1. La machine de s\u00e9chage de l'ail commerciale est fabriqu\u00e9e en acier inoxydable de haute qualit\u00e9 et a une longue dur\u00e9e de vie.<br \/>\n2. La double porte de la machine est plus grande, ce qui facilite la distribution de l'ail.<br \/>\n3. La machine de s\u00e9chage de l'ail adopte une configuration de type armoire, qui occupe une petite surface et convient \u00e0 de nombreuses occasions.<br \/>\n4. Le fonctionnement m\u00e9canique est stable, sans vibration ni bruit.<\/p>\n<h2>Avantages de la machine de s\u00e9chage de l'ail commercial<\/h2>\n<ol>\n<li>L'ensemble de la bo\u00eete adopte une structure enti\u00e8rement ferm\u00e9e, et l'air chaud de la machine de s\u00e9chage de l'ail circule dans la bo\u00eete, ce qui permet d'\u00e9conomiser de l'\u00e9nergie et d'am\u00e9liorer l'efficacit\u00e9.<\/li>\n<li>Le ventilateur de circulation int\u00e9gr\u00e9, r\u00e9sistant aux temp\u00e9ratures \u00e9lev\u00e9es, r\u00e9duit consid\u00e9rablement les pertes de chaleur et renforce le transfert et le stockage de la chaleur.<\/li>\n<li>Le caisson est \u00e9quip\u00e9 d'une plaque d'uniformisation de l'air r\u00e9glable, qui permet d'ajuster l'ouverture vers le haut et vers le bas, de sorte que les temp\u00e9ratures sup\u00e9rieures et inf\u00e9rieures du caisson soient uniformes et que le chauffage soit homog\u00e8ne.<\/li>\n<li>L'\u00e9paisseur de la couche d'isolation thermique est de 80 mm, et le mat\u00e9riau utilis\u00e9 pour la machine de s\u00e9chage de l'ail est de la laine de verre blanche ultrafine, conforme \u00e0 la norme GMP et pr\u00e9sentant une faible perte de chaleur.<\/li>\n<li>Le chariot de s\u00e9chage et la plaque de s\u00e9chage constituent la norme unifi\u00e9e de l'industrie, et la plaque de s\u00e9chage et la plaque de filet conviennent \u00e0 de nombreuses industries et sont tr\u00e8s interchangeables.<\/li>\n<li>Haut degr\u00e9 d'automatisation, contr\u00f4le automatique de la temp\u00e9rature, de l'humidit\u00e9 et de la dur\u00e9e.<\/li>\n<li>Les tranches d'ail s\u00e9ch\u00e9es peuvent \u00eatre produites par lots, ce qui am\u00e9liore l'efficacit\u00e9 du traitement des tranches d'ail.<\/li>\n<\/ol>\n<p><img fetchpriority=\"high\" decoding=\"async\" class=\"alignnone wp-image-1251 size-full\" src=\"https:\/\/www.garlicline.com\/wp-content\/uploads\/2022\/06\/garlic-drying-machine12.jpg\" alt=\"machine \u00e0 s\u00e9cher l&#039;ail et le gingembre\" width=\"800\" height=\"500\" srcset=\"https:\/\/www.garlicline.com\/wp-content\/uploads\/2022\/06\/garlic-drying-machine12.jpg 800w, https:\/\/www.garlicline.com\/wp-content\/uploads\/2022\/06\/garlic-drying-machine12-300x188.jpg 300w, https:\/\/www.garlicline.com\/wp-content\/uploads\/2022\/06\/garlic-drying-machine12-768x480.jpg 768w, https:\/\/www.garlicline.com\/wp-content\/uploads\/2022\/06\/garlic-drying-machine12-600x375.jpg 600w\" sizes=\"(max-width: 800px) 100vw, 800px\" \/><\/p>\n<h2>Champ d'application du co\u00fbt de la machine \u00e0 s\u00e9cher l'ail et le gingembre<\/h2>\n<p>Le four \u00e0 circulation d'air chaud est sp\u00e9cialement con\u00e7u pour la production industrielle de masse. La machine de s\u00e9chage de l'ail est largement utilis\u00e9e dans l'industrie pharmaceutique pour le s\u00e9chage des mati\u00e8res premi\u00e8res, des morceaux de d\u00e9coction d'herbes chinoises, des extraits, des poudres, des granul\u00e9s, des pilules d'eau, des bouteilles d'emballage et d'autres mat\u00e9riaux. La machine de s\u00e9chage de l'ail et du gingembre convient \u00e9galement au s\u00e9chage des l\u00e9gumes d\u00e9shydrat\u00e9s, des aliments pour animaux, des assaisonnements au glutamate monosodique, des pigments chimiques, du caoutchouc, des fibres, des composants \u00e9lectroniques, des nouveaux mat\u00e9riaux, des v\u00eatements, de l'alimentation et d'autres industries.<\/p>\n<h2>Param\u00e8tres du s\u00e9choir \u00e0 ail<\/h2>\n<table>\n<tbody>\n<tr>\n<td width=\"94\">\u00a0mod\u00e8le<\/td>\n<td width=\"94\">GG-HX1-1<\/td>\n<td width=\"94\">GG-HX2-2<\/td>\n<td width=\"94\">GG-HX2-4<\/td>\n<td width=\"94\">GG-HX3-6<\/td>\n<td width=\"94\">GG-HX4-8<\/td>\n<\/tr>\n<tr>\n<td width=\"94\">Le nombre de voitures de cuisson<\/td>\n<td width=\"94\">1<\/td>\n<td width=\"94\">2<\/td>\n<td width=\"94\">4<\/td>\n<td width=\"94\">6<\/td>\n<td width=\"94\">8<\/td>\n<\/tr>\n<tr>\n<td width=\"94\">Le nombre de disques de cuisson<\/td>\n<td width=\"94\">24<\/td>\n<td width=\"94\">48<\/td>\n<td width=\"94\">96<\/td>\n<td width=\"94\">144<\/td>\n<td width=\"94\">192<\/td>\n<\/tr>\n<tr>\n<td width=\"94\">Porte (ventilateur)<\/td>\n<td width=\"94\">1<\/td>\n<td width=\"94\">2<\/td>\n<td width=\"94\">2<\/td>\n<td width=\"94\">3<\/td>\n<td width=\"94\">4<\/td>\n<\/tr>\n<tr>\n<td width=\"94\">Ventilateur de circulation (table)<\/td>\n<td width=\"94\">1<\/td>\n<td width=\"94\">1<\/td>\n<td width=\"94\">2<\/td>\n<td width=\"94\">3<\/td>\n<td width=\"94\">4<\/td>\n<\/tr>\n<tr>\n<td width=\"94\">Ventilateur d'extraction humide (table)<\/td>\n<td width=\"94\">1<\/td>\n<td width=\"94\">1<\/td>\n<td width=\"94\">1<\/td>\n<td width=\"94\">1<\/td>\n<td width=\"94\">2<\/td>\n<\/tr>\n<tr>\n<td width=\"94\">puissance de chauffage \uff08KW\uff09<\/td>\n<td width=\"94\">12<\/td>\n<td width=\"94\">18<\/td>\n<td width=\"94\">30<\/td>\n<td width=\"94\">48<\/td>\n<td width=\"94\">60<\/td>\n<\/tr>\n<tr>\n<td width=\"94\">Taille avant emballage\uff08MM\uff09<\/td>\n<td width=\"94\">1.6&#215;1.2&#215;2.35<\/td>\n<td width=\"94\">2.5&#215;1.2&#215;2.35<\/td>\n<td width=\"94\">2.5&#215;2.2&#215;2.35<\/td>\n<td width=\"94\">3.5&#215;2.2&#215;2.35<\/td>\n<td width=\"94\">4.8&#215;2.2&#215;2.35<\/td>\n<\/tr>\n<tr>\n<td width=\"94\">Poids du pr\u00e9emballage\uff08KG\uff09<\/td>\n<td width=\"94\">470<\/td>\n<td width=\"94\">760<\/td>\n<td width=\"94\">1000<\/td>\n<td width=\"94\">1650<\/td>\n<td width=\"94\">2000<\/td>\n<\/tr>\n<tr>\n<td width=\"94\">Taille apr\u00e8s emballage\uff08MM\uff09<\/td>\n<td width=\"94\">1.72&#215;1.36&#215;2.26<\/td>\n<td width=\"94\">2.63&#215;1.36&#215;2.26<\/td>\n<td width=\"94\">2.63&#215;2.26&#215;2.26<\/td>\n<td width=\"94\">3.63&#215;2.26&#215;2.26<\/td>\n<td width=\"94\">4.93&#215;2.26&#215;2.26<\/td>\n<\/tr>\n<tr>\n<td width=\"94\">Poids apr\u00e8s emballage\uff08KG\uff09<\/td>\n<td width=\"94\">520<\/td>\n<td width=\"94\">830<\/td>\n<td width=\"94\">1100<\/td>\n<td width=\"94\">1800<\/td>\n<td width=\"94\">2150<\/td>\n<\/tr>\n<tr>\n<td width=\"94\">\u00a0sortie\uff08KG\uff09<\/td>\n<td width=\"94\">72<\/td>\n<td width=\"94\">144<\/td>\n<td width=\"94\">288<\/td>\n<td width=\"94\">432<\/td>\n<td width=\"94\">576<\/td>\n<\/tr>\n<\/tbody>\n<\/table>\n<p>S\u00e9choir \u00e0 ail personnalisable, j'en ai un autre <a href=\"https:\/\/www.garlicline.com\/fr\/produit\/garlic-dehydration-machine\/\"><strong>machine \u00e0 d\u00e9shydrater l'ail<\/strong><\/a><span style=\"font-size: 16px;\"><strong>\u00a0<\/strong>Si vous \u00eates int\u00e9ress\u00e9, veuillez laisser un message pour nous contacter.<\/span><\/p>\n<hr \/>\n<h2 style=\"text-align: center;\">-Laissez un message pour une citation<\/h2>\n<div style='text-align:left' class='yasr-auto-insert-visitor'><\/div>","protected":false},"excerpt":{"rendered":"<p>1. Il peut contr\u00f4ler automatiquement la temp\u00e9rature, l'humidit\u00e9 et le temps.<br \/>\n2. Le mat\u00e9riau est de la laine de verre blanche ultrafine, conforme aux normes GMP et pr\u00e9sentant une faible perte de chaleur.<br \/>\n3. Les moules de cuisson et les moules \u00e0 filet conviennent \u00e0 de nombreuses industries.<br \/>\n4. Les tranches d'ail s\u00e8ches peuvent \u00eatre produites par lots.<\/p>","protected":false},"featured_media":1252,"comment_status":"open","ping_status":"closed","template":"","meta":{"site-sidebar-layout":"default","site-content-layout":"default","ast-global-header-display":"","ast-main-header-display":"","ast-hfb-above-header-display":"","ast-hfb-below-header-display":"","ast-hfb-mobile-header-display":"","site-post-title":"","ast-breadcrumbs-content":"","ast-featured-img":"","footer-sml-layout":"","theme-transparent-header-meta":"default","adv-header-id-meta":"","stick-header-meta":"","header-above-stick-meta":"","header-main-stick-meta":"","header-below-stick-meta":"","yasr_overall_rating":0,"yasr_post_is_review":"","yasr_auto_insert_disabled":"","yasr_review_type":""},"product_brand":[],"product_cat":[33],"product_tag":[],"class_list":{"0":"post-1250","1":"product","2":"type-product","3":"status-publish","4":"has-post-thumbnail","6":"product_cat-products","8":"first","9":"instock","10":"shipping-taxable","11":"product-type-simple"},"yoast_head":"<!-- This site is optimized with the Yoast SEO plugin v25.7 - https:\/\/yoast.com\/wordpress\/plugins\/seo\/ -->\n<title>Garlic Ginger Drying Machine Commercial Cost<\/title>\n<meta name=\"description\" content=\"The garlic drying machine can evaporate the moisture of garlic, which is more conducive to the storage and transportation of garlic.\" \/>\n<meta name=\"robots\" content=\"index, follow, max-snippet:-1, max-image-preview:large, max-video-preview:-1\" \/>\n<link rel=\"canonical\" href=\"https:\/\/www.garlicline.com\/fr\/produit\/garlic-ginger-drying-machine\/\" \/>\n<meta property=\"og:locale\" content=\"fr_FR\" \/>\n<meta property=\"og:type\" content=\"article\" \/>\n<meta property=\"og:title\" content=\"Garlic Ginger Drying Machine Commercial Cost\" \/>\n<meta property=\"og:description\" content=\"The garlic drying machine can evaporate the moisture of garlic, which is more conducive to the storage and transportation of garlic.\" \/>\n<meta property=\"og:url\" content=\"https:\/\/www.garlicline.com\/fr\/produit\/garlic-ginger-drying-machine\/\" \/>\n<meta property=\"og:site_name\" content=\"garlicline\" \/>\n<meta property=\"article:modified_time\" content=\"2022-10-19T12:19:52+00:00\" \/>\n<meta property=\"og:image\" content=\"https:\/\/www.garlicline.com\/wp-content\/uploads\/2022\/06\/garlic-drying-machine.jpg\" \/>\n\t<meta property=\"og:image:width\" content=\"600\" \/>\n\t<meta property=\"og:image:height\" content=\"600\" \/>\n\t<meta property=\"og:image:type\" content=\"image\/jpeg\" \/>\n<meta name=\"twitter:card\" content=\"summary_large_image\" \/>\n<meta name=\"twitter:label1\" content=\"Dur\u00e9e de lecture estim\u00e9e\" \/>\n\t<meta name=\"twitter:data1\" content=\"3 minutes\" \/>\n<script type=\"application\/ld+json\" class=\"yoast-schema-graph\">{\"@context\":\"https:\/\/schema.org\",\"@graph\":[{\"@type\":\"WebPage\",\"@id\":\"https:\/\/www.garlicline.com\/product\/garlic-ginger-drying-machine\/\",\"url\":\"https:\/\/www.garlicline.com\/product\/garlic-ginger-drying-machine\/\",\"name\":\"Garlic Ginger Drying Machine Commercial Cost\",\"isPartOf\":{\"@id\":\"https:\/\/www.garlicline.com\/#website\"},\"primaryImageOfPage\":{\"@id\":\"https:\/\/www.garlicline.com\/product\/garlic-ginger-drying-machine\/#primaryimage\"},\"image\":{\"@id\":\"https:\/\/www.garlicline.com\/product\/garlic-ginger-drying-machine\/#primaryimage\"},\"thumbnailUrl\":\"https:\/\/www.garlicline.com\/wp-content\/uploads\/2022\/06\/garlic-drying-machine.jpg\",\"datePublished\":\"2022-06-22T08:41:42+00:00\",\"dateModified\":\"2022-10-19T12:19:52+00:00\",\"description\":\"The garlic drying machine can evaporate the moisture of garlic, which is more conducive to the storage and transportation of garlic.\",\"breadcrumb\":{\"@id\":\"https:\/\/www.garlicline.com\/product\/garlic-ginger-drying-machine\/#breadcrumb\"},\"inLanguage\":\"fr-FR\",\"potentialAction\":[{\"@type\":\"ReadAction\",\"target\":[\"https:\/\/www.garlicline.com\/product\/garlic-ginger-drying-machine\/\"]}]},{\"@type\":\"ImageObject\",\"inLanguage\":\"fr-FR\",\"@id\":\"https:\/\/www.garlicline.com\/product\/garlic-ginger-drying-machine\/#primaryimage\",\"url\":\"https:\/\/www.garlicline.com\/wp-content\/uploads\/2022\/06\/garlic-drying-machine.jpg\",\"contentUrl\":\"https:\/\/www.garlicline.com\/wp-content\/uploads\/2022\/06\/garlic-drying-machine.jpg\",\"width\":600,\"height\":600,\"caption\":\"garlic drying machine\"},{\"@type\":\"BreadcrumbList\",\"@id\":\"https:\/\/www.garlicline.com\/product\/garlic-ginger-drying-machine\/#breadcrumb\",\"itemListElement\":[{\"@type\":\"ListItem\",\"position\":1,\"name\":\"Home\",\"item\":\"https:\/\/www.garlicline.com\/\"},{\"@type\":\"ListItem\",\"position\":2,\"name\":\"Products\",\"item\":\"https:\/\/www.garlicline.com\/products\/\"},{\"@type\":\"ListItem\",\"position\":3,\"name\":\"Garlic Ginger Drying Machine Commercial Cost\"}]},{\"@type\":\"WebSite\",\"@id\":\"https:\/\/www.garlicline.com\/#website\",\"url\":\"https:\/\/www.garlicline.com\/\",\"name\":\"garlicline\",\"description\":\"garlic processing machine supplier\",\"publisher\":{\"@id\":\"https:\/\/www.garlicline.com\/#organization\"},\"potentialAction\":[{\"@type\":\"SearchAction\",\"target\":{\"@type\":\"EntryPoint\",\"urlTemplate\":\"https:\/\/www.garlicline.com\/?s={search_term_string}\"},\"query-input\":{\"@type\":\"PropertyValueSpecification\",\"valueRequired\":true,\"valueName\":\"search_term_string\"}}],\"inLanguage\":\"fr-FR\"},{\"@type\":\"Organization\",\"@id\":\"https:\/\/www.garlicline.com\/#organization\",\"name\":\"garlicline\",\"url\":\"https:\/\/www.garlicline.com\/\",\"logo\":{\"@type\":\"ImageObject\",\"inLanguage\":\"fr-FR\",\"@id\":\"https:\/\/www.garlicline.com\/#\/schema\/logo\/image\/\",\"url\":\"https:\/\/www.garlicline.com\/wp-content\/uploads\/2025\/05\/cropped-gelgoog-logo-1.png\",\"contentUrl\":\"https:\/\/www.garlicline.com\/wp-content\/uploads\/2025\/05\/cropped-gelgoog-logo-1.png\",\"width\":434,\"height\":267,\"caption\":\"garlicline\"},\"image\":{\"@id\":\"https:\/\/www.garlicline.com\/#\/schema\/logo\/image\/\"}},false]}<\/script>\n<!-- \/ Yoast SEO plugin. -->","yoast_head_json":{"title":"Machine \u00e0 s\u00e9cher l'ail et le gingembre Co\u00fbt commercial","description":"La machine de s\u00e9chage de l'ail peut \u00e9vaporer l'humidit\u00e9 de l'ail, ce qui est plus propice au stockage et au transport de l'ail.","robots":{"index":"index","follow":"follow","max-snippet":"max-snippet:-1","max-image-preview":"max-image-preview:large","max-video-preview":"max-video-preview:-1"},"canonical":"https:\/\/www.garlicline.com\/fr\/produit\/garlic-ginger-drying-machine\/","og_locale":"fr_FR","og_type":"article","og_title":"Garlic Ginger Drying Machine Commercial Cost","og_description":"The garlic drying machine can evaporate the moisture of garlic, which is more conducive to the storage and transportation of garlic.","og_url":"https:\/\/www.garlicline.com\/fr\/produit\/garlic-ginger-drying-machine\/","og_site_name":"garlicline","article_modified_time":"2022-10-19T12:19:52+00:00","og_image":[{"width":600,"height":600,"url":"https:\/\/www.garlicline.com\/wp-content\/uploads\/2022\/06\/garlic-drying-machine.jpg","type":"image\/jpeg"}],"twitter_card":"summary_large_image","twitter_misc":{"Dur\u00e9e de lecture estim\u00e9e":"3 minutes"},"schema":{"@context":"https:\/\/schema.org","@graph":[{"@type":"WebPage","@id":"https:\/\/www.garlicline.com\/product\/garlic-ginger-drying-machine\/","url":"https:\/\/www.garlicline.com\/product\/garlic-ginger-drying-machine\/","name":"Machine \u00e0 s\u00e9cher l'ail et le gingembre Co\u00fbt commercial","isPartOf":{"@id":"https:\/\/www.garlicline.com\/#website"},"primaryImageOfPage":{"@id":"https:\/\/www.garlicline.com\/product\/garlic-ginger-drying-machine\/#primaryimage"},"image":{"@id":"https:\/\/www.garlicline.com\/product\/garlic-ginger-drying-machine\/#primaryimage"},"thumbnailUrl":"https:\/\/www.garlicline.com\/wp-content\/uploads\/2022\/06\/garlic-drying-machine.jpg","datePublished":"2022-06-22T08:41:42+00:00","dateModified":"2022-10-19T12:19:52+00:00","description":"La machine de s\u00e9chage de l'ail peut \u00e9vaporer l'humidit\u00e9 de l'ail, ce qui est plus propice au stockage et au transport de l'ail.","breadcrumb":{"@id":"https:\/\/www.garlicline.com\/product\/garlic-ginger-drying-machine\/#breadcrumb"},"inLanguage":"fr-FR","potentialAction":[{"@type":"ReadAction","target":["https:\/\/www.garlicline.com\/product\/garlic-ginger-drying-machine\/"]}]},{"@type":"ImageObject","inLanguage":"fr-FR","@id":"https:\/\/www.garlicline.com\/product\/garlic-ginger-drying-machine\/#primaryimage","url":"https:\/\/www.garlicline.com\/wp-content\/uploads\/2022\/06\/garlic-drying-machine.jpg","contentUrl":"https:\/\/www.garlicline.com\/wp-content\/uploads\/2022\/06\/garlic-drying-machine.jpg","width":600,"height":600,"caption":"garlic drying machine"},{"@type":"BreadcrumbList","@id":"https:\/\/www.garlicline.com\/product\/garlic-ginger-drying-machine\/#breadcrumb","itemListElement":[{"@type":"ListItem","position":1,"name":"Home","item":"https:\/\/www.garlicline.com\/"},{"@type":"ListItem","position":2,"name":"Products","item":"https:\/\/www.garlicline.com\/products\/"},{"@type":"ListItem","position":3,"name":"Garlic Ginger Drying Machine Commercial Cost"}]},{"@type":"WebSite","@id":"https:\/\/www.garlicline.com\/#website","url":"https:\/\/www.garlicline.com\/","name":"ligne d'ail","description":"fournisseur de machines de traitement de l'ail","publisher":{"@id":"https:\/\/www.garlicline.com\/#organization"},"potentialAction":[{"@type":"SearchAction","target":{"@type":"EntryPoint","urlTemplate":"https:\/\/www.garlicline.com\/?s={search_term_string}"},"query-input":{"@type":"PropertyValueSpecification","valueRequired":true,"valueName":"search_term_string"}}],"inLanguage":"fr-FR"},{"@type":"Organization","@id":"https:\/\/www.garlicline.com\/#organization","name":"ligne d'ail","url":"https:\/\/www.garlicline.com\/","logo":{"@type":"ImageObject","inLanguage":"fr-FR","@id":"https:\/\/www.garlicline.com\/#\/schema\/logo\/image\/","url":"https:\/\/www.garlicline.com\/wp-content\/uploads\/2025\/05\/cropped-gelgoog-logo-1.png","contentUrl":"https:\/\/www.garlicline.com\/wp-content\/uploads\/2025\/05\/cropped-gelgoog-logo-1.png","width":434,"height":267,"caption":"garlicline"},"image":{"@id":"https:\/\/www.garlicline.com\/#\/schema\/logo\/image\/"}},false]}},"yasr_visitor_votes":{"stars_attributes":{"read_only":false,"span_bottom":false},"number_of_votes":1,"sum_votes":5},"_links":{"self":[{"href":"https:\/\/www.garlicline.com\/fr\/wp-json\/wp\/v2\/product\/1250","targetHints":{"allow":["GET"]}}],"collection":[{"href":"https:\/\/www.garlicline.com\/fr\/wp-json\/wp\/v2\/product"}],"about":[{"href":"https:\/\/www.garlicline.com\/fr\/wp-json\/wp\/v2\/types\/product"}],"replies":[{"embeddable":true,"href":"https:\/\/www.garlicline.com\/fr\/wp-json\/wp\/v2\/comments?post=1250"}],"version-history":[{"count":0,"href":"https:\/\/www.garlicline.com\/fr\/wp-json\/wp\/v2\/product\/1250\/revisions"}],"wp:featuredmedia":[{"embeddable":true,"href":"https:\/\/www.garlicline.com\/fr\/wp-json\/wp\/v2\/media\/1252"}],"wp:attachment":[{"href":"https:\/\/www.garlicline.com\/fr\/wp-json\/wp\/v2\/media?parent=1250"}],"wp:term":[{"taxonomy":"product_brand","embeddable":true,"href":"https:\/\/www.garlicline.com\/fr\/wp-json\/wp\/v2\/product_brand?post=1250"},{"taxonomy":"product_cat","embeddable":true,"href":"https:\/\/www.garlicline.com\/fr\/wp-json\/wp\/v2\/product_cat?post=1250"},{"taxonomy":"product_tag","embeddable":true,"href":"https:\/\/www.garlicline.com\/fr\/wp-json\/wp\/v2\/product_tag?post=1250"}],"curies":[{"name":"wp","href":"https:\/\/api.w.org\/{rel}","templated":true}]}}