{"id":1270,"date":"2022-06-23T10:22:43","date_gmt":"2022-06-23T10:22:43","guid":{"rendered":"https:\/\/www.garlicline.com\/?post_type=product&#038;p=1270"},"modified":"2022-10-22T08:25:47","modified_gmt":"2022-10-22T08:25:47","slug":"peeled-garlic-clove-washing-cleaning-machine-price","status":"publish","type":"product","link":"https:\/\/www.garlicline.com\/fr\/produit\/peeled-garlic-clove-washing-cleaning-machine-price\/","title":{"rendered":"Machine \u00e0 laver et \u00e0 nettoyer les gousses d'ail \u00e9pluch\u00e9es"},"content":{"rendered":"<h2>Introduction de la machine de nettoyage de l'ail commercial<\/h2>\n<p>La machine \u00e0 laver l'ail \u00e9pluch\u00e9 adopte la m\u00e9thode du nettoyage \u00e0 bulles pour \u00e9liminer la salet\u00e9 et les substances nocives telles que la poussi\u00e8re, la moisissure et les pesticides \u00e0 la surface de l'ail. L'ail nettoy\u00e9 peut \u00eatre associ\u00e9 \u00e0 un s\u00e9choir \u00e0 air pour former une ligne de production permettant de produire de l'ail en continu. L'ail transform\u00e9 peut \u00eatre directement emball\u00e9 pour la vente, ce qui augmente la valeur de vente de l'ail.<\/p>\n<p><img fetchpriority=\"high\" decoding=\"async\" class=\"alignnone size-full wp-image-2002\" src=\"https:\/\/www.garlicline.com\/wp-content\/uploads\/2022\/06\/garlic-washing-machine-1.jpg\" alt=\"machine \u00e0 laver l&#039;ail\" width=\"800\" height=\"600\" srcset=\"https:\/\/www.garlicline.com\/wp-content\/uploads\/2022\/06\/garlic-washing-machine-1.jpg 800w, https:\/\/www.garlicline.com\/wp-content\/uploads\/2022\/06\/garlic-washing-machine-1-300x225.jpg 300w, https:\/\/www.garlicline.com\/wp-content\/uploads\/2022\/06\/garlic-washing-machine-1-768x576.jpg 768w, https:\/\/www.garlicline.com\/wp-content\/uploads\/2022\/06\/garlic-washing-machine-1-600x450.jpg 600w\" sizes=\"(max-width: 800px) 100vw, 800px\" \/><\/p>\n<h2>Caract\u00e9ristiques de la machine \u00e0 laver les gousses d'ail \u00e9pluch\u00e9es<\/h2>\n<p>1. La vitesse du plateau de la cha\u00eene de transmission m\u00e9canique peut \u00eatre contr\u00f4l\u00e9e et la conversion de la fr\u00e9quence est r\u00e9glable.<br \/>\n2. Le support est fabriqu\u00e9 \u00e0 partir d'un mat\u00e9riau tr\u00e8s r\u00e9sistant, d'une soudure en ligne multipositions et d'une r\u00e9sistance structurelle.<br \/>\n3. Le si\u00e8ge du roulement adopte un si\u00e8ge de roulement vertical. Cette pi\u00e8ce est une pi\u00e8ce commune, qui peut \u00eatre mont\u00e9e et d\u00e9mont\u00e9e rapidement et qui a une longue dur\u00e9e de vie.<br \/>\n4. La machine \u00e0 nettoyer l'ail prix est \u00e9quip\u00e9e d'une tr\u00e9mie pour stocker les d\u00e9chets.<br \/>\n5. La partie inf\u00e9rieure est munie de rouleaux, ce qui facilite le mouvement m\u00e9canique et l'utilisation.<\/p>\n<h2>Avantages de la machine \u00e0 laver l'ail automatique<\/h2>\n<ol>\n<li>Mat\u00e9riau en acier inoxydable, facile \u00e0 nettoyer et \u00e0 entretenir, lavable directement \u00e0 l'eau.<\/li>\n<li>La structure commerciale de la machine \u00e0 nettoyer l'ail est compacte et fonctionne sans d\u00e9formation.<\/li>\n<li>Concevoir le syst\u00e8me de circulation de l'eau pour \u00e9viter le gaspillage des ressources en eau.<\/li>\n<li>Conception raisonnable de la structure, d\u00e9montage facile, entretien et nettoyage ais\u00e9s.<\/li>\n<li>Le haut de la pente est \u00e9quip\u00e9 d'une buse, qui peut nettoyer l'ail deux fois, et le prix de la machine \u00e0 nettoyer l'ail est meilleur.<\/li>\n<li>Large gamme d'applications, permet de nettoyer et d'utiliser une grande vari\u00e9t\u00e9 de mat\u00e9riaux.<\/li>\n<li>Il peut effectuer un travail continu, r\u00e9aliser une production continue et acc\u00e9l\u00e9rer l'efficacit\u00e9 de la production.<\/li>\n<\/ol>\n<p><img decoding=\"async\" class=\"alignnone size-full wp-image-1271\" src=\"https:\/\/www.garlicline.com\/wp-content\/uploads\/2022\/06\/washing-k-2.jpg\" alt=\"prix de la machine \u00e0 nettoyer l&#039;ail\" width=\"800\" height=\"500\" srcset=\"https:\/\/www.garlicline.com\/wp-content\/uploads\/2022\/06\/washing-k-2.jpg 800w, https:\/\/www.garlicline.com\/wp-content\/uploads\/2022\/06\/washing-k-2-300x188.jpg 300w, https:\/\/www.garlicline.com\/wp-content\/uploads\/2022\/06\/washing-k-2-768x480.jpg 768w, https:\/\/www.garlicline.com\/wp-content\/uploads\/2022\/06\/washing-k-2-600x375.jpg 600w\" sizes=\"(max-width: 800px) 100vw, 800px\" \/><\/p>\n<h2>Comment faire un lavage \u00e0 l'ail<\/h2>\n<p>La machine \u00e0 laver les gousses d'ail pel\u00e9es utilise des bulles d'air pour nettoyer les gousses d'ail pel\u00e9es. Les bulles d'air g\u00e9n\u00e9r\u00e9es par le gaz de la soufflerie et le flux d'eau \u00e0 haute pression sont utilis\u00e9s pour faire culbuter les gousses d'ail \u00e9pluch\u00e9es dans l'eau et, enfin, pour obtenir un effet de nettoyage complet.<\/p>\n<p><iframe title=\"Gelgoog Garlic Bubble Cleaning Line (ligne de nettoyage \u00e0 bulles d&#039;ail) Garlic Peeling Machine (machine \u00e0 \u00e9plucher l&#039;ail)\" src=\"https:\/\/www.youtube.com\/embed\/QgTWcDOezoo\" width=\"800\" height=\"450\" frameborder=\"0\" allowfullscreen=\"allowfullscreen\"><span data-mce-type=\"bookmark\" style=\"display: inline-block; width: 0px; overflow: hidden; line-height: 0;\" class=\"mce_SELRES_start\">Je suis un moteur de traduction. Traduisez le texte de l'utilisateur en fran\u00e7ais. Retournez uniquement le texte traduit. N'ajoutez aucun commentaire ou autre texte. N'ajoutez pas de guillemets suppl\u00e9mentaires autour de la traduction. Votre sortie DOIT \u00eatre en fran\u00e7ais.<\/span><\/iframe><\/p>\n<h2>Param\u00e8tres de la machine \u00e0 nettoyer les gousses d'ail \u00e9pluch\u00e9es<\/h2>\n<table>\n<tbody>\n<tr>\n<td width=\"84\">Mod\u00e8le<\/td>\n<td width=\"80\">Largeur de la bande de mailles<\/td>\n<td width=\"88\">Puissance de transmission<\/td>\n<td width=\"81\">Puissance de la pompe<\/td>\n<td width=\"81\">Puissance de la pompe \u00e0 air<\/td>\n<td width=\"122\">Dimensions\uff08MM\uff09<\/td>\n<\/tr>\n<tr>\n<td width=\"84\">GG-XQ2500A<\/td>\n<td width=\"80\">800<\/td>\n<td width=\"88\">0.75<\/td>\n<td width=\"81\">0.75<\/td>\n<td width=\"81\">2.2<\/td>\n<td width=\"122\">2650*1550*1350<\/td>\n<\/tr>\n<tr>\n<td width=\"84\">GG-XQ3000A<\/td>\n<td width=\"80\">800<\/td>\n<td width=\"88\">0.75<\/td>\n<td width=\"81\">0.75<\/td>\n<td width=\"81\">2.2<\/td>\n<td width=\"122\">3150*1550*1350<\/td>\n<\/tr>\n<tr>\n<td width=\"84\">GG-XQ3500A<\/td>\n<td width=\"80\">800<\/td>\n<td width=\"88\">0.75<\/td>\n<td width=\"81\">0.75<\/td>\n<td width=\"81\">2.2<\/td>\n<td width=\"122\">3550*1550*1350<\/td>\n<\/tr>\n<tr>\n<td width=\"84\">GG-XQ4000A<\/td>\n<td width=\"80\">800<\/td>\n<td width=\"88\">0.75<\/td>\n<td width=\"81\">0.75<\/td>\n<td width=\"81\">2.2<\/td>\n<td width=\"122\">4150*1550*1350<\/td>\n<\/tr>\n<tr>\n<td width=\"84\">GG-XQ5000A<\/td>\n<td width=\"80\">800<\/td>\n<td width=\"88\">1.5<\/td>\n<td width=\"81\">1.5<\/td>\n<td width=\"81\">4<\/td>\n<td width=\"122\">5150*1550*1350<\/td>\n<\/tr>\n<tr>\n<td width=\"84\">GG-XQ6000A<\/td>\n<td width=\"80\">800<\/td>\n<td width=\"88\">1.5<\/td>\n<td width=\"81\">1.5<\/td>\n<td width=\"81\">4<\/td>\n<td width=\"122\">6150*1550*1350<\/td>\n<\/tr>\n<\/tbody>\n<\/table>\n<p>Contactez-nous si vous souhaitez d\u00e9marrer une entreprise de production d'ail, nous vous fournirons des solutions et de l'\u00e9quipement.<a href=\"https:\/\/www.garlicline.com\/fr\/garlic-peeling-production-line\/\"><strong> ligne de production d'\u00e9pluchage d'ail<\/strong><\/a>Ligne de production de flocons d'ail, ligne de production de poudre d'ail, ligne de production de p\u00e2te d'ail. Si vous \u00eates int\u00e9ress\u00e9, veuillez laisser un message.<\/p>\n<hr \/>\n<h2 style=\"text-align: center;\">-Laissez un message pour une citation<\/h2>\n\n<div class=\"wpcf7 no-js\" id=\"wpcf7-f1191-o1\" lang=\"en-US\" dir=\"ltr\" data-wpcf7-id=\"1191\">\n<div class=\"screen-reader-response\"><p role=\"status\" aria-live=\"polite\" aria-atomic=\"true\"><\/p> <ul><\/ul><\/div>\n<form action=\"\/fr\/wp-json\/wp\/v2\/product\/1270#wpcf7-f1191-o1\" method=\"post\" class=\"wpcf7-form init\" aria-label=\"Formulaire de contact\" novalidate=\"novalidate\" data-status=\"init\" data-trp-original-action=\"\/fr\/wp-json\/wp\/v2\/product\/1270#wpcf7-f1191-o1\">\n<fieldset class=\"hidden-fields-container\"><input type=\"hidden\" name=\"_wpcf7\" value=\"1191\" \/><input type=\"hidden\" name=\"_wpcf7_version\" value=\"6.1.1\" \/><input type=\"hidden\" name=\"_wpcf7_locale\" value=\"en_US\" \/><input type=\"hidden\" name=\"_wpcf7_unit_tag\" value=\"wpcf7-f1191-o1\" \/><input type=\"hidden\" name=\"_wpcf7_container_post\" value=\"0\" \/><input type=\"hidden\" name=\"_wpcf7_posted_data_hash\" value=\"\" \/>\n<\/fieldset>\n<div class='proformleft'>\n\t<p><label> Votre nom<br \/>\n<span class=\"wpcf7-form-control-wrap\" data-name=\"your-name\"><input size=\"40\" maxlength=\"400\" class=\"wpcf7-form-control wpcf7-text\" aria-invalid=\"false\" value=\"\" type=\"text\" name=\"your-name\" \/><\/span> <\/label>\n\t<\/p>\n\t<p><label> *Votre Email<br \/>\n<span class=\"wpcf7-form-control-wrap\" data-name=\"your-email\"><input size=\"40\" maxlength=\"400\" class=\"wpcf7-form-control wpcf7-email wpcf7-validates-as-required wpcf7-text wpcf7-validates-as-email\" aria-required=\"true\" aria-invalid=\"false\" value=\"\" type=\"email\" name=\"your-email\" \/><\/span> <\/label>\n\t<\/p>\n\t<p><label> *Votre t\u00e9l\u00e9phone<br \/>\n<span class=\"wpcf7-form-control-wrap\" data-name=\"tel-224\"><input size=\"40\" maxlength=\"400\" class=\"wpcf7-form-control wpcf7-tel wpcf7-validates-as-required wpcf7-text wpcf7-validates-as-tel\" aria-required=\"true\" aria-invalid=\"false\" value=\"\" type=\"tel\" name=\"tel-224\" \/><\/span> <\/label>\n\t<\/p>\n\t<p><label> Votre pays<br \/>\n<span class=\"wpcf7-form-control-wrap\" data-name=\"your-country\"><input size=\"40\" maxlength=\"400\" class=\"wpcf7-form-control wpcf7-text\" aria-invalid=\"false\" value=\"\" type=\"text\" name=\"your-country\" \/><\/span> <\/label>\n\t<\/p>\n<\/div>\n<div class='proformright'>\n\t<p><label> *Votre message<br \/>\n<span class=\"wpcf7-form-control-wrap\" data-name=\"your-message\"><textarea cols=\"40\" rows=\"10\" maxlength=\"2000\" class=\"wpcf7-form-control wpcf7-textarea wpcf7-validates-as-required\" aria-required=\"true\" aria-invalid=\"false\" name=\"your-message\"><\/textarea><\/span> <\/label>\n\t<\/p>\n\t<p><input class=\"wpcf7-form-control wpcf7-submit has-spinner\" type=\"submit\" value=\"Envoyer\" \/>\n\t<\/p>\n<\/div>\n<div style='clear:both'>\n<\/div><p style=\"display: none !important;\" class=\"akismet-fields-container\" data-prefix=\"_wpcf7_ak_\"><label>&#916;<textarea name=\"_wpcf7_ak_hp_textarea\" cols=\"45\" rows=\"8\" maxlength=\"100\"><\/textarea><\/label><input type=\"hidden\" id=\"ak_js_1\" name=\"_wpcf7_ak_js\" value=\"245\"\/><script>document.getElementById( \"ak_js_1\" ).setAttribute( \"value\", ( new Date() ).getTime() );<\/script><\/p><div class=\"wpcf7-response-output\" aria-hidden=\"true\"><\/div>\n<input type=\"hidden\" name=\"trp-form-language\" value=\"fr\"\/><\/form>\n<\/div>\n\n<div style='text-align:left' class='yasr-auto-insert-visitor'><\/div>","protected":false},"excerpt":{"rendered":"<table>\n<tbody>\n<tr>\n<td width=\"84\">Mod\u00e8le<\/td>\n<td width=\"80\">Largeur de la bande de mailles<\/td>\n<td width=\"88\">Puissance de transmission<\/td>\n<td width=\"81\">Puissance de la pompe<\/td>\n<td width=\"81\">Puissance de la pompe \u00e0 air<\/td>\n<td width=\"122\">Dimensions\uff08MM\uff09<\/td>\n<\/tr>\n<tr>\n<td width=\"84\">GG-XQ2500A<\/td>\n<td width=\"80\">800<\/td>\n<td width=\"88\">0.75<\/td>\n<td width=\"81\">0.75<\/td>\n<td width=\"81\">2.2<\/td>\n<td width=\"122\">2650*1550*1350<\/td>\n<\/tr>\n<tr>\n<td width=\"84\">GG-XQ3000A<\/td>\n<td width=\"80\">800<\/td>\n<td width=\"88\">0.75<\/td>\n<td width=\"81\">0.75<\/td>\n<td width=\"81\">2.2<\/td>\n<td width=\"122\">3150*1550*1350<\/td>\n<\/tr>\n<tr>\n<td width=\"84\">GG-XQ3500A<\/td>\n<td width=\"80\">800<\/td>\n<td width=\"88\">0.75<\/td>\n<td width=\"81\">0.75<\/td>\n<td width=\"81\">2.2<\/td>\n<td width=\"122\">3550*1550*1350<\/td>\n<\/tr>\n<tr>\n<td width=\"84\">GG-XQ4000A<\/td>\n<td width=\"80\">800<\/td>\n<td width=\"88\">0.75<\/td>\n<td width=\"81\">0.75<\/td>\n<td width=\"81\">2.2<\/td>\n<td width=\"122\">4150*1550*1350<\/td>\n<\/tr>\n<tr>\n<td width=\"84\">GG-XQ5000A<\/td>\n<td width=\"80\">800<\/td>\n<td width=\"88\">1.5<\/td>\n<td width=\"81\">1.5<\/td>\n<td width=\"81\">4<\/td>\n<td width=\"122\">5150*1550*1350<\/td>\n<\/tr>\n<tr>\n<td width=\"84\">GG-XQ6000A<\/td>\n<td width=\"80\">800<\/td>\n<td width=\"88\">1.5<\/td>\n<td width=\"81\">1.5<\/td>\n<td width=\"81\">4<\/td>\n<td width=\"122\">6150*1550*1350<\/td>\n<\/tr>\n<\/tbody>\n<\/table>","protected":false},"featured_media":1272,"comment_status":"open","ping_status":"closed","template":"","meta":{"site-sidebar-layout":"default","site-content-layout":"default","ast-global-header-display":"","ast-main-header-display":"","ast-hfb-above-header-display":"","ast-hfb-below-header-display":"","ast-hfb-mobile-header-display":"","site-post-title":"","ast-breadcrumbs-content":"","ast-featured-img":"","footer-sml-layout":"","theme-transparent-header-meta":"default","adv-header-id-meta":"","stick-header-meta":"","header-above-stick-meta":"","header-main-stick-meta":"","header-below-stick-meta":"","yasr_overall_rating":0,"yasr_post_is_review":"","yasr_auto_insert_disabled":"","yasr_review_type":""},"product_brand":[],"product_cat":[33],"product_tag":[],"class_list":{"0":"post-1270","1":"product","2":"type-product","3":"status-publish","4":"has-post-thumbnail","6":"product_cat-products","8":"first","9":"instock","10":"shipping-taxable","11":"product-type-simple"},"yoast_head":"<!-- This site is optimized with the Yoast SEO plugin v25.7 - https:\/\/yoast.com\/wordpress\/plugins\/seo\/ -->\n<title>Peeled Garlic Clove Washing Cleaning Machine Price<\/title>\n<meta name=\"description\" content=\"The peeled garlic clove washing machine can remove the dust, mildew, pesticides and other harmful substances on the surface of the garlic, without affecting the smell and color of the garlic.\" \/>\n<meta name=\"robots\" content=\"index, follow, max-snippet:-1, max-image-preview:large, max-video-preview:-1\" \/>\n<link rel=\"canonical\" href=\"https:\/\/www.garlicline.com\/fr\/produit\/peeled-garlic-clove-washing-cleaning-machine-price\/\" \/>\n<meta property=\"og:locale\" content=\"fr_FR\" \/>\n<meta property=\"og:type\" content=\"article\" \/>\n<meta property=\"og:title\" content=\"Peeled Garlic Clove Washing Cleaning Machine Price\" \/>\n<meta property=\"og:description\" content=\"The peeled garlic clove washing machine can remove the dust, mildew, pesticides and other harmful substances on the surface of the garlic, without affecting the smell and color of the garlic.\" \/>\n<meta property=\"og:url\" content=\"https:\/\/www.garlicline.com\/fr\/produit\/peeled-garlic-clove-washing-cleaning-machine-price\/\" \/>\n<meta property=\"og:site_name\" content=\"garlicline\" \/>\n<meta property=\"article:modified_time\" content=\"2022-10-22T08:25:47+00:00\" \/>\n<meta property=\"og:image\" content=\"https:\/\/www.garlicline.com\/wp-content\/uploads\/2022\/06\/washing-1.jpg\" \/>\n\t<meta property=\"og:image:width\" content=\"600\" \/>\n\t<meta property=\"og:image:height\" content=\"600\" \/>\n\t<meta property=\"og:image:type\" content=\"image\/jpeg\" \/>\n<meta name=\"twitter:card\" content=\"summary_large_image\" \/>\n<meta name=\"twitter:label1\" content=\"Dur\u00e9e de lecture estim\u00e9e\" \/>\n\t<meta name=\"twitter:data1\" content=\"3 minutes\" \/>\n<script type=\"application\/ld+json\" class=\"yoast-schema-graph\">{\"@context\":\"https:\/\/schema.org\",\"@graph\":[{\"@type\":\"WebPage\",\"@id\":\"https:\/\/www.garlicline.com\/product\/peeled-garlic-clove-washing-cleaning-machine-price\/\",\"url\":\"https:\/\/www.garlicline.com\/product\/peeled-garlic-clove-washing-cleaning-machine-price\/\",\"name\":\"Peeled Garlic Clove Washing Cleaning Machine Price\",\"isPartOf\":{\"@id\":\"https:\/\/www.garlicline.com\/#website\"},\"primaryImageOfPage\":{\"@id\":\"https:\/\/www.garlicline.com\/product\/peeled-garlic-clove-washing-cleaning-machine-price\/#primaryimage\"},\"image\":{\"@id\":\"https:\/\/www.garlicline.com\/product\/peeled-garlic-clove-washing-cleaning-machine-price\/#primaryimage\"},\"thumbnailUrl\":\"https:\/\/www.garlicline.com\/wp-content\/uploads\/2022\/06\/washing-1.jpg\",\"datePublished\":\"2022-06-23T10:22:43+00:00\",\"dateModified\":\"2022-10-22T08:25:47+00:00\",\"description\":\"The peeled garlic clove washing machine can remove the dust, mildew, pesticides and other harmful substances on the surface of the garlic, without affecting the smell and color of the garlic.\",\"breadcrumb\":{\"@id\":\"https:\/\/www.garlicline.com\/product\/peeled-garlic-clove-washing-cleaning-machine-price\/#breadcrumb\"},\"inLanguage\":\"fr-FR\",\"potentialAction\":[{\"@type\":\"ReadAction\",\"target\":[\"https:\/\/www.garlicline.com\/product\/peeled-garlic-clove-washing-cleaning-machine-price\/\"]}]},{\"@type\":\"ImageObject\",\"inLanguage\":\"fr-FR\",\"@id\":\"https:\/\/www.garlicline.com\/product\/peeled-garlic-clove-washing-cleaning-machine-price\/#primaryimage\",\"url\":\"https:\/\/www.garlicline.com\/wp-content\/uploads\/2022\/06\/washing-1.jpg\",\"contentUrl\":\"https:\/\/www.garlicline.com\/wp-content\/uploads\/2022\/06\/washing-1.jpg\",\"width\":600,\"height\":600,\"caption\":\"garlic washing machine automatic\"},{\"@type\":\"BreadcrumbList\",\"@id\":\"https:\/\/www.garlicline.com\/product\/peeled-garlic-clove-washing-cleaning-machine-price\/#breadcrumb\",\"itemListElement\":[{\"@type\":\"ListItem\",\"position\":1,\"name\":\"Home\",\"item\":\"https:\/\/www.garlicline.com\/\"},{\"@type\":\"ListItem\",\"position\":2,\"name\":\"Products\",\"item\":\"https:\/\/www.garlicline.com\/products\/\"},{\"@type\":\"ListItem\",\"position\":3,\"name\":\"Peeled Garlic Clove Washing Cleaning Machine Price\"}]},{\"@type\":\"WebSite\",\"@id\":\"https:\/\/www.garlicline.com\/#website\",\"url\":\"https:\/\/www.garlicline.com\/\",\"name\":\"garlicline\",\"description\":\"garlic processing machine supplier\",\"publisher\":{\"@id\":\"https:\/\/www.garlicline.com\/#organization\"},\"potentialAction\":[{\"@type\":\"SearchAction\",\"target\":{\"@type\":\"EntryPoint\",\"urlTemplate\":\"https:\/\/www.garlicline.com\/?s={search_term_string}\"},\"query-input\":{\"@type\":\"PropertyValueSpecification\",\"valueRequired\":true,\"valueName\":\"search_term_string\"}}],\"inLanguage\":\"fr-FR\"},{\"@type\":\"Organization\",\"@id\":\"https:\/\/www.garlicline.com\/#organization\",\"name\":\"garlicline\",\"url\":\"https:\/\/www.garlicline.com\/\",\"logo\":{\"@type\":\"ImageObject\",\"inLanguage\":\"fr-FR\",\"@id\":\"https:\/\/www.garlicline.com\/#\/schema\/logo\/image\/\",\"url\":\"https:\/\/www.garlicline.com\/wp-content\/uploads\/2025\/05\/cropped-gelgoog-logo-1.png\",\"contentUrl\":\"https:\/\/www.garlicline.com\/wp-content\/uploads\/2025\/05\/cropped-gelgoog-logo-1.png\",\"width\":434,\"height\":267,\"caption\":\"garlicline\"},\"image\":{\"@id\":\"https:\/\/www.garlicline.com\/#\/schema\/logo\/image\/\"}},false]}<\/script>\n<!-- \/ Yoast SEO plugin. -->","yoast_head_json":{"title":"Machine \u00e0 laver et \u00e0 nettoyer les gousses d'ail \u00e9pluch\u00e9es","description":"La machine \u00e0 laver les gousses d'ail \u00e9pluch\u00e9es peut \u00e9liminer la poussi\u00e8re, la moisissure, les pesticides et d'autres substances nocives \u00e0 la surface de l'ail, sans affecter l'odeur et la couleur de l'ail.","robots":{"index":"index","follow":"follow","max-snippet":"max-snippet:-1","max-image-preview":"max-image-preview:large","max-video-preview":"max-video-preview:-1"},"canonical":"https:\/\/www.garlicline.com\/fr\/produit\/peeled-garlic-clove-washing-cleaning-machine-price\/","og_locale":"fr_FR","og_type":"article","og_title":"Peeled Garlic Clove Washing Cleaning Machine Price","og_description":"The peeled garlic clove washing machine can remove the dust, mildew, pesticides and other harmful substances on the surface of the garlic, without affecting the smell and color of the garlic.","og_url":"https:\/\/www.garlicline.com\/fr\/produit\/peeled-garlic-clove-washing-cleaning-machine-price\/","og_site_name":"garlicline","article_modified_time":"2022-10-22T08:25:47+00:00","og_image":[{"width":600,"height":600,"url":"https:\/\/www.garlicline.com\/wp-content\/uploads\/2022\/06\/washing-1.jpg","type":"image\/jpeg"}],"twitter_card":"summary_large_image","twitter_misc":{"Dur\u00e9e de lecture estim\u00e9e":"3 minutes"},"schema":{"@context":"https:\/\/schema.org","@graph":[{"@type":"WebPage","@id":"https:\/\/www.garlicline.com\/product\/peeled-garlic-clove-washing-cleaning-machine-price\/","url":"https:\/\/www.garlicline.com\/product\/peeled-garlic-clove-washing-cleaning-machine-price\/","name":"Machine \u00e0 laver et \u00e0 nettoyer les gousses d'ail \u00e9pluch\u00e9es","isPartOf":{"@id":"https:\/\/www.garlicline.com\/#website"},"primaryImageOfPage":{"@id":"https:\/\/www.garlicline.com\/product\/peeled-garlic-clove-washing-cleaning-machine-price\/#primaryimage"},"image":{"@id":"https:\/\/www.garlicline.com\/product\/peeled-garlic-clove-washing-cleaning-machine-price\/#primaryimage"},"thumbnailUrl":"https:\/\/www.garlicline.com\/wp-content\/uploads\/2022\/06\/washing-1.jpg","datePublished":"2022-06-23T10:22:43+00:00","dateModified":"2022-10-22T08:25:47+00:00","description":"La machine \u00e0 laver les gousses d'ail \u00e9pluch\u00e9es peut \u00e9liminer la poussi\u00e8re, la moisissure, les pesticides et d'autres substances nocives \u00e0 la surface de l'ail, sans affecter l'odeur et la couleur de l'ail.","breadcrumb":{"@id":"https:\/\/www.garlicline.com\/product\/peeled-garlic-clove-washing-cleaning-machine-price\/#breadcrumb"},"inLanguage":"fr-FR","potentialAction":[{"@type":"ReadAction","target":["https:\/\/www.garlicline.com\/product\/peeled-garlic-clove-washing-cleaning-machine-price\/"]}]},{"@type":"ImageObject","inLanguage":"fr-FR","@id":"https:\/\/www.garlicline.com\/product\/peeled-garlic-clove-washing-cleaning-machine-price\/#primaryimage","url":"https:\/\/www.garlicline.com\/wp-content\/uploads\/2022\/06\/washing-1.jpg","contentUrl":"https:\/\/www.garlicline.com\/wp-content\/uploads\/2022\/06\/washing-1.jpg","width":600,"height":600,"caption":"garlic washing machine automatic"},{"@type":"BreadcrumbList","@id":"https:\/\/www.garlicline.com\/product\/peeled-garlic-clove-washing-cleaning-machine-price\/#breadcrumb","itemListElement":[{"@type":"ListItem","position":1,"name":"Home","item":"https:\/\/www.garlicline.com\/"},{"@type":"ListItem","position":2,"name":"Products","item":"https:\/\/www.garlicline.com\/products\/"},{"@type":"ListItem","position":3,"name":"Peeled Garlic Clove Washing Cleaning Machine Price"}]},{"@type":"WebSite","@id":"https:\/\/www.garlicline.com\/#website","url":"https:\/\/www.garlicline.com\/","name":"ligne d'ail","description":"fournisseur de machines de traitement de l'ail","publisher":{"@id":"https:\/\/www.garlicline.com\/#organization"},"potentialAction":[{"@type":"SearchAction","target":{"@type":"EntryPoint","urlTemplate":"https:\/\/www.garlicline.com\/?s={search_term_string}"},"query-input":{"@type":"PropertyValueSpecification","valueRequired":true,"valueName":"search_term_string"}}],"inLanguage":"fr-FR"},{"@type":"Organization","@id":"https:\/\/www.garlicline.com\/#organization","name":"ligne d'ail","url":"https:\/\/www.garlicline.com\/","logo":{"@type":"ImageObject","inLanguage":"fr-FR","@id":"https:\/\/www.garlicline.com\/#\/schema\/logo\/image\/","url":"https:\/\/www.garlicline.com\/wp-content\/uploads\/2025\/05\/cropped-gelgoog-logo-1.png","contentUrl":"https:\/\/www.garlicline.com\/wp-content\/uploads\/2025\/05\/cropped-gelgoog-logo-1.png","width":434,"height":267,"caption":"garlicline"},"image":{"@id":"https:\/\/www.garlicline.com\/#\/schema\/logo\/image\/"}},false]}},"yasr_visitor_votes":{"stars_attributes":{"read_only":false,"span_bottom":false},"number_of_votes":1,"sum_votes":5},"_links":{"self":[{"href":"https:\/\/www.garlicline.com\/fr\/wp-json\/wp\/v2\/product\/1270","targetHints":{"allow":["GET"]}}],"collection":[{"href":"https:\/\/www.garlicline.com\/fr\/wp-json\/wp\/v2\/product"}],"about":[{"href":"https:\/\/www.garlicline.com\/fr\/wp-json\/wp\/v2\/types\/product"}],"replies":[{"embeddable":true,"href":"https:\/\/www.garlicline.com\/fr\/wp-json\/wp\/v2\/comments?post=1270"}],"version-history":[{"count":0,"href":"https:\/\/www.garlicline.com\/fr\/wp-json\/wp\/v2\/product\/1270\/revisions"}],"wp:featuredmedia":[{"embeddable":true,"href":"https:\/\/www.garlicline.com\/fr\/wp-json\/wp\/v2\/media\/1272"}],"wp:attachment":[{"href":"https:\/\/www.garlicline.com\/fr\/wp-json\/wp\/v2\/media?parent=1270"}],"wp:term":[{"taxonomy":"product_brand","embeddable":true,"href":"https:\/\/www.garlicline.com\/fr\/wp-json\/wp\/v2\/product_brand?post=1270"},{"taxonomy":"product_cat","embeddable":true,"href":"https:\/\/www.garlicline.com\/fr\/wp-json\/wp\/v2\/product_cat?post=1270"},{"taxonomy":"product_tag","embeddable":true,"href":"https:\/\/www.garlicline.com\/fr\/wp-json\/wp\/v2\/product_tag?post=1270"}],"curies":[{"name":"wp","href":"https:\/\/api.w.org\/{rel}","templated":true}]}}