{"id":1275,"date":"2022-06-24T02:43:37","date_gmt":"2022-06-24T02:43:37","guid":{"rendered":"https:\/\/www.garlicline.com\/?post_type=product&#038;p=1275"},"modified":"2025-02-06T07:49:35","modified_gmt":"2025-02-06T07:49:35","slug":"garlic-bulb-breaker-separating-machine","status":"publish","type":"product","link":"https:\/\/www.garlicline.com\/fr\/produit\/garlic-bulb-breaker-separating-machine\/","title":{"rendered":"Machine industrielle \u00e0 briser les bulbes d'ail 220V"},"content":{"rendered":"<h2>Introduction de la machine \u00e0 briser les bulbes d'ail<\/h2>\n<p>La machine \u00e0 briser les bulbes d'ail permet de diviser les boules d'ail en gousses en imitant les actions manuelles. La machine \u00e0 casser les bulbes d'ail peut effectuer des op\u00e9rations rapides de division des gousses d'ail sans blesser l'ail, ce qui r\u00e9sout le probl\u00e8me de la transformation laborieuse et chronophage. Il s'agit d'un outil puissant dans l'industrie de transformation de l'ail. Elle pr\u00e9sente les avantages d'un rendement \u00e9lev\u00e9, d'une grande efficacit\u00e9 de division, d'une absence de dommages et d'un nettoyage et d'un entretien simples.<\/p>\n<p><img fetchpriority=\"high\" decoding=\"async\" class=\"alignnone size-full wp-image-2567\" src=\"https:\/\/www.garlicline.com\/wp-content\/uploads\/2022\/06\/garlic-breaker-machine.jpg\" alt=\"machine \u00e0 briser l&#039;ail\" width=\"630\" height=\"400\" srcset=\"https:\/\/www.garlicline.com\/wp-content\/uploads\/2022\/06\/garlic-breaker-machine.jpg 630w, https:\/\/www.garlicline.com\/wp-content\/uploads\/2022\/06\/garlic-breaker-machine-300x190.jpg 300w, https:\/\/www.garlicline.com\/wp-content\/uploads\/2022\/06\/garlic-breaker-machine-18x12.jpg 18w, https:\/\/www.garlicline.com\/wp-content\/uploads\/2022\/06\/garlic-breaker-machine-600x381.jpg 600w, https:\/\/www.garlicline.com\/wp-content\/uploads\/2022\/06\/garlic-breaker-machine-64x41.jpg 64w\" sizes=\"(max-width: 630px) 100vw, 630px\" \/><\/p>\n<p>&nbsp;<\/p>\n<h2>Avantages de la machine \u00e0 briser les bulbes d'ail<\/h2>\n<ol>\n<li>Le taux de fendage de la machine \u00e0 briser les bulbes d'ail est \u00e9lev\u00e9 et peut atteindre plus de 95%.<\/li>\n<li>La machine occupe une petite surface, ce qui est pratique pour l'utilisation et le stockage.<\/li>\n<li>Le mat\u00e9riau en acier inoxydable a une longue dur\u00e9e de vie et peut \u00eatre lav\u00e9 directement \u00e0 l'eau.<\/li>\n<li>Forte capacit\u00e9 pratique et \u00e9conomie d'\u00e9nergie relative.<\/li>\n<li>Efficacit\u00e9 de production \u00e9lev\u00e9e, \u00e9quivalente \u00e0 des dizaines de fois le travail manuel.<\/li>\n<li>La machine \u00e0 briser les bulbes d'ail convient \u00e0 l'utilisation et \u00e0 la production de diverses occasions, telles que les fermes, les usines, les h\u00f4tels, les grands restaurants, etc.<\/li>\n<li>Pas difficile en ce qui concerne la taille et la vari\u00e9t\u00e9 de l'ail.<\/li>\n<li>Le volant m\u00e9canique peut \u00eatre r\u00e9gl\u00e9 en fonction de la taille de l'ail.<\/li>\n<\/ol>\n<p>&nbsp;<\/p>\n<h2>Principe de fonctionnement de la machine \u00e0 briser les bulbes d'ail<\/h2>\n<p>En utilisant le moteur comme source d'\u00e9nergie, les deux disques en plastique forment un petit espace pendant le processus de rotation, et la vitesse augmente progressivement, de sorte que la t\u00eate d'ail peut \u00eatre fl\u00e9chie de mani\u00e8re al\u00e9atoire et frott\u00e9e avec une force variable pendant le traitement, afin d'obtenir l'effet d'une simulation de fendage manuel. L'ail de diff\u00e9rentes sp\u00e9cifications peut \u00eatre trait\u00e9 en ajustant la distance entre les rouleaux en caoutchouc de la machine, et le ventilateur int\u00e9gr\u00e9 peut s\u00e9parer les pelures d'ail, les tiges d'ail et les gousses d'ail pendant le traitement.<\/p>\n<h2>Vid\u00e9o sur la machine \u00e0 casser les bulbes d'ail<\/h2>\n<p><iframe title=\"Un agriculteur expert partage ses meilleures techniques pour casser les gousses d&#039;ail\" src=\"https:\/\/www.youtube.com\/embed\/hAxXovSb4Zs\" width=\"630\" height=\"400\" frameborder=\"0\" allowfullscreen=\"allowfullscreen\"><span data-mce-type=\"bookmark\" style=\"display: inline-block; width: 0px; overflow: hidden; line-height: 0;\" class=\"mce_SELRES_start\">Je suis un moteur de traduction. Traduisez le texte de l'utilisateur en fran\u00e7ais. Retournez uniquement le texte traduit. N'ajoutez aucun commentaire ou autre texte. N'ajoutez pas de guillemets suppl\u00e9mentaires autour de la traduction. Votre sortie DOIT \u00eatre en fran\u00e7ais.<\/span><\/iframe><\/p>\n<h2>Param\u00e8tres de la machine \u00e0 briser les bulbes d'ail<\/h2>\n<table>\n<tbody>\n<tr>\n<td colspan=\"2\" width=\"600\">\u00a0Mod\u00e8le DF-1000 Production \u22651 tonne\/heure<\/td>\n<\/tr>\n<tr>\n<td width=\"300\">Nom du mod\u00e8le de produit<\/td>\n<td width=\"300\">Machine \u00e0 fendre l'ail par malaxage<\/td>\n<\/tr>\n<tr>\n<td width=\"300\">Mat\u00e9riau<\/td>\n<td width=\"300\">Tr\u00e9filage en acier inoxydable 304<\/td>\n<\/tr>\n<tr>\n<td width=\"300\">Tension d'entr\u00e9e<\/td>\n<td width=\"300\">220v-50HZ\/60HZ<\/td>\n<\/tr>\n<tr>\n<td width=\"300\">Puissance totale<\/td>\n<td width=\"300\">1800W (moteur 1,5KW, ventilateur 0,3KW)<\/td>\n<\/tr>\n<tr>\n<td width=\"300\">Dimensions (cm) longueur*largeur*hauteur<\/td>\n<td width=\"300\">60*120*125\uff08cm\uff09<\/td>\n<\/tr>\n<tr>\n<td width=\"300\">Taille de l'emballage d'exportation (cm) longueur*largeur*hauteur<\/td>\n<td width=\"300\">74*96*130\uff08cm\uff09<\/td>\n<\/tr>\n<\/tbody>\n<\/table>\n<p>Nous sommes un fournisseur d'\u00e9quipement de traitement de l'ail. L'ail apr\u00e8s les gousses peut \u00e9galement \u00eatre \u00e9pluch\u00e9 \u00e0 l'aide d'un <a href=\"https:\/\/www.garlicline.com\/fr\/produit\/continuous-garlic-peeling-machine\/\"><strong>machine \u00e0 \u00e9plucher l'ail<\/strong> <\/a>pour obtenir de l'ail sans peau et augmenter la valeur de vente de l'ail. Si vous souhaitez cr\u00e9er une entreprise d'ail, vous pouvez laisser un message en ligne et obtenir un devis gratuit.<\/p>\n<hr \/>\n<h2 style=\"text-align: center;\">-Laissez un message pour une citation<\/h2>\n\n<div class=\"wpcf7 no-js\" id=\"wpcf7-f1191-o1\" lang=\"en-US\" dir=\"ltr\" data-wpcf7-id=\"1191\">\n<div class=\"screen-reader-response\"><p role=\"status\" aria-live=\"polite\" aria-atomic=\"true\"><\/p> <ul><\/ul><\/div>\n<form action=\"\/fr\/wp-json\/wp\/v2\/product\/1275#wpcf7-f1191-o1\" method=\"post\" class=\"wpcf7-form init\" aria-label=\"Formulaire de contact\" novalidate=\"novalidate\" data-status=\"init\" data-trp-original-action=\"\/fr\/wp-json\/wp\/v2\/product\/1275#wpcf7-f1191-o1\">\n<fieldset class=\"hidden-fields-container\"><input type=\"hidden\" name=\"_wpcf7\" value=\"1191\" \/><input type=\"hidden\" name=\"_wpcf7_version\" value=\"6.1.1\" \/><input type=\"hidden\" name=\"_wpcf7_locale\" value=\"en_US\" \/><input type=\"hidden\" name=\"_wpcf7_unit_tag\" value=\"wpcf7-f1191-o1\" \/><input type=\"hidden\" name=\"_wpcf7_container_post\" value=\"0\" \/><input type=\"hidden\" name=\"_wpcf7_posted_data_hash\" value=\"\" \/>\n<\/fieldset>\n<div class='proformleft'>\n\t<p><label> Votre nom<br \/>\n<span class=\"wpcf7-form-control-wrap\" data-name=\"your-name\"><input size=\"40\" maxlength=\"400\" class=\"wpcf7-form-control wpcf7-text\" aria-invalid=\"false\" value=\"\" type=\"text\" name=\"your-name\" \/><\/span> <\/label>\n\t<\/p>\n\t<p><label> *Votre Email<br \/>\n<span class=\"wpcf7-form-control-wrap\" data-name=\"your-email\"><input size=\"40\" maxlength=\"400\" class=\"wpcf7-form-control wpcf7-email wpcf7-validates-as-required wpcf7-text wpcf7-validates-as-email\" aria-required=\"true\" aria-invalid=\"false\" value=\"\" type=\"email\" name=\"your-email\" \/><\/span> <\/label>\n\t<\/p>\n\t<p><label> *Votre t\u00e9l\u00e9phone<br \/>\n<span class=\"wpcf7-form-control-wrap\" data-name=\"tel-224\"><input size=\"40\" maxlength=\"400\" class=\"wpcf7-form-control wpcf7-tel wpcf7-validates-as-required wpcf7-text wpcf7-validates-as-tel\" aria-required=\"true\" aria-invalid=\"false\" value=\"\" type=\"tel\" name=\"tel-224\" \/><\/span> <\/label>\n\t<\/p>\n\t<p><label> Votre pays<br \/>\n<span class=\"wpcf7-form-control-wrap\" data-name=\"your-country\"><input size=\"40\" maxlength=\"400\" class=\"wpcf7-form-control wpcf7-text\" aria-invalid=\"false\" value=\"\" type=\"text\" name=\"your-country\" \/><\/span> <\/label>\n\t<\/p>\n<\/div>\n<div class='proformright'>\n\t<p><label> *Votre message<br \/>\n<span class=\"wpcf7-form-control-wrap\" data-name=\"your-message\"><textarea cols=\"40\" rows=\"10\" maxlength=\"2000\" class=\"wpcf7-form-control wpcf7-textarea wpcf7-validates-as-required\" aria-required=\"true\" aria-invalid=\"false\" name=\"your-message\"><\/textarea><\/span> <\/label>\n\t<\/p>\n\t<p><input class=\"wpcf7-form-control wpcf7-submit has-spinner\" type=\"submit\" value=\"Envoyer\" \/>\n\t<\/p>\n<\/div>\n<div style='clear:both'>\n<\/div><p style=\"display: none !important;\" class=\"akismet-fields-container\" data-prefix=\"_wpcf7_ak_\"><label>&#916;<textarea name=\"_wpcf7_ak_hp_textarea\" cols=\"45\" rows=\"8\" maxlength=\"100\"><\/textarea><\/label><input type=\"hidden\" id=\"ak_js_1\" name=\"_wpcf7_ak_js\" value=\"208\"\/><script>document.getElementById( \"ak_js_1\" ).setAttribute( \"value\", ( new Date() ).getTime() );<\/script><\/p><div class=\"wpcf7-response-output\" aria-hidden=\"true\"><\/div>\n<input type=\"hidden\" name=\"trp-form-language\" value=\"fr\"\/><\/form>\n<\/div>\n\n<div style='text-align:left' class='yasr-auto-insert-visitor'><\/div>","protected":false},"excerpt":{"rendered":"<table>\n<tbody>\n<tr>\n<td colspan=\"2\" width=\"600\">\u00a0Mod\u00e8le DF-1000 Production \u22651 tonne\/heure<\/td>\n<\/tr>\n<tr>\n<td width=\"300\">Nom du mod\u00e8le de produit<\/td>\n<td width=\"300\">Machine \u00e0 fendre l'ail par malaxage<\/td>\n<\/tr>\n<tr>\n<td width=\"300\">Mat\u00e9riau<\/td>\n<td width=\"300\">Tr\u00e9filage en acier inoxydable 304<\/td>\n<\/tr>\n<tr>\n<td width=\"300\">Tension d'entr\u00e9e<\/td>\n<td width=\"300\">220v-50HZ\/60HZ<\/td>\n<\/tr>\n<tr>\n<td width=\"300\">Puissance totale<\/td>\n<td width=\"300\">1800W (moteur 1,5KW, ventilateur 0,3KW)<\/td>\n<\/tr>\n<tr>\n<td width=\"300\">Dimensions (cm) longueur*largeur*hauteur<\/td>\n<td width=\"300\">60*120*125\uff08cm\uff09<\/td>\n<\/tr>\n<tr>\n<td width=\"300\">Taille de l'emballage d'exportation (cm) longueur*largeur*hauteur<\/td>\n<td width=\"300\">74*96*130\uff08cm\uff09<\/td>\n<\/tr>\n<\/tbody>\n<\/table>","protected":false},"featured_media":2568,"comment_status":"open","ping_status":"closed","template":"","meta":{"site-sidebar-layout":"default","site-content-layout":"default","ast-global-header-display":"","ast-main-header-display":"","ast-hfb-above-header-display":"","ast-hfb-below-header-display":"","ast-hfb-mobile-header-display":"","site-post-title":"","ast-breadcrumbs-content":"","ast-featured-img":"","footer-sml-layout":"","theme-transparent-header-meta":"default","adv-header-id-meta":"","stick-header-meta":"","header-above-stick-meta":"","header-main-stick-meta":"","header-below-stick-meta":"","yasr_overall_rating":0,"yasr_post_is_review":"","yasr_auto_insert_disabled":"","yasr_review_type":""},"product_brand":[],"product_cat":[33],"product_tag":[],"class_list":{"0":"post-1275","1":"product","2":"type-product","3":"status-publish","4":"has-post-thumbnail","6":"product_cat-products","8":"first","9":"instock","10":"shipping-taxable","11":"product-type-simple"},"yoast_head":"<!-- This site is optimized with the Yoast SEO plugin v25.7 - https:\/\/yoast.com\/wordpress\/plugins\/seo\/ -->\n<title>220V Industrial Garlic Bulb Breaker Machine<\/title>\n<meta name=\"description\" content=\"The garlic bulb breaking machine can replace the manual work of garlic separating, which is a powerful tool in the garlic processing industry.\" \/>\n<meta name=\"robots\" content=\"index, follow, max-snippet:-1, max-image-preview:large, max-video-preview:-1\" \/>\n<link rel=\"canonical\" href=\"https:\/\/www.garlicline.com\/fr\/produit\/garlic-bulb-breaker-separating-machine\/\" \/>\n<meta property=\"og:locale\" content=\"fr_FR\" \/>\n<meta property=\"og:type\" content=\"article\" \/>\n<meta property=\"og:title\" content=\"220V Industrial Garlic Bulb Breaker Machine\" \/>\n<meta property=\"og:description\" content=\"The garlic bulb breaking machine can replace the manual work of garlic separating, which is a powerful tool in the garlic processing industry.\" \/>\n<meta property=\"og:url\" content=\"https:\/\/www.garlicline.com\/fr\/produit\/garlic-bulb-breaker-separating-machine\/\" \/>\n<meta property=\"og:site_name\" content=\"garlicline\" \/>\n<meta property=\"article:modified_time\" content=\"2025-02-06T07:49:35+00:00\" \/>\n<meta property=\"og:image\" content=\"https:\/\/www.garlicline.com\/wp-content\/uploads\/2022\/06\/garlic-bulb-breaker-machine.jpg\" \/>\n\t<meta property=\"og:image:width\" content=\"600\" \/>\n\t<meta property=\"og:image:height\" content=\"600\" \/>\n\t<meta property=\"og:image:type\" content=\"image\/jpeg\" \/>\n<meta name=\"twitter:card\" content=\"summary_large_image\" \/>\n<meta name=\"twitter:label1\" content=\"Dur\u00e9e de lecture estim\u00e9e\" \/>\n\t<meta name=\"twitter:data1\" content=\"3 minutes\" \/>\n<script type=\"application\/ld+json\" class=\"yoast-schema-graph\">{\"@context\":\"https:\/\/schema.org\",\"@graph\":[{\"@type\":\"WebPage\",\"@id\":\"https:\/\/www.garlicline.com\/product\/garlic-bulb-breaker-separating-machine\/\",\"url\":\"https:\/\/www.garlicline.com\/product\/garlic-bulb-breaker-separating-machine\/\",\"name\":\"220V Industrial Garlic Bulb Breaker Machine\",\"isPartOf\":{\"@id\":\"https:\/\/www.garlicline.com\/#website\"},\"primaryImageOfPage\":{\"@id\":\"https:\/\/www.garlicline.com\/product\/garlic-bulb-breaker-separating-machine\/#primaryimage\"},\"image\":{\"@id\":\"https:\/\/www.garlicline.com\/product\/garlic-bulb-breaker-separating-machine\/#primaryimage\"},\"thumbnailUrl\":\"https:\/\/www.garlicline.com\/wp-content\/uploads\/2022\/06\/garlic-bulb-breaker-machine.jpg\",\"datePublished\":\"2022-06-24T02:43:37+00:00\",\"dateModified\":\"2025-02-06T07:49:35+00:00\",\"description\":\"The garlic bulb breaking machine can replace the manual work of garlic separating, which is a powerful tool in the garlic processing industry.\",\"breadcrumb\":{\"@id\":\"https:\/\/www.garlicline.com\/product\/garlic-bulb-breaker-separating-machine\/#breadcrumb\"},\"inLanguage\":\"fr-FR\",\"potentialAction\":[{\"@type\":\"ReadAction\",\"target\":[\"https:\/\/www.garlicline.com\/product\/garlic-bulb-breaker-separating-machine\/\"]}]},{\"@type\":\"ImageObject\",\"inLanguage\":\"fr-FR\",\"@id\":\"https:\/\/www.garlicline.com\/product\/garlic-bulb-breaker-separating-machine\/#primaryimage\",\"url\":\"https:\/\/www.garlicline.com\/wp-content\/uploads\/2022\/06\/garlic-bulb-breaker-machine.jpg\",\"contentUrl\":\"https:\/\/www.garlicline.com\/wp-content\/uploads\/2022\/06\/garlic-bulb-breaker-machine.jpg\",\"width\":600,\"height\":600,\"caption\":\"garlic-bulb-breaker-machine\"},{\"@type\":\"BreadcrumbList\",\"@id\":\"https:\/\/www.garlicline.com\/product\/garlic-bulb-breaker-separating-machine\/#breadcrumb\",\"itemListElement\":[{\"@type\":\"ListItem\",\"position\":1,\"name\":\"Home\",\"item\":\"https:\/\/www.garlicline.com\/\"},{\"@type\":\"ListItem\",\"position\":2,\"name\":\"Products\",\"item\":\"https:\/\/www.garlicline.com\/products\/\"},{\"@type\":\"ListItem\",\"position\":3,\"name\":\"220V Industrial Garlic Bulb Breaker Machine\"}]},{\"@type\":\"WebSite\",\"@id\":\"https:\/\/www.garlicline.com\/#website\",\"url\":\"https:\/\/www.garlicline.com\/\",\"name\":\"garlicline\",\"description\":\"garlic processing machine supplier\",\"publisher\":{\"@id\":\"https:\/\/www.garlicline.com\/#organization\"},\"potentialAction\":[{\"@type\":\"SearchAction\",\"target\":{\"@type\":\"EntryPoint\",\"urlTemplate\":\"https:\/\/www.garlicline.com\/?s={search_term_string}\"},\"query-input\":{\"@type\":\"PropertyValueSpecification\",\"valueRequired\":true,\"valueName\":\"search_term_string\"}}],\"inLanguage\":\"fr-FR\"},{\"@type\":\"Organization\",\"@id\":\"https:\/\/www.garlicline.com\/#organization\",\"name\":\"garlicline\",\"url\":\"https:\/\/www.garlicline.com\/\",\"logo\":{\"@type\":\"ImageObject\",\"inLanguage\":\"fr-FR\",\"@id\":\"https:\/\/www.garlicline.com\/#\/schema\/logo\/image\/\",\"url\":\"https:\/\/www.garlicline.com\/wp-content\/uploads\/2025\/05\/cropped-gelgoog-logo-1.png\",\"contentUrl\":\"https:\/\/www.garlicline.com\/wp-content\/uploads\/2025\/05\/cropped-gelgoog-logo-1.png\",\"width\":434,\"height\":267,\"caption\":\"garlicline\"},\"image\":{\"@id\":\"https:\/\/www.garlicline.com\/#\/schema\/logo\/image\/\"}},false]}<\/script>\n<!-- \/ Yoast SEO plugin. -->","yoast_head_json":{"title":"Machine industrielle \u00e0 briser les bulbes d'ail 220V","description":"La machine \u00e0 casser les bulbes d'ail peut remplacer le travail manuel de s\u00e9paration de l'ail, ce qui constitue un outil puissant dans l'industrie de transformation de l'ail.","robots":{"index":"index","follow":"follow","max-snippet":"max-snippet:-1","max-image-preview":"max-image-preview:large","max-video-preview":"max-video-preview:-1"},"canonical":"https:\/\/www.garlicline.com\/fr\/produit\/garlic-bulb-breaker-separating-machine\/","og_locale":"fr_FR","og_type":"article","og_title":"220V Industrial Garlic Bulb Breaker Machine","og_description":"The garlic bulb breaking machine can replace the manual work of garlic separating, which is a powerful tool in the garlic processing industry.","og_url":"https:\/\/www.garlicline.com\/fr\/produit\/garlic-bulb-breaker-separating-machine\/","og_site_name":"garlicline","article_modified_time":"2025-02-06T07:49:35+00:00","og_image":[{"width":600,"height":600,"url":"https:\/\/www.garlicline.com\/wp-content\/uploads\/2022\/06\/garlic-bulb-breaker-machine.jpg","type":"image\/jpeg"}],"twitter_card":"summary_large_image","twitter_misc":{"Dur\u00e9e de lecture estim\u00e9e":"3 minutes"},"schema":{"@context":"https:\/\/schema.org","@graph":[{"@type":"WebPage","@id":"https:\/\/www.garlicline.com\/product\/garlic-bulb-breaker-separating-machine\/","url":"https:\/\/www.garlicline.com\/product\/garlic-bulb-breaker-separating-machine\/","name":"Machine industrielle \u00e0 briser les bulbes d'ail 220V","isPartOf":{"@id":"https:\/\/www.garlicline.com\/#website"},"primaryImageOfPage":{"@id":"https:\/\/www.garlicline.com\/product\/garlic-bulb-breaker-separating-machine\/#primaryimage"},"image":{"@id":"https:\/\/www.garlicline.com\/product\/garlic-bulb-breaker-separating-machine\/#primaryimage"},"thumbnailUrl":"https:\/\/www.garlicline.com\/wp-content\/uploads\/2022\/06\/garlic-bulb-breaker-machine.jpg","datePublished":"2022-06-24T02:43:37+00:00","dateModified":"2025-02-06T07:49:35+00:00","description":"La machine \u00e0 casser les bulbes d'ail peut remplacer le travail manuel de s\u00e9paration de l'ail, ce qui constitue un outil puissant dans l'industrie de transformation de l'ail.","breadcrumb":{"@id":"https:\/\/www.garlicline.com\/product\/garlic-bulb-breaker-separating-machine\/#breadcrumb"},"inLanguage":"fr-FR","potentialAction":[{"@type":"ReadAction","target":["https:\/\/www.garlicline.com\/product\/garlic-bulb-breaker-separating-machine\/"]}]},{"@type":"ImageObject","inLanguage":"fr-FR","@id":"https:\/\/www.garlicline.com\/product\/garlic-bulb-breaker-separating-machine\/#primaryimage","url":"https:\/\/www.garlicline.com\/wp-content\/uploads\/2022\/06\/garlic-bulb-breaker-machine.jpg","contentUrl":"https:\/\/www.garlicline.com\/wp-content\/uploads\/2022\/06\/garlic-bulb-breaker-machine.jpg","width":600,"height":600,"caption":"garlic-bulb-breaker-machine"},{"@type":"BreadcrumbList","@id":"https:\/\/www.garlicline.com\/product\/garlic-bulb-breaker-separating-machine\/#breadcrumb","itemListElement":[{"@type":"ListItem","position":1,"name":"Home","item":"https:\/\/www.garlicline.com\/"},{"@type":"ListItem","position":2,"name":"Products","item":"https:\/\/www.garlicline.com\/products\/"},{"@type":"ListItem","position":3,"name":"220V Industrial Garlic Bulb Breaker Machine"}]},{"@type":"WebSite","@id":"https:\/\/www.garlicline.com\/#website","url":"https:\/\/www.garlicline.com\/","name":"ligne d'ail","description":"fournisseur de machines de traitement de l'ail","publisher":{"@id":"https:\/\/www.garlicline.com\/#organization"},"potentialAction":[{"@type":"SearchAction","target":{"@type":"EntryPoint","urlTemplate":"https:\/\/www.garlicline.com\/?s={search_term_string}"},"query-input":{"@type":"PropertyValueSpecification","valueRequired":true,"valueName":"search_term_string"}}],"inLanguage":"fr-FR"},{"@type":"Organization","@id":"https:\/\/www.garlicline.com\/#organization","name":"ligne d'ail","url":"https:\/\/www.garlicline.com\/","logo":{"@type":"ImageObject","inLanguage":"fr-FR","@id":"https:\/\/www.garlicline.com\/#\/schema\/logo\/image\/","url":"https:\/\/www.garlicline.com\/wp-content\/uploads\/2025\/05\/cropped-gelgoog-logo-1.png","contentUrl":"https:\/\/www.garlicline.com\/wp-content\/uploads\/2025\/05\/cropped-gelgoog-logo-1.png","width":434,"height":267,"caption":"garlicline"},"image":{"@id":"https:\/\/www.garlicline.com\/#\/schema\/logo\/image\/"}},false]}},"yasr_visitor_votes":{"stars_attributes":{"read_only":false,"span_bottom":false},"number_of_votes":1,"sum_votes":5},"_links":{"self":[{"href":"https:\/\/www.garlicline.com\/fr\/wp-json\/wp\/v2\/product\/1275","targetHints":{"allow":["GET"]}}],"collection":[{"href":"https:\/\/www.garlicline.com\/fr\/wp-json\/wp\/v2\/product"}],"about":[{"href":"https:\/\/www.garlicline.com\/fr\/wp-json\/wp\/v2\/types\/product"}],"replies":[{"embeddable":true,"href":"https:\/\/www.garlicline.com\/fr\/wp-json\/wp\/v2\/comments?post=1275"}],"version-history":[{"count":0,"href":"https:\/\/www.garlicline.com\/fr\/wp-json\/wp\/v2\/product\/1275\/revisions"}],"wp:featuredmedia":[{"embeddable":true,"href":"https:\/\/www.garlicline.com\/fr\/wp-json\/wp\/v2\/media\/2568"}],"wp:attachment":[{"href":"https:\/\/www.garlicline.com\/fr\/wp-json\/wp\/v2\/media?parent=1275"}],"wp:term":[{"taxonomy":"product_brand","embeddable":true,"href":"https:\/\/www.garlicline.com\/fr\/wp-json\/wp\/v2\/product_brand?post=1275"},{"taxonomy":"product_cat","embeddable":true,"href":"https:\/\/www.garlicline.com\/fr\/wp-json\/wp\/v2\/product_cat?post=1275"},{"taxonomy":"product_tag","embeddable":true,"href":"https:\/\/www.garlicline.com\/fr\/wp-json\/wp\/v2\/product_tag?post=1275"}],"curies":[{"name":"wp","href":"https:\/\/api.w.org\/{rel}","templated":true}]}}