{"id":1278,"date":"2022-06-24T03:02:10","date_gmt":"2022-06-24T03:02:10","guid":{"rendered":"https:\/\/www.garlicline.com\/?post_type=product&#038;p=1278"},"modified":"2025-04-29T12:16:06","modified_gmt":"2025-04-29T12:16:06","slug":"industrial-electric-garlic-peeler","status":"publish","type":"product","link":"https:\/\/www.garlicline.com\/fr\/produit\/industrial-electric-garlic-peeler\/","title":{"rendered":"Vente d'\u00e9plucheurs d'ail industriels et commerciaux"},"content":{"rendered":"<h2>Introduction de l'\u00e9plucheur d'ail industriel<\/h2>\n<p>L'\u00e9pluche-ail industriel peut remplacer l'\u00e9pluchage manuel de l'ail, qui est un processus tr\u00e8s difficile pour la transformation de l'ail, car la peau de l'ail est difficile \u00e0 enlever. Dans l'usine de transformation de l'ail en particulier, l'\u00e9limination de la peau de l'ail entra\u00eene une perte de temps et de main-d'\u0153uvre consid\u00e9rable, ce qui n'est pas une m\u00e9thode souhaitable. Un \u00e9plucheur d'ail industriel peut r\u00e9soudre ce probl\u00e8me. La machine automatique \u00e0 \u00e9plucher l'ail adopte la m\u00e9thode de l'\u00e9pluchage au gaz, qui permet d'enlever rapidement la peau de l'ail. Elle pr\u00e9sente les avantages d'un fonctionnement stable, d'un taux d'\u00e9pluchage \u00e9lev\u00e9 et d'une absence de dommages pour l'ail.<\/p>\n<h2>Caract\u00e9ristiques de l'\u00e9pluche-ail commercial<\/h2>\n<p>1. Avec un orifice d'alimentation de type tonneau, il est pratique pour le stockage de l'ail, et une grande quantit\u00e9 d'ail peut \u00eatre vers\u00e9e en une seule fois.<br \/>\n2. L'ail peut \u00eatre \u00e9pluch\u00e9 sans cloques et le taux d'\u00e9pluchage de l'ail sec est plus \u00e9lev\u00e9.<br \/>\n3. Le fonctionnement est simple, il suffit d'appuyer sur l'interrupteur apr\u00e8s la mise sous tension pour produire.<br \/>\n4. Il peut collaborer avec le <a href=\"https:\/\/www.garlicline.com\/fr\/produit\/garlic-clove-separating-machine\/\">machine \u00e0 s\u00e9parer les gousses d'ail<\/a>.<\/p>\n<h2>Avantages de l'\u00e9plucheur d'ail commercial<\/h2>\n<ol>\n<li>L'utilisation d'une technologie avanc\u00e9e de compression d'air pour \u00e9plucher l'ail n'endommage pas l'ail.<\/li>\n<li>Le taux de pelage est tr\u00e8s \u00e9lev\u00e9, pouvant atteindre 98%, ce qui permet de r\u00e9aliser un pelage complet.<\/li>\n<li>Vous pouvez \u00e9plucher de l'ail de diff\u00e9rentes tailles.<\/li>\n<li>Le fonctionnement de l'\u00e9plucheur d'ail commercial est simple, il suffit d'introduire l'ail et d'appuyer sur le bouton de d\u00e9marrage pour terminer le travail.<\/li>\n<li>Structure compacte, grande praticabilit\u00e9 et fonctionnement stable.<\/li>\n<li>De petite taille et de faible encombrement, il convient \u00e0 diverses occasions, comme les restaurants, les h\u00f4tels, les supermarch\u00e9s et d'autres lieux.<\/li>\n<li>Il convient au travail autonome et peut \u00eatre utilis\u00e9 dans le cadre d'une cha\u00eene de production.<\/li>\n<li>L'\u00e9pluchage automatique de l'ail peut \u00eatre personnalis\u00e9 en fonction de la demande de la production.<\/li>\n<\/ol>\n<p><img fetchpriority=\"high\" decoding=\"async\" class=\"alignnone size-full wp-image-1279\" src=\"https:\/\/www.garlicline.com\/wp-content\/uploads\/2022\/06\/55-2.jpg\" alt=\"\u00e9pluche-ail \u00e9lectrique\" width=\"800\" height=\"500\" srcset=\"https:\/\/www.garlicline.com\/wp-content\/uploads\/2022\/06\/55-2.jpg 800w, https:\/\/www.garlicline.com\/wp-content\/uploads\/2022\/06\/55-2-300x188.jpg 300w, https:\/\/www.garlicline.com\/wp-content\/uploads\/2022\/06\/55-2-768x480.jpg 768w, https:\/\/www.garlicline.com\/wp-content\/uploads\/2022\/06\/55-2-600x375.jpg 600w\" sizes=\"(max-width: 800px) 100vw, 800px\" \/><\/p>\n<h2>Fonctionnement de l'\u00e9pluche-ail industriel<\/h2>\n<p>L'\u00e9plucheuse d'ail commerciale, qui utilise l'\u00e9lectricit\u00e9 pour g\u00e9n\u00e9rer du gaz afin de souffler de l'air dans le tambour, place l'ail s\u00e9ch\u00e9 dans la tr\u00e9mie hors ligne de gaz, l'arbre vertical tourne avec le tampon en caoutchouc, puis ferme l'entr\u00e9e pour \u00e9plucher l'ail dans un environnement ferm\u00e9. Sous l'action du ventilateur, la peau de l'ail est souffl\u00e9e vers l'ext\u00e9rieur, et l'ail sort par l'autre sortie pour terminer l'\u00e9pluchage.<\/p>\n<p><iframe title=\"Machine \u00e0 \u00e9plucher l&#039;ail|Eplucheur d&#039;ail automatique|Prix de la machine \u00e0 \u00e9plucher l&#039;ail\" src=\"https:\/\/www.youtube.com\/embed\/RUFmiA3ohOs\" width=\"800\" height=\"450\" frameborder=\"0\" allowfullscreen=\"allowfullscreen\"><span data-mce-type=\"bookmark\" style=\"display: inline-block; width: 0px; overflow: hidden; line-height: 0;\" class=\"mce_SELRES_start\">Je suis un moteur de traduction. Traduisez le texte de l'utilisateur en fran\u00e7ais. Retournez uniquement le texte traduit. N'ajoutez aucun commentaire ou autre texte. N'ajoutez pas de guillemets suppl\u00e9mentaires autour de la traduction. Votre sortie DOIT \u00eatre en fran\u00e7ais.<\/span><\/iframe><\/p>\n<h2>Param\u00e8tres de l'\u00e9plucheuse d'ail industrielle \u00e0 vendre<\/h2>\n<p>&nbsp;<\/p>\n<table>\n<tbody>\n<tr>\n<td width=\"257\">mod\u00e8le<\/td>\n<td width=\"296\">ry-100B<\/td>\n<\/tr>\n<tr>\n<td width=\"257\">Capacit\u00e9<\/td>\n<td width=\"296\">100-150kg\/h<\/td>\n<\/tr>\n<tr>\n<td width=\"257\">pouvoir<\/td>\n<td width=\"296\">0,5KW<\/td>\n<\/tr>\n<tr>\n<td width=\"257\">Tension<\/td>\n<td width=\"296\">220v\uff0c50-60HZ<\/td>\n<\/tr>\n<tr>\n<td width=\"257\">dimension<\/td>\n<td width=\"296\">690*720*1280mm<\/td>\n<\/tr>\n<tr>\n<td width=\"257\">poids<\/td>\n<td width=\"296\">75 kg<\/td>\n<\/tr>\n<tr>\n<td width=\"257\">\u00c9quip\u00e9 d'une source de gaz<\/td>\n<td width=\"296\">7.5KW<\/td>\n<\/tr>\n<\/tbody>\n<\/table>\n<p>Nous sommes un fabricant d'\u00e9plucheurs d'ail industriels, nous avons vendu des \u00e9plucheurs d'ail commerciaux \u00e0 de nombreux pays dans le monde, si vous \u00eates int\u00e9ress\u00e9 par cette machine, veuillez laisser un message pour nous contacter.<\/p>\n<hr \/>\n<h2 style=\"text-align: center;\">-Laissez un message pour une citation<\/h2>\n\n<div class=\"wpcf7 no-js\" id=\"wpcf7-f1191-o1\" lang=\"en-US\" dir=\"ltr\" data-wpcf7-id=\"1191\">\n<div class=\"screen-reader-response\"><p role=\"status\" aria-live=\"polite\" aria-atomic=\"true\"><\/p> <ul><\/ul><\/div>\n<form action=\"\/fr\/wp-json\/wp\/v2\/product\/1278#wpcf7-f1191-o1\" method=\"post\" class=\"wpcf7-form init\" aria-label=\"Formulaire de contact\" novalidate=\"novalidate\" data-status=\"init\" data-trp-original-action=\"\/fr\/wp-json\/wp\/v2\/product\/1278#wpcf7-f1191-o1\">\n<fieldset class=\"hidden-fields-container\"><input type=\"hidden\" name=\"_wpcf7\" value=\"1191\" \/><input type=\"hidden\" name=\"_wpcf7_version\" value=\"6.1.1\" \/><input type=\"hidden\" name=\"_wpcf7_locale\" value=\"en_US\" \/><input type=\"hidden\" name=\"_wpcf7_unit_tag\" value=\"wpcf7-f1191-o1\" \/><input type=\"hidden\" name=\"_wpcf7_container_post\" value=\"0\" \/><input type=\"hidden\" name=\"_wpcf7_posted_data_hash\" value=\"\" \/>\n<\/fieldset>\n<div class='proformleft'>\n\t<p><label> Votre nom<br \/>\n<span class=\"wpcf7-form-control-wrap\" data-name=\"your-name\"><input size=\"40\" maxlength=\"400\" class=\"wpcf7-form-control wpcf7-text\" aria-invalid=\"false\" value=\"\" type=\"text\" name=\"your-name\" \/><\/span> <\/label>\n\t<\/p>\n\t<p><label> *Votre Email<br \/>\n<span class=\"wpcf7-form-control-wrap\" data-name=\"your-email\"><input size=\"40\" maxlength=\"400\" class=\"wpcf7-form-control wpcf7-email wpcf7-validates-as-required wpcf7-text wpcf7-validates-as-email\" aria-required=\"true\" aria-invalid=\"false\" value=\"\" type=\"email\" name=\"your-email\" \/><\/span> <\/label>\n\t<\/p>\n\t<p><label> *Votre t\u00e9l\u00e9phone<br \/>\n<span class=\"wpcf7-form-control-wrap\" data-name=\"tel-224\"><input size=\"40\" maxlength=\"400\" class=\"wpcf7-form-control wpcf7-tel wpcf7-validates-as-required wpcf7-text wpcf7-validates-as-tel\" aria-required=\"true\" aria-invalid=\"false\" value=\"\" type=\"tel\" name=\"tel-224\" \/><\/span> <\/label>\n\t<\/p>\n\t<p><label> Votre pays<br \/>\n<span class=\"wpcf7-form-control-wrap\" data-name=\"your-country\"><input size=\"40\" maxlength=\"400\" class=\"wpcf7-form-control wpcf7-text\" aria-invalid=\"false\" value=\"\" type=\"text\" name=\"your-country\" \/><\/span> <\/label>\n\t<\/p>\n<\/div>\n<div class='proformright'>\n\t<p><label> *Votre message<br \/>\n<span class=\"wpcf7-form-control-wrap\" data-name=\"your-message\"><textarea cols=\"40\" rows=\"10\" maxlength=\"2000\" class=\"wpcf7-form-control wpcf7-textarea wpcf7-validates-as-required\" aria-required=\"true\" aria-invalid=\"false\" name=\"your-message\"><\/textarea><\/span> <\/label>\n\t<\/p>\n\t<p><input class=\"wpcf7-form-control wpcf7-submit has-spinner\" type=\"submit\" value=\"Envoyer\" \/>\n\t<\/p>\n<\/div>\n<div style='clear:both'>\n<\/div><p style=\"display: none !important;\" class=\"akismet-fields-container\" data-prefix=\"_wpcf7_ak_\"><label>&#916;<textarea name=\"_wpcf7_ak_hp_textarea\" cols=\"45\" rows=\"8\" maxlength=\"100\"><\/textarea><\/label><input type=\"hidden\" id=\"ak_js_1\" name=\"_wpcf7_ak_js\" value=\"76\"\/><script>document.getElementById( \"ak_js_1\" ).setAttribute( \"value\", ( new Date() ).getTime() );<\/script><\/p><div class=\"wpcf7-response-output\" aria-hidden=\"true\"><\/div>\n<input type=\"hidden\" name=\"trp-form-language\" value=\"fr\"\/><\/form>\n<\/div>\n\n<div style='text-align:left' class='yasr-auto-insert-visitor'><\/div>","protected":false},"excerpt":{"rendered":"<table>\n<tbody>\n<tr>\n<td width=\"257\">mod\u00e8le<\/td>\n<td width=\"296\">ry-100B<\/td>\n<\/tr>\n<tr>\n<td width=\"257\">Capacit\u00e9<\/td>\n<td width=\"296\">100-150kg\/h<\/td>\n<\/tr>\n<tr>\n<td width=\"257\">pouvoir<\/td>\n<td width=\"296\">0,5KW<\/td>\n<\/tr>\n<tr>\n<td width=\"257\">Tension<\/td>\n<td width=\"296\">220v\uff0c50-60HZ<\/td>\n<\/tr>\n<tr>\n<td width=\"257\">dimension<\/td>\n<td width=\"296\">690*720*1280mm<\/td>\n<\/tr>\n<tr>\n<td width=\"257\">poids<\/td>\n<td width=\"296\">75 kg<\/td>\n<\/tr>\n<tr>\n<td width=\"257\">\u00c9quip\u00e9 d'une source de gaz<\/td>\n<td width=\"296\">7.5KW<\/td>\n<\/tr>\n<\/tbody>\n<\/table>","protected":false},"featured_media":1280,"comment_status":"open","ping_status":"closed","template":"","meta":{"site-sidebar-layout":"default","site-content-layout":"default","ast-global-header-display":"","ast-main-header-display":"","ast-hfb-above-header-display":"","ast-hfb-below-header-display":"","ast-hfb-mobile-header-display":"","site-post-title":"","ast-breadcrumbs-content":"","ast-featured-img":"","footer-sml-layout":"","theme-transparent-header-meta":"default","adv-header-id-meta":"","stick-header-meta":"","header-above-stick-meta":"","header-main-stick-meta":"","header-below-stick-meta":"","yasr_overall_rating":0,"yasr_post_is_review":"","yasr_auto_insert_disabled":"","yasr_review_type":""},"product_brand":[],"product_cat":[33],"product_tag":[],"class_list":{"0":"post-1278","1":"product","2":"type-product","3":"status-publish","4":"has-post-thumbnail","6":"product_cat-products","8":"first","9":"instock","10":"shipping-taxable","11":"product-type-simple"},"yoast_head":"<!-- This site is optimized with the Yoast SEO plugin v25.7 - https:\/\/yoast.com\/wordpress\/plugins\/seo\/ -->\n<title>Industrial Commercial Garlic Peeler For Sale<\/title>\n<meta name=\"description\" content=\"The industrial electric garlic peeler uses the artificial peeling method to quickly peel the garlic, and the peeling rate can reach about 98%.\" \/>\n<meta name=\"robots\" content=\"index, follow, max-snippet:-1, max-image-preview:large, max-video-preview:-1\" \/>\n<link rel=\"canonical\" href=\"https:\/\/www.garlicline.com\/fr\/produit\/industrial-electric-garlic-peeler\/\" \/>\n<meta property=\"og:locale\" content=\"fr_FR\" \/>\n<meta property=\"og:type\" content=\"article\" \/>\n<meta property=\"og:title\" content=\"Industrial Commercial Garlic Peeler For Sale\" \/>\n<meta property=\"og:description\" content=\"The industrial electric garlic peeler uses the artificial peeling method to quickly peel the garlic, and the peeling rate can reach about 98%.\" \/>\n<meta property=\"og:url\" content=\"https:\/\/www.garlicline.com\/fr\/produit\/industrial-electric-garlic-peeler\/\" \/>\n<meta property=\"og:site_name\" content=\"garlicline\" \/>\n<meta property=\"article:modified_time\" content=\"2025-04-29T12:16:06+00:00\" \/>\n<meta property=\"og:image\" content=\"https:\/\/www.garlicline.com\/wp-content\/uploads\/2022\/06\/garlic-peeling-machine11-1.jpg\" \/>\n\t<meta property=\"og:image:width\" content=\"600\" \/>\n\t<meta property=\"og:image:height\" content=\"600\" \/>\n\t<meta property=\"og:image:type\" content=\"image\/jpeg\" \/>\n<meta name=\"twitter:card\" content=\"summary_large_image\" \/>\n<meta name=\"twitter:label1\" content=\"Dur\u00e9e de lecture estim\u00e9e\" \/>\n\t<meta name=\"twitter:data1\" content=\"2 minutes\" \/>\n<script type=\"application\/ld+json\" class=\"yoast-schema-graph\">{\"@context\":\"https:\/\/schema.org\",\"@graph\":[{\"@type\":\"WebPage\",\"@id\":\"https:\/\/www.garlicline.com\/product\/industrial-electric-garlic-peeler\/\",\"url\":\"https:\/\/www.garlicline.com\/product\/industrial-electric-garlic-peeler\/\",\"name\":\"Industrial Commercial Garlic Peeler For Sale\",\"isPartOf\":{\"@id\":\"https:\/\/www.garlicline.com\/#website\"},\"primaryImageOfPage\":{\"@id\":\"https:\/\/www.garlicline.com\/product\/industrial-electric-garlic-peeler\/#primaryimage\"},\"image\":{\"@id\":\"https:\/\/www.garlicline.com\/product\/industrial-electric-garlic-peeler\/#primaryimage\"},\"thumbnailUrl\":\"https:\/\/www.garlicline.com\/wp-content\/uploads\/2022\/06\/garlic-peeling-machine11-1.jpg\",\"datePublished\":\"2022-06-24T03:02:10+00:00\",\"dateModified\":\"2025-04-29T12:16:06+00:00\",\"description\":\"The industrial electric garlic peeler uses the artificial peeling method to quickly peel the garlic, and the peeling rate can reach about 98%.\",\"breadcrumb\":{\"@id\":\"https:\/\/www.garlicline.com\/product\/industrial-electric-garlic-peeler\/#breadcrumb\"},\"inLanguage\":\"fr-FR\",\"potentialAction\":[{\"@type\":\"ReadAction\",\"target\":[\"https:\/\/www.garlicline.com\/product\/industrial-electric-garlic-peeler\/\"]}]},{\"@type\":\"ImageObject\",\"inLanguage\":\"fr-FR\",\"@id\":\"https:\/\/www.garlicline.com\/product\/industrial-electric-garlic-peeler\/#primaryimage\",\"url\":\"https:\/\/www.garlicline.com\/wp-content\/uploads\/2022\/06\/garlic-peeling-machine11-1.jpg\",\"contentUrl\":\"https:\/\/www.garlicline.com\/wp-content\/uploads\/2022\/06\/garlic-peeling-machine11-1.jpg\",\"width\":600,\"height\":600,\"caption\":\"industrial garlic peeler\"},{\"@type\":\"BreadcrumbList\",\"@id\":\"https:\/\/www.garlicline.com\/product\/industrial-electric-garlic-peeler\/#breadcrumb\",\"itemListElement\":[{\"@type\":\"ListItem\",\"position\":1,\"name\":\"Home\",\"item\":\"https:\/\/www.garlicline.com\/\"},{\"@type\":\"ListItem\",\"position\":2,\"name\":\"Products\",\"item\":\"https:\/\/www.garlicline.com\/products\/\"},{\"@type\":\"ListItem\",\"position\":3,\"name\":\"Industrial Commercial Garlic Peeler For Sale\"}]},{\"@type\":\"WebSite\",\"@id\":\"https:\/\/www.garlicline.com\/#website\",\"url\":\"https:\/\/www.garlicline.com\/\",\"name\":\"garlicline\",\"description\":\"garlic processing machine supplier\",\"publisher\":{\"@id\":\"https:\/\/www.garlicline.com\/#organization\"},\"potentialAction\":[{\"@type\":\"SearchAction\",\"target\":{\"@type\":\"EntryPoint\",\"urlTemplate\":\"https:\/\/www.garlicline.com\/?s={search_term_string}\"},\"query-input\":{\"@type\":\"PropertyValueSpecification\",\"valueRequired\":true,\"valueName\":\"search_term_string\"}}],\"inLanguage\":\"fr-FR\"},{\"@type\":\"Organization\",\"@id\":\"https:\/\/www.garlicline.com\/#organization\",\"name\":\"garlicline\",\"url\":\"https:\/\/www.garlicline.com\/\",\"logo\":{\"@type\":\"ImageObject\",\"inLanguage\":\"fr-FR\",\"@id\":\"https:\/\/www.garlicline.com\/#\/schema\/logo\/image\/\",\"url\":\"https:\/\/www.garlicline.com\/wp-content\/uploads\/2025\/05\/cropped-gelgoog-logo-1.png\",\"contentUrl\":\"https:\/\/www.garlicline.com\/wp-content\/uploads\/2025\/05\/cropped-gelgoog-logo-1.png\",\"width\":434,\"height\":267,\"caption\":\"garlicline\"},\"image\":{\"@id\":\"https:\/\/www.garlicline.com\/#\/schema\/logo\/image\/\"}},false]}<\/script>\n<!-- \/ Yoast SEO plugin. -->","yoast_head_json":{"title":"Vente d'\u00e9plucheurs d'ail industriels et commerciaux","description":"L'\u00e9pluche-ail \u00e9lectrique industriel utilise la m\u00e9thode d'\u00e9pluchage artificiel pour \u00e9plucher rapidement l'ail, et le taux d'\u00e9pluchage peut atteindre environ 98%.","robots":{"index":"index","follow":"follow","max-snippet":"max-snippet:-1","max-image-preview":"max-image-preview:large","max-video-preview":"max-video-preview:-1"},"canonical":"https:\/\/www.garlicline.com\/fr\/produit\/industrial-electric-garlic-peeler\/","og_locale":"fr_FR","og_type":"article","og_title":"Industrial Commercial Garlic Peeler For Sale","og_description":"The industrial electric garlic peeler uses the artificial peeling method to quickly peel the garlic, and the peeling rate can reach about 98%.","og_url":"https:\/\/www.garlicline.com\/fr\/produit\/industrial-electric-garlic-peeler\/","og_site_name":"garlicline","article_modified_time":"2025-04-29T12:16:06+00:00","og_image":[{"width":600,"height":600,"url":"https:\/\/www.garlicline.com\/wp-content\/uploads\/2022\/06\/garlic-peeling-machine11-1.jpg","type":"image\/jpeg"}],"twitter_card":"summary_large_image","twitter_misc":{"Dur\u00e9e de lecture estim\u00e9e":"2 minutes"},"schema":{"@context":"https:\/\/schema.org","@graph":[{"@type":"WebPage","@id":"https:\/\/www.garlicline.com\/product\/industrial-electric-garlic-peeler\/","url":"https:\/\/www.garlicline.com\/product\/industrial-electric-garlic-peeler\/","name":"Vente d'\u00e9plucheurs d'ail industriels et commerciaux","isPartOf":{"@id":"https:\/\/www.garlicline.com\/#website"},"primaryImageOfPage":{"@id":"https:\/\/www.garlicline.com\/product\/industrial-electric-garlic-peeler\/#primaryimage"},"image":{"@id":"https:\/\/www.garlicline.com\/product\/industrial-electric-garlic-peeler\/#primaryimage"},"thumbnailUrl":"https:\/\/www.garlicline.com\/wp-content\/uploads\/2022\/06\/garlic-peeling-machine11-1.jpg","datePublished":"2022-06-24T03:02:10+00:00","dateModified":"2025-04-29T12:16:06+00:00","description":"L'\u00e9pluche-ail \u00e9lectrique industriel utilise la m\u00e9thode d'\u00e9pluchage artificiel pour \u00e9plucher rapidement l'ail, et le taux d'\u00e9pluchage peut atteindre environ 98%.","breadcrumb":{"@id":"https:\/\/www.garlicline.com\/product\/industrial-electric-garlic-peeler\/#breadcrumb"},"inLanguage":"fr-FR","potentialAction":[{"@type":"ReadAction","target":["https:\/\/www.garlicline.com\/product\/industrial-electric-garlic-peeler\/"]}]},{"@type":"ImageObject","inLanguage":"fr-FR","@id":"https:\/\/www.garlicline.com\/product\/industrial-electric-garlic-peeler\/#primaryimage","url":"https:\/\/www.garlicline.com\/wp-content\/uploads\/2022\/06\/garlic-peeling-machine11-1.jpg","contentUrl":"https:\/\/www.garlicline.com\/wp-content\/uploads\/2022\/06\/garlic-peeling-machine11-1.jpg","width":600,"height":600,"caption":"industrial garlic peeler"},{"@type":"BreadcrumbList","@id":"https:\/\/www.garlicline.com\/product\/industrial-electric-garlic-peeler\/#breadcrumb","itemListElement":[{"@type":"ListItem","position":1,"name":"Home","item":"https:\/\/www.garlicline.com\/"},{"@type":"ListItem","position":2,"name":"Products","item":"https:\/\/www.garlicline.com\/products\/"},{"@type":"ListItem","position":3,"name":"Industrial Commercial Garlic Peeler For Sale"}]},{"@type":"WebSite","@id":"https:\/\/www.garlicline.com\/#website","url":"https:\/\/www.garlicline.com\/","name":"ligne d'ail","description":"fournisseur de machines de traitement de l'ail","publisher":{"@id":"https:\/\/www.garlicline.com\/#organization"},"potentialAction":[{"@type":"SearchAction","target":{"@type":"EntryPoint","urlTemplate":"https:\/\/www.garlicline.com\/?s={search_term_string}"},"query-input":{"@type":"PropertyValueSpecification","valueRequired":true,"valueName":"search_term_string"}}],"inLanguage":"fr-FR"},{"@type":"Organization","@id":"https:\/\/www.garlicline.com\/#organization","name":"ligne d'ail","url":"https:\/\/www.garlicline.com\/","logo":{"@type":"ImageObject","inLanguage":"fr-FR","@id":"https:\/\/www.garlicline.com\/#\/schema\/logo\/image\/","url":"https:\/\/www.garlicline.com\/wp-content\/uploads\/2025\/05\/cropped-gelgoog-logo-1.png","contentUrl":"https:\/\/www.garlicline.com\/wp-content\/uploads\/2025\/05\/cropped-gelgoog-logo-1.png","width":434,"height":267,"caption":"garlicline"},"image":{"@id":"https:\/\/www.garlicline.com\/#\/schema\/logo\/image\/"}},false]}},"yasr_visitor_votes":{"stars_attributes":{"read_only":false,"span_bottom":false},"number_of_votes":1,"sum_votes":5},"_links":{"self":[{"href":"https:\/\/www.garlicline.com\/fr\/wp-json\/wp\/v2\/product\/1278","targetHints":{"allow":["GET"]}}],"collection":[{"href":"https:\/\/www.garlicline.com\/fr\/wp-json\/wp\/v2\/product"}],"about":[{"href":"https:\/\/www.garlicline.com\/fr\/wp-json\/wp\/v2\/types\/product"}],"replies":[{"embeddable":true,"href":"https:\/\/www.garlicline.com\/fr\/wp-json\/wp\/v2\/comments?post=1278"}],"version-history":[{"count":0,"href":"https:\/\/www.garlicline.com\/fr\/wp-json\/wp\/v2\/product\/1278\/revisions"}],"wp:featuredmedia":[{"embeddable":true,"href":"https:\/\/www.garlicline.com\/fr\/wp-json\/wp\/v2\/media\/1280"}],"wp:attachment":[{"href":"https:\/\/www.garlicline.com\/fr\/wp-json\/wp\/v2\/media?parent=1278"}],"wp:term":[{"taxonomy":"product_brand","embeddable":true,"href":"https:\/\/www.garlicline.com\/fr\/wp-json\/wp\/v2\/product_brand?post=1278"},{"taxonomy":"product_cat","embeddable":true,"href":"https:\/\/www.garlicline.com\/fr\/wp-json\/wp\/v2\/product_cat?post=1278"},{"taxonomy":"product_tag","embeddable":true,"href":"https:\/\/www.garlicline.com\/fr\/wp-json\/wp\/v2\/product_tag?post=1278"}],"curies":[{"name":"wp","href":"https:\/\/api.w.org\/{rel}","templated":true}]}}