{"id":1281,"date":"2022-06-24T03:29:07","date_gmt":"2022-06-24T03:29:07","guid":{"rendered":"https:\/\/www.garlicline.com\/?post_type=product&#038;p=1281"},"modified":"2025-02-12T08:49:56","modified_gmt":"2025-02-12T08:49:56","slug":"dry-garlic-skin-removing-machine","status":"publish","type":"product","link":"https:\/\/www.garlicline.com\/fr\/produit\/dry-garlic-skin-removing-machine\/","title":{"rendered":"Machine \u00e0 enlever la peau de l'ail \u00e0 sec Taux d'\u00e9pluchage \u00e9lev\u00e9"},"content":{"rendered":"<h2>Introduction de la machine \u00e0 enlever les peaux d'ail<\/h2>\n<p>L'ail \u00e9pluch\u00e9 \u00e0 l'aide d'une machine \u00e0 \u00e9plucher l'ail peut \u00eatre transform\u00e9 en p\u00e2te d'ail, en sauce \u00e0 l'ail, en poudre d'ail, en flocons d'ail, en ail frit, etc. L'\u00e9pluchage de l'ail est donc une \u00e9tape tr\u00e8s importante. La production manuelle prend beaucoup de temps et ne permet pas de r\u00e9duire les co\u00fbts de main-d'\u0153uvre. La machine \u00e0 \u00e9plucher l'ail remplace la r\u00e9alisation manuelle de cette \u00e9tape de traitement et am\u00e9liore l'efficacit\u00e9 du traitement de l'ail.<\/p>\n<h2>Caract\u00e9ristiques de la machine \u00e0 enlever la peau \u00e0 l'ail<\/h2>\n<p>1. L'ensemble de la machine \u00e0 enlever la peau de l'ail est en acier inoxydable, ce qui ne craint pas la corrosion de l'huile d'ail.<br \/>\n2. Il poss\u00e8de la fonction de transmission automatique \u00e0 l'int\u00e9rieur, sans travail manuel.<br \/>\n3. Commutateur de commande intelligent, facile \u00e0 utiliser.<br \/>\n4. Il peut \u00e9plucher diff\u00e9rentes vari\u00e9t\u00e9s d'ail.<br \/>\n5. Le taux d'\u00e9pluchage peut \u00eatre d\u00e9termin\u00e9 en fonction de la vari\u00e9t\u00e9 d'ail, qui peut atteindre entre 90% et 98%.<\/p>\n<p><img fetchpriority=\"high\" decoding=\"async\" class=\"size-full wp-image-2496 aligncenter\" src=\"https:\/\/www.garlicline.com\/wp-content\/uploads\/2022\/06\/garlic-peeling-machine-2.jpg\" alt=\"machine \u00e0 \u00e9plucher l&#039;ail\" width=\"630\" height=\"400\" srcset=\"https:\/\/www.garlicline.com\/wp-content\/uploads\/2022\/06\/garlic-peeling-machine-2.jpg 630w, https:\/\/www.garlicline.com\/wp-content\/uploads\/2022\/06\/garlic-peeling-machine-2-300x190.jpg 300w, https:\/\/www.garlicline.com\/wp-content\/uploads\/2022\/06\/garlic-peeling-machine-2-600x381.jpg 600w, https:\/\/www.garlicline.com\/wp-content\/uploads\/2022\/06\/garlic-peeling-machine-2-64x41.jpg 64w\" sizes=\"(max-width: 630px) 100vw, 630px\" \/><\/p>\n<h2>Avantages de la machine \u00e0 enlever la peau \u00e0 l'ail sec<\/h2>\n<p>1. Fonctionnement stable, pas de pollution sonore, faible taux de d\u00e9faillance.<br \/>\n2. L'efficacit\u00e9 de l'\u00e9pluchage est rapide. Apr\u00e8s avoir ajout\u00e9 de l'ail, l'\u00e9pluchage peut \u00eatre r\u00e9alis\u00e9 en 1 seconde.<br \/>\n3. La machine \u00e0 enlever la peau de l'ail utilise d'autres \u00e9pluchures, qui ne frotteront pas contre l'ail et n'endommageront pas la surface de l'ail.<br \/>\n4. \u00c9conomie de temps et d'\u00e9lectricit\u00e9, grande efficacit\u00e9 du travail.<br \/>\n5. Structure simple, facile \u00e0 nettoyer et \u00e0 entretenir.<br \/>\n6. La machine \u00e0 enlever la peau de l'ail peut fonctionner en continu et r\u00e9aliser une production continue.<br \/>\n7. Le rendement peut \u00eatre personnalis\u00e9 en fonction de la demande.<\/p>\n<p><img decoding=\"async\" class=\"alignnone size-full wp-image-1282\" src=\"https:\/\/www.garlicline.com\/wp-content\/uploads\/2022\/06\/44k-2.jpg\" alt=\"machine \u00e0 enlever la peau d&#039;ail\" width=\"800\" height=\"500\" srcset=\"https:\/\/www.garlicline.com\/wp-content\/uploads\/2022\/06\/44k-2.jpg 800w, https:\/\/www.garlicline.com\/wp-content\/uploads\/2022\/06\/44k-2-300x188.jpg 300w, https:\/\/www.garlicline.com\/wp-content\/uploads\/2022\/06\/44k-2-768x480.jpg 768w, https:\/\/www.garlicline.com\/wp-content\/uploads\/2022\/06\/44k-2-600x375.jpg 600w\" sizes=\"(max-width: 800px) 100vw, 800px\" \/><\/p>\n<h2>Pr\u00e9cautions \u00e0 prendre pour l'appareil \u00e0 enlever les peaux d'ail<\/h2>\n<p>La machine \u00e0 \u00e9plucher l'ail exige que la surface de l'ail soit maintenue s\u00e8che et que l'ail sorti de la chambre froide soit correctement s\u00e9ch\u00e9 avant d'\u00eatre \u00e9pluch\u00e9 afin d'\u00e9liminer la vapeur d'eau de surface et d'am\u00e9liorer le taux d'\u00e9pluchage de l'ail. Lors de l'alimentation, il est pr\u00e9f\u00e9rable de nettoyer les racines de l'ail afin d'\u00e9viter qu'elles ne s'entrechoquent et n'endommagent l'ail. Essayez de nettoyer la peau de l'ail, les b\u00e2tonnets d'ail et les autres impuret\u00e9s, car ils affecteront l'alimentation, et la forme d\u00e9guis\u00e9e r\u00e9duira l'alimentation, ce qui fera que l'ail sera souffl\u00e9 directement par la sortie de la peau.<\/p>\n<h2>Machine \u00e0 enlever la peau \u00e0 l'ail<\/h2>\n<p><iframe title=\"Machine \u00e0 \u00e9plucher l&#039;ail Business Industrial\" src=\"https:\/\/www.youtube.com\/embed\/C4zXeQwrd28\" width=\"800\" height=\"450\" frameborder=\"0\" allowfullscreen=\"allowfullscreen\"><span data-mce-type=\"bookmark\" style=\"display: inline-block; width: 0px; overflow: hidden; line-height: 0;\" class=\"mce_SELRES_start\">Je suis un moteur de traduction. Traduisez le texte de l'utilisateur en fran\u00e7ais. Retournez uniquement le texte traduit. N'ajoutez aucun commentaire ou autre texte. N'ajoutez pas de guillemets suppl\u00e9mentaires autour de la traduction. Votre sortie DOIT \u00eatre en fran\u00e7ais.<\/span><\/iframe><\/p>\n<h2>Param\u00e8tres de la machine \u00e0 enlever la peau de l'ail<\/h2>\n<table>\n<tbody>\n<tr>\n<td width=\"257\">mod\u00e8le<\/td>\n<td width=\"296\">GG-ryl-500<\/td>\n<\/tr>\n<tr>\n<td width=\"257\">Capacit\u00e9<\/td>\n<td width=\"296\">500 kg<\/td>\n<\/tr>\n<tr>\n<td width=\"257\">pouvoir<\/td>\n<td width=\"296\">3.0KW<\/td>\n<\/tr>\n<tr>\n<td width=\"257\">Tension<\/td>\n<td width=\"296\">380v\/50\/60hz<\/td>\n<\/tr>\n<tr>\n<td width=\"257\">dimension<\/td>\n<td width=\"296\">2570*850*1270mm<\/td>\n<\/tr>\n<tr>\n<td width=\"257\">poids<\/td>\n<td width=\"296\">350 kg<\/td>\n<\/tr>\n<tr>\n<td width=\"257\">\u00c9quip\u00e9 d'une source de gaz<\/td>\n<td width=\"296\">45KW<\/td>\n<\/tr>\n<\/tbody>\n<\/table>\n<p>La machine \u00e0 \u00e9plucher l'ail peut effectuer un \u00e9pluchage simple et rapide, ce qui est une bonne aide pour le traitement de l'ail. Elle peut \u00eatre combin\u00e9e \u00e0 d'autres machines pour devenir une machine de traitement de l'ail. <a href=\"https:\/\/www.garlicline.com\/fr\/garlic-peeling-production-line\/\"><strong>ligne de production d'\u00e9pluchage d'ail<\/strong><\/a>. Si vous \u00eates int\u00e9ress\u00e9 par cette machine, veuillez laisser un message.<\/p>\n<hr \/>\n<h2 style=\"text-align: center;\">-Laissez un message pour une citation<\/h2>\n\n<div class=\"wpcf7 no-js\" id=\"wpcf7-f1191-o1\" lang=\"en-US\" dir=\"ltr\" data-wpcf7-id=\"1191\">\n<div class=\"screen-reader-response\"><p role=\"status\" aria-live=\"polite\" aria-atomic=\"true\"><\/p> <ul><\/ul><\/div>\n<form action=\"\/fr\/wp-json\/wp\/v2\/product\/1281#wpcf7-f1191-o1\" method=\"post\" class=\"wpcf7-form init\" aria-label=\"Formulaire de contact\" novalidate=\"novalidate\" data-status=\"init\" data-trp-original-action=\"\/fr\/wp-json\/wp\/v2\/product\/1281#wpcf7-f1191-o1\">\n<fieldset class=\"hidden-fields-container\"><input type=\"hidden\" name=\"_wpcf7\" value=\"1191\" \/><input type=\"hidden\" name=\"_wpcf7_version\" value=\"6.1.1\" \/><input type=\"hidden\" name=\"_wpcf7_locale\" value=\"en_US\" \/><input type=\"hidden\" name=\"_wpcf7_unit_tag\" value=\"wpcf7-f1191-o1\" \/><input type=\"hidden\" name=\"_wpcf7_container_post\" value=\"0\" \/><input type=\"hidden\" name=\"_wpcf7_posted_data_hash\" value=\"\" \/>\n<\/fieldset>\n<div class='proformleft'>\n\t<p><label> Votre nom<br \/>\n<span class=\"wpcf7-form-control-wrap\" data-name=\"your-name\"><input size=\"40\" maxlength=\"400\" class=\"wpcf7-form-control wpcf7-text\" aria-invalid=\"false\" value=\"\" type=\"text\" name=\"your-name\" \/><\/span> <\/label>\n\t<\/p>\n\t<p><label> *Votre Email<br \/>\n<span class=\"wpcf7-form-control-wrap\" data-name=\"your-email\"><input size=\"40\" maxlength=\"400\" class=\"wpcf7-form-control wpcf7-email wpcf7-validates-as-required wpcf7-text wpcf7-validates-as-email\" aria-required=\"true\" aria-invalid=\"false\" value=\"\" type=\"email\" name=\"your-email\" \/><\/span> <\/label>\n\t<\/p>\n\t<p><label> *Votre t\u00e9l\u00e9phone<br \/>\n<span class=\"wpcf7-form-control-wrap\" data-name=\"tel-224\"><input size=\"40\" maxlength=\"400\" class=\"wpcf7-form-control wpcf7-tel wpcf7-validates-as-required wpcf7-text wpcf7-validates-as-tel\" aria-required=\"true\" aria-invalid=\"false\" value=\"\" type=\"tel\" name=\"tel-224\" \/><\/span> <\/label>\n\t<\/p>\n\t<p><label> Votre pays<br \/>\n<span class=\"wpcf7-form-control-wrap\" data-name=\"your-country\"><input size=\"40\" maxlength=\"400\" class=\"wpcf7-form-control wpcf7-text\" aria-invalid=\"false\" value=\"\" type=\"text\" name=\"your-country\" \/><\/span> <\/label>\n\t<\/p>\n<\/div>\n<div class='proformright'>\n\t<p><label> *Votre message<br \/>\n<span class=\"wpcf7-form-control-wrap\" data-name=\"your-message\"><textarea cols=\"40\" rows=\"10\" maxlength=\"2000\" class=\"wpcf7-form-control wpcf7-textarea wpcf7-validates-as-required\" aria-required=\"true\" aria-invalid=\"false\" name=\"your-message\"><\/textarea><\/span> <\/label>\n\t<\/p>\n\t<p><input class=\"wpcf7-form-control wpcf7-submit has-spinner\" type=\"submit\" value=\"Envoyer\" \/>\n\t<\/p>\n<\/div>\n<div style='clear:both'>\n<\/div><p style=\"display: none !important;\" class=\"akismet-fields-container\" data-prefix=\"_wpcf7_ak_\"><label>&#916;<textarea name=\"_wpcf7_ak_hp_textarea\" cols=\"45\" rows=\"8\" maxlength=\"100\"><\/textarea><\/label><input type=\"hidden\" id=\"ak_js_1\" name=\"_wpcf7_ak_js\" value=\"245\"\/><script>document.getElementById( \"ak_js_1\" ).setAttribute( \"value\", ( new Date() ).getTime() );<\/script><\/p><div class=\"wpcf7-response-output\" aria-hidden=\"true\"><\/div>\n<input type=\"hidden\" name=\"trp-form-language\" value=\"fr\"\/><\/form>\n<\/div>\n\n<div style='text-align:left' class='yasr-auto-insert-visitor'><\/div>","protected":false},"excerpt":{"rendered":"<table>\n<tbody>\n<tr>\n<td width=\"257\">mod\u00e8le<\/td>\n<td width=\"296\">GG-ryl-500<\/td>\n<\/tr>\n<tr>\n<td width=\"257\">Capacit\u00e9<\/td>\n<td width=\"296\">500 kg<\/td>\n<\/tr>\n<tr>\n<td width=\"257\">pouvoir<\/td>\n<td width=\"296\">3.0KW<\/td>\n<\/tr>\n<tr>\n<td width=\"257\">Tension<\/td>\n<td width=\"296\">380v\/50\/60hz<\/td>\n<\/tr>\n<tr>\n<td width=\"257\">dimension<\/td>\n<td width=\"296\">2570*850*1270mm<\/td>\n<\/tr>\n<tr>\n<td width=\"257\">poids<\/td>\n<td width=\"296\">350 kg<\/td>\n<\/tr>\n<tr>\n<td width=\"257\">\u00c9quip\u00e9 d'une source de gaz<\/td>\n<td width=\"296\">45KW<\/td>\n<\/tr>\n<\/tbody>\n<\/table>","protected":false},"featured_media":1283,"comment_status":"open","ping_status":"closed","template":"","meta":{"site-sidebar-layout":"default","site-content-layout":"default","ast-global-header-display":"","ast-main-header-display":"","ast-hfb-above-header-display":"","ast-hfb-below-header-display":"","ast-hfb-mobile-header-display":"","site-post-title":"","ast-breadcrumbs-content":"","ast-featured-img":"","footer-sml-layout":"","theme-transparent-header-meta":"default","adv-header-id-meta":"","stick-header-meta":"","header-above-stick-meta":"","header-main-stick-meta":"","header-below-stick-meta":"","yasr_overall_rating":0,"yasr_post_is_review":"","yasr_auto_insert_disabled":"","yasr_review_type":""},"product_brand":[],"product_cat":[33],"product_tag":[],"class_list":{"0":"post-1281","1":"product","2":"type-product","3":"status-publish","4":"has-post-thumbnail","6":"product_cat-products","8":"first","9":"instock","10":"shipping-taxable","11":"product-type-simple"},"yoast_head":"<!-- This site is optimized with the Yoast SEO plugin v25.7 - https:\/\/yoast.com\/wordpress\/plugins\/seo\/ -->\n<title>Dry Garlic Skin Removing Machine High Peeling Rate<\/title>\n<meta name=\"description\" content=\"Garlic skin removing machine is a machine that can perform continuous operation, with the advantages of high output, good effect, and easy cleaning and maintenance\" \/>\n<meta name=\"robots\" content=\"index, follow, max-snippet:-1, max-image-preview:large, max-video-preview:-1\" \/>\n<link rel=\"canonical\" href=\"https:\/\/www.garlicline.com\/fr\/produit\/dry-garlic-skin-removing-machine\/\" \/>\n<meta property=\"og:locale\" content=\"fr_FR\" \/>\n<meta property=\"og:type\" content=\"article\" \/>\n<meta property=\"og:title\" content=\"Dry Garlic Skin Removing Machine High Peeling Rate\" \/>\n<meta property=\"og:description\" content=\"Garlic skin removing machine is a machine that can perform continuous operation, with the advantages of high output, good effect, and easy cleaning and maintenance\" \/>\n<meta property=\"og:url\" content=\"https:\/\/www.garlicline.com\/fr\/produit\/dry-garlic-skin-removing-machine\/\" \/>\n<meta property=\"og:site_name\" content=\"garlicline\" \/>\n<meta property=\"article:modified_time\" content=\"2025-02-12T08:49:56+00:00\" \/>\n<meta property=\"og:image\" content=\"https:\/\/www.garlicline.com\/wp-content\/uploads\/2022\/06\/automatic-garlic-peeling-machine-2.jpg\" \/>\n\t<meta property=\"og:image:width\" content=\"600\" \/>\n\t<meta property=\"og:image:height\" content=\"600\" \/>\n\t<meta property=\"og:image:type\" content=\"image\/jpeg\" \/>\n<meta name=\"twitter:card\" content=\"summary_large_image\" \/>\n<meta name=\"twitter:label1\" content=\"Dur\u00e9e de lecture estim\u00e9e\" \/>\n\t<meta name=\"twitter:data1\" content=\"2 minutes\" \/>\n<script type=\"application\/ld+json\" class=\"yoast-schema-graph\">{\"@context\":\"https:\/\/schema.org\",\"@graph\":[{\"@type\":\"WebPage\",\"@id\":\"https:\/\/www.garlicline.com\/product\/dry-garlic-skin-removing-machine\/\",\"url\":\"https:\/\/www.garlicline.com\/product\/dry-garlic-skin-removing-machine\/\",\"name\":\"Dry Garlic Skin Removing Machine High Peeling Rate\",\"isPartOf\":{\"@id\":\"https:\/\/www.garlicline.com\/#website\"},\"primaryImageOfPage\":{\"@id\":\"https:\/\/www.garlicline.com\/product\/dry-garlic-skin-removing-machine\/#primaryimage\"},\"image\":{\"@id\":\"https:\/\/www.garlicline.com\/product\/dry-garlic-skin-removing-machine\/#primaryimage\"},\"thumbnailUrl\":\"https:\/\/www.garlicline.com\/wp-content\/uploads\/2022\/06\/automatic-garlic-peeling-machine-2.jpg\",\"datePublished\":\"2022-06-24T03:29:07+00:00\",\"dateModified\":\"2025-02-12T08:49:56+00:00\",\"description\":\"Garlic skin removing machine is a machine that can perform continuous operation, with the advantages of high output, good effect, and easy cleaning and maintenance\",\"breadcrumb\":{\"@id\":\"https:\/\/www.garlicline.com\/product\/dry-garlic-skin-removing-machine\/#breadcrumb\"},\"inLanguage\":\"fr-FR\",\"potentialAction\":[{\"@type\":\"ReadAction\",\"target\":[\"https:\/\/www.garlicline.com\/product\/dry-garlic-skin-removing-machine\/\"]}]},{\"@type\":\"ImageObject\",\"inLanguage\":\"fr-FR\",\"@id\":\"https:\/\/www.garlicline.com\/product\/dry-garlic-skin-removing-machine\/#primaryimage\",\"url\":\"https:\/\/www.garlicline.com\/wp-content\/uploads\/2022\/06\/automatic-garlic-peeling-machine-2.jpg\",\"contentUrl\":\"https:\/\/www.garlicline.com\/wp-content\/uploads\/2022\/06\/automatic-garlic-peeling-machine-2.jpg\",\"width\":600,\"height\":600,\"caption\":\"garlic cover remover machine\"},{\"@type\":\"BreadcrumbList\",\"@id\":\"https:\/\/www.garlicline.com\/product\/dry-garlic-skin-removing-machine\/#breadcrumb\",\"itemListElement\":[{\"@type\":\"ListItem\",\"position\":1,\"name\":\"Home\",\"item\":\"https:\/\/www.garlicline.com\/\"},{\"@type\":\"ListItem\",\"position\":2,\"name\":\"Products\",\"item\":\"https:\/\/www.garlicline.com\/products\/\"},{\"@type\":\"ListItem\",\"position\":3,\"name\":\"Dry Garlic Skin Removing Machine High Peeling Rate\"}]},{\"@type\":\"WebSite\",\"@id\":\"https:\/\/www.garlicline.com\/#website\",\"url\":\"https:\/\/www.garlicline.com\/\",\"name\":\"garlicline\",\"description\":\"garlic processing machine supplier\",\"publisher\":{\"@id\":\"https:\/\/www.garlicline.com\/#organization\"},\"potentialAction\":[{\"@type\":\"SearchAction\",\"target\":{\"@type\":\"EntryPoint\",\"urlTemplate\":\"https:\/\/www.garlicline.com\/?s={search_term_string}\"},\"query-input\":{\"@type\":\"PropertyValueSpecification\",\"valueRequired\":true,\"valueName\":\"search_term_string\"}}],\"inLanguage\":\"fr-FR\"},{\"@type\":\"Organization\",\"@id\":\"https:\/\/www.garlicline.com\/#organization\",\"name\":\"garlicline\",\"url\":\"https:\/\/www.garlicline.com\/\",\"logo\":{\"@type\":\"ImageObject\",\"inLanguage\":\"fr-FR\",\"@id\":\"https:\/\/www.garlicline.com\/#\/schema\/logo\/image\/\",\"url\":\"https:\/\/www.garlicline.com\/wp-content\/uploads\/2025\/05\/cropped-gelgoog-logo-1.png\",\"contentUrl\":\"https:\/\/www.garlicline.com\/wp-content\/uploads\/2025\/05\/cropped-gelgoog-logo-1.png\",\"width\":434,\"height\":267,\"caption\":\"garlicline\"},\"image\":{\"@id\":\"https:\/\/www.garlicline.com\/#\/schema\/logo\/image\/\"}},false]}<\/script>\n<!-- \/ Yoast SEO plugin. -->","yoast_head_json":{"title":"Machine \u00e0 enlever la peau de l'ail \u00e0 sec Taux d'\u00e9pluchage \u00e9lev\u00e9","description":"La machine \u00e0 enlever la peau de l'ail est une machine qui peut fonctionner en continu, avec les avantages d'un rendement \u00e9lev\u00e9, d'un bon effet, d'un nettoyage et d'un entretien faciles.","robots":{"index":"index","follow":"follow","max-snippet":"max-snippet:-1","max-image-preview":"max-image-preview:large","max-video-preview":"max-video-preview:-1"},"canonical":"https:\/\/www.garlicline.com\/fr\/produit\/dry-garlic-skin-removing-machine\/","og_locale":"fr_FR","og_type":"article","og_title":"Dry Garlic Skin Removing Machine High Peeling Rate","og_description":"Garlic skin removing machine is a machine that can perform continuous operation, with the advantages of high output, good effect, and easy cleaning and maintenance","og_url":"https:\/\/www.garlicline.com\/fr\/produit\/dry-garlic-skin-removing-machine\/","og_site_name":"garlicline","article_modified_time":"2025-02-12T08:49:56+00:00","og_image":[{"width":600,"height":600,"url":"https:\/\/www.garlicline.com\/wp-content\/uploads\/2022\/06\/automatic-garlic-peeling-machine-2.jpg","type":"image\/jpeg"}],"twitter_card":"summary_large_image","twitter_misc":{"Dur\u00e9e de lecture estim\u00e9e":"2 minutes"},"schema":{"@context":"https:\/\/schema.org","@graph":[{"@type":"WebPage","@id":"https:\/\/www.garlicline.com\/product\/dry-garlic-skin-removing-machine\/","url":"https:\/\/www.garlicline.com\/product\/dry-garlic-skin-removing-machine\/","name":"Machine \u00e0 enlever la peau de l'ail \u00e0 sec Taux d'\u00e9pluchage \u00e9lev\u00e9","isPartOf":{"@id":"https:\/\/www.garlicline.com\/#website"},"primaryImageOfPage":{"@id":"https:\/\/www.garlicline.com\/product\/dry-garlic-skin-removing-machine\/#primaryimage"},"image":{"@id":"https:\/\/www.garlicline.com\/product\/dry-garlic-skin-removing-machine\/#primaryimage"},"thumbnailUrl":"https:\/\/www.garlicline.com\/wp-content\/uploads\/2022\/06\/automatic-garlic-peeling-machine-2.jpg","datePublished":"2022-06-24T03:29:07+00:00","dateModified":"2025-02-12T08:49:56+00:00","description":"La machine \u00e0 enlever la peau de l'ail est une machine qui peut fonctionner en continu, avec les avantages d'un rendement \u00e9lev\u00e9, d'un bon effet, d'un nettoyage et d'un entretien faciles.","breadcrumb":{"@id":"https:\/\/www.garlicline.com\/product\/dry-garlic-skin-removing-machine\/#breadcrumb"},"inLanguage":"fr-FR","potentialAction":[{"@type":"ReadAction","target":["https:\/\/www.garlicline.com\/product\/dry-garlic-skin-removing-machine\/"]}]},{"@type":"ImageObject","inLanguage":"fr-FR","@id":"https:\/\/www.garlicline.com\/product\/dry-garlic-skin-removing-machine\/#primaryimage","url":"https:\/\/www.garlicline.com\/wp-content\/uploads\/2022\/06\/automatic-garlic-peeling-machine-2.jpg","contentUrl":"https:\/\/www.garlicline.com\/wp-content\/uploads\/2022\/06\/automatic-garlic-peeling-machine-2.jpg","width":600,"height":600,"caption":"garlic cover remover machine"},{"@type":"BreadcrumbList","@id":"https:\/\/www.garlicline.com\/product\/dry-garlic-skin-removing-machine\/#breadcrumb","itemListElement":[{"@type":"ListItem","position":1,"name":"Home","item":"https:\/\/www.garlicline.com\/"},{"@type":"ListItem","position":2,"name":"Products","item":"https:\/\/www.garlicline.com\/products\/"},{"@type":"ListItem","position":3,"name":"Dry Garlic Skin Removing Machine High Peeling Rate"}]},{"@type":"WebSite","@id":"https:\/\/www.garlicline.com\/#website","url":"https:\/\/www.garlicline.com\/","name":"ligne d'ail","description":"fournisseur de machines de traitement de l'ail","publisher":{"@id":"https:\/\/www.garlicline.com\/#organization"},"potentialAction":[{"@type":"SearchAction","target":{"@type":"EntryPoint","urlTemplate":"https:\/\/www.garlicline.com\/?s={search_term_string}"},"query-input":{"@type":"PropertyValueSpecification","valueRequired":true,"valueName":"search_term_string"}}],"inLanguage":"fr-FR"},{"@type":"Organization","@id":"https:\/\/www.garlicline.com\/#organization","name":"ligne d'ail","url":"https:\/\/www.garlicline.com\/","logo":{"@type":"ImageObject","inLanguage":"fr-FR","@id":"https:\/\/www.garlicline.com\/#\/schema\/logo\/image\/","url":"https:\/\/www.garlicline.com\/wp-content\/uploads\/2025\/05\/cropped-gelgoog-logo-1.png","contentUrl":"https:\/\/www.garlicline.com\/wp-content\/uploads\/2025\/05\/cropped-gelgoog-logo-1.png","width":434,"height":267,"caption":"garlicline"},"image":{"@id":"https:\/\/www.garlicline.com\/#\/schema\/logo\/image\/"}},false]}},"yasr_visitor_votes":{"stars_attributes":{"read_only":false,"span_bottom":false},"number_of_votes":1,"sum_votes":5},"_links":{"self":[{"href":"https:\/\/www.garlicline.com\/fr\/wp-json\/wp\/v2\/product\/1281","targetHints":{"allow":["GET"]}}],"collection":[{"href":"https:\/\/www.garlicline.com\/fr\/wp-json\/wp\/v2\/product"}],"about":[{"href":"https:\/\/www.garlicline.com\/fr\/wp-json\/wp\/v2\/types\/product"}],"replies":[{"embeddable":true,"href":"https:\/\/www.garlicline.com\/fr\/wp-json\/wp\/v2\/comments?post=1281"}],"version-history":[{"count":0,"href":"https:\/\/www.garlicline.com\/fr\/wp-json\/wp\/v2\/product\/1281\/revisions"}],"wp:featuredmedia":[{"embeddable":true,"href":"https:\/\/www.garlicline.com\/fr\/wp-json\/wp\/v2\/media\/1283"}],"wp:attachment":[{"href":"https:\/\/www.garlicline.com\/fr\/wp-json\/wp\/v2\/media?parent=1281"}],"wp:term":[{"taxonomy":"product_brand","embeddable":true,"href":"https:\/\/www.garlicline.com\/fr\/wp-json\/wp\/v2\/product_brand?post=1281"},{"taxonomy":"product_cat","embeddable":true,"href":"https:\/\/www.garlicline.com\/fr\/wp-json\/wp\/v2\/product_cat?post=1281"},{"taxonomy":"product_tag","embeddable":true,"href":"https:\/\/www.garlicline.com\/fr\/wp-json\/wp\/v2\/product_tag?post=1281"}],"curies":[{"name":"wp","href":"https:\/\/api.w.org\/{rel}","templated":true}]}}