{"id":1287,"date":"2022-06-24T07:05:04","date_gmt":"2022-06-24T07:05:04","guid":{"rendered":"https:\/\/www.garlicline.com\/?post_type=product&#038;p=1287"},"modified":"2026-01-29T09:52:49","modified_gmt":"2026-01-29T09:52:49","slug":"garlic-powder-grinding-grinder-machine","status":"publish","type":"product","link":"https:\/\/www.garlicline.com\/fr\/produit\/garlic-powder-grinding-grinder-machine\/","title":{"rendered":"Machine de broyage de poudre d'ail 200-800kg\/H"},"content":{"rendered":"<h2>Machine \u00e0 broyer la poudre d'ail Introduction<\/h2>\n<p>Une machine \u00e0 broyer l'ail en poudre broie les tranches d'ail s\u00e9ch\u00e9es en une fine poudre. La finesse de la poudre peut \u00eatre personnalis\u00e9e en fonction des exigences de traitement. Elle utilise le mouvement relatif \u00e0 grande vitesse entre un disque dent\u00e9 mobile et un disque dent\u00e9 fixe pour moudre rapidement les gousses d'ail s\u00e9ch\u00e9es. Il pr\u00e9sente des avantages tels qu'une large applicabilit\u00e9, un fonctionnement stable, une r\u00e9sistance \u00e0 l'usure, une vitesse \u00e9lev\u00e9e et une grande efficacit\u00e9.<\/p>\n<h2>Machine \u00e0 broyer la poudre d'ail Avantages<\/h2>\n<p>&nbsp;<\/p>\n<p>1. Stabilit\u00e9 m\u00e9canique, faible niveau de bruit et structure compacte.<br \/>\n2. La vitesse d'avancement est rapide et l'ail peut \u00eatre rapidement transform\u00e9 en poudre d'ail.<br \/>\n3. La taille des particules \u00e0 broyer peut \u00eatre obtenue en changeant le tamis de maille avec diff\u00e9rentes ouvertures.<br \/>\n4. Le rendement de la machine \u00e0 broyer la poudre d'ail peut \u00eatre personnalis\u00e9 en fonction des besoins de traitement.<br \/>\n5. La machine \u00e0 broyer les poudres occupe une petite surface, adapt\u00e9e \u00e0 la production d'un petit atelier.<br \/>\n6. La paroi int\u00e9rieure de l'enveloppe est enti\u00e8rement usin\u00e9e pour obtenir une surface lisse et \u00e9viter l'accumulation de poudre.<br \/>\n7. Adopte un moteur de marque r\u00e9put\u00e9e, faible taux de d\u00e9faillance.<\/p>\n<p><img fetchpriority=\"high\" decoding=\"async\" class=\"alignnone size-full wp-image-1288\" src=\"https:\/\/www.garlicline.com\/wp-content\/uploads\/2022\/06\/66k-2.jpg\" alt=\"machine \u00e0 broyer la poudre d&#039;ail\" width=\"800\" height=\"500\" srcset=\"https:\/\/www.garlicline.com\/wp-content\/uploads\/2022\/06\/66k-2.jpg 800w, https:\/\/www.garlicline.com\/wp-content\/uploads\/2022\/06\/66k-2-300x188.jpg 300w, https:\/\/www.garlicline.com\/wp-content\/uploads\/2022\/06\/66k-2-768x480.jpg 768w, https:\/\/www.garlicline.com\/wp-content\/uploads\/2022\/06\/66k-2-600x375.jpg 600w\" sizes=\"(max-width: 800px) 100vw, 800px\" \/><\/p>\n<h2>Fonctionnement de la machine \u00e0 broyer la poudre d'ail<\/h2>\n<p>1. Avant la mise en service, v\u00e9rifiez si l'assemblage de chaque pi\u00e8ce de la machine \u00e0 broyer est complet et pr\u00e9cis, et s'il y a de la limaille de fer et d'autres d\u00e9bris dans la tr\u00e9mie d'alimentation et dans la cavit\u00e9 principale de la machine, et enlevez-les si n\u00e9cessaire.<br \/>\n2. V\u00e9rifier si l'h\u00f4te est anormal.<br \/>\n3. V\u00e9rifier si le sac de granulats est install\u00e9 correctement et fermement.<br \/>\n4. Faire tourner l'arbre principal \u00e0 la main pour observer si l'arbre principal est flexible et non obstru\u00e9. En cas de blocage \u00e9vident, il convient d'en rechercher la cause et d'\u00e9liminer l'obstruction.<br \/>\n5. Actionner l'interrupteur d'alimentation du bo\u00eetier de distribution de contr\u00f4le.<\/p>\n<p><iframe title=\"Machine \u00e0 broyer de la poudre d&#039;ail d\u00e9shydrat\u00e9e\" src=\"https:\/\/www.youtube.com\/embed\/NX5y_dxHIxY\" width=\"800\" height=\"500\" frameborder=\"0\" allowfullscreen=\"allowfullscreen\"><span data-mce-type=\"bookmark\" style=\"display: inline-block; width: 0px; overflow: hidden; line-height: 0;\" class=\"mce_SELRES_start\">Je suis un moteur de traduction. Traduisez le texte de l'utilisateur en fran\u00e7ais. Retournez uniquement le texte traduit. N'ajoutez aucun commentaire ou autre texte. N'ajoutez pas de guillemets suppl\u00e9mentaires autour de la traduction. Votre sortie DOIT \u00eatre en fran\u00e7ais.<\/span><\/iframe><\/p>\n<h2>Champ d'application de la machine \u00e0 broyer la poudre d'ail<\/h2>\n<p>Il convient \u00e0 la m\u00e9decine, \u00e0 l'alimentation, \u00e0 l'industrie chimique, \u00e0 la m\u00e9tallurgie, \u00e0 la g\u00e9ologie, \u00e0 l'agriculture, \u00e0 la recherche scientifique et \u00e0 d'autres unit\u00e9s, en particulier pour le broyage et le traitement d'une petite quantit\u00e9 de mati\u00e8res m\u00e9dicinales pr\u00e9cieuses et de plantes m\u00e9dicinales en laboratoire.<\/p>\n<p><img decoding=\"async\" class=\"alignnone size-full wp-image-1954\" src=\"https:\/\/www.garlicline.com\/wp-content\/uploads\/2022\/06\/garlic-powder-machine.jpg\" alt=\"machine \u00e0 poudre d&#039;ail\" width=\"800\" height=\"500\" srcset=\"https:\/\/www.garlicline.com\/wp-content\/uploads\/2022\/06\/garlic-powder-machine.jpg 800w, https:\/\/www.garlicline.com\/wp-content\/uploads\/2022\/06\/garlic-powder-machine-300x188.jpg 300w, https:\/\/www.garlicline.com\/wp-content\/uploads\/2022\/06\/garlic-powder-machine-768x480.jpg 768w, https:\/\/www.garlicline.com\/wp-content\/uploads\/2022\/06\/garlic-powder-machine-600x375.jpg 600w\" sizes=\"(max-width: 800px) 100vw, 800px\" \/><\/p>\n<h2>Param\u00e8tres de la machine \u00e0 broyer la poudre d'ail<\/h2>\n<table>\n<tbody>\n<tr>\n<td width=\"113\">Mod\u00e8le<\/td>\n<td width=\"113\">GG-20B-C<\/td>\n<td width=\"113\">GG-30B-C<\/td>\n<td width=\"113\">GG40B-C<\/td>\n<td width=\"141\">GG-60B<\/td>\n<\/tr>\n<tr>\n<td width=\"113\">Capacit\u00e9 (kg\/h\uff09)<\/td>\n<td width=\"113\">60-150kg\/h<\/td>\n<td width=\"113\">100-300kg\/h<\/td>\n<td width=\"113\">160-800kg\/h<\/td>\n<td width=\"141\">500-1500kg\/h<\/td>\n<\/tr>\n<tr>\n<td width=\"113\">R\u00e9volution de la broche<\/td>\n<td width=\"113\">4500r\/min<\/td>\n<td width=\"113\">3800r\/min<\/td>\n<td width=\"113\">3400r\/min<\/td>\n<td width=\"141\">2800r\/min<\/td>\n<\/tr>\n<tr>\n<td width=\"113\">Taille de broyage<\/td>\n<td colspan=\"4\" width=\"482\">10-200 mesh<\/td>\n<\/tr>\n<tr>\n<td width=\"113\">Moteur de broyeur<\/td>\n<td width=\"113\">4kw<\/td>\n<td width=\"113\">5,5 kW<\/td>\n<td width=\"113\">11kw<\/td>\n<td width=\"141\">15kw<\/td>\n<\/tr>\n<tr>\n<td width=\"113\">Moteur du nettoyeur<\/td>\n<td colspan=\"4\" width=\"482\">0,75kw<\/td>\n<\/tr>\n<tr>\n<td width=\"113\">Dimension (mm)<\/td>\n<td width=\"113\">550*600*1250<\/td>\n<td width=\"113\">600*700*1450<\/td>\n<td width=\"113\">800*900*1550<\/td>\n<td width=\"141\">1000*900*1680<\/td>\n<\/tr>\n<tr>\n<td width=\"113\">Poids (kg)<\/td>\n<td width=\"113\">250<\/td>\n<td width=\"113\">320<\/td>\n<td width=\"113\">550<\/td>\n<td width=\"141\">680<\/td>\n<\/tr>\n<\/tbody>\n<\/table>\n<p>Nous faisons <a href=\"https:\/\/www.garlicline.com\/fr\/garlic-powder-production-line\/\"><strong>machine \u00e0 fabriquer de la poudre d'ail<\/strong><\/a> Avec de nombreuses ann\u00e9es d'exp\u00e9rience, si vous souhaitez conna\u00eetre le prix de la machine, veuillez laisser un message pour obtenir un devis gratuit.<\/p>\n<hr \/>\n<h2 style=\"text-align: center;\">-Laissez un message pour une citation<\/h2>\n\n<div class=\"wpcf7 no-js\" id=\"wpcf7-f1191-o1\" lang=\"en-US\" dir=\"ltr\" data-wpcf7-id=\"1191\">\n<div class=\"screen-reader-response\"><p role=\"status\" aria-live=\"polite\" aria-atomic=\"true\"><\/p> <ul><\/ul><\/div>\n<form action=\"\/fr\/wp-json\/wp\/v2\/product\/1287#wpcf7-f1191-o1\" method=\"post\" class=\"wpcf7-form init\" aria-label=\"Formulaire de contact\" novalidate=\"novalidate\" data-status=\"init\" data-trp-original-action=\"\/fr\/wp-json\/wp\/v2\/product\/1287#wpcf7-f1191-o1\">\n<fieldset class=\"hidden-fields-container\"><input type=\"hidden\" name=\"_wpcf7\" value=\"1191\" \/><input type=\"hidden\" name=\"_wpcf7_version\" value=\"6.1.1\" \/><input type=\"hidden\" name=\"_wpcf7_locale\" value=\"en_US\" \/><input type=\"hidden\" name=\"_wpcf7_unit_tag\" value=\"wpcf7-f1191-o1\" \/><input type=\"hidden\" name=\"_wpcf7_container_post\" value=\"0\" \/><input type=\"hidden\" name=\"_wpcf7_posted_data_hash\" value=\"\" \/>\n<\/fieldset>\n<div class='proformleft'>\n\t<p><label> Votre nom<br \/>\n<span class=\"wpcf7-form-control-wrap\" data-name=\"your-name\"><input size=\"40\" maxlength=\"400\" class=\"wpcf7-form-control wpcf7-text\" aria-invalid=\"false\" value=\"\" type=\"text\" name=\"your-name\" \/><\/span> <\/label>\n\t<\/p>\n\t<p><label> *Votre Email<br \/>\n<span class=\"wpcf7-form-control-wrap\" data-name=\"your-email\"><input size=\"40\" maxlength=\"400\" class=\"wpcf7-form-control wpcf7-email wpcf7-validates-as-required wpcf7-text wpcf7-validates-as-email\" aria-required=\"true\" aria-invalid=\"false\" value=\"\" type=\"email\" name=\"your-email\" \/><\/span> <\/label>\n\t<\/p>\n\t<p><label> *Votre t\u00e9l\u00e9phone<br \/>\n<span class=\"wpcf7-form-control-wrap\" data-name=\"tel-224\"><input size=\"40\" maxlength=\"400\" class=\"wpcf7-form-control wpcf7-tel wpcf7-validates-as-required wpcf7-text wpcf7-validates-as-tel\" aria-required=\"true\" aria-invalid=\"false\" value=\"\" type=\"tel\" name=\"tel-224\" \/><\/span> <\/label>\n\t<\/p>\n\t<p><label> Votre pays<br \/>\n<span class=\"wpcf7-form-control-wrap\" data-name=\"your-country\"><input size=\"40\" maxlength=\"400\" class=\"wpcf7-form-control wpcf7-text\" aria-invalid=\"false\" value=\"\" type=\"text\" name=\"your-country\" \/><\/span> <\/label>\n\t<\/p>\n<\/div>\n<div class='proformright'>\n\t<p><label> *Votre message<br \/>\n<span class=\"wpcf7-form-control-wrap\" data-name=\"your-message\"><textarea cols=\"40\" rows=\"10\" maxlength=\"2000\" class=\"wpcf7-form-control wpcf7-textarea wpcf7-validates-as-required\" aria-required=\"true\" aria-invalid=\"false\" name=\"your-message\"><\/textarea><\/span> <\/label>\n\t<\/p>\n\t<p><input class=\"wpcf7-form-control wpcf7-submit has-spinner\" type=\"submit\" value=\"Envoyer\" \/>\n\t<\/p>\n<\/div>\n<div style='clear:both'>\n<\/div><p style=\"display: none !important;\" class=\"akismet-fields-container\" data-prefix=\"_wpcf7_ak_\"><label>&#916;<textarea name=\"_wpcf7_ak_hp_textarea\" cols=\"45\" rows=\"8\" maxlength=\"100\"><\/textarea><\/label><input type=\"hidden\" id=\"ak_js_1\" name=\"_wpcf7_ak_js\" value=\"64\"\/><script>document.getElementById( \"ak_js_1\" ).setAttribute( \"value\", ( new Date() ).getTime() );<\/script><\/p><div class=\"wpcf7-response-output\" aria-hidden=\"true\"><\/div>\n<input type=\"hidden\" name=\"trp-form-language\" value=\"fr\"\/><\/form>\n<\/div>\n\n<div style='text-align:left' class='yasr-auto-insert-visitor'><\/div>","protected":false},"excerpt":{"rendered":"<p>1. Mat\u00e9riau : acier inoxydable<br \/>\n2. Rendement : 60-1500 kg par heure<br \/>\n3. Tension : 380V<\/p>\n<p>4. taille de broyage (10-200 mesh)<\/p>","protected":false},"featured_media":1289,"comment_status":"open","ping_status":"closed","template":"","meta":{"site-sidebar-layout":"default","site-content-layout":"default","ast-global-header-display":"","ast-main-header-display":"","ast-hfb-above-header-display":"","ast-hfb-below-header-display":"","ast-hfb-mobile-header-display":"","site-post-title":"","ast-breadcrumbs-content":"","ast-featured-img":"","footer-sml-layout":"","theme-transparent-header-meta":"default","adv-header-id-meta":"","stick-header-meta":"","header-above-stick-meta":"","header-main-stick-meta":"","header-below-stick-meta":"","yasr_overall_rating":0,"yasr_post_is_review":"","yasr_auto_insert_disabled":"","yasr_review_type":""},"product_brand":[],"product_cat":[33],"product_tag":[],"class_list":{"0":"post-1287","1":"product","2":"type-product","3":"status-publish","4":"has-post-thumbnail","6":"product_cat-products","8":"first","9":"instock","10":"shipping-taxable","11":"product-type-simple"},"yoast_head":"<!-- This site is optimized with the Yoast SEO plugin v25.7 - https:\/\/yoast.com\/wordpress\/plugins\/seo\/ -->\n<title>200-800kg\/H Garlic Powder Grinding Grinder Machine<\/title>\n<meta name=\"description\" content=\"The garlic powder grinding machine can quickly grind the dried garlic slices into garlic powder, which has high processing efficiency and can grind a variety of materials.\" \/>\n<meta name=\"robots\" content=\"index, follow, max-snippet:-1, max-image-preview:large, max-video-preview:-1\" \/>\n<link rel=\"canonical\" href=\"https:\/\/www.garlicline.com\/fr\/produit\/garlic-powder-grinding-grinder-machine\/\" \/>\n<meta property=\"og:locale\" content=\"fr_FR\" \/>\n<meta property=\"og:type\" content=\"article\" \/>\n<meta property=\"og:title\" content=\"200-800kg\/H Garlic Powder Grinding Grinder Machine\" \/>\n<meta property=\"og:description\" content=\"The garlic powder grinding machine can quickly grind the dried garlic slices into garlic powder, which has high processing efficiency and can grind a variety of materials.\" \/>\n<meta property=\"og:url\" content=\"https:\/\/www.garlicline.com\/fr\/produit\/garlic-powder-grinding-grinder-machine\/\" \/>\n<meta property=\"og:site_name\" content=\"garlicline\" \/>\n<meta property=\"article:modified_time\" content=\"2026-01-29T09:52:49+00:00\" \/>\n<meta property=\"og:image\" content=\"https:\/\/www.garlicline.com\/wp-content\/uploads\/2022\/06\/garlic-powder-making-machine-1-2.jpg\" \/>\n\t<meta property=\"og:image:width\" content=\"600\" \/>\n\t<meta property=\"og:image:height\" content=\"600\" \/>\n\t<meta property=\"og:image:type\" content=\"image\/jpeg\" \/>\n<meta name=\"twitter:card\" content=\"summary_large_image\" \/>\n<meta name=\"twitter:label1\" content=\"Dur\u00e9e de lecture estim\u00e9e\" \/>\n\t<meta name=\"twitter:data1\" content=\"2 minutes\" \/>\n<script type=\"application\/ld+json\" class=\"yoast-schema-graph\">{\"@context\":\"https:\/\/schema.org\",\"@graph\":[{\"@type\":\"WebPage\",\"@id\":\"https:\/\/www.garlicline.com\/product\/garlic-powder-grinding-grinder-machine\/\",\"url\":\"https:\/\/www.garlicline.com\/product\/garlic-powder-grinding-grinder-machine\/\",\"name\":\"200-800kg\/H Garlic Powder Grinding Grinder Machine\",\"isPartOf\":{\"@id\":\"https:\/\/www.garlicline.com\/#website\"},\"primaryImageOfPage\":{\"@id\":\"https:\/\/www.garlicline.com\/product\/garlic-powder-grinding-grinder-machine\/#primaryimage\"},\"image\":{\"@id\":\"https:\/\/www.garlicline.com\/product\/garlic-powder-grinding-grinder-machine\/#primaryimage\"},\"thumbnailUrl\":\"https:\/\/www.garlicline.com\/wp-content\/uploads\/2022\/06\/garlic-powder-making-machine-1-2.jpg\",\"datePublished\":\"2022-06-24T07:05:04+00:00\",\"dateModified\":\"2026-01-29T09:52:49+00:00\",\"description\":\"The garlic powder grinding machine can quickly grind the dried garlic slices into garlic powder, which has high processing efficiency and can grind a variety of materials.\",\"breadcrumb\":{\"@id\":\"https:\/\/www.garlicline.com\/product\/garlic-powder-grinding-grinder-machine\/#breadcrumb\"},\"inLanguage\":\"fr-FR\",\"potentialAction\":[{\"@type\":\"ReadAction\",\"target\":[\"https:\/\/www.garlicline.com\/product\/garlic-powder-grinding-grinder-machine\/\"]}]},{\"@type\":\"ImageObject\",\"inLanguage\":\"fr-FR\",\"@id\":\"https:\/\/www.garlicline.com\/product\/garlic-powder-grinding-grinder-machine\/#primaryimage\",\"url\":\"https:\/\/www.garlicline.com\/wp-content\/uploads\/2022\/06\/garlic-powder-making-machine-1-2.jpg\",\"contentUrl\":\"https:\/\/www.garlicline.com\/wp-content\/uploads\/2022\/06\/garlic-powder-making-machine-1-2.jpg\",\"width\":600,\"height\":600,\"caption\":\"garlic powder grinding machine\"},{\"@type\":\"BreadcrumbList\",\"@id\":\"https:\/\/www.garlicline.com\/product\/garlic-powder-grinding-grinder-machine\/#breadcrumb\",\"itemListElement\":[{\"@type\":\"ListItem\",\"position\":1,\"name\":\"Home\",\"item\":\"https:\/\/www.garlicline.com\/\"},{\"@type\":\"ListItem\",\"position\":2,\"name\":\"Products\",\"item\":\"https:\/\/www.garlicline.com\/products\/\"},{\"@type\":\"ListItem\",\"position\":3,\"name\":\"200-800kg\/H Garlic Powder Grinding Grinder Machine\"}]},{\"@type\":\"WebSite\",\"@id\":\"https:\/\/www.garlicline.com\/#website\",\"url\":\"https:\/\/www.garlicline.com\/\",\"name\":\"garlicline\",\"description\":\"garlic processing machine supplier\",\"publisher\":{\"@id\":\"https:\/\/www.garlicline.com\/#organization\"},\"potentialAction\":[{\"@type\":\"SearchAction\",\"target\":{\"@type\":\"EntryPoint\",\"urlTemplate\":\"https:\/\/www.garlicline.com\/?s={search_term_string}\"},\"query-input\":{\"@type\":\"PropertyValueSpecification\",\"valueRequired\":true,\"valueName\":\"search_term_string\"}}],\"inLanguage\":\"fr-FR\"},{\"@type\":\"Organization\",\"@id\":\"https:\/\/www.garlicline.com\/#organization\",\"name\":\"garlicline\",\"url\":\"https:\/\/www.garlicline.com\/\",\"logo\":{\"@type\":\"ImageObject\",\"inLanguage\":\"fr-FR\",\"@id\":\"https:\/\/www.garlicline.com\/#\/schema\/logo\/image\/\",\"url\":\"https:\/\/www.garlicline.com\/wp-content\/uploads\/2025\/05\/cropped-gelgoog-logo-1.png\",\"contentUrl\":\"https:\/\/www.garlicline.com\/wp-content\/uploads\/2025\/05\/cropped-gelgoog-logo-1.png\",\"width\":434,\"height\":267,\"caption\":\"garlicline\"},\"image\":{\"@id\":\"https:\/\/www.garlicline.com\/#\/schema\/logo\/image\/\"}},false]}<\/script>\n<!-- \/ Yoast SEO plugin. -->","yoast_head_json":{"title":"Machine de broyage de poudre d'ail 200-800kg\/H","description":"La machine \u00e0 broyer l'ail en poudre peut rapidement broyer les tranches d'ail s\u00e9ch\u00e9es en poudre d'ail. Elle a une grande efficacit\u00e9 de traitement et peut broyer une vari\u00e9t\u00e9 de mat\u00e9riaux.","robots":{"index":"index","follow":"follow","max-snippet":"max-snippet:-1","max-image-preview":"max-image-preview:large","max-video-preview":"max-video-preview:-1"},"canonical":"https:\/\/www.garlicline.com\/fr\/produit\/garlic-powder-grinding-grinder-machine\/","og_locale":"fr_FR","og_type":"article","og_title":"200-800kg\/H Garlic Powder Grinding Grinder Machine","og_description":"The garlic powder grinding machine can quickly grind the dried garlic slices into garlic powder, which has high processing efficiency and can grind a variety of materials.","og_url":"https:\/\/www.garlicline.com\/fr\/produit\/garlic-powder-grinding-grinder-machine\/","og_site_name":"garlicline","article_modified_time":"2026-01-29T09:52:49+00:00","og_image":[{"width":600,"height":600,"url":"https:\/\/www.garlicline.com\/wp-content\/uploads\/2022\/06\/garlic-powder-making-machine-1-2.jpg","type":"image\/jpeg"}],"twitter_card":"summary_large_image","twitter_misc":{"Dur\u00e9e de lecture estim\u00e9e":"2 minutes"},"schema":{"@context":"https:\/\/schema.org","@graph":[{"@type":"WebPage","@id":"https:\/\/www.garlicline.com\/product\/garlic-powder-grinding-grinder-machine\/","url":"https:\/\/www.garlicline.com\/product\/garlic-powder-grinding-grinder-machine\/","name":"Machine de broyage de poudre d'ail 200-800kg\/H","isPartOf":{"@id":"https:\/\/www.garlicline.com\/#website"},"primaryImageOfPage":{"@id":"https:\/\/www.garlicline.com\/product\/garlic-powder-grinding-grinder-machine\/#primaryimage"},"image":{"@id":"https:\/\/www.garlicline.com\/product\/garlic-powder-grinding-grinder-machine\/#primaryimage"},"thumbnailUrl":"https:\/\/www.garlicline.com\/wp-content\/uploads\/2022\/06\/garlic-powder-making-machine-1-2.jpg","datePublished":"2022-06-24T07:05:04+00:00","dateModified":"2026-01-29T09:52:49+00:00","description":"La machine \u00e0 broyer l'ail en poudre peut rapidement broyer les tranches d'ail s\u00e9ch\u00e9es en poudre d'ail. Elle a une grande efficacit\u00e9 de traitement et peut broyer une vari\u00e9t\u00e9 de mat\u00e9riaux.","breadcrumb":{"@id":"https:\/\/www.garlicline.com\/product\/garlic-powder-grinding-grinder-machine\/#breadcrumb"},"inLanguage":"fr-FR","potentialAction":[{"@type":"ReadAction","target":["https:\/\/www.garlicline.com\/product\/garlic-powder-grinding-grinder-machine\/"]}]},{"@type":"ImageObject","inLanguage":"fr-FR","@id":"https:\/\/www.garlicline.com\/product\/garlic-powder-grinding-grinder-machine\/#primaryimage","url":"https:\/\/www.garlicline.com\/wp-content\/uploads\/2022\/06\/garlic-powder-making-machine-1-2.jpg","contentUrl":"https:\/\/www.garlicline.com\/wp-content\/uploads\/2022\/06\/garlic-powder-making-machine-1-2.jpg","width":600,"height":600,"caption":"garlic powder grinding machine"},{"@type":"BreadcrumbList","@id":"https:\/\/www.garlicline.com\/product\/garlic-powder-grinding-grinder-machine\/#breadcrumb","itemListElement":[{"@type":"ListItem","position":1,"name":"Home","item":"https:\/\/www.garlicline.com\/"},{"@type":"ListItem","position":2,"name":"Products","item":"https:\/\/www.garlicline.com\/products\/"},{"@type":"ListItem","position":3,"name":"200-800kg\/H Garlic Powder Grinding Grinder Machine"}]},{"@type":"WebSite","@id":"https:\/\/www.garlicline.com\/#website","url":"https:\/\/www.garlicline.com\/","name":"ligne d'ail","description":"fournisseur de machines de traitement de l'ail","publisher":{"@id":"https:\/\/www.garlicline.com\/#organization"},"potentialAction":[{"@type":"SearchAction","target":{"@type":"EntryPoint","urlTemplate":"https:\/\/www.garlicline.com\/?s={search_term_string}"},"query-input":{"@type":"PropertyValueSpecification","valueRequired":true,"valueName":"search_term_string"}}],"inLanguage":"fr-FR"},{"@type":"Organization","@id":"https:\/\/www.garlicline.com\/#organization","name":"ligne d'ail","url":"https:\/\/www.garlicline.com\/","logo":{"@type":"ImageObject","inLanguage":"fr-FR","@id":"https:\/\/www.garlicline.com\/#\/schema\/logo\/image\/","url":"https:\/\/www.garlicline.com\/wp-content\/uploads\/2025\/05\/cropped-gelgoog-logo-1.png","contentUrl":"https:\/\/www.garlicline.com\/wp-content\/uploads\/2025\/05\/cropped-gelgoog-logo-1.png","width":434,"height":267,"caption":"garlicline"},"image":{"@id":"https:\/\/www.garlicline.com\/#\/schema\/logo\/image\/"}},false]}},"yasr_visitor_votes":{"stars_attributes":{"read_only":false,"span_bottom":false},"number_of_votes":1,"sum_votes":5},"_links":{"self":[{"href":"https:\/\/www.garlicline.com\/fr\/wp-json\/wp\/v2\/product\/1287","targetHints":{"allow":["GET"]}}],"collection":[{"href":"https:\/\/www.garlicline.com\/fr\/wp-json\/wp\/v2\/product"}],"about":[{"href":"https:\/\/www.garlicline.com\/fr\/wp-json\/wp\/v2\/types\/product"}],"replies":[{"embeddable":true,"href":"https:\/\/www.garlicline.com\/fr\/wp-json\/wp\/v2\/comments?post=1287"}],"version-history":[{"count":0,"href":"https:\/\/www.garlicline.com\/fr\/wp-json\/wp\/v2\/product\/1287\/revisions"}],"wp:featuredmedia":[{"embeddable":true,"href":"https:\/\/www.garlicline.com\/fr\/wp-json\/wp\/v2\/media\/1289"}],"wp:attachment":[{"href":"https:\/\/www.garlicline.com\/fr\/wp-json\/wp\/v2\/media?parent=1287"}],"wp:term":[{"taxonomy":"product_brand","embeddable":true,"href":"https:\/\/www.garlicline.com\/fr\/wp-json\/wp\/v2\/product_brand?post=1287"},{"taxonomy":"product_cat","embeddable":true,"href":"https:\/\/www.garlicline.com\/fr\/wp-json\/wp\/v2\/product_cat?post=1287"},{"taxonomy":"product_tag","embeddable":true,"href":"https:\/\/www.garlicline.com\/fr\/wp-json\/wp\/v2\/product_tag?post=1287"}],"curies":[{"name":"wp","href":"https:\/\/api.w.org\/{rel}","templated":true}]}}