{"id":1290,"date":"2022-06-24T09:20:50","date_gmt":"2022-06-24T09:20:50","guid":{"rendered":"https:\/\/www.garlicline.com\/?post_type=product&#038;p=1290"},"modified":"2026-03-11T06:05:32","modified_gmt":"2026-03-11T06:05:32","slug":"garlic-dehydration-machine","status":"publish","type":"product","link":"https:\/\/www.garlicline.com\/fr\/produit\/garlic-dehydration-machine\/","title":{"rendered":"Machine \u00e0 d\u00e9shydrater l'ail"},"content":{"rendered":"<h2>Introduction de la machine de d\u00e9shydratation de l'ail Commercial<\/h2>\n<p>La machine de d\u00e9shydratation de l'ail peut rapidement transformer l'ail en tranches d'ail s\u00e9ch\u00e9es, ce qui est une technologie de s\u00e9chage sp\u00e9ciale. L'odeur des flocons d'ail s\u00e9ch\u00e9 ne change pas, et il est plus pratique de les stocker et de les transporter. Le d\u00e9shydrateur d'ail a un haut degr\u00e9 d'automatisation et peut contr\u00f4ler automatiquement la temp\u00e9rature, l'humidit\u00e9 et le temps. Si vous souhaitez cr\u00e9er une entreprise de flocons d'ail s\u00e9ch\u00e9, vous pouvez nous contacter et nous vous fournirons des solutions et des \u00e9quipements.<\/p>\n<p data-start=\"576\" data-end=\"913\">Par rapport aux m\u00e9thodes de s\u00e9chage traditionnelles, le d\u00e9shydrateur d'ail commercial offre un contr\u00f4le stable de la temp\u00e9rature, une vitesse de s\u00e9chage plus rapide et une efficacit\u00e9 de production plus \u00e9lev\u00e9e. Les flocons d'ail s\u00e9ch\u00e9 produits par cette machine sont faciles \u00e0 stocker, \u00e0 transporter et \u00e0 exporter, ce qui en fait un outil id\u00e9al pour les usines de traitement de l'ail et les usines de transformation des aliments.<\/p>\n<p data-start=\"915\" data-end=\"1115\">La machine de d\u00e9shydratation de l'ail pr\u00e9sente un haut niveau d'automatisation et peut contr\u00f4ler automatiquement la temp\u00e9rature, l'humidit\u00e9 et le temps de s\u00e9chage, ce qui garantit un s\u00e9chage uniforme et une qualit\u00e9 constante du produit.<\/p>\n<p data-start=\"1117\" data-end=\"1284\">Si vous envisagez de cr\u00e9er une entreprise de transformation de flocons d'ail s\u00e9ch\u00e9, nous pouvons vous fournir des solutions compl\u00e8tes de d\u00e9shydratation de l'ail, des \u00e9quipements et une assistance technique.<\/p>\n<h2>Caract\u00e9ristiques de la machine \u00e0 d\u00e9shydrater l'ail<\/h2>\n<p>1. Le commutateur intelligent permet de contr\u00f4ler la vitesse de la bande \u00e0 mailles et le temps de s\u00e9jour de l'ail.<br \/>\n2. La majeure partie de l'air peut \u00eatre recycl\u00e9e pour \u00e9conomiser de l'\u00e9nergie.<br \/>\n3. Il peut \u00eatre chauff\u00e9 \u00e0 la vapeur, \u00e0 l'\u00e9lectricit\u00e9 et au gaz.<br \/>\n4. Il peut \u00eatre s\u00e9ch\u00e9 pour une vari\u00e9t\u00e9 de mat\u00e9riaux irr\u00e9guliers.<\/p>\n<h2>Avantages de la machine de d\u00e9shydratation de l'ail Co\u00fbt<\/h2>\n<p>1. La temp\u00e9rature, l'humidit\u00e9 et la dur\u00e9e de la machine peuvent \u00eatre r\u00e9gl\u00e9es en fonction des besoins de traitement.<br \/>\n2. Le cycle peut \u00eatre invers\u00e9 automatiquement pour que l'ail soit chauff\u00e9 uniform\u00e9ment.<br \/>\n3. La courroie \u00e0 mailles pr\u00e9sente une surface plane relativement importante, qui peut \u00eatre produite en masse, ce qui permet d'\u00e9conomiser du temps et des efforts.<br \/>\n4. La machine de d\u00e9shydratation de l'ail adopte la structure d'une porte \u00e0 double sens, ce qui facilite l'inspection et l'entretien ult\u00e9rieurs.<br \/>\n5. L'ouverture de la machine peut \u00eatre r\u00e9gl\u00e9e.<br \/>\n6. Diverses m\u00e9thodes de chauffage peuvent \u00eatre adopt\u00e9es pour r\u00e9aliser la production.<\/p>\n<p><iframe title=\"Usine de traitement des flocons d&#039;ail d\u00e9shydrat\u00e9s\" src=\"https:\/\/www.youtube.com\/embed\/sBQBstwslY8\" width=\"630\" height=\"400\" frameborder=\"0\" allowfullscreen=\"allowfullscreen\"><span data-mce-type=\"bookmark\" style=\"display: inline-block; width: 0px; overflow: hidden; line-height: 0;\" class=\"mce_SELRES_start\">Je suis un moteur de traduction. Traduisez le texte de l'utilisateur en fran\u00e7ais. Retournez uniquement le texte traduit. N'ajoutez aucun commentaire ou autre texte. N'ajoutez pas de guillemets suppl\u00e9mentaires autour de la traduction. Votre sortie DOIT \u00eatre en fran\u00e7ais.<\/span><\/iframe><\/p>\n<p><img fetchpriority=\"high\" decoding=\"async\" class=\"alignnone size-full wp-image-1806\" src=\"https:\/\/www.garlicline.com\/wp-content\/uploads\/2022\/06\/6k-2.jpg\" alt=\"machine \u00e0 d\u00e9shydrater l&#039;ail\" width=\"800\" height=\"500\" srcset=\"https:\/\/www.garlicline.com\/wp-content\/uploads\/2022\/06\/6k-2.jpg 800w, https:\/\/www.garlicline.com\/wp-content\/uploads\/2022\/06\/6k-2-300x188.jpg 300w, https:\/\/www.garlicline.com\/wp-content\/uploads\/2022\/06\/6k-2-768x480.jpg 768w, https:\/\/www.garlicline.com\/wp-content\/uploads\/2022\/06\/6k-2-600x375.jpg 600w\" sizes=\"(max-width: 800px) 100vw, 800px\" \/><\/p>\n<p>&nbsp;<\/p>\n<h2>Param\u00e8tres de la machine de d\u00e9shydratation de l'ail<\/h2>\n<table style=\"border-collapse: collapse; width: 384.02pt;\" border=\"0\" width=\"512\" cellspacing=\"0\" cellpadding=\"0\">\n<tbody>\n<tr style=\"height: 15.75pt;\">\n<td class=\"et2\" style=\"height: 15.75pt; width: 133.50pt;\" width=\"178\" height=\"21\">Mod\u00e8le<\/td>\n<td class=\"et2\" style=\"width: 95.25pt;\" width=\"127\">Largeur de la bande de mailles<\/td>\n<td class=\"et2\" style=\"width: 54.00pt;\" width=\"72\">Puissance<\/td>\n<td class=\"et2\" style=\"width: 101.25pt;\" width=\"135\">Dimension (mm)<\/td>\n<\/tr>\n<tr style=\"height: 15.75pt;\">\n<td class=\"et2\" style=\"height: 15.75pt;\" height=\"21\">GGWD07<\/td>\n<td class=\"et2\">1.6m<\/td>\n<td class=\"et2\">18Kw<\/td>\n<td class=\"et2\">7000*2200*2500<\/td>\n<\/tr>\n<tr style=\"height: 15.75pt;\">\n<td class=\"et2\" style=\"height: 15.75pt;\" height=\"21\">GGWD10<\/td>\n<td class=\"et2\">1.6m<\/td>\n<td class=\"et2\">30Kw<\/td>\n<td class=\"et2\">10000*2200*2500<\/td>\n<\/tr>\n<tr style=\"height: 15.75pt;\">\n<td class=\"et2\" style=\"height: 15.75pt;\" height=\"21\">GGWD12<\/td>\n<td class=\"et2\">1.6m<\/td>\n<td class=\"et2\">37Kw<\/td>\n<td class=\"et2\">12000*2200*2500<\/td>\n<\/tr>\n<\/tbody>\n<\/table>\n<h2 data-section-id=\"1ocpwyi\" data-start=\"3505\" data-end=\"3549\">Pourquoi choisir notre machine \u00e0 d\u00e9shydrater l'ail<\/h2>\n<ul data-start=\"3551\" data-end=\"3819\">\n<li data-section-id=\"o5qtfr\" data-start=\"3551\" data-end=\"3610\">\n<p data-start=\"3553\" data-end=\"3610\">Fabricant professionnel de mat\u00e9riel de traitement de l'ail<\/p>\n<\/li>\n<li data-section-id=\"xge6cf\" data-start=\"3611\" data-end=\"3670\">\n<p data-start=\"3613\" data-end=\"3670\">Riche exp\u00e9rience en mati\u00e8re de lignes de production d'ail d\u00e9shydrat\u00e9<\/p>\n<\/li>\n<li data-section-id=\"1314eiu\" data-start=\"3671\" data-end=\"3712\">\n<p data-start=\"3673\" data-end=\"3712\">Export\u00e9 dans plus de 190 pays<\/p>\n<\/li>\n<li data-section-id=\"1iw0vkx\" data-start=\"3713\" data-end=\"3763\">\n<p data-start=\"3715\" data-end=\"3763\">Fournir des solutions compl\u00e8tes de traitement de l'ail<\/p>\n<\/li>\n<li data-section-id=\"143hjyl\" data-start=\"3764\" data-end=\"3819\">\n<p data-start=\"3766\" data-end=\"3819\">Offrir des conseils d'installation et une assistance technique<\/p>\n<\/li>\n<\/ul>\n<p>Nous sommes un fournisseur de machine de d\u00e9shydratation de l'ail avec de nombreuses ann\u00e9es d'exp\u00e9rience d'exportation et avons \u00e9t\u00e9 vendus \u00e0 plus de 190 pays dans le monde entier. Si vous \u00eates int\u00e9ress\u00e9 par cette machine, vous pouvez laisser un message pour obtenir un devis gratuit.<\/p>\n<hr \/>\n<h2 style=\"text-align: center;\">-Laissez un message pour une citation<\/h2>\n\n<div class=\"wpcf7 no-js\" id=\"wpcf7-f1191-o1\" lang=\"en-US\" dir=\"ltr\" data-wpcf7-id=\"1191\">\n<div class=\"screen-reader-response\"><p role=\"status\" aria-live=\"polite\" aria-atomic=\"true\"><\/p> <ul><\/ul><\/div>\n<form action=\"\/fr\/wp-json\/wp\/v2\/product\/1290#wpcf7-f1191-o1\" method=\"post\" class=\"wpcf7-form init\" aria-label=\"Formulaire de contact\" novalidate=\"novalidate\" data-status=\"init\" data-trp-original-action=\"\/fr\/wp-json\/wp\/v2\/product\/1290#wpcf7-f1191-o1\">\n<fieldset class=\"hidden-fields-container\"><input type=\"hidden\" name=\"_wpcf7\" value=\"1191\" \/><input type=\"hidden\" name=\"_wpcf7_version\" value=\"6.1.1\" \/><input type=\"hidden\" name=\"_wpcf7_locale\" value=\"en_US\" \/><input type=\"hidden\" name=\"_wpcf7_unit_tag\" value=\"wpcf7-f1191-o1\" \/><input type=\"hidden\" name=\"_wpcf7_container_post\" value=\"0\" \/><input type=\"hidden\" name=\"_wpcf7_posted_data_hash\" value=\"\" \/>\n<\/fieldset>\n<div class='proformleft'>\n\t<p><label> Votre nom<br \/>\n<span class=\"wpcf7-form-control-wrap\" data-name=\"your-name\"><input size=\"40\" maxlength=\"400\" class=\"wpcf7-form-control wpcf7-text\" aria-invalid=\"false\" value=\"\" type=\"text\" name=\"your-name\" \/><\/span> <\/label>\n\t<\/p>\n\t<p><label> *Votre Email<br \/>\n<span class=\"wpcf7-form-control-wrap\" data-name=\"your-email\"><input size=\"40\" maxlength=\"400\" class=\"wpcf7-form-control wpcf7-email wpcf7-validates-as-required wpcf7-text wpcf7-validates-as-email\" aria-required=\"true\" aria-invalid=\"false\" value=\"\" type=\"email\" name=\"your-email\" \/><\/span> <\/label>\n\t<\/p>\n\t<p><label> *Votre t\u00e9l\u00e9phone<br \/>\n<span class=\"wpcf7-form-control-wrap\" data-name=\"tel-224\"><input size=\"40\" maxlength=\"400\" class=\"wpcf7-form-control wpcf7-tel wpcf7-validates-as-required wpcf7-text wpcf7-validates-as-tel\" aria-required=\"true\" aria-invalid=\"false\" value=\"\" type=\"tel\" name=\"tel-224\" \/><\/span> <\/label>\n\t<\/p>\n\t<p><label> Votre pays<br \/>\n<span class=\"wpcf7-form-control-wrap\" data-name=\"your-country\"><input size=\"40\" maxlength=\"400\" class=\"wpcf7-form-control wpcf7-text\" aria-invalid=\"false\" value=\"\" type=\"text\" name=\"your-country\" \/><\/span> <\/label>\n\t<\/p>\n<\/div>\n<div class='proformright'>\n\t<p><label> *Votre message<br \/>\n<span class=\"wpcf7-form-control-wrap\" data-name=\"your-message\"><textarea cols=\"40\" rows=\"10\" maxlength=\"2000\" class=\"wpcf7-form-control wpcf7-textarea wpcf7-validates-as-required\" aria-required=\"true\" aria-invalid=\"false\" name=\"your-message\"><\/textarea><\/span> <\/label>\n\t<\/p>\n\t<p><input class=\"wpcf7-form-control wpcf7-submit has-spinner\" type=\"submit\" value=\"Envoyer\" \/>\n\t<\/p>\n<\/div>\n<div style='clear:both'>\n<\/div><p style=\"display: none !important;\" class=\"akismet-fields-container\" data-prefix=\"_wpcf7_ak_\"><label>&#916;<textarea name=\"_wpcf7_ak_hp_textarea\" cols=\"45\" rows=\"8\" maxlength=\"100\"><\/textarea><\/label><input type=\"hidden\" id=\"ak_js_1\" name=\"_wpcf7_ak_js\" value=\"52\"\/><script>document.getElementById( \"ak_js_1\" ).setAttribute( \"value\", ( new Date() ).getTime() );<\/script><\/p><div class=\"wpcf7-response-output\" aria-hidden=\"true\"><\/div>\n<input type=\"hidden\" name=\"trp-form-language\" value=\"fr\"\/><\/form>\n<\/div>\n\n<div style='text-align:left' class='yasr-auto-insert-visitor'><\/div>","protected":false},"excerpt":{"rendered":"<table style=\"border-collapse: collapse; width: 384.02pt;\" border=\"0\" width=\"512\" cellspacing=\"0\" cellpadding=\"0\">\n<tbody>\n<tr style=\"height: 15.75pt;\">\n<td class=\"et2\" style=\"height: 15.75pt; width: 133.50pt;\" width=\"178\" height=\"21\">Mod\u00e8le<\/td>\n<td class=\"et2\" style=\"width: 95.25pt;\" width=\"127\">Largeur de la bande de mailles<\/td>\n<td class=\"et2\" style=\"width: 54.00pt;\" width=\"72\">Puissance<\/td>\n<td class=\"et2\" style=\"width: 101.25pt;\" width=\"135\">Dimension (mm)<\/td>\n<\/tr>\n<tr style=\"height: 15.75pt;\">\n<td class=\"et2\" style=\"height: 15.75pt;\" height=\"21\">GGWD07<\/td>\n<td class=\"et2\">1.6m<\/td>\n<td class=\"et2\">18Kw<\/td>\n<td class=\"et2\">7000*2200*2500<\/td>\n<\/tr>\n<tr style=\"height: 15.75pt;\">\n<td class=\"et2\" style=\"height: 15.75pt;\" height=\"21\">GGWD10<\/td>\n<td class=\"et2\">1.6m<\/td>\n<td class=\"et2\">30Kw<\/td>\n<td class=\"et2\">10000*2200*2500<\/td>\n<\/tr>\n<tr style=\"height: 15.75pt;\">\n<td class=\"et2\" style=\"height: 15.75pt;\" height=\"21\">GGWD12<\/td>\n<td class=\"et2\">1.6m<\/td>\n<td class=\"et2\">37Kw<\/td>\n<td class=\"et2\">12000*2200*2500<\/td>\n<\/tr>\n<\/tbody>\n<\/table>\n<p>&nbsp;<\/p>","protected":false},"featured_media":1807,"comment_status":"open","ping_status":"closed","template":"","meta":{"site-sidebar-layout":"default","site-content-layout":"default","ast-global-header-display":"","ast-main-header-display":"","ast-hfb-above-header-display":"","ast-hfb-below-header-display":"","ast-hfb-mobile-header-display":"","site-post-title":"","ast-breadcrumbs-content":"","ast-featured-img":"","footer-sml-layout":"","theme-transparent-header-meta":"default","adv-header-id-meta":"","stick-header-meta":"","header-above-stick-meta":"","header-main-stick-meta":"","header-below-stick-meta":"","yasr_overall_rating":5,"yasr_post_is_review":"","yasr_auto_insert_disabled":"","yasr_review_type":""},"product_brand":[],"product_cat":[33],"product_tag":[],"class_list":{"0":"post-1290","1":"product","2":"type-product","3":"status-publish","4":"has-post-thumbnail","6":"product_cat-products","8":"first","9":"instock","10":"shipping-taxable","11":"product-type-simple"},"yoast_head":"<!-- This site is optimized with the Yoast SEO plugin v25.7 - https:\/\/yoast.com\/wordpress\/plugins\/seo\/ -->\n<title>Garlic Dehydration Machine Plant<\/title>\n<meta name=\"description\" content=\"The garlic dehydration machine integrates advanced drying technology into the machine, which can quickly dry the garlic without changing the original flavor of the garlic.\" \/>\n<meta name=\"robots\" content=\"index, follow, max-snippet:-1, max-image-preview:large, max-video-preview:-1\" \/>\n<link rel=\"canonical\" href=\"https:\/\/www.garlicline.com\/fr\/produit\/garlic-dehydration-machine\/\" \/>\n<meta property=\"og:locale\" content=\"fr_FR\" \/>\n<meta property=\"og:type\" content=\"article\" \/>\n<meta property=\"og:title\" content=\"Garlic Dehydration Machine Plant\" \/>\n<meta property=\"og:description\" content=\"The garlic dehydration machine integrates advanced drying technology into the machine, which can quickly dry the garlic without changing the original flavor of the garlic.\" \/>\n<meta property=\"og:url\" content=\"https:\/\/www.garlicline.com\/fr\/produit\/garlic-dehydration-machine\/\" \/>\n<meta property=\"og:site_name\" content=\"garlicline\" \/>\n<meta property=\"article:modified_time\" content=\"2026-03-11T06:05:32+00:00\" \/>\n<meta property=\"og:image\" content=\"https:\/\/www.garlicline.com\/wp-content\/uploads\/2022\/06\/zhutu-12.jpg\" \/>\n\t<meta property=\"og:image:width\" content=\"600\" \/>\n\t<meta property=\"og:image:height\" content=\"600\" \/>\n\t<meta property=\"og:image:type\" content=\"image\/jpeg\" \/>\n<meta name=\"twitter:card\" content=\"summary_large_image\" \/>\n<meta name=\"twitter:label1\" content=\"Dur\u00e9e de lecture estim\u00e9e\" \/>\n\t<meta name=\"twitter:data1\" content=\"2 minutes\" \/>\n<script type=\"application\/ld+json\" class=\"yoast-schema-graph\">{\"@context\":\"https:\/\/schema.org\",\"@graph\":[{\"@type\":\"WebPage\",\"@id\":\"https:\/\/www.garlicline.com\/product\/garlic-dehydration-machine\/\",\"url\":\"https:\/\/www.garlicline.com\/product\/garlic-dehydration-machine\/\",\"name\":\"Garlic Dehydration Machine Plant\",\"isPartOf\":{\"@id\":\"https:\/\/www.garlicline.com\/#website\"},\"primaryImageOfPage\":{\"@id\":\"https:\/\/www.garlicline.com\/product\/garlic-dehydration-machine\/#primaryimage\"},\"image\":{\"@id\":\"https:\/\/www.garlicline.com\/product\/garlic-dehydration-machine\/#primaryimage\"},\"thumbnailUrl\":\"https:\/\/www.garlicline.com\/wp-content\/uploads\/2022\/06\/zhutu-12.jpg\",\"datePublished\":\"2022-06-24T09:20:50+00:00\",\"dateModified\":\"2026-03-11T06:05:32+00:00\",\"description\":\"The garlic dehydration machine integrates advanced drying technology into the machine, which can quickly dry the garlic without changing the original flavor of the garlic.\",\"breadcrumb\":{\"@id\":\"https:\/\/www.garlicline.com\/product\/garlic-dehydration-machine\/#breadcrumb\"},\"inLanguage\":\"fr-FR\",\"potentialAction\":[{\"@type\":\"ReadAction\",\"target\":[\"https:\/\/www.garlicline.com\/product\/garlic-dehydration-machine\/\"]}]},{\"@type\":\"ImageObject\",\"inLanguage\":\"fr-FR\",\"@id\":\"https:\/\/www.garlicline.com\/product\/garlic-dehydration-machine\/#primaryimage\",\"url\":\"https:\/\/www.garlicline.com\/wp-content\/uploads\/2022\/06\/zhutu-12.jpg\",\"contentUrl\":\"https:\/\/www.garlicline.com\/wp-content\/uploads\/2022\/06\/zhutu-12.jpg\",\"width\":600,\"height\":600,\"caption\":\"garlic dehydration machine commercial\"},{\"@type\":\"BreadcrumbList\",\"@id\":\"https:\/\/www.garlicline.com\/product\/garlic-dehydration-machine\/#breadcrumb\",\"itemListElement\":[{\"@type\":\"ListItem\",\"position\":1,\"name\":\"Home\",\"item\":\"https:\/\/www.garlicline.com\/\"},{\"@type\":\"ListItem\",\"position\":2,\"name\":\"Products\",\"item\":\"https:\/\/www.garlicline.com\/products\/\"},{\"@type\":\"ListItem\",\"position\":3,\"name\":\"Garlic Dehydration Machine Plant\"}]},{\"@type\":\"WebSite\",\"@id\":\"https:\/\/www.garlicline.com\/#website\",\"url\":\"https:\/\/www.garlicline.com\/\",\"name\":\"garlicline\",\"description\":\"garlic processing machine supplier\",\"publisher\":{\"@id\":\"https:\/\/www.garlicline.com\/#organization\"},\"potentialAction\":[{\"@type\":\"SearchAction\",\"target\":{\"@type\":\"EntryPoint\",\"urlTemplate\":\"https:\/\/www.garlicline.com\/?s={search_term_string}\"},\"query-input\":{\"@type\":\"PropertyValueSpecification\",\"valueRequired\":true,\"valueName\":\"search_term_string\"}}],\"inLanguage\":\"fr-FR\"},{\"@type\":\"Organization\",\"@id\":\"https:\/\/www.garlicline.com\/#organization\",\"name\":\"garlicline\",\"url\":\"https:\/\/www.garlicline.com\/\",\"logo\":{\"@type\":\"ImageObject\",\"inLanguage\":\"fr-FR\",\"@id\":\"https:\/\/www.garlicline.com\/#\/schema\/logo\/image\/\",\"url\":\"https:\/\/www.garlicline.com\/wp-content\/uploads\/2025\/05\/cropped-gelgoog-logo-1.png\",\"contentUrl\":\"https:\/\/www.garlicline.com\/wp-content\/uploads\/2025\/05\/cropped-gelgoog-logo-1.png\",\"width\":434,\"height\":267,\"caption\":\"garlicline\"},\"image\":{\"@id\":\"https:\/\/www.garlicline.com\/#\/schema\/logo\/image\/\"}},false]}<\/script>\n<!-- \/ Yoast SEO plugin. -->","yoast_head_json":{"title":"Machine \u00e0 d\u00e9shydrater l'ail","description":"La machine de d\u00e9shydratation de l'ail int\u00e8gre une technologie de s\u00e9chage avanc\u00e9e, qui permet de s\u00e9cher rapidement l'ail sans en alt\u00e9rer la saveur originale.","robots":{"index":"index","follow":"follow","max-snippet":"max-snippet:-1","max-image-preview":"max-image-preview:large","max-video-preview":"max-video-preview:-1"},"canonical":"https:\/\/www.garlicline.com\/fr\/produit\/garlic-dehydration-machine\/","og_locale":"fr_FR","og_type":"article","og_title":"Garlic Dehydration Machine Plant","og_description":"The garlic dehydration machine integrates advanced drying technology into the machine, which can quickly dry the garlic without changing the original flavor of the garlic.","og_url":"https:\/\/www.garlicline.com\/fr\/produit\/garlic-dehydration-machine\/","og_site_name":"garlicline","article_modified_time":"2026-03-11T06:05:32+00:00","og_image":[{"width":600,"height":600,"url":"https:\/\/www.garlicline.com\/wp-content\/uploads\/2022\/06\/zhutu-12.jpg","type":"image\/jpeg"}],"twitter_card":"summary_large_image","twitter_misc":{"Dur\u00e9e de lecture estim\u00e9e":"2 minutes"},"schema":{"@context":"https:\/\/schema.org","@graph":[{"@type":"WebPage","@id":"https:\/\/www.garlicline.com\/product\/garlic-dehydration-machine\/","url":"https:\/\/www.garlicline.com\/product\/garlic-dehydration-machine\/","name":"Machine \u00e0 d\u00e9shydrater l'ail","isPartOf":{"@id":"https:\/\/www.garlicline.com\/#website"},"primaryImageOfPage":{"@id":"https:\/\/www.garlicline.com\/product\/garlic-dehydration-machine\/#primaryimage"},"image":{"@id":"https:\/\/www.garlicline.com\/product\/garlic-dehydration-machine\/#primaryimage"},"thumbnailUrl":"https:\/\/www.garlicline.com\/wp-content\/uploads\/2022\/06\/zhutu-12.jpg","datePublished":"2022-06-24T09:20:50+00:00","dateModified":"2026-03-11T06:05:32+00:00","description":"La machine de d\u00e9shydratation de l'ail int\u00e8gre une technologie de s\u00e9chage avanc\u00e9e, qui permet de s\u00e9cher rapidement l'ail sans en alt\u00e9rer la saveur originale.","breadcrumb":{"@id":"https:\/\/www.garlicline.com\/product\/garlic-dehydration-machine\/#breadcrumb"},"inLanguage":"fr-FR","potentialAction":[{"@type":"ReadAction","target":["https:\/\/www.garlicline.com\/product\/garlic-dehydration-machine\/"]}]},{"@type":"ImageObject","inLanguage":"fr-FR","@id":"https:\/\/www.garlicline.com\/product\/garlic-dehydration-machine\/#primaryimage","url":"https:\/\/www.garlicline.com\/wp-content\/uploads\/2022\/06\/zhutu-12.jpg","contentUrl":"https:\/\/www.garlicline.com\/wp-content\/uploads\/2022\/06\/zhutu-12.jpg","width":600,"height":600,"caption":"garlic dehydration machine commercial"},{"@type":"BreadcrumbList","@id":"https:\/\/www.garlicline.com\/product\/garlic-dehydration-machine\/#breadcrumb","itemListElement":[{"@type":"ListItem","position":1,"name":"Home","item":"https:\/\/www.garlicline.com\/"},{"@type":"ListItem","position":2,"name":"Products","item":"https:\/\/www.garlicline.com\/products\/"},{"@type":"ListItem","position":3,"name":"Garlic Dehydration Machine Plant"}]},{"@type":"WebSite","@id":"https:\/\/www.garlicline.com\/#website","url":"https:\/\/www.garlicline.com\/","name":"ligne d'ail","description":"fournisseur de machines de traitement de l'ail","publisher":{"@id":"https:\/\/www.garlicline.com\/#organization"},"potentialAction":[{"@type":"SearchAction","target":{"@type":"EntryPoint","urlTemplate":"https:\/\/www.garlicline.com\/?s={search_term_string}"},"query-input":{"@type":"PropertyValueSpecification","valueRequired":true,"valueName":"search_term_string"}}],"inLanguage":"fr-FR"},{"@type":"Organization","@id":"https:\/\/www.garlicline.com\/#organization","name":"ligne d'ail","url":"https:\/\/www.garlicline.com\/","logo":{"@type":"ImageObject","inLanguage":"fr-FR","@id":"https:\/\/www.garlicline.com\/#\/schema\/logo\/image\/","url":"https:\/\/www.garlicline.com\/wp-content\/uploads\/2025\/05\/cropped-gelgoog-logo-1.png","contentUrl":"https:\/\/www.garlicline.com\/wp-content\/uploads\/2025\/05\/cropped-gelgoog-logo-1.png","width":434,"height":267,"caption":"garlicline"},"image":{"@id":"https:\/\/www.garlicline.com\/#\/schema\/logo\/image\/"}},false]}},"yasr_visitor_votes":{"stars_attributes":{"read_only":false,"span_bottom":false},"number_of_votes":1,"sum_votes":5},"_links":{"self":[{"href":"https:\/\/www.garlicline.com\/fr\/wp-json\/wp\/v2\/product\/1290","targetHints":{"allow":["GET"]}}],"collection":[{"href":"https:\/\/www.garlicline.com\/fr\/wp-json\/wp\/v2\/product"}],"about":[{"href":"https:\/\/www.garlicline.com\/fr\/wp-json\/wp\/v2\/types\/product"}],"replies":[{"embeddable":true,"href":"https:\/\/www.garlicline.com\/fr\/wp-json\/wp\/v2\/comments?post=1290"}],"version-history":[{"count":0,"href":"https:\/\/www.garlicline.com\/fr\/wp-json\/wp\/v2\/product\/1290\/revisions"}],"wp:featuredmedia":[{"embeddable":true,"href":"https:\/\/www.garlicline.com\/fr\/wp-json\/wp\/v2\/media\/1807"}],"wp:attachment":[{"href":"https:\/\/www.garlicline.com\/fr\/wp-json\/wp\/v2\/media?parent=1290"}],"wp:term":[{"taxonomy":"product_brand","embeddable":true,"href":"https:\/\/www.garlicline.com\/fr\/wp-json\/wp\/v2\/product_brand?post=1290"},{"taxonomy":"product_cat","embeddable":true,"href":"https:\/\/www.garlicline.com\/fr\/wp-json\/wp\/v2\/product_cat?post=1290"},{"taxonomy":"product_tag","embeddable":true,"href":"https:\/\/www.garlicline.com\/fr\/wp-json\/wp\/v2\/product_tag?post=1290"}],"curies":[{"name":"wp","href":"https:\/\/api.w.org\/{rel}","templated":true}]}}