{"id":1296,"date":"2022-06-27T06:42:19","date_gmt":"2022-06-27T06:42:19","guid":{"rendered":"https:\/\/www.garlicline.com\/?post_type=product&#038;p=1296"},"modified":"2022-10-22T06:52:36","modified_gmt":"2022-10-22T06:52:36","slug":"industrial-garlic-slicing-machine","status":"publish","type":"product","link":"https:\/\/www.garlicline.com\/fr\/produit\/industrial-garlic-slicing-machine\/","title":{"rendered":"Prix de la machine \u00e0 trancher l'ail industrielle"},"content":{"rendered":"<h2>Introduction de la machine \u00e0 trancher l'ail<\/h2>\n<p>La machine \u00e0 trancher l'ail coupe rapidement l'ail en fines tranches en vue du s\u00e9chage de l'ail tranch\u00e9. La machine \u00e0 trancher l'ail peut couper l'ail, le gingembre, les carottes, les pousses de bambou, les pommes de terre et d'autres mat\u00e9riaux. Elle pr\u00e9sente les avantages d'une grande praticabilit\u00e9, d'une petite taille, d'un grand rendement, d'un fonctionnement stable et d'une production personnalisable.<\/p>\n<h2>Avantages de la machine \u00e0 trancher l'ail \u00e0 vendre<\/h2>\n<p>1. Mat\u00e9riau en acier inoxydable, ne craignant pas la corrosion de l'huile d'ail, longue dur\u00e9e d'utilisation.<br \/>\n2. La lame peut \u00eatre r\u00e9gl\u00e9e pour couper le mat\u00e9riau en diff\u00e9rentes formes, filaments ou feuilles.<br \/>\n3. L'\u00e9paisseur du prix de la machine \u00e0 trancher l'ail peut \u00eatre ajust\u00e9e en fonction des diff\u00e9rentes techniques de traitement.<br \/>\n4. La surface de la tranche d'ail est lisse et le produit fini est de bonne qualit\u00e9.<br \/>\n5. La lame de cette machine est bien aiguis\u00e9e et peut trancher l'ail rapidement.<br \/>\n6. Les pi\u00e8ces m\u00e9caniques sont faciles \u00e0 d\u00e9monter, \u00e0 nettoyer et \u00e0 entretenir.<br \/>\n7. La machine \u00e0 trancher l'ail peut \u00eatre aliment\u00e9e par une tension de 220V.<br \/>\n8. Fonctionnement stable et absence de pollution sonore.<\/p>\n<p><img fetchpriority=\"high\" decoding=\"async\" class=\"alignnone size-full wp-image-1297\" src=\"https:\/\/www.garlicline.com\/wp-content\/uploads\/2022\/06\/22k-2.jpg\" alt=\"machine \u00e0 trancher l&#039;ail\" width=\"800\" height=\"500\" srcset=\"https:\/\/www.garlicline.com\/wp-content\/uploads\/2022\/06\/22k-2.jpg 800w, https:\/\/www.garlicline.com\/wp-content\/uploads\/2022\/06\/22k-2-300x188.jpg 300w, https:\/\/www.garlicline.com\/wp-content\/uploads\/2022\/06\/22k-2-768x480.jpg 768w, https:\/\/www.garlicline.com\/wp-content\/uploads\/2022\/06\/22k-2-600x375.jpg 600w\" sizes=\"(max-width: 800px) 100vw, 800px\" \/><\/p>\n<h2>Utilisation et fonctionnement de la machine \u00e0 trancher l'ail<\/h2>\n<p>1. Afin d'obtenir l'effet de transformation, le mat\u00e9riau doit \u00eatre nettoy\u00e9 avant la coupe et ne doit pas contenir de sable, de coquille dure et de cuir, sinon la lame sera endommag\u00e9e, la dur\u00e9e de vie de la lame sera r\u00e9duite et il y aura des objets \u00e9trangers cass\u00e9s apr\u00e8s la transformation en boue, ce qui affectera la qualit\u00e9 de l'aliment.<br \/>\n2. Une fois que tout est normal, le mat\u00e9riau peut \u00eatre introduit dans la tr\u00e9mie. Si le mat\u00e9riau de la machine \u00e0 trancher l'ail est trop long, il peut \u00eatre coup\u00e9 avant d'\u00eatre introduit dans la machine.<br \/>\n3. La machine \u00e0 trancher l'ail \u00e0 vendre a \u00e9t\u00e9 d\u00e9bogu\u00e9e avant de quitter l'usine, et tout est normal avant de quitter l'usine. Cependant, en raison du processus de transport, les boulons et d'autres \u00e9l\u00e9ments peuvent \u00eatre desserr\u00e9s. Veuillez v\u00e9rifier que l'\u00e9quipement est en bon \u00e9tat avant de l'utiliser.<\/p>\n<p><iframe title=\"Lecteur vid\u00e9o YouTube\" src=\"https:\/\/www.youtube.com\/embed\/flNKOfCoMFc\" width=\"800\" height=\"450\" frameborder=\"0\" allowfullscreen=\"allowfullscreen\"><span data-mce-type=\"bookmark\" style=\"display: inline-block; width: 0px; overflow: hidden; line-height: 0;\" class=\"mce_SELRES_start\">Je suis un moteur de traduction. Traduisez le texte de l'utilisateur en fran\u00e7ais. Retournez uniquement le texte traduit. N'ajoutez aucun commentaire ou autre texte. N'ajoutez pas de guillemets suppl\u00e9mentaires autour de la traduction. Votre sortie DOIT \u00eatre en fran\u00e7ais.<\/span><\/iframe><\/p>\n<h2>Param\u00e8tres de la machine \u00e0 trancher l'ail<\/h2>\n<table>\n<tbody>\n<tr>\n<td width=\"284\">Mod\u00e8le<\/td>\n<td width=\"284\">GG-501<\/td>\n<\/tr>\n<tr>\n<td width=\"284\">\u00c9paisseur de la bande<\/td>\n<td width=\"284\">1,5-5mm r\u00e9glable<\/td>\n<\/tr>\n<tr>\n<td width=\"284\">Longueur de la bande<\/td>\n<td width=\"284\">le plus long de 20cm<\/td>\n<\/tr>\n<tr>\n<td width=\"284\">Sp\u00e9cification de la tranche<\/td>\n<td width=\"284\">1-8mm<\/td>\n<\/tr>\n<tr>\n<td width=\"284\">Capacit\u00e9<\/td>\n<td width=\"284\">\u00a0500-800kg\/h<\/td>\n<\/tr>\n<tr>\n<td width=\"284\">Puissance<\/td>\n<td width=\"284\">220V, 1HP<\/td>\n<\/tr>\n<tr>\n<td width=\"284\">Dimension<\/td>\n<td width=\"284\">650*550*880mm<\/td>\n<\/tr>\n<\/tbody>\n<\/table>\n<h2>Champ d'application de la machine \u00e0 trancher l'ail \u00e0 vendre<\/h2>\n<p>La machine \u00e0 trancher l'ail peut trancher divers fruits et l\u00e9gumes tels que le gingembre, la carotte, la pomme de terre, la patate douce, l'igname, la racine de lotus, le concombre l\u00e9ger, la banane, la pomme, l'ananas, etc. Il peut \u00eatre utilis\u00e9 dans les grands restaurants, les h\u00f4tels, les cuisines centrales, les \u00e9coles et autres.<\/p>\n<p>L'ail tranch\u00e9 peut \u00eatre trait\u00e9 et s\u00e9ch\u00e9. Nous disposons \u00e9galement d'un s\u00e9choir \u00e0 tranches d'ail et d'un <a href=\"https:\/\/www.garlicline.com\/fr\/garlic-flakes-production-line\/\"><strong>ligne de production de flocons d'ail<\/strong><\/a>. Si vous souhaitez obtenir des informations sur les machines, veuillez laisser un message pour les obtenir gratuitement.<\/p>\n<hr \/>\n<h2 style=\"text-align: center;\">-Laissez un message pour une citation<\/h2>\n<p>&nbsp;<\/p>\n\n<div class=\"wpcf7 no-js\" id=\"wpcf7-f1191-o1\" lang=\"en-US\" dir=\"ltr\" data-wpcf7-id=\"1191\">\n<div class=\"screen-reader-response\"><p role=\"status\" aria-live=\"polite\" aria-atomic=\"true\"><\/p> <ul><\/ul><\/div>\n<form action=\"\/fr\/wp-json\/wp\/v2\/product\/1296#wpcf7-f1191-o1\" method=\"post\" class=\"wpcf7-form init\" aria-label=\"Formulaire de contact\" novalidate=\"novalidate\" data-status=\"init\" data-trp-original-action=\"\/fr\/wp-json\/wp\/v2\/product\/1296#wpcf7-f1191-o1\">\n<fieldset class=\"hidden-fields-container\"><input type=\"hidden\" name=\"_wpcf7\" value=\"1191\" \/><input type=\"hidden\" name=\"_wpcf7_version\" value=\"6.1.1\" \/><input type=\"hidden\" name=\"_wpcf7_locale\" value=\"en_US\" \/><input type=\"hidden\" name=\"_wpcf7_unit_tag\" value=\"wpcf7-f1191-o1\" \/><input type=\"hidden\" name=\"_wpcf7_container_post\" value=\"0\" \/><input type=\"hidden\" name=\"_wpcf7_posted_data_hash\" value=\"\" \/>\n<\/fieldset>\n<div class='proformleft'>\n\t<p><label> Votre nom<br \/>\n<span class=\"wpcf7-form-control-wrap\" data-name=\"your-name\"><input size=\"40\" maxlength=\"400\" class=\"wpcf7-form-control wpcf7-text\" aria-invalid=\"false\" value=\"\" type=\"text\" name=\"your-name\" \/><\/span> <\/label>\n\t<\/p>\n\t<p><label> *Votre Email<br \/>\n<span class=\"wpcf7-form-control-wrap\" data-name=\"your-email\"><input size=\"40\" maxlength=\"400\" class=\"wpcf7-form-control wpcf7-email wpcf7-validates-as-required wpcf7-text wpcf7-validates-as-email\" aria-required=\"true\" aria-invalid=\"false\" value=\"\" type=\"email\" name=\"your-email\" \/><\/span> <\/label>\n\t<\/p>\n\t<p><label> *Votre t\u00e9l\u00e9phone<br \/>\n<span class=\"wpcf7-form-control-wrap\" data-name=\"tel-224\"><input size=\"40\" maxlength=\"400\" class=\"wpcf7-form-control wpcf7-tel wpcf7-validates-as-required wpcf7-text wpcf7-validates-as-tel\" aria-required=\"true\" aria-invalid=\"false\" value=\"\" type=\"tel\" name=\"tel-224\" \/><\/span> <\/label>\n\t<\/p>\n\t<p><label> Votre pays<br \/>\n<span class=\"wpcf7-form-control-wrap\" data-name=\"your-country\"><input size=\"40\" maxlength=\"400\" class=\"wpcf7-form-control wpcf7-text\" aria-invalid=\"false\" value=\"\" type=\"text\" name=\"your-country\" \/><\/span> <\/label>\n\t<\/p>\n<\/div>\n<div class='proformright'>\n\t<p><label> *Votre message<br \/>\n<span class=\"wpcf7-form-control-wrap\" data-name=\"your-message\"><textarea cols=\"40\" rows=\"10\" maxlength=\"2000\" class=\"wpcf7-form-control wpcf7-textarea wpcf7-validates-as-required\" aria-required=\"true\" aria-invalid=\"false\" name=\"your-message\"><\/textarea><\/span> <\/label>\n\t<\/p>\n\t<p><input class=\"wpcf7-form-control wpcf7-submit has-spinner\" type=\"submit\" value=\"Envoyer\" \/>\n\t<\/p>\n<\/div>\n<div style='clear:both'>\n<\/div><p style=\"display: none !important;\" class=\"akismet-fields-container\" data-prefix=\"_wpcf7_ak_\"><label>&#916;<textarea name=\"_wpcf7_ak_hp_textarea\" cols=\"45\" rows=\"8\" maxlength=\"100\"><\/textarea><\/label><input type=\"hidden\" id=\"ak_js_1\" name=\"_wpcf7_ak_js\" value=\"173\"\/><script>document.getElementById( \"ak_js_1\" ).setAttribute( \"value\", ( new Date() ).getTime() );<\/script><\/p><div class=\"wpcf7-response-output\" aria-hidden=\"true\"><\/div>\n<input type=\"hidden\" name=\"trp-form-language\" value=\"fr\"\/><\/form>\n<\/div>\n\n<p>&nbsp;<\/p>\n<div style='text-align:left' class='yasr-auto-insert-visitor'><\/div>","protected":false},"excerpt":{"rendered":"<table>\n<tbody>\n<tr>\n<td width=\"284\">Mod\u00e8le<\/td>\n<td width=\"284\">GG-501<\/td>\n<\/tr>\n<tr>\n<td width=\"284\">\u00c9paisseur de la bande<\/td>\n<td width=\"284\">1,5-5mm r\u00e9glable<\/td>\n<\/tr>\n<tr>\n<td width=\"284\">Longueur de la bande<\/td>\n<td width=\"284\">le plus long de 20cm<\/td>\n<\/tr>\n<tr>\n<td width=\"284\">Sp\u00e9cification de la tranche<\/td>\n<td width=\"284\">1-8mm<\/td>\n<\/tr>\n<tr>\n<td width=\"284\">Capacit\u00e9<\/td>\n<td width=\"284\">\u00a0500-800kg\/h<\/td>\n<\/tr>\n<tr>\n<td width=\"284\">Puissance<\/td>\n<td width=\"284\">220V, 1HP<\/td>\n<\/tr>\n<tr>\n<td width=\"284\">Dimension<\/td>\n<td width=\"284\">650*550*880mm<\/td>\n<\/tr>\n<\/tbody>\n<\/table>","protected":false},"featured_media":1298,"comment_status":"open","ping_status":"closed","template":"","meta":{"site-sidebar-layout":"default","site-content-layout":"default","ast-global-header-display":"","ast-main-header-display":"","ast-hfb-above-header-display":"","ast-hfb-below-header-display":"","ast-hfb-mobile-header-display":"","site-post-title":"","ast-breadcrumbs-content":"","ast-featured-img":"","footer-sml-layout":"","theme-transparent-header-meta":"default","adv-header-id-meta":"","stick-header-meta":"","header-above-stick-meta":"","header-main-stick-meta":"","header-below-stick-meta":"","yasr_overall_rating":0,"yasr_post_is_review":"","yasr_auto_insert_disabled":"","yasr_review_type":""},"product_brand":[],"product_cat":[33],"product_tag":[],"class_list":{"0":"post-1296","1":"product","2":"type-product","3":"status-publish","4":"has-post-thumbnail","6":"product_cat-products","8":"first","9":"instock","10":"shipping-taxable","11":"product-type-simple"},"yoast_head":"<!-- This site is optimized with the Yoast SEO plugin v25.7 - https:\/\/yoast.com\/wordpress\/plugins\/seo\/ -->\n<title>Industrial Garlic Slicing Machine Price<\/title>\n<meta name=\"description\" content=\"Garlic slicing slicer machine is a machine with small size, high slicing rate and good production efficiency, which can slice and shred various materials.\" \/>\n<meta name=\"robots\" content=\"index, follow, max-snippet:-1, max-image-preview:large, max-video-preview:-1\" \/>\n<link rel=\"canonical\" href=\"https:\/\/www.garlicline.com\/fr\/produit\/industrial-garlic-slicing-machine\/\" \/>\n<meta property=\"og:locale\" content=\"fr_FR\" \/>\n<meta property=\"og:type\" content=\"article\" \/>\n<meta property=\"og:title\" content=\"Industrial Garlic Slicing Machine Price\" \/>\n<meta property=\"og:description\" content=\"Garlic slicing slicer machine is a machine with small size, high slicing rate and good production efficiency, which can slice and shred various materials.\" \/>\n<meta property=\"og:url\" content=\"https:\/\/www.garlicline.com\/fr\/produit\/industrial-garlic-slicing-machine\/\" \/>\n<meta property=\"og:site_name\" content=\"garlicline\" \/>\n<meta property=\"article:modified_time\" content=\"2022-10-22T06:52:36+00:00\" \/>\n<meta property=\"og:image\" content=\"https:\/\/www.garlicline.com\/wp-content\/uploads\/2022\/06\/23zhutu-1.jpg\" \/>\n\t<meta property=\"og:image:width\" content=\"600\" \/>\n\t<meta property=\"og:image:height\" content=\"600\" \/>\n\t<meta property=\"og:image:type\" content=\"image\/jpeg\" \/>\n<meta name=\"twitter:card\" content=\"summary_large_image\" \/>\n<meta name=\"twitter:label1\" content=\"Dur\u00e9e de lecture estim\u00e9e\" \/>\n\t<meta name=\"twitter:data1\" content=\"2 minutes\" \/>\n<script type=\"application\/ld+json\" class=\"yoast-schema-graph\">{\"@context\":\"https:\/\/schema.org\",\"@graph\":[{\"@type\":\"WebPage\",\"@id\":\"https:\/\/www.garlicline.com\/product\/industrial-garlic-slicing-machine\/\",\"url\":\"https:\/\/www.garlicline.com\/product\/industrial-garlic-slicing-machine\/\",\"name\":\"Industrial Garlic Slicing Machine Price\",\"isPartOf\":{\"@id\":\"https:\/\/www.garlicline.com\/#website\"},\"primaryImageOfPage\":{\"@id\":\"https:\/\/www.garlicline.com\/product\/industrial-garlic-slicing-machine\/#primaryimage\"},\"image\":{\"@id\":\"https:\/\/www.garlicline.com\/product\/industrial-garlic-slicing-machine\/#primaryimage\"},\"thumbnailUrl\":\"https:\/\/www.garlicline.com\/wp-content\/uploads\/2022\/06\/23zhutu-1.jpg\",\"datePublished\":\"2022-06-27T06:42:19+00:00\",\"dateModified\":\"2022-10-22T06:52:36+00:00\",\"description\":\"Garlic slicing slicer machine is a machine with small size, high slicing rate and good production efficiency, which can slice and shred various materials.\",\"breadcrumb\":{\"@id\":\"https:\/\/www.garlicline.com\/product\/industrial-garlic-slicing-machine\/#breadcrumb\"},\"inLanguage\":\"fr-FR\",\"potentialAction\":[{\"@type\":\"ReadAction\",\"target\":[\"https:\/\/www.garlicline.com\/product\/industrial-garlic-slicing-machine\/\"]}]},{\"@type\":\"ImageObject\",\"inLanguage\":\"fr-FR\",\"@id\":\"https:\/\/www.garlicline.com\/product\/industrial-garlic-slicing-machine\/#primaryimage\",\"url\":\"https:\/\/www.garlicline.com\/wp-content\/uploads\/2022\/06\/23zhutu-1.jpg\",\"contentUrl\":\"https:\/\/www.garlicline.com\/wp-content\/uploads\/2022\/06\/23zhutu-1.jpg\",\"width\":600,\"height\":600,\"caption\":\"garlic slicer machine\"},{\"@type\":\"BreadcrumbList\",\"@id\":\"https:\/\/www.garlicline.com\/product\/industrial-garlic-slicing-machine\/#breadcrumb\",\"itemListElement\":[{\"@type\":\"ListItem\",\"position\":1,\"name\":\"Home\",\"item\":\"https:\/\/www.garlicline.com\/\"},{\"@type\":\"ListItem\",\"position\":2,\"name\":\"Products\",\"item\":\"https:\/\/www.garlicline.com\/products\/\"},{\"@type\":\"ListItem\",\"position\":3,\"name\":\"Industrial Garlic Slicing Machine Price\"}]},{\"@type\":\"WebSite\",\"@id\":\"https:\/\/www.garlicline.com\/#website\",\"url\":\"https:\/\/www.garlicline.com\/\",\"name\":\"garlicline\",\"description\":\"garlic processing machine supplier\",\"publisher\":{\"@id\":\"https:\/\/www.garlicline.com\/#organization\"},\"potentialAction\":[{\"@type\":\"SearchAction\",\"target\":{\"@type\":\"EntryPoint\",\"urlTemplate\":\"https:\/\/www.garlicline.com\/?s={search_term_string}\"},\"query-input\":{\"@type\":\"PropertyValueSpecification\",\"valueRequired\":true,\"valueName\":\"search_term_string\"}}],\"inLanguage\":\"fr-FR\"},{\"@type\":\"Organization\",\"@id\":\"https:\/\/www.garlicline.com\/#organization\",\"name\":\"garlicline\",\"url\":\"https:\/\/www.garlicline.com\/\",\"logo\":{\"@type\":\"ImageObject\",\"inLanguage\":\"fr-FR\",\"@id\":\"https:\/\/www.garlicline.com\/#\/schema\/logo\/image\/\",\"url\":\"https:\/\/www.garlicline.com\/wp-content\/uploads\/2025\/05\/cropped-gelgoog-logo-1.png\",\"contentUrl\":\"https:\/\/www.garlicline.com\/wp-content\/uploads\/2025\/05\/cropped-gelgoog-logo-1.png\",\"width\":434,\"height\":267,\"caption\":\"garlicline\"},\"image\":{\"@id\":\"https:\/\/www.garlicline.com\/#\/schema\/logo\/image\/\"}},false]}<\/script>\n<!-- \/ Yoast SEO plugin. -->","yoast_head_json":{"title":"Prix de la machine \u00e0 trancher l'ail industrielle","description":"La machine \u00e0 trancher l'ail est une machine de petite taille, \u00e0 taux de tranchage \u00e9lev\u00e9 et \u00e0 bonne efficacit\u00e9 de production, qui peut trancher et d\u00e9chiqueter divers mat\u00e9riaux.","robots":{"index":"index","follow":"follow","max-snippet":"max-snippet:-1","max-image-preview":"max-image-preview:large","max-video-preview":"max-video-preview:-1"},"canonical":"https:\/\/www.garlicline.com\/fr\/produit\/industrial-garlic-slicing-machine\/","og_locale":"fr_FR","og_type":"article","og_title":"Industrial Garlic Slicing Machine Price","og_description":"Garlic slicing slicer machine is a machine with small size, high slicing rate and good production efficiency, which can slice and shred various materials.","og_url":"https:\/\/www.garlicline.com\/fr\/produit\/industrial-garlic-slicing-machine\/","og_site_name":"garlicline","article_modified_time":"2022-10-22T06:52:36+00:00","og_image":[{"width":600,"height":600,"url":"https:\/\/www.garlicline.com\/wp-content\/uploads\/2022\/06\/23zhutu-1.jpg","type":"image\/jpeg"}],"twitter_card":"summary_large_image","twitter_misc":{"Dur\u00e9e de lecture estim\u00e9e":"2 minutes"},"schema":{"@context":"https:\/\/schema.org","@graph":[{"@type":"WebPage","@id":"https:\/\/www.garlicline.com\/product\/industrial-garlic-slicing-machine\/","url":"https:\/\/www.garlicline.com\/product\/industrial-garlic-slicing-machine\/","name":"Prix de la machine \u00e0 trancher l'ail industrielle","isPartOf":{"@id":"https:\/\/www.garlicline.com\/#website"},"primaryImageOfPage":{"@id":"https:\/\/www.garlicline.com\/product\/industrial-garlic-slicing-machine\/#primaryimage"},"image":{"@id":"https:\/\/www.garlicline.com\/product\/industrial-garlic-slicing-machine\/#primaryimage"},"thumbnailUrl":"https:\/\/www.garlicline.com\/wp-content\/uploads\/2022\/06\/23zhutu-1.jpg","datePublished":"2022-06-27T06:42:19+00:00","dateModified":"2022-10-22T06:52:36+00:00","description":"La machine \u00e0 trancher l'ail est une machine de petite taille, \u00e0 taux de tranchage \u00e9lev\u00e9 et \u00e0 bonne efficacit\u00e9 de production, qui peut trancher et d\u00e9chiqueter divers mat\u00e9riaux.","breadcrumb":{"@id":"https:\/\/www.garlicline.com\/product\/industrial-garlic-slicing-machine\/#breadcrumb"},"inLanguage":"fr-FR","potentialAction":[{"@type":"ReadAction","target":["https:\/\/www.garlicline.com\/product\/industrial-garlic-slicing-machine\/"]}]},{"@type":"ImageObject","inLanguage":"fr-FR","@id":"https:\/\/www.garlicline.com\/product\/industrial-garlic-slicing-machine\/#primaryimage","url":"https:\/\/www.garlicline.com\/wp-content\/uploads\/2022\/06\/23zhutu-1.jpg","contentUrl":"https:\/\/www.garlicline.com\/wp-content\/uploads\/2022\/06\/23zhutu-1.jpg","width":600,"height":600,"caption":"garlic slicer machine"},{"@type":"BreadcrumbList","@id":"https:\/\/www.garlicline.com\/product\/industrial-garlic-slicing-machine\/#breadcrumb","itemListElement":[{"@type":"ListItem","position":1,"name":"Home","item":"https:\/\/www.garlicline.com\/"},{"@type":"ListItem","position":2,"name":"Products","item":"https:\/\/www.garlicline.com\/products\/"},{"@type":"ListItem","position":3,"name":"Industrial Garlic Slicing Machine Price"}]},{"@type":"WebSite","@id":"https:\/\/www.garlicline.com\/#website","url":"https:\/\/www.garlicline.com\/","name":"ligne d'ail","description":"fournisseur de machines de traitement de l'ail","publisher":{"@id":"https:\/\/www.garlicline.com\/#organization"},"potentialAction":[{"@type":"SearchAction","target":{"@type":"EntryPoint","urlTemplate":"https:\/\/www.garlicline.com\/?s={search_term_string}"},"query-input":{"@type":"PropertyValueSpecification","valueRequired":true,"valueName":"search_term_string"}}],"inLanguage":"fr-FR"},{"@type":"Organization","@id":"https:\/\/www.garlicline.com\/#organization","name":"ligne d'ail","url":"https:\/\/www.garlicline.com\/","logo":{"@type":"ImageObject","inLanguage":"fr-FR","@id":"https:\/\/www.garlicline.com\/#\/schema\/logo\/image\/","url":"https:\/\/www.garlicline.com\/wp-content\/uploads\/2025\/05\/cropped-gelgoog-logo-1.png","contentUrl":"https:\/\/www.garlicline.com\/wp-content\/uploads\/2025\/05\/cropped-gelgoog-logo-1.png","width":434,"height":267,"caption":"garlicline"},"image":{"@id":"https:\/\/www.garlicline.com\/#\/schema\/logo\/image\/"}},false]}},"yasr_visitor_votes":{"stars_attributes":{"read_only":false,"span_bottom":false},"number_of_votes":1,"sum_votes":5},"_links":{"self":[{"href":"https:\/\/www.garlicline.com\/fr\/wp-json\/wp\/v2\/product\/1296","targetHints":{"allow":["GET"]}}],"collection":[{"href":"https:\/\/www.garlicline.com\/fr\/wp-json\/wp\/v2\/product"}],"about":[{"href":"https:\/\/www.garlicline.com\/fr\/wp-json\/wp\/v2\/types\/product"}],"replies":[{"embeddable":true,"href":"https:\/\/www.garlicline.com\/fr\/wp-json\/wp\/v2\/comments?post=1296"}],"version-history":[{"count":0,"href":"https:\/\/www.garlicline.com\/fr\/wp-json\/wp\/v2\/product\/1296\/revisions"}],"wp:featuredmedia":[{"embeddable":true,"href":"https:\/\/www.garlicline.com\/fr\/wp-json\/wp\/v2\/media\/1298"}],"wp:attachment":[{"href":"https:\/\/www.garlicline.com\/fr\/wp-json\/wp\/v2\/media?parent=1296"}],"wp:term":[{"taxonomy":"product_brand","embeddable":true,"href":"https:\/\/www.garlicline.com\/fr\/wp-json\/wp\/v2\/product_brand?post=1296"},{"taxonomy":"product_cat","embeddable":true,"href":"https:\/\/www.garlicline.com\/fr\/wp-json\/wp\/v2\/product_cat?post=1296"},{"taxonomy":"product_tag","embeddable":true,"href":"https:\/\/www.garlicline.com\/fr\/wp-json\/wp\/v2\/product_tag?post=1296"}],"curies":[{"name":"wp","href":"https:\/\/api.w.org\/{rel}","templated":true}]}}