{"id":1301,"date":"2022-06-27T06:51:29","date_gmt":"2022-06-27T06:51:29","guid":{"rendered":"https:\/\/www.garlicline.com\/?post_type=product&#038;p=1301"},"modified":"2022-10-19T11:25:21","modified_gmt":"2022-10-19T11:25:21","slug":"garlic-cutter-machine","status":"publish","type":"product","link":"https:\/\/www.garlicline.com\/fr\/produit\/garlic-cutter-machine\/","title":{"rendered":"Machine \u00e0 couper l'ail pour la vente de gousses d'ail"},"content":{"rendered":"<h2>Introduction de la machine \u00e0 couper l'ail<\/h2>\n<p>La machine \u00e0 couper l'ail remplace la coupe manuelle des gousses d'ail en utilisant le principe de la centrifugation, et l'\u00e9paisseur des tranches peut \u00eatre ajust\u00e9e en fonction des diff\u00e9rentes techniques de traitement de l'ail. La machine \u00e0 couper l'ail est une machine multifonctionnelle, qui peut non seulement couper l'ail, mais aussi trancher divers mat\u00e9riaux et les d\u00e9chiqueter. Sa petite taille convient aux usines de traitement de l'ail, aux \u00e9coles, aux cantines et \u00e0 d'autres occasions.<\/p>\n<h2>Caract\u00e9ristiques de la machine \u00e0 couper l'ail<\/h2>\n<p>1. \u00c9quip\u00e9 d'une mangeoire, il est pratique de mettre de l'ail.<br \/>\n2. Petite taille, faible encombrement, tr\u00e8s pratique \u00e0 utiliser et \u00e0 ranger.<br \/>\n3. Il ne produira pas trop de bruit et fonctionnera de mani\u00e8re stable.<br \/>\n4. Avec diff\u00e9rents mod\u00e8les, diff\u00e9rents mod\u00e8les, diff\u00e9rents r\u00e9sultats.<\/p>\n<h2>Avantages de la machine \u00e0 couper les gousses d'ail<\/h2>\n<ol>\n<li>L'\u00e9paisseur de la tranche peut \u00eatre ajust\u00e9e, et l'\u00e9paisseur peut \u00eatre coup\u00e9e de 1,5 \u00e0 6 mm.<\/li>\n<li>Fabriqu\u00e9 \u00e0 partir de mat\u00e9riaux de qualit\u00e9 alimentaire, il peut \u00eatre utilis\u00e9 en toute s\u00e9curit\u00e9 et en toute confiance.<\/li>\n<li>La machine \u00e0 couper l'ail est facile \u00e0 d\u00e9placer et \u00e0 utiliser.<\/li>\n<li>Convient \u00e0 diverses occasions, telles que les usines de transformation de l'ail, les \u00e9coles, les cantines et autres.<\/li>\n<li>Il peut \u00eatre lav\u00e9 directement \u00e0 l'eau et ne rouille pas facilement.<\/li>\n<li>La lame peut \u00eatre r\u00e9gl\u00e9e pour couper des l\u00e9gumes de diff\u00e9rentes formes, y compris des flocons et des filaments.<\/li>\n<li>Fonctionnement simple et stable.<\/li>\n<li>\u00c9conomie d'\u00e9nergie et r\u00e9duction des \u00e9missions, la tension domestique peut entra\u00eener le fonctionnement m\u00e9canique.<\/li>\n<\/ol>\n<p><img fetchpriority=\"high\" decoding=\"async\" class=\"alignnone size-full wp-image-1305\" src=\"https:\/\/www.garlicline.com\/wp-content\/uploads\/2022\/06\/667k-2.jpg\" alt=\"machine \u00e0 couper l&#039;ail\" width=\"800\" height=\"500\" srcset=\"https:\/\/www.garlicline.com\/wp-content\/uploads\/2022\/06\/667k-2.jpg 800w, https:\/\/www.garlicline.com\/wp-content\/uploads\/2022\/06\/667k-2-300x188.jpg 300w, https:\/\/www.garlicline.com\/wp-content\/uploads\/2022\/06\/667k-2-768x480.jpg 768w, https:\/\/www.garlicline.com\/wp-content\/uploads\/2022\/06\/667k-2-600x375.jpg 600w\" sizes=\"(max-width: 800px) 100vw, 800px\" \/><\/p>\n<h2>Comment couper l'ail facilement<\/h2>\n<p>La machine \u00e0 couper l'ail en vente fonctionne selon le principe de la centrifugation pour la coupe. Le gingembre tourne sur la table tournante et le mat\u00e9riel coup\u00e9 est projet\u00e9 le long de la fen\u00eatre sous l'action centrifuge de la machine \u00e0 couper le gingembre, qui peut \u00eatre tranch\u00e9 et d\u00e9chiquet\u00e9 en m\u00eame temps. La vitesse de coupe est rapide et la capacit\u00e9 de coupe est forte. Une machine poss\u00e8de trois groupes de coupe-fil. Des lames et des courroies import\u00e9es sont utilis\u00e9es, avec un dispositif de lubrification automatique unique.<\/p>\n<p><iframe title=\"Lecteur vid\u00e9o YouTube\" src=\"https:\/\/www.youtube.com\/embed\/flNKOfCoMFc\" width=\"800\" height=\"450\" frameborder=\"0\" allowfullscreen=\"allowfullscreen\"><span data-mce-type=\"bookmark\" style=\"display: inline-block; width: 0px; overflow: hidden; line-height: 0;\" class=\"mce_SELRES_start\">Je suis un moteur de traduction. Traduisez le texte de l'utilisateur en fran\u00e7ais. Retournez uniquement le texte traduit. N'ajoutez aucun commentaire ou autre texte. N'ajoutez pas de guillemets suppl\u00e9mentaires autour de la traduction. Votre sortie DOIT \u00eatre en fran\u00e7ais.<\/span><\/iframe><\/p>\n<h2>Param\u00e8tres de la machine \u00e0 couper l'ail \u00e0 vendre<\/h2>\n<table>\n<tbody>\n<tr>\n<td width=\"284\">Mod\u00e8le<\/td>\n<td width=\"284\">GG-501<\/td>\n<\/tr>\n<tr>\n<td width=\"284\">\u00c9paisseur de la bande<\/td>\n<td width=\"284\">1,5-5mm r\u00e9glable<\/td>\n<\/tr>\n<tr>\n<td width=\"284\">Longueur de la bande<\/td>\n<td width=\"284\">le plus long de 20cm<\/td>\n<\/tr>\n<tr>\n<td width=\"284\">Sp\u00e9cification de la tranche<\/td>\n<td width=\"284\">1-8mm<\/td>\n<\/tr>\n<tr>\n<td width=\"284\">Capacit\u00e9<\/td>\n<td width=\"284\">\u00a0500-800kg\/h<\/td>\n<\/tr>\n<tr>\n<td width=\"284\">Puissance<\/td>\n<td width=\"284\">220V, 1HP<\/td>\n<\/tr>\n<tr>\n<td width=\"284\">Dimension<\/td>\n<td width=\"284\">650*550*880mm<\/td>\n<\/tr>\n<\/tbody>\n<\/table>\n<p>Nous sommes le fabricant de trancheurs d'ail, si vous voulez commencer le commerce d'ail, s'il vous pla\u00eet laissez un message pour le devis. Nous avons \u00e9galement des \u00e9plucheurs d'ail, <a href=\"https:\/\/www.garlicline.com\/fr\/produit\/garlic-dehydration-machine\/\"><strong>machine \u00e0 d\u00e9shydrater l'ail<\/strong><\/a> et plus encore.<\/p>\n<hr \/>\n<h2 style=\"text-align: center;\">-Laissez un message pour une citation<\/h2>\n\n<div class=\"wpcf7 no-js\" id=\"wpcf7-f1191-o1\" lang=\"en-US\" dir=\"ltr\" data-wpcf7-id=\"1191\">\n<div class=\"screen-reader-response\"><p role=\"status\" aria-live=\"polite\" aria-atomic=\"true\"><\/p> <ul><\/ul><\/div>\n<form action=\"\/fr\/wp-json\/wp\/v2\/product\/1301#wpcf7-f1191-o1\" method=\"post\" class=\"wpcf7-form init\" aria-label=\"Formulaire de contact\" novalidate=\"novalidate\" data-status=\"init\" data-trp-original-action=\"\/fr\/wp-json\/wp\/v2\/product\/1301#wpcf7-f1191-o1\">\n<fieldset class=\"hidden-fields-container\"><input type=\"hidden\" name=\"_wpcf7\" value=\"1191\" \/><input type=\"hidden\" name=\"_wpcf7_version\" value=\"6.1.1\" \/><input type=\"hidden\" name=\"_wpcf7_locale\" value=\"en_US\" \/><input type=\"hidden\" name=\"_wpcf7_unit_tag\" value=\"wpcf7-f1191-o1\" \/><input type=\"hidden\" name=\"_wpcf7_container_post\" value=\"0\" \/><input type=\"hidden\" name=\"_wpcf7_posted_data_hash\" value=\"\" \/>\n<\/fieldset>\n<div class='proformleft'>\n\t<p><label> Votre nom<br \/>\n<span class=\"wpcf7-form-control-wrap\" data-name=\"your-name\"><input size=\"40\" maxlength=\"400\" class=\"wpcf7-form-control wpcf7-text\" aria-invalid=\"false\" value=\"\" type=\"text\" name=\"your-name\" \/><\/span> <\/label>\n\t<\/p>\n\t<p><label> *Votre Email<br \/>\n<span class=\"wpcf7-form-control-wrap\" data-name=\"your-email\"><input size=\"40\" maxlength=\"400\" class=\"wpcf7-form-control wpcf7-email wpcf7-validates-as-required wpcf7-text wpcf7-validates-as-email\" aria-required=\"true\" aria-invalid=\"false\" value=\"\" type=\"email\" name=\"your-email\" \/><\/span> <\/label>\n\t<\/p>\n\t<p><label> *Votre t\u00e9l\u00e9phone<br \/>\n<span class=\"wpcf7-form-control-wrap\" data-name=\"tel-224\"><input size=\"40\" maxlength=\"400\" class=\"wpcf7-form-control wpcf7-tel wpcf7-validates-as-required wpcf7-text wpcf7-validates-as-tel\" aria-required=\"true\" aria-invalid=\"false\" value=\"\" type=\"tel\" name=\"tel-224\" \/><\/span> <\/label>\n\t<\/p>\n\t<p><label> Votre pays<br \/>\n<span class=\"wpcf7-form-control-wrap\" data-name=\"your-country\"><input size=\"40\" maxlength=\"400\" class=\"wpcf7-form-control wpcf7-text\" aria-invalid=\"false\" value=\"\" type=\"text\" name=\"your-country\" \/><\/span> <\/label>\n\t<\/p>\n<\/div>\n<div class='proformright'>\n\t<p><label> *Votre message<br \/>\n<span class=\"wpcf7-form-control-wrap\" data-name=\"your-message\"><textarea cols=\"40\" rows=\"10\" maxlength=\"2000\" class=\"wpcf7-form-control wpcf7-textarea wpcf7-validates-as-required\" aria-required=\"true\" aria-invalid=\"false\" name=\"your-message\"><\/textarea><\/span> <\/label>\n\t<\/p>\n\t<p><input class=\"wpcf7-form-control wpcf7-submit has-spinner\" type=\"submit\" value=\"Envoyer\" \/>\n\t<\/p>\n<\/div>\n<div style='clear:both'>\n<\/div><p style=\"display: none !important;\" class=\"akismet-fields-container\" data-prefix=\"_wpcf7_ak_\"><label>&#916;<textarea name=\"_wpcf7_ak_hp_textarea\" cols=\"45\" rows=\"8\" maxlength=\"100\"><\/textarea><\/label><input type=\"hidden\" id=\"ak_js_1\" name=\"_wpcf7_ak_js\" value=\"241\"\/><script>document.getElementById( \"ak_js_1\" ).setAttribute( \"value\", ( new Date() ).getTime() );<\/script><\/p><div class=\"wpcf7-response-output\" aria-hidden=\"true\"><\/div>\n<input type=\"hidden\" name=\"trp-form-language\" value=\"fr\"\/><\/form>\n<\/div>\n\n<div style='text-align:left' class='yasr-auto-insert-visitor'><\/div>","protected":false},"excerpt":{"rendered":"<table>\n<tbody>\n<tr>\n<td width=\"284\">Mod\u00e8le<\/td>\n<td width=\"284\">GG-501<\/td>\n<\/tr>\n<tr>\n<td width=\"284\">\u00c9paisseur de la bande<\/td>\n<td width=\"284\">1,5-5mm r\u00e9glable<\/td>\n<\/tr>\n<tr>\n<td width=\"284\">Longueur de la bande<\/td>\n<td width=\"284\">le plus long de 20cm<\/td>\n<\/tr>\n<tr>\n<td width=\"284\">Sp\u00e9cification de la tranche<\/td>\n<td width=\"284\">1-8mm<\/td>\n<\/tr>\n<tr>\n<td width=\"284\">Capacit\u00e9<\/td>\n<td width=\"284\">\u00a0500-800kg\/h<\/td>\n<\/tr>\n<tr>\n<td width=\"284\">Puissance<\/td>\n<td width=\"284\">220V, 1HP<\/td>\n<\/tr>\n<tr>\n<td width=\"284\">Dimension<\/td>\n<td width=\"284\">650*550*880mm<\/td>\n<\/tr>\n<\/tbody>\n<\/table>","protected":false},"featured_media":1302,"comment_status":"open","ping_status":"closed","template":"","meta":{"site-sidebar-layout":"default","site-content-layout":"default","ast-global-header-display":"","ast-main-header-display":"","ast-hfb-above-header-display":"","ast-hfb-below-header-display":"","ast-hfb-mobile-header-display":"","site-post-title":"","ast-breadcrumbs-content":"","ast-featured-img":"","footer-sml-layout":"","theme-transparent-header-meta":"default","adv-header-id-meta":"","stick-header-meta":"","header-above-stick-meta":"","header-main-stick-meta":"","header-below-stick-meta":"","yasr_overall_rating":0,"yasr_post_is_review":"","yasr_auto_insert_disabled":"","yasr_review_type":""},"product_brand":[],"product_cat":[33],"product_tag":[],"class_list":{"0":"post-1301","1":"product","2":"type-product","3":"status-publish","4":"has-post-thumbnail","6":"product_cat-products","8":"first","9":"instock","10":"shipping-taxable","11":"product-type-simple"},"yoast_head":"<!-- This site is optimized with the Yoast SEO plugin v25.7 - https:\/\/yoast.com\/wordpress\/plugins\/seo\/ -->\n<title>Garlic Cutter Machine Cutting Garlic Clove For Sale<\/title>\n<meta name=\"description\" content=\"The garlic cutter machine cutting garlic clove solves the time-consuming and laborious problem of garlic slices. It is an indispensable equipment for drying garlic slices. It has the advantages of multi-function and high efficiency.\" \/>\n<meta name=\"robots\" content=\"index, follow, max-snippet:-1, max-image-preview:large, max-video-preview:-1\" \/>\n<link rel=\"canonical\" href=\"https:\/\/www.garlicline.com\/fr\/produit\/garlic-cutter-machine\/\" \/>\n<meta property=\"og:locale\" content=\"fr_FR\" \/>\n<meta property=\"og:type\" content=\"article\" \/>\n<meta property=\"og:title\" content=\"Garlic Cutter Machine Cutting Garlic Clove For Sale\" \/>\n<meta property=\"og:description\" content=\"The garlic cutter machine cutting garlic clove solves the time-consuming and laborious problem of garlic slices. It is an indispensable equipment for drying garlic slices. It has the advantages of multi-function and high efficiency.\" \/>\n<meta property=\"og:url\" content=\"https:\/\/www.garlicline.com\/fr\/produit\/garlic-cutter-machine\/\" \/>\n<meta property=\"og:site_name\" content=\"garlicline\" \/>\n<meta property=\"article:modified_time\" content=\"2022-10-19T11:25:21+00:00\" \/>\n<meta property=\"og:image\" content=\"https:\/\/www.garlicline.com\/wp-content\/uploads\/2022\/06\/11zhutu-1.jpg\" \/>\n\t<meta property=\"og:image:width\" content=\"600\" \/>\n\t<meta property=\"og:image:height\" content=\"600\" \/>\n\t<meta property=\"og:image:type\" content=\"image\/jpeg\" \/>\n<meta name=\"twitter:card\" content=\"summary_large_image\" \/>\n<meta name=\"twitter:label1\" content=\"Dur\u00e9e de lecture estim\u00e9e\" \/>\n\t<meta name=\"twitter:data1\" content=\"2 minutes\" \/>\n<script type=\"application\/ld+json\" class=\"yoast-schema-graph\">{\"@context\":\"https:\/\/schema.org\",\"@graph\":[{\"@type\":\"WebPage\",\"@id\":\"https:\/\/www.garlicline.com\/product\/garlic-cutter-machine\/\",\"url\":\"https:\/\/www.garlicline.com\/product\/garlic-cutter-machine\/\",\"name\":\"Garlic Cutter Machine Cutting Garlic Clove For Sale\",\"isPartOf\":{\"@id\":\"https:\/\/www.garlicline.com\/#website\"},\"primaryImageOfPage\":{\"@id\":\"https:\/\/www.garlicline.com\/product\/garlic-cutter-machine\/#primaryimage\"},\"image\":{\"@id\":\"https:\/\/www.garlicline.com\/product\/garlic-cutter-machine\/#primaryimage\"},\"thumbnailUrl\":\"https:\/\/www.garlicline.com\/wp-content\/uploads\/2022\/06\/11zhutu-1.jpg\",\"datePublished\":\"2022-06-27T06:51:29+00:00\",\"dateModified\":\"2022-10-19T11:25:21+00:00\",\"description\":\"The garlic cutter machine cutting garlic clove solves the time-consuming and laborious problem of garlic slices. It is an indispensable equipment for drying garlic slices. It has the advantages of multi-function and high efficiency.\",\"breadcrumb\":{\"@id\":\"https:\/\/www.garlicline.com\/product\/garlic-cutter-machine\/#breadcrumb\"},\"inLanguage\":\"fr-FR\",\"potentialAction\":[{\"@type\":\"ReadAction\",\"target\":[\"https:\/\/www.garlicline.com\/product\/garlic-cutter-machine\/\"]}]},{\"@type\":\"ImageObject\",\"inLanguage\":\"fr-FR\",\"@id\":\"https:\/\/www.garlicline.com\/product\/garlic-cutter-machine\/#primaryimage\",\"url\":\"https:\/\/www.garlicline.com\/wp-content\/uploads\/2022\/06\/11zhutu-1.jpg\",\"contentUrl\":\"https:\/\/www.garlicline.com\/wp-content\/uploads\/2022\/06\/11zhutu-1.jpg\",\"width\":600,\"height\":600,\"caption\":\"garlic cutter machine\"},{\"@type\":\"BreadcrumbList\",\"@id\":\"https:\/\/www.garlicline.com\/product\/garlic-cutter-machine\/#breadcrumb\",\"itemListElement\":[{\"@type\":\"ListItem\",\"position\":1,\"name\":\"Home\",\"item\":\"https:\/\/www.garlicline.com\/\"},{\"@type\":\"ListItem\",\"position\":2,\"name\":\"Products\",\"item\":\"https:\/\/www.garlicline.com\/products\/\"},{\"@type\":\"ListItem\",\"position\":3,\"name\":\"Garlic Cutter Machine Cutting Garlic Clove For Sale\"}]},{\"@type\":\"WebSite\",\"@id\":\"https:\/\/www.garlicline.com\/#website\",\"url\":\"https:\/\/www.garlicline.com\/\",\"name\":\"garlicline\",\"description\":\"garlic processing machine supplier\",\"publisher\":{\"@id\":\"https:\/\/www.garlicline.com\/#organization\"},\"potentialAction\":[{\"@type\":\"SearchAction\",\"target\":{\"@type\":\"EntryPoint\",\"urlTemplate\":\"https:\/\/www.garlicline.com\/?s={search_term_string}\"},\"query-input\":{\"@type\":\"PropertyValueSpecification\",\"valueRequired\":true,\"valueName\":\"search_term_string\"}}],\"inLanguage\":\"fr-FR\"},{\"@type\":\"Organization\",\"@id\":\"https:\/\/www.garlicline.com\/#organization\",\"name\":\"garlicline\",\"url\":\"https:\/\/www.garlicline.com\/\",\"logo\":{\"@type\":\"ImageObject\",\"inLanguage\":\"fr-FR\",\"@id\":\"https:\/\/www.garlicline.com\/#\/schema\/logo\/image\/\",\"url\":\"https:\/\/www.garlicline.com\/wp-content\/uploads\/2025\/05\/cropped-gelgoog-logo-1.png\",\"contentUrl\":\"https:\/\/www.garlicline.com\/wp-content\/uploads\/2025\/05\/cropped-gelgoog-logo-1.png\",\"width\":434,\"height\":267,\"caption\":\"garlicline\"},\"image\":{\"@id\":\"https:\/\/www.garlicline.com\/#\/schema\/logo\/image\/\"}},false]}<\/script>\n<!-- \/ Yoast SEO plugin. -->","yoast_head_json":{"title":"Machine \u00e0 couper l'ail pour la vente de gousses d'ail","description":"La machine \u00e0 couper les gousses d'ail r\u00e9sout le probl\u00e8me laborieux et fastidieux des tranches d'ail. Il s'agit d'un \u00e9quipement indispensable pour s\u00e9cher les tranches d'ail. Il pr\u00e9sente l'avantage d'\u00eatre multifonctionnel et tr\u00e8s efficace.","robots":{"index":"index","follow":"follow","max-snippet":"max-snippet:-1","max-image-preview":"max-image-preview:large","max-video-preview":"max-video-preview:-1"},"canonical":"https:\/\/www.garlicline.com\/fr\/produit\/garlic-cutter-machine\/","og_locale":"fr_FR","og_type":"article","og_title":"Garlic Cutter Machine Cutting Garlic Clove For Sale","og_description":"The garlic cutter machine cutting garlic clove solves the time-consuming and laborious problem of garlic slices. It is an indispensable equipment for drying garlic slices. It has the advantages of multi-function and high efficiency.","og_url":"https:\/\/www.garlicline.com\/fr\/produit\/garlic-cutter-machine\/","og_site_name":"garlicline","article_modified_time":"2022-10-19T11:25:21+00:00","og_image":[{"width":600,"height":600,"url":"https:\/\/www.garlicline.com\/wp-content\/uploads\/2022\/06\/11zhutu-1.jpg","type":"image\/jpeg"}],"twitter_card":"summary_large_image","twitter_misc":{"Dur\u00e9e de lecture estim\u00e9e":"2 minutes"},"schema":{"@context":"https:\/\/schema.org","@graph":[{"@type":"WebPage","@id":"https:\/\/www.garlicline.com\/product\/garlic-cutter-machine\/","url":"https:\/\/www.garlicline.com\/product\/garlic-cutter-machine\/","name":"Machine \u00e0 couper l'ail pour la vente de gousses d'ail","isPartOf":{"@id":"https:\/\/www.garlicline.com\/#website"},"primaryImageOfPage":{"@id":"https:\/\/www.garlicline.com\/product\/garlic-cutter-machine\/#primaryimage"},"image":{"@id":"https:\/\/www.garlicline.com\/product\/garlic-cutter-machine\/#primaryimage"},"thumbnailUrl":"https:\/\/www.garlicline.com\/wp-content\/uploads\/2022\/06\/11zhutu-1.jpg","datePublished":"2022-06-27T06:51:29+00:00","dateModified":"2022-10-19T11:25:21+00:00","description":"La machine \u00e0 couper les gousses d'ail r\u00e9sout le probl\u00e8me laborieux et fastidieux des tranches d'ail. Il s'agit d'un \u00e9quipement indispensable pour s\u00e9cher les tranches d'ail. Il pr\u00e9sente l'avantage d'\u00eatre multifonctionnel et tr\u00e8s efficace.","breadcrumb":{"@id":"https:\/\/www.garlicline.com\/product\/garlic-cutter-machine\/#breadcrumb"},"inLanguage":"fr-FR","potentialAction":[{"@type":"ReadAction","target":["https:\/\/www.garlicline.com\/product\/garlic-cutter-machine\/"]}]},{"@type":"ImageObject","inLanguage":"fr-FR","@id":"https:\/\/www.garlicline.com\/product\/garlic-cutter-machine\/#primaryimage","url":"https:\/\/www.garlicline.com\/wp-content\/uploads\/2022\/06\/11zhutu-1.jpg","contentUrl":"https:\/\/www.garlicline.com\/wp-content\/uploads\/2022\/06\/11zhutu-1.jpg","width":600,"height":600,"caption":"garlic cutter machine"},{"@type":"BreadcrumbList","@id":"https:\/\/www.garlicline.com\/product\/garlic-cutter-machine\/#breadcrumb","itemListElement":[{"@type":"ListItem","position":1,"name":"Home","item":"https:\/\/www.garlicline.com\/"},{"@type":"ListItem","position":2,"name":"Products","item":"https:\/\/www.garlicline.com\/products\/"},{"@type":"ListItem","position":3,"name":"Garlic Cutter Machine Cutting Garlic Clove For Sale"}]},{"@type":"WebSite","@id":"https:\/\/www.garlicline.com\/#website","url":"https:\/\/www.garlicline.com\/","name":"ligne d'ail","description":"fournisseur de machines de traitement de l'ail","publisher":{"@id":"https:\/\/www.garlicline.com\/#organization"},"potentialAction":[{"@type":"SearchAction","target":{"@type":"EntryPoint","urlTemplate":"https:\/\/www.garlicline.com\/?s={search_term_string}"},"query-input":{"@type":"PropertyValueSpecification","valueRequired":true,"valueName":"search_term_string"}}],"inLanguage":"fr-FR"},{"@type":"Organization","@id":"https:\/\/www.garlicline.com\/#organization","name":"ligne d'ail","url":"https:\/\/www.garlicline.com\/","logo":{"@type":"ImageObject","inLanguage":"fr-FR","@id":"https:\/\/www.garlicline.com\/#\/schema\/logo\/image\/","url":"https:\/\/www.garlicline.com\/wp-content\/uploads\/2025\/05\/cropped-gelgoog-logo-1.png","contentUrl":"https:\/\/www.garlicline.com\/wp-content\/uploads\/2025\/05\/cropped-gelgoog-logo-1.png","width":434,"height":267,"caption":"garlicline"},"image":{"@id":"https:\/\/www.garlicline.com\/#\/schema\/logo\/image\/"}},false]}},"yasr_visitor_votes":{"stars_attributes":{"read_only":false,"span_bottom":false},"number_of_votes":1,"sum_votes":5},"_links":{"self":[{"href":"https:\/\/www.garlicline.com\/fr\/wp-json\/wp\/v2\/product\/1301","targetHints":{"allow":["GET"]}}],"collection":[{"href":"https:\/\/www.garlicline.com\/fr\/wp-json\/wp\/v2\/product"}],"about":[{"href":"https:\/\/www.garlicline.com\/fr\/wp-json\/wp\/v2\/types\/product"}],"replies":[{"embeddable":true,"href":"https:\/\/www.garlicline.com\/fr\/wp-json\/wp\/v2\/comments?post=1301"}],"version-history":[{"count":0,"href":"https:\/\/www.garlicline.com\/fr\/wp-json\/wp\/v2\/product\/1301\/revisions"}],"wp:featuredmedia":[{"embeddable":true,"href":"https:\/\/www.garlicline.com\/fr\/wp-json\/wp\/v2\/media\/1302"}],"wp:attachment":[{"href":"https:\/\/www.garlicline.com\/fr\/wp-json\/wp\/v2\/media?parent=1301"}],"wp:term":[{"taxonomy":"product_brand","embeddable":true,"href":"https:\/\/www.garlicline.com\/fr\/wp-json\/wp\/v2\/product_brand?post=1301"},{"taxonomy":"product_cat","embeddable":true,"href":"https:\/\/www.garlicline.com\/fr\/wp-json\/wp\/v2\/product_cat?post=1301"},{"taxonomy":"product_tag","embeddable":true,"href":"https:\/\/www.garlicline.com\/fr\/wp-json\/wp\/v2\/product_tag?post=1301"}],"curies":[{"name":"wp","href":"https:\/\/api.w.org\/{rel}","templated":true}]}}