{"id":1307,"date":"2022-06-27T08:27:56","date_gmt":"2022-06-27T08:27:56","guid":{"rendered":"https:\/\/www.garlicline.com\/?post_type=product&#038;p=1307"},"modified":"2022-10-19T09:28:02","modified_gmt":"2022-10-19T09:28:02","slug":"garlic-juice-extractor-machine","status":"publish","type":"product","link":"https:\/\/www.garlicline.com\/fr\/produit\/garlic-juice-extractor-machine\/","title":{"rendered":"Machine \u00e0 extraire le jus d'ail frais"},"content":{"rendered":"<h2>Introduction de la machine \u00e0 extraire le jus d'ail<\/h2>\n<p>L'extracteur de jus d'ail peut transformer l'ail en jus d'ail sous la pression de la vis. Il s'agit d'un processus qui ne peut pas \u00eatre r\u00e9alis\u00e9 manuellement, c'est pourquoi l'extracteur de jus d'ail est tr\u00e8s important pour l'usine de traitement de jus d'ail. L'extracteur de jus d'ail frais est une machine multifonctionnelle qui peut non seulement traiter l'ail, mais aussi presser divers fruits et l\u00e9gumes tels que le gingembre, l'ail, les tomates, les carottes, les pommes de terre, les patates douces, les pommes, les poires, les raisins, le cantaloup, les fraises, les kiwis, les ananas, etc.<\/p>\n<h2>Caract\u00e9ristiques de l'extracteur de jus d'ail<\/h2>\n<p>1. \u00c9quip\u00e9 d'une tr\u00e9mie d'alimentation, l'ail peut \u00eatre directement introduit dans la tr\u00e9mie d'alimentation.<br \/>\n2. La vitesse de pressage peut \u00eatre r\u00e9gl\u00e9e en fonction de la r\u00e9sistance de l'enqu\u00eate.<br \/>\n3. Le jus et les r\u00e9sidus peuvent \u00eatre automatiquement s\u00e9par\u00e9s.<br \/>\n4. \u00c9quip\u00e9 d'une alimentation \u00e9lectrique, l'alimentation peut \u00eatre coup\u00e9e lorsque la production est arr\u00eat\u00e9e.<\/p>\n<h2>Avantages de la machine \u00e0 jus d'ail<\/h2>\n<ol>\n<li>L'extracteur de jus d'ail convient \u00e0 la transformation en jus de divers mat\u00e9riaux.<\/li>\n<li>L'utilisation de lames tranchantes am\u00e9liore l'effet du traitement.<\/li>\n<li>Fabriqu\u00e9 en acier inoxydable, conforme aux normes nationales de s\u00e9curit\u00e9 alimentaire.<\/li>\n<li>Structure simple, fonctionnement stable, simple et pratique.<\/li>\n<li>Il offre un large \u00e9ventail d'applications et peut \u00eatre adapt\u00e9 de mani\u00e8re flexible.<\/li>\n<li>Le rendement peut \u00eatre personnalis\u00e9 en fonction des besoins de traitement.<\/li>\n<\/ol>\n<p><img fetchpriority=\"high\" decoding=\"async\" class=\"alignnone size-full wp-image-1308\" src=\"https:\/\/www.garlicline.com\/wp-content\/uploads\/2022\/06\/78k-2.jpg\" alt=\"machine \u00e0 faire des jus d&#039;ail\" width=\"800\" height=\"500\" srcset=\"https:\/\/www.garlicline.com\/wp-content\/uploads\/2022\/06\/78k-2.jpg 800w, https:\/\/www.garlicline.com\/wp-content\/uploads\/2022\/06\/78k-2-300x188.jpg 300w, https:\/\/www.garlicline.com\/wp-content\/uploads\/2022\/06\/78k-2-768x480.jpg 768w, https:\/\/www.garlicline.com\/wp-content\/uploads\/2022\/06\/78k-2-600x375.jpg 600w\" sizes=\"(max-width: 800px) 100vw, 800px\" \/><\/p>\n<h2>Fonctionnement de l'extracteur de jus d'ail<\/h2>\n<p>La pulpe broy\u00e9e, le jus et la peau entrent dans le presse-agrumes \u00e0 double vis par la tr\u00e9mie d'alimentation. Le diam\u00e8tre inf\u00e9rieur de la vis augmentant progressivement le long de la direction de la sortie des scories, le pas de la vis diminue progressivement. \u00c0 partir du pressage de la mati\u00e8re.<\/p>\n<p><iframe title=\"Machine d&#039;extraction de jus de ma\u00efs doux frais\" src=\"https:\/\/www.youtube.com\/embed\/bjEyOpp18pQ\" width=\"800\" height=\"450\" frameborder=\"0\" allowfullscreen=\"allowfullscreen\"><span data-mce-type=\"bookmark\" style=\"display: inline-block; width: 0px; overflow: hidden; line-height: 0;\" class=\"mce_SELRES_start\">Je suis un moteur de traduction. Traduisez le texte de l'utilisateur en fran\u00e7ais. Retournez uniquement le texte traduit. N'ajoutez aucun commentaire ou autre texte. N'ajoutez pas de guillemets suppl\u00e9mentaires autour de la traduction. Votre sortie DOIT \u00eatre en fran\u00e7ais.<\/span><\/iframe><\/p>\n<h2>Fonctionnement et entretien de l'extracteur de jus d'ail<\/h2>\n<p>Apr\u00e8s chaque \u00e9quipe, le filtre doit \u00eatre lav\u00e9 \u00e0 l'eau claire avec une brosse et les scories pr\u00e9sentes dans la machine doivent \u00eatre enlev\u00e9es manuellement. Par exemple, lorsque des fruits et des l\u00e9gumes plus fibreux sont utilis\u00e9s, le tamis doit \u00eatre lav\u00e9 une fois de plus en fonction de la situation de production. Apr\u00e8s le pressage, l'ensemble de la machine \u00e0 jus d'ail doit \u00eatre lav\u00e9 \u00e0 l'eau chaude.<\/p>\n<h2>Param\u00e8tres de l'extracteur de jus d'ail frais<\/h2>\n<table>\n<tbody>\n<tr>\n<td width=\"126\">mod\u00e8le<\/td>\n<td width=\"142\">GG-ZP0.5<\/td>\n<td width=\"147\">GG-ZP1.5<\/td>\n<td width=\"147\">GG-ZP2.5<\/td>\n<\/tr>\n<tr>\n<td width=\"126\">Rendement<\/td>\n<td width=\"142\">100-500KG\/H<\/td>\n<td width=\"147\">1000-1500KG\/H<\/td>\n<td width=\"147\">1500-2500KG\/H<\/td>\n<\/tr>\n<tr>\n<td width=\"126\">pouvoir<\/td>\n<td width=\"142\">0,75+1,5KW<\/td>\n<td width=\"147\">2.2+4KW<\/td>\n<td width=\"147\">2,2+15KW<\/td>\n<\/tr>\n<tr>\n<td width=\"126\">Diam\u00e8tre de la spirale<\/td>\n<td width=\"142\">\u03a6120mm<\/td>\n<td width=\"147\">\u03a6175mm<\/td>\n<td width=\"147\">\u03a6250mm<\/td>\n<\/tr>\n<tr>\n<td width=\"126\">Ouverture du filtre<\/td>\n<td width=\"142\">0,6 mm<\/td>\n<td width=\"147\">0,6 mm<\/td>\n<td width=\"147\">0,6 mm<\/td>\n<\/tr>\n<tr>\n<td width=\"126\">Dimensions<\/td>\n<td width=\"142\">940\u00d7320\u00d71040mm<\/td>\n<td width=\"147\">1650\u00d7540\u00d71920mm<\/td>\n<td width=\"147\">2100\u00d7640\u00d72200mm<\/td>\n<\/tr>\n<\/tbody>\n<\/table>\n<p>Le jus d'ail n\u00e9cessite de l'ail pel\u00e9. Si vous avez besoin d'un <a href=\"https:\/\/www.garlicline.com\/fr\/produit\/continuous-garlic-peeling-machine\/\"><strong>machine \u00e0 \u00e9plucher l'ail<\/strong><\/a>Vous pouvez \u00e9galement nous contacter. Nous disposons de toutes sortes de machines de traitement de l'ail. Si vous \u00eates int\u00e9ress\u00e9, n'h\u00e9sitez pas \u00e0 nous laisser un message.<\/p>\n<hr \/>\n<h2 style=\"text-align: center;\">-Laissez un message pour une citation<\/h2>\n\n<div class=\"wpcf7 no-js\" id=\"wpcf7-f1191-o1\" lang=\"en-US\" dir=\"ltr\" data-wpcf7-id=\"1191\">\n<div class=\"screen-reader-response\"><p role=\"status\" aria-live=\"polite\" aria-atomic=\"true\"><\/p> <ul><\/ul><\/div>\n<form action=\"\/fr\/wp-json\/wp\/v2\/product\/1307#wpcf7-f1191-o1\" method=\"post\" class=\"wpcf7-form init\" aria-label=\"Formulaire de contact\" novalidate=\"novalidate\" data-status=\"init\" data-trp-original-action=\"\/fr\/wp-json\/wp\/v2\/product\/1307#wpcf7-f1191-o1\">\n<fieldset class=\"hidden-fields-container\"><input type=\"hidden\" name=\"_wpcf7\" value=\"1191\" \/><input type=\"hidden\" name=\"_wpcf7_version\" value=\"6.1.1\" \/><input type=\"hidden\" name=\"_wpcf7_locale\" value=\"en_US\" \/><input type=\"hidden\" name=\"_wpcf7_unit_tag\" value=\"wpcf7-f1191-o1\" \/><input type=\"hidden\" name=\"_wpcf7_container_post\" value=\"0\" \/><input type=\"hidden\" name=\"_wpcf7_posted_data_hash\" value=\"\" \/>\n<\/fieldset>\n<div class='proformleft'>\n\t<p><label> Votre nom<br \/>\n<span class=\"wpcf7-form-control-wrap\" data-name=\"your-name\"><input size=\"40\" maxlength=\"400\" class=\"wpcf7-form-control wpcf7-text\" aria-invalid=\"false\" value=\"\" type=\"text\" name=\"your-name\" \/><\/span> <\/label>\n\t<\/p>\n\t<p><label> *Votre Email<br \/>\n<span class=\"wpcf7-form-control-wrap\" data-name=\"your-email\"><input size=\"40\" maxlength=\"400\" class=\"wpcf7-form-control wpcf7-email wpcf7-validates-as-required wpcf7-text wpcf7-validates-as-email\" aria-required=\"true\" aria-invalid=\"false\" value=\"\" type=\"email\" name=\"your-email\" \/><\/span> <\/label>\n\t<\/p>\n\t<p><label> *Votre t\u00e9l\u00e9phone<br \/>\n<span class=\"wpcf7-form-control-wrap\" data-name=\"tel-224\"><input size=\"40\" maxlength=\"400\" class=\"wpcf7-form-control wpcf7-tel wpcf7-validates-as-required wpcf7-text wpcf7-validates-as-tel\" aria-required=\"true\" aria-invalid=\"false\" value=\"\" type=\"tel\" name=\"tel-224\" \/><\/span> <\/label>\n\t<\/p>\n\t<p><label> Votre pays<br \/>\n<span class=\"wpcf7-form-control-wrap\" data-name=\"your-country\"><input size=\"40\" maxlength=\"400\" class=\"wpcf7-form-control wpcf7-text\" aria-invalid=\"false\" value=\"\" type=\"text\" name=\"your-country\" \/><\/span> <\/label>\n\t<\/p>\n<\/div>\n<div class='proformright'>\n\t<p><label> *Votre message<br \/>\n<span class=\"wpcf7-form-control-wrap\" data-name=\"your-message\"><textarea cols=\"40\" rows=\"10\" maxlength=\"2000\" class=\"wpcf7-form-control wpcf7-textarea wpcf7-validates-as-required\" aria-required=\"true\" aria-invalid=\"false\" name=\"your-message\"><\/textarea><\/span> <\/label>\n\t<\/p>\n\t<p><input class=\"wpcf7-form-control wpcf7-submit has-spinner\" type=\"submit\" value=\"Envoyer\" \/>\n\t<\/p>\n<\/div>\n<div style='clear:both'>\n<\/div><p style=\"display: none !important;\" class=\"akismet-fields-container\" data-prefix=\"_wpcf7_ak_\"><label>&#916;<textarea name=\"_wpcf7_ak_hp_textarea\" cols=\"45\" rows=\"8\" maxlength=\"100\"><\/textarea><\/label><input type=\"hidden\" id=\"ak_js_1\" name=\"_wpcf7_ak_js\" value=\"39\"\/><script>document.getElementById( \"ak_js_1\" ).setAttribute( \"value\", ( new Date() ).getTime() );<\/script><\/p><div class=\"wpcf7-response-output\" aria-hidden=\"true\"><\/div>\n<input type=\"hidden\" name=\"trp-form-language\" value=\"fr\"\/><\/form>\n<\/div>\n\n<div style='text-align:left' class='yasr-auto-insert-visitor'><\/div>","protected":false},"excerpt":{"rendered":"<table>\n<tbody>\n<tr>\n<td width=\"126\">mod\u00e8le<\/td>\n<td width=\"142\">GG-ZP0.5<\/td>\n<td width=\"147\">GG-ZP1.5<\/td>\n<td width=\"147\">GG-ZP2.5<\/td>\n<\/tr>\n<tr>\n<td width=\"126\">Rendement<\/td>\n<td width=\"142\">100-500KG\/H<\/td>\n<td width=\"147\">1000-1500KG\/H<\/td>\n<td width=\"147\">1500-2500KG\/H<\/td>\n<\/tr>\n<tr>\n<td width=\"126\">pouvoir<\/td>\n<td width=\"142\">0,75+1,5KW<\/td>\n<td width=\"147\">2.2+4KW<\/td>\n<td width=\"147\">2,2+15KW<\/td>\n<\/tr>\n<tr>\n<td width=\"126\">Diam\u00e8tre de la spirale<\/td>\n<td width=\"142\">\u03a6120mm<\/td>\n<td width=\"147\">\u03a6175mm<\/td>\n<td width=\"147\">\u03a6250mm<\/td>\n<\/tr>\n<tr>\n<td width=\"126\">Ouverture du filtre<\/td>\n<td width=\"142\">0,6 mm<\/td>\n<td width=\"147\">0,6 mm<\/td>\n<td width=\"147\">0,6 mm<\/td>\n<\/tr>\n<tr>\n<td width=\"126\">Dimensions<\/td>\n<td width=\"142\">940\u00d7320\u00d71040mm<\/td>\n<td width=\"147\">1650\u00d7540\u00d71920mm<\/td>\n<td width=\"147\">2100\u00d7640\u00d72200mm<\/td>\n<\/tr>\n<\/tbody>\n<\/table>","protected":false},"featured_media":1309,"comment_status":"open","ping_status":"closed","template":"","meta":{"site-sidebar-layout":"default","site-content-layout":"default","ast-global-header-display":"","ast-main-header-display":"","ast-hfb-above-header-display":"","ast-hfb-below-header-display":"","ast-hfb-mobile-header-display":"","site-post-title":"","ast-breadcrumbs-content":"","ast-featured-img":"","footer-sml-layout":"","theme-transparent-header-meta":"default","adv-header-id-meta":"","stick-header-meta":"","header-above-stick-meta":"","header-main-stick-meta":"","header-below-stick-meta":"","yasr_overall_rating":0,"yasr_post_is_review":"","yasr_auto_insert_disabled":"","yasr_review_type":""},"product_brand":[],"product_cat":[33],"product_tag":[],"class_list":{"0":"post-1307","1":"product","2":"type-product","3":"status-publish","4":"has-post-thumbnail","6":"product_cat-products","8":"first","9":"instock","10":"shipping-taxable","11":"product-type-simple"},"yoast_head":"<!-- This site is optimized with the Yoast SEO plugin v25.7 - https:\/\/yoast.com\/wordpress\/plugins\/seo\/ -->\n<title>Fresh Garlic Juice Extractor Machine<\/title>\n<meta name=\"description\" content=\"Garlic juice extractor machine as a seasoning is very common in our lives, which also shows that the garlic juicer is very important in the garlic processing industry. It is an essential equipment for garlic juice processing.\" \/>\n<meta name=\"robots\" content=\"index, follow, max-snippet:-1, max-image-preview:large, max-video-preview:-1\" \/>\n<link rel=\"canonical\" href=\"https:\/\/www.garlicline.com\/fr\/produit\/garlic-juice-extractor-machine\/\" \/>\n<meta property=\"og:locale\" content=\"fr_FR\" \/>\n<meta property=\"og:type\" content=\"article\" \/>\n<meta property=\"og:title\" content=\"Fresh Garlic Juice Extractor Machine\" \/>\n<meta property=\"og:description\" content=\"Garlic juice extractor machine as a seasoning is very common in our lives, which also shows that the garlic juicer is very important in the garlic processing industry. It is an essential equipment for garlic juice processing.\" \/>\n<meta property=\"og:url\" content=\"https:\/\/www.garlicline.com\/fr\/produit\/garlic-juice-extractor-machine\/\" \/>\n<meta property=\"og:site_name\" content=\"garlicline\" \/>\n<meta property=\"article:modified_time\" content=\"2022-10-19T09:28:02+00:00\" \/>\n<meta property=\"og:image\" content=\"https:\/\/www.garlicline.com\/wp-content\/uploads\/2022\/06\/123zhutu-1.jpg\" \/>\n\t<meta property=\"og:image:width\" content=\"600\" \/>\n\t<meta property=\"og:image:height\" content=\"600\" \/>\n\t<meta property=\"og:image:type\" content=\"image\/jpeg\" \/>\n<meta name=\"twitter:card\" content=\"summary_large_image\" \/>\n<meta name=\"twitter:label1\" content=\"Dur\u00e9e de lecture estim\u00e9e\" \/>\n\t<meta name=\"twitter:data1\" content=\"2 minutes\" \/>\n<script type=\"application\/ld+json\" class=\"yoast-schema-graph\">{\"@context\":\"https:\/\/schema.org\",\"@graph\":[{\"@type\":\"WebPage\",\"@id\":\"https:\/\/www.garlicline.com\/product\/garlic-juice-extractor-machine\/\",\"url\":\"https:\/\/www.garlicline.com\/product\/garlic-juice-extractor-machine\/\",\"name\":\"Fresh Garlic Juice Extractor Machine\",\"isPartOf\":{\"@id\":\"https:\/\/www.garlicline.com\/#website\"},\"primaryImageOfPage\":{\"@id\":\"https:\/\/www.garlicline.com\/product\/garlic-juice-extractor-machine\/#primaryimage\"},\"image\":{\"@id\":\"https:\/\/www.garlicline.com\/product\/garlic-juice-extractor-machine\/#primaryimage\"},\"thumbnailUrl\":\"https:\/\/www.garlicline.com\/wp-content\/uploads\/2022\/06\/123zhutu-1.jpg\",\"datePublished\":\"2022-06-27T08:27:56+00:00\",\"dateModified\":\"2022-10-19T09:28:02+00:00\",\"description\":\"Garlic juice extractor machine as a seasoning is very common in our lives, which also shows that the garlic juicer is very important in the garlic processing industry. It is an essential equipment for garlic juice processing.\",\"breadcrumb\":{\"@id\":\"https:\/\/www.garlicline.com\/product\/garlic-juice-extractor-machine\/#breadcrumb\"},\"inLanguage\":\"fr-FR\",\"potentialAction\":[{\"@type\":\"ReadAction\",\"target\":[\"https:\/\/www.garlicline.com\/product\/garlic-juice-extractor-machine\/\"]}]},{\"@type\":\"ImageObject\",\"inLanguage\":\"fr-FR\",\"@id\":\"https:\/\/www.garlicline.com\/product\/garlic-juice-extractor-machine\/#primaryimage\",\"url\":\"https:\/\/www.garlicline.com\/wp-content\/uploads\/2022\/06\/123zhutu-1.jpg\",\"contentUrl\":\"https:\/\/www.garlicline.com\/wp-content\/uploads\/2022\/06\/123zhutu-1.jpg\",\"width\":600,\"height\":600,\"caption\":\"garlic juice extractor machine\"},{\"@type\":\"BreadcrumbList\",\"@id\":\"https:\/\/www.garlicline.com\/product\/garlic-juice-extractor-machine\/#breadcrumb\",\"itemListElement\":[{\"@type\":\"ListItem\",\"position\":1,\"name\":\"Home\",\"item\":\"https:\/\/www.garlicline.com\/\"},{\"@type\":\"ListItem\",\"position\":2,\"name\":\"Products\",\"item\":\"https:\/\/www.garlicline.com\/products\/\"},{\"@type\":\"ListItem\",\"position\":3,\"name\":\"Fresh Garlic Juice Extractor Machine\"}]},{\"@type\":\"WebSite\",\"@id\":\"https:\/\/www.garlicline.com\/#website\",\"url\":\"https:\/\/www.garlicline.com\/\",\"name\":\"garlicline\",\"description\":\"garlic processing machine supplier\",\"publisher\":{\"@id\":\"https:\/\/www.garlicline.com\/#organization\"},\"potentialAction\":[{\"@type\":\"SearchAction\",\"target\":{\"@type\":\"EntryPoint\",\"urlTemplate\":\"https:\/\/www.garlicline.com\/?s={search_term_string}\"},\"query-input\":{\"@type\":\"PropertyValueSpecification\",\"valueRequired\":true,\"valueName\":\"search_term_string\"}}],\"inLanguage\":\"fr-FR\"},{\"@type\":\"Organization\",\"@id\":\"https:\/\/www.garlicline.com\/#organization\",\"name\":\"garlicline\",\"url\":\"https:\/\/www.garlicline.com\/\",\"logo\":{\"@type\":\"ImageObject\",\"inLanguage\":\"fr-FR\",\"@id\":\"https:\/\/www.garlicline.com\/#\/schema\/logo\/image\/\",\"url\":\"https:\/\/www.garlicline.com\/wp-content\/uploads\/2025\/05\/cropped-gelgoog-logo-1.png\",\"contentUrl\":\"https:\/\/www.garlicline.com\/wp-content\/uploads\/2025\/05\/cropped-gelgoog-logo-1.png\",\"width\":434,\"height\":267,\"caption\":\"garlicline\"},\"image\":{\"@id\":\"https:\/\/www.garlicline.com\/#\/schema\/logo\/image\/\"}},false]}<\/script>\n<!-- \/ Yoast SEO plugin. -->","yoast_head_json":{"title":"Machine \u00e0 extraire le jus d'ail frais","description":"L'extracteur de jus d'ail en tant qu'assaisonnement est tr\u00e8s courant dans notre vie, ce qui montre \u00e9galement que l'extracteur de jus d'ail est tr\u00e8s important dans l'industrie de transformation de l'ail. Il s'agit d'un \u00e9quipement essentiel pour le traitement du jus d'ail.","robots":{"index":"index","follow":"follow","max-snippet":"max-snippet:-1","max-image-preview":"max-image-preview:large","max-video-preview":"max-video-preview:-1"},"canonical":"https:\/\/www.garlicline.com\/fr\/produit\/garlic-juice-extractor-machine\/","og_locale":"fr_FR","og_type":"article","og_title":"Fresh Garlic Juice Extractor Machine","og_description":"Garlic juice extractor machine as a seasoning is very common in our lives, which also shows that the garlic juicer is very important in the garlic processing industry. It is an essential equipment for garlic juice processing.","og_url":"https:\/\/www.garlicline.com\/fr\/produit\/garlic-juice-extractor-machine\/","og_site_name":"garlicline","article_modified_time":"2022-10-19T09:28:02+00:00","og_image":[{"width":600,"height":600,"url":"https:\/\/www.garlicline.com\/wp-content\/uploads\/2022\/06\/123zhutu-1.jpg","type":"image\/jpeg"}],"twitter_card":"summary_large_image","twitter_misc":{"Dur\u00e9e de lecture estim\u00e9e":"2 minutes"},"schema":{"@context":"https:\/\/schema.org","@graph":[{"@type":"WebPage","@id":"https:\/\/www.garlicline.com\/product\/garlic-juice-extractor-machine\/","url":"https:\/\/www.garlicline.com\/product\/garlic-juice-extractor-machine\/","name":"Machine \u00e0 extraire le jus d'ail frais","isPartOf":{"@id":"https:\/\/www.garlicline.com\/#website"},"primaryImageOfPage":{"@id":"https:\/\/www.garlicline.com\/product\/garlic-juice-extractor-machine\/#primaryimage"},"image":{"@id":"https:\/\/www.garlicline.com\/product\/garlic-juice-extractor-machine\/#primaryimage"},"thumbnailUrl":"https:\/\/www.garlicline.com\/wp-content\/uploads\/2022\/06\/123zhutu-1.jpg","datePublished":"2022-06-27T08:27:56+00:00","dateModified":"2022-10-19T09:28:02+00:00","description":"L'extracteur de jus d'ail en tant qu'assaisonnement est tr\u00e8s courant dans notre vie, ce qui montre \u00e9galement que l'extracteur de jus d'ail est tr\u00e8s important dans l'industrie de transformation de l'ail. Il s'agit d'un \u00e9quipement essentiel pour le traitement du jus d'ail.","breadcrumb":{"@id":"https:\/\/www.garlicline.com\/product\/garlic-juice-extractor-machine\/#breadcrumb"},"inLanguage":"fr-FR","potentialAction":[{"@type":"ReadAction","target":["https:\/\/www.garlicline.com\/product\/garlic-juice-extractor-machine\/"]}]},{"@type":"ImageObject","inLanguage":"fr-FR","@id":"https:\/\/www.garlicline.com\/product\/garlic-juice-extractor-machine\/#primaryimage","url":"https:\/\/www.garlicline.com\/wp-content\/uploads\/2022\/06\/123zhutu-1.jpg","contentUrl":"https:\/\/www.garlicline.com\/wp-content\/uploads\/2022\/06\/123zhutu-1.jpg","width":600,"height":600,"caption":"garlic juice extractor machine"},{"@type":"BreadcrumbList","@id":"https:\/\/www.garlicline.com\/product\/garlic-juice-extractor-machine\/#breadcrumb","itemListElement":[{"@type":"ListItem","position":1,"name":"Home","item":"https:\/\/www.garlicline.com\/"},{"@type":"ListItem","position":2,"name":"Products","item":"https:\/\/www.garlicline.com\/products\/"},{"@type":"ListItem","position":3,"name":"Fresh Garlic Juice Extractor Machine"}]},{"@type":"WebSite","@id":"https:\/\/www.garlicline.com\/#website","url":"https:\/\/www.garlicline.com\/","name":"ligne d'ail","description":"fournisseur de machines de traitement de l'ail","publisher":{"@id":"https:\/\/www.garlicline.com\/#organization"},"potentialAction":[{"@type":"SearchAction","target":{"@type":"EntryPoint","urlTemplate":"https:\/\/www.garlicline.com\/?s={search_term_string}"},"query-input":{"@type":"PropertyValueSpecification","valueRequired":true,"valueName":"search_term_string"}}],"inLanguage":"fr-FR"},{"@type":"Organization","@id":"https:\/\/www.garlicline.com\/#organization","name":"ligne d'ail","url":"https:\/\/www.garlicline.com\/","logo":{"@type":"ImageObject","inLanguage":"fr-FR","@id":"https:\/\/www.garlicline.com\/#\/schema\/logo\/image\/","url":"https:\/\/www.garlicline.com\/wp-content\/uploads\/2025\/05\/cropped-gelgoog-logo-1.png","contentUrl":"https:\/\/www.garlicline.com\/wp-content\/uploads\/2025\/05\/cropped-gelgoog-logo-1.png","width":434,"height":267,"caption":"garlicline"},"image":{"@id":"https:\/\/www.garlicline.com\/#\/schema\/logo\/image\/"}},false]}},"yasr_visitor_votes":{"stars_attributes":{"read_only":false,"span_bottom":false},"number_of_votes":1,"sum_votes":5},"_links":{"self":[{"href":"https:\/\/www.garlicline.com\/fr\/wp-json\/wp\/v2\/product\/1307","targetHints":{"allow":["GET"]}}],"collection":[{"href":"https:\/\/www.garlicline.com\/fr\/wp-json\/wp\/v2\/product"}],"about":[{"href":"https:\/\/www.garlicline.com\/fr\/wp-json\/wp\/v2\/types\/product"}],"replies":[{"embeddable":true,"href":"https:\/\/www.garlicline.com\/fr\/wp-json\/wp\/v2\/comments?post=1307"}],"version-history":[{"count":0,"href":"https:\/\/www.garlicline.com\/fr\/wp-json\/wp\/v2\/product\/1307\/revisions"}],"wp:featuredmedia":[{"embeddable":true,"href":"https:\/\/www.garlicline.com\/fr\/wp-json\/wp\/v2\/media\/1309"}],"wp:attachment":[{"href":"https:\/\/www.garlicline.com\/fr\/wp-json\/wp\/v2\/media?parent=1307"}],"wp:term":[{"taxonomy":"product_brand","embeddable":true,"href":"https:\/\/www.garlicline.com\/fr\/wp-json\/wp\/v2\/product_brand?post=1307"},{"taxonomy":"product_cat","embeddable":true,"href":"https:\/\/www.garlicline.com\/fr\/wp-json\/wp\/v2\/product_cat?post=1307"},{"taxonomy":"product_tag","embeddable":true,"href":"https:\/\/www.garlicline.com\/fr\/wp-json\/wp\/v2\/product_tag?post=1307"}],"curies":[{"name":"wp","href":"https:\/\/api.w.org\/{rel}","templated":true}]}}