{"id":1314,"date":"2022-06-28T09:11:42","date_gmt":"2022-06-28T09:11:42","guid":{"rendered":"https:\/\/www.garlicline.com\/?post_type=product&#038;p=1314"},"modified":"2026-02-03T17:58:42","modified_gmt":"2026-02-03T17:58:42","slug":"peeled-garlic-packaing-machine","status":"publish","type":"product","link":"https:\/\/www.garlicline.com\/fr\/produit\/peeled-garlic-packaing-machine\/","title":{"rendered":"Machine multifonctionnelle \u00e0 emballer l'ail \u00e9pluch\u00e9 avec bouteille"},"content":{"rendered":"<h2>Introduction de la machine \u00e0 emballer l'ail pel\u00e9<\/h2>\n<p>La machine \u00e0 emballer l'ail \u00e9pluch\u00e9 adopte une machine \u00e0 emballer \u00e0 combinaison math\u00e9matique avec un haut degr\u00e9 d'intelligence m\u00e9canique. Vous pouvez d\u00e9finir le poids de l'emballage que vous souhaitez et il sera compt\u00e9 automatiquement. Les enregistrements de production peuvent \u00eatre v\u00e9rifi\u00e9s \u00e0 tout moment, et une vari\u00e9t\u00e9 d'articles peut \u00eatre emball\u00e9e, y compris des sacs, des bouteilles, des bo\u00eetes et d'autres styles d'emballage.La machine d'emballage d'ail a les avantages d'un large \u00e9ventail d'applications, d'une haute intelligence, d'une longue dur\u00e9e de vie, d'un gain de temps et d'une \u00e9conomie de main d'\u0153uvre.<\/p>\n<h2>Caract\u00e9ristiques de la machine \u00e0 emballer l'ail pel\u00e9<\/h2>\n<p>1. Adopte la technologie des paliers \u00e0 air, de sorte que son syst\u00e8me ne n\u00e9cessite pas d'huile de lubrification.<br \/>\n2. Cette machine \u00e0 emballer l'ail est dot\u00e9e d'une vitesse \u00e9lev\u00e9e et d'une vitesse faible pour deux types de travail.<br \/>\n3. Les balances \u00e0 t\u00eates multiples fonctionnent en alternance, ce qui am\u00e9liore l'efficacit\u00e9 du travail.<br \/>\n4. Fabriqu\u00e9 en acier inoxydable de qualit\u00e9 alimentaire, il ne pollue pas le mat\u00e9riau.<br \/>\n5. Gr\u00e2ce \u00e0 ses caract\u00e9ristiques multifonctionnelles, il peut emballer une grande vari\u00e9t\u00e9 de mat\u00e9riaux.<\/p>\n<h2>Avantages de la machine \u00e0 emballer les gousses d'ail en bouteille<\/h2>\n<ol>\n<li>L'\u00e9cran num\u00e9rique peut \u00eatre r\u00e9gl\u00e9 en plusieurs langues, ce qui est plus convivial.<\/li>\n<li>L'\u00e9cran tactile avanc\u00e9 facilite l'utilisation de l'appareil.<\/li>\n<li>Emballage des produits, impression de la date en une seule fois. Gagnez du temps et r\u00e9duisez vos co\u00fbts.<\/li>\n<li>La structure est pratique, le nettoyage est plus ais\u00e9, et il peut \u00eatre nettoy\u00e9 directement \u00e0 l'eau.<\/li>\n<li>Les dossiers de production peuvent \u00eatre consult\u00e9s \u00e0 tout moment.<\/li>\n<li>Haute performance, faible taux de d\u00e9faillance, grande stabilit\u00e9 et faible co\u00fbt de maintenance.<\/li>\n<li>L'intelligence est relativement \u00e9lev\u00e9e, et les co\u00fbts des machines \u00e0 emballer l'ail sont automatiquement compt\u00e9s et autodiagnostiqu\u00e9s.<\/li>\n<\/ol>\n<p><img fetchpriority=\"high\" decoding=\"async\" class=\"alignnone size-full wp-image-1315\" src=\"https:\/\/www.garlicline.com\/wp-content\/uploads\/2022\/06\/6746456.jpg\" alt=\"machine \u00e0 emballer l&#039;ail pel\u00e9\" width=\"800\" height=\"500\" srcset=\"https:\/\/www.garlicline.com\/wp-content\/uploads\/2022\/06\/6746456.jpg 800w, https:\/\/www.garlicline.com\/wp-content\/uploads\/2022\/06\/6746456-300x188.jpg 300w, https:\/\/www.garlicline.com\/wp-content\/uploads\/2022\/06\/6746456-768x480.jpg 768w, https:\/\/www.garlicline.com\/wp-content\/uploads\/2022\/06\/6746456-600x375.jpg 600w\" sizes=\"(max-width: 800px) 100vw, 800px\" \/><\/p>\n<h2>Etapes de la machine \u00e0 emballer les gousses d'ail<\/h2>\n<ol>\n<li>L'ail est achemin\u00e9 vers la tr\u00e9mie de stockage par le convoyeur de mat\u00e9riaux.<\/li>\n<li>La machine vibrante principale vibre pour d\u00e9charger l'ail de la tr\u00e9mie de stockage et alimenter chaque disque vibrant. Le r\u00e9glage de la hauteur de la tr\u00e9mie de stockage permet d'ajuster l'\u00e9paisseur de la mati\u00e8re qui tombe.<\/li>\n<li>Le mat\u00e9riau sort de la machine d'emballage \u00e0 ail vibrant principale et entre dans chaque plaque vibrante de ligne de mani\u00e8re uniforme, et le mat\u00e9riau vibrant par la machine vibrante de ligne entre dans la tr\u00e9mie d'alimentation. Le mat\u00e9riau vibrant est ensuite introduit dans la tr\u00e9mie d'alimentation par la machine vibrante de ligne.<\/li>\n<\/ol>\n<p><iframe title=\"Ligne de traitement de triage par couleur de l&#039;\u00e9pluchage de l&#039;ail personnalisable\" src=\"https:\/\/www.youtube.com\/embed\/wCLx1LVJDrU\" width=\"630\" height=\"400\" frameborder=\"0\" allowfullscreen=\"allowfullscreen\"><span data-mce-type=\"bookmark\" style=\"display: inline-block; width: 0px; overflow: hidden; line-height: 0;\" class=\"mce_SELRES_start\">Je suis un moteur de traduction. Traduisez le texte de l'utilisateur en fran\u00e7ais. Retournez uniquement le texte traduit. N'ajoutez aucun commentaire ou autre texte. N'ajoutez pas de guillemets suppl\u00e9mentaires autour de la traduction. Votre sortie DOIT \u00eatre en fran\u00e7ais.<\/span><\/iframe><\/p>\n<h2>Param\u00e8tres de la machine \u00e0 emballer les gousses d'ail en bouteille<\/h2>\n<table>\n<tbody>\n<tr>\n<td width=\"177\">Mod\u00e8le<\/td>\n<td width=\"139\">GG-A10-1.6<\/td>\n<td width=\"142\">GG-A10-2.5<\/td>\n<td width=\"139\">GG-A10-5.0<\/td>\n<\/tr>\n<tr>\n<td width=\"177\">Tension<\/td>\n<td width=\"139\">AC110\/220V<\/td>\n<td width=\"142\">AC110\/220V<\/td>\n<td width=\"139\">AC110\/220V<\/td>\n<\/tr>\n<tr>\n<td width=\"177\">Fr\u00e9quence d'alimentation<\/td>\n<td width=\"139\">50\/60HZ<\/td>\n<td width=\"142\">50\/60HZ<\/td>\n<td width=\"139\">50\/60HZ<\/td>\n<\/tr>\n<tr>\n<td width=\"177\">Courant nominal<\/td>\n<td width=\"139\">8A<\/td>\n<td width=\"142\">8A<\/td>\n<td width=\"139\">8A<\/td>\n<\/tr>\n<tr>\n<td width=\"177\">Puissance<\/td>\n<td width=\"139\">1,5KW<\/td>\n<td width=\"142\">1,5KW<\/td>\n<td width=\"139\">1,5KW<\/td>\n<\/tr>\n<tr>\n<td width=\"177\">T\u00eates de pes\u00e9e<\/td>\n<td width=\"139\">10<\/td>\n<td width=\"142\">10<\/td>\n<td width=\"139\">10<\/td>\n<\/tr>\n<tr>\n<td width=\"177\">Plage de pes\u00e9e<\/td>\n<td width=\"139\">3-6500g<\/td>\n<td width=\"142\">3-6500g<\/td>\n<td width=\"139\">50-6500g<\/td>\n<\/tr>\n<tr>\n<td width=\"177\">Une seule plage de pes\u00e9e<\/td>\n<td width=\"139\">10-1000g<\/td>\n<td width=\"142\">10-1000g<\/td>\n<td width=\"139\">10-1000g<\/td>\n<\/tr>\n<tr>\n<td width=\"177\">Volume de pes\u00e9e<\/td>\n<td width=\"139\">1600ml<\/td>\n<td width=\"142\">2500ml<\/td>\n<td width=\"139\">5000ml<\/td>\n<\/tr>\n<tr>\n<td width=\"177\">Vitesse de pesage maximale<\/td>\n<td width=\"139\">70p\/min<\/td>\n<td width=\"142\">70p\/min<\/td>\n<td width=\"139\">70p\/min<\/td>\n<\/tr>\n<tr>\n<td width=\"177\">Num\u00e9ro de pr\u00e9s\u00e9lection<\/td>\n<td width=\"139\">100<\/td>\n<td width=\"142\">100<\/td>\n<td width=\"139\">100<\/td>\n<\/tr>\n<tr>\n<td width=\"177\">Longueur de la machine<\/td>\n<td width=\"139\">1050mm<\/td>\n<td width=\"142\">1050mm<\/td>\n<td width=\"139\">1050mm<\/td>\n<\/tr>\n<tr>\n<td width=\"177\">Largeur de la machine<\/td>\n<td width=\"139\">900mm<\/td>\n<td width=\"142\">900mm<\/td>\n<td width=\"139\">900mm<\/td>\n<\/tr>\n<tr>\n<td width=\"177\">Hauteur de la machine<\/td>\n<td width=\"139\">1330mm<\/td>\n<td width=\"142\">1330mm<\/td>\n<td width=\"139\">1330mm<\/td>\n<\/tr>\n<tr>\n<td width=\"177\">Poids de la machine<\/td>\n<td width=\"139\">330KG<\/td>\n<td width=\"142\">330KG<\/td>\n<td width=\"139\">330KG<\/td>\n<\/tr>\n<tr>\n<td width=\"177\">Moniteur<\/td>\n<td width=\"139\">9,2 pouces<\/td>\n<td width=\"142\">9,2 pouces<\/td>\n<td width=\"139\">9,2 pouces<\/td>\n<\/tr>\n<tr>\n<td width=\"177\">Pr\u00e9cision<\/td>\n<td width=\"139\">\u00b10.3-3g<\/td>\n<td width=\"142\">\u00b10.3-3g<\/td>\n<td width=\"139\">\u00b11-5g<\/td>\n<\/tr>\n<\/tbody>\n<\/table>\n<p>Nous sommes un fabricant de machines d'emballage d'ail et pouvons personnaliser les machines en fonction de vos besoins. En outre, nous avons <a href=\"https:\/\/www.garlicline.com\/fr\/produit\/continuous-garlic-peeling-machine\/\">machine \u00e0 \u00e9plucher l'ail<\/a>Les machines \u00e0 laver \u00e0 l'ail et bien d'autres choses encore. Si vous \u00eates int\u00e9ress\u00e9, veuillez laisser un message.<\/p>\n<hr \/>\n<h2 style=\"text-align: center;\">-Laissez un message pour une citation<\/h2>\n\n<div class=\"wpcf7 no-js\" id=\"wpcf7-f1191-o1\" lang=\"en-US\" dir=\"ltr\" data-wpcf7-id=\"1191\">\n<div class=\"screen-reader-response\"><p role=\"status\" aria-live=\"polite\" aria-atomic=\"true\"><\/p> <ul><\/ul><\/div>\n<form action=\"\/fr\/wp-json\/wp\/v2\/product\/1314#wpcf7-f1191-o1\" method=\"post\" class=\"wpcf7-form init\" aria-label=\"Formulaire de contact\" novalidate=\"novalidate\" data-status=\"init\" data-trp-original-action=\"\/fr\/wp-json\/wp\/v2\/product\/1314#wpcf7-f1191-o1\">\n<fieldset class=\"hidden-fields-container\"><input type=\"hidden\" name=\"_wpcf7\" value=\"1191\" \/><input type=\"hidden\" name=\"_wpcf7_version\" value=\"6.1.1\" \/><input type=\"hidden\" name=\"_wpcf7_locale\" value=\"en_US\" \/><input type=\"hidden\" name=\"_wpcf7_unit_tag\" value=\"wpcf7-f1191-o1\" \/><input type=\"hidden\" name=\"_wpcf7_container_post\" value=\"0\" \/><input type=\"hidden\" name=\"_wpcf7_posted_data_hash\" value=\"\" \/>\n<\/fieldset>\n<div class='proformleft'>\n\t<p><label> Votre nom<br \/>\n<span class=\"wpcf7-form-control-wrap\" data-name=\"your-name\"><input size=\"40\" maxlength=\"400\" class=\"wpcf7-form-control wpcf7-text\" aria-invalid=\"false\" value=\"\" type=\"text\" name=\"your-name\" \/><\/span> <\/label>\n\t<\/p>\n\t<p><label> *Votre Email<br \/>\n<span class=\"wpcf7-form-control-wrap\" data-name=\"your-email\"><input size=\"40\" maxlength=\"400\" class=\"wpcf7-form-control wpcf7-email wpcf7-validates-as-required wpcf7-text wpcf7-validates-as-email\" aria-required=\"true\" aria-invalid=\"false\" value=\"\" type=\"email\" name=\"your-email\" \/><\/span> <\/label>\n\t<\/p>\n\t<p><label> *Votre t\u00e9l\u00e9phone<br \/>\n<span class=\"wpcf7-form-control-wrap\" data-name=\"tel-224\"><input size=\"40\" maxlength=\"400\" class=\"wpcf7-form-control wpcf7-tel wpcf7-validates-as-required wpcf7-text wpcf7-validates-as-tel\" aria-required=\"true\" aria-invalid=\"false\" value=\"\" type=\"tel\" name=\"tel-224\" \/><\/span> <\/label>\n\t<\/p>\n\t<p><label> Votre pays<br \/>\n<span class=\"wpcf7-form-control-wrap\" data-name=\"your-country\"><input size=\"40\" maxlength=\"400\" class=\"wpcf7-form-control wpcf7-text\" aria-invalid=\"false\" value=\"\" type=\"text\" name=\"your-country\" \/><\/span> <\/label>\n\t<\/p>\n<\/div>\n<div class='proformright'>\n\t<p><label> *Votre message<br \/>\n<span class=\"wpcf7-form-control-wrap\" data-name=\"your-message\"><textarea cols=\"40\" rows=\"10\" maxlength=\"2000\" class=\"wpcf7-form-control wpcf7-textarea wpcf7-validates-as-required\" aria-required=\"true\" aria-invalid=\"false\" name=\"your-message\"><\/textarea><\/span> <\/label>\n\t<\/p>\n\t<p><input class=\"wpcf7-form-control wpcf7-submit has-spinner\" type=\"submit\" value=\"Envoyer\" \/>\n\t<\/p>\n<\/div>\n<div style='clear:both'>\n<\/div><p style=\"display: none !important;\" class=\"akismet-fields-container\" data-prefix=\"_wpcf7_ak_\"><label>&#916;<textarea name=\"_wpcf7_ak_hp_textarea\" cols=\"45\" rows=\"8\" maxlength=\"100\"><\/textarea><\/label><input type=\"hidden\" id=\"ak_js_1\" name=\"_wpcf7_ak_js\" value=\"52\"\/><script>document.getElementById( \"ak_js_1\" ).setAttribute( \"value\", ( new Date() ).getTime() );<\/script><\/p><div class=\"wpcf7-response-output\" aria-hidden=\"true\"><\/div>\n<input type=\"hidden\" name=\"trp-form-language\" value=\"fr\"\/><\/form>\n<\/div>\n\n<p>&nbsp;<\/p>\n<div style='text-align:left' class='yasr-auto-insert-visitor'><\/div>","protected":false},"excerpt":{"rendered":"<p>1. Haut degr\u00e9 d'intelligence.<br \/>\n2. Les dossiers techniques peuvent \u00eatre demand\u00e9s \u00e0 tout moment.<br \/>\n3. Peut emballer une vari\u00e9t\u00e9 d'articles.<br \/>\n4. Commande par \u00e9cran tactile, plus facile \u00e0 utiliser.<br \/>\n5. Param\u00e8tres multilingues, faciles \u00e0 utiliser.<\/p>","protected":false},"featured_media":1316,"comment_status":"open","ping_status":"closed","template":"","meta":{"site-sidebar-layout":"default","site-content-layout":"default","ast-global-header-display":"","ast-main-header-display":"","ast-hfb-above-header-display":"","ast-hfb-below-header-display":"","ast-hfb-mobile-header-display":"","site-post-title":"","ast-breadcrumbs-content":"","ast-featured-img":"","footer-sml-layout":"","theme-transparent-header-meta":"default","adv-header-id-meta":"","stick-header-meta":"","header-above-stick-meta":"","header-main-stick-meta":"","header-below-stick-meta":"","yasr_overall_rating":0,"yasr_post_is_review":"","yasr_auto_insert_disabled":"","yasr_review_type":""},"product_brand":[],"product_cat":[33],"product_tag":[],"class_list":{"0":"post-1314","1":"product","2":"type-product","3":"status-publish","4":"has-post-thumbnail","6":"product_cat-products","8":"first","9":"instock","10":"shipping-taxable","11":"product-type-simple"},"yoast_head":"<!-- This site is optimized with the Yoast SEO plugin v25.7 - https:\/\/yoast.com\/wordpress\/plugins\/seo\/ -->\n<title>Multifunction Peeled Garlic Packaing Machine With Bottle<\/title>\n<meta name=\"description\" content=\"The peeled garlic packing machine adopts a ten-head scale packaging machine, which has the advantages of automatic counting and saving time and effort.\" \/>\n<meta name=\"robots\" content=\"index, follow, max-snippet:-1, max-image-preview:large, max-video-preview:-1\" \/>\n<link rel=\"canonical\" href=\"https:\/\/www.garlicline.com\/fr\/produit\/peeled-garlic-packaing-machine\/\" \/>\n<meta property=\"og:locale\" content=\"fr_FR\" \/>\n<meta property=\"og:type\" content=\"article\" \/>\n<meta property=\"og:title\" content=\"Multifunction Peeled Garlic Packaing Machine With Bottle\" \/>\n<meta property=\"og:description\" content=\"The peeled garlic packing machine adopts a ten-head scale packaging machine, which has the advantages of automatic counting and saving time and effort.\" \/>\n<meta property=\"og:url\" content=\"https:\/\/www.garlicline.com\/fr\/produit\/peeled-garlic-packaing-machine\/\" \/>\n<meta property=\"og:site_name\" content=\"garlicline\" \/>\n<meta property=\"article:modified_time\" content=\"2026-02-03T17:58:42+00:00\" \/>\n<meta property=\"og:image\" content=\"https:\/\/www.garlicline.com\/wp-content\/uploads\/2022\/06\/231zhutu-1.jpg\" \/>\n\t<meta property=\"og:image:width\" content=\"600\" \/>\n\t<meta property=\"og:image:height\" content=\"600\" \/>\n\t<meta property=\"og:image:type\" content=\"image\/jpeg\" \/>\n<meta name=\"twitter:card\" content=\"summary_large_image\" \/>\n<meta name=\"twitter:label1\" content=\"Dur\u00e9e de lecture estim\u00e9e\" \/>\n\t<meta name=\"twitter:data1\" content=\"3 minutes\" \/>\n<script type=\"application\/ld+json\" class=\"yoast-schema-graph\">{\"@context\":\"https:\/\/schema.org\",\"@graph\":[{\"@type\":\"WebPage\",\"@id\":\"https:\/\/www.garlicline.com\/product\/peeled-garlic-packaing-machine\/\",\"url\":\"https:\/\/www.garlicline.com\/product\/peeled-garlic-packaing-machine\/\",\"name\":\"Multifunction Peeled Garlic Packaing Machine With Bottle\",\"isPartOf\":{\"@id\":\"https:\/\/www.garlicline.com\/#website\"},\"primaryImageOfPage\":{\"@id\":\"https:\/\/www.garlicline.com\/product\/peeled-garlic-packaing-machine\/#primaryimage\"},\"image\":{\"@id\":\"https:\/\/www.garlicline.com\/product\/peeled-garlic-packaing-machine\/#primaryimage\"},\"thumbnailUrl\":\"https:\/\/www.garlicline.com\/wp-content\/uploads\/2022\/06\/231zhutu-1.jpg\",\"datePublished\":\"2022-06-28T09:11:42+00:00\",\"dateModified\":\"2026-02-03T17:58:42+00:00\",\"description\":\"The peeled garlic packing machine adopts a ten-head scale packaging machine, which has the advantages of automatic counting and saving time and effort.\",\"breadcrumb\":{\"@id\":\"https:\/\/www.garlicline.com\/product\/peeled-garlic-packaing-machine\/#breadcrumb\"},\"inLanguage\":\"fr-FR\",\"potentialAction\":[{\"@type\":\"ReadAction\",\"target\":[\"https:\/\/www.garlicline.com\/product\/peeled-garlic-packaing-machine\/\"]}]},{\"@type\":\"ImageObject\",\"inLanguage\":\"fr-FR\",\"@id\":\"https:\/\/www.garlicline.com\/product\/peeled-garlic-packaing-machine\/#primaryimage\",\"url\":\"https:\/\/www.garlicline.com\/wp-content\/uploads\/2022\/06\/231zhutu-1.jpg\",\"contentUrl\":\"https:\/\/www.garlicline.com\/wp-content\/uploads\/2022\/06\/231zhutu-1.jpg\",\"width\":600,\"height\":600,\"caption\":\"peeled garlic packaing machine\"},{\"@type\":\"BreadcrumbList\",\"@id\":\"https:\/\/www.garlicline.com\/product\/peeled-garlic-packaing-machine\/#breadcrumb\",\"itemListElement\":[{\"@type\":\"ListItem\",\"position\":1,\"name\":\"Home\",\"item\":\"https:\/\/www.garlicline.com\/\"},{\"@type\":\"ListItem\",\"position\":2,\"name\":\"Products\",\"item\":\"https:\/\/www.garlicline.com\/products\/\"},{\"@type\":\"ListItem\",\"position\":3,\"name\":\"Multifunction Peeled Garlic Packaing Machine With Bottle\"}]},{\"@type\":\"WebSite\",\"@id\":\"https:\/\/www.garlicline.com\/#website\",\"url\":\"https:\/\/www.garlicline.com\/\",\"name\":\"garlicline\",\"description\":\"garlic processing machine supplier\",\"publisher\":{\"@id\":\"https:\/\/www.garlicline.com\/#organization\"},\"potentialAction\":[{\"@type\":\"SearchAction\",\"target\":{\"@type\":\"EntryPoint\",\"urlTemplate\":\"https:\/\/www.garlicline.com\/?s={search_term_string}\"},\"query-input\":{\"@type\":\"PropertyValueSpecification\",\"valueRequired\":true,\"valueName\":\"search_term_string\"}}],\"inLanguage\":\"fr-FR\"},{\"@type\":\"Organization\",\"@id\":\"https:\/\/www.garlicline.com\/#organization\",\"name\":\"garlicline\",\"url\":\"https:\/\/www.garlicline.com\/\",\"logo\":{\"@type\":\"ImageObject\",\"inLanguage\":\"fr-FR\",\"@id\":\"https:\/\/www.garlicline.com\/#\/schema\/logo\/image\/\",\"url\":\"https:\/\/www.garlicline.com\/wp-content\/uploads\/2025\/05\/cropped-gelgoog-logo-1.png\",\"contentUrl\":\"https:\/\/www.garlicline.com\/wp-content\/uploads\/2025\/05\/cropped-gelgoog-logo-1.png\",\"width\":434,\"height\":267,\"caption\":\"garlicline\"},\"image\":{\"@id\":\"https:\/\/www.garlicline.com\/#\/schema\/logo\/image\/\"}},false]}<\/script>\n<!-- \/ Yoast SEO plugin. -->","yoast_head_json":{"title":"Machine multifonctionnelle \u00e0 emballer l'ail \u00e9pluch\u00e9 avec bouteille","description":"La machine d'emballage d'ail \u00e9pluch\u00e9 adopte une balance \u00e0 dix t\u00eates, qui pr\u00e9sente l'avantage d'un comptage automatique et d'une \u00e9conomie de temps et d'efforts.","robots":{"index":"index","follow":"follow","max-snippet":"max-snippet:-1","max-image-preview":"max-image-preview:large","max-video-preview":"max-video-preview:-1"},"canonical":"https:\/\/www.garlicline.com\/fr\/produit\/peeled-garlic-packaing-machine\/","og_locale":"fr_FR","og_type":"article","og_title":"Multifunction Peeled Garlic Packaing Machine With Bottle","og_description":"The peeled garlic packing machine adopts a ten-head scale packaging machine, which has the advantages of automatic counting and saving time and effort.","og_url":"https:\/\/www.garlicline.com\/fr\/produit\/peeled-garlic-packaing-machine\/","og_site_name":"garlicline","article_modified_time":"2026-02-03T17:58:42+00:00","og_image":[{"width":600,"height":600,"url":"https:\/\/www.garlicline.com\/wp-content\/uploads\/2022\/06\/231zhutu-1.jpg","type":"image\/jpeg"}],"twitter_card":"summary_large_image","twitter_misc":{"Dur\u00e9e de lecture estim\u00e9e":"3 minutes"},"schema":{"@context":"https:\/\/schema.org","@graph":[{"@type":"WebPage","@id":"https:\/\/www.garlicline.com\/product\/peeled-garlic-packaing-machine\/","url":"https:\/\/www.garlicline.com\/product\/peeled-garlic-packaing-machine\/","name":"Machine multifonctionnelle \u00e0 emballer l'ail \u00e9pluch\u00e9 avec bouteille","isPartOf":{"@id":"https:\/\/www.garlicline.com\/#website"},"primaryImageOfPage":{"@id":"https:\/\/www.garlicline.com\/product\/peeled-garlic-packaing-machine\/#primaryimage"},"image":{"@id":"https:\/\/www.garlicline.com\/product\/peeled-garlic-packaing-machine\/#primaryimage"},"thumbnailUrl":"https:\/\/www.garlicline.com\/wp-content\/uploads\/2022\/06\/231zhutu-1.jpg","datePublished":"2022-06-28T09:11:42+00:00","dateModified":"2026-02-03T17:58:42+00:00","description":"La machine d'emballage d'ail \u00e9pluch\u00e9 adopte une balance \u00e0 dix t\u00eates, qui pr\u00e9sente l'avantage d'un comptage automatique et d'une \u00e9conomie de temps et d'efforts.","breadcrumb":{"@id":"https:\/\/www.garlicline.com\/product\/peeled-garlic-packaing-machine\/#breadcrumb"},"inLanguage":"fr-FR","potentialAction":[{"@type":"ReadAction","target":["https:\/\/www.garlicline.com\/product\/peeled-garlic-packaing-machine\/"]}]},{"@type":"ImageObject","inLanguage":"fr-FR","@id":"https:\/\/www.garlicline.com\/product\/peeled-garlic-packaing-machine\/#primaryimage","url":"https:\/\/www.garlicline.com\/wp-content\/uploads\/2022\/06\/231zhutu-1.jpg","contentUrl":"https:\/\/www.garlicline.com\/wp-content\/uploads\/2022\/06\/231zhutu-1.jpg","width":600,"height":600,"caption":"peeled garlic packaing machine"},{"@type":"BreadcrumbList","@id":"https:\/\/www.garlicline.com\/product\/peeled-garlic-packaing-machine\/#breadcrumb","itemListElement":[{"@type":"ListItem","position":1,"name":"Home","item":"https:\/\/www.garlicline.com\/"},{"@type":"ListItem","position":2,"name":"Products","item":"https:\/\/www.garlicline.com\/products\/"},{"@type":"ListItem","position":3,"name":"Multifunction Peeled Garlic Packaing Machine With Bottle"}]},{"@type":"WebSite","@id":"https:\/\/www.garlicline.com\/#website","url":"https:\/\/www.garlicline.com\/","name":"ligne d'ail","description":"fournisseur de machines de traitement de l'ail","publisher":{"@id":"https:\/\/www.garlicline.com\/#organization"},"potentialAction":[{"@type":"SearchAction","target":{"@type":"EntryPoint","urlTemplate":"https:\/\/www.garlicline.com\/?s={search_term_string}"},"query-input":{"@type":"PropertyValueSpecification","valueRequired":true,"valueName":"search_term_string"}}],"inLanguage":"fr-FR"},{"@type":"Organization","@id":"https:\/\/www.garlicline.com\/#organization","name":"ligne d'ail","url":"https:\/\/www.garlicline.com\/","logo":{"@type":"ImageObject","inLanguage":"fr-FR","@id":"https:\/\/www.garlicline.com\/#\/schema\/logo\/image\/","url":"https:\/\/www.garlicline.com\/wp-content\/uploads\/2025\/05\/cropped-gelgoog-logo-1.png","contentUrl":"https:\/\/www.garlicline.com\/wp-content\/uploads\/2025\/05\/cropped-gelgoog-logo-1.png","width":434,"height":267,"caption":"garlicline"},"image":{"@id":"https:\/\/www.garlicline.com\/#\/schema\/logo\/image\/"}},false]}},"yasr_visitor_votes":{"stars_attributes":{"read_only":false,"span_bottom":false},"number_of_votes":1,"sum_votes":5},"_links":{"self":[{"href":"https:\/\/www.garlicline.com\/fr\/wp-json\/wp\/v2\/product\/1314","targetHints":{"allow":["GET"]}}],"collection":[{"href":"https:\/\/www.garlicline.com\/fr\/wp-json\/wp\/v2\/product"}],"about":[{"href":"https:\/\/www.garlicline.com\/fr\/wp-json\/wp\/v2\/types\/product"}],"replies":[{"embeddable":true,"href":"https:\/\/www.garlicline.com\/fr\/wp-json\/wp\/v2\/comments?post=1314"}],"version-history":[{"count":0,"href":"https:\/\/www.garlicline.com\/fr\/wp-json\/wp\/v2\/product\/1314\/revisions"}],"wp:featuredmedia":[{"embeddable":true,"href":"https:\/\/www.garlicline.com\/fr\/wp-json\/wp\/v2\/media\/1316"}],"wp:attachment":[{"href":"https:\/\/www.garlicline.com\/fr\/wp-json\/wp\/v2\/media?parent=1314"}],"wp:term":[{"taxonomy":"product_brand","embeddable":true,"href":"https:\/\/www.garlicline.com\/fr\/wp-json\/wp\/v2\/product_brand?post=1314"},{"taxonomy":"product_cat","embeddable":true,"href":"https:\/\/www.garlicline.com\/fr\/wp-json\/wp\/v2\/product_cat?post=1314"},{"taxonomy":"product_tag","embeddable":true,"href":"https:\/\/www.garlicline.com\/fr\/wp-json\/wp\/v2\/product_tag?post=1314"}],"curies":[{"name":"wp","href":"https:\/\/api.w.org\/{rel}","templated":true}]}}