{"id":1319,"date":"2022-06-28T09:36:39","date_gmt":"2022-06-28T09:36:39","guid":{"rendered":"https:\/\/www.garlicline.com\/?post_type=product&#038;p=1319"},"modified":"2022-10-22T03:54:16","modified_gmt":"2022-10-22T03:54:16","slug":"garlic-vacuum-packing-machine","status":"publish","type":"product","link":"https:\/\/www.garlicline.com\/fr\/produit\/garlic-vacuum-packing-machine\/","title":{"rendered":"Machine D'emballage Sous Vide Pour Gousses D'ail"},"content":{"rendered":"<h2>Introduction de la machine \u00e0 emballer sous vide l'ail<\/h2>\n<p>La machine \u00e0 emballer sous vide pour l'ail peut extraire l'air dans l'emballage de l'ail, ce qui peut prolonger la p\u00e9riode de conservation de l'ail. L'emballage \u00e0 double chambre adopt\u00e9 par cette machine \u00e0 emballer sous vide pour l'ail peut am\u00e9liorer l'efficacit\u00e9 de production de l'emballage de l'ail et r\u00e9aliser une production continue. Cette machine \u00e0 emballer sous vide pour l'ail convient \u00e0 l'emballage d'une vari\u00e9t\u00e9 d'articles, y compris les fruits frais, les poudres, les grains, la viande, les produits \u00e9lectroniques, etc.<\/p>\n<h2>Caract\u00e9ristiques Machine \u00e0 emballer sous vide pour l'ail<\/h2>\n<p>1. L'\u00e9tabli m\u00e9canique est en acier inoxydable, ce qui permet d'\u00e9viter que l'huile d'ail ne corrode les machines et r\u00e9siste \u00e9galement aux acides et aux alcalis.<br \/>\n2. Le studio sup\u00e9rieur est \u00e9galement en acier inoxydable, ce qui lui conf\u00e8re une longue dur\u00e9e de vie et une grande qualit\u00e9.<br \/>\n3. Cette machine est un studio double, qui peut assurer l'efficacit\u00e9 de l'emballage de l'ail.<br \/>\n4Il peut \u00eatre utilis\u00e9 en combinaison avec une machine \u00e0 fendre l'ail et une machine \u00e0 \u00e9plucher l'ail pour former une machine \u00e0 \u00e9plucher l'ail. <a href=\"https:\/\/www.garlicline.com\/fr\/garlic-peeling-production-line\/\"><strong>ligne de production d'\u00e9pluchage d'ail<\/strong><\/a>.<\/p>\n<h2>Avantages de la machine \u00e0 emballer les gousses d'ail pel\u00e9es sous vide<\/h2>\n<ol>\n<li>Gr\u00e2ce \u00e0 l'utilisation d'un syst\u00e8me de contr\u00f4le par micro-ordinateur, le r\u00e9glage des param\u00e8tres d'emballage est plus pr\u00e9cis et l'op\u00e9ration est plus simple.<\/li>\n<li>\u00c9quip\u00e9 d'une pompe \u00e0 air de grande puissance, qui peut am\u00e9liorer l'efficacit\u00e9 du travail.<\/li>\n<li>Le mat\u00e9riel m\u00e9canique adopte une conception de plaque sous vide pour faciliter le nettoyage et l'utilisation ult\u00e9rieurs.<\/li>\n<li>La machine \u00e0 emballer sous vide pour l'ail est \u00e9quip\u00e9e d'une bonne roue mobile, qui a une meilleure capacit\u00e9 de charge et une position de d\u00e9placement plus facile.<\/li>\n<li>Avec fonction de refroidissement et d'\u00e9chappement automatique.<\/li>\n<li>Le couvercle flottant de conception unique peut \u00eatre pouss\u00e9 avec un seul doigt pour ouvrir le couvercle m\u00e9canique.<\/li>\n<\/ol>\n<p><img fetchpriority=\"high\" decoding=\"async\" class=\"alignnone size-full wp-image-1320\" src=\"https:\/\/www.garlicline.com\/wp-content\/uploads\/2022\/06\/32k-2.jpg\" alt=\"machine \u00e0 emballer sous vide les gousses d&#039;ail pel\u00e9es\" width=\"800\" height=\"500\" srcset=\"https:\/\/www.garlicline.com\/wp-content\/uploads\/2022\/06\/32k-2.jpg 800w, https:\/\/www.garlicline.com\/wp-content\/uploads\/2022\/06\/32k-2-300x188.jpg 300w, https:\/\/www.garlicline.com\/wp-content\/uploads\/2022\/06\/32k-2-768x480.jpg 768w, https:\/\/www.garlicline.com\/wp-content\/uploads\/2022\/06\/32k-2-600x375.jpg 600w\" sizes=\"(max-width: 800px) 100vw, 800px\" \/><\/p>\n<h2>Comment prolonger la dur\u00e9e de conservation de l'ail pel\u00e9 ?<\/h2>\n<p>Pour prolonger la dur\u00e9e de conservation de l'ail pel\u00e9, utilisez la machine \u00e0 emballer sous vide les gousses d'ail pel\u00e9, qui peut extraire l'oxyg\u00e8ne du sac d'emballage et des cellules alimentaires, de sorte que les micro-organismes perdent leur milieu de vie, ce qui emp\u00eache l'ail de s'oxyder, de moisir et de se d\u00e9t\u00e9riorer, prolongeant ainsi la dur\u00e9e de conservation de l'ail.<\/p>\n<h2>Param\u00e8tres de la machine \u00e0 emballer sous vide l'ail<\/h2>\n<table>\n<tbody>\n<tr>\n<td width=\"284\">Mod\u00e8le<\/td>\n<td width=\"284\">GG-DZ600-2<\/td>\n<\/tr>\n<tr>\n<td width=\"284\">Puissance<\/td>\n<td width=\"284\">380v\/220v\/50HZ\/2.2KW<\/td>\n<\/tr>\n<tr>\n<td width=\"284\">Taille de la chambre \u00e0 vide<\/td>\n<td width=\"284\">720*600*140mm<\/td>\n<\/tr>\n<tr>\n<td width=\"284\">Longueur d'\u00e9tanch\u00e9it\u00e9<\/td>\n<td width=\"284\">600*600mm<\/td>\n<\/tr>\n<tr>\n<td width=\"284\">Dimension<\/td>\n<td width=\"284\">1225*680*900mm<\/td>\n<\/tr>\n<tr>\n<td width=\"284\">Pression du vide<\/td>\n<td width=\"284\">Moins de 1KPA<\/td>\n<\/tr>\n<tr>\n<td width=\"284\">Capacit\u00e9 d'emballage<\/td>\n<td width=\"284\">90-360 Pcs\/min<\/td>\n<\/tr>\n<tr>\n<td width=\"284\">Poids<\/td>\n<td width=\"284\">230 kg<\/td>\n<\/tr>\n<\/tbody>\n<\/table>\n<p>Cette machine a un large \u00e9ventail d'utilisations et une grande qualit\u00e9. Si vous souhaitez en savoir plus sur cette machine, vous pouvez laisser un message et nous vous fournirons un devis gratuit.<\/p>\n<hr \/>\n<h2 style=\"text-align: center;\">-Laissez un message pour une citation<\/h2>\n\n<div class=\"wpcf7 no-js\" id=\"wpcf7-f1191-o1\" lang=\"en-US\" dir=\"ltr\" data-wpcf7-id=\"1191\">\n<div class=\"screen-reader-response\"><p role=\"status\" aria-live=\"polite\" aria-atomic=\"true\"><\/p> <ul><\/ul><\/div>\n<form action=\"\/fr\/wp-json\/wp\/v2\/product\/1319#wpcf7-f1191-o1\" method=\"post\" class=\"wpcf7-form init\" aria-label=\"Formulaire de contact\" novalidate=\"novalidate\" data-status=\"init\" data-trp-original-action=\"\/fr\/wp-json\/wp\/v2\/product\/1319#wpcf7-f1191-o1\">\n<fieldset class=\"hidden-fields-container\"><input type=\"hidden\" name=\"_wpcf7\" value=\"1191\" \/><input type=\"hidden\" name=\"_wpcf7_version\" value=\"6.1.1\" \/><input type=\"hidden\" name=\"_wpcf7_locale\" value=\"en_US\" \/><input type=\"hidden\" name=\"_wpcf7_unit_tag\" value=\"wpcf7-f1191-o1\" \/><input type=\"hidden\" name=\"_wpcf7_container_post\" value=\"0\" \/><input type=\"hidden\" name=\"_wpcf7_posted_data_hash\" value=\"\" \/>\n<\/fieldset>\n<div class='proformleft'>\n\t<p><label> Votre nom<br \/>\n<span class=\"wpcf7-form-control-wrap\" data-name=\"your-name\"><input size=\"40\" maxlength=\"400\" class=\"wpcf7-form-control wpcf7-text\" aria-invalid=\"false\" value=\"\" type=\"text\" name=\"your-name\" \/><\/span> <\/label>\n\t<\/p>\n\t<p><label> *Votre Email<br \/>\n<span class=\"wpcf7-form-control-wrap\" data-name=\"your-email\"><input size=\"40\" maxlength=\"400\" class=\"wpcf7-form-control wpcf7-email wpcf7-validates-as-required wpcf7-text wpcf7-validates-as-email\" aria-required=\"true\" aria-invalid=\"false\" value=\"\" type=\"email\" name=\"your-email\" \/><\/span> <\/label>\n\t<\/p>\n\t<p><label> *Votre t\u00e9l\u00e9phone<br \/>\n<span class=\"wpcf7-form-control-wrap\" data-name=\"tel-224\"><input size=\"40\" maxlength=\"400\" class=\"wpcf7-form-control wpcf7-tel wpcf7-validates-as-required wpcf7-text wpcf7-validates-as-tel\" aria-required=\"true\" aria-invalid=\"false\" value=\"\" type=\"tel\" name=\"tel-224\" \/><\/span> <\/label>\n\t<\/p>\n\t<p><label> Votre pays<br \/>\n<span class=\"wpcf7-form-control-wrap\" data-name=\"your-country\"><input size=\"40\" maxlength=\"400\" class=\"wpcf7-form-control wpcf7-text\" aria-invalid=\"false\" value=\"\" type=\"text\" name=\"your-country\" \/><\/span> <\/label>\n\t<\/p>\n<\/div>\n<div class='proformright'>\n\t<p><label> *Votre message<br \/>\n<span class=\"wpcf7-form-control-wrap\" data-name=\"your-message\"><textarea cols=\"40\" rows=\"10\" maxlength=\"2000\" class=\"wpcf7-form-control wpcf7-textarea wpcf7-validates-as-required\" aria-required=\"true\" aria-invalid=\"false\" name=\"your-message\"><\/textarea><\/span> <\/label>\n\t<\/p>\n\t<p><input class=\"wpcf7-form-control wpcf7-submit has-spinner\" type=\"submit\" value=\"Envoyer\" \/>\n\t<\/p>\n<\/div>\n<div style='clear:both'>\n<\/div><p style=\"display: none !important;\" class=\"akismet-fields-container\" data-prefix=\"_wpcf7_ak_\"><label>&#916;<textarea name=\"_wpcf7_ak_hp_textarea\" cols=\"45\" rows=\"8\" maxlength=\"100\"><\/textarea><\/label><input type=\"hidden\" id=\"ak_js_1\" name=\"_wpcf7_ak_js\" value=\"190\"\/><script>document.getElementById( \"ak_js_1\" ).setAttribute( \"value\", ( new Date() ).getTime() );<\/script><\/p><div class=\"wpcf7-response-output\" aria-hidden=\"true\"><\/div>\n<input type=\"hidden\" name=\"trp-form-language\" value=\"fr\"\/><\/form>\n<\/div>\n\n<div style='text-align:left' class='yasr-auto-insert-visitor'><\/div>","protected":false},"excerpt":{"rendered":"<table>\n<tbody>\n<tr>\n<td width=\"284\">Mod\u00e8le<\/td>\n<td width=\"284\">GG-DZ600-2<\/td>\n<\/tr>\n<tr>\n<td width=\"284\">Puissance<\/td>\n<td width=\"284\">380v\/220v\/50HZ\/2.2KW<\/td>\n<\/tr>\n<tr>\n<td width=\"284\">Taille de la chambre \u00e0 vide<\/td>\n<td width=\"284\">720*600*140mm<\/td>\n<\/tr>\n<tr>\n<td width=\"284\">Longueur d'\u00e9tanch\u00e9it\u00e9<\/td>\n<td width=\"284\">600*600mm<\/td>\n<\/tr>\n<tr>\n<td width=\"284\">Dimension<\/td>\n<td width=\"284\">1225*680*900mm<\/td>\n<\/tr>\n<tr>\n<td width=\"284\">Pression du vide<\/td>\n<td width=\"284\">Moins de 1KPA<\/td>\n<\/tr>\n<tr>\n<td width=\"284\">Capacit\u00e9 d'emballage<\/td>\n<td width=\"284\">90-360 Pcs\/min<\/td>\n<\/tr>\n<tr>\n<td width=\"284\">Poids<\/td>\n<td width=\"284\">230 kg<\/td>\n<\/tr>\n<\/tbody>\n<\/table>","protected":false},"featured_media":1321,"comment_status":"open","ping_status":"closed","template":"","meta":{"site-sidebar-layout":"default","site-content-layout":"default","ast-global-header-display":"","ast-main-header-display":"","ast-hfb-above-header-display":"","ast-hfb-below-header-display":"","ast-hfb-mobile-header-display":"","site-post-title":"","ast-breadcrumbs-content":"","ast-featured-img":"","footer-sml-layout":"","theme-transparent-header-meta":"default","adv-header-id-meta":"","stick-header-meta":"","header-above-stick-meta":"","header-main-stick-meta":"","header-below-stick-meta":"","yasr_overall_rating":0,"yasr_post_is_review":"","yasr_auto_insert_disabled":"","yasr_review_type":""},"product_brand":[],"product_cat":[33],"product_tag":[],"class_list":{"0":"post-1319","1":"product","2":"type-product","3":"status-publish","4":"has-post-thumbnail","6":"product_cat-products","8":"first","9":"instock","10":"shipping-taxable","11":"product-type-simple"},"yoast_head":"<!-- This site is optimized with the Yoast SEO plugin v25.7 - https:\/\/yoast.com\/wordpress\/plugins\/seo\/ -->\n<title>Garlic Vacuum Packing Machine For Peeled Garlic Clove - garlicline<\/title>\n<meta name=\"description\" content=\"The vacuum peeled garlic clove packing machine can extract the air in the garlic packaging, which can prevent the garlic from oxidizing and prolong the fresh-keeping period of the garlic.\" \/>\n<meta name=\"robots\" content=\"index, follow, max-snippet:-1, max-image-preview:large, max-video-preview:-1\" \/>\n<link rel=\"canonical\" href=\"https:\/\/www.garlicline.com\/fr\/produit\/garlic-vacuum-packing-machine\/\" \/>\n<meta property=\"og:locale\" content=\"fr_FR\" \/>\n<meta property=\"og:type\" content=\"article\" \/>\n<meta property=\"og:title\" content=\"Garlic Vacuum Packing Machine For Peeled Garlic Clove - garlicline\" \/>\n<meta property=\"og:description\" content=\"The vacuum peeled garlic clove packing machine can extract the air in the garlic packaging, which can prevent the garlic from oxidizing and prolong the fresh-keeping period of the garlic.\" \/>\n<meta property=\"og:url\" content=\"https:\/\/www.garlicline.com\/fr\/produit\/garlic-vacuum-packing-machine\/\" \/>\n<meta property=\"og:site_name\" content=\"garlicline\" \/>\n<meta property=\"article:modified_time\" content=\"2022-10-22T03:54:16+00:00\" \/>\n<meta property=\"og:image\" content=\"https:\/\/www.garlicline.com\/wp-content\/uploads\/2022\/06\/76zhutu-1.jpg\" \/>\n\t<meta property=\"og:image:width\" content=\"600\" \/>\n\t<meta property=\"og:image:height\" content=\"600\" \/>\n\t<meta property=\"og:image:type\" content=\"image\/jpeg\" \/>\n<meta name=\"twitter:card\" content=\"summary_large_image\" \/>\n<meta name=\"twitter:label1\" content=\"Dur\u00e9e de lecture estim\u00e9e\" \/>\n\t<meta name=\"twitter:data1\" content=\"2 minutes\" \/>\n<script type=\"application\/ld+json\" class=\"yoast-schema-graph\">{\"@context\":\"https:\/\/schema.org\",\"@graph\":[{\"@type\":\"WebPage\",\"@id\":\"https:\/\/www.garlicline.com\/product\/garlic-vacuum-packing-machine\/\",\"url\":\"https:\/\/www.garlicline.com\/product\/garlic-vacuum-packing-machine\/\",\"name\":\"Garlic Vacuum Packing Machine For Peeled Garlic Clove - garlicline\",\"isPartOf\":{\"@id\":\"https:\/\/www.garlicline.com\/#website\"},\"primaryImageOfPage\":{\"@id\":\"https:\/\/www.garlicline.com\/product\/garlic-vacuum-packing-machine\/#primaryimage\"},\"image\":{\"@id\":\"https:\/\/www.garlicline.com\/product\/garlic-vacuum-packing-machine\/#primaryimage\"},\"thumbnailUrl\":\"https:\/\/www.garlicline.com\/wp-content\/uploads\/2022\/06\/76zhutu-1.jpg\",\"datePublished\":\"2022-06-28T09:36:39+00:00\",\"dateModified\":\"2022-10-22T03:54:16+00:00\",\"description\":\"The vacuum peeled garlic clove packing machine can extract the air in the garlic packaging, which can prevent the garlic from oxidizing and prolong the fresh-keeping period of the garlic.\",\"breadcrumb\":{\"@id\":\"https:\/\/www.garlicline.com\/product\/garlic-vacuum-packing-machine\/#breadcrumb\"},\"inLanguage\":\"fr-FR\",\"potentialAction\":[{\"@type\":\"ReadAction\",\"target\":[\"https:\/\/www.garlicline.com\/product\/garlic-vacuum-packing-machine\/\"]}]},{\"@type\":\"ImageObject\",\"inLanguage\":\"fr-FR\",\"@id\":\"https:\/\/www.garlicline.com\/product\/garlic-vacuum-packing-machine\/#primaryimage\",\"url\":\"https:\/\/www.garlicline.com\/wp-content\/uploads\/2022\/06\/76zhutu-1.jpg\",\"contentUrl\":\"https:\/\/www.garlicline.com\/wp-content\/uploads\/2022\/06\/76zhutu-1.jpg\",\"width\":600,\"height\":600,\"caption\":\"vacuum peeled garlic clove packing machine\"},{\"@type\":\"BreadcrumbList\",\"@id\":\"https:\/\/www.garlicline.com\/product\/garlic-vacuum-packing-machine\/#breadcrumb\",\"itemListElement\":[{\"@type\":\"ListItem\",\"position\":1,\"name\":\"Home\",\"item\":\"https:\/\/www.garlicline.com\/\"},{\"@type\":\"ListItem\",\"position\":2,\"name\":\"Products\",\"item\":\"https:\/\/www.garlicline.com\/products\/\"},{\"@type\":\"ListItem\",\"position\":3,\"name\":\"Garlic Vacuum Packing Machine For Peeled Garlic Clove\"}]},{\"@type\":\"WebSite\",\"@id\":\"https:\/\/www.garlicline.com\/#website\",\"url\":\"https:\/\/www.garlicline.com\/\",\"name\":\"garlicline\",\"description\":\"garlic processing machine supplier\",\"publisher\":{\"@id\":\"https:\/\/www.garlicline.com\/#organization\"},\"potentialAction\":[{\"@type\":\"SearchAction\",\"target\":{\"@type\":\"EntryPoint\",\"urlTemplate\":\"https:\/\/www.garlicline.com\/?s={search_term_string}\"},\"query-input\":{\"@type\":\"PropertyValueSpecification\",\"valueRequired\":true,\"valueName\":\"search_term_string\"}}],\"inLanguage\":\"fr-FR\"},{\"@type\":\"Organization\",\"@id\":\"https:\/\/www.garlicline.com\/#organization\",\"name\":\"garlicline\",\"url\":\"https:\/\/www.garlicline.com\/\",\"logo\":{\"@type\":\"ImageObject\",\"inLanguage\":\"fr-FR\",\"@id\":\"https:\/\/www.garlicline.com\/#\/schema\/logo\/image\/\",\"url\":\"https:\/\/www.garlicline.com\/wp-content\/uploads\/2025\/05\/cropped-gelgoog-logo-1.png\",\"contentUrl\":\"https:\/\/www.garlicline.com\/wp-content\/uploads\/2025\/05\/cropped-gelgoog-logo-1.png\",\"width\":434,\"height\":267,\"caption\":\"garlicline\"},\"image\":{\"@id\":\"https:\/\/www.garlicline.com\/#\/schema\/logo\/image\/\"}},false]}<\/script>\n<!-- \/ Yoast SEO plugin. -->","yoast_head_json":{"title":"Machine \u00e0 emballer sous vide l'ail pour les gousses d'ail \u00e9pluch\u00e9es - garlicline","description":"La machine \u00e0 emballer sous vide les gousses d'ail pel\u00e9es peut extraire l'air dans l'emballage de l'ail, ce qui peut emp\u00eacher l'oxydation de l'ail et prolonger la p\u00e9riode de conservation de l'ail.","robots":{"index":"index","follow":"follow","max-snippet":"max-snippet:-1","max-image-preview":"max-image-preview:large","max-video-preview":"max-video-preview:-1"},"canonical":"https:\/\/www.garlicline.com\/fr\/produit\/garlic-vacuum-packing-machine\/","og_locale":"fr_FR","og_type":"article","og_title":"Garlic Vacuum Packing Machine For Peeled Garlic Clove - garlicline","og_description":"The vacuum peeled garlic clove packing machine can extract the air in the garlic packaging, which can prevent the garlic from oxidizing and prolong the fresh-keeping period of the garlic.","og_url":"https:\/\/www.garlicline.com\/fr\/produit\/garlic-vacuum-packing-machine\/","og_site_name":"garlicline","article_modified_time":"2022-10-22T03:54:16+00:00","og_image":[{"width":600,"height":600,"url":"https:\/\/www.garlicline.com\/wp-content\/uploads\/2022\/06\/76zhutu-1.jpg","type":"image\/jpeg"}],"twitter_card":"summary_large_image","twitter_misc":{"Dur\u00e9e de lecture estim\u00e9e":"2 minutes"},"schema":{"@context":"https:\/\/schema.org","@graph":[{"@type":"WebPage","@id":"https:\/\/www.garlicline.com\/product\/garlic-vacuum-packing-machine\/","url":"https:\/\/www.garlicline.com\/product\/garlic-vacuum-packing-machine\/","name":"Machine \u00e0 emballer sous vide l'ail pour les gousses d'ail \u00e9pluch\u00e9es - garlicline","isPartOf":{"@id":"https:\/\/www.garlicline.com\/#website"},"primaryImageOfPage":{"@id":"https:\/\/www.garlicline.com\/product\/garlic-vacuum-packing-machine\/#primaryimage"},"image":{"@id":"https:\/\/www.garlicline.com\/product\/garlic-vacuum-packing-machine\/#primaryimage"},"thumbnailUrl":"https:\/\/www.garlicline.com\/wp-content\/uploads\/2022\/06\/76zhutu-1.jpg","datePublished":"2022-06-28T09:36:39+00:00","dateModified":"2022-10-22T03:54:16+00:00","description":"La machine \u00e0 emballer sous vide les gousses d'ail pel\u00e9es peut extraire l'air dans l'emballage de l'ail, ce qui peut emp\u00eacher l'oxydation de l'ail et prolonger la p\u00e9riode de conservation de l'ail.","breadcrumb":{"@id":"https:\/\/www.garlicline.com\/product\/garlic-vacuum-packing-machine\/#breadcrumb"},"inLanguage":"fr-FR","potentialAction":[{"@type":"ReadAction","target":["https:\/\/www.garlicline.com\/product\/garlic-vacuum-packing-machine\/"]}]},{"@type":"ImageObject","inLanguage":"fr-FR","@id":"https:\/\/www.garlicline.com\/product\/garlic-vacuum-packing-machine\/#primaryimage","url":"https:\/\/www.garlicline.com\/wp-content\/uploads\/2022\/06\/76zhutu-1.jpg","contentUrl":"https:\/\/www.garlicline.com\/wp-content\/uploads\/2022\/06\/76zhutu-1.jpg","width":600,"height":600,"caption":"vacuum peeled garlic clove packing machine"},{"@type":"BreadcrumbList","@id":"https:\/\/www.garlicline.com\/product\/garlic-vacuum-packing-machine\/#breadcrumb","itemListElement":[{"@type":"ListItem","position":1,"name":"Home","item":"https:\/\/www.garlicline.com\/"},{"@type":"ListItem","position":2,"name":"Products","item":"https:\/\/www.garlicline.com\/products\/"},{"@type":"ListItem","position":3,"name":"Garlic Vacuum Packing Machine For Peeled Garlic Clove"}]},{"@type":"WebSite","@id":"https:\/\/www.garlicline.com\/#website","url":"https:\/\/www.garlicline.com\/","name":"ligne d'ail","description":"fournisseur de machines de traitement de l'ail","publisher":{"@id":"https:\/\/www.garlicline.com\/#organization"},"potentialAction":[{"@type":"SearchAction","target":{"@type":"EntryPoint","urlTemplate":"https:\/\/www.garlicline.com\/?s={search_term_string}"},"query-input":{"@type":"PropertyValueSpecification","valueRequired":true,"valueName":"search_term_string"}}],"inLanguage":"fr-FR"},{"@type":"Organization","@id":"https:\/\/www.garlicline.com\/#organization","name":"ligne d'ail","url":"https:\/\/www.garlicline.com\/","logo":{"@type":"ImageObject","inLanguage":"fr-FR","@id":"https:\/\/www.garlicline.com\/#\/schema\/logo\/image\/","url":"https:\/\/www.garlicline.com\/wp-content\/uploads\/2025\/05\/cropped-gelgoog-logo-1.png","contentUrl":"https:\/\/www.garlicline.com\/wp-content\/uploads\/2025\/05\/cropped-gelgoog-logo-1.png","width":434,"height":267,"caption":"garlicline"},"image":{"@id":"https:\/\/www.garlicline.com\/#\/schema\/logo\/image\/"}},false]}},"yasr_visitor_votes":{"stars_attributes":{"read_only":false,"span_bottom":false},"number_of_votes":1,"sum_votes":5},"_links":{"self":[{"href":"https:\/\/www.garlicline.com\/fr\/wp-json\/wp\/v2\/product\/1319","targetHints":{"allow":["GET"]}}],"collection":[{"href":"https:\/\/www.garlicline.com\/fr\/wp-json\/wp\/v2\/product"}],"about":[{"href":"https:\/\/www.garlicline.com\/fr\/wp-json\/wp\/v2\/types\/product"}],"replies":[{"embeddable":true,"href":"https:\/\/www.garlicline.com\/fr\/wp-json\/wp\/v2\/comments?post=1319"}],"version-history":[{"count":0,"href":"https:\/\/www.garlicline.com\/fr\/wp-json\/wp\/v2\/product\/1319\/revisions"}],"wp:featuredmedia":[{"embeddable":true,"href":"https:\/\/www.garlicline.com\/fr\/wp-json\/wp\/v2\/media\/1321"}],"wp:attachment":[{"href":"https:\/\/www.garlicline.com\/fr\/wp-json\/wp\/v2\/media?parent=1319"}],"wp:term":[{"taxonomy":"product_brand","embeddable":true,"href":"https:\/\/www.garlicline.com\/fr\/wp-json\/wp\/v2\/product_brand?post=1319"},{"taxonomy":"product_cat","embeddable":true,"href":"https:\/\/www.garlicline.com\/fr\/wp-json\/wp\/v2\/product_cat?post=1319"},{"taxonomy":"product_tag","embeddable":true,"href":"https:\/\/www.garlicline.com\/fr\/wp-json\/wp\/v2\/product_tag?post=1319"}],"curies":[{"name":"wp","href":"https:\/\/api.w.org\/{rel}","templated":true}]}}