{"id":1323,"date":"2022-06-28T09:57:07","date_gmt":"2022-06-28T09:57:07","guid":{"rendered":"https:\/\/www.garlicline.com\/?post_type=product&#038;p=1323"},"modified":"2022-10-26T03:30:07","modified_gmt":"2022-10-26T03:30:07","slug":"garlic-chips-frying-machine","status":"publish","type":"product","link":"https:\/\/www.garlicline.com\/fr\/produit\/garlic-chips-frying-machine\/","title":{"rendered":"Machine \u00e0 frire les chips \u00e0 l'ail en continu M\u00e9thodes de chauffage multiples"},"content":{"rendered":"<h2>Introduction de la machine \u00e0 frire les chips \u00e0 l'ail<\/h2>\n<p>La machine \u00e0 frire l'ail adopte une machine \u00e0 frire continue, qui peut r\u00e9aliser le travail continu de traitement de l'ail, am\u00e9liorer l'efficacit\u00e9 de production du traitement de l'ail, et l'ail frit est jaune dor\u00e9 et n'a pas d'odeur particuli\u00e8re. La machine \u00e0 frire l'ail est fabriqu\u00e9e en acier inoxydable et peut r\u00e9gler la vitesse de la courroie \u00e0 mailles de la friteuse, ainsi que la dur\u00e9e et la temp\u00e9rature de la friture de l'ail. La machine \u00e0 frites \u00e0 l'ail est une machine pratique multifonctionnelle et intelligente.<\/p>\n<h2>Avantages de la machine \u00e0 frire l'ail<\/h2>\n<ol>\n<li>La machine \u00e0 chips d'ail dispose de plusieurs m\u00e9thodes de chauffage, notamment le chauffage \u00e9lectrique, le chauffage au gaz et le chauffage au gaz.<\/li>\n<li>Le mat\u00e9riau est en acier inoxydable, ce qui est non seulement esth\u00e9tique mais aussi tr\u00e8s durable.<\/li>\n<li>Le mat\u00e9riau est dur et ferme, et la machine \u00e0 frire les chips \u00e0 l'ail ne se d\u00e9forme pas sous l'effet d'un chauffage \u00e0 haute temp\u00e9rature.<\/li>\n<li>La temp\u00e9rature et la dur\u00e9e de la friture peuvent \u00eatre contr\u00f4l\u00e9es, et le produit fini frit a un bon effet.<\/li>\n<li>Il peut prendre en charge la personnalisation de la production, il suffit d'en faire la demande.<\/li>\n<li>Tr\u00e8s pratique, il convient \u00e0 toutes sortes d'en-cas frits, de fruits de mer, de viandes, de g\u00e2teaux, etc.<\/li>\n<li>La structure de la machine \u00e0 frire les chips d'ail est raisonnable, et l'utilisation et l'entretien sont plus pratiques.<\/li>\n<\/ol>\n<p><img fetchpriority=\"high\" decoding=\"async\" class=\"alignnone size-full wp-image-1324\" src=\"https:\/\/www.garlicline.com\/wp-content\/uploads\/2022\/06\/53-1.jpg\" alt=\"machine \u00e0 frire les chips \u00e0 l&#039;ail\" width=\"800\" height=\"500\" srcset=\"https:\/\/www.garlicline.com\/wp-content\/uploads\/2022\/06\/53-1.jpg 800w, https:\/\/www.garlicline.com\/wp-content\/uploads\/2022\/06\/53-1-300x188.jpg 300w, https:\/\/www.garlicline.com\/wp-content\/uploads\/2022\/06\/53-1-768x480.jpg 768w, https:\/\/www.garlicline.com\/wp-content\/uploads\/2022\/06\/53-1-600x375.jpg 600w\" sizes=\"(max-width: 800px) 100vw, 800px\" \/><\/p>\n<h2>Comment fonctionne l'ail frit<\/h2>\n<p>L'huile conductrice de chaleur est chauff\u00e9e par un dispositif de chauffage externe. L'huile conductrice de chaleur et l'huile comestible compl\u00e8tent le chauffage de l'huile comestible dans le circulateur de chauffage. L'huile comestible entre dans la friteuse par la pompe \u00e0 huile et entre ensuite dans le circulateur de chauffage par la pompe \u00e0 huile pour le chauffage par circulation. Lorsque la temp\u00e9rature de l'huile atteint la temp\u00e9rature de consigne, l'huile de transfert de chaleur n'entre plus dans l'anneau de chauffage, et l'huile entre \u00e0 nouveau dans l'\u00e9changeur pour \u00eatre chauff\u00e9e lorsque la temp\u00e9rature de l'huile est inf\u00e9rieure \u00e0 la temp\u00e9rature de consigne.<\/p>\n<p><img decoding=\"async\" class=\"alignnone size-full wp-image-1972\" src=\"https:\/\/www.garlicline.com\/wp-content\/uploads\/2022\/06\/garlic-frying-machine.jpg\" alt=\"machine \u00e0 frire l&#039;ail\" width=\"800\" height=\"500\" srcset=\"https:\/\/www.garlicline.com\/wp-content\/uploads\/2022\/06\/garlic-frying-machine.jpg 800w, https:\/\/www.garlicline.com\/wp-content\/uploads\/2022\/06\/garlic-frying-machine-300x188.jpg 300w, https:\/\/www.garlicline.com\/wp-content\/uploads\/2022\/06\/garlic-frying-machine-768x480.jpg 768w, https:\/\/www.garlicline.com\/wp-content\/uploads\/2022\/06\/garlic-frying-machine-600x375.jpg 600w\" sizes=\"(max-width: 800px) 100vw, 800px\" \/><\/p>\n<h2>Param\u00e8tres de la machine \u00e0 copeaux d'ail<\/h2>\n<table>\n<tbody>\n<tr>\n<td>Mod\u00e8le<\/td>\n<td>Largeur de la bande<br \/>\n(mm)<\/td>\n<td>puissance de la pompe \u00e0 huile<br \/>\n(kW)<\/td>\n<td>puissance de levage<br \/>\n(kW)<\/td>\n<td>puissance de chauffage<\/td>\n<td>Dimension<br \/>\n(mm)<\/td>\n<\/tr>\n<tr>\n<td>GGLZG3500A<\/td>\n<td>800<\/td>\n<td>1.5<\/td>\n<td>0.55<\/td>\n<td>20Wkcal<\/td>\n<td>3700*1900*2400<\/td>\n<\/tr>\n<tr>\n<td>GGLZG5000A<\/td>\n<td>800<\/td>\n<td>1.5<\/td>\n<td>0.55*2<\/td>\n<td>30Wkcal<\/td>\n<td>5200*1900*2400<\/td>\n<\/tr>\n<tr>\n<td>GGLZG6500A<\/td>\n<td>800<\/td>\n<td>1.5<\/td>\n<td>0.75*2<\/td>\n<td>20Wkcal*2<\/td>\n<td>6700*1900*2400<\/td>\n<\/tr>\n<tr>\n<td>GGLZG8000A<\/td>\n<td>800<\/td>\n<td>2.2<\/td>\n<td>0.75*2<\/td>\n<td>30Wkcal*2<\/td>\n<td>8200*1900*2400<\/td>\n<\/tr>\n<tr>\n<td>GGLZE3500A<\/td>\n<td>800<\/td>\n<td>1.5<\/td>\n<td>0.55<\/td>\n<td>90KW<\/td>\n<td>3700*1600*2200<\/td>\n<\/tr>\n<tr>\n<td>GGLZE5000A<\/td>\n<td>800<\/td>\n<td>1.5<\/td>\n<td>0.55*2<\/td>\n<td>120kw<\/td>\n<td>5200*1600*2200<\/td>\n<\/tr>\n<tr>\n<td>GGLZE6500A<\/td>\n<td>800<\/td>\n<td>1.5<\/td>\n<td>0.75*2<\/td>\n<td>190kw<\/td>\n<td>6700*1600*2200<\/td>\n<\/tr>\n<tr>\n<td>GGLZE8000A<\/td>\n<td>800<\/td>\n<td>2.2<\/td>\n<td>0.75*2<\/td>\n<td>255kw<\/td>\n<td>8200*1600*2200<\/td>\n<\/tr>\n<\/tbody>\n<\/table>\n<p>L'ail frit est riche en nutriments. Si vous souhaitez cr\u00e9er une entreprise d'ail frit, vous pouvez nous laisser un message et obtenir un devis gratuit et une solution. Nous avons \u00e9galement <a href=\"https:\/\/www.garlicline.com\/fr\/garlic-flakes-production-line\/\"><strong>ligne de production de flocons d'ail<\/strong><\/a>La machine \u00e0 laver l'ail, la machine \u00e0 gousses d'ail, la machine \u00e0 \u00e9plucher l'ail, etc.<\/p>\n<hr \/>\n<h2 style=\"text-align: center;\">-Laissez un message pour une citation<\/h2>\n\n<div class=\"wpcf7 no-js\" id=\"wpcf7-f1191-o1\" lang=\"en-US\" dir=\"ltr\" data-wpcf7-id=\"1191\">\n<div class=\"screen-reader-response\"><p role=\"status\" aria-live=\"polite\" aria-atomic=\"true\"><\/p> <ul><\/ul><\/div>\n<form action=\"\/fr\/wp-json\/wp\/v2\/product\/1323#wpcf7-f1191-o1\" method=\"post\" class=\"wpcf7-form init\" aria-label=\"Formulaire de contact\" novalidate=\"novalidate\" data-status=\"init\" data-trp-original-action=\"\/fr\/wp-json\/wp\/v2\/product\/1323#wpcf7-f1191-o1\">\n<fieldset class=\"hidden-fields-container\"><input type=\"hidden\" name=\"_wpcf7\" value=\"1191\" \/><input type=\"hidden\" name=\"_wpcf7_version\" value=\"6.1.1\" \/><input type=\"hidden\" name=\"_wpcf7_locale\" value=\"en_US\" \/><input type=\"hidden\" name=\"_wpcf7_unit_tag\" value=\"wpcf7-f1191-o1\" \/><input type=\"hidden\" name=\"_wpcf7_container_post\" value=\"0\" \/><input type=\"hidden\" name=\"_wpcf7_posted_data_hash\" value=\"\" \/>\n<\/fieldset>\n<div class='proformleft'>\n\t<p><label> Votre nom<br \/>\n<span class=\"wpcf7-form-control-wrap\" data-name=\"your-name\"><input size=\"40\" maxlength=\"400\" class=\"wpcf7-form-control wpcf7-text\" aria-invalid=\"false\" value=\"\" type=\"text\" name=\"your-name\" \/><\/span> <\/label>\n\t<\/p>\n\t<p><label> *Votre Email<br \/>\n<span class=\"wpcf7-form-control-wrap\" data-name=\"your-email\"><input size=\"40\" maxlength=\"400\" class=\"wpcf7-form-control wpcf7-email wpcf7-validates-as-required wpcf7-text wpcf7-validates-as-email\" aria-required=\"true\" aria-invalid=\"false\" value=\"\" type=\"email\" name=\"your-email\" \/><\/span> <\/label>\n\t<\/p>\n\t<p><label> *Votre t\u00e9l\u00e9phone<br \/>\n<span class=\"wpcf7-form-control-wrap\" data-name=\"tel-224\"><input size=\"40\" maxlength=\"400\" class=\"wpcf7-form-control wpcf7-tel wpcf7-validates-as-required wpcf7-text wpcf7-validates-as-tel\" aria-required=\"true\" aria-invalid=\"false\" value=\"\" type=\"tel\" name=\"tel-224\" \/><\/span> <\/label>\n\t<\/p>\n\t<p><label> Votre pays<br \/>\n<span class=\"wpcf7-form-control-wrap\" data-name=\"your-country\"><input size=\"40\" maxlength=\"400\" class=\"wpcf7-form-control wpcf7-text\" aria-invalid=\"false\" value=\"\" type=\"text\" name=\"your-country\" \/><\/span> <\/label>\n\t<\/p>\n<\/div>\n<div class='proformright'>\n\t<p><label> *Votre message<br \/>\n<span class=\"wpcf7-form-control-wrap\" data-name=\"your-message\"><textarea cols=\"40\" rows=\"10\" maxlength=\"2000\" class=\"wpcf7-form-control wpcf7-textarea wpcf7-validates-as-required\" aria-required=\"true\" aria-invalid=\"false\" name=\"your-message\"><\/textarea><\/span> <\/label>\n\t<\/p>\n\t<p><input class=\"wpcf7-form-control wpcf7-submit has-spinner\" type=\"submit\" value=\"Envoyer\" \/>\n\t<\/p>\n<\/div>\n<div style='clear:both'>\n<\/div><p style=\"display: none !important;\" class=\"akismet-fields-container\" data-prefix=\"_wpcf7_ak_\"><label>&#916;<textarea name=\"_wpcf7_ak_hp_textarea\" cols=\"45\" rows=\"8\" maxlength=\"100\"><\/textarea><\/label><input type=\"hidden\" id=\"ak_js_1\" name=\"_wpcf7_ak_js\" value=\"83\"\/><script>document.getElementById( \"ak_js_1\" ).setAttribute( \"value\", ( new Date() ).getTime() );<\/script><\/p><div class=\"wpcf7-response-output\" aria-hidden=\"true\"><\/div>\n<input type=\"hidden\" name=\"trp-form-language\" value=\"fr\"\/><\/form>\n<\/div>\n\n<div style='text-align:left' class='yasr-auto-insert-visitor'><\/div>","protected":false},"excerpt":{"rendered":"<p>Introduction de la machine \u00e0 frire les chips d'ail La machine \u00e0 frire l'ail adopte une machine \u00e0 frire continue, qui peut r\u00e9aliser le travail continu de traitement de l'ail, am\u00e9liorer l'efficacit\u00e9 de production du traitement de l'ail, et l'ail frit est jaune dor\u00e9 et n'a pas d'odeur particuli\u00e8re. La machine \u00e0 frire l'ail est fabriqu\u00e9e en acier inoxydable, ce qui permet d'ajuster les ...<\/p>\n<p class=\"read-more\"> <a class=\"\" href=\"https:\/\/www.garlicline.com\/fr\/produit\/garlic-chips-frying-machine\/\"> <span class=\"screen-reader-text\">Machine \u00e0 frire les chips \u00e0 l'ail en continu M\u00e9thodes de chauffage multiples<\/span> Lire la suite \"<\/a><\/p>","protected":false},"featured_media":1325,"comment_status":"open","ping_status":"closed","template":"","meta":{"site-sidebar-layout":"default","site-content-layout":"default","ast-global-header-display":"","ast-main-header-display":"","ast-hfb-above-header-display":"","ast-hfb-below-header-display":"","ast-hfb-mobile-header-display":"","site-post-title":"","ast-breadcrumbs-content":"","ast-featured-img":"","footer-sml-layout":"","theme-transparent-header-meta":"default","adv-header-id-meta":"","stick-header-meta":"","header-above-stick-meta":"","header-main-stick-meta":"","header-below-stick-meta":"","yasr_overall_rating":0,"yasr_post_is_review":"","yasr_auto_insert_disabled":"","yasr_review_type":""},"product_brand":[],"product_cat":[33],"product_tag":[],"class_list":{"0":"post-1323","1":"product","2":"type-product","3":"status-publish","4":"has-post-thumbnail","6":"product_cat-products","8":"first","9":"instock","10":"shipping-taxable","11":"product-type-simple"},"yoast_head":"<!-- This site is optimized with the Yoast SEO plugin v25.7 - https:\/\/yoast.com\/wordpress\/plugins\/seo\/ -->\n<title>Continuous Garlic Chips Frying Machine Multiple Heating Methods<\/title>\n<meta name=\"description\" content=\"Garlic flakes are made by garlic chips frying machine, which can improve both the production efficiency of garlic flakes and the quality of garlic.\" \/>\n<meta name=\"robots\" content=\"index, follow, max-snippet:-1, max-image-preview:large, max-video-preview:-1\" \/>\n<link rel=\"canonical\" href=\"https:\/\/www.garlicline.com\/fr\/produit\/garlic-chips-frying-machine\/\" \/>\n<meta property=\"og:locale\" content=\"fr_FR\" \/>\n<meta property=\"og:type\" content=\"article\" \/>\n<meta property=\"og:title\" content=\"Continuous Garlic Chips Frying Machine Multiple Heating Methods\" \/>\n<meta property=\"og:description\" content=\"Garlic flakes are made by garlic chips frying machine, which can improve both the production efficiency of garlic flakes and the quality of garlic.\" \/>\n<meta property=\"og:url\" content=\"https:\/\/www.garlicline.com\/fr\/produit\/garlic-chips-frying-machine\/\" \/>\n<meta property=\"og:site_name\" content=\"garlicline\" \/>\n<meta property=\"article:modified_time\" content=\"2022-10-26T03:30:07+00:00\" \/>\n<meta property=\"og:image\" content=\"https:\/\/www.garlicline.com\/wp-content\/uploads\/2022\/06\/z3hutu-1.jpg\" \/>\n\t<meta property=\"og:image:width\" content=\"600\" \/>\n\t<meta property=\"og:image:height\" content=\"600\" \/>\n\t<meta property=\"og:image:type\" content=\"image\/jpeg\" \/>\n<meta name=\"twitter:card\" content=\"summary_large_image\" \/>\n<meta name=\"twitter:label1\" content=\"Dur\u00e9e de lecture estim\u00e9e\" \/>\n\t<meta name=\"twitter:data1\" content=\"2 minutes\" \/>\n<script type=\"application\/ld+json\" class=\"yoast-schema-graph\">{\"@context\":\"https:\/\/schema.org\",\"@graph\":[{\"@type\":\"WebPage\",\"@id\":\"https:\/\/www.garlicline.com\/product\/garlic-chips-frying-machine\/\",\"url\":\"https:\/\/www.garlicline.com\/product\/garlic-chips-frying-machine\/\",\"name\":\"Continuous Garlic Chips Frying Machine Multiple Heating Methods\",\"isPartOf\":{\"@id\":\"https:\/\/www.garlicline.com\/#website\"},\"primaryImageOfPage\":{\"@id\":\"https:\/\/www.garlicline.com\/product\/garlic-chips-frying-machine\/#primaryimage\"},\"image\":{\"@id\":\"https:\/\/www.garlicline.com\/product\/garlic-chips-frying-machine\/#primaryimage\"},\"thumbnailUrl\":\"https:\/\/www.garlicline.com\/wp-content\/uploads\/2022\/06\/z3hutu-1.jpg\",\"datePublished\":\"2022-06-28T09:57:07+00:00\",\"dateModified\":\"2022-10-26T03:30:07+00:00\",\"description\":\"Garlic flakes are made by garlic chips frying machine, which can improve both the production efficiency of garlic flakes and the quality of garlic.\",\"breadcrumb\":{\"@id\":\"https:\/\/www.garlicline.com\/product\/garlic-chips-frying-machine\/#breadcrumb\"},\"inLanguage\":\"fr-FR\",\"potentialAction\":[{\"@type\":\"ReadAction\",\"target\":[\"https:\/\/www.garlicline.com\/product\/garlic-chips-frying-machine\/\"]}]},{\"@type\":\"ImageObject\",\"inLanguage\":\"fr-FR\",\"@id\":\"https:\/\/www.garlicline.com\/product\/garlic-chips-frying-machine\/#primaryimage\",\"url\":\"https:\/\/www.garlicline.com\/wp-content\/uploads\/2022\/06\/z3hutu-1.jpg\",\"contentUrl\":\"https:\/\/www.garlicline.com\/wp-content\/uploads\/2022\/06\/z3hutu-1.jpg\",\"width\":600,\"height\":600,\"caption\":\"garlic chips frying machine\"},{\"@type\":\"BreadcrumbList\",\"@id\":\"https:\/\/www.garlicline.com\/product\/garlic-chips-frying-machine\/#breadcrumb\",\"itemListElement\":[{\"@type\":\"ListItem\",\"position\":1,\"name\":\"Home\",\"item\":\"https:\/\/www.garlicline.com\/\"},{\"@type\":\"ListItem\",\"position\":2,\"name\":\"Products\",\"item\":\"https:\/\/www.garlicline.com\/products\/\"},{\"@type\":\"ListItem\",\"position\":3,\"name\":\"Continuous Garlic Chips Frying Machine Multiple Heating Methods\"}]},{\"@type\":\"WebSite\",\"@id\":\"https:\/\/www.garlicline.com\/#website\",\"url\":\"https:\/\/www.garlicline.com\/\",\"name\":\"garlicline\",\"description\":\"garlic processing machine supplier\",\"publisher\":{\"@id\":\"https:\/\/www.garlicline.com\/#organization\"},\"potentialAction\":[{\"@type\":\"SearchAction\",\"target\":{\"@type\":\"EntryPoint\",\"urlTemplate\":\"https:\/\/www.garlicline.com\/?s={search_term_string}\"},\"query-input\":{\"@type\":\"PropertyValueSpecification\",\"valueRequired\":true,\"valueName\":\"search_term_string\"}}],\"inLanguage\":\"fr-FR\"},{\"@type\":\"Organization\",\"@id\":\"https:\/\/www.garlicline.com\/#organization\",\"name\":\"garlicline\",\"url\":\"https:\/\/www.garlicline.com\/\",\"logo\":{\"@type\":\"ImageObject\",\"inLanguage\":\"fr-FR\",\"@id\":\"https:\/\/www.garlicline.com\/#\/schema\/logo\/image\/\",\"url\":\"https:\/\/www.garlicline.com\/wp-content\/uploads\/2025\/05\/cropped-gelgoog-logo-1.png\",\"contentUrl\":\"https:\/\/www.garlicline.com\/wp-content\/uploads\/2025\/05\/cropped-gelgoog-logo-1.png\",\"width\":434,\"height\":267,\"caption\":\"garlicline\"},\"image\":{\"@id\":\"https:\/\/www.garlicline.com\/#\/schema\/logo\/image\/\"}},false]}<\/script>\n<!-- \/ Yoast SEO plugin. -->","yoast_head_json":{"title":"Machine \u00e0 frire les chips \u00e0 l'ail en continu M\u00e9thodes de chauffage multiples","description":"Les flocons d'ail sont fabriqu\u00e9s \u00e0 l'aide d'une machine \u00e0 frire les flocons d'ail, ce qui permet d'am\u00e9liorer l'efficacit\u00e9 de la production de flocons d'ail et la qualit\u00e9 de l'ail.","robots":{"index":"index","follow":"follow","max-snippet":"max-snippet:-1","max-image-preview":"max-image-preview:large","max-video-preview":"max-video-preview:-1"},"canonical":"https:\/\/www.garlicline.com\/fr\/produit\/garlic-chips-frying-machine\/","og_locale":"fr_FR","og_type":"article","og_title":"Continuous Garlic Chips Frying Machine Multiple Heating Methods","og_description":"Garlic flakes are made by garlic chips frying machine, which can improve both the production efficiency of garlic flakes and the quality of garlic.","og_url":"https:\/\/www.garlicline.com\/fr\/produit\/garlic-chips-frying-machine\/","og_site_name":"garlicline","article_modified_time":"2022-10-26T03:30:07+00:00","og_image":[{"width":600,"height":600,"url":"https:\/\/www.garlicline.com\/wp-content\/uploads\/2022\/06\/z3hutu-1.jpg","type":"image\/jpeg"}],"twitter_card":"summary_large_image","twitter_misc":{"Dur\u00e9e de lecture estim\u00e9e":"2 minutes"},"schema":{"@context":"https:\/\/schema.org","@graph":[{"@type":"WebPage","@id":"https:\/\/www.garlicline.com\/product\/garlic-chips-frying-machine\/","url":"https:\/\/www.garlicline.com\/product\/garlic-chips-frying-machine\/","name":"Machine \u00e0 frire les chips \u00e0 l'ail en continu M\u00e9thodes de chauffage multiples","isPartOf":{"@id":"https:\/\/www.garlicline.com\/#website"},"primaryImageOfPage":{"@id":"https:\/\/www.garlicline.com\/product\/garlic-chips-frying-machine\/#primaryimage"},"image":{"@id":"https:\/\/www.garlicline.com\/product\/garlic-chips-frying-machine\/#primaryimage"},"thumbnailUrl":"https:\/\/www.garlicline.com\/wp-content\/uploads\/2022\/06\/z3hutu-1.jpg","datePublished":"2022-06-28T09:57:07+00:00","dateModified":"2022-10-26T03:30:07+00:00","description":"Les flocons d'ail sont fabriqu\u00e9s \u00e0 l'aide d'une machine \u00e0 frire les flocons d'ail, ce qui permet d'am\u00e9liorer l'efficacit\u00e9 de la production de flocons d'ail et la qualit\u00e9 de l'ail.","breadcrumb":{"@id":"https:\/\/www.garlicline.com\/product\/garlic-chips-frying-machine\/#breadcrumb"},"inLanguage":"fr-FR","potentialAction":[{"@type":"ReadAction","target":["https:\/\/www.garlicline.com\/product\/garlic-chips-frying-machine\/"]}]},{"@type":"ImageObject","inLanguage":"fr-FR","@id":"https:\/\/www.garlicline.com\/product\/garlic-chips-frying-machine\/#primaryimage","url":"https:\/\/www.garlicline.com\/wp-content\/uploads\/2022\/06\/z3hutu-1.jpg","contentUrl":"https:\/\/www.garlicline.com\/wp-content\/uploads\/2022\/06\/z3hutu-1.jpg","width":600,"height":600,"caption":"garlic chips frying machine"},{"@type":"BreadcrumbList","@id":"https:\/\/www.garlicline.com\/product\/garlic-chips-frying-machine\/#breadcrumb","itemListElement":[{"@type":"ListItem","position":1,"name":"Home","item":"https:\/\/www.garlicline.com\/"},{"@type":"ListItem","position":2,"name":"Products","item":"https:\/\/www.garlicline.com\/products\/"},{"@type":"ListItem","position":3,"name":"Continuous Garlic Chips Frying Machine Multiple Heating Methods"}]},{"@type":"WebSite","@id":"https:\/\/www.garlicline.com\/#website","url":"https:\/\/www.garlicline.com\/","name":"ligne d'ail","description":"fournisseur de machines de traitement de l'ail","publisher":{"@id":"https:\/\/www.garlicline.com\/#organization"},"potentialAction":[{"@type":"SearchAction","target":{"@type":"EntryPoint","urlTemplate":"https:\/\/www.garlicline.com\/?s={search_term_string}"},"query-input":{"@type":"PropertyValueSpecification","valueRequired":true,"valueName":"search_term_string"}}],"inLanguage":"fr-FR"},{"@type":"Organization","@id":"https:\/\/www.garlicline.com\/#organization","name":"ligne d'ail","url":"https:\/\/www.garlicline.com\/","logo":{"@type":"ImageObject","inLanguage":"fr-FR","@id":"https:\/\/www.garlicline.com\/#\/schema\/logo\/image\/","url":"https:\/\/www.garlicline.com\/wp-content\/uploads\/2025\/05\/cropped-gelgoog-logo-1.png","contentUrl":"https:\/\/www.garlicline.com\/wp-content\/uploads\/2025\/05\/cropped-gelgoog-logo-1.png","width":434,"height":267,"caption":"garlicline"},"image":{"@id":"https:\/\/www.garlicline.com\/#\/schema\/logo\/image\/"}},false]}},"yasr_visitor_votes":{"stars_attributes":{"read_only":false,"span_bottom":false},"number_of_votes":1,"sum_votes":5},"_links":{"self":[{"href":"https:\/\/www.garlicline.com\/fr\/wp-json\/wp\/v2\/product\/1323","targetHints":{"allow":["GET"]}}],"collection":[{"href":"https:\/\/www.garlicline.com\/fr\/wp-json\/wp\/v2\/product"}],"about":[{"href":"https:\/\/www.garlicline.com\/fr\/wp-json\/wp\/v2\/types\/product"}],"replies":[{"embeddable":true,"href":"https:\/\/www.garlicline.com\/fr\/wp-json\/wp\/v2\/comments?post=1323"}],"version-history":[{"count":0,"href":"https:\/\/www.garlicline.com\/fr\/wp-json\/wp\/v2\/product\/1323\/revisions"}],"wp:featuredmedia":[{"embeddable":true,"href":"https:\/\/www.garlicline.com\/fr\/wp-json\/wp\/v2\/media\/1325"}],"wp:attachment":[{"href":"https:\/\/www.garlicline.com\/fr\/wp-json\/wp\/v2\/media?parent=1323"}],"wp:term":[{"taxonomy":"product_brand","embeddable":true,"href":"https:\/\/www.garlicline.com\/fr\/wp-json\/wp\/v2\/product_brand?post=1323"},{"taxonomy":"product_cat","embeddable":true,"href":"https:\/\/www.garlicline.com\/fr\/wp-json\/wp\/v2\/product_cat?post=1323"},{"taxonomy":"product_tag","embeddable":true,"href":"https:\/\/www.garlicline.com\/fr\/wp-json\/wp\/v2\/product_tag?post=1323"}],"curies":[{"name":"wp","href":"https:\/\/api.w.org\/{rel}","templated":true}]}}