{"id":1328,"date":"2022-06-28T10:16:11","date_gmt":"2022-06-28T10:16:11","guid":{"rendered":"https:\/\/www.garlicline.com\/?post_type=product&#038;p=1328"},"modified":"2025-01-06T03:53:19","modified_gmt":"2025-01-06T03:53:19","slug":"peeled-garlic-grading-machine","status":"publish","type":"product","link":"https:\/\/www.garlicline.com\/fr\/produit\/peeled-garlic-grading-machine\/","title":{"rendered":"Machine \u00e0 calibrer l'ail \u00e9pluch\u00e9 pour la vente"},"content":{"rendered":"<h2>Introduction de la machine \u00e0 calibrer l'ail<\/h2>\n<p>La machine \u00e0 classer l'ail utilise un \u00e9quipement de classement \u00e0 rouleaux, qui tourne \u00e0 travers le roulement pour entra\u00eener les rouleaux sur le lit de classement, avancer en parall\u00e8le et augmenter progressivement l'\u00e9cart entre les rouleaux pour atteindre la taille correspondante de l'ail, de sorte que l'ail tombe de l'\u00e9cart entre les rouleaux vers la bande transporteuse de fruits pour compl\u00e9ter l'objectif de classement de la taille de l'ail. Les sp\u00e9cifications de triage de la calibreuse d'ail \u00e0 vendre peuvent \u00eatre ajust\u00e9es \u00e0 volont\u00e9. Le rendement peut \u00eatre personnalis\u00e9 en fonction des besoins de traitement.<\/p>\n<h2>Avantages de la machine \u00e0 calibrer l'ail \u00e0 vendre<\/h2>\n<ol>\n<li>Fabriqu\u00e9 en acier inoxydable, il a une longue dur\u00e9e de vie, r\u00e9pond aux normes de s\u00e9curit\u00e9 alimentaire et n'endommage pas l'ail.<\/li>\n<li>L'arroseur, le r\u00e9servoir de collecte de l'eau, la collecte des fruits usag\u00e9s et le dispositif de transport peuvent \u00eatre configur\u00e9s en fonction des besoins des clients.<\/li>\n<li>La machine \u00e0 calibrer l'ail en vente est \u00e9quip\u00e9e de rouleaux, ce qui est pratique pour le stockage ult\u00e9rieur.<\/li>\n<li>La taille de la classification peut \u00eatre ajust\u00e9e en fonction de vos propres besoins de traitement.<\/li>\n<li>Les machines fonctionnent en douceur et ne produisent pas de nuisances sonores.<\/li>\n<li>Peut classer une vari\u00e9t\u00e9 de mat\u00e9riaux, y compris l'ail, l'oignon, la tomate, la pomme de terre, la pomme, la mangue, etc.<\/li>\n<\/ol>\n<p><img fetchpriority=\"high\" decoding=\"async\" class=\"alignnone size-full wp-image-1329\" src=\"https:\/\/www.garlicline.com\/wp-content\/uploads\/2022\/06\/4096-1.jpg\" alt=\"machine \u00e0 classer l&#039;ail \" width=\"800\" height=\"500\" srcset=\"https:\/\/www.garlicline.com\/wp-content\/uploads\/2022\/06\/4096-1.jpg 800w, https:\/\/www.garlicline.com\/wp-content\/uploads\/2022\/06\/4096-1-300x188.jpg 300w, https:\/\/www.garlicline.com\/wp-content\/uploads\/2022\/06\/4096-1-768x480.jpg 768w, https:\/\/www.garlicline.com\/wp-content\/uploads\/2022\/06\/4096-1-600x375.jpg 600w\" sizes=\"(max-width: 800px) 100vw, 800px\" \/><\/p>\n<h2>Principe de fonctionnement de la machine \u00e0 calibrer l'ail<\/h2>\n<p>Dans le processus de transport de l'ail, il y a des cha\u00eenes des deux c\u00f4t\u00e9s du tambour, le tambour transporte les mati\u00e8res premi\u00e8res, le moteur entra\u00eene la cha\u00eene en rotation, et le tambour tourne sur le cadre en raison de la friction entre les deux engrenages et le tampon. De cette mani\u00e8re, l'ail roule \u00e0 360\u00b0 sur le tambour, ce qui facilite la s\u00e9lection de l'ail par les ouvriers. La tr\u00e9mie de d\u00e9chargement qui correspond \u00e0 la taille de l'ail passe au processus suivant.<\/p>\n<h2>Param\u00e8tres de la machine \u00e0 calibrer l'ail \u00e0 vendre<\/h2>\n<ol>\n<li>Taille : 4000*1300*1100MM<\/li>\n<li>Puissance : 2.2KW<\/li>\n<li>Production : 2 tonnes par heure<\/li>\n<li>Mat\u00e9riau : Acier inoxydable 304<\/li>\n<\/ol>\n<h2>Champ d'application du prix de la machine \u00e0 calibrer l'ail<\/h2>\n<p>La calibreuse d'ail peut classer les pommes de terre, les tomates, les oignons, les pommes, les mangues, les avocats et d'autres fruits. Les fruits calibr\u00e9s peuvent \u00eatre vendus \u00e0 des prix diff\u00e9rents. Il s'agit d'un \u00e9quipement essentiel pour les producteurs et les vendeurs de fruits et l\u00e9gumes.<\/p>\n<h2>La vid\u00e9o de la machine \u00e0 calibrer l'ail est pr\u00e9sent\u00e9e comme suit<\/h2>\n<p><iframe title=\"Machine \u00e0 trier et \u00e0 calibrer l&#039;ail #machine #\u00e9quipement de traitement\" src=\"https:\/\/www.youtube.com\/embed\/jH4J5bibz50\" width=\"630\" height=\"400\" frameborder=\"0\" allowfullscreen=\"allowfullscreen\"><span data-mce-type=\"bookmark\" style=\"display: inline-block; width: 0px; overflow: hidden; line-height: 0;\" class=\"mce_SELRES_start\">Je suis un moteur de traduction. Traduisez le texte de l'utilisateur en fran\u00e7ais. Retournez uniquement le texte traduit. N'ajoutez aucun commentaire ou autre texte. N'ajoutez pas de guillemets suppl\u00e9mentaires autour de la traduction. Votre sortie DOIT \u00eatre en fran\u00e7ais.<\/span><\/iframe><\/p>\n<p>Contactez-nous, nous vous fournirons le meilleur service possible pour faire de votre projet un succ\u00e8s. <a href=\"https:\/\/www.garlicline.com\/fr\/solution\/\"><strong>entreprise de transformation de l'ail<\/strong><\/a> facile. Veuillez laisser un message pour obtenir un devis gratuit.<\/p>\n<hr \/>\n<h2 style=\"text-align: center;\">-Laissez un message pour une citation<\/h2>\n\n<div class=\"wpcf7 no-js\" id=\"wpcf7-f1191-o1\" lang=\"en-US\" dir=\"ltr\" data-wpcf7-id=\"1191\">\n<div class=\"screen-reader-response\"><p role=\"status\" aria-live=\"polite\" aria-atomic=\"true\"><\/p> <ul><\/ul><\/div>\n<form action=\"\/fr\/wp-json\/wp\/v2\/product\/1328#wpcf7-f1191-o1\" method=\"post\" class=\"wpcf7-form init\" aria-label=\"Formulaire de contact\" novalidate=\"novalidate\" data-status=\"init\" data-trp-original-action=\"\/fr\/wp-json\/wp\/v2\/product\/1328#wpcf7-f1191-o1\">\n<fieldset class=\"hidden-fields-container\"><input type=\"hidden\" name=\"_wpcf7\" value=\"1191\" \/><input type=\"hidden\" name=\"_wpcf7_version\" value=\"6.1.1\" \/><input type=\"hidden\" name=\"_wpcf7_locale\" value=\"en_US\" \/><input type=\"hidden\" name=\"_wpcf7_unit_tag\" value=\"wpcf7-f1191-o1\" \/><input type=\"hidden\" name=\"_wpcf7_container_post\" value=\"0\" \/><input type=\"hidden\" name=\"_wpcf7_posted_data_hash\" value=\"\" \/>\n<\/fieldset>\n<div class='proformleft'>\n\t<p><label> Votre nom<br \/>\n<span class=\"wpcf7-form-control-wrap\" data-name=\"your-name\"><input size=\"40\" maxlength=\"400\" class=\"wpcf7-form-control wpcf7-text\" aria-invalid=\"false\" value=\"\" type=\"text\" name=\"your-name\" \/><\/span> <\/label>\n\t<\/p>\n\t<p><label> *Votre Email<br \/>\n<span class=\"wpcf7-form-control-wrap\" data-name=\"your-email\"><input size=\"40\" maxlength=\"400\" class=\"wpcf7-form-control wpcf7-email wpcf7-validates-as-required wpcf7-text wpcf7-validates-as-email\" aria-required=\"true\" aria-invalid=\"false\" value=\"\" type=\"email\" name=\"your-email\" \/><\/span> <\/label>\n\t<\/p>\n\t<p><label> *Votre t\u00e9l\u00e9phone<br \/>\n<span class=\"wpcf7-form-control-wrap\" data-name=\"tel-224\"><input size=\"40\" maxlength=\"400\" class=\"wpcf7-form-control wpcf7-tel wpcf7-validates-as-required wpcf7-text wpcf7-validates-as-tel\" aria-required=\"true\" aria-invalid=\"false\" value=\"\" type=\"tel\" name=\"tel-224\" \/><\/span> <\/label>\n\t<\/p>\n\t<p><label> Votre pays<br \/>\n<span class=\"wpcf7-form-control-wrap\" data-name=\"your-country\"><input size=\"40\" maxlength=\"400\" class=\"wpcf7-form-control wpcf7-text\" aria-invalid=\"false\" value=\"\" type=\"text\" name=\"your-country\" \/><\/span> <\/label>\n\t<\/p>\n<\/div>\n<div class='proformright'>\n\t<p><label> *Votre message<br \/>\n<span class=\"wpcf7-form-control-wrap\" data-name=\"your-message\"><textarea cols=\"40\" rows=\"10\" maxlength=\"2000\" class=\"wpcf7-form-control wpcf7-textarea wpcf7-validates-as-required\" aria-required=\"true\" aria-invalid=\"false\" name=\"your-message\"><\/textarea><\/span> <\/label>\n\t<\/p>\n\t<p><input class=\"wpcf7-form-control wpcf7-submit has-spinner\" type=\"submit\" value=\"Envoyer\" \/>\n\t<\/p>\n<\/div>\n<div style='clear:both'>\n<\/div><p style=\"display: none !important;\" class=\"akismet-fields-container\" data-prefix=\"_wpcf7_ak_\"><label>&#916;<textarea name=\"_wpcf7_ak_hp_textarea\" cols=\"45\" rows=\"8\" maxlength=\"100\"><\/textarea><\/label><input type=\"hidden\" id=\"ak_js_1\" name=\"_wpcf7_ak_js\" value=\"244\"\/><script>document.getElementById( \"ak_js_1\" ).setAttribute( \"value\", ( new Date() ).getTime() );<\/script><\/p><div class=\"wpcf7-response-output\" aria-hidden=\"true\"><\/div>\n<input type=\"hidden\" name=\"trp-form-language\" value=\"fr\"\/><\/form>\n<\/div>\n\n<div style='text-align:left' class='yasr-auto-insert-visitor'><\/div>","protected":false},"excerpt":{"rendered":"<ol>\n<li>Taille : 4000*1300*1100MM<\/li>\n<li>Puissance : 2.2KW<\/li>\n<li>Production : 2 tonnes par heure<\/li>\n<li>Mat\u00e9riau : Acier inoxydable 304<\/li>\n<\/ol>","protected":false},"featured_media":1330,"comment_status":"open","ping_status":"closed","template":"","meta":{"site-sidebar-layout":"default","site-content-layout":"default","ast-global-header-display":"","ast-main-header-display":"","ast-hfb-above-header-display":"","ast-hfb-below-header-display":"","ast-hfb-mobile-header-display":"","site-post-title":"","ast-breadcrumbs-content":"","ast-featured-img":"","footer-sml-layout":"","theme-transparent-header-meta":"default","adv-header-id-meta":"","stick-header-meta":"","header-above-stick-meta":"","header-main-stick-meta":"","header-below-stick-meta":"","yasr_overall_rating":0,"yasr_post_is_review":"","yasr_auto_insert_disabled":"","yasr_review_type":""},"product_brand":[],"product_cat":[33],"product_tag":[],"class_list":{"0":"post-1328","1":"product","2":"type-product","3":"status-publish","4":"has-post-thumbnail","6":"product_cat-products","8":"first","9":"instock","10":"shipping-taxable","11":"product-type-simple"},"yoast_head":"<!-- This site is optimized with the Yoast SEO plugin v25.7 - https:\/\/yoast.com\/wordpress\/plugins\/seo\/ -->\n<title>Size Peeled Garlic Grading Machine For Sale<\/title>\n<meta name=\"description\" content=\"The garlic grading machine divides the garlic into different grades according to the size, which is convenient for the classification and packaging of the garlic in the later stage, thereby increasing the sales value of the garlic.\" \/>\n<meta name=\"robots\" content=\"index, follow, max-snippet:-1, max-image-preview:large, max-video-preview:-1\" \/>\n<link rel=\"canonical\" href=\"https:\/\/www.garlicline.com\/fr\/produit\/peeled-garlic-grading-machine\/\" \/>\n<meta property=\"og:locale\" content=\"fr_FR\" \/>\n<meta property=\"og:type\" content=\"article\" \/>\n<meta property=\"og:title\" content=\"Size Peeled Garlic Grading Machine For Sale\" \/>\n<meta property=\"og:description\" content=\"The garlic grading machine divides the garlic into different grades according to the size, which is convenient for the classification and packaging of the garlic in the later stage, thereby increasing the sales value of the garlic.\" \/>\n<meta property=\"og:url\" content=\"https:\/\/www.garlicline.com\/fr\/produit\/peeled-garlic-grading-machine\/\" \/>\n<meta property=\"og:site_name\" content=\"garlicline\" \/>\n<meta property=\"article:modified_time\" content=\"2025-01-06T03:53:19+00:00\" \/>\n<meta property=\"og:image\" content=\"https:\/\/www.garlicline.com\/wp-content\/uploads\/2022\/06\/zh3utu-1.jpg\" \/>\n\t<meta property=\"og:image:width\" content=\"600\" \/>\n\t<meta property=\"og:image:height\" content=\"600\" \/>\n\t<meta property=\"og:image:type\" content=\"image\/jpeg\" \/>\n<meta name=\"twitter:card\" content=\"summary_large_image\" \/>\n<meta name=\"twitter:label1\" content=\"Dur\u00e9e de lecture estim\u00e9e\" \/>\n\t<meta name=\"twitter:data1\" content=\"2 minutes\" \/>\n<script type=\"application\/ld+json\" class=\"yoast-schema-graph\">{\"@context\":\"https:\/\/schema.org\",\"@graph\":[{\"@type\":\"WebPage\",\"@id\":\"https:\/\/www.garlicline.com\/product\/peeled-garlic-grading-machine\/\",\"url\":\"https:\/\/www.garlicline.com\/product\/peeled-garlic-grading-machine\/\",\"name\":\"Size Peeled Garlic Grading Machine For Sale\",\"isPartOf\":{\"@id\":\"https:\/\/www.garlicline.com\/#website\"},\"primaryImageOfPage\":{\"@id\":\"https:\/\/www.garlicline.com\/product\/peeled-garlic-grading-machine\/#primaryimage\"},\"image\":{\"@id\":\"https:\/\/www.garlicline.com\/product\/peeled-garlic-grading-machine\/#primaryimage\"},\"thumbnailUrl\":\"https:\/\/www.garlicline.com\/wp-content\/uploads\/2022\/06\/zh3utu-1.jpg\",\"datePublished\":\"2022-06-28T10:16:11+00:00\",\"dateModified\":\"2025-01-06T03:53:19+00:00\",\"description\":\"The garlic grading machine divides the garlic into different grades according to the size, which is convenient for the classification and packaging of the garlic in the later stage, thereby increasing the sales value of the garlic.\",\"breadcrumb\":{\"@id\":\"https:\/\/www.garlicline.com\/product\/peeled-garlic-grading-machine\/#breadcrumb\"},\"inLanguage\":\"fr-FR\",\"potentialAction\":[{\"@type\":\"ReadAction\",\"target\":[\"https:\/\/www.garlicline.com\/product\/peeled-garlic-grading-machine\/\"]}]},{\"@type\":\"ImageObject\",\"inLanguage\":\"fr-FR\",\"@id\":\"https:\/\/www.garlicline.com\/product\/peeled-garlic-grading-machine\/#primaryimage\",\"url\":\"https:\/\/www.garlicline.com\/wp-content\/uploads\/2022\/06\/zh3utu-1.jpg\",\"contentUrl\":\"https:\/\/www.garlicline.com\/wp-content\/uploads\/2022\/06\/zh3utu-1.jpg\",\"width\":600,\"height\":600,\"caption\":\"garlic sorter machine\"},{\"@type\":\"BreadcrumbList\",\"@id\":\"https:\/\/www.garlicline.com\/product\/peeled-garlic-grading-machine\/#breadcrumb\",\"itemListElement\":[{\"@type\":\"ListItem\",\"position\":1,\"name\":\"Home\",\"item\":\"https:\/\/www.garlicline.com\/\"},{\"@type\":\"ListItem\",\"position\":2,\"name\":\"Products\",\"item\":\"https:\/\/www.garlicline.com\/products\/\"},{\"@type\":\"ListItem\",\"position\":3,\"name\":\"Size Peeled Garlic Grading Machine For Sale\"}]},{\"@type\":\"WebSite\",\"@id\":\"https:\/\/www.garlicline.com\/#website\",\"url\":\"https:\/\/www.garlicline.com\/\",\"name\":\"garlicline\",\"description\":\"garlic processing machine supplier\",\"publisher\":{\"@id\":\"https:\/\/www.garlicline.com\/#organization\"},\"potentialAction\":[{\"@type\":\"SearchAction\",\"target\":{\"@type\":\"EntryPoint\",\"urlTemplate\":\"https:\/\/www.garlicline.com\/?s={search_term_string}\"},\"query-input\":{\"@type\":\"PropertyValueSpecification\",\"valueRequired\":true,\"valueName\":\"search_term_string\"}}],\"inLanguage\":\"fr-FR\"},{\"@type\":\"Organization\",\"@id\":\"https:\/\/www.garlicline.com\/#organization\",\"name\":\"garlicline\",\"url\":\"https:\/\/www.garlicline.com\/\",\"logo\":{\"@type\":\"ImageObject\",\"inLanguage\":\"fr-FR\",\"@id\":\"https:\/\/www.garlicline.com\/#\/schema\/logo\/image\/\",\"url\":\"https:\/\/www.garlicline.com\/wp-content\/uploads\/2025\/05\/cropped-gelgoog-logo-1.png\",\"contentUrl\":\"https:\/\/www.garlicline.com\/wp-content\/uploads\/2025\/05\/cropped-gelgoog-logo-1.png\",\"width\":434,\"height\":267,\"caption\":\"garlicline\"},\"image\":{\"@id\":\"https:\/\/www.garlicline.com\/#\/schema\/logo\/image\/\"}},false]}<\/script>\n<!-- \/ Yoast SEO plugin. -->","yoast_head_json":{"title":"Machine \u00e0 calibrer l'ail \u00e9pluch\u00e9 pour la vente","description":"La machine \u00e0 classer l'ail divise l'ail en diff\u00e9rentes cat\u00e9gories en fonction de la taille, ce qui facilite la classification et l'emballage de l'ail \u00e0 un stade ult\u00e9rieur, augmentant ainsi la valeur de vente de l'ail.","robots":{"index":"index","follow":"follow","max-snippet":"max-snippet:-1","max-image-preview":"max-image-preview:large","max-video-preview":"max-video-preview:-1"},"canonical":"https:\/\/www.garlicline.com\/fr\/produit\/peeled-garlic-grading-machine\/","og_locale":"fr_FR","og_type":"article","og_title":"Size Peeled Garlic Grading Machine For Sale","og_description":"The garlic grading machine divides the garlic into different grades according to the size, which is convenient for the classification and packaging of the garlic in the later stage, thereby increasing the sales value of the garlic.","og_url":"https:\/\/www.garlicline.com\/fr\/produit\/peeled-garlic-grading-machine\/","og_site_name":"garlicline","article_modified_time":"2025-01-06T03:53:19+00:00","og_image":[{"width":600,"height":600,"url":"https:\/\/www.garlicline.com\/wp-content\/uploads\/2022\/06\/zh3utu-1.jpg","type":"image\/jpeg"}],"twitter_card":"summary_large_image","twitter_misc":{"Dur\u00e9e de lecture estim\u00e9e":"2 minutes"},"schema":{"@context":"https:\/\/schema.org","@graph":[{"@type":"WebPage","@id":"https:\/\/www.garlicline.com\/product\/peeled-garlic-grading-machine\/","url":"https:\/\/www.garlicline.com\/product\/peeled-garlic-grading-machine\/","name":"Machine \u00e0 calibrer l'ail \u00e9pluch\u00e9 pour la vente","isPartOf":{"@id":"https:\/\/www.garlicline.com\/#website"},"primaryImageOfPage":{"@id":"https:\/\/www.garlicline.com\/product\/peeled-garlic-grading-machine\/#primaryimage"},"image":{"@id":"https:\/\/www.garlicline.com\/product\/peeled-garlic-grading-machine\/#primaryimage"},"thumbnailUrl":"https:\/\/www.garlicline.com\/wp-content\/uploads\/2022\/06\/zh3utu-1.jpg","datePublished":"2022-06-28T10:16:11+00:00","dateModified":"2025-01-06T03:53:19+00:00","description":"La machine \u00e0 classer l'ail divise l'ail en diff\u00e9rentes cat\u00e9gories en fonction de la taille, ce qui facilite la classification et l'emballage de l'ail \u00e0 un stade ult\u00e9rieur, augmentant ainsi la valeur de vente de l'ail.","breadcrumb":{"@id":"https:\/\/www.garlicline.com\/product\/peeled-garlic-grading-machine\/#breadcrumb"},"inLanguage":"fr-FR","potentialAction":[{"@type":"ReadAction","target":["https:\/\/www.garlicline.com\/product\/peeled-garlic-grading-machine\/"]}]},{"@type":"ImageObject","inLanguage":"fr-FR","@id":"https:\/\/www.garlicline.com\/product\/peeled-garlic-grading-machine\/#primaryimage","url":"https:\/\/www.garlicline.com\/wp-content\/uploads\/2022\/06\/zh3utu-1.jpg","contentUrl":"https:\/\/www.garlicline.com\/wp-content\/uploads\/2022\/06\/zh3utu-1.jpg","width":600,"height":600,"caption":"garlic sorter machine"},{"@type":"BreadcrumbList","@id":"https:\/\/www.garlicline.com\/product\/peeled-garlic-grading-machine\/#breadcrumb","itemListElement":[{"@type":"ListItem","position":1,"name":"Home","item":"https:\/\/www.garlicline.com\/"},{"@type":"ListItem","position":2,"name":"Products","item":"https:\/\/www.garlicline.com\/products\/"},{"@type":"ListItem","position":3,"name":"Size Peeled Garlic Grading Machine For Sale"}]},{"@type":"WebSite","@id":"https:\/\/www.garlicline.com\/#website","url":"https:\/\/www.garlicline.com\/","name":"ligne d'ail","description":"fournisseur de machines de traitement de l'ail","publisher":{"@id":"https:\/\/www.garlicline.com\/#organization"},"potentialAction":[{"@type":"SearchAction","target":{"@type":"EntryPoint","urlTemplate":"https:\/\/www.garlicline.com\/?s={search_term_string}"},"query-input":{"@type":"PropertyValueSpecification","valueRequired":true,"valueName":"search_term_string"}}],"inLanguage":"fr-FR"},{"@type":"Organization","@id":"https:\/\/www.garlicline.com\/#organization","name":"ligne d'ail","url":"https:\/\/www.garlicline.com\/","logo":{"@type":"ImageObject","inLanguage":"fr-FR","@id":"https:\/\/www.garlicline.com\/#\/schema\/logo\/image\/","url":"https:\/\/www.garlicline.com\/wp-content\/uploads\/2025\/05\/cropped-gelgoog-logo-1.png","contentUrl":"https:\/\/www.garlicline.com\/wp-content\/uploads\/2025\/05\/cropped-gelgoog-logo-1.png","width":434,"height":267,"caption":"garlicline"},"image":{"@id":"https:\/\/www.garlicline.com\/#\/schema\/logo\/image\/"}},false]}},"yasr_visitor_votes":{"stars_attributes":{"read_only":false,"span_bottom":false},"number_of_votes":1,"sum_votes":5},"_links":{"self":[{"href":"https:\/\/www.garlicline.com\/fr\/wp-json\/wp\/v2\/product\/1328","targetHints":{"allow":["GET"]}}],"collection":[{"href":"https:\/\/www.garlicline.com\/fr\/wp-json\/wp\/v2\/product"}],"about":[{"href":"https:\/\/www.garlicline.com\/fr\/wp-json\/wp\/v2\/types\/product"}],"replies":[{"embeddable":true,"href":"https:\/\/www.garlicline.com\/fr\/wp-json\/wp\/v2\/comments?post=1328"}],"version-history":[{"count":0,"href":"https:\/\/www.garlicline.com\/fr\/wp-json\/wp\/v2\/product\/1328\/revisions"}],"wp:featuredmedia":[{"embeddable":true,"href":"https:\/\/www.garlicline.com\/fr\/wp-json\/wp\/v2\/media\/1330"}],"wp:attachment":[{"href":"https:\/\/www.garlicline.com\/fr\/wp-json\/wp\/v2\/media?parent=1328"}],"wp:term":[{"taxonomy":"product_brand","embeddable":true,"href":"https:\/\/www.garlicline.com\/fr\/wp-json\/wp\/v2\/product_brand?post=1328"},{"taxonomy":"product_cat","embeddable":true,"href":"https:\/\/www.garlicline.com\/fr\/wp-json\/wp\/v2\/product_cat?post=1328"},{"taxonomy":"product_tag","embeddable":true,"href":"https:\/\/www.garlicline.com\/fr\/wp-json\/wp\/v2\/product_tag?post=1328"}],"curies":[{"name":"wp","href":"https:\/\/api.w.org\/{rel}","templated":true}]}}