{"id":1332,"date":"2022-06-28T11:10:33","date_gmt":"2022-06-28T11:10:33","guid":{"rendered":"https:\/\/www.garlicline.com\/?post_type=product&#038;p=1332"},"modified":"2026-03-31T07:26:26","modified_gmt":"2026-03-31T07:26:26","slug":"multifunction-peeled-garlic-sorting-machine","status":"publish","type":"product","link":"https:\/\/www.garlicline.com\/fr\/produit\/multifunction-peeled-garlic-sorting-machine\/","title":{"rendered":"Machine multifonctionnelle \u00e0 trier l'ail \u00e9pluch\u00e9"},"content":{"rendered":"<h2>Introduction de la machine \u00e0 trier l'ail \u00e9pluch\u00e9<\/h2>\n<p>La machine \u00e0 trier l'ail \u00e9pluch\u00e9 est fabriqu\u00e9e en acier inoxydable, qui pr\u00e9sente les avantages de la r\u00e9sistance \u00e0 la corrosion, de la propret\u00e9 et d'une longue dur\u00e9e de vie. La machine de triage de l'ail remplace le triage et la classification manuels et automatiques de l'ail. Il s'agit d'un produit de bien-\u00eatre de l'usine de traitement de l'ail, qui r\u00e9sout le probl\u00e8me de la faible efficacit\u00e9 du classement de l'ail, qui prend du temps et qui est laborieux. La machine de triage de l'ail peut ajuster diff\u00e9rentes cat\u00e9gories de taille en fonction de la taille de l'ail.<\/p>\n<h2>Caract\u00e9ristiques de la machine \u00e0 trier l'ail<\/h2>\n<p>1. Le cadre adopte une technologie de soudage avanc\u00e9e, il est plat et lisse.<br \/>\n2. L'\u00e9cart entre les rouleaux de la machine est progressivement augment\u00e9, de sorte que l'ail de la taille correspondante peut \u00eatre class\u00e9.<br \/>\n3. Le moteur adopte une r\u00e9gulation de vitesse par conversion de fr\u00e9quence ou un r\u00e9ducteur de vitesse \u00e0 variation continue.<br \/>\n4. L'ensemble de la machine \u00e0 trier l'ail est fabriqu\u00e9 en acier inoxydable, ce qui permet une utilisation s\u00fbre et hygi\u00e9nique.<\/p>\n<h2>Avantages de la trieuse d'ail<\/h2>\n<ol>\n<li>La structure est compacte, durable et ind\u00e9formable.<\/li>\n<li>\u00c9conomie d'\u00e9nergie et haute efficacit\u00e9, rendement de production \u00e9lev\u00e9, gain de temps et d'efforts.<\/li>\n<li>La machine de triage de l'ail pel\u00e9 n'endommage pas la surface de l'ail et ne modifie pas la couleur et l'odeur de la surface de l'ail.<\/li>\n<li>La taille de la classification peut \u00eatre personnalis\u00e9e en fonction des besoins de traitement.<\/li>\n<li>Pas difficile quant \u00e0 la vari\u00e9t\u00e9 et \u00e0 la taille de l'ail.<\/li>\n<li>La machine \u00e0 trier l'ail peut classer une grande vari\u00e9t\u00e9 de mat\u00e9riaux. Elle convient aux bulbes et aux fruits et l\u00e9gumes ovales.<\/li>\n<\/ol>\n<p><img fetchpriority=\"high\" decoding=\"async\" class=\"alignnone size-full wp-image-1333\" src=\"https:\/\/www.garlicline.com\/wp-content\/uploads\/2022\/06\/k-w342.jpg\" alt=\"machine \u00e0 trier l&#039;ail \" width=\"800\" height=\"500\" srcset=\"https:\/\/www.garlicline.com\/wp-content\/uploads\/2022\/06\/k-w342.jpg 800w, https:\/\/www.garlicline.com\/wp-content\/uploads\/2022\/06\/k-w342-300x188.jpg 300w, https:\/\/www.garlicline.com\/wp-content\/uploads\/2022\/06\/k-w342-768x480.jpg 768w, https:\/\/www.garlicline.com\/wp-content\/uploads\/2022\/06\/k-w342-600x375.jpg 600w\" sizes=\"(max-width: 800px) 100vw, 800px\" \/><\/p>\n<h2>Principe de fonctionnement de la machine \u00e0 trier l'ail<\/h2>\n<p>Gr\u00e2ce \u00e0 la rotation du roulement, les rouleaux du lit de triage sont entra\u00een\u00e9s pour avancer en parall\u00e8le, et l'\u00e9cart entre les rouleaux est progressivement augment\u00e9 pour atteindre la taille correspondante de l'ail, de sorte que l'ail tombe de l'\u00e9cart entre les rouleaux jusqu'\u00e0 la livraison du fruit. L'objectif est de classer l'ail en fonction de sa taille, et les sp\u00e9cifications de triage de la machine de triage de l'ail peuvent \u00eatre ajust\u00e9es \u00e0 volont\u00e9.<\/p>\n<h2>Param\u00e8tres de la machine \u00e0 trier l'ail<\/h2>\n<ol>\n<li>Taille : 4000*1300*1100MM<\/li>\n<li>Puissance : 2.2KW<\/li>\n<li>Production : 2 tonnes par heure<\/li>\n<li>Mat\u00e9riau : Acier inoxydable 304<\/li>\n<\/ol>\n<p>L'ail pel\u00e9 peut \u00eatre directement emball\u00e9 apr\u00e8s le calibrage, y compris l'emballage sous vide et l'emballage par pes\u00e9e. <a href=\"https:\/\/www.garlicline.com\/fr\/produit\/garlic-vacuum-packing-machine\/\"><strong>machine \u00e0 emballer sous vide l'ail <\/strong><\/a>et des machines d'emballage par pes\u00e9e. Si vous \u00eates int\u00e9ress\u00e9, veuillez laisser un message pour nous contacter.<\/p>\n<hr \/>\n<h2 style=\"text-align: center;\">-Laissez un message pour une citation<\/h2>\n\n<div class=\"wpcf7 no-js\" id=\"wpcf7-f1191-o1\" lang=\"en-US\" dir=\"ltr\" data-wpcf7-id=\"1191\">\n<div class=\"screen-reader-response\"><p role=\"status\" aria-live=\"polite\" aria-atomic=\"true\"><\/p> <ul><\/ul><\/div>\n<form action=\"\/fr\/wp-json\/wp\/v2\/product\/1332#wpcf7-f1191-o1\" method=\"post\" class=\"wpcf7-form init\" aria-label=\"Formulaire de contact\" novalidate=\"novalidate\" data-status=\"init\" data-trp-original-action=\"\/fr\/wp-json\/wp\/v2\/product\/1332#wpcf7-f1191-o1\">\n<fieldset class=\"hidden-fields-container\"><input type=\"hidden\" name=\"_wpcf7\" value=\"1191\" \/><input type=\"hidden\" name=\"_wpcf7_version\" value=\"6.1.1\" \/><input type=\"hidden\" name=\"_wpcf7_locale\" value=\"en_US\" \/><input type=\"hidden\" name=\"_wpcf7_unit_tag\" value=\"wpcf7-f1191-o1\" \/><input type=\"hidden\" name=\"_wpcf7_container_post\" value=\"0\" \/><input type=\"hidden\" name=\"_wpcf7_posted_data_hash\" value=\"\" \/>\n<\/fieldset>\n<div class='proformleft'>\n\t<p><label> Votre nom<br \/>\n<span class=\"wpcf7-form-control-wrap\" data-name=\"your-name\"><input size=\"40\" maxlength=\"400\" class=\"wpcf7-form-control wpcf7-text\" aria-invalid=\"false\" value=\"\" type=\"text\" name=\"your-name\" \/><\/span> <\/label>\n\t<\/p>\n\t<p><label> *Votre Email<br \/>\n<span class=\"wpcf7-form-control-wrap\" data-name=\"your-email\"><input size=\"40\" maxlength=\"400\" class=\"wpcf7-form-control wpcf7-email wpcf7-validates-as-required wpcf7-text wpcf7-validates-as-email\" aria-required=\"true\" aria-invalid=\"false\" value=\"\" type=\"email\" name=\"your-email\" \/><\/span> <\/label>\n\t<\/p>\n\t<p><label> *Votre t\u00e9l\u00e9phone<br \/>\n<span class=\"wpcf7-form-control-wrap\" data-name=\"tel-224\"><input size=\"40\" maxlength=\"400\" class=\"wpcf7-form-control wpcf7-tel wpcf7-validates-as-required wpcf7-text wpcf7-validates-as-tel\" aria-required=\"true\" aria-invalid=\"false\" value=\"\" type=\"tel\" name=\"tel-224\" \/><\/span> <\/label>\n\t<\/p>\n\t<p><label> Votre pays<br \/>\n<span class=\"wpcf7-form-control-wrap\" data-name=\"your-country\"><input size=\"40\" maxlength=\"400\" class=\"wpcf7-form-control wpcf7-text\" aria-invalid=\"false\" value=\"\" type=\"text\" name=\"your-country\" \/><\/span> <\/label>\n\t<\/p>\n<\/div>\n<div class='proformright'>\n\t<p><label> *Votre message<br \/>\n<span class=\"wpcf7-form-control-wrap\" data-name=\"your-message\"><textarea cols=\"40\" rows=\"10\" maxlength=\"2000\" class=\"wpcf7-form-control wpcf7-textarea wpcf7-validates-as-required\" aria-required=\"true\" aria-invalid=\"false\" name=\"your-message\"><\/textarea><\/span> <\/label>\n\t<\/p>\n\t<p><input class=\"wpcf7-form-control wpcf7-submit has-spinner\" type=\"submit\" value=\"Envoyer\" \/>\n\t<\/p>\n<\/div>\n<div style='clear:both'>\n<\/div><p style=\"display: none !important;\" class=\"akismet-fields-container\" data-prefix=\"_wpcf7_ak_\"><label>&#916;<textarea name=\"_wpcf7_ak_hp_textarea\" cols=\"45\" rows=\"8\" maxlength=\"100\"><\/textarea><\/label><input type=\"hidden\" id=\"ak_js_1\" name=\"_wpcf7_ak_js\" value=\"231\"\/><script>document.getElementById( \"ak_js_1\" ).setAttribute( \"value\", ( new Date() ).getTime() );<\/script><\/p><div class=\"wpcf7-response-output\" aria-hidden=\"true\"><\/div>\n<input type=\"hidden\" name=\"trp-form-language\" value=\"fr\"\/><\/form>\n<\/div>\n\n<p>&nbsp;<\/p>\n<div style='text-align:left' class='yasr-auto-insert-visitor'><\/div>","protected":false},"excerpt":{"rendered":"<ol>\n<li>Taille : 4000*1300*1100MM<\/li>\n<li>Puissance : 2.2KW<\/li>\n<li>Production : 2 tonnes par heure<\/li>\n<li>Mat\u00e9riau : Acier inoxydable 304<\/li>\n<\/ol>","protected":false},"featured_media":1334,"comment_status":"open","ping_status":"closed","template":"","meta":{"site-sidebar-layout":"default","site-content-layout":"default","ast-global-header-display":"","ast-main-header-display":"","ast-hfb-above-header-display":"","ast-hfb-below-header-display":"","ast-hfb-mobile-header-display":"","site-post-title":"","ast-breadcrumbs-content":"","ast-featured-img":"","footer-sml-layout":"","theme-transparent-header-meta":"default","adv-header-id-meta":"","stick-header-meta":"","header-above-stick-meta":"","header-main-stick-meta":"","header-below-stick-meta":"","yasr_overall_rating":0,"yasr_post_is_review":"","yasr_auto_insert_disabled":"","yasr_review_type":""},"product_brand":[],"product_cat":[33],"product_tag":[],"class_list":{"0":"post-1332","1":"product","2":"type-product","3":"status-publish","4":"has-post-thumbnail","6":"product_cat-products","8":"first","9":"instock","10":"shipping-taxable","11":"product-type-simple"},"yoast_head":"<!-- This site is optimized with the Yoast SEO plugin v25.7 - https:\/\/yoast.com\/wordpress\/plugins\/seo\/ -->\n<title>Multifunction Peeled Garlic Sorting Machine<\/title>\n<meta name=\"description\" content=\"Garlic sorting is also convenient for the later classification and packaging of garlic. Garlic sorting machine replaces manual work to complete this time-consuming and laborious work.\" \/>\n<meta name=\"robots\" content=\"index, follow, max-snippet:-1, max-image-preview:large, max-video-preview:-1\" \/>\n<link rel=\"canonical\" href=\"https:\/\/www.garlicline.com\/fr\/produit\/multifunction-peeled-garlic-sorting-machine\/\" \/>\n<meta property=\"og:locale\" content=\"fr_FR\" \/>\n<meta property=\"og:type\" content=\"article\" \/>\n<meta property=\"og:title\" content=\"Multifunction Peeled Garlic Sorting Machine\" \/>\n<meta property=\"og:description\" content=\"Garlic sorting is also convenient for the later classification and packaging of garlic. Garlic sorting machine replaces manual work to complete this time-consuming and laborious work.\" \/>\n<meta property=\"og:url\" content=\"https:\/\/www.garlicline.com\/fr\/produit\/multifunction-peeled-garlic-sorting-machine\/\" \/>\n<meta property=\"og:site_name\" content=\"garlicline\" \/>\n<meta property=\"article:modified_time\" content=\"2026-03-31T07:26:26+00:00\" \/>\n<meta property=\"og:image\" content=\"https:\/\/www.garlicline.com\/wp-content\/uploads\/2022\/06\/zhu67tu-1.jpg\" \/>\n\t<meta property=\"og:image:width\" content=\"600\" \/>\n\t<meta property=\"og:image:height\" content=\"600\" \/>\n\t<meta property=\"og:image:type\" content=\"image\/jpeg\" \/>\n<meta name=\"twitter:card\" content=\"summary_large_image\" \/>\n<meta name=\"twitter:label1\" content=\"Dur\u00e9e de lecture estim\u00e9e\" \/>\n\t<meta name=\"twitter:data1\" content=\"2 minutes\" \/>\n<script type=\"application\/ld+json\" class=\"yoast-schema-graph\">{\"@context\":\"https:\/\/schema.org\",\"@graph\":[{\"@type\":\"WebPage\",\"@id\":\"https:\/\/www.garlicline.com\/product\/multifunction-peeled-garlic-sorting-machine\/\",\"url\":\"https:\/\/www.garlicline.com\/product\/multifunction-peeled-garlic-sorting-machine\/\",\"name\":\"Multifunction Peeled Garlic Sorting Machine\",\"isPartOf\":{\"@id\":\"https:\/\/www.garlicline.com\/#website\"},\"primaryImageOfPage\":{\"@id\":\"https:\/\/www.garlicline.com\/product\/multifunction-peeled-garlic-sorting-machine\/#primaryimage\"},\"image\":{\"@id\":\"https:\/\/www.garlicline.com\/product\/multifunction-peeled-garlic-sorting-machine\/#primaryimage\"},\"thumbnailUrl\":\"https:\/\/www.garlicline.com\/wp-content\/uploads\/2022\/06\/zhu67tu-1.jpg\",\"datePublished\":\"2022-06-28T11:10:33+00:00\",\"dateModified\":\"2026-03-31T07:26:26+00:00\",\"description\":\"Garlic sorting is also convenient for the later classification and packaging of garlic. Garlic sorting machine replaces manual work to complete this time-consuming and laborious work.\",\"breadcrumb\":{\"@id\":\"https:\/\/www.garlicline.com\/product\/multifunction-peeled-garlic-sorting-machine\/#breadcrumb\"},\"inLanguage\":\"fr-FR\",\"potentialAction\":[{\"@type\":\"ReadAction\",\"target\":[\"https:\/\/www.garlicline.com\/product\/multifunction-peeled-garlic-sorting-machine\/\"]}]},{\"@type\":\"ImageObject\",\"inLanguage\":\"fr-FR\",\"@id\":\"https:\/\/www.garlicline.com\/product\/multifunction-peeled-garlic-sorting-machine\/#primaryimage\",\"url\":\"https:\/\/www.garlicline.com\/wp-content\/uploads\/2022\/06\/zhu67tu-1.jpg\",\"contentUrl\":\"https:\/\/www.garlicline.com\/wp-content\/uploads\/2022\/06\/zhu67tu-1.jpg\",\"width\":600,\"height\":600,\"caption\":\"peeled garlic sorting machine\"},{\"@type\":\"BreadcrumbList\",\"@id\":\"https:\/\/www.garlicline.com\/product\/multifunction-peeled-garlic-sorting-machine\/#breadcrumb\",\"itemListElement\":[{\"@type\":\"ListItem\",\"position\":1,\"name\":\"Home\",\"item\":\"https:\/\/www.garlicline.com\/\"},{\"@type\":\"ListItem\",\"position\":2,\"name\":\"Products\",\"item\":\"https:\/\/www.garlicline.com\/products\/\"},{\"@type\":\"ListItem\",\"position\":3,\"name\":\"Multifunction Peeled Garlic Sorting Machine\"}]},{\"@type\":\"WebSite\",\"@id\":\"https:\/\/www.garlicline.com\/#website\",\"url\":\"https:\/\/www.garlicline.com\/\",\"name\":\"garlicline\",\"description\":\"garlic processing machine supplier\",\"publisher\":{\"@id\":\"https:\/\/www.garlicline.com\/#organization\"},\"potentialAction\":[{\"@type\":\"SearchAction\",\"target\":{\"@type\":\"EntryPoint\",\"urlTemplate\":\"https:\/\/www.garlicline.com\/?s={search_term_string}\"},\"query-input\":{\"@type\":\"PropertyValueSpecification\",\"valueRequired\":true,\"valueName\":\"search_term_string\"}}],\"inLanguage\":\"fr-FR\"},{\"@type\":\"Organization\",\"@id\":\"https:\/\/www.garlicline.com\/#organization\",\"name\":\"garlicline\",\"url\":\"https:\/\/www.garlicline.com\/\",\"logo\":{\"@type\":\"ImageObject\",\"inLanguage\":\"fr-FR\",\"@id\":\"https:\/\/www.garlicline.com\/#\/schema\/logo\/image\/\",\"url\":\"https:\/\/www.garlicline.com\/wp-content\/uploads\/2025\/05\/cropped-gelgoog-logo-1.png\",\"contentUrl\":\"https:\/\/www.garlicline.com\/wp-content\/uploads\/2025\/05\/cropped-gelgoog-logo-1.png\",\"width\":434,\"height\":267,\"caption\":\"garlicline\"},\"image\":{\"@id\":\"https:\/\/www.garlicline.com\/#\/schema\/logo\/image\/\"}},false]}<\/script>\n<!-- \/ Yoast SEO plugin. -->","yoast_head_json":{"title":"Machine multifonctionnelle \u00e0 trier l'ail \u00e9pluch\u00e9","description":"Le triage de l'ail est \u00e9galement pratique pour la classification et l'emballage ult\u00e9rieurs de l'ail. La machine de triage de l'ail remplace le travail manuel pour effectuer ce travail laborieux et fastidieux.","robots":{"index":"index","follow":"follow","max-snippet":"max-snippet:-1","max-image-preview":"max-image-preview:large","max-video-preview":"max-video-preview:-1"},"canonical":"https:\/\/www.garlicline.com\/fr\/produit\/multifunction-peeled-garlic-sorting-machine\/","og_locale":"fr_FR","og_type":"article","og_title":"Multifunction Peeled Garlic Sorting Machine","og_description":"Garlic sorting is also convenient for the later classification and packaging of garlic. Garlic sorting machine replaces manual work to complete this time-consuming and laborious work.","og_url":"https:\/\/www.garlicline.com\/fr\/produit\/multifunction-peeled-garlic-sorting-machine\/","og_site_name":"garlicline","article_modified_time":"2026-03-31T07:26:26+00:00","og_image":[{"width":600,"height":600,"url":"https:\/\/www.garlicline.com\/wp-content\/uploads\/2022\/06\/zhu67tu-1.jpg","type":"image\/jpeg"}],"twitter_card":"summary_large_image","twitter_misc":{"Dur\u00e9e de lecture estim\u00e9e":"2 minutes"},"schema":{"@context":"https:\/\/schema.org","@graph":[{"@type":"WebPage","@id":"https:\/\/www.garlicline.com\/product\/multifunction-peeled-garlic-sorting-machine\/","url":"https:\/\/www.garlicline.com\/product\/multifunction-peeled-garlic-sorting-machine\/","name":"Machine multifonctionnelle \u00e0 trier l'ail \u00e9pluch\u00e9","isPartOf":{"@id":"https:\/\/www.garlicline.com\/#website"},"primaryImageOfPage":{"@id":"https:\/\/www.garlicline.com\/product\/multifunction-peeled-garlic-sorting-machine\/#primaryimage"},"image":{"@id":"https:\/\/www.garlicline.com\/product\/multifunction-peeled-garlic-sorting-machine\/#primaryimage"},"thumbnailUrl":"https:\/\/www.garlicline.com\/wp-content\/uploads\/2022\/06\/zhu67tu-1.jpg","datePublished":"2022-06-28T11:10:33+00:00","dateModified":"2026-03-31T07:26:26+00:00","description":"Le triage de l'ail est \u00e9galement pratique pour la classification et l'emballage ult\u00e9rieurs de l'ail. La machine de triage de l'ail remplace le travail manuel pour effectuer ce travail laborieux et fastidieux.","breadcrumb":{"@id":"https:\/\/www.garlicline.com\/product\/multifunction-peeled-garlic-sorting-machine\/#breadcrumb"},"inLanguage":"fr-FR","potentialAction":[{"@type":"ReadAction","target":["https:\/\/www.garlicline.com\/product\/multifunction-peeled-garlic-sorting-machine\/"]}]},{"@type":"ImageObject","inLanguage":"fr-FR","@id":"https:\/\/www.garlicline.com\/product\/multifunction-peeled-garlic-sorting-machine\/#primaryimage","url":"https:\/\/www.garlicline.com\/wp-content\/uploads\/2022\/06\/zhu67tu-1.jpg","contentUrl":"https:\/\/www.garlicline.com\/wp-content\/uploads\/2022\/06\/zhu67tu-1.jpg","width":600,"height":600,"caption":"peeled garlic sorting machine"},{"@type":"BreadcrumbList","@id":"https:\/\/www.garlicline.com\/product\/multifunction-peeled-garlic-sorting-machine\/#breadcrumb","itemListElement":[{"@type":"ListItem","position":1,"name":"Home","item":"https:\/\/www.garlicline.com\/"},{"@type":"ListItem","position":2,"name":"Products","item":"https:\/\/www.garlicline.com\/products\/"},{"@type":"ListItem","position":3,"name":"Multifunction Peeled Garlic Sorting Machine"}]},{"@type":"WebSite","@id":"https:\/\/www.garlicline.com\/#website","url":"https:\/\/www.garlicline.com\/","name":"ligne d'ail","description":"fournisseur de machines de traitement de l'ail","publisher":{"@id":"https:\/\/www.garlicline.com\/#organization"},"potentialAction":[{"@type":"SearchAction","target":{"@type":"EntryPoint","urlTemplate":"https:\/\/www.garlicline.com\/?s={search_term_string}"},"query-input":{"@type":"PropertyValueSpecification","valueRequired":true,"valueName":"search_term_string"}}],"inLanguage":"fr-FR"},{"@type":"Organization","@id":"https:\/\/www.garlicline.com\/#organization","name":"ligne d'ail","url":"https:\/\/www.garlicline.com\/","logo":{"@type":"ImageObject","inLanguage":"fr-FR","@id":"https:\/\/www.garlicline.com\/#\/schema\/logo\/image\/","url":"https:\/\/www.garlicline.com\/wp-content\/uploads\/2025\/05\/cropped-gelgoog-logo-1.png","contentUrl":"https:\/\/www.garlicline.com\/wp-content\/uploads\/2025\/05\/cropped-gelgoog-logo-1.png","width":434,"height":267,"caption":"garlicline"},"image":{"@id":"https:\/\/www.garlicline.com\/#\/schema\/logo\/image\/"}},false]}},"yasr_visitor_votes":{"stars_attributes":{"read_only":false,"span_bottom":false},"number_of_votes":1,"sum_votes":5},"_links":{"self":[{"href":"https:\/\/www.garlicline.com\/fr\/wp-json\/wp\/v2\/product\/1332","targetHints":{"allow":["GET"]}}],"collection":[{"href":"https:\/\/www.garlicline.com\/fr\/wp-json\/wp\/v2\/product"}],"about":[{"href":"https:\/\/www.garlicline.com\/fr\/wp-json\/wp\/v2\/types\/product"}],"replies":[{"embeddable":true,"href":"https:\/\/www.garlicline.com\/fr\/wp-json\/wp\/v2\/comments?post=1332"}],"version-history":[{"count":0,"href":"https:\/\/www.garlicline.com\/fr\/wp-json\/wp\/v2\/product\/1332\/revisions"}],"wp:featuredmedia":[{"embeddable":true,"href":"https:\/\/www.garlicline.com\/fr\/wp-json\/wp\/v2\/media\/1334"}],"wp:attachment":[{"href":"https:\/\/www.garlicline.com\/fr\/wp-json\/wp\/v2\/media?parent=1332"}],"wp:term":[{"taxonomy":"product_brand","embeddable":true,"href":"https:\/\/www.garlicline.com\/fr\/wp-json\/wp\/v2\/product_brand?post=1332"},{"taxonomy":"product_cat","embeddable":true,"href":"https:\/\/www.garlicline.com\/fr\/wp-json\/wp\/v2\/product_cat?post=1332"},{"taxonomy":"product_tag","embeddable":true,"href":"https:\/\/www.garlicline.com\/fr\/wp-json\/wp\/v2\/product_tag?post=1332"}],"curies":[{"name":"wp","href":"https:\/\/api.w.org\/{rel}","templated":true}]}}