{"id":2380,"date":"2024-06-04T07:21:56","date_gmt":"2024-06-04T07:21:56","guid":{"rendered":"https:\/\/www.garlicline.com\/?post_type=product&#038;p=2380"},"modified":"2024-06-04T07:32:09","modified_gmt":"2024-06-04T07:32:09","slug":"garlic-peeling-line","status":"publish","type":"product","link":"https:\/\/www.garlicline.com\/fr\/produit\/garlic-peeling-line\/","title":{"rendered":"Ligne De Production D'\u00c9pluchage D'ail 1-5t\/H"},"content":{"rendered":"<h2>Description de ligne de production d'\u00e9pluchage d'ail<\/h2>\n<p style=\"text-align: left;\">La ligne de production d'\u00e9pluchage d'ail d\u00e9marre \u00e0 l'\u00e9l\u00e9vateur et effectue une s\u00e9rie d'op\u00e9rations telles que la s\u00e9paration des gousses, l'\u00e9pluchage, le tri par couleur, la cueillette, le nettoyage, la d\u00e9sinfection, le s\u00e9chage \u00e0 l'air, le calibrage et le conditionnement pour produire des gousses d'ail sans peau et \u00e0 faible teneur en bact\u00e9ries. L'ensemble de la cha\u00eene de traitement de l'ail adopte des solutions personnalis\u00e9es\u00a0: diff\u00e9rents syst\u00e8mes de collecte de peau, m\u00e9thodes de tri par couleur, proc\u00e9d\u00e9s de nettoyage, modes de s\u00e9chage \u00e0 l'air et modes de calibrage sont personnalisables. De plus, pour l'emballage, diff\u00e9rentes formes d'emballage, telles que les bo\u00eetes et les sachets remplis d'azote et l'emballage sous vide, sont disponibles pour r\u00e9pondre aux diff\u00e9rents besoins des clients. La capacit\u00e9 de traitement est de 1 \u00e0 5 tonnes par heure, et peut \u00eatre personnalis\u00e9e selon les besoins.<\/p>\n<p><img fetchpriority=\"high\" decoding=\"async\" class=\"size-full wp-image-2381 aligncenter\" src=\"https:\/\/www.garlicline.com\/wp-content\/uploads\/2024\/06\/garlic-peeling-line.jpg\" alt=\"ligne d&#039;\u00e9pluchage de l&#039;ail\" width=\"630\" height=\"400\" srcset=\"https:\/\/www.garlicline.com\/wp-content\/uploads\/2024\/06\/garlic-peeling-line.jpg 630w, https:\/\/www.garlicline.com\/wp-content\/uploads\/2024\/06\/garlic-peeling-line-300x190.jpg 300w, https:\/\/www.garlicline.com\/wp-content\/uploads\/2024\/06\/garlic-peeling-line-600x381.jpg 600w, https:\/\/www.garlicline.com\/wp-content\/uploads\/2024\/06\/garlic-peeling-line-64x41.jpg 64w\" sizes=\"(max-width: 630px) 100vw, 630px\" \/><\/p>\n<h2>\u00c9tapes De Traitement Ligne De Production D'\u00c9pluchage D'ail<\/h2>\n<ul>\n<li>S\u00e9paration des gousses d'ail : Tout d'abord, l'ail sec et exempt de terre est transport\u00e9 vers la zone de r\u00e9ception des mati\u00e8res premi\u00e8res de la ligne d'\u00e9pluchage de l'ail, puis l'ail est s\u00e9par\u00e9 par le s\u00e9parateur de gousses d'ail.<\/li>\n<li>\u00c9pluchage de l'ail : L'ail, une fois la gousse cass\u00e9e, entre dans la zone d'\u00e9pluchage. La machine \u00e0 \u00e9plucher l'ail enl\u00e8ve la peau ext\u00e9rieure de l'ail par pelage au gaz. Elle n'endommage pas la surface de l'ail, ce qui garantit l'aspect et la couleur de l'ail.<\/li>\n<li>Tri des couleurs de l'ail : L'ail \u00e9pluch\u00e9 entre dans le syst\u00e8me de triage des couleurs de la ligne de traitement de l'\u00e9pluchage de l'ail, qui permet de v\u00e9rifier l'apparence et l'int\u00e9rieur de l'ail, d'\u00e9liminer le mauvais ail et de garantir la qualit\u00e9 de l'ail.<\/li>\n<\/ul>\n<p><img decoding=\"async\" class=\"size-full wp-image-2388 aligncenter\" src=\"https:\/\/www.garlicline.com\/wp-content\/uploads\/2024\/06\/garlic-peeling-processing-plant.jpg\" alt=\"ail-peeling-processing-plant\" width=\"630\" height=\"400\" srcset=\"https:\/\/www.garlicline.com\/wp-content\/uploads\/2024\/06\/garlic-peeling-processing-plant.jpg 630w, https:\/\/www.garlicline.com\/wp-content\/uploads\/2024\/06\/garlic-peeling-processing-plant-300x190.jpg 300w, https:\/\/www.garlicline.com\/wp-content\/uploads\/2024\/06\/garlic-peeling-processing-plant-600x381.jpg 600w, https:\/\/www.garlicline.com\/wp-content\/uploads\/2024\/06\/garlic-peeling-processing-plant-64x41.jpg 64w\" sizes=\"(max-width: 630px) 100vw, 630px\" \/><\/p>\n<ul>\n<li>Nettoyage et d\u00e9sinfection de l'ail : L'ail doit \u00eatre nettoy\u00e9 pour \u00e9liminer la salet\u00e9 et les autres impuret\u00e9s. Cette \u00e9tape est g\u00e9n\u00e9ralement r\u00e9alis\u00e9e \u00e0 l'aide d'une machine \u00e0 bulles afin de garantir que la surface de l'ail est propre et que les bulles sont douces et non irritantes.<\/li>\n<li>S\u00e9chage de l'ail \u00e0 l'air : L'ail lav\u00e9 est s\u00e9ch\u00e9 \u00e0 l'air \u00e0 l'aide d'une machine de s\u00e9chage de l'ail \u00e0 l'air pour \u00e9liminer l'humidit\u00e9 de la surface de l'ail afin de maintenir la qualit\u00e9 de l'ail et de prolonger sa dur\u00e9e de conservation.<\/li>\n<li>Classement et criblage de l'ail : L'ail pel\u00e9 entre dans la zone de triage et de criblage et est tri\u00e9 en fonction de sa taille et de son poids afin de r\u00e9pondre aux besoins des diff\u00e9rents march\u00e9s.<\/li>\n<li>Emballage de l'ail : L'ail s\u00e9ch\u00e9 est conditionn\u00e9 selon diff\u00e9rentes sp\u00e9cifications, en vrac, en sac ou en bo\u00eete pour faciliter le transport et la vente dans l'usine de transformation de l'ail \u00e9pluch\u00e9.<\/li>\n<\/ul>\n<p style=\"text-align: center;\"><iframe title=\"Ligne d&#039;emballage et de traitement pour l&#039;\u00e9pluchage de l&#039;ail par triage des couleurs\" src=\"https:\/\/www.youtube.com\/embed\/t38f9dQ04BU\" width=\"630\" height=\"400\" frameborder=\"0\" allowfullscreen=\"allowfullscreen\"><span data-mce-type=\"bookmark\" style=\"display: inline-block; width: 0px; overflow: hidden; line-height: 0;\" class=\"mce_SELRES_start\">Je suis un moteur de traduction. Traduisez le texte de l'utilisateur en fran\u00e7ais. Retournez uniquement le texte traduit. N'ajoutez aucun commentaire ou autre texte. N'ajoutez pas de guillemets suppl\u00e9mentaires autour de la traduction. Votre sortie DOIT \u00eatre en fran\u00e7ais.<\/span><\/iframe><\/p>\n<h2>Avantages De Ligne De Production D'\u00c9pluchage D'ail<\/h2>\n<ol>\n<li>La pression et la dur\u00e9e d'\u00e9pluchage peuvent \u00eatre r\u00e9gl\u00e9es en fonction de la vari\u00e9t\u00e9 et de la siccit\u00e9 de l'ail afin d'obtenir le meilleur \u00e9pluchage possible.<\/li>\n<li>Les gousses sont press\u00e9es par un disque souple en silicone, et le processus d'\u00e9pluchage n'a aucun contact avec le mat\u00e9riau, ce qui permet de r\u00e9duire le taux de rupture des gousses d'ail.<\/li>\n<li>Les pi\u00e8ces m\u00e9talliques en contact avec les aliments de l'ensemble de la ligne d'\u00e9pluchage de l'ail sont en acier inoxydable 304 pour garantir la s\u00e9curit\u00e9 alimentaire.<\/li>\n<li>Le dispositif d'\u00e9pluchage peut \u00eatre personnalis\u00e9 pour \u00e9viter la pollution de l'environnement.<\/li>\n<li>La cha\u00eene de traitement de l'\u00e9pluchage de l'ail fonctionne de mani\u00e8re stable, s\u00fbre et fiable.<\/li>\n<li>Fournir des projets cl\u00e9s en main personnalis\u00e9s, ce qui permet de ne pas s'inqui\u00e9ter et d'\u00e9conomiser de la main-d'\u0153uvre.<\/li>\n<\/ol>\n<p>La demande et le potentiel du march\u00e9 de l'industrie de transformation de l'ail pel\u00e9 sont \u00e9normes. La demande sera importante dans les secteurs de la restauration, des supermarch\u00e9s, de l'industrie alimentaire, de l'industrie pharmaceutique, etc. La transformation de l'ail pel\u00e9 peut non seulement r\u00e9pondre aux besoins des clients, mais aussi rapporter gros aux entrepreneurs. Si vous \u00eates int\u00e9ress\u00e9 par la transformation de l'ail, vous pouvez nous laisser un message \u00e0 tout moment. Nous fournissons des solutions compl\u00e8tes et des services d'installation de porte \u00e0 porte.<\/p>\n<hr \/>\n<h2 style=\"text-align: center;\">-Laissez un message pour une citation<\/h2>\n\n<div class=\"wpcf7 no-js\" id=\"wpcf7-f1191-o1\" lang=\"en-US\" dir=\"ltr\" data-wpcf7-id=\"1191\">\n<div class=\"screen-reader-response\"><p role=\"status\" aria-live=\"polite\" aria-atomic=\"true\"><\/p> <ul><\/ul><\/div>\n<form action=\"\/fr\/wp-json\/wp\/v2\/product\/2380#wpcf7-f1191-o1\" method=\"post\" class=\"wpcf7-form init\" aria-label=\"Formulaire de contact\" novalidate=\"novalidate\" data-status=\"init\" data-trp-original-action=\"\/fr\/wp-json\/wp\/v2\/product\/2380#wpcf7-f1191-o1\">\n<fieldset class=\"hidden-fields-container\"><input type=\"hidden\" name=\"_wpcf7\" value=\"1191\" \/><input type=\"hidden\" name=\"_wpcf7_version\" value=\"6.1.1\" \/><input type=\"hidden\" name=\"_wpcf7_locale\" value=\"en_US\" \/><input type=\"hidden\" name=\"_wpcf7_unit_tag\" value=\"wpcf7-f1191-o1\" \/><input type=\"hidden\" name=\"_wpcf7_container_post\" value=\"0\" \/><input type=\"hidden\" name=\"_wpcf7_posted_data_hash\" value=\"\" \/>\n<\/fieldset>\n<div class='proformleft'>\n\t<p><label> Votre nom<br \/>\n<span class=\"wpcf7-form-control-wrap\" data-name=\"your-name\"><input size=\"40\" maxlength=\"400\" class=\"wpcf7-form-control wpcf7-text\" aria-invalid=\"false\" value=\"\" type=\"text\" name=\"your-name\" \/><\/span> <\/label>\n\t<\/p>\n\t<p><label> *Votre Email<br \/>\n<span class=\"wpcf7-form-control-wrap\" data-name=\"your-email\"><input size=\"40\" maxlength=\"400\" class=\"wpcf7-form-control wpcf7-email wpcf7-validates-as-required wpcf7-text wpcf7-validates-as-email\" aria-required=\"true\" aria-invalid=\"false\" value=\"\" type=\"email\" name=\"your-email\" \/><\/span> <\/label>\n\t<\/p>\n\t<p><label> *Votre t\u00e9l\u00e9phone<br \/>\n<span class=\"wpcf7-form-control-wrap\" data-name=\"tel-224\"><input size=\"40\" maxlength=\"400\" class=\"wpcf7-form-control wpcf7-tel wpcf7-validates-as-required wpcf7-text wpcf7-validates-as-tel\" aria-required=\"true\" aria-invalid=\"false\" value=\"\" type=\"tel\" name=\"tel-224\" \/><\/span> <\/label>\n\t<\/p>\n\t<p><label> Votre pays<br \/>\n<span class=\"wpcf7-form-control-wrap\" data-name=\"your-country\"><input size=\"40\" maxlength=\"400\" class=\"wpcf7-form-control wpcf7-text\" aria-invalid=\"false\" value=\"\" type=\"text\" name=\"your-country\" \/><\/span> <\/label>\n\t<\/p>\n<\/div>\n<div class='proformright'>\n\t<p><label> *Votre message<br \/>\n<span class=\"wpcf7-form-control-wrap\" data-name=\"your-message\"><textarea cols=\"40\" rows=\"10\" maxlength=\"2000\" class=\"wpcf7-form-control wpcf7-textarea wpcf7-validates-as-required\" aria-required=\"true\" aria-invalid=\"false\" name=\"your-message\"><\/textarea><\/span> <\/label>\n\t<\/p>\n\t<p><input class=\"wpcf7-form-control wpcf7-submit has-spinner\" type=\"submit\" value=\"Envoyer\" \/>\n\t<\/p>\n<\/div>\n<div style='clear:both'>\n<\/div><p style=\"display: none !important;\" class=\"akismet-fields-container\" data-prefix=\"_wpcf7_ak_\"><label>&#916;<textarea name=\"_wpcf7_ak_hp_textarea\" cols=\"45\" rows=\"8\" maxlength=\"100\"><\/textarea><\/label><input type=\"hidden\" id=\"ak_js_1\" name=\"_wpcf7_ak_js\" value=\"237\"\/><script>document.getElementById( \"ak_js_1\" ).setAttribute( \"value\", ( new Date() ).getTime() );<\/script><\/p><div class=\"wpcf7-response-output\" aria-hidden=\"true\"><\/div>\n<input type=\"hidden\" name=\"trp-form-language\" value=\"fr\"\/><\/form>\n<\/div>\n\n<div style='text-align:left' class='yasr-auto-insert-visitor'><\/div>","protected":false},"excerpt":{"rendered":"<p>Description de la cha\u00eene d'\u00e9pluchage de l'ail La cha\u00eene d'\u00e9pluchage de l'ail commence par l'\u00e9l\u00e9vateur et passe par une s\u00e9rie d'op\u00e9rations telles que la s\u00e9paration des gousses, l'\u00e9pluchage, le tri par couleur, le picking, le nettoyage, la d\u00e9sinfection, le s\u00e9chage \u00e0 l'air, le calibrage et le conditionnement pour produire des gousses d'ail sans peau et \u00e0 faible teneur en bact\u00e9ries. L'ensemble de la cha\u00eene de transformation d'\u00e9pluchage de l'ail adopte des solutions personnalis\u00e9es, et diff\u00e9rents syst\u00e8mes de collecte de peaux, de couleur\u2026<\/p>\n<p class=\"read-more\"> <a class=\"\" href=\"https:\/\/www.garlicline.com\/fr\/produit\/garlic-peeling-line\/\"> <span class=\"screen-reader-text\">Ligne De Production D'\u00c9pluchage D'ail 1-5t\/H<\/span> Lire la suite \"<\/a><\/p>","protected":false},"featured_media":2382,"comment_status":"open","ping_status":"closed","template":"","meta":{"site-sidebar-layout":"default","site-content-layout":"default","ast-global-header-display":"","ast-main-header-display":"","ast-hfb-above-header-display":"","ast-hfb-below-header-display":"","ast-hfb-mobile-header-display":"","site-post-title":"","ast-breadcrumbs-content":"","ast-featured-img":"","footer-sml-layout":"","theme-transparent-header-meta":"default","adv-header-id-meta":"","stick-header-meta":"","header-above-stick-meta":"","header-main-stick-meta":"","header-below-stick-meta":"","yasr_overall_rating":0,"yasr_post_is_review":"","yasr_auto_insert_disabled":"","yasr_review_type":""},"product_brand":[],"product_cat":[33],"product_tag":[],"class_list":{"0":"post-2380","1":"product","2":"type-product","3":"status-publish","4":"has-post-thumbnail","6":"product_cat-products","8":"first","9":"instock","10":"shipping-taxable","11":"product-type-simple"},"yoast_head":"<!-- This site is optimized with the Yoast SEO plugin v25.7 - https:\/\/yoast.com\/wordpress\/plugins\/seo\/ -->\n<title>Whole Garlic Peeling Line From Peeling To Packing<\/title>\n<meta name=\"description\" content=\"The garlic peeling line adopts advanced technology, including garlic peeling, color sorting, grading, packaging, etc. The whole process realizes automatic and continuous production, which greatly improves the processing efficiency of garlic.\" \/>\n<meta name=\"robots\" content=\"index, follow, max-snippet:-1, max-image-preview:large, max-video-preview:-1\" \/>\n<link rel=\"canonical\" href=\"https:\/\/www.garlicline.com\/fr\/produit\/garlic-peeling-line\/\" \/>\n<meta property=\"og:locale\" content=\"fr_FR\" \/>\n<meta property=\"og:type\" content=\"article\" \/>\n<meta property=\"og:title\" content=\"Whole Garlic Peeling Line From Peeling To Packing\" \/>\n<meta property=\"og:description\" content=\"The garlic peeling line adopts advanced technology, including garlic peeling, color sorting, grading, packaging, etc. The whole process realizes automatic and continuous production, which greatly improves the processing efficiency of garlic.\" \/>\n<meta property=\"og:url\" content=\"https:\/\/www.garlicline.com\/fr\/produit\/garlic-peeling-line\/\" \/>\n<meta property=\"og:site_name\" content=\"garlicline\" \/>\n<meta property=\"article:modified_time\" content=\"2024-06-04T07:32:09+00:00\" \/>\n<meta property=\"og:image\" content=\"https:\/\/www.garlicline.com\/wp-content\/uploads\/2024\/06\/garlic-peeling-line-price.jpg\" \/>\n\t<meta property=\"og:image:width\" content=\"600\" \/>\n\t<meta property=\"og:image:height\" content=\"600\" \/>\n\t<meta property=\"og:image:type\" content=\"image\/jpeg\" \/>\n<meta name=\"twitter:card\" content=\"summary_large_image\" \/>\n<meta name=\"twitter:label1\" content=\"Dur\u00e9e de lecture estim\u00e9e\" \/>\n\t<meta name=\"twitter:data1\" content=\"3 minutes\" \/>\n<script type=\"application\/ld+json\" class=\"yoast-schema-graph\">{\"@context\":\"https:\/\/schema.org\",\"@graph\":[{\"@type\":\"WebPage\",\"@id\":\"https:\/\/www.garlicline.com\/product\/garlic-peeling-line\/\",\"url\":\"https:\/\/www.garlicline.com\/product\/garlic-peeling-line\/\",\"name\":\"Whole Garlic Peeling Line From Peeling To Packing\",\"isPartOf\":{\"@id\":\"https:\/\/www.garlicline.com\/#website\"},\"primaryImageOfPage\":{\"@id\":\"https:\/\/www.garlicline.com\/product\/garlic-peeling-line\/#primaryimage\"},\"image\":{\"@id\":\"https:\/\/www.garlicline.com\/product\/garlic-peeling-line\/#primaryimage\"},\"thumbnailUrl\":\"https:\/\/www.garlicline.com\/wp-content\/uploads\/2024\/06\/garlic-peeling-line-price.jpg\",\"datePublished\":\"2024-06-04T07:21:56+00:00\",\"dateModified\":\"2024-06-04T07:32:09+00:00\",\"description\":\"The garlic peeling line adopts advanced technology, including garlic peeling, color sorting, grading, packaging, etc. The whole process realizes automatic and continuous production, which greatly improves the processing efficiency of garlic.\",\"breadcrumb\":{\"@id\":\"https:\/\/www.garlicline.com\/product\/garlic-peeling-line\/#breadcrumb\"},\"inLanguage\":\"fr-FR\",\"potentialAction\":[{\"@type\":\"ReadAction\",\"target\":[\"https:\/\/www.garlicline.com\/product\/garlic-peeling-line\/\"]}]},{\"@type\":\"ImageObject\",\"inLanguage\":\"fr-FR\",\"@id\":\"https:\/\/www.garlicline.com\/product\/garlic-peeling-line\/#primaryimage\",\"url\":\"https:\/\/www.garlicline.com\/wp-content\/uploads\/2024\/06\/garlic-peeling-line-price.jpg\",\"contentUrl\":\"https:\/\/www.garlicline.com\/wp-content\/uploads\/2024\/06\/garlic-peeling-line-price.jpg\",\"width\":600,\"height\":600,\"caption\":\"garlic-peeling-line-price\"},{\"@type\":\"BreadcrumbList\",\"@id\":\"https:\/\/www.garlicline.com\/product\/garlic-peeling-line\/#breadcrumb\",\"itemListElement\":[{\"@type\":\"ListItem\",\"position\":1,\"name\":\"Home\",\"item\":\"https:\/\/www.garlicline.com\/\"},{\"@type\":\"ListItem\",\"position\":2,\"name\":\"Products\",\"item\":\"https:\/\/www.garlicline.com\/products\/\"},{\"@type\":\"ListItem\",\"position\":3,\"name\":\"Whole Garlic Peeling Line From Peeling To Packing\"}]},{\"@type\":\"WebSite\",\"@id\":\"https:\/\/www.garlicline.com\/#website\",\"url\":\"https:\/\/www.garlicline.com\/\",\"name\":\"garlicline\",\"description\":\"garlic processing machine supplier\",\"publisher\":{\"@id\":\"https:\/\/www.garlicline.com\/#organization\"},\"potentialAction\":[{\"@type\":\"SearchAction\",\"target\":{\"@type\":\"EntryPoint\",\"urlTemplate\":\"https:\/\/www.garlicline.com\/?s={search_term_string}\"},\"query-input\":{\"@type\":\"PropertyValueSpecification\",\"valueRequired\":true,\"valueName\":\"search_term_string\"}}],\"inLanguage\":\"fr-FR\"},{\"@type\":\"Organization\",\"@id\":\"https:\/\/www.garlicline.com\/#organization\",\"name\":\"garlicline\",\"url\":\"https:\/\/www.garlicline.com\/\",\"logo\":{\"@type\":\"ImageObject\",\"inLanguage\":\"fr-FR\",\"@id\":\"https:\/\/www.garlicline.com\/#\/schema\/logo\/image\/\",\"url\":\"https:\/\/www.garlicline.com\/wp-content\/uploads\/2025\/05\/cropped-gelgoog-logo-1.png\",\"contentUrl\":\"https:\/\/www.garlicline.com\/wp-content\/uploads\/2025\/05\/cropped-gelgoog-logo-1.png\",\"width\":434,\"height\":267,\"caption\":\"garlicline\"},\"image\":{\"@id\":\"https:\/\/www.garlicline.com\/#\/schema\/logo\/image\/\"}},false]}<\/script>\n<!-- \/ Yoast SEO plugin. -->","yoast_head_json":{"title":"Ligne De Production D'\u00c9pluchage D'ail 1-5t\/H","description":"La ligne d'\u00e9pluchage de l'ail adopte une technologie avanc\u00e9e, comprenant l'\u00e9pluchage de l'ail, le tri des couleurs, le classement, l'emballage, etc. L'ensemble du processus permet une production automatique et continue, ce qui am\u00e9liore consid\u00e9rablement l'efficacit\u00e9 du traitement de l'ail.","robots":{"index":"index","follow":"follow","max-snippet":"max-snippet:-1","max-image-preview":"max-image-preview:large","max-video-preview":"max-video-preview:-1"},"canonical":"https:\/\/www.garlicline.com\/fr\/produit\/garlic-peeling-line\/","og_locale":"fr_FR","og_type":"article","og_title":"Whole Garlic Peeling Line From Peeling To Packing","og_description":"The garlic peeling line adopts advanced technology, including garlic peeling, color sorting, grading, packaging, etc. The whole process realizes automatic and continuous production, which greatly improves the processing efficiency of garlic.","og_url":"https:\/\/www.garlicline.com\/fr\/produit\/garlic-peeling-line\/","og_site_name":"garlicline","article_modified_time":"2024-06-04T07:32:09+00:00","og_image":[{"width":600,"height":600,"url":"https:\/\/www.garlicline.com\/wp-content\/uploads\/2024\/06\/garlic-peeling-line-price.jpg","type":"image\/jpeg"}],"twitter_card":"summary_large_image","twitter_misc":{"Dur\u00e9e de lecture estim\u00e9e":"3 minutes"},"schema":{"@context":"https:\/\/schema.org","@graph":[{"@type":"WebPage","@id":"https:\/\/www.garlicline.com\/product\/garlic-peeling-line\/","url":"https:\/\/www.garlicline.com\/product\/garlic-peeling-line\/","name":"Ligne De Production D'\u00c9pluchage D'ail 1-5t\/H","isPartOf":{"@id":"https:\/\/www.garlicline.com\/#website"},"primaryImageOfPage":{"@id":"https:\/\/www.garlicline.com\/product\/garlic-peeling-line\/#primaryimage"},"image":{"@id":"https:\/\/www.garlicline.com\/product\/garlic-peeling-line\/#primaryimage"},"thumbnailUrl":"https:\/\/www.garlicline.com\/wp-content\/uploads\/2024\/06\/garlic-peeling-line-price.jpg","datePublished":"2024-06-04T07:21:56+00:00","dateModified":"2024-06-04T07:32:09+00:00","description":"La ligne d'\u00e9pluchage de l'ail adopte une technologie avanc\u00e9e, comprenant l'\u00e9pluchage de l'ail, le tri des couleurs, le classement, l'emballage, etc. L'ensemble du processus permet une production automatique et continue, ce qui am\u00e9liore consid\u00e9rablement l'efficacit\u00e9 du traitement de l'ail.","breadcrumb":{"@id":"https:\/\/www.garlicline.com\/product\/garlic-peeling-line\/#breadcrumb"},"inLanguage":"fr-FR","potentialAction":[{"@type":"ReadAction","target":["https:\/\/www.garlicline.com\/product\/garlic-peeling-line\/"]}]},{"@type":"ImageObject","inLanguage":"fr-FR","@id":"https:\/\/www.garlicline.com\/product\/garlic-peeling-line\/#primaryimage","url":"https:\/\/www.garlicline.com\/wp-content\/uploads\/2024\/06\/garlic-peeling-line-price.jpg","contentUrl":"https:\/\/www.garlicline.com\/wp-content\/uploads\/2024\/06\/garlic-peeling-line-price.jpg","width":600,"height":600,"caption":"garlic-peeling-line-price"},{"@type":"BreadcrumbList","@id":"https:\/\/www.garlicline.com\/product\/garlic-peeling-line\/#breadcrumb","itemListElement":[{"@type":"ListItem","position":1,"name":"Home","item":"https:\/\/www.garlicline.com\/"},{"@type":"ListItem","position":2,"name":"Products","item":"https:\/\/www.garlicline.com\/products\/"},{"@type":"ListItem","position":3,"name":"Whole Garlic Peeling Line From Peeling To Packing"}]},{"@type":"WebSite","@id":"https:\/\/www.garlicline.com\/#website","url":"https:\/\/www.garlicline.com\/","name":"ligne d'ail","description":"fournisseur de machines de traitement de l'ail","publisher":{"@id":"https:\/\/www.garlicline.com\/#organization"},"potentialAction":[{"@type":"SearchAction","target":{"@type":"EntryPoint","urlTemplate":"https:\/\/www.garlicline.com\/?s={search_term_string}"},"query-input":{"@type":"PropertyValueSpecification","valueRequired":true,"valueName":"search_term_string"}}],"inLanguage":"fr-FR"},{"@type":"Organization","@id":"https:\/\/www.garlicline.com\/#organization","name":"ligne d'ail","url":"https:\/\/www.garlicline.com\/","logo":{"@type":"ImageObject","inLanguage":"fr-FR","@id":"https:\/\/www.garlicline.com\/#\/schema\/logo\/image\/","url":"https:\/\/www.garlicline.com\/wp-content\/uploads\/2025\/05\/cropped-gelgoog-logo-1.png","contentUrl":"https:\/\/www.garlicline.com\/wp-content\/uploads\/2025\/05\/cropped-gelgoog-logo-1.png","width":434,"height":267,"caption":"garlicline"},"image":{"@id":"https:\/\/www.garlicline.com\/#\/schema\/logo\/image\/"}},false]}},"yasr_visitor_votes":{"stars_attributes":{"read_only":false,"span_bottom":false},"number_of_votes":1,"sum_votes":5},"_links":{"self":[{"href":"https:\/\/www.garlicline.com\/fr\/wp-json\/wp\/v2\/product\/2380","targetHints":{"allow":["GET"]}}],"collection":[{"href":"https:\/\/www.garlicline.com\/fr\/wp-json\/wp\/v2\/product"}],"about":[{"href":"https:\/\/www.garlicline.com\/fr\/wp-json\/wp\/v2\/types\/product"}],"replies":[{"embeddable":true,"href":"https:\/\/www.garlicline.com\/fr\/wp-json\/wp\/v2\/comments?post=2380"}],"version-history":[{"count":0,"href":"https:\/\/www.garlicline.com\/fr\/wp-json\/wp\/v2\/product\/2380\/revisions"}],"wp:featuredmedia":[{"embeddable":true,"href":"https:\/\/www.garlicline.com\/fr\/wp-json\/wp\/v2\/media\/2382"}],"wp:attachment":[{"href":"https:\/\/www.garlicline.com\/fr\/wp-json\/wp\/v2\/media?parent=2380"}],"wp:term":[{"taxonomy":"product_brand","embeddable":true,"href":"https:\/\/www.garlicline.com\/fr\/wp-json\/wp\/v2\/product_brand?post=2380"},{"taxonomy":"product_cat","embeddable":true,"href":"https:\/\/www.garlicline.com\/fr\/wp-json\/wp\/v2\/product_cat?post=2380"},{"taxonomy":"product_tag","embeddable":true,"href":"https:\/\/www.garlicline.com\/fr\/wp-json\/wp\/v2\/product_tag?post=2380"}],"curies":[{"name":"wp","href":"https:\/\/api.w.org\/{rel}","templated":true}]}}