{"id":2585,"date":"2025-02-14T07:16:25","date_gmt":"2025-02-14T07:16:25","guid":{"rendered":"https:\/\/www.garlicline.com\/?post_type=product&#038;p=2585"},"modified":"2026-02-03T17:57:41","modified_gmt":"2026-02-03T17:57:41","slug":"garlic-clove-splitting-machine-roller-style","status":"publish","type":"product","link":"https:\/\/www.garlicline.com\/fr\/produit\/garlic-clove-splitting-machine-roller-style\/","title":{"rendered":"Machine \u00e0 fendre les gousses d'ail \u00e0 rouleaux"},"content":{"rendered":"<p>La machine \u00e0 fendre les gousses d'ail r\u00e9sout le probl\u00e8me de l'\u00e9pluchage manuel de l'ail en grandes quantit\u00e9s. Elle permet non seulement de lib\u00e9rer les mains, mais aussi d'am\u00e9liorer consid\u00e9rablement l'efficacit\u00e9 de la production et de r\u00e9duire les co\u00fbts de main-d'\u0153uvre. La machine \u00e0 fendre l'ail est sans aucun doute une b\u00e9n\u00e9diction pour les industries qui doivent utiliser un grand nombre de gousses d'ail, telles que les usines de transformation alimentaire et les soci\u00e9t\u00e9s de restauration.<\/p>\n<p><img fetchpriority=\"high\" decoding=\"async\" class=\"alignnone size-full wp-image-2586\" src=\"https:\/\/www.garlicline.com\/wp-content\/uploads\/2025\/02\/garlic-clove-splitting-machine-for-sale.jpg\" alt=\"Machine \u00e0 couper les gousses d&#039;ail \u00e0 vendre\" width=\"630\" height=\"400\" srcset=\"https:\/\/www.garlicline.com\/wp-content\/uploads\/2025\/02\/garlic-clove-splitting-machine-for-sale.jpg 630w, https:\/\/www.garlicline.com\/wp-content\/uploads\/2025\/02\/garlic-clove-splitting-machine-for-sale-300x190.jpg 300w, https:\/\/www.garlicline.com\/wp-content\/uploads\/2025\/02\/garlic-clove-splitting-machine-for-sale-18x12.jpg 18w, https:\/\/www.garlicline.com\/wp-content\/uploads\/2025\/02\/garlic-clove-splitting-machine-for-sale-600x381.jpg 600w, https:\/\/www.garlicline.com\/wp-content\/uploads\/2025\/02\/garlic-clove-splitting-machine-for-sale-64x41.jpg 64w\" sizes=\"(max-width: 630px) 100vw, 630px\" \/><\/p>\n<h2>Comment fonctionne la machine \u00e0 fendre les gousses d'ail ?<\/h2>\n<p>Le principe de base de la machine \u00e0 fendre l'ail est de simuler l'action d'\u00e9pluchage manuel de l'ail par des moyens physiques. Lorsque l'\u00e9quipement fonctionne, la t\u00eate d'ail enti\u00e8re est envoy\u00e9e dans le bac de triage. Apr\u00e8s la vibration r\u00e9guli\u00e8re de la plaque vibrante flexible ou du tambour, les gousses d'ail sont naturellement s\u00e9par\u00e9es de la plaque racinaire, puis entrent dans la zone de s\u00e9paration des gousses par le biais de la bande transporteuse. Ici, la brosse en silicone tournant \u00e0 grande vitesse ou le dispositif \u00e0 pression d'air enl\u00e8vera d\u00e9licatement la peau de la gousse d'ail et \u00e9liminera avec pr\u00e9cision les gousses d'ail endommag\u00e9es ou pourries, pour finalement produire des grains d'ail complets et propres.<\/p>\n<p><iframe title=\"Machine \u00e0 fendre les gousses d&#039;ail \u00e0 rouleaux\" src=\"https:\/\/www.youtube.com\/embed\/BWUwVKBkqHk\" width=\"630\" height=\"400\" frameborder=\"0\" allowfullscreen=\"allowfullscreen\"><span data-mce-type=\"bookmark\" style=\"display: inline-block; width: 0px; overflow: hidden; line-height: 0;\" class=\"mce_SELRES_start\">Je suis un moteur de traduction. Traduisez le texte de l'utilisateur en fran\u00e7ais. Retournez uniquement le texte traduit. N'ajoutez aucun commentaire ou autre texte. N'ajoutez pas de guillemets suppl\u00e9mentaires autour de la traduction. Votre sortie DOIT \u00eatre en fran\u00e7ais.<\/span><\/iframe><\/p>\n<h2>Pourquoi les entreprises aiment-elles utiliser la machine \u00e0 fendre les gousses d'ail ?<\/h2>\n<p>1. Saut d'efficacit\u00e9 : un seul appareil peut traiter des tonnes d'ail par heure, ce qui \u00e9quivaut \u00e0 la charge de travail de 30 ouvriers ;<br \/>\n2. R\u00e9duction des co\u00fbts : r\u00e9duction des co\u00fbts de main-d'\u0153uvre de plus de 90%, et la machine \u00e0 fendre l'ail peut fonctionner en continu pendant 24 heures ;<br \/>\n3. Assurance de la qualit\u00e9 : l'effet de la s\u00e9paration des clous de girofle est tr\u00e8s bon et le taux d'exhaustivit\u00e9 des produits finis atteint 98% ;<br \/>\n4. Am\u00e9lioration de la protection de l'environnement : la conception ferm\u00e9e r\u00e9duit les \u00e9claboussures de peau d'ail, et l'\u00e9quipement de d\u00e9poussi\u00e9rage et le dispositif de collecte de la peau d'ail r\u00e9duisent la pollution de l'atelier.<\/p>\n<p><img decoding=\"async\" class=\"alignnone size-full wp-image-2594\" src=\"https:\/\/www.garlicline.com\/wp-content\/uploads\/2025\/02\/garlic-splitting-machine-for-sale.jpg\" alt=\"Machine \u00e0 couper l&#039;ail \u00e0 vendre\" width=\"630\" height=\"400\" srcset=\"https:\/\/www.garlicline.com\/wp-content\/uploads\/2025\/02\/garlic-splitting-machine-for-sale.jpg 630w, https:\/\/www.garlicline.com\/wp-content\/uploads\/2025\/02\/garlic-splitting-machine-for-sale-300x190.jpg 300w, https:\/\/www.garlicline.com\/wp-content\/uploads\/2025\/02\/garlic-splitting-machine-for-sale-18x12.jpg 18w, https:\/\/www.garlicline.com\/wp-content\/uploads\/2025\/02\/garlic-splitting-machine-for-sale-600x381.jpg 600w, https:\/\/www.garlicline.com\/wp-content\/uploads\/2025\/02\/garlic-splitting-machine-for-sale-64x41.jpg 64w\" sizes=\"(max-width: 630px) 100vw, 630px\" \/><\/p>\n<h2>Sc\u00e9narios d'application de la machine \u00e0 fendre l'ail<\/h2>\n<p>- Coop\u00e9ratives agricoles : elles aident les agriculteurs \u00e0 r\u00e9aliser efficacement la premi\u00e8re transformation de l'ail apr\u00e8s la r\u00e9colte.<br \/>\nUsines de transformation alimentaire : elles fournissent des mati\u00e8res premi\u00e8res de haute qualit\u00e9 pour la production de produits transform\u00e9s tels que la p\u00e2te d'ail et les tranches d'ail.<br \/>\n- N\u00e9gociants \u00e0 l'exportation : r\u00e9pondre \u00e0 la demande du march\u00e9 international pour des produits \u00e0 base d'ail de haute qualit\u00e9 et promouvoir le d\u00e9veloppement du commerce ext\u00e9rieur.<\/p>\n<p>La machine \u00e0 fendre l'ail industrielle est le produit de la combinaison de la technologie moderne et de l'agriculture traditionnelle, et est un \u00e9quipement essentiel pour le traitement de l'ail. Nous sommes un fabricant d'\u00e9quipements de traitement de l'ail, ainsi que d'\u00e9quipements de traitement de l'ail. <a href=\"https:\/\/www.garlicline.com\/fr\/produit\/continuous-garlic-peeling-machine\/\"><strong>machine \u00e0 \u00e9plucher l'ail<\/strong><\/a>. Si vous souhaitez obtenir plus d'informations, vous pouvez laisser un message \u00e0 tout moment.<\/p>\n<hr \/>\n<p style=\"text-align: center;\"><strong>-Laissez un message pour une citation<\/strong><\/p>\n\n<div class=\"wpcf7 no-js\" id=\"wpcf7-f1191-o1\" lang=\"en-US\" dir=\"ltr\" data-wpcf7-id=\"1191\">\n<div class=\"screen-reader-response\"><p role=\"status\" aria-live=\"polite\" aria-atomic=\"true\"><\/p> <ul><\/ul><\/div>\n<form action=\"\/fr\/wp-json\/wp\/v2\/product\/2585#wpcf7-f1191-o1\" method=\"post\" class=\"wpcf7-form init\" aria-label=\"Formulaire de contact\" novalidate=\"novalidate\" data-status=\"init\" data-trp-original-action=\"\/fr\/wp-json\/wp\/v2\/product\/2585#wpcf7-f1191-o1\">\n<fieldset class=\"hidden-fields-container\"><input type=\"hidden\" name=\"_wpcf7\" value=\"1191\" \/><input type=\"hidden\" name=\"_wpcf7_version\" value=\"6.1.1\" \/><input type=\"hidden\" name=\"_wpcf7_locale\" value=\"en_US\" \/><input type=\"hidden\" name=\"_wpcf7_unit_tag\" value=\"wpcf7-f1191-o1\" \/><input type=\"hidden\" name=\"_wpcf7_container_post\" value=\"0\" \/><input type=\"hidden\" name=\"_wpcf7_posted_data_hash\" value=\"\" \/>\n<\/fieldset>\n<div class='proformleft'>\n\t<p><label> Votre nom<br \/>\n<span class=\"wpcf7-form-control-wrap\" data-name=\"your-name\"><input size=\"40\" maxlength=\"400\" class=\"wpcf7-form-control wpcf7-text\" aria-invalid=\"false\" value=\"\" type=\"text\" name=\"your-name\" \/><\/span> <\/label>\n\t<\/p>\n\t<p><label> *Votre Email<br \/>\n<span class=\"wpcf7-form-control-wrap\" data-name=\"your-email\"><input size=\"40\" maxlength=\"400\" class=\"wpcf7-form-control wpcf7-email wpcf7-validates-as-required wpcf7-text wpcf7-validates-as-email\" aria-required=\"true\" aria-invalid=\"false\" value=\"\" type=\"email\" name=\"your-email\" \/><\/span> <\/label>\n\t<\/p>\n\t<p><label> *Votre t\u00e9l\u00e9phone<br \/>\n<span class=\"wpcf7-form-control-wrap\" data-name=\"tel-224\"><input size=\"40\" maxlength=\"400\" class=\"wpcf7-form-control wpcf7-tel wpcf7-validates-as-required wpcf7-text wpcf7-validates-as-tel\" aria-required=\"true\" aria-invalid=\"false\" value=\"\" type=\"tel\" name=\"tel-224\" \/><\/span> <\/label>\n\t<\/p>\n\t<p><label> Votre pays<br \/>\n<span class=\"wpcf7-form-control-wrap\" data-name=\"your-country\"><input size=\"40\" maxlength=\"400\" class=\"wpcf7-form-control wpcf7-text\" aria-invalid=\"false\" value=\"\" type=\"text\" name=\"your-country\" \/><\/span> <\/label>\n\t<\/p>\n<\/div>\n<div class='proformright'>\n\t<p><label> *Votre message<br \/>\n<span class=\"wpcf7-form-control-wrap\" data-name=\"your-message\"><textarea cols=\"40\" rows=\"10\" maxlength=\"2000\" class=\"wpcf7-form-control wpcf7-textarea wpcf7-validates-as-required\" aria-required=\"true\" aria-invalid=\"false\" name=\"your-message\"><\/textarea><\/span> <\/label>\n\t<\/p>\n\t<p><input class=\"wpcf7-form-control wpcf7-submit has-spinner\" type=\"submit\" value=\"Envoyer\" \/>\n\t<\/p>\n<\/div>\n<div style='clear:both'>\n<\/div><p style=\"display: none !important;\" class=\"akismet-fields-container\" data-prefix=\"_wpcf7_ak_\"><label>&#916;<textarea name=\"_wpcf7_ak_hp_textarea\" cols=\"45\" rows=\"8\" maxlength=\"100\"><\/textarea><\/label><input type=\"hidden\" id=\"ak_js_1\" name=\"_wpcf7_ak_js\" value=\"219\"\/><script>document.getElementById( \"ak_js_1\" ).setAttribute( \"value\", ( new Date() ).getTime() );<\/script><\/p><div class=\"wpcf7-response-output\" aria-hidden=\"true\"><\/div>\n<input type=\"hidden\" name=\"trp-form-language\" value=\"fr\"\/><\/form>\n<\/div>\n\n<div style='text-align:left' class='yasr-auto-insert-visitor'><\/div>","protected":false},"excerpt":{"rendered":"<p>La machine \u00e0 fendre les gousses d'ail r\u00e9sout le probl\u00e8me de l'\u00e9pluchage manuel de l'ail en grandes quantit\u00e9s. Elle permet non seulement de lib\u00e9rer les mains, mais aussi d'am\u00e9liorer consid\u00e9rablement l'efficacit\u00e9 de la production et de r\u00e9duire les co\u00fbts de main-d'\u0153uvre. La machine \u00e0 fendre l'ail est sans aucun doute une b\u00e9n\u00e9diction pour les industries qui doivent utiliser un grand nombre de gousses d'ail, telles que les usines de transformation des aliments ...<\/p>\n<p class=\"read-more\"> <a class=\"\" href=\"https:\/\/www.garlicline.com\/fr\/produit\/garlic-clove-splitting-machine-roller-style\/\"> <span class=\"screen-reader-text\">Machine \u00e0 fendre les gousses d'ail \u00e0 rouleaux<\/span> Lire la suite \"<\/a><\/p>","protected":false},"featured_media":2587,"comment_status":"open","ping_status":"closed","template":"","meta":{"site-sidebar-layout":"default","site-content-layout":"default","ast-global-header-display":"","ast-main-header-display":"","ast-hfb-above-header-display":"","ast-hfb-below-header-display":"","ast-hfb-mobile-header-display":"","site-post-title":"","ast-breadcrumbs-content":"","ast-featured-img":"","footer-sml-layout":"","theme-transparent-header-meta":"default","adv-header-id-meta":"","stick-header-meta":"","header-above-stick-meta":"","header-main-stick-meta":"","header-below-stick-meta":"","yasr_overall_rating":0,"yasr_post_is_review":"","yasr_auto_insert_disabled":"","yasr_review_type":""},"product_brand":[],"product_cat":[33],"product_tag":[],"class_list":{"0":"post-2585","1":"product","2":"type-product","3":"status-publish","4":"has-post-thumbnail","6":"product_cat-products","8":"first","9":"instock","10":"shipping-taxable","11":"product-type-simple"},"yoast_head":"<!-- This site is optimized with the Yoast SEO plugin v25.7 - https:\/\/yoast.com\/wordpress\/plugins\/seo\/ -->\n<title>Garlic Clove Splitting Machine Roller Style<\/title>\n<meta name=\"description\" content=\"Garlic clove splitting machine not only frees people&#039;s hands, but also greatly improves production efficiency and reduces labor costs\" \/>\n<meta name=\"robots\" content=\"index, follow, max-snippet:-1, max-image-preview:large, max-video-preview:-1\" \/>\n<link rel=\"canonical\" href=\"https:\/\/www.garlicline.com\/fr\/produit\/garlic-clove-splitting-machine-roller-style\/\" \/>\n<meta property=\"og:locale\" content=\"fr_FR\" \/>\n<meta property=\"og:type\" content=\"article\" \/>\n<meta property=\"og:title\" content=\"Garlic Clove Splitting Machine Roller Style\" \/>\n<meta property=\"og:description\" content=\"Garlic clove splitting machine not only frees people&#039;s hands, but also greatly improves production efficiency and reduces labor costs\" \/>\n<meta property=\"og:url\" content=\"https:\/\/www.garlicline.com\/fr\/produit\/garlic-clove-splitting-machine-roller-style\/\" \/>\n<meta property=\"og:site_name\" content=\"garlicline\" \/>\n<meta property=\"article:modified_time\" content=\"2026-02-03T17:57:41+00:00\" \/>\n<meta property=\"og:image\" content=\"https:\/\/www.garlicline.com\/wp-content\/uploads\/2025\/02\/garlic-splitting-machine.jpg\" \/>\n\t<meta property=\"og:image:width\" content=\"600\" \/>\n\t<meta property=\"og:image:height\" content=\"600\" \/>\n\t<meta property=\"og:image:type\" content=\"image\/jpeg\" \/>\n<meta name=\"twitter:card\" content=\"summary_large_image\" \/>\n<meta name=\"twitter:label1\" content=\"Dur\u00e9e de lecture estim\u00e9e\" \/>\n\t<meta name=\"twitter:data1\" content=\"2 minutes\" \/>\n<script type=\"application\/ld+json\" class=\"yoast-schema-graph\">{\"@context\":\"https:\/\/schema.org\",\"@graph\":[{\"@type\":\"WebPage\",\"@id\":\"https:\/\/www.garlicline.com\/product\/garlic-clove-splitting-machine-roller-style\/\",\"url\":\"https:\/\/www.garlicline.com\/product\/garlic-clove-splitting-machine-roller-style\/\",\"name\":\"Garlic Clove Splitting Machine Roller Style\",\"isPartOf\":{\"@id\":\"https:\/\/www.garlicline.com\/#website\"},\"primaryImageOfPage\":{\"@id\":\"https:\/\/www.garlicline.com\/product\/garlic-clove-splitting-machine-roller-style\/#primaryimage\"},\"image\":{\"@id\":\"https:\/\/www.garlicline.com\/product\/garlic-clove-splitting-machine-roller-style\/#primaryimage\"},\"thumbnailUrl\":\"https:\/\/www.garlicline.com\/wp-content\/uploads\/2025\/02\/garlic-splitting-machine.jpg\",\"datePublished\":\"2025-02-14T07:16:25+00:00\",\"dateModified\":\"2026-02-03T17:57:41+00:00\",\"description\":\"Garlic clove splitting machine not only frees people's hands, but also greatly improves production efficiency and reduces labor costs\",\"breadcrumb\":{\"@id\":\"https:\/\/www.garlicline.com\/product\/garlic-clove-splitting-machine-roller-style\/#breadcrumb\"},\"inLanguage\":\"fr-FR\",\"potentialAction\":[{\"@type\":\"ReadAction\",\"target\":[\"https:\/\/www.garlicline.com\/product\/garlic-clove-splitting-machine-roller-style\/\"]}]},{\"@type\":\"ImageObject\",\"inLanguage\":\"fr-FR\",\"@id\":\"https:\/\/www.garlicline.com\/product\/garlic-clove-splitting-machine-roller-style\/#primaryimage\",\"url\":\"https:\/\/www.garlicline.com\/wp-content\/uploads\/2025\/02\/garlic-splitting-machine.jpg\",\"contentUrl\":\"https:\/\/www.garlicline.com\/wp-content\/uploads\/2025\/02\/garlic-splitting-machine.jpg\",\"width\":600,\"height\":600},{\"@type\":\"BreadcrumbList\",\"@id\":\"https:\/\/www.garlicline.com\/product\/garlic-clove-splitting-machine-roller-style\/#breadcrumb\",\"itemListElement\":[{\"@type\":\"ListItem\",\"position\":1,\"name\":\"Home\",\"item\":\"https:\/\/www.garlicline.com\/\"},{\"@type\":\"ListItem\",\"position\":2,\"name\":\"Products\",\"item\":\"https:\/\/www.garlicline.com\/products\/\"},{\"@type\":\"ListItem\",\"position\":3,\"name\":\"Garlic Clove Splitting Machine Roller Style\"}]},{\"@type\":\"WebSite\",\"@id\":\"https:\/\/www.garlicline.com\/#website\",\"url\":\"https:\/\/www.garlicline.com\/\",\"name\":\"garlicline\",\"description\":\"garlic processing machine supplier\",\"publisher\":{\"@id\":\"https:\/\/www.garlicline.com\/#organization\"},\"potentialAction\":[{\"@type\":\"SearchAction\",\"target\":{\"@type\":\"EntryPoint\",\"urlTemplate\":\"https:\/\/www.garlicline.com\/?s={search_term_string}\"},\"query-input\":{\"@type\":\"PropertyValueSpecification\",\"valueRequired\":true,\"valueName\":\"search_term_string\"}}],\"inLanguage\":\"fr-FR\"},{\"@type\":\"Organization\",\"@id\":\"https:\/\/www.garlicline.com\/#organization\",\"name\":\"garlicline\",\"url\":\"https:\/\/www.garlicline.com\/\",\"logo\":{\"@type\":\"ImageObject\",\"inLanguage\":\"fr-FR\",\"@id\":\"https:\/\/www.garlicline.com\/#\/schema\/logo\/image\/\",\"url\":\"https:\/\/www.garlicline.com\/wp-content\/uploads\/2025\/05\/cropped-gelgoog-logo-1.png\",\"contentUrl\":\"https:\/\/www.garlicline.com\/wp-content\/uploads\/2025\/05\/cropped-gelgoog-logo-1.png\",\"width\":434,\"height\":267,\"caption\":\"garlicline\"},\"image\":{\"@id\":\"https:\/\/www.garlicline.com\/#\/schema\/logo\/image\/\"}},false]}<\/script>\n<!-- \/ Yoast SEO plugin. -->","yoast_head_json":{"title":"Machine \u00e0 fendre les gousses d'ail \u00e0 rouleaux","description":"La machine \u00e0 fendre les gousses d'ail permet non seulement de se lib\u00e9rer les mains, mais aussi d'am\u00e9liorer consid\u00e9rablement l'efficacit\u00e9 de la production et de r\u00e9duire les co\u00fbts de main-d'\u0153uvre.","robots":{"index":"index","follow":"follow","max-snippet":"max-snippet:-1","max-image-preview":"max-image-preview:large","max-video-preview":"max-video-preview:-1"},"canonical":"https:\/\/www.garlicline.com\/fr\/produit\/garlic-clove-splitting-machine-roller-style\/","og_locale":"fr_FR","og_type":"article","og_title":"Garlic Clove Splitting Machine Roller Style","og_description":"Garlic clove splitting machine not only frees people's hands, but also greatly improves production efficiency and reduces labor costs","og_url":"https:\/\/www.garlicline.com\/fr\/produit\/garlic-clove-splitting-machine-roller-style\/","og_site_name":"garlicline","article_modified_time":"2026-02-03T17:57:41+00:00","og_image":[{"width":600,"height":600,"url":"https:\/\/www.garlicline.com\/wp-content\/uploads\/2025\/02\/garlic-splitting-machine.jpg","type":"image\/jpeg"}],"twitter_card":"summary_large_image","twitter_misc":{"Dur\u00e9e de lecture estim\u00e9e":"2 minutes"},"schema":{"@context":"https:\/\/schema.org","@graph":[{"@type":"WebPage","@id":"https:\/\/www.garlicline.com\/product\/garlic-clove-splitting-machine-roller-style\/","url":"https:\/\/www.garlicline.com\/product\/garlic-clove-splitting-machine-roller-style\/","name":"Machine \u00e0 fendre les gousses d'ail \u00e0 rouleaux","isPartOf":{"@id":"https:\/\/www.garlicline.com\/#website"},"primaryImageOfPage":{"@id":"https:\/\/www.garlicline.com\/product\/garlic-clove-splitting-machine-roller-style\/#primaryimage"},"image":{"@id":"https:\/\/www.garlicline.com\/product\/garlic-clove-splitting-machine-roller-style\/#primaryimage"},"thumbnailUrl":"https:\/\/www.garlicline.com\/wp-content\/uploads\/2025\/02\/garlic-splitting-machine.jpg","datePublished":"2025-02-14T07:16:25+00:00","dateModified":"2026-02-03T17:57:41+00:00","description":"La machine \u00e0 fendre les gousses d'ail permet non seulement de se lib\u00e9rer les mains, mais aussi d'am\u00e9liorer consid\u00e9rablement l'efficacit\u00e9 de la production et de r\u00e9duire les co\u00fbts de main-d'\u0153uvre.","breadcrumb":{"@id":"https:\/\/www.garlicline.com\/product\/garlic-clove-splitting-machine-roller-style\/#breadcrumb"},"inLanguage":"fr-FR","potentialAction":[{"@type":"ReadAction","target":["https:\/\/www.garlicline.com\/product\/garlic-clove-splitting-machine-roller-style\/"]}]},{"@type":"ImageObject","inLanguage":"fr-FR","@id":"https:\/\/www.garlicline.com\/product\/garlic-clove-splitting-machine-roller-style\/#primaryimage","url":"https:\/\/www.garlicline.com\/wp-content\/uploads\/2025\/02\/garlic-splitting-machine.jpg","contentUrl":"https:\/\/www.garlicline.com\/wp-content\/uploads\/2025\/02\/garlic-splitting-machine.jpg","width":600,"height":600},{"@type":"BreadcrumbList","@id":"https:\/\/www.garlicline.com\/product\/garlic-clove-splitting-machine-roller-style\/#breadcrumb","itemListElement":[{"@type":"ListItem","position":1,"name":"Home","item":"https:\/\/www.garlicline.com\/"},{"@type":"ListItem","position":2,"name":"Products","item":"https:\/\/www.garlicline.com\/products\/"},{"@type":"ListItem","position":3,"name":"Garlic Clove Splitting Machine Roller Style"}]},{"@type":"WebSite","@id":"https:\/\/www.garlicline.com\/#website","url":"https:\/\/www.garlicline.com\/","name":"ligne d'ail","description":"fournisseur de machines de traitement de l'ail","publisher":{"@id":"https:\/\/www.garlicline.com\/#organization"},"potentialAction":[{"@type":"SearchAction","target":{"@type":"EntryPoint","urlTemplate":"https:\/\/www.garlicline.com\/?s={search_term_string}"},"query-input":{"@type":"PropertyValueSpecification","valueRequired":true,"valueName":"search_term_string"}}],"inLanguage":"fr-FR"},{"@type":"Organization","@id":"https:\/\/www.garlicline.com\/#organization","name":"ligne d'ail","url":"https:\/\/www.garlicline.com\/","logo":{"@type":"ImageObject","inLanguage":"fr-FR","@id":"https:\/\/www.garlicline.com\/#\/schema\/logo\/image\/","url":"https:\/\/www.garlicline.com\/wp-content\/uploads\/2025\/05\/cropped-gelgoog-logo-1.png","contentUrl":"https:\/\/www.garlicline.com\/wp-content\/uploads\/2025\/05\/cropped-gelgoog-logo-1.png","width":434,"height":267,"caption":"garlicline"},"image":{"@id":"https:\/\/www.garlicline.com\/#\/schema\/logo\/image\/"}},false]}},"yasr_visitor_votes":{"stars_attributes":{"read_only":false,"span_bottom":false},"number_of_votes":1,"sum_votes":5},"_links":{"self":[{"href":"https:\/\/www.garlicline.com\/fr\/wp-json\/wp\/v2\/product\/2585","targetHints":{"allow":["GET"]}}],"collection":[{"href":"https:\/\/www.garlicline.com\/fr\/wp-json\/wp\/v2\/product"}],"about":[{"href":"https:\/\/www.garlicline.com\/fr\/wp-json\/wp\/v2\/types\/product"}],"replies":[{"embeddable":true,"href":"https:\/\/www.garlicline.com\/fr\/wp-json\/wp\/v2\/comments?post=2585"}],"version-history":[{"count":0,"href":"https:\/\/www.garlicline.com\/fr\/wp-json\/wp\/v2\/product\/2585\/revisions"}],"wp:featuredmedia":[{"embeddable":true,"href":"https:\/\/www.garlicline.com\/fr\/wp-json\/wp\/v2\/media\/2587"}],"wp:attachment":[{"href":"https:\/\/www.garlicline.com\/fr\/wp-json\/wp\/v2\/media?parent=2585"}],"wp:term":[{"taxonomy":"product_brand","embeddable":true,"href":"https:\/\/www.garlicline.com\/fr\/wp-json\/wp\/v2\/product_brand?post=2585"},{"taxonomy":"product_cat","embeddable":true,"href":"https:\/\/www.garlicline.com\/fr\/wp-json\/wp\/v2\/product_cat?post=2585"},{"taxonomy":"product_tag","embeddable":true,"href":"https:\/\/www.garlicline.com\/fr\/wp-json\/wp\/v2\/product_tag?post=2585"}],"curies":[{"name":"wp","href":"https:\/\/api.w.org\/{rel}","templated":true}]}}