{"id":2601,"date":"2025-02-24T08:54:37","date_gmt":"2025-02-24T08:54:37","guid":{"rendered":"https:\/\/www.garlicline.com\/?post_type=product&#038;p=2601"},"modified":"2026-02-03T17:59:05","modified_gmt":"2026-02-03T17:59:05","slug":"peeled-garlic-production-line-turnkey","status":"publish","type":"product","link":"https:\/\/www.garlicline.com\/fr\/produit\/peeled-garlic-production-line-turnkey\/","title":{"rendered":"Ligne de production d'ail pel\u00e9 cl\u00e9 en main 1-5t\/H"},"content":{"rendered":"<p>Notre ligne de production industrielle d'ail pel\u00e9 est sp\u00e9cialement con\u00e7ue pour la transformation de l'ail \u00e0 grande \u00e9chelle. Elle int\u00e8gre le nettoyage, le triage, l'\u00e9pluchage, la st\u00e9rilisation et l'emballage. Elle utilise la technologie de l'automatisation pour remplacer le travail manuel traditionnel. La capacit\u00e9 de traitement journali\u00e8re peut atteindre 10 \u00e0 50 tonnes. La ligne de production de gousses d'ail convient au traitement de l'ail frais, de l'ail congel\u00e9, des gousses d'ail et d'autres formes. Elle r\u00e9pond aux normes \u00e9lev\u00e9es des usines alimentaires, des entreprises de condiments et des n\u00e9gociants \u00e0 l'exportation.<\/p>\n<h2>Ligne de production d'ail \u00e9pluch\u00e9 Points forts du produit<\/h2>\n<p>1. Automatisation efficace<\/p>\n<p>Le processus d'\u00e9pluchage enti\u00e8rement automatique peut traiter des milliers de kilogrammes d'ail par heure, ce qui am\u00e9liore consid\u00e9rablement l'efficacit\u00e9 de la production et r\u00e9duit les interventions manuelles.<\/p>\n<p>2. Pelage de pr\u00e9cision<br \/>\nL'adoption d'une technologie d'\u00e9pluchage avanc\u00e9e garantit l'int\u00e9grit\u00e9 de l'ail. Le taux d'\u00e9pluchage peut atteindre 98%, voire plus, et les d\u00e9chets sont r\u00e9duits au minimum.<\/p>\n<p>3. Hygi\u00e8ne et s\u00e9curit\u00e9<br \/>\nLa ligne de production de gousses d'ail est fabriqu\u00e9e en acier inoxydable de qualit\u00e9 alimentaire, qui r\u00e9pond aux normes d'hygi\u00e8ne internationales afin de garantir que l'ail n'est pas contamin\u00e9 pendant le traitement.<\/p>\n<p>4. Adaptation souple<br \/>\nDiff\u00e9rentes capacit\u00e9s de production et sp\u00e9cifications peuvent \u00eatre personnalis\u00e9es en fonction des besoins des clients, ce qui convient aux entreprises de transformation de l'ail de toutes tailles.<\/p>\n<p>5. \u00c9conomie d'\u00e9nergie et protection de l'environnement<br \/>\nLa conception \u00e0 faible consommation d'\u00e9nergie r\u00e9duit le gaspillage des ressources et contribue \u00e0 une production \u00e9cologique.<\/p>\n<p><img fetchpriority=\"high\" decoding=\"async\" class=\"alignnone size-full wp-image-2602\" src=\"https:\/\/www.garlicline.com\/wp-content\/uploads\/2025\/02\/peeled-garlic-production-line.jpg\" alt=\"ail \u00e9pluch\u00e9-ligne de production\" width=\"800\" height=\"957\" srcset=\"https:\/\/www.garlicline.com\/wp-content\/uploads\/2025\/02\/peeled-garlic-production-line.jpg 800w, https:\/\/www.garlicline.com\/wp-content\/uploads\/2025\/02\/peeled-garlic-production-line-251x300.jpg 251w, https:\/\/www.garlicline.com\/wp-content\/uploads\/2025\/02\/peeled-garlic-production-line-768x919.jpg 768w, https:\/\/www.garlicline.com\/wp-content\/uploads\/2025\/02\/peeled-garlic-production-line-10x12.jpg 10w, https:\/\/www.garlicline.com\/wp-content\/uploads\/2025\/02\/peeled-garlic-production-line-600x718.jpg 600w, https:\/\/www.garlicline.com\/wp-content\/uploads\/2025\/02\/peeled-garlic-production-line-64x77.jpg 64w\" sizes=\"(max-width: 800px) 100vw, 800px\" \/><\/p>\n<h2>Ligne de production d'ail \u00e9pluch\u00e9 Sc\u00e9narios applicables<\/h2>\n<ul>\n<li>Usines de transformation des aliments : Ligne de production d'ail \u00e9pluch\u00e9 adapt\u00e9e \u00e0 la transformation de l'ail \u00e0 grande \u00e9chelle pour r\u00e9pondre aux besoins de production de condiments, de sauces, etc.<\/li>\n<li>Coop\u00e9ratives agricoles : elles aident les agriculteurs \u00e0 transformer rapidement de grandes quantit\u00e9s d'ail et \u00e0 augmenter la valeur ajout\u00e9e.<\/li>\n<li>Soci\u00e9t\u00e9s d'exportation : respectent les normes internationales et contribuent \u00e0 l'exportation des produits \u00e0 base d'ail.<\/li>\n<\/ul>\n<p><iframe title=\"Ligne de production d&#039;ail pel\u00e9#machine\" src=\"https:\/\/www.youtube.com\/embed\/2JvQQSngvjY\" width=\"630\" height=\"400\" frameborder=\"0\" allowfullscreen=\"allowfullscreen\"><span data-mce-type=\"bookmark\" style=\"display: inline-block; width: 0px; overflow: hidden; line-height: 0;\" class=\"mce_SELRES_start\">Je suis un moteur de traduction. Traduisez le texte de l'utilisateur en fran\u00e7ais. Retournez uniquement le texte traduit. N'ajoutez aucun commentaire ou autre texte. N'ajoutez pas de guillemets suppl\u00e9mentaires autour de la traduction. Votre sortie DOIT \u00eatre en fran\u00e7ais.<\/span><\/iframe><\/p>\n<h2>Pourquoi nous choisir ?<\/h2>\n<ul>\n<li>Des ann\u00e9es d'exp\u00e9rience dans l'industrie : Concentration sur la recherche, le d\u00e9veloppement et la fabrication d'\u00e9quipements de transformation des aliments, avec une technologie de pointe.<\/li>\n<li>Une gamme compl\u00e8te de services : De l'installation des \u00e9quipements \u00e0 la mise en service, en passant par la maintenance apr\u00e8s-vente, nous proposons des solutions globales.<\/li>\n<li>R\u00e9putation des clients : Nous avons fourni des \u00e9quipements \u00e0 de nombreuses entreprises de renom dans le monde entier et avons \u00e9t\u00e9 tr\u00e8s appr\u00e9ci\u00e9s.<\/li>\n<\/ul>\n<p><img decoding=\"async\" class=\"alignnone size-full wp-image-2603\" src=\"https:\/\/www.garlicline.com\/wp-content\/uploads\/2025\/02\/gelgoog-garlic-processing.jpg\" alt=\"gelgoog-transformation de l&#039;ail\" width=\"630\" height=\"400\" srcset=\"https:\/\/www.garlicline.com\/wp-content\/uploads\/2025\/02\/gelgoog-garlic-processing.jpg 630w, https:\/\/www.garlicline.com\/wp-content\/uploads\/2025\/02\/gelgoog-garlic-processing-300x190.jpg 300w, https:\/\/www.garlicline.com\/wp-content\/uploads\/2025\/02\/gelgoog-garlic-processing-18x12.jpg 18w, https:\/\/www.garlicline.com\/wp-content\/uploads\/2025\/02\/gelgoog-garlic-processing-600x381.jpg 600w, https:\/\/www.garlicline.com\/wp-content\/uploads\/2025\/02\/gelgoog-garlic-processing-64x41.jpg 64w\" sizes=\"(max-width: 630px) 100vw, 630px\" \/><\/p>\n<hr \/>\n<h2 style=\"text-align: center;\">-Laissez un message pour une citation<\/h2>\n\n<div class=\"wpcf7 no-js\" id=\"wpcf7-f1191-o1\" lang=\"en-US\" dir=\"ltr\" data-wpcf7-id=\"1191\">\n<div class=\"screen-reader-response\"><p role=\"status\" aria-live=\"polite\" aria-atomic=\"true\"><\/p> <ul><\/ul><\/div>\n<form action=\"\/fr\/wp-json\/wp\/v2\/product\/2601#wpcf7-f1191-o1\" method=\"post\" class=\"wpcf7-form init\" aria-label=\"Formulaire de contact\" novalidate=\"novalidate\" data-status=\"init\" data-trp-original-action=\"\/fr\/wp-json\/wp\/v2\/product\/2601#wpcf7-f1191-o1\">\n<fieldset class=\"hidden-fields-container\"><input type=\"hidden\" name=\"_wpcf7\" value=\"1191\" \/><input type=\"hidden\" name=\"_wpcf7_version\" value=\"6.1.1\" \/><input type=\"hidden\" name=\"_wpcf7_locale\" value=\"en_US\" \/><input type=\"hidden\" name=\"_wpcf7_unit_tag\" value=\"wpcf7-f1191-o1\" \/><input type=\"hidden\" name=\"_wpcf7_container_post\" value=\"0\" \/><input type=\"hidden\" name=\"_wpcf7_posted_data_hash\" value=\"\" \/>\n<\/fieldset>\n<div class='proformleft'>\n\t<p><label> Votre nom<br \/>\n<span class=\"wpcf7-form-control-wrap\" data-name=\"your-name\"><input size=\"40\" maxlength=\"400\" class=\"wpcf7-form-control wpcf7-text\" aria-invalid=\"false\" value=\"\" type=\"text\" name=\"your-name\" \/><\/span> <\/label>\n\t<\/p>\n\t<p><label> *Votre Email<br \/>\n<span class=\"wpcf7-form-control-wrap\" data-name=\"your-email\"><input size=\"40\" maxlength=\"400\" class=\"wpcf7-form-control wpcf7-email wpcf7-validates-as-required wpcf7-text wpcf7-validates-as-email\" aria-required=\"true\" aria-invalid=\"false\" value=\"\" type=\"email\" name=\"your-email\" \/><\/span> <\/label>\n\t<\/p>\n\t<p><label> *Votre t\u00e9l\u00e9phone<br \/>\n<span class=\"wpcf7-form-control-wrap\" data-name=\"tel-224\"><input size=\"40\" maxlength=\"400\" class=\"wpcf7-form-control wpcf7-tel wpcf7-validates-as-required wpcf7-text wpcf7-validates-as-tel\" aria-required=\"true\" aria-invalid=\"false\" value=\"\" type=\"tel\" name=\"tel-224\" \/><\/span> <\/label>\n\t<\/p>\n\t<p><label> Votre pays<br \/>\n<span class=\"wpcf7-form-control-wrap\" data-name=\"your-country\"><input size=\"40\" maxlength=\"400\" class=\"wpcf7-form-control wpcf7-text\" aria-invalid=\"false\" value=\"\" type=\"text\" name=\"your-country\" \/><\/span> <\/label>\n\t<\/p>\n<\/div>\n<div class='proformright'>\n\t<p><label> *Votre message<br \/>\n<span class=\"wpcf7-form-control-wrap\" data-name=\"your-message\"><textarea cols=\"40\" rows=\"10\" maxlength=\"2000\" class=\"wpcf7-form-control wpcf7-textarea wpcf7-validates-as-required\" aria-required=\"true\" aria-invalid=\"false\" name=\"your-message\"><\/textarea><\/span> <\/label>\n\t<\/p>\n\t<p><input class=\"wpcf7-form-control wpcf7-submit has-spinner\" type=\"submit\" value=\"Envoyer\" \/>\n\t<\/p>\n<\/div>\n<div style='clear:both'>\n<\/div><p style=\"display: none !important;\" class=\"akismet-fields-container\" data-prefix=\"_wpcf7_ak_\"><label>&#916;<textarea name=\"_wpcf7_ak_hp_textarea\" cols=\"45\" rows=\"8\" maxlength=\"100\"><\/textarea><\/label><input type=\"hidden\" id=\"ak_js_1\" name=\"_wpcf7_ak_js\" value=\"121\"\/><script>document.getElementById( \"ak_js_1\" ).setAttribute( \"value\", ( new Date() ).getTime() );<\/script><\/p><div class=\"wpcf7-response-output\" aria-hidden=\"true\"><\/div>\n<input type=\"hidden\" name=\"trp-form-language\" value=\"fr\"\/><\/form>\n<\/div>\n\n<div style='text-align:left' class='yasr-auto-insert-visitor'><\/div>","protected":false},"excerpt":{"rendered":"<p>Notre ligne de production industrielle d'ail pel\u00e9 est sp\u00e9cialement con\u00e7ue pour la transformation de l'ail \u00e0 grande \u00e9chelle. Elle int\u00e8gre le nettoyage, le triage, l'\u00e9pluchage, la st\u00e9rilisation et l'emballage. Elle utilise la technologie de l'automatisation pour remplacer le travail manuel traditionnel. La capacit\u00e9 de traitement journali\u00e8re peut atteindre 10 \u00e0 50 tonnes. La ligne de production de gousses d'ail convient au traitement de l'ail frais, de l'ail congel\u00e9, des gousses d'ail et d'autres formes, ...<\/p>\n<p class=\"read-more\"> <a class=\"\" href=\"https:\/\/www.garlicline.com\/fr\/produit\/peeled-garlic-production-line-turnkey\/\"> <span class=\"screen-reader-text\">Ligne de production d'ail pel\u00e9 cl\u00e9 en main 1-5t\/H<\/span> Lire la suite \"<\/a><\/p>","protected":false},"featured_media":2604,"comment_status":"open","ping_status":"closed","template":"","meta":{"site-sidebar-layout":"default","site-content-layout":"default","ast-global-header-display":"","ast-main-header-display":"","ast-hfb-above-header-display":"","ast-hfb-below-header-display":"","ast-hfb-mobile-header-display":"","site-post-title":"","ast-breadcrumbs-content":"","ast-featured-img":"","footer-sml-layout":"","theme-transparent-header-meta":"default","adv-header-id-meta":"","stick-header-meta":"","header-above-stick-meta":"","header-main-stick-meta":"","header-below-stick-meta":"","yasr_overall_rating":0,"yasr_post_is_review":"","yasr_auto_insert_disabled":"","yasr_review_type":""},"product_brand":[],"product_cat":[33],"product_tag":[],"class_list":{"0":"post-2601","1":"product","2":"type-product","3":"status-publish","4":"has-post-thumbnail","6":"product_cat-products","8":"first","9":"instock","10":"shipping-taxable","11":"product-type-simple"},"yoast_head":"<!-- This site is optimized with the Yoast SEO plugin v25.7 - https:\/\/yoast.com\/wordpress\/plugins\/seo\/ -->\n<title>Peeled Garlic Production Line Turnkey 1-5t\/H<\/title>\n<meta name=\"description\" content=\"Peeled garlic production line uses automation technology to replace traditional manual labor. The daily processing capacity can reach 10-50 tons.\" \/>\n<meta name=\"robots\" content=\"index, follow, max-snippet:-1, max-image-preview:large, max-video-preview:-1\" \/>\n<link rel=\"canonical\" href=\"https:\/\/www.garlicline.com\/fr\/produit\/peeled-garlic-production-line-turnkey\/\" \/>\n<meta property=\"og:locale\" content=\"fr_FR\" \/>\n<meta property=\"og:type\" content=\"article\" \/>\n<meta property=\"og:title\" content=\"Peeled Garlic Production Line Turnkey 1-5t\/H\" \/>\n<meta property=\"og:description\" content=\"Peeled garlic production line uses automation technology to replace traditional manual labor. The daily processing capacity can reach 10-50 tons.\" \/>\n<meta property=\"og:url\" content=\"https:\/\/www.garlicline.com\/fr\/produit\/peeled-garlic-production-line-turnkey\/\" \/>\n<meta property=\"og:site_name\" content=\"garlicline\" \/>\n<meta property=\"article:modified_time\" content=\"2026-02-03T17:59:05+00:00\" \/>\n<meta property=\"og:image\" content=\"https:\/\/www.garlicline.com\/wp-content\/uploads\/2025\/02\/peeled-garlic-production-line-for-sale.jpg\" \/>\n\t<meta property=\"og:image:width\" content=\"600\" \/>\n\t<meta property=\"og:image:height\" content=\"600\" \/>\n\t<meta property=\"og:image:type\" content=\"image\/jpeg\" \/>\n<meta name=\"twitter:card\" content=\"summary_large_image\" \/>\n<meta name=\"twitter:label1\" content=\"Dur\u00e9e de lecture estim\u00e9e\" \/>\n\t<meta name=\"twitter:data1\" content=\"2 minutes\" \/>\n<script type=\"application\/ld+json\" class=\"yoast-schema-graph\">{\"@context\":\"https:\/\/schema.org\",\"@graph\":[{\"@type\":\"WebPage\",\"@id\":\"https:\/\/www.garlicline.com\/product\/peeled-garlic-production-line-turnkey\/\",\"url\":\"https:\/\/www.garlicline.com\/product\/peeled-garlic-production-line-turnkey\/\",\"name\":\"Peeled Garlic Production Line Turnkey 1-5t\/H\",\"isPartOf\":{\"@id\":\"https:\/\/www.garlicline.com\/#website\"},\"primaryImageOfPage\":{\"@id\":\"https:\/\/www.garlicline.com\/product\/peeled-garlic-production-line-turnkey\/#primaryimage\"},\"image\":{\"@id\":\"https:\/\/www.garlicline.com\/product\/peeled-garlic-production-line-turnkey\/#primaryimage\"},\"thumbnailUrl\":\"https:\/\/www.garlicline.com\/wp-content\/uploads\/2025\/02\/peeled-garlic-production-line-for-sale.jpg\",\"datePublished\":\"2025-02-24T08:54:37+00:00\",\"dateModified\":\"2026-02-03T17:59:05+00:00\",\"description\":\"Peeled garlic production line uses automation technology to replace traditional manual labor. The daily processing capacity can reach 10-50 tons.\",\"breadcrumb\":{\"@id\":\"https:\/\/www.garlicline.com\/product\/peeled-garlic-production-line-turnkey\/#breadcrumb\"},\"inLanguage\":\"fr-FR\",\"potentialAction\":[{\"@type\":\"ReadAction\",\"target\":[\"https:\/\/www.garlicline.com\/product\/peeled-garlic-production-line-turnkey\/\"]}]},{\"@type\":\"ImageObject\",\"inLanguage\":\"fr-FR\",\"@id\":\"https:\/\/www.garlicline.com\/product\/peeled-garlic-production-line-turnkey\/#primaryimage\",\"url\":\"https:\/\/www.garlicline.com\/wp-content\/uploads\/2025\/02\/peeled-garlic-production-line-for-sale.jpg\",\"contentUrl\":\"https:\/\/www.garlicline.com\/wp-content\/uploads\/2025\/02\/peeled-garlic-production-line-for-sale.jpg\",\"width\":600,\"height\":600,\"caption\":\"peeled-garlic-production-line-for-sale\"},{\"@type\":\"BreadcrumbList\",\"@id\":\"https:\/\/www.garlicline.com\/product\/peeled-garlic-production-line-turnkey\/#breadcrumb\",\"itemListElement\":[{\"@type\":\"ListItem\",\"position\":1,\"name\":\"Home\",\"item\":\"https:\/\/www.garlicline.com\/\"},{\"@type\":\"ListItem\",\"position\":2,\"name\":\"Products\",\"item\":\"https:\/\/www.garlicline.com\/products\/\"},{\"@type\":\"ListItem\",\"position\":3,\"name\":\"Peeled Garlic Production Line Turnkey 1-5t\/H\"}]},{\"@type\":\"WebSite\",\"@id\":\"https:\/\/www.garlicline.com\/#website\",\"url\":\"https:\/\/www.garlicline.com\/\",\"name\":\"garlicline\",\"description\":\"garlic processing machine supplier\",\"publisher\":{\"@id\":\"https:\/\/www.garlicline.com\/#organization\"},\"potentialAction\":[{\"@type\":\"SearchAction\",\"target\":{\"@type\":\"EntryPoint\",\"urlTemplate\":\"https:\/\/www.garlicline.com\/?s={search_term_string}\"},\"query-input\":{\"@type\":\"PropertyValueSpecification\",\"valueRequired\":true,\"valueName\":\"search_term_string\"}}],\"inLanguage\":\"fr-FR\"},{\"@type\":\"Organization\",\"@id\":\"https:\/\/www.garlicline.com\/#organization\",\"name\":\"garlicline\",\"url\":\"https:\/\/www.garlicline.com\/\",\"logo\":{\"@type\":\"ImageObject\",\"inLanguage\":\"fr-FR\",\"@id\":\"https:\/\/www.garlicline.com\/#\/schema\/logo\/image\/\",\"url\":\"https:\/\/www.garlicline.com\/wp-content\/uploads\/2025\/05\/cropped-gelgoog-logo-1.png\",\"contentUrl\":\"https:\/\/www.garlicline.com\/wp-content\/uploads\/2025\/05\/cropped-gelgoog-logo-1.png\",\"width\":434,\"height\":267,\"caption\":\"garlicline\"},\"image\":{\"@id\":\"https:\/\/www.garlicline.com\/#\/schema\/logo\/image\/\"}},false]}<\/script>\n<!-- \/ Yoast SEO plugin. -->","yoast_head_json":{"title":"Ligne de production d'ail pel\u00e9 cl\u00e9 en main 1-5t\/H","description":"La ligne de production d'ail pel\u00e9 utilise la technologie de l'automatisation pour remplacer le travail manuel traditionnel. La capacit\u00e9 de traitement journali\u00e8re peut atteindre 10 \u00e0 50 tonnes.","robots":{"index":"index","follow":"follow","max-snippet":"max-snippet:-1","max-image-preview":"max-image-preview:large","max-video-preview":"max-video-preview:-1"},"canonical":"https:\/\/www.garlicline.com\/fr\/produit\/peeled-garlic-production-line-turnkey\/","og_locale":"fr_FR","og_type":"article","og_title":"Peeled Garlic Production Line Turnkey 1-5t\/H","og_description":"Peeled garlic production line uses automation technology to replace traditional manual labor. The daily processing capacity can reach 10-50 tons.","og_url":"https:\/\/www.garlicline.com\/fr\/produit\/peeled-garlic-production-line-turnkey\/","og_site_name":"garlicline","article_modified_time":"2026-02-03T17:59:05+00:00","og_image":[{"width":600,"height":600,"url":"https:\/\/www.garlicline.com\/wp-content\/uploads\/2025\/02\/peeled-garlic-production-line-for-sale.jpg","type":"image\/jpeg"}],"twitter_card":"summary_large_image","twitter_misc":{"Dur\u00e9e de lecture estim\u00e9e":"2 minutes"},"schema":{"@context":"https:\/\/schema.org","@graph":[{"@type":"WebPage","@id":"https:\/\/www.garlicline.com\/product\/peeled-garlic-production-line-turnkey\/","url":"https:\/\/www.garlicline.com\/product\/peeled-garlic-production-line-turnkey\/","name":"Ligne de production d'ail pel\u00e9 cl\u00e9 en main 1-5t\/H","isPartOf":{"@id":"https:\/\/www.garlicline.com\/#website"},"primaryImageOfPage":{"@id":"https:\/\/www.garlicline.com\/product\/peeled-garlic-production-line-turnkey\/#primaryimage"},"image":{"@id":"https:\/\/www.garlicline.com\/product\/peeled-garlic-production-line-turnkey\/#primaryimage"},"thumbnailUrl":"https:\/\/www.garlicline.com\/wp-content\/uploads\/2025\/02\/peeled-garlic-production-line-for-sale.jpg","datePublished":"2025-02-24T08:54:37+00:00","dateModified":"2026-02-03T17:59:05+00:00","description":"La ligne de production d'ail pel\u00e9 utilise la technologie de l'automatisation pour remplacer le travail manuel traditionnel. La capacit\u00e9 de traitement journali\u00e8re peut atteindre 10 \u00e0 50 tonnes.","breadcrumb":{"@id":"https:\/\/www.garlicline.com\/product\/peeled-garlic-production-line-turnkey\/#breadcrumb"},"inLanguage":"fr-FR","potentialAction":[{"@type":"ReadAction","target":["https:\/\/www.garlicline.com\/product\/peeled-garlic-production-line-turnkey\/"]}]},{"@type":"ImageObject","inLanguage":"fr-FR","@id":"https:\/\/www.garlicline.com\/product\/peeled-garlic-production-line-turnkey\/#primaryimage","url":"https:\/\/www.garlicline.com\/wp-content\/uploads\/2025\/02\/peeled-garlic-production-line-for-sale.jpg","contentUrl":"https:\/\/www.garlicline.com\/wp-content\/uploads\/2025\/02\/peeled-garlic-production-line-for-sale.jpg","width":600,"height":600,"caption":"peeled-garlic-production-line-for-sale"},{"@type":"BreadcrumbList","@id":"https:\/\/www.garlicline.com\/product\/peeled-garlic-production-line-turnkey\/#breadcrumb","itemListElement":[{"@type":"ListItem","position":1,"name":"Home","item":"https:\/\/www.garlicline.com\/"},{"@type":"ListItem","position":2,"name":"Products","item":"https:\/\/www.garlicline.com\/products\/"},{"@type":"ListItem","position":3,"name":"Peeled Garlic Production Line Turnkey 1-5t\/H"}]},{"@type":"WebSite","@id":"https:\/\/www.garlicline.com\/#website","url":"https:\/\/www.garlicline.com\/","name":"ligne d'ail","description":"fournisseur de machines de traitement de l'ail","publisher":{"@id":"https:\/\/www.garlicline.com\/#organization"},"potentialAction":[{"@type":"SearchAction","target":{"@type":"EntryPoint","urlTemplate":"https:\/\/www.garlicline.com\/?s={search_term_string}"},"query-input":{"@type":"PropertyValueSpecification","valueRequired":true,"valueName":"search_term_string"}}],"inLanguage":"fr-FR"},{"@type":"Organization","@id":"https:\/\/www.garlicline.com\/#organization","name":"ligne d'ail","url":"https:\/\/www.garlicline.com\/","logo":{"@type":"ImageObject","inLanguage":"fr-FR","@id":"https:\/\/www.garlicline.com\/#\/schema\/logo\/image\/","url":"https:\/\/www.garlicline.com\/wp-content\/uploads\/2025\/05\/cropped-gelgoog-logo-1.png","contentUrl":"https:\/\/www.garlicline.com\/wp-content\/uploads\/2025\/05\/cropped-gelgoog-logo-1.png","width":434,"height":267,"caption":"garlicline"},"image":{"@id":"https:\/\/www.garlicline.com\/#\/schema\/logo\/image\/"}},false]}},"yasr_visitor_votes":{"stars_attributes":{"read_only":false,"span_bottom":false},"number_of_votes":1,"sum_votes":5},"_links":{"self":[{"href":"https:\/\/www.garlicline.com\/fr\/wp-json\/wp\/v2\/product\/2601","targetHints":{"allow":["GET"]}}],"collection":[{"href":"https:\/\/www.garlicline.com\/fr\/wp-json\/wp\/v2\/product"}],"about":[{"href":"https:\/\/www.garlicline.com\/fr\/wp-json\/wp\/v2\/types\/product"}],"replies":[{"embeddable":true,"href":"https:\/\/www.garlicline.com\/fr\/wp-json\/wp\/v2\/comments?post=2601"}],"version-history":[{"count":0,"href":"https:\/\/www.garlicline.com\/fr\/wp-json\/wp\/v2\/product\/2601\/revisions"}],"wp:featuredmedia":[{"embeddable":true,"href":"https:\/\/www.garlicline.com\/fr\/wp-json\/wp\/v2\/media\/2604"}],"wp:attachment":[{"href":"https:\/\/www.garlicline.com\/fr\/wp-json\/wp\/v2\/media?parent=2601"}],"wp:term":[{"taxonomy":"product_brand","embeddable":true,"href":"https:\/\/www.garlicline.com\/fr\/wp-json\/wp\/v2\/product_brand?post=2601"},{"taxonomy":"product_cat","embeddable":true,"href":"https:\/\/www.garlicline.com\/fr\/wp-json\/wp\/v2\/product_cat?post=2601"},{"taxonomy":"product_tag","embeddable":true,"href":"https:\/\/www.garlicline.com\/fr\/wp-json\/wp\/v2\/product_tag?post=2601"}],"curies":[{"name":"wp","href":"https:\/\/api.w.org\/{rel}","templated":true}]}}