{"id":2614,"date":"2025-03-05T10:39:56","date_gmt":"2025-03-05T10:39:56","guid":{"rendered":"https:\/\/www.garlicline.com\/?post_type=product&#038;p=2614"},"modified":"2026-04-15T11:44:11","modified_gmt":"2026-04-15T11:44:11","slug":"dehydrate-garlic-slicing-production-line","status":"publish","type":"product","link":"https:\/\/www.garlicline.com\/fr\/produit\/dehydrate-garlic-slicing-production-line\/","title":{"rendered":"Ligne de production d'ail d\u00e9shydrat\u00e9 en tranches"},"content":{"rendered":"<p>La ligne de production d'ail d\u00e9shydrat\u00e9 est sp\u00e9cialement con\u00e7ue pour la production \u00e0 grande \u00e9chelle de tranches d'ail d\u00e9shydrat\u00e9 de haute qualit\u00e9. La ligne de tranchage d'ail d\u00e9shydrat\u00e9 int\u00e8gre l'automatisation, l'hygi\u00e8ne et la s\u00e9curit\u00e9, les \u00e9conomies d'\u00e9nergie et la protection de l'environnement, aidant les entreprises \u00e0 cr\u00e9er des produits de haute qualit\u00e9 conformes aux normes internationales et \u00e0 r\u00e9pondre aux besoins diversifi\u00e9s du march\u00e9 du traitement des aliments, des condiments, des aliments sains, etc.<\/p>\n<h2>Ligne de production d'ail d\u00e9shydrat\u00e9 Composition de l'\u00e9quipement<\/h2>\n<p>S\u00e9parateur de gousses d'ail : utilis\u00e9 pour s\u00e9parer l'ail entier en gousses distinctes afin d'am\u00e9liorer l'efficacit\u00e9 de la production.<br \/>\n<a href=\"https:\/\/www.garlicline.com\/fr\/produit\/continuous-garlic-peeling-machine\/\"><strong>Machine \u00e0 \u00e9plucher l'ail<\/strong><\/a>L'\u00e9pluchage se fait par compression d'air. Il convient aux gousses d'ail de diff\u00e9rentes sp\u00e9cifications.<br \/>\nTrancheur d'ail : permet de couper l'ail en tranches uniformes avec une surface de coupe lisse pour am\u00e9liorer la qualit\u00e9 du produit.<br \/>\nD\u00e9shydrateur d'ail : d\u00e9shydrateur multifonctionnel de fruits et l\u00e9gumes, diff\u00e9rents types de d\u00e9shydrateurs peuvent \u00eatre s\u00e9lectionn\u00e9s en fonction de la puissance de d\u00e9shydratation, et l'\u00e9nergie de chauffage est vari\u00e9e.<br \/>\nD'autres \u00e9quipements auxiliaires, tels que des palans, des lignes de pr\u00e9l\u00e8vement, des machines de nettoyage \u00e0 bulles, des s\u00e9cheurs d'air, etc., sont utilis\u00e9s pour faciliter le processus de production et am\u00e9liorer l'efficacit\u00e9 de la production et la qualit\u00e9 des produits.<\/p>\n<p><img fetchpriority=\"high\" decoding=\"async\" class=\"alignnone size-full wp-image-2615\" src=\"https:\/\/www.garlicline.com\/wp-content\/uploads\/2025\/03\/56.png\" alt=\"Ligne de production de tranches d&#039;ail d\u00e9shydrat\u00e9es pour la vente\" width=\"1117\" height=\"717\" srcset=\"https:\/\/www.garlicline.com\/wp-content\/uploads\/2025\/03\/56.png 1117w, https:\/\/www.garlicline.com\/wp-content\/uploads\/2025\/03\/56-300x193.png 300w, https:\/\/www.garlicline.com\/wp-content\/uploads\/2025\/03\/56-1024x657.png 1024w, https:\/\/www.garlicline.com\/wp-content\/uploads\/2025\/03\/56-768x493.png 768w, https:\/\/www.garlicline.com\/wp-content\/uploads\/2025\/03\/56-18x12.png 18w, https:\/\/www.garlicline.com\/wp-content\/uploads\/2025\/03\/56-600x385.png 600w, https:\/\/www.garlicline.com\/wp-content\/uploads\/2025\/03\/56-64x41.png 64w\" sizes=\"(max-width: 1117px) 100vw, 1117px\" \/><\/p>\n<h2>Avantages de la ligne de tranchage de l'ail d\u00e9shydrat\u00e9<\/h2>\n<ul>\n<li>Degr\u00e9 \u00e9lev\u00e9 d'automatisation : L'ensemble de la ligne de production d'ail d\u00e9shydrat\u00e9 utilise un \u00e9quipement automatis\u00e9 avanc\u00e9. De la s\u00e9paration des gousses, du pelage, du tranchage au s\u00e9chage, tous les processus sont r\u00e9alis\u00e9s automatiquement, r\u00e9duisant ainsi la main-d'\u0153uvre et am\u00e9liorant l'efficacit\u00e9 et la coh\u00e9rence.<\/li>\n<li>Efficacit\u00e9 de production \u00e9lev\u00e9e : la cha\u00eene de production fonctionne \u00e0 grande vitesse avec une capacit\u00e9 importante. La trancheuse assure une coupe rapide et uniforme, tandis que diff\u00e9rents s\u00e9choirs peuvent \u00eatre s\u00e9lectionn\u00e9s en fonction des besoins de sortie, garantissant une efficacit\u00e9 de s\u00e9chage \u00e9lev\u00e9e.<\/li>\n<li>Qualit\u00e9 de produit stable : La technologie avanc\u00e9e garantit une \u00e9paisseur de coupe uniforme et des surfaces lisses. Le syst\u00e8me de contr\u00f4le intelligent de la temp\u00e9rature assure un processus de d\u00e9shydratation coh\u00e9rent, garantissant une qualit\u00e9 et un go\u00fbt stables.<\/li>\n<li>Large gamme d'applications\u00a0: convient non seulement aux tranches d'ail d\u00e9shydrat\u00e9es, mais aussi au traitement d'autres l\u00e9gumes-racines tels que les pommes de terre, les concombres, le taro, l'igname et le gingembre, offrant une grande polyvalence et flexibilit\u00e9.<\/li>\n<\/ul>\n<p><iframe title=\"Usine de traitement des flocons d&#039;ail d\u00e9shydrat\u00e9s\" src=\"https:\/\/www.youtube.com\/embed\/sBQBstwslY8\" width=\"630\" height=\"400\" frameborder=\"0\" allowfullscreen=\"allowfullscreen\"><span data-mce-type=\"bookmark\" style=\"display: inline-block; width: 0px; overflow: hidden; line-height: 0;\" class=\"mce_SELRES_start\">Je suis un moteur de traduction. Traduisez le texte de l'utilisateur en fran\u00e7ais. Retournez uniquement le texte traduit. N'ajoutez aucun commentaire ou autre texte. N'ajoutez pas de guillemets suppl\u00e9mentaires autour de la traduction. Votre sortie DOIT \u00eatre en fran\u00e7ais.<\/span><\/iframe><\/p>\n<h2>Ligne de production d'ail d\u00e9shydrat\u00e9 Champ d'application<\/h2>\n<p>Entreprises de transformation alimentaire : Convient \u00e0 toutes sortes d'entreprises de transformation alimentaire, utilis\u00e9 pour produire des tranches d'ail d\u00e9shydrat\u00e9es, des granul\u00e9s d'ail, de la poudre d'ail et d'autres produits pour r\u00e9pondre \u00e0 la demande du march\u00e9 pour les produits \u00e0 base d'ail d\u00e9shydrat\u00e9.<\/p>\n<p>Secteur de la restauration : Fournir des tranches d'ail d\u00e9shydrat\u00e9es de haute qualit\u00e9 aux entreprises de restauration, utilis\u00e9es comme condiments dans la cuisine, pour am\u00e9liorer le go\u00fbt et la saveur des plats.<\/p>\n<p>Commerce d'exportation : Les tranches d'ail d\u00e9shydrat\u00e9es se conservent et se transportent bien. Elles conviennent au commerce d'exportation et r\u00e9pondent aux besoins du march\u00e9 international.<\/p>\n<p>Nous fournissons des services personnalis\u00e9s, nous pouvons assurer l'installation et la mise en service des \u00e9quipements. Si vous souhaitez en savoir plus sur la gamme de produits, vous pouvez laisser un message ou prendre contact en ligne \u00e0 tout moment.<\/p>\n<hr \/>\n<h2 style=\"text-align: center;\">-Laissez un message pour une citation<\/h2>\n\n<div class=\"wpcf7 no-js\" id=\"wpcf7-f1191-o1\" lang=\"en-US\" dir=\"ltr\" data-wpcf7-id=\"1191\">\n<div class=\"screen-reader-response\"><p role=\"status\" aria-live=\"polite\" aria-atomic=\"true\"><\/p> <ul><\/ul><\/div>\n<form action=\"\/fr\/wp-json\/wp\/v2\/product\/2614#wpcf7-f1191-o1\" method=\"post\" class=\"wpcf7-form init\" aria-label=\"Formulaire de contact\" novalidate=\"novalidate\" data-status=\"init\" data-trp-original-action=\"\/fr\/wp-json\/wp\/v2\/product\/2614#wpcf7-f1191-o1\">\n<fieldset class=\"hidden-fields-container\"><input type=\"hidden\" name=\"_wpcf7\" value=\"1191\" \/><input type=\"hidden\" name=\"_wpcf7_version\" value=\"6.1.1\" \/><input type=\"hidden\" name=\"_wpcf7_locale\" value=\"en_US\" \/><input type=\"hidden\" name=\"_wpcf7_unit_tag\" value=\"wpcf7-f1191-o1\" \/><input type=\"hidden\" name=\"_wpcf7_container_post\" value=\"0\" \/><input type=\"hidden\" name=\"_wpcf7_posted_data_hash\" value=\"\" \/>\n<\/fieldset>\n<div class='proformleft'>\n\t<p><label> Votre nom<br \/>\n<span class=\"wpcf7-form-control-wrap\" data-name=\"your-name\"><input size=\"40\" maxlength=\"400\" class=\"wpcf7-form-control wpcf7-text\" aria-invalid=\"false\" value=\"\" type=\"text\" name=\"your-name\" \/><\/span> <\/label>\n\t<\/p>\n\t<p><label> *Votre Email<br \/>\n<span class=\"wpcf7-form-control-wrap\" data-name=\"your-email\"><input size=\"40\" maxlength=\"400\" class=\"wpcf7-form-control wpcf7-email wpcf7-validates-as-required wpcf7-text wpcf7-validates-as-email\" aria-required=\"true\" aria-invalid=\"false\" value=\"\" type=\"email\" name=\"your-email\" \/><\/span> <\/label>\n\t<\/p>\n\t<p><label> *Votre t\u00e9l\u00e9phone<br \/>\n<span class=\"wpcf7-form-control-wrap\" data-name=\"tel-224\"><input size=\"40\" maxlength=\"400\" class=\"wpcf7-form-control wpcf7-tel wpcf7-validates-as-required wpcf7-text wpcf7-validates-as-tel\" aria-required=\"true\" aria-invalid=\"false\" value=\"\" type=\"tel\" name=\"tel-224\" \/><\/span> <\/label>\n\t<\/p>\n\t<p><label> Votre pays<br \/>\n<span class=\"wpcf7-form-control-wrap\" data-name=\"your-country\"><input size=\"40\" maxlength=\"400\" class=\"wpcf7-form-control wpcf7-text\" aria-invalid=\"false\" value=\"\" type=\"text\" name=\"your-country\" \/><\/span> <\/label>\n\t<\/p>\n<\/div>\n<div class='proformright'>\n\t<p><label> *Votre message<br \/>\n<span class=\"wpcf7-form-control-wrap\" data-name=\"your-message\"><textarea cols=\"40\" rows=\"10\" maxlength=\"2000\" class=\"wpcf7-form-control wpcf7-textarea wpcf7-validates-as-required\" aria-required=\"true\" aria-invalid=\"false\" name=\"your-message\"><\/textarea><\/span> <\/label>\n\t<\/p>\n\t<p><input class=\"wpcf7-form-control wpcf7-submit has-spinner\" type=\"submit\" value=\"Envoyer\" \/>\n\t<\/p>\n<\/div>\n<div style='clear:both'>\n<\/div><p style=\"display: none !important;\" class=\"akismet-fields-container\" data-prefix=\"_wpcf7_ak_\"><label>&#916;<textarea name=\"_wpcf7_ak_hp_textarea\" cols=\"45\" rows=\"8\" maxlength=\"100\"><\/textarea><\/label><input type=\"hidden\" id=\"ak_js_1\" name=\"_wpcf7_ak_js\" value=\"90\"\/><script>document.getElementById( \"ak_js_1\" ).setAttribute( \"value\", ( new Date() ).getTime() );<\/script><\/p><div class=\"wpcf7-response-output\" aria-hidden=\"true\"><\/div>\n<input type=\"hidden\" name=\"trp-form-language\" value=\"fr\"\/><\/form>\n<\/div>\n\n<div style='text-align:left' class='yasr-auto-insert-visitor'><\/div>","protected":false},"excerpt":{"rendered":"<p>Dehydrate garlic production line is specially designed for large-scale production of high-quality dehydrated garlic slices. Dehydrated garlic slicing line integrates automation, hygiene and safety, energy saving and environmental protection, helping enterprises to create high-quality products that meet international standards and meet the diversified market needs of food processing, condiments, healthy food, etc. Dehydrate Garlic Production &hellip;<\/p>\n<p class=\"read-more\"> <a class=\"\" href=\"https:\/\/www.garlicline.com\/fr\/produit\/dehydrate-garlic-slicing-production-line\/\"> <span class=\"screen-reader-text\">Ligne de production d'ail d\u00e9shydrat\u00e9 en tranches<\/span> Lire la suite \"<\/a><\/p>","protected":false},"featured_media":2616,"comment_status":"open","ping_status":"closed","template":"","meta":{"site-sidebar-layout":"default","site-content-layout":"default","ast-global-header-display":"","ast-main-header-display":"","ast-hfb-above-header-display":"","ast-hfb-below-header-display":"","ast-hfb-mobile-header-display":"","site-post-title":"","ast-breadcrumbs-content":"","ast-featured-img":"","footer-sml-layout":"","theme-transparent-header-meta":"default","adv-header-id-meta":"","stick-header-meta":"","header-above-stick-meta":"","header-main-stick-meta":"","header-below-stick-meta":"","yasr_overall_rating":5,"yasr_post_is_review":"","yasr_auto_insert_disabled":"","yasr_review_type":""},"product_brand":[],"product_cat":[33],"product_tag":[],"class_list":{"0":"post-2614","1":"product","2":"type-product","3":"status-publish","4":"has-post-thumbnail","6":"product_cat-products","8":"first","9":"instock","10":"shipping-taxable","11":"product-type-simple"},"yoast_head":"<!-- This site is optimized with the Yoast SEO plugin v25.7 - https:\/\/yoast.com\/wordpress\/plugins\/seo\/ -->\n<title>Dehydrate Garlic Slicing Production Line<\/title>\n<meta name=\"description\" content=\"Dehydrated garlic slicing line integrates automation, hygiene and safety, energy saving and environmental protection, helping enterprises to create high-quality products.\" \/>\n<meta name=\"robots\" content=\"index, follow, max-snippet:-1, max-image-preview:large, max-video-preview:-1\" \/>\n<link rel=\"canonical\" href=\"https:\/\/www.garlicline.com\/fr\/produit\/dehydrate-garlic-slicing-production-line\/\" \/>\n<meta property=\"og:locale\" content=\"fr_FR\" \/>\n<meta property=\"og:type\" content=\"article\" \/>\n<meta property=\"og:title\" content=\"Dehydrate Garlic Slicing Production Line\" \/>\n<meta property=\"og:description\" content=\"Dehydrated garlic slicing line integrates automation, hygiene and safety, energy saving and environmental protection, helping enterprises to create high-quality products.\" \/>\n<meta property=\"og:url\" content=\"https:\/\/www.garlicline.com\/fr\/produit\/dehydrate-garlic-slicing-production-line\/\" \/>\n<meta property=\"og:site_name\" content=\"garlicline\" \/>\n<meta property=\"article:modified_time\" content=\"2026-04-15T11:44:11+00:00\" \/>\n<meta property=\"og:image\" content=\"https:\/\/www.garlicline.com\/wp-content\/uploads\/2025\/03\/Dehydrated-garlic-slicing-line.jpg\" \/>\n\t<meta property=\"og:image:width\" content=\"600\" \/>\n\t<meta property=\"og:image:height\" content=\"600\" \/>\n\t<meta property=\"og:image:type\" content=\"image\/jpeg\" \/>\n<meta name=\"twitter:card\" content=\"summary_large_image\" \/>\n<meta name=\"twitter:label1\" content=\"Dur\u00e9e de lecture estim\u00e9e\" \/>\n\t<meta name=\"twitter:data1\" content=\"2 minutes\" \/>\n<script type=\"application\/ld+json\" class=\"yoast-schema-graph\">{\"@context\":\"https:\/\/schema.org\",\"@graph\":[{\"@type\":\"WebPage\",\"@id\":\"https:\/\/www.garlicline.com\/product\/dehydrate-garlic-slicing-production-line\/\",\"url\":\"https:\/\/www.garlicline.com\/product\/dehydrate-garlic-slicing-production-line\/\",\"name\":\"Dehydrate Garlic Slicing Production Line\",\"isPartOf\":{\"@id\":\"https:\/\/www.garlicline.com\/#website\"},\"primaryImageOfPage\":{\"@id\":\"https:\/\/www.garlicline.com\/product\/dehydrate-garlic-slicing-production-line\/#primaryimage\"},\"image\":{\"@id\":\"https:\/\/www.garlicline.com\/product\/dehydrate-garlic-slicing-production-line\/#primaryimage\"},\"thumbnailUrl\":\"https:\/\/www.garlicline.com\/wp-content\/uploads\/2025\/03\/Dehydrated-garlic-slicing-line.jpg\",\"datePublished\":\"2025-03-05T10:39:56+00:00\",\"dateModified\":\"2026-04-15T11:44:11+00:00\",\"description\":\"Dehydrated garlic slicing line integrates automation, hygiene and safety, energy saving and environmental protection, helping enterprises to create high-quality products.\",\"breadcrumb\":{\"@id\":\"https:\/\/www.garlicline.com\/product\/dehydrate-garlic-slicing-production-line\/#breadcrumb\"},\"inLanguage\":\"fr-FR\",\"potentialAction\":[{\"@type\":\"ReadAction\",\"target\":[\"https:\/\/www.garlicline.com\/product\/dehydrate-garlic-slicing-production-line\/\"]}]},{\"@type\":\"ImageObject\",\"inLanguage\":\"fr-FR\",\"@id\":\"https:\/\/www.garlicline.com\/product\/dehydrate-garlic-slicing-production-line\/#primaryimage\",\"url\":\"https:\/\/www.garlicline.com\/wp-content\/uploads\/2025\/03\/Dehydrated-garlic-slicing-line.jpg\",\"contentUrl\":\"https:\/\/www.garlicline.com\/wp-content\/uploads\/2025\/03\/Dehydrated-garlic-slicing-line.jpg\",\"width\":600,\"height\":600},{\"@type\":\"BreadcrumbList\",\"@id\":\"https:\/\/www.garlicline.com\/product\/dehydrate-garlic-slicing-production-line\/#breadcrumb\",\"itemListElement\":[{\"@type\":\"ListItem\",\"position\":1,\"name\":\"Home\",\"item\":\"https:\/\/www.garlicline.com\/\"},{\"@type\":\"ListItem\",\"position\":2,\"name\":\"Products\",\"item\":\"https:\/\/www.garlicline.com\/products\/\"},{\"@type\":\"ListItem\",\"position\":3,\"name\":\"Dehydrate Garlic Slicing Production Line\"}]},{\"@type\":\"WebSite\",\"@id\":\"https:\/\/www.garlicline.com\/#website\",\"url\":\"https:\/\/www.garlicline.com\/\",\"name\":\"garlicline\",\"description\":\"garlic processing machine supplier\",\"publisher\":{\"@id\":\"https:\/\/www.garlicline.com\/#organization\"},\"potentialAction\":[{\"@type\":\"SearchAction\",\"target\":{\"@type\":\"EntryPoint\",\"urlTemplate\":\"https:\/\/www.garlicline.com\/?s={search_term_string}\"},\"query-input\":{\"@type\":\"PropertyValueSpecification\",\"valueRequired\":true,\"valueName\":\"search_term_string\"}}],\"inLanguage\":\"fr-FR\"},{\"@type\":\"Organization\",\"@id\":\"https:\/\/www.garlicline.com\/#organization\",\"name\":\"garlicline\",\"url\":\"https:\/\/www.garlicline.com\/\",\"logo\":{\"@type\":\"ImageObject\",\"inLanguage\":\"fr-FR\",\"@id\":\"https:\/\/www.garlicline.com\/#\/schema\/logo\/image\/\",\"url\":\"https:\/\/www.garlicline.com\/wp-content\/uploads\/2025\/05\/cropped-gelgoog-logo-1.png\",\"contentUrl\":\"https:\/\/www.garlicline.com\/wp-content\/uploads\/2025\/05\/cropped-gelgoog-logo-1.png\",\"width\":434,\"height\":267,\"caption\":\"garlicline\"},\"image\":{\"@id\":\"https:\/\/www.garlicline.com\/#\/schema\/logo\/image\/\"}},false]}<\/script>\n<!-- \/ Yoast SEO plugin. -->","yoast_head_json":{"title":"Ligne de production d'ail d\u00e9shydrat\u00e9 en tranches","description":"La ligne de tranchage de l'ail d\u00e9shydrat\u00e9 int\u00e8gre l'automatisation, l'hygi\u00e8ne et la s\u00e9curit\u00e9, l'\u00e9conomie d'\u00e9nergie et la protection de l'environnement, aidant les entreprises \u00e0 cr\u00e9er des produits de haute qualit\u00e9.","robots":{"index":"index","follow":"follow","max-snippet":"max-snippet:-1","max-image-preview":"max-image-preview:large","max-video-preview":"max-video-preview:-1"},"canonical":"https:\/\/www.garlicline.com\/fr\/produit\/dehydrate-garlic-slicing-production-line\/","og_locale":"fr_FR","og_type":"article","og_title":"Dehydrate Garlic Slicing Production Line","og_description":"Dehydrated garlic slicing line integrates automation, hygiene and safety, energy saving and environmental protection, helping enterprises to create high-quality products.","og_url":"https:\/\/www.garlicline.com\/fr\/produit\/dehydrate-garlic-slicing-production-line\/","og_site_name":"garlicline","article_modified_time":"2026-04-15T11:44:11+00:00","og_image":[{"width":600,"height":600,"url":"https:\/\/www.garlicline.com\/wp-content\/uploads\/2025\/03\/Dehydrated-garlic-slicing-line.jpg","type":"image\/jpeg"}],"twitter_card":"summary_large_image","twitter_misc":{"Dur\u00e9e de lecture estim\u00e9e":"2 minutes"},"schema":{"@context":"https:\/\/schema.org","@graph":[{"@type":"WebPage","@id":"https:\/\/www.garlicline.com\/product\/dehydrate-garlic-slicing-production-line\/","url":"https:\/\/www.garlicline.com\/product\/dehydrate-garlic-slicing-production-line\/","name":"Ligne de production d'ail d\u00e9shydrat\u00e9 en tranches","isPartOf":{"@id":"https:\/\/www.garlicline.com\/#website"},"primaryImageOfPage":{"@id":"https:\/\/www.garlicline.com\/product\/dehydrate-garlic-slicing-production-line\/#primaryimage"},"image":{"@id":"https:\/\/www.garlicline.com\/product\/dehydrate-garlic-slicing-production-line\/#primaryimage"},"thumbnailUrl":"https:\/\/www.garlicline.com\/wp-content\/uploads\/2025\/03\/Dehydrated-garlic-slicing-line.jpg","datePublished":"2025-03-05T10:39:56+00:00","dateModified":"2026-04-15T11:44:11+00:00","description":"La ligne de tranchage de l'ail d\u00e9shydrat\u00e9 int\u00e8gre l'automatisation, l'hygi\u00e8ne et la s\u00e9curit\u00e9, l'\u00e9conomie d'\u00e9nergie et la protection de l'environnement, aidant les entreprises \u00e0 cr\u00e9er des produits de haute qualit\u00e9.","breadcrumb":{"@id":"https:\/\/www.garlicline.com\/product\/dehydrate-garlic-slicing-production-line\/#breadcrumb"},"inLanguage":"fr-FR","potentialAction":[{"@type":"ReadAction","target":["https:\/\/www.garlicline.com\/product\/dehydrate-garlic-slicing-production-line\/"]}]},{"@type":"ImageObject","inLanguage":"fr-FR","@id":"https:\/\/www.garlicline.com\/product\/dehydrate-garlic-slicing-production-line\/#primaryimage","url":"https:\/\/www.garlicline.com\/wp-content\/uploads\/2025\/03\/Dehydrated-garlic-slicing-line.jpg","contentUrl":"https:\/\/www.garlicline.com\/wp-content\/uploads\/2025\/03\/Dehydrated-garlic-slicing-line.jpg","width":600,"height":600},{"@type":"BreadcrumbList","@id":"https:\/\/www.garlicline.com\/product\/dehydrate-garlic-slicing-production-line\/#breadcrumb","itemListElement":[{"@type":"ListItem","position":1,"name":"Home","item":"https:\/\/www.garlicline.com\/"},{"@type":"ListItem","position":2,"name":"Products","item":"https:\/\/www.garlicline.com\/products\/"},{"@type":"ListItem","position":3,"name":"Dehydrate Garlic Slicing Production Line"}]},{"@type":"WebSite","@id":"https:\/\/www.garlicline.com\/#website","url":"https:\/\/www.garlicline.com\/","name":"ligne d'ail","description":"fournisseur de machines de traitement de l'ail","publisher":{"@id":"https:\/\/www.garlicline.com\/#organization"},"potentialAction":[{"@type":"SearchAction","target":{"@type":"EntryPoint","urlTemplate":"https:\/\/www.garlicline.com\/?s={search_term_string}"},"query-input":{"@type":"PropertyValueSpecification","valueRequired":true,"valueName":"search_term_string"}}],"inLanguage":"fr-FR"},{"@type":"Organization","@id":"https:\/\/www.garlicline.com\/#organization","name":"ligne d'ail","url":"https:\/\/www.garlicline.com\/","logo":{"@type":"ImageObject","inLanguage":"fr-FR","@id":"https:\/\/www.garlicline.com\/#\/schema\/logo\/image\/","url":"https:\/\/www.garlicline.com\/wp-content\/uploads\/2025\/05\/cropped-gelgoog-logo-1.png","contentUrl":"https:\/\/www.garlicline.com\/wp-content\/uploads\/2025\/05\/cropped-gelgoog-logo-1.png","width":434,"height":267,"caption":"garlicline"},"image":{"@id":"https:\/\/www.garlicline.com\/#\/schema\/logo\/image\/"}},false]}},"yasr_visitor_votes":{"stars_attributes":{"read_only":false,"span_bottom":false},"number_of_votes":1,"sum_votes":5},"_links":{"self":[{"href":"https:\/\/www.garlicline.com\/fr\/wp-json\/wp\/v2\/product\/2614","targetHints":{"allow":["GET"]}}],"collection":[{"href":"https:\/\/www.garlicline.com\/fr\/wp-json\/wp\/v2\/product"}],"about":[{"href":"https:\/\/www.garlicline.com\/fr\/wp-json\/wp\/v2\/types\/product"}],"replies":[{"embeddable":true,"href":"https:\/\/www.garlicline.com\/fr\/wp-json\/wp\/v2\/comments?post=2614"}],"version-history":[{"count":0,"href":"https:\/\/www.garlicline.com\/fr\/wp-json\/wp\/v2\/product\/2614\/revisions"}],"wp:featuredmedia":[{"embeddable":true,"href":"https:\/\/www.garlicline.com\/fr\/wp-json\/wp\/v2\/media\/2616"}],"wp:attachment":[{"href":"https:\/\/www.garlicline.com\/fr\/wp-json\/wp\/v2\/media?parent=2614"}],"wp:term":[{"taxonomy":"product_brand","embeddable":true,"href":"https:\/\/www.garlicline.com\/fr\/wp-json\/wp\/v2\/product_brand?post=2614"},{"taxonomy":"product_cat","embeddable":true,"href":"https:\/\/www.garlicline.com\/fr\/wp-json\/wp\/v2\/product_cat?post=2614"},{"taxonomy":"product_tag","embeddable":true,"href":"https:\/\/www.garlicline.com\/fr\/wp-json\/wp\/v2\/product_tag?post=2614"}],"curies":[{"name":"wp","href":"https:\/\/api.w.org\/{rel}","templated":true}]}}