{"id":2623,"date":"2025-03-18T07:43:40","date_gmt":"2025-03-18T07:43:40","guid":{"rendered":"https:\/\/www.garlicline.com\/?post_type=product&#038;p=2623"},"modified":"2025-10-27T09:30:30","modified_gmt":"2025-10-27T09:30:30","slug":"garlic-clove-grading-sorting-machine","status":"publish","type":"product","link":"https:\/\/www.garlicline.com\/fr\/produit\/garlic-clove-grading-sorting-machine\/","title":{"rendered":"Machine \u00e0 trier les gousses d'ail"},"content":{"rendered":"<p>La machine \u00e0 trier les gousses d'ail est un dispositif automatis\u00e9 con\u00e7u sp\u00e9cifiquement pour un tri pr\u00e9cis des gousses d'ail. Elle peut \u00eatre adapt\u00e9e \u00e0 diff\u00e9rentes tailles et ajust\u00e9e \u00e0 la taille de l'ail. Largement utilis\u00e9e dans la transformation de l'ail, la transformation des produits agricoles et la production alimentaire, cette machine am\u00e9liore efficacement l'efficacit\u00e9 et la qualit\u00e9 du tri des gousses d'ail, jetant ainsi les bases de la transformation ult\u00e9rieure de l'ail.<\/p>\n<h2>Machine \u00e0 trier les gousses d'ail Avantages du produit<\/h2>\n<p>1. Un tri efficace<\/p>\n<p>Il peut traiter des centaines, voire des milliers de kilogrammes de gousses d'ail par heure, ce qui lui conf\u00e8re une efficacit\u00e9 exceptionnelle. Cela permet de r\u00e9duire consid\u00e9rablement les d\u00e9lais et les co\u00fbts de main-d'\u0153uvre.<\/p>\n<p>2. Un tri pr\u00e9cis<\/p>\n<p>Avec une pr\u00e9cision de tri de \u00b11 mm, la machine \u00e0 trier les gousses d'ail peut \u00eatre adapt\u00e9e \u00e0 diff\u00e9rentes tailles pour r\u00e9pondre aux besoins de diverses applications.<\/p>\n<p>3. Stabilit\u00e9 \u00e9lev\u00e9e<\/p>\n<p>Gr\u00e2ce \u00e0 l'acier inoxydable et \u00e0 des techniques de fabrication avanc\u00e9es, il offre une stabilit\u00e9 et une durabilit\u00e9 excellentes. Il peut fonctionner en continu pendant de longues p\u00e9riodes, ce qui garantit des programmes de production sans heurts.<\/p>\n<p>4. Grande capacit\u00e9 d'adaptation<\/p>\n<p>Il peut s'adapter aux diff\u00e9rences de forme des gousses selon les vari\u00e9t\u00e9s d'ail et les environnements de culture. Qu'il s'agisse d'ail violet, d'ail blanc ou d'autres vari\u00e9t\u00e9s, il peut \u00eatre tri\u00e9 avec pr\u00e9cision pour r\u00e9pondre aux besoins de la production dans diff\u00e9rentes r\u00e9gions et \u00e0 diff\u00e9rentes \u00e9chelles.<\/p>\n<p><img fetchpriority=\"high\" decoding=\"async\" class=\"alignnone size-full wp-image-2624\" src=\"https:\/\/www.garlicline.com\/wp-content\/uploads\/2025\/03\/Garlic-clove-sorting-machine-for-sale.jpg\" alt=\"Machine \u00e0 trier les gousses d&#039;ail \u00e0 vendre\" width=\"1000\" height=\"430\" srcset=\"https:\/\/www.garlicline.com\/wp-content\/uploads\/2025\/03\/Garlic-clove-sorting-machine-for-sale.jpg 1000w, https:\/\/www.garlicline.com\/wp-content\/uploads\/2025\/03\/Garlic-clove-sorting-machine-for-sale-300x129.jpg 300w, https:\/\/www.garlicline.com\/wp-content\/uploads\/2025\/03\/Garlic-clove-sorting-machine-for-sale-768x330.jpg 768w, https:\/\/www.garlicline.com\/wp-content\/uploads\/2025\/03\/Garlic-clove-sorting-machine-for-sale-18x8.jpg 18w, https:\/\/www.garlicline.com\/wp-content\/uploads\/2025\/03\/Garlic-clove-sorting-machine-for-sale-600x258.jpg 600w, https:\/\/www.garlicline.com\/wp-content\/uploads\/2025\/03\/Garlic-clove-sorting-machine-for-sale-64x28.jpg 64w\" sizes=\"(max-width: 1000px) 100vw, 1000px\" \/><\/p>\n<h2>Machine \u00e0 calibrer les gousses d'ail Sc\u00e9narios applicables<\/h2>\n<p>&nbsp;<\/p>\n<p>Usines de transformation alimentaire : pr\u00e9traitement et triage de la p\u00e2te d'ail, des tranches d'ail et des mati\u00e8res premi\u00e8res d'assaisonnement.<\/p>\n<p>Coop\u00e9ratives agricoles : l'ail frais est class\u00e9 selon des sp\u00e9cifications apr\u00e8s la r\u00e9colte afin d'augmenter la valeur ajout\u00e9e des ventes.<\/p>\n<p>Cuisines centrales de restauration : traitement pr\u00e9alable standardis\u00e9 des aliments afin de garantir une qualit\u00e9 uniforme des plats.<\/p>\n<p>N\u00e9gociants \u00e0 l'exportation : r\u00e9pondent aux exigences strictes des clients internationaux en ce qui concerne la taille des gousses d'ail.<\/p>\n<h2>Vid\u00e9o sur la machine \u00e0 trier les gousses d'ail<\/h2>\n<p>&nbsp;<\/p>\n<p><iframe title=\"Machine \u00e0 trier l&#039;ail#machine\" src=\"https:\/\/www.youtube.com\/embed\/NekDka_T3ck\" width=\"630\" height=\"400\" frameborder=\"0\" allowfullscreen=\"allowfullscreen\"><span data-mce-type=\"bookmark\" style=\"display: inline-block; width: 0px; overflow: hidden; line-height: 0;\" class=\"mce_SELRES_start\">Je suis un moteur de traduction. Traduisez le texte de l'utilisateur en fran\u00e7ais. Retournez uniquement le texte traduit. N'ajoutez aucun commentaire ou autre texte. N'ajoutez pas de guillemets suppl\u00e9mentaires autour de la traduction. Votre sortie DOIT \u00eatre en fran\u00e7ais.<\/span><\/iframe><\/p>\n<h2>Pourquoi nous choisir ?<\/h2>\n<p>Une riche exp\u00e9rience : Plus de 10 ans d'exp\u00e9rience dans la recherche et le d\u00e9veloppement d'\u00e9quipements de tri, au service de clients dans plus de 180 pays \u00e0 travers le monde.<\/p>\n<p>Service personnalis\u00e9 : Prise en charge de la personnalisation de la taille non standard et des r\u00e8gles de tri, offrant une solution unique.<\/p>\n<p>Nous sommes un fabricant de machines de traitement de l'ail. Vous pouvez choisir une machine de triage de l'ail ou une ligne de traitement du triage de l'ail. Nous avons \u00e9galement un <a href=\"https:\/\/www.garlicline.com\/fr\/produit\/garlic-peeling-line\/\"><strong><span style=\"font-size: 16px; font-style: normal;\">ligne d'\u00e9pluchage de l'ail<\/span><\/strong><\/a><span style=\"font-size: 16px;\">etc. Si vous souhaitez obtenir plus d'informations, vous pouvez nous contacter \u00e0 tout moment.<\/span><\/p>\n<hr \/>\n<h2 style=\"text-align: center;\">-Laissez un message pour une citation<\/h2>\n\n<div class=\"wpcf7 no-js\" id=\"wpcf7-f1191-o1\" lang=\"en-US\" dir=\"ltr\" data-wpcf7-id=\"1191\">\n<div class=\"screen-reader-response\"><p role=\"status\" aria-live=\"polite\" aria-atomic=\"true\"><\/p> <ul><\/ul><\/div>\n<form action=\"\/fr\/wp-json\/wp\/v2\/product\/2623#wpcf7-f1191-o1\" method=\"post\" class=\"wpcf7-form init\" aria-label=\"Formulaire de contact\" novalidate=\"novalidate\" data-status=\"init\" data-trp-original-action=\"\/fr\/wp-json\/wp\/v2\/product\/2623#wpcf7-f1191-o1\">\n<fieldset class=\"hidden-fields-container\"><input type=\"hidden\" name=\"_wpcf7\" value=\"1191\" \/><input type=\"hidden\" name=\"_wpcf7_version\" value=\"6.1.1\" \/><input type=\"hidden\" name=\"_wpcf7_locale\" value=\"en_US\" \/><input type=\"hidden\" name=\"_wpcf7_unit_tag\" value=\"wpcf7-f1191-o1\" \/><input type=\"hidden\" name=\"_wpcf7_container_post\" value=\"0\" \/><input type=\"hidden\" name=\"_wpcf7_posted_data_hash\" value=\"\" \/>\n<\/fieldset>\n<div class='proformleft'>\n\t<p><label> Votre nom<br \/>\n<span class=\"wpcf7-form-control-wrap\" data-name=\"your-name\"><input size=\"40\" maxlength=\"400\" class=\"wpcf7-form-control wpcf7-text\" aria-invalid=\"false\" value=\"\" type=\"text\" name=\"your-name\" \/><\/span> <\/label>\n\t<\/p>\n\t<p><label> *Votre Email<br \/>\n<span class=\"wpcf7-form-control-wrap\" data-name=\"your-email\"><input size=\"40\" maxlength=\"400\" class=\"wpcf7-form-control wpcf7-email wpcf7-validates-as-required wpcf7-text wpcf7-validates-as-email\" aria-required=\"true\" aria-invalid=\"false\" value=\"\" type=\"email\" name=\"your-email\" \/><\/span> <\/label>\n\t<\/p>\n\t<p><label> *Votre t\u00e9l\u00e9phone<br \/>\n<span class=\"wpcf7-form-control-wrap\" data-name=\"tel-224\"><input size=\"40\" maxlength=\"400\" class=\"wpcf7-form-control wpcf7-tel wpcf7-validates-as-required wpcf7-text wpcf7-validates-as-tel\" aria-required=\"true\" aria-invalid=\"false\" value=\"\" type=\"tel\" name=\"tel-224\" \/><\/span> <\/label>\n\t<\/p>\n\t<p><label> Votre pays<br \/>\n<span class=\"wpcf7-form-control-wrap\" data-name=\"your-country\"><input size=\"40\" maxlength=\"400\" class=\"wpcf7-form-control wpcf7-text\" aria-invalid=\"false\" value=\"\" type=\"text\" name=\"your-country\" \/><\/span> <\/label>\n\t<\/p>\n<\/div>\n<div class='proformright'>\n\t<p><label> *Votre message<br \/>\n<span class=\"wpcf7-form-control-wrap\" data-name=\"your-message\"><textarea cols=\"40\" rows=\"10\" maxlength=\"2000\" class=\"wpcf7-form-control wpcf7-textarea wpcf7-validates-as-required\" aria-required=\"true\" aria-invalid=\"false\" name=\"your-message\"><\/textarea><\/span> <\/label>\n\t<\/p>\n\t<p><input class=\"wpcf7-form-control wpcf7-submit has-spinner\" type=\"submit\" value=\"Envoyer\" \/>\n\t<\/p>\n<\/div>\n<div style='clear:both'>\n<\/div><p style=\"display: none !important;\" class=\"akismet-fields-container\" data-prefix=\"_wpcf7_ak_\"><label>&#916;<textarea name=\"_wpcf7_ak_hp_textarea\" cols=\"45\" rows=\"8\" maxlength=\"100\"><\/textarea><\/label><input type=\"hidden\" id=\"ak_js_1\" name=\"_wpcf7_ak_js\" value=\"147\"\/><script>document.getElementById( \"ak_js_1\" ).setAttribute( \"value\", ( new Date() ).getTime() );<\/script><\/p><div class=\"wpcf7-response-output\" aria-hidden=\"true\"><\/div>\n<input type=\"hidden\" name=\"trp-form-language\" value=\"fr\"\/><\/form>\n<\/div>\n\n<div style='text-align:left' class='yasr-auto-insert-visitor'><\/div>","protected":false},"excerpt":{"rendered":"<ol>\n<li>Taille : 4000*1300*1100MM<\/li>\n<li>Puissance : 2.2KW<\/li>\n<li>Production : 2 tonnes par heure<\/li>\n<li>Mat\u00e9riau : Acier inoxydable 304<\/li>\n<\/ol>","protected":false},"featured_media":2626,"comment_status":"open","ping_status":"closed","template":"","meta":{"site-sidebar-layout":"default","site-content-layout":"default","ast-global-header-display":"","ast-main-header-display":"","ast-hfb-above-header-display":"","ast-hfb-below-header-display":"","ast-hfb-mobile-header-display":"","site-post-title":"","ast-breadcrumbs-content":"","ast-featured-img":"","footer-sml-layout":"","theme-transparent-header-meta":"default","adv-header-id-meta":"","stick-header-meta":"","header-above-stick-meta":"","header-main-stick-meta":"","header-below-stick-meta":"","yasr_overall_rating":0,"yasr_post_is_review":"","yasr_auto_insert_disabled":"","yasr_review_type":""},"product_brand":[],"product_cat":[33],"product_tag":[],"class_list":{"0":"post-2623","1":"product","2":"type-product","3":"status-publish","4":"has-post-thumbnail","6":"product_cat-products","8":"first","9":"instock","10":"shipping-taxable","11":"product-type-simple"},"yoast_head":"<!-- This site is optimized with the Yoast SEO plugin v25.7 - https:\/\/yoast.com\/wordpress\/plugins\/seo\/ -->\n<title>Garlic Clove Grading Sorting Machine<\/title>\n<meta name=\"description\" content=\"Garlic clove grading machine is widely used in garlic processing, agricultural product processing and food production, etc., providing a strong guarantee for improving the efficiency and quality of garlic clove sorting.\" \/>\n<meta name=\"robots\" content=\"index, follow, max-snippet:-1, max-image-preview:large, max-video-preview:-1\" \/>\n<link rel=\"canonical\" href=\"https:\/\/www.garlicline.com\/fr\/produit\/garlic-clove-grading-sorting-machine\/\" \/>\n<meta property=\"og:locale\" content=\"fr_FR\" \/>\n<meta property=\"og:type\" content=\"article\" \/>\n<meta property=\"og:title\" content=\"Garlic Clove Grading Sorting Machine\" \/>\n<meta property=\"og:description\" content=\"Garlic clove grading machine is widely used in garlic processing, agricultural product processing and food production, etc., providing a strong guarantee for improving the efficiency and quality of garlic clove sorting.\" \/>\n<meta property=\"og:url\" content=\"https:\/\/www.garlicline.com\/fr\/produit\/garlic-clove-grading-sorting-machine\/\" \/>\n<meta property=\"og:site_name\" content=\"garlicline\" \/>\n<meta property=\"article:modified_time\" content=\"2025-10-27T09:30:30+00:00\" \/>\n<meta property=\"og:image\" content=\"https:\/\/www.garlicline.com\/wp-content\/uploads\/2025\/03\/Garlic-clove-sorting-machine.jpg\" \/>\n\t<meta property=\"og:image:width\" content=\"600\" \/>\n\t<meta property=\"og:image:height\" content=\"600\" \/>\n\t<meta property=\"og:image:type\" content=\"image\/jpeg\" \/>\n<meta name=\"twitter:card\" content=\"summary_large_image\" \/>\n<meta name=\"twitter:label1\" content=\"Dur\u00e9e de lecture estim\u00e9e\" \/>\n\t<meta name=\"twitter:data1\" content=\"2 minutes\" \/>\n<script type=\"application\/ld+json\" class=\"yoast-schema-graph\">{\"@context\":\"https:\/\/schema.org\",\"@graph\":[{\"@type\":\"WebPage\",\"@id\":\"https:\/\/www.garlicline.com\/product\/garlic-clove-grading-sorting-machine\/\",\"url\":\"https:\/\/www.garlicline.com\/product\/garlic-clove-grading-sorting-machine\/\",\"name\":\"Garlic Clove Grading Sorting Machine\",\"isPartOf\":{\"@id\":\"https:\/\/www.garlicline.com\/#website\"},\"primaryImageOfPage\":{\"@id\":\"https:\/\/www.garlicline.com\/product\/garlic-clove-grading-sorting-machine\/#primaryimage\"},\"image\":{\"@id\":\"https:\/\/www.garlicline.com\/product\/garlic-clove-grading-sorting-machine\/#primaryimage\"},\"thumbnailUrl\":\"https:\/\/www.garlicline.com\/wp-content\/uploads\/2025\/03\/Garlic-clove-sorting-machine.jpg\",\"datePublished\":\"2025-03-18T07:43:40+00:00\",\"dateModified\":\"2025-10-27T09:30:30+00:00\",\"description\":\"Garlic clove grading machine is widely used in garlic processing, agricultural product processing and food production, etc., providing a strong guarantee for improving the efficiency and quality of garlic clove sorting.\",\"breadcrumb\":{\"@id\":\"https:\/\/www.garlicline.com\/product\/garlic-clove-grading-sorting-machine\/#breadcrumb\"},\"inLanguage\":\"fr-FR\",\"potentialAction\":[{\"@type\":\"ReadAction\",\"target\":[\"https:\/\/www.garlicline.com\/product\/garlic-clove-grading-sorting-machine\/\"]}]},{\"@type\":\"ImageObject\",\"inLanguage\":\"fr-FR\",\"@id\":\"https:\/\/www.garlicline.com\/product\/garlic-clove-grading-sorting-machine\/#primaryimage\",\"url\":\"https:\/\/www.garlicline.com\/wp-content\/uploads\/2025\/03\/Garlic-clove-sorting-machine.jpg\",\"contentUrl\":\"https:\/\/www.garlicline.com\/wp-content\/uploads\/2025\/03\/Garlic-clove-sorting-machine.jpg\",\"width\":600,\"height\":600,\"caption\":\"Garlic-clove-sorting-machine\"},{\"@type\":\"BreadcrumbList\",\"@id\":\"https:\/\/www.garlicline.com\/product\/garlic-clove-grading-sorting-machine\/#breadcrumb\",\"itemListElement\":[{\"@type\":\"ListItem\",\"position\":1,\"name\":\"Home\",\"item\":\"https:\/\/www.garlicline.com\/\"},{\"@type\":\"ListItem\",\"position\":2,\"name\":\"Products\",\"item\":\"https:\/\/www.garlicline.com\/products\/\"},{\"@type\":\"ListItem\",\"position\":3,\"name\":\"Garlic Clove Grading Sorting Machine\"}]},{\"@type\":\"WebSite\",\"@id\":\"https:\/\/www.garlicline.com\/#website\",\"url\":\"https:\/\/www.garlicline.com\/\",\"name\":\"garlicline\",\"description\":\"garlic processing machine supplier\",\"publisher\":{\"@id\":\"https:\/\/www.garlicline.com\/#organization\"},\"potentialAction\":[{\"@type\":\"SearchAction\",\"target\":{\"@type\":\"EntryPoint\",\"urlTemplate\":\"https:\/\/www.garlicline.com\/?s={search_term_string}\"},\"query-input\":{\"@type\":\"PropertyValueSpecification\",\"valueRequired\":true,\"valueName\":\"search_term_string\"}}],\"inLanguage\":\"fr-FR\"},{\"@type\":\"Organization\",\"@id\":\"https:\/\/www.garlicline.com\/#organization\",\"name\":\"garlicline\",\"url\":\"https:\/\/www.garlicline.com\/\",\"logo\":{\"@type\":\"ImageObject\",\"inLanguage\":\"fr-FR\",\"@id\":\"https:\/\/www.garlicline.com\/#\/schema\/logo\/image\/\",\"url\":\"https:\/\/www.garlicline.com\/wp-content\/uploads\/2025\/05\/cropped-gelgoog-logo-1.png\",\"contentUrl\":\"https:\/\/www.garlicline.com\/wp-content\/uploads\/2025\/05\/cropped-gelgoog-logo-1.png\",\"width\":434,\"height\":267,\"caption\":\"garlicline\"},\"image\":{\"@id\":\"https:\/\/www.garlicline.com\/#\/schema\/logo\/image\/\"}},false]}<\/script>\n<!-- \/ Yoast SEO plugin. -->","yoast_head_json":{"title":"Machine \u00e0 trier les gousses d'ail","description":"La machine \u00e0 classer les gousses d'ail est largement utilis\u00e9e dans le traitement de l'ail, le traitement des produits agricoles et la production alimentaire, etc., fournissant une garantie solide pour l'am\u00e9lioration de l'efficacit\u00e9 et de la qualit\u00e9 du tri des gousses d'ail.","robots":{"index":"index","follow":"follow","max-snippet":"max-snippet:-1","max-image-preview":"max-image-preview:large","max-video-preview":"max-video-preview:-1"},"canonical":"https:\/\/www.garlicline.com\/fr\/produit\/garlic-clove-grading-sorting-machine\/","og_locale":"fr_FR","og_type":"article","og_title":"Garlic Clove Grading Sorting Machine","og_description":"Garlic clove grading machine is widely used in garlic processing, agricultural product processing and food production, etc., providing a strong guarantee for improving the efficiency and quality of garlic clove sorting.","og_url":"https:\/\/www.garlicline.com\/fr\/produit\/garlic-clove-grading-sorting-machine\/","og_site_name":"garlicline","article_modified_time":"2025-10-27T09:30:30+00:00","og_image":[{"width":600,"height":600,"url":"https:\/\/www.garlicline.com\/wp-content\/uploads\/2025\/03\/Garlic-clove-sorting-machine.jpg","type":"image\/jpeg"}],"twitter_card":"summary_large_image","twitter_misc":{"Dur\u00e9e de lecture estim\u00e9e":"2 minutes"},"schema":{"@context":"https:\/\/schema.org","@graph":[{"@type":"WebPage","@id":"https:\/\/www.garlicline.com\/product\/garlic-clove-grading-sorting-machine\/","url":"https:\/\/www.garlicline.com\/product\/garlic-clove-grading-sorting-machine\/","name":"Machine \u00e0 trier les gousses d'ail","isPartOf":{"@id":"https:\/\/www.garlicline.com\/#website"},"primaryImageOfPage":{"@id":"https:\/\/www.garlicline.com\/product\/garlic-clove-grading-sorting-machine\/#primaryimage"},"image":{"@id":"https:\/\/www.garlicline.com\/product\/garlic-clove-grading-sorting-machine\/#primaryimage"},"thumbnailUrl":"https:\/\/www.garlicline.com\/wp-content\/uploads\/2025\/03\/Garlic-clove-sorting-machine.jpg","datePublished":"2025-03-18T07:43:40+00:00","dateModified":"2025-10-27T09:30:30+00:00","description":"La machine \u00e0 classer les gousses d'ail est largement utilis\u00e9e dans le traitement de l'ail, le traitement des produits agricoles et la production alimentaire, etc., fournissant une garantie solide pour l'am\u00e9lioration de l'efficacit\u00e9 et de la qualit\u00e9 du tri des gousses d'ail.","breadcrumb":{"@id":"https:\/\/www.garlicline.com\/product\/garlic-clove-grading-sorting-machine\/#breadcrumb"},"inLanguage":"fr-FR","potentialAction":[{"@type":"ReadAction","target":["https:\/\/www.garlicline.com\/product\/garlic-clove-grading-sorting-machine\/"]}]},{"@type":"ImageObject","inLanguage":"fr-FR","@id":"https:\/\/www.garlicline.com\/product\/garlic-clove-grading-sorting-machine\/#primaryimage","url":"https:\/\/www.garlicline.com\/wp-content\/uploads\/2025\/03\/Garlic-clove-sorting-machine.jpg","contentUrl":"https:\/\/www.garlicline.com\/wp-content\/uploads\/2025\/03\/Garlic-clove-sorting-machine.jpg","width":600,"height":600,"caption":"Garlic-clove-sorting-machine"},{"@type":"BreadcrumbList","@id":"https:\/\/www.garlicline.com\/product\/garlic-clove-grading-sorting-machine\/#breadcrumb","itemListElement":[{"@type":"ListItem","position":1,"name":"Home","item":"https:\/\/www.garlicline.com\/"},{"@type":"ListItem","position":2,"name":"Products","item":"https:\/\/www.garlicline.com\/products\/"},{"@type":"ListItem","position":3,"name":"Garlic Clove Grading Sorting Machine"}]},{"@type":"WebSite","@id":"https:\/\/www.garlicline.com\/#website","url":"https:\/\/www.garlicline.com\/","name":"ligne d'ail","description":"fournisseur de machines de traitement de l'ail","publisher":{"@id":"https:\/\/www.garlicline.com\/#organization"},"potentialAction":[{"@type":"SearchAction","target":{"@type":"EntryPoint","urlTemplate":"https:\/\/www.garlicline.com\/?s={search_term_string}"},"query-input":{"@type":"PropertyValueSpecification","valueRequired":true,"valueName":"search_term_string"}}],"inLanguage":"fr-FR"},{"@type":"Organization","@id":"https:\/\/www.garlicline.com\/#organization","name":"ligne d'ail","url":"https:\/\/www.garlicline.com\/","logo":{"@type":"ImageObject","inLanguage":"fr-FR","@id":"https:\/\/www.garlicline.com\/#\/schema\/logo\/image\/","url":"https:\/\/www.garlicline.com\/wp-content\/uploads\/2025\/05\/cropped-gelgoog-logo-1.png","contentUrl":"https:\/\/www.garlicline.com\/wp-content\/uploads\/2025\/05\/cropped-gelgoog-logo-1.png","width":434,"height":267,"caption":"garlicline"},"image":{"@id":"https:\/\/www.garlicline.com\/#\/schema\/logo\/image\/"}},false]}},"yasr_visitor_votes":{"stars_attributes":{"read_only":false,"span_bottom":false},"number_of_votes":1,"sum_votes":5},"_links":{"self":[{"href":"https:\/\/www.garlicline.com\/fr\/wp-json\/wp\/v2\/product\/2623","targetHints":{"allow":["GET"]}}],"collection":[{"href":"https:\/\/www.garlicline.com\/fr\/wp-json\/wp\/v2\/product"}],"about":[{"href":"https:\/\/www.garlicline.com\/fr\/wp-json\/wp\/v2\/types\/product"}],"replies":[{"embeddable":true,"href":"https:\/\/www.garlicline.com\/fr\/wp-json\/wp\/v2\/comments?post=2623"}],"version-history":[{"count":0,"href":"https:\/\/www.garlicline.com\/fr\/wp-json\/wp\/v2\/product\/2623\/revisions"}],"wp:featuredmedia":[{"embeddable":true,"href":"https:\/\/www.garlicline.com\/fr\/wp-json\/wp\/v2\/media\/2626"}],"wp:attachment":[{"href":"https:\/\/www.garlicline.com\/fr\/wp-json\/wp\/v2\/media?parent=2623"}],"wp:term":[{"taxonomy":"product_brand","embeddable":true,"href":"https:\/\/www.garlicline.com\/fr\/wp-json\/wp\/v2\/product_brand?post=2623"},{"taxonomy":"product_cat","embeddable":true,"href":"https:\/\/www.garlicline.com\/fr\/wp-json\/wp\/v2\/product_cat?post=2623"},{"taxonomy":"product_tag","embeddable":true,"href":"https:\/\/www.garlicline.com\/fr\/wp-json\/wp\/v2\/product_tag?post=2623"}],"curies":[{"name":"wp","href":"https:\/\/api.w.org\/{rel}","templated":true}]}}