{"id":2705,"date":"2025-05-15T09:58:35","date_gmt":"2025-05-15T09:58:35","guid":{"rendered":"https:\/\/www.garlicline.com\/?post_type=product&#038;p=2705"},"modified":"2026-02-09T09:13:36","modified_gmt":"2026-02-09T09:13:36","slug":"garlic-size-grading-machine-drum-type","status":"publish","type":"product","link":"https:\/\/www.garlicline.com\/fr\/produit\/garlic-size-grading-machine-drum-type\/","title":{"rendered":"Machine de calibrage de l'ail \u00e0 tambour"},"content":{"rendered":"<p>La calibreuse d'ail est un \u00e9quipement automatis\u00e9 con\u00e7u pour les secteurs de l'agriculture et de la transformation alimentaire. La calibreuse d'ail adopte une technologie de tamisage \u00e0 tambour et de r\u00e9glage intelligent pour r\u00e9aliser efficacement le calibrage des bulbes d'ail, remplacer le tamisage manuel traditionnel et am\u00e9liorer consid\u00e9rablement l'efficacit\u00e9 de la production d'ail et l'homog\u00e9n\u00e9it\u00e9 des produits. Cet \u00e9quipement convient aux producteurs d'ail, aux entreprises de transformation et \u00e0 d'autres sc\u00e9narios.<\/p>\n<h2>Caract\u00e9ristiques de la machine de calibrage de l'ail<\/h2>\n<p>1. La forme du trou du tamis (trou rond, trou long) et la taille peuvent \u00eatre personnalis\u00e9es.<\/p>\n<p>2. Surface de contact en silicone, tri flexible pour \u00e9viter d'endommager la gousse d'ail.<\/p>\n<p>3. \u00c9quip\u00e9 d'un moteur \u00e0 vitesse variable en continu, la vitesse de transport est r\u00e9glable et s'adapte aux diff\u00e9rentes exigences en mati\u00e8re de capacit\u00e9 de production.<\/p>\n<h2>Machine de calibrage de l'ail Avantages significatifs<\/h2>\n<p>\u2705 \u00c9conomiser les co\u00fbts de main-d'\u0153uvre : la niveleuse \u00e0 ail peut remplacer plusieurs travailleurs de tri, r\u00e9duire la d\u00e9pendance \u00e0 l'\u00e9gard de la main-d'\u0153uvre et r\u00e9duire les co\u00fbts de gestion.<\/p>\n<p>\u2705 Augmenter la valeur du produit : Apr\u00e8s un calibrage pr\u00e9cis, l'ail peut \u00eatre vendu \u00e0 des prix diff\u00e9rents pour r\u00e9pondre aux march\u00e9s haut de gamme et aux normes d'exportation, et augmenter les marges b\u00e9n\u00e9ficiaires.<\/p>\n<p>\u2705 S'adapter \u00e0 de multiples sc\u00e9narios : Du traitement primaire sur le terrain aux lignes d'emballage sophistiqu\u00e9es, la calibreuse garlic peut relier les maillons de production en amont et en aval.<\/p>\n<p><img fetchpriority=\"high\" decoding=\"async\" class=\"alignnone size-full wp-image-2706\" src=\"https:\/\/www.garlicline.com\/wp-content\/uploads\/2025\/05\/garlic-size-grader-machine-for-sale.jpg\" alt=\"Machine \u00e0 calibrer l&#039;ail \u00e0 vendre\" width=\"630\" height=\"400\" srcset=\"https:\/\/www.garlicline.com\/wp-content\/uploads\/2025\/05\/garlic-size-grader-machine-for-sale.jpg 630w, https:\/\/www.garlicline.com\/wp-content\/uploads\/2025\/05\/garlic-size-grader-machine-for-sale-300x190.jpg 300w, https:\/\/www.garlicline.com\/wp-content\/uploads\/2025\/05\/garlic-size-grader-machine-for-sale-18x12.jpg 18w, https:\/\/www.garlicline.com\/wp-content\/uploads\/2025\/05\/garlic-size-grader-machine-for-sale-600x381.jpg 600w, https:\/\/www.garlicline.com\/wp-content\/uploads\/2025\/05\/garlic-size-grader-machine-for-sale-64x41.jpg 64w\" sizes=\"(max-width: 630px) 100vw, 630px\" \/><\/p>\n<h2>Sc\u00e9narios d'application de la machine \u00e0 calibrer l'ail<\/h2>\n<p>Coop\u00e9ratives agricoles et bases de plantation : effectuer rapidement le tri primaire apr\u00e8s la r\u00e9colte, stocker ou approvisionner directement le march\u00e9 en fonction des sp\u00e9cifications, et raccourcir le cycle de la cha\u00eene d'approvisionnement.<\/p>\n<p>Usines de transformation alimentaire et entreprises de transformation profonde : fournir des mati\u00e8res premi\u00e8res normalis\u00e9es pour les tranches d'ail, la poudre d'ail, l'ail marin\u00e9 et d'autres produits afin de garantir une qualit\u00e9 de transformation stable.<\/p>\n<p>Soci\u00e9t\u00e9s commerciales d'exportation : r\u00e9pondre aux exigences strictes des march\u00e9s internationaux tels que l'Europe, les \u00c9tats-Unis, le Japon et la Cor\u00e9e du Sud en ce qui concerne la taille et l'apparence de l'ail, et am\u00e9liorer la comp\u00e9titivit\u00e9 \u00e0 l'exportation.<\/p>\n<hr \/>\n<h2 style=\"text-align: center;\">-Laissez un message pour une citation<\/h2>\n\n<div class=\"wpcf7 no-js\" id=\"wpcf7-f961-o1\" lang=\"en-US\" dir=\"ltr\" data-wpcf7-id=\"961\">\n<div class=\"screen-reader-response\"><p role=\"status\" aria-live=\"polite\" aria-atomic=\"true\"><\/p> <ul><\/ul><\/div>\n<form action=\"\/fr\/wp-json\/wp\/v2\/product\/2705#wpcf7-f961-o1\" method=\"post\" class=\"wpcf7-form init\" aria-label=\"Formulaire de contact\" novalidate=\"novalidate\" data-status=\"init\" data-trp-original-action=\"\/fr\/wp-json\/wp\/v2\/product\/2705#wpcf7-f961-o1\">\n<fieldset class=\"hidden-fields-container\"><input type=\"hidden\" name=\"_wpcf7\" value=\"961\" \/><input type=\"hidden\" name=\"_wpcf7_version\" value=\"6.1.1\" \/><input type=\"hidden\" name=\"_wpcf7_locale\" value=\"en_US\" \/><input type=\"hidden\" name=\"_wpcf7_unit_tag\" value=\"wpcf7-f961-o1\" \/><input type=\"hidden\" name=\"_wpcf7_container_post\" value=\"0\" \/><input type=\"hidden\" name=\"_wpcf7_posted_data_hash\" value=\"\" \/>\n<\/fieldset>\n<div class='footform'>\n\t<p><label> Votre nom<br \/>\n<span class=\"wpcf7-form-control-wrap\" data-name=\"your-name\"><input size=\"40\" maxlength=\"400\" class=\"wpcf7-form-control wpcf7-text\" aria-invalid=\"false\" value=\"\" type=\"text\" name=\"your-name\" \/><\/span> <\/label>\n\t<\/p>\n\t<p><label>* Votre email<br \/>\n<span class=\"wpcf7-form-control-wrap\" data-name=\"your-email\"><input size=\"40\" maxlength=\"400\" class=\"wpcf7-form-control wpcf7-email wpcf7-validates-as-required wpcf7-text wpcf7-validates-as-email\" aria-required=\"true\" aria-invalid=\"false\" value=\"\" type=\"email\" name=\"your-email\" \/><\/span> <\/label>\n\t<\/p>\n\t<p><label>* Votre message<br \/>\n<span class=\"wpcf7-form-control-wrap\" data-name=\"your-message\"><textarea cols=\"40\" rows=\"10\" maxlength=\"2000\" class=\"wpcf7-form-control wpcf7-textarea wpcf7-validates-as-required\" aria-required=\"true\" aria-invalid=\"false\" name=\"your-message\"><\/textarea><\/span> <\/label>\n\t<\/p>\n\t<p><input class=\"wpcf7-form-control wpcf7-submit has-spinner\" type=\"submit\" value=\"Soumettre\" \/>\n\t<\/p>\n<\/div><p style=\"display: none !important;\" class=\"akismet-fields-container\" data-prefix=\"_wpcf7_ak_\"><label>&#916;<textarea name=\"_wpcf7_ak_hp_textarea\" cols=\"45\" rows=\"8\" maxlength=\"100\"><\/textarea><\/label><input type=\"hidden\" id=\"ak_js_1\" name=\"_wpcf7_ak_js\" value=\"211\"\/><script>document.getElementById( \"ak_js_1\" ).setAttribute( \"value\", ( new Date() ).getTime() );<\/script><\/p><div class=\"wpcf7-response-output\" aria-hidden=\"true\"><\/div>\n<input type=\"hidden\" name=\"trp-form-language\" value=\"fr\"\/><\/form>\n<\/div>\n\n<div style='text-align:left' class='yasr-auto-insert-visitor'><\/div>","protected":false},"excerpt":{"rendered":"<p>La calibreuse d'ail est un \u00e9quipement automatis\u00e9 con\u00e7u pour les secteurs de l'agriculture et de la transformation alimentaire. La calibreuse d'ail adopte un tamis \u00e0 tambour et une technologie d'ajustement intelligente pour r\u00e9aliser efficacement le calibrage des bulbes d'ail, remplacer le tamisage manuel traditionnel et am\u00e9liorer consid\u00e9rablement l'efficacit\u00e9 de la production d'ail et l'uniformit\u00e9 des produits. Cet \u00e9quipement convient aux producteurs d'ail, ...<\/p>\n<p class=\"read-more\"> <a class=\"\" href=\"https:\/\/www.garlicline.com\/fr\/produit\/garlic-size-grading-machine-drum-type\/\"> <span class=\"screen-reader-text\">Machine de calibrage de l'ail \u00e0 tambour<\/span> Lire la suite \"<\/a><\/p>","protected":false},"featured_media":2708,"comment_status":"open","ping_status":"closed","template":"","meta":{"site-sidebar-layout":"default","site-content-layout":"default","ast-global-header-display":"","ast-main-header-display":"","ast-hfb-above-header-display":"","ast-hfb-below-header-display":"","ast-hfb-mobile-header-display":"","site-post-title":"","ast-breadcrumbs-content":"","ast-featured-img":"","footer-sml-layout":"","theme-transparent-header-meta":"default","adv-header-id-meta":"","stick-header-meta":"","header-above-stick-meta":"","header-main-stick-meta":"","header-below-stick-meta":"","yasr_overall_rating":5,"yasr_post_is_review":"","yasr_auto_insert_disabled":"","yasr_review_type":""},"product_brand":[],"product_cat":[33],"product_tag":[],"class_list":{"0":"post-2705","1":"product","2":"type-product","3":"status-publish","4":"has-post-thumbnail","6":"product_cat-products","8":"first","9":"instock","10":"shipping-taxable","11":"product-type-simple"},"yoast_head":"<!-- This site is optimized with the Yoast SEO plugin v25.7 - https:\/\/yoast.com\/wordpress\/plugins\/seo\/ -->\n<title>Garlic Size Grading Machine Drum Type<\/title>\n<meta name=\"description\" content=\"The garlic size grading machine adopts drum screening and intelligent adjustment technology to efficiently complete the particle size classification of garlic.\" \/>\n<meta name=\"robots\" content=\"index, follow, max-snippet:-1, max-image-preview:large, max-video-preview:-1\" \/>\n<link rel=\"canonical\" href=\"https:\/\/www.garlicline.com\/fr\/produit\/garlic-size-grading-machine-drum-type\/\" \/>\n<meta property=\"og:locale\" content=\"fr_FR\" \/>\n<meta property=\"og:type\" content=\"article\" \/>\n<meta property=\"og:title\" content=\"Garlic Size Grading Machine Drum Type\" \/>\n<meta property=\"og:description\" content=\"The garlic size grading machine adopts drum screening and intelligent adjustment technology to efficiently complete the particle size classification of garlic.\" \/>\n<meta property=\"og:url\" content=\"https:\/\/www.garlicline.com\/fr\/produit\/garlic-size-grading-machine-drum-type\/\" \/>\n<meta property=\"og:site_name\" content=\"garlicline\" \/>\n<meta property=\"article:modified_time\" content=\"2026-02-09T09:13:36+00:00\" \/>\n<meta property=\"og:image\" content=\"https:\/\/www.garlicline.com\/wp-content\/uploads\/2025\/05\/garlic-size-grading-machine.jpg\" \/>\n\t<meta property=\"og:image:width\" content=\"600\" \/>\n\t<meta property=\"og:image:height\" content=\"600\" \/>\n\t<meta property=\"og:image:type\" content=\"image\/jpeg\" \/>\n<meta name=\"twitter:card\" content=\"summary_large_image\" \/>\n<meta name=\"twitter:label1\" content=\"Dur\u00e9e de lecture estim\u00e9e\" \/>\n\t<meta name=\"twitter:data1\" content=\"1 minute\" \/>\n<script type=\"application\/ld+json\" class=\"yoast-schema-graph\">{\"@context\":\"https:\/\/schema.org\",\"@graph\":[{\"@type\":\"WebPage\",\"@id\":\"https:\/\/www.garlicline.com\/product\/garlic-size-grading-machine-drum-type\/\",\"url\":\"https:\/\/www.garlicline.com\/product\/garlic-size-grading-machine-drum-type\/\",\"name\":\"Garlic Size Grading Machine Drum Type\",\"isPartOf\":{\"@id\":\"https:\/\/www.garlicline.com\/#website\"},\"primaryImageOfPage\":{\"@id\":\"https:\/\/www.garlicline.com\/product\/garlic-size-grading-machine-drum-type\/#primaryimage\"},\"image\":{\"@id\":\"https:\/\/www.garlicline.com\/product\/garlic-size-grading-machine-drum-type\/#primaryimage\"},\"thumbnailUrl\":\"https:\/\/www.garlicline.com\/wp-content\/uploads\/2025\/05\/garlic-size-grading-machine.jpg\",\"datePublished\":\"2025-05-15T09:58:35+00:00\",\"dateModified\":\"2026-02-09T09:13:36+00:00\",\"description\":\"The garlic size grading machine adopts drum screening and intelligent adjustment technology to efficiently complete the particle size classification of garlic.\",\"breadcrumb\":{\"@id\":\"https:\/\/www.garlicline.com\/product\/garlic-size-grading-machine-drum-type\/#breadcrumb\"},\"inLanguage\":\"fr-FR\",\"potentialAction\":[{\"@type\":\"ReadAction\",\"target\":[\"https:\/\/www.garlicline.com\/product\/garlic-size-grading-machine-drum-type\/\"]}]},{\"@type\":\"ImageObject\",\"inLanguage\":\"fr-FR\",\"@id\":\"https:\/\/www.garlicline.com\/product\/garlic-size-grading-machine-drum-type\/#primaryimage\",\"url\":\"https:\/\/www.garlicline.com\/wp-content\/uploads\/2025\/05\/garlic-size-grading-machine.jpg\",\"contentUrl\":\"https:\/\/www.garlicline.com\/wp-content\/uploads\/2025\/05\/garlic-size-grading-machine.jpg\",\"width\":600,\"height\":600,\"caption\":\"garlic-size-grading-machine\"},{\"@type\":\"BreadcrumbList\",\"@id\":\"https:\/\/www.garlicline.com\/product\/garlic-size-grading-machine-drum-type\/#breadcrumb\",\"itemListElement\":[{\"@type\":\"ListItem\",\"position\":1,\"name\":\"Home\",\"item\":\"https:\/\/www.garlicline.com\/\"},{\"@type\":\"ListItem\",\"position\":2,\"name\":\"Products\",\"item\":\"https:\/\/www.garlicline.com\/products\/\"},{\"@type\":\"ListItem\",\"position\":3,\"name\":\"Garlic Size Grading Machine Drum Type\"}]},{\"@type\":\"WebSite\",\"@id\":\"https:\/\/www.garlicline.com\/#website\",\"url\":\"https:\/\/www.garlicline.com\/\",\"name\":\"garlicline\",\"description\":\"garlic processing machine supplier\",\"publisher\":{\"@id\":\"https:\/\/www.garlicline.com\/#organization\"},\"potentialAction\":[{\"@type\":\"SearchAction\",\"target\":{\"@type\":\"EntryPoint\",\"urlTemplate\":\"https:\/\/www.garlicline.com\/?s={search_term_string}\"},\"query-input\":{\"@type\":\"PropertyValueSpecification\",\"valueRequired\":true,\"valueName\":\"search_term_string\"}}],\"inLanguage\":\"fr-FR\"},{\"@type\":\"Organization\",\"@id\":\"https:\/\/www.garlicline.com\/#organization\",\"name\":\"garlicline\",\"url\":\"https:\/\/www.garlicline.com\/\",\"logo\":{\"@type\":\"ImageObject\",\"inLanguage\":\"fr-FR\",\"@id\":\"https:\/\/www.garlicline.com\/#\/schema\/logo\/image\/\",\"url\":\"https:\/\/www.garlicline.com\/wp-content\/uploads\/2025\/05\/cropped-gelgoog-logo-1.png\",\"contentUrl\":\"https:\/\/www.garlicline.com\/wp-content\/uploads\/2025\/05\/cropped-gelgoog-logo-1.png\",\"width\":434,\"height\":267,\"caption\":\"garlicline\"},\"image\":{\"@id\":\"https:\/\/www.garlicline.com\/#\/schema\/logo\/image\/\"}},false]}<\/script>\n<!-- \/ Yoast SEO plugin. -->","yoast_head_json":{"title":"Machine de calibrage de l'ail \u00e0 tambour","description":"La machine de calibrage de l'ail adopte une technologie de tamisage \u00e0 tambour et d'ajustement intelligent pour r\u00e9aliser efficacement la classification de la taille des particules de l'ail.","robots":{"index":"index","follow":"follow","max-snippet":"max-snippet:-1","max-image-preview":"max-image-preview:large","max-video-preview":"max-video-preview:-1"},"canonical":"https:\/\/www.garlicline.com\/fr\/produit\/garlic-size-grading-machine-drum-type\/","og_locale":"fr_FR","og_type":"article","og_title":"Garlic Size Grading Machine Drum Type","og_description":"The garlic size grading machine adopts drum screening and intelligent adjustment technology to efficiently complete the particle size classification of garlic.","og_url":"https:\/\/www.garlicline.com\/fr\/produit\/garlic-size-grading-machine-drum-type\/","og_site_name":"garlicline","article_modified_time":"2026-02-09T09:13:36+00:00","og_image":[{"width":600,"height":600,"url":"https:\/\/www.garlicline.com\/wp-content\/uploads\/2025\/05\/garlic-size-grading-machine.jpg","type":"image\/jpeg"}],"twitter_card":"summary_large_image","twitter_misc":{"Dur\u00e9e de lecture estim\u00e9e":"1 minute"},"schema":{"@context":"https:\/\/schema.org","@graph":[{"@type":"WebPage","@id":"https:\/\/www.garlicline.com\/product\/garlic-size-grading-machine-drum-type\/","url":"https:\/\/www.garlicline.com\/product\/garlic-size-grading-machine-drum-type\/","name":"Machine de calibrage de l'ail \u00e0 tambour","isPartOf":{"@id":"https:\/\/www.garlicline.com\/#website"},"primaryImageOfPage":{"@id":"https:\/\/www.garlicline.com\/product\/garlic-size-grading-machine-drum-type\/#primaryimage"},"image":{"@id":"https:\/\/www.garlicline.com\/product\/garlic-size-grading-machine-drum-type\/#primaryimage"},"thumbnailUrl":"https:\/\/www.garlicline.com\/wp-content\/uploads\/2025\/05\/garlic-size-grading-machine.jpg","datePublished":"2025-05-15T09:58:35+00:00","dateModified":"2026-02-09T09:13:36+00:00","description":"La machine de calibrage de l'ail adopte une technologie de tamisage \u00e0 tambour et d'ajustement intelligent pour r\u00e9aliser efficacement la classification de la taille des particules de l'ail.","breadcrumb":{"@id":"https:\/\/www.garlicline.com\/product\/garlic-size-grading-machine-drum-type\/#breadcrumb"},"inLanguage":"fr-FR","potentialAction":[{"@type":"ReadAction","target":["https:\/\/www.garlicline.com\/product\/garlic-size-grading-machine-drum-type\/"]}]},{"@type":"ImageObject","inLanguage":"fr-FR","@id":"https:\/\/www.garlicline.com\/product\/garlic-size-grading-machine-drum-type\/#primaryimage","url":"https:\/\/www.garlicline.com\/wp-content\/uploads\/2025\/05\/garlic-size-grading-machine.jpg","contentUrl":"https:\/\/www.garlicline.com\/wp-content\/uploads\/2025\/05\/garlic-size-grading-machine.jpg","width":600,"height":600,"caption":"garlic-size-grading-machine"},{"@type":"BreadcrumbList","@id":"https:\/\/www.garlicline.com\/product\/garlic-size-grading-machine-drum-type\/#breadcrumb","itemListElement":[{"@type":"ListItem","position":1,"name":"Home","item":"https:\/\/www.garlicline.com\/"},{"@type":"ListItem","position":2,"name":"Products","item":"https:\/\/www.garlicline.com\/products\/"},{"@type":"ListItem","position":3,"name":"Garlic Size Grading Machine Drum Type"}]},{"@type":"WebSite","@id":"https:\/\/www.garlicline.com\/#website","url":"https:\/\/www.garlicline.com\/","name":"ligne d'ail","description":"fournisseur de machines de traitement de l'ail","publisher":{"@id":"https:\/\/www.garlicline.com\/#organization"},"potentialAction":[{"@type":"SearchAction","target":{"@type":"EntryPoint","urlTemplate":"https:\/\/www.garlicline.com\/?s={search_term_string}"},"query-input":{"@type":"PropertyValueSpecification","valueRequired":true,"valueName":"search_term_string"}}],"inLanguage":"fr-FR"},{"@type":"Organization","@id":"https:\/\/www.garlicline.com\/#organization","name":"ligne d'ail","url":"https:\/\/www.garlicline.com\/","logo":{"@type":"ImageObject","inLanguage":"fr-FR","@id":"https:\/\/www.garlicline.com\/#\/schema\/logo\/image\/","url":"https:\/\/www.garlicline.com\/wp-content\/uploads\/2025\/05\/cropped-gelgoog-logo-1.png","contentUrl":"https:\/\/www.garlicline.com\/wp-content\/uploads\/2025\/05\/cropped-gelgoog-logo-1.png","width":434,"height":267,"caption":"garlicline"},"image":{"@id":"https:\/\/www.garlicline.com\/#\/schema\/logo\/image\/"}},false]}},"yasr_visitor_votes":{"stars_attributes":{"read_only":false,"span_bottom":false},"number_of_votes":1,"sum_votes":5},"_links":{"self":[{"href":"https:\/\/www.garlicline.com\/fr\/wp-json\/wp\/v2\/product\/2705","targetHints":{"allow":["GET"]}}],"collection":[{"href":"https:\/\/www.garlicline.com\/fr\/wp-json\/wp\/v2\/product"}],"about":[{"href":"https:\/\/www.garlicline.com\/fr\/wp-json\/wp\/v2\/types\/product"}],"replies":[{"embeddable":true,"href":"https:\/\/www.garlicline.com\/fr\/wp-json\/wp\/v2\/comments?post=2705"}],"version-history":[{"count":0,"href":"https:\/\/www.garlicline.com\/fr\/wp-json\/wp\/v2\/product\/2705\/revisions"}],"wp:featuredmedia":[{"embeddable":true,"href":"https:\/\/www.garlicline.com\/fr\/wp-json\/wp\/v2\/media\/2708"}],"wp:attachment":[{"href":"https:\/\/www.garlicline.com\/fr\/wp-json\/wp\/v2\/media?parent=2705"}],"wp:term":[{"taxonomy":"product_brand","embeddable":true,"href":"https:\/\/www.garlicline.com\/fr\/wp-json\/wp\/v2\/product_brand?post=2705"},{"taxonomy":"product_cat","embeddable":true,"href":"https:\/\/www.garlicline.com\/fr\/wp-json\/wp\/v2\/product_cat?post=2705"},{"taxonomy":"product_tag","embeddable":true,"href":"https:\/\/www.garlicline.com\/fr\/wp-json\/wp\/v2\/product_tag?post=2705"}],"curies":[{"name":"wp","href":"https:\/\/api.w.org\/{rel}","templated":true}]}}