{"id":2719,"date":"2025-08-19T08:55:12","date_gmt":"2025-08-19T08:55:12","guid":{"rendered":"https:\/\/www.garlicline.com\/?post_type=product&#038;p=2719"},"modified":"2026-02-09T09:06:58","modified_gmt":"2026-02-09T09:06:58","slug":"basil-pesto-sauce-production-line-turnkey-factory","status":"publish","type":"product","link":"https:\/\/www.garlicline.com\/fr\/produit\/basil-pesto-sauce-production-line-turnkey-factory\/","title":{"rendered":"Ligne de production de sauce pesto au basilic Usine cl\u00e9 en main"},"content":{"rendered":"<p>La ligne de production de sauce pesto est une installation automatis\u00e9e sp\u00e9cialement con\u00e7ue pour la production \u00e0 grande \u00e9chelle de pesto au basilic. Elle transforme les feuilles de basilic frais, l'ail, les pignons de pin, l'huile d'olive et le fromage en bouteilles de pesto au basilic de haute qualit\u00e9 selon un rapport de formule sp\u00e9cifique. La ligne int\u00e8gre une technologie m\u00e9canique avanc\u00e9e, des syst\u00e8mes de contr\u00f4le intelligents et des techniques de transformation des aliments. La ligne de production de sauce pesto offre de nombreux avantages, notamment une efficacit\u00e9, une stabilit\u00e9 et une hygi\u00e8ne \u00e9lev\u00e9es.<\/p>\n<p>&nbsp;<\/p>\n<h2>Ligne de traitement de la sauce pesto<\/h2>\n<p>&nbsp;<\/p>\n<p>Pr\u00e9traitement des mati\u00e8res premi\u00e8res : L'ail est automatiquement \u00e9pluch\u00e9 et hach\u00e9. Le nettoyage par bulles d'air et la technologie de d\u00e9shydratation par centrifugation nettoient en profondeur les feuilles de basilic fra\u00eeches et \u00e9liminent rapidement l'humidit\u00e9 de surface.<\/p>\n<p>Broyage : Les feuilles de basilic, les noix, l'ail et le fromage r\u00e2p\u00e9 sont progressivement ajout\u00e9s \u00e0 la p\u00e2te. <a href=\"https:\/\/www.garlicline.com\/fr\/produit\/garlic-ginger-grinder-machine\/\"><strong>machine \u00e0 broyer l'ail<\/strong><\/a>. Un \u00e9quipement de broyage avanc\u00e9 permet de contr\u00f4ler avec pr\u00e9cision le degr\u00e9 de broyage afin de r\u00e9pondre aux diff\u00e9rentes exigences des clients en mati\u00e8re de texture de la sauce.<\/p>\n<p>M\u00e9lange : Les feuilles de basilic pr\u00e9trait\u00e9es, l'ail, les pignons de pin, le fromage et les quantit\u00e9s appropri\u00e9es de sel et d'huile d'olive sont ajout\u00e9s \u00e0 l'\u00e9quipement de m\u00e9lange \u00e0 grande \u00e9chelle selon le ratio pr\u00e9cis de la formule.<\/p>\n<p>St\u00e9rilisation : La ligne de production utilise des technologies de st\u00e9rilisation avanc\u00e9es, telles que la st\u00e9rilisation flash \u00e0 haute temp\u00e9rature ou la pasteurisation, afin d'\u00e9liminer efficacement les micro-organismes nocifs pr\u00e9sents dans la sauce tout en pr\u00e9servant au maximum la saveur et le contenu nutritionnel d'origine, garantissant ainsi la qualit\u00e9 et la s\u00e9curit\u00e9 du produit.<\/p>\n<p>Conditionnement et stockage : La sauce pesto au basilic st\u00e9rilis\u00e9e est conditionn\u00e9e \u00e0 l'aide d'un \u00e9quipement d'emballage automatis\u00e9 selon diverses sp\u00e9cifications et formats d'emballage. Les formats d'emballage les plus courants sont les bouteilles, les bo\u00eetes et les sacs, afin de r\u00e9pondre aux diff\u00e9rents besoins des clients.<\/p>\n<p><img fetchpriority=\"high\" decoding=\"async\" class=\"alignnone size-full wp-image-2720\" src=\"https:\/\/www.garlicline.com\/wp-content\/uploads\/2025\/08\/Pesto-Sauce-Production-Line.jpg\" alt=\"Ligne de production de la sauce pesto\" width=\"972\" height=\"426\" srcset=\"https:\/\/www.garlicline.com\/wp-content\/uploads\/2025\/08\/Pesto-Sauce-Production-Line.jpg 972w, https:\/\/www.garlicline.com\/wp-content\/uploads\/2025\/08\/Pesto-Sauce-Production-Line-300x131.jpg 300w, https:\/\/www.garlicline.com\/wp-content\/uploads\/2025\/08\/Pesto-Sauce-Production-Line-768x337.jpg 768w, https:\/\/www.garlicline.com\/wp-content\/uploads\/2025\/08\/Pesto-Sauce-Production-Line-18x8.jpg 18w, https:\/\/www.garlicline.com\/wp-content\/uploads\/2025\/08\/Pesto-Sauce-Production-Line-600x263.jpg 600w, https:\/\/www.garlicline.com\/wp-content\/uploads\/2025\/08\/Pesto-Sauce-Production-Line-64x28.jpg 64w\" sizes=\"(max-width: 972px) 100vw, 972px\" \/><\/p>\n<p>&nbsp;<\/p>\n<h2>Avantages de la ligne de production de sauce pesto<\/h2>\n<p>Qualit\u00e9 stable du produit : Gr\u00e2ce \u00e0 un \u00e9quipement de production avanc\u00e9, \u00e0 un contr\u00f4le pr\u00e9cis des formules et \u00e0 un syst\u00e8me rigoureux de contr\u00f4le de la qualit\u00e9, la cha\u00eene de production garantit une saveur, une texture et une couleur tr\u00e8s homog\u00e8nes dans chaque lot de sauce pesto au basilic.<\/p>\n<p>Capacit\u00e9 de production efficace : La ligne de production de sauce pesto hautement automatis\u00e9e am\u00e9liore consid\u00e9rablement l'efficacit\u00e9 de la production, permettant de produire de grandes quantit\u00e9s de produits en peu de temps, ce qui se traduit par des rendements \u00e9conomiques plus \u00e9lev\u00e9s pour l'entreprise.<\/p>\n<p>Avantage en termes de co\u00fbts : \u00e0 long terme, sa capacit\u00e9 de production \u00e9lev\u00e9e et ses faibles co\u00fbts de main-d'\u0153uvre peuvent effectivement r\u00e9duire les co\u00fbts de production unitaires, ce qui accro\u00eet encore la marge b\u00e9n\u00e9ficiaire de l'entreprise.<\/p>\n<p>Innovation des produits : La ligne de production avanc\u00e9e de sauce pesto est flexible, ce qui permet d'innover et d'am\u00e9liorer les produits en fonction de la demande du march\u00e9 et des commentaires des clients. Par exemple, la formule des ingr\u00e9dients peut \u00eatre ajust\u00e9e pour d\u00e9velopper diff\u00e9rentes saveurs de sauce pesto au basilic, comme l'ajout de piments ou de tomates, afin de r\u00e9pondre aux go\u00fbts des diff\u00e9rents consommateurs.<\/p>\n<h2>Nos services et prestations<\/h2>\n<p>Ligne de production de sauce au basilic compl\u00e8te et cl\u00e9 en main : conception du proc\u00e9d\u00e9 \u2192 fabrication de l'\u00e9quipement \u2192 installation sur site \u2192 mise en service de la recette \u2192 formation des op\u00e9rateurs.<\/p>\n<p>Personnalisation flexible : Compatible avec la production de sauce aux \u00e9pinards, de pesto au s\u00e9same, de sauce au chou fris\u00e9, etc.<\/p>\n<p>Si vous souhaitez en savoir plus sur la ligne de production de sauce pesto, vous pouvez laisser un message \u00e0 tout moment, ou ajouter des informations de contact pour nous contacter.<\/p>\n<p>Si vous souhaitez fabriquer des sauces pesto et conna\u00eetre le co\u00fbt de l'usine de fabrication de pesto, n'h\u00e9sitez pas \u00e0 nous contacter. Nous sommes un fabricant d'\u00e9quipement de traitement de sauce \u00e0 l'ail et pouvons fournir des solutions personnalis\u00e9es pour diff\u00e9rents volumes de production.<\/p>\n<p>&nbsp;<\/p>\n<hr \/>\n<h2 style=\"text-align: center;\">-Laissez un message pour une citation<\/h2>\n\n<div class=\"wpcf7 no-js\" id=\"wpcf7-f1191-o1\" lang=\"en-US\" dir=\"ltr\" data-wpcf7-id=\"1191\">\n<div class=\"screen-reader-response\"><p role=\"status\" aria-live=\"polite\" aria-atomic=\"true\"><\/p> <ul><\/ul><\/div>\n<form action=\"\/fr\/wp-json\/wp\/v2\/product\/2719#wpcf7-f1191-o1\" method=\"post\" class=\"wpcf7-form init\" aria-label=\"Formulaire de contact\" novalidate=\"novalidate\" data-status=\"init\" data-trp-original-action=\"\/fr\/wp-json\/wp\/v2\/product\/2719#wpcf7-f1191-o1\">\n<fieldset class=\"hidden-fields-container\"><input type=\"hidden\" name=\"_wpcf7\" value=\"1191\" \/><input type=\"hidden\" name=\"_wpcf7_version\" value=\"6.1.1\" \/><input type=\"hidden\" name=\"_wpcf7_locale\" value=\"en_US\" \/><input type=\"hidden\" name=\"_wpcf7_unit_tag\" value=\"wpcf7-f1191-o1\" \/><input type=\"hidden\" name=\"_wpcf7_container_post\" value=\"0\" \/><input type=\"hidden\" name=\"_wpcf7_posted_data_hash\" value=\"\" \/>\n<\/fieldset>\n<div class='proformleft'>\n\t<p><label> Votre nom<br \/>\n<span class=\"wpcf7-form-control-wrap\" data-name=\"your-name\"><input size=\"40\" maxlength=\"400\" class=\"wpcf7-form-control wpcf7-text\" aria-invalid=\"false\" value=\"\" type=\"text\" name=\"your-name\" \/><\/span> <\/label>\n\t<\/p>\n\t<p><label> *Votre Email<br \/>\n<span class=\"wpcf7-form-control-wrap\" data-name=\"your-email\"><input size=\"40\" maxlength=\"400\" class=\"wpcf7-form-control wpcf7-email wpcf7-validates-as-required wpcf7-text wpcf7-validates-as-email\" aria-required=\"true\" aria-invalid=\"false\" value=\"\" type=\"email\" name=\"your-email\" \/><\/span> <\/label>\n\t<\/p>\n\t<p><label> *Votre t\u00e9l\u00e9phone<br \/>\n<span class=\"wpcf7-form-control-wrap\" data-name=\"tel-224\"><input size=\"40\" maxlength=\"400\" class=\"wpcf7-form-control wpcf7-tel wpcf7-validates-as-required wpcf7-text wpcf7-validates-as-tel\" aria-required=\"true\" aria-invalid=\"false\" value=\"\" type=\"tel\" name=\"tel-224\" \/><\/span> <\/label>\n\t<\/p>\n\t<p><label> Votre pays<br \/>\n<span class=\"wpcf7-form-control-wrap\" data-name=\"your-country\"><input size=\"40\" maxlength=\"400\" class=\"wpcf7-form-control wpcf7-text\" aria-invalid=\"false\" value=\"\" type=\"text\" name=\"your-country\" \/><\/span> <\/label>\n\t<\/p>\n<\/div>\n<div class='proformright'>\n\t<p><label> *Votre message<br \/>\n<span class=\"wpcf7-form-control-wrap\" data-name=\"your-message\"><textarea cols=\"40\" rows=\"10\" maxlength=\"2000\" class=\"wpcf7-form-control wpcf7-textarea wpcf7-validates-as-required\" aria-required=\"true\" aria-invalid=\"false\" name=\"your-message\"><\/textarea><\/span> <\/label>\n\t<\/p>\n\t<p><input class=\"wpcf7-form-control wpcf7-submit has-spinner\" type=\"submit\" value=\"Envoyer\" \/>\n\t<\/p>\n<\/div>\n<div style='clear:both'>\n<\/div><p style=\"display: none !important;\" class=\"akismet-fields-container\" data-prefix=\"_wpcf7_ak_\"><label>&#916;<textarea name=\"_wpcf7_ak_hp_textarea\" cols=\"45\" rows=\"8\" maxlength=\"100\"><\/textarea><\/label><input type=\"hidden\" id=\"ak_js_1\" name=\"_wpcf7_ak_js\" value=\"123\"\/><script>document.getElementById( \"ak_js_1\" ).setAttribute( \"value\", ( new Date() ).getTime() );<\/script><\/p><div class=\"wpcf7-response-output\" aria-hidden=\"true\"><\/div>\n<input type=\"hidden\" name=\"trp-form-language\" value=\"fr\"\/><\/form>\n<\/div>\n\n<p>&nbsp;<\/p>\n<p>&nbsp;<\/p>\n<div style='text-align:left' class='yasr-auto-insert-visitor'><\/div>","protected":false},"excerpt":{"rendered":"<p>La ligne de production de sauce pesto est une installation automatis\u00e9e sp\u00e9cialement con\u00e7ue pour la production \u00e0 grande \u00e9chelle de pesto au basilic. Elle transforme les feuilles de basilic frais, l'ail, les pignons de pin, l'huile d'olive et le fromage en bouteilles de pesto au basilic de haute qualit\u00e9 selon un ratio de formule sp\u00e9cifique. La ligne int\u00e8gre une technologie m\u00e9canique avanc\u00e9e, des syst\u00e8mes de contr\u00f4le intelligents et des techniques de transformation des aliments. pesto ...<\/p>\n<p class=\"read-more\"> <a class=\"\" href=\"https:\/\/www.garlicline.com\/fr\/produit\/basil-pesto-sauce-production-line-turnkey-factory\/\"> <span class=\"screen-reader-text\">Ligne de production de sauce pesto au basilic Usine cl\u00e9 en main<\/span> Lire la suite \"<\/a><\/p>","protected":false},"featured_media":2721,"comment_status":"open","ping_status":"closed","template":"","meta":{"site-sidebar-layout":"default","site-content-layout":"default","ast-global-header-display":"","ast-main-header-display":"","ast-hfb-above-header-display":"","ast-hfb-below-header-display":"","ast-hfb-mobile-header-display":"","site-post-title":"","ast-breadcrumbs-content":"","ast-featured-img":"","footer-sml-layout":"","theme-transparent-header-meta":"default","adv-header-id-meta":"","stick-header-meta":"","header-above-stick-meta":"","header-main-stick-meta":"","header-below-stick-meta":"","yasr_overall_rating":5,"yasr_post_is_review":"","yasr_auto_insert_disabled":"","yasr_review_type":""},"product_brand":[],"product_cat":[33],"product_tag":[],"class_list":{"0":"post-2719","1":"product","2":"type-product","3":"status-publish","4":"has-post-thumbnail","6":"product_cat-products","8":"first","9":"instock","10":"shipping-taxable","11":"product-type-simple"},"yoast_head":"<!-- This site is optimized with the Yoast SEO plugin v25.7 - https:\/\/yoast.com\/wordpress\/plugins\/seo\/ -->\n<title>Basil Pesto Sauce Production Line Turnkey Factory<\/title>\n<meta name=\"description\" content=\"Pesto sauce production line transforms fresh basil leaves, garlic, pine nuts, olive oil, and cheese into bottles of high-quality basil pesto according to a specific formula ratio.\" \/>\n<meta name=\"robots\" content=\"index, follow, max-snippet:-1, max-image-preview:large, max-video-preview:-1\" \/>\n<link rel=\"canonical\" href=\"https:\/\/www.garlicline.com\/fr\/produit\/basil-pesto-sauce-production-line-turnkey-factory\/\" \/>\n<meta property=\"og:locale\" content=\"fr_FR\" \/>\n<meta property=\"og:type\" content=\"article\" \/>\n<meta property=\"og:title\" content=\"Basil Pesto Sauce Production Line Turnkey Factory\" \/>\n<meta property=\"og:description\" content=\"Pesto sauce production line transforms fresh basil leaves, garlic, pine nuts, olive oil, and cheese into bottles of high-quality basil pesto according to a specific formula ratio.\" \/>\n<meta property=\"og:url\" content=\"https:\/\/www.garlicline.com\/fr\/produit\/basil-pesto-sauce-production-line-turnkey-factory\/\" \/>\n<meta property=\"og:site_name\" content=\"garlicline\" \/>\n<meta property=\"article:modified_time\" content=\"2026-02-09T09:06:58+00:00\" \/>\n<meta property=\"og:image\" content=\"https:\/\/www.garlicline.com\/wp-content\/uploads\/2025\/08\/Pesto-Sauce-line.jpg\" \/>\n\t<meta property=\"og:image:width\" content=\"600\" \/>\n\t<meta property=\"og:image:height\" content=\"600\" \/>\n\t<meta property=\"og:image:type\" content=\"image\/jpeg\" \/>\n<meta name=\"twitter:card\" content=\"summary_large_image\" \/>\n<meta name=\"twitter:label1\" content=\"Dur\u00e9e de lecture estim\u00e9e\" \/>\n\t<meta name=\"twitter:data1\" content=\"3 minutes\" \/>\n<script type=\"application\/ld+json\" class=\"yoast-schema-graph\">{\"@context\":\"https:\/\/schema.org\",\"@graph\":[{\"@type\":\"WebPage\",\"@id\":\"https:\/\/www.garlicline.com\/product\/basil-pesto-sauce-production-line-turnkey-factory\/\",\"url\":\"https:\/\/www.garlicline.com\/product\/basil-pesto-sauce-production-line-turnkey-factory\/\",\"name\":\"Basil Pesto Sauce Production Line Turnkey Factory\",\"isPartOf\":{\"@id\":\"https:\/\/www.garlicline.com\/#website\"},\"primaryImageOfPage\":{\"@id\":\"https:\/\/www.garlicline.com\/product\/basil-pesto-sauce-production-line-turnkey-factory\/#primaryimage\"},\"image\":{\"@id\":\"https:\/\/www.garlicline.com\/product\/basil-pesto-sauce-production-line-turnkey-factory\/#primaryimage\"},\"thumbnailUrl\":\"https:\/\/www.garlicline.com\/wp-content\/uploads\/2025\/08\/Pesto-Sauce-line.jpg\",\"datePublished\":\"2025-08-19T08:55:12+00:00\",\"dateModified\":\"2026-02-09T09:06:58+00:00\",\"description\":\"Pesto sauce production line transforms fresh basil leaves, garlic, pine nuts, olive oil, and cheese into bottles of high-quality basil pesto according to a specific formula ratio.\",\"breadcrumb\":{\"@id\":\"https:\/\/www.garlicline.com\/product\/basil-pesto-sauce-production-line-turnkey-factory\/#breadcrumb\"},\"inLanguage\":\"fr-FR\",\"potentialAction\":[{\"@type\":\"ReadAction\",\"target\":[\"https:\/\/www.garlicline.com\/product\/basil-pesto-sauce-production-line-turnkey-factory\/\"]}]},{\"@type\":\"ImageObject\",\"inLanguage\":\"fr-FR\",\"@id\":\"https:\/\/www.garlicline.com\/product\/basil-pesto-sauce-production-line-turnkey-factory\/#primaryimage\",\"url\":\"https:\/\/www.garlicline.com\/wp-content\/uploads\/2025\/08\/Pesto-Sauce-line.jpg\",\"contentUrl\":\"https:\/\/www.garlicline.com\/wp-content\/uploads\/2025\/08\/Pesto-Sauce-line.jpg\",\"width\":600,\"height\":600},{\"@type\":\"BreadcrumbList\",\"@id\":\"https:\/\/www.garlicline.com\/product\/basil-pesto-sauce-production-line-turnkey-factory\/#breadcrumb\",\"itemListElement\":[{\"@type\":\"ListItem\",\"position\":1,\"name\":\"Home\",\"item\":\"https:\/\/www.garlicline.com\/\"},{\"@type\":\"ListItem\",\"position\":2,\"name\":\"Products\",\"item\":\"https:\/\/www.garlicline.com\/products\/\"},{\"@type\":\"ListItem\",\"position\":3,\"name\":\"Basil Pesto Sauce Production Line Turnkey Factory\"}]},{\"@type\":\"WebSite\",\"@id\":\"https:\/\/www.garlicline.com\/#website\",\"url\":\"https:\/\/www.garlicline.com\/\",\"name\":\"garlicline\",\"description\":\"garlic processing machine supplier\",\"publisher\":{\"@id\":\"https:\/\/www.garlicline.com\/#organization\"},\"potentialAction\":[{\"@type\":\"SearchAction\",\"target\":{\"@type\":\"EntryPoint\",\"urlTemplate\":\"https:\/\/www.garlicline.com\/?s={search_term_string}\"},\"query-input\":{\"@type\":\"PropertyValueSpecification\",\"valueRequired\":true,\"valueName\":\"search_term_string\"}}],\"inLanguage\":\"fr-FR\"},{\"@type\":\"Organization\",\"@id\":\"https:\/\/www.garlicline.com\/#organization\",\"name\":\"garlicline\",\"url\":\"https:\/\/www.garlicline.com\/\",\"logo\":{\"@type\":\"ImageObject\",\"inLanguage\":\"fr-FR\",\"@id\":\"https:\/\/www.garlicline.com\/#\/schema\/logo\/image\/\",\"url\":\"https:\/\/www.garlicline.com\/wp-content\/uploads\/2025\/05\/cropped-gelgoog-logo-1.png\",\"contentUrl\":\"https:\/\/www.garlicline.com\/wp-content\/uploads\/2025\/05\/cropped-gelgoog-logo-1.png\",\"width\":434,\"height\":267,\"caption\":\"garlicline\"},\"image\":{\"@id\":\"https:\/\/www.garlicline.com\/#\/schema\/logo\/image\/\"}},false]}<\/script>\n<!-- \/ Yoast SEO plugin. -->","yoast_head_json":{"title":"Ligne de production de sauce pesto au basilic Usine cl\u00e9 en main","description":"La ligne de production de sauce pesto transforme des feuilles de basilic frais, de l'ail, des pignons de pin, de l'huile d'olive et du fromage en bouteilles de pesto au basilic de haute qualit\u00e9 selon un rapport de formule sp\u00e9cifique.","robots":{"index":"index","follow":"follow","max-snippet":"max-snippet:-1","max-image-preview":"max-image-preview:large","max-video-preview":"max-video-preview:-1"},"canonical":"https:\/\/www.garlicline.com\/fr\/produit\/basil-pesto-sauce-production-line-turnkey-factory\/","og_locale":"fr_FR","og_type":"article","og_title":"Basil Pesto Sauce Production Line Turnkey Factory","og_description":"Pesto sauce production line transforms fresh basil leaves, garlic, pine nuts, olive oil, and cheese into bottles of high-quality basil pesto according to a specific formula ratio.","og_url":"https:\/\/www.garlicline.com\/fr\/produit\/basil-pesto-sauce-production-line-turnkey-factory\/","og_site_name":"garlicline","article_modified_time":"2026-02-09T09:06:58+00:00","og_image":[{"width":600,"height":600,"url":"https:\/\/www.garlicline.com\/wp-content\/uploads\/2025\/08\/Pesto-Sauce-line.jpg","type":"image\/jpeg"}],"twitter_card":"summary_large_image","twitter_misc":{"Dur\u00e9e de lecture estim\u00e9e":"3 minutes"},"schema":{"@context":"https:\/\/schema.org","@graph":[{"@type":"WebPage","@id":"https:\/\/www.garlicline.com\/product\/basil-pesto-sauce-production-line-turnkey-factory\/","url":"https:\/\/www.garlicline.com\/product\/basil-pesto-sauce-production-line-turnkey-factory\/","name":"Ligne de production de sauce pesto au basilic Usine cl\u00e9 en main","isPartOf":{"@id":"https:\/\/www.garlicline.com\/#website"},"primaryImageOfPage":{"@id":"https:\/\/www.garlicline.com\/product\/basil-pesto-sauce-production-line-turnkey-factory\/#primaryimage"},"image":{"@id":"https:\/\/www.garlicline.com\/product\/basil-pesto-sauce-production-line-turnkey-factory\/#primaryimage"},"thumbnailUrl":"https:\/\/www.garlicline.com\/wp-content\/uploads\/2025\/08\/Pesto-Sauce-line.jpg","datePublished":"2025-08-19T08:55:12+00:00","dateModified":"2026-02-09T09:06:58+00:00","description":"La ligne de production de sauce pesto transforme des feuilles de basilic frais, de l'ail, des pignons de pin, de l'huile d'olive et du fromage en bouteilles de pesto au basilic de haute qualit\u00e9 selon un rapport de formule sp\u00e9cifique.","breadcrumb":{"@id":"https:\/\/www.garlicline.com\/product\/basil-pesto-sauce-production-line-turnkey-factory\/#breadcrumb"},"inLanguage":"fr-FR","potentialAction":[{"@type":"ReadAction","target":["https:\/\/www.garlicline.com\/product\/basil-pesto-sauce-production-line-turnkey-factory\/"]}]},{"@type":"ImageObject","inLanguage":"fr-FR","@id":"https:\/\/www.garlicline.com\/product\/basil-pesto-sauce-production-line-turnkey-factory\/#primaryimage","url":"https:\/\/www.garlicline.com\/wp-content\/uploads\/2025\/08\/Pesto-Sauce-line.jpg","contentUrl":"https:\/\/www.garlicline.com\/wp-content\/uploads\/2025\/08\/Pesto-Sauce-line.jpg","width":600,"height":600},{"@type":"BreadcrumbList","@id":"https:\/\/www.garlicline.com\/product\/basil-pesto-sauce-production-line-turnkey-factory\/#breadcrumb","itemListElement":[{"@type":"ListItem","position":1,"name":"Home","item":"https:\/\/www.garlicline.com\/"},{"@type":"ListItem","position":2,"name":"Products","item":"https:\/\/www.garlicline.com\/products\/"},{"@type":"ListItem","position":3,"name":"Basil Pesto Sauce Production Line Turnkey Factory"}]},{"@type":"WebSite","@id":"https:\/\/www.garlicline.com\/#website","url":"https:\/\/www.garlicline.com\/","name":"ligne d'ail","description":"fournisseur de machines de traitement de l'ail","publisher":{"@id":"https:\/\/www.garlicline.com\/#organization"},"potentialAction":[{"@type":"SearchAction","target":{"@type":"EntryPoint","urlTemplate":"https:\/\/www.garlicline.com\/?s={search_term_string}"},"query-input":{"@type":"PropertyValueSpecification","valueRequired":true,"valueName":"search_term_string"}}],"inLanguage":"fr-FR"},{"@type":"Organization","@id":"https:\/\/www.garlicline.com\/#organization","name":"ligne d'ail","url":"https:\/\/www.garlicline.com\/","logo":{"@type":"ImageObject","inLanguage":"fr-FR","@id":"https:\/\/www.garlicline.com\/#\/schema\/logo\/image\/","url":"https:\/\/www.garlicline.com\/wp-content\/uploads\/2025\/05\/cropped-gelgoog-logo-1.png","contentUrl":"https:\/\/www.garlicline.com\/wp-content\/uploads\/2025\/05\/cropped-gelgoog-logo-1.png","width":434,"height":267,"caption":"garlicline"},"image":{"@id":"https:\/\/www.garlicline.com\/#\/schema\/logo\/image\/"}},false]}},"yasr_visitor_votes":{"stars_attributes":{"read_only":false,"span_bottom":false},"number_of_votes":1,"sum_votes":5},"_links":{"self":[{"href":"https:\/\/www.garlicline.com\/fr\/wp-json\/wp\/v2\/product\/2719","targetHints":{"allow":["GET"]}}],"collection":[{"href":"https:\/\/www.garlicline.com\/fr\/wp-json\/wp\/v2\/product"}],"about":[{"href":"https:\/\/www.garlicline.com\/fr\/wp-json\/wp\/v2\/types\/product"}],"replies":[{"embeddable":true,"href":"https:\/\/www.garlicline.com\/fr\/wp-json\/wp\/v2\/comments?post=2719"}],"version-history":[{"count":0,"href":"https:\/\/www.garlicline.com\/fr\/wp-json\/wp\/v2\/product\/2719\/revisions"}],"wp:featuredmedia":[{"embeddable":true,"href":"https:\/\/www.garlicline.com\/fr\/wp-json\/wp\/v2\/media\/2721"}],"wp:attachment":[{"href":"https:\/\/www.garlicline.com\/fr\/wp-json\/wp\/v2\/media?parent=2719"}],"wp:term":[{"taxonomy":"product_brand","embeddable":true,"href":"https:\/\/www.garlicline.com\/fr\/wp-json\/wp\/v2\/product_brand?post=2719"},{"taxonomy":"product_cat","embeddable":true,"href":"https:\/\/www.garlicline.com\/fr\/wp-json\/wp\/v2\/product_cat?post=2719"},{"taxonomy":"product_tag","embeddable":true,"href":"https:\/\/www.garlicline.com\/fr\/wp-json\/wp\/v2\/product_tag?post=2719"}],"curies":[{"name":"wp","href":"https:\/\/api.w.org\/{rel}","templated":true}]}}