{"id":2,"date":"2022-05-26T09:38:54","date_gmt":"2022-05-26T09:38:54","guid":{"rendered":"http:\/\/www.garlicmachineryx.com\/?page_id=2"},"modified":"2022-06-29T02:23:39","modified_gmt":"2022-06-29T02:23:39","slug":"news","status":"publish","type":"page","link":"https:\/\/www.garlicline.com\/pt\/news\/","title":{"rendered":"\u00daltimas not\u00edcias"},"content":{"rendered":"<p>Aqui est\u00e3o mais not\u00edcias sobre m\u00e1quinas de processamento de alho personaliz\u00e1veis, incluindo pasta de alho, descascamento, quebra, m\u00e1quina de p\u00f3.<\/p>\n\n\n\n<blockquote class=\"wp-block-quote is-layout-flow wp-block-quote-is-layout-flow\"><p>Ol\u00e1! Sou um mensageiro de bicicleta durante o dia, aspirante a ator \u00e0 noite, e este \u00e9 o meu site. Vivo em Los Angeles, tenho um c\u00e3o fant\u00e1stico chamado Jack e gosto de pi\u00f1a coladas. (E de ser apanhado pela chuva.)<\/p><\/blockquote>\n\n\n\n<p>...ou algo do g\u00e9nero:<\/p>\n\n\n\n<blockquote class=\"wp-block-quote is-layout-flow wp-block-quote-is-layout-flow\"><p>A XYZ Doohickey Company foi fundada em 1971 e tem vindo a fornecer doohickeys de qualidade ao p\u00fablico desde ent\u00e3o. Localizada em Gotham City, a XYZ emprega mais de 2.000 pessoas e faz todo o tipo de coisas espectaculares para a comunidade de Gotham.<\/p><\/blockquote>\n\n\n\n<p>Como novo utilizador do WordPress, deve ir a <a href=\"http:\/\/www.garlicmachineryx.com\/wp-admin\/\">o seu painel de controlo<\/a> para apagar esta p\u00e1gina e criar novas p\u00e1ginas para o seu conte\u00fado. Divirta-se!<\/p>\n<div style='text-align:left' class='yasr-auto-insert-visitor'><\/div>","protected":false},"excerpt":{"rendered":"<p>Here is more news about customizable garlic processing machinery, including garlic paste,peeling,breaking,powder machine. Hi there! I&#8217;m a bike messenger by day, aspiring actor by night, and this is my website. I live in Los Angeles, have a great dog named Jack, and I like pi\u00f1a coladas. (And gettin&#8217; caught in the rain.) &#8230;or something like &hellip;<\/p>\n<p class=\"read-more\"> <a class=\"\" href=\"https:\/\/www.garlicline.com\/pt\/news\/\"> <span class=\"screen-reader-text\">\u00daltimas not\u00edcias<\/span> Ler mais \"<\/a><\/p>","protected":false},"author":1,"featured_media":0,"parent":0,"menu_order":0,"comment_status":"closed","ping_status":"open","template":"","meta":{"site-sidebar-layout":"default","site-content-layout":"default","ast-global-header-display":"","ast-main-header-display":"","ast-hfb-above-header-display":"","ast-hfb-below-header-display":"","ast-hfb-mobile-header-display":"","site-post-title":"","ast-breadcrumbs-content":"","ast-featured-img":"","footer-sml-layout":"","theme-transparent-header-meta":"","adv-header-id-meta":"","stick-header-meta":"","header-above-stick-meta":"","header-main-stick-meta":"","header-below-stick-meta":"","yasr_overall_rating":0,"yasr_post_is_review":"","yasr_auto_insert_disabled":"","yasr_review_type":"","footnotes":""},"class_list":["post-2","page","type-page","status-publish","hentry"],"yoast_head":"<!-- This site is optimized with the Yoast SEO plugin v25.7 - https:\/\/yoast.com\/wordpress\/plugins\/seo\/ -->\n<title>News-Garlic Processing Machine Equipment Companies<\/title>\n<meta name=\"description\" content=\"Here is more news about customizable garlic processing machinery, including garlic paste,peeling,breaking,powder machine.\" \/>\n<meta name=\"robots\" content=\"index, follow, max-snippet:-1, max-image-preview:large, max-video-preview:-1\" \/>\n<link rel=\"canonical\" href=\"https:\/\/www.garlicline.com\/pt\/news\/\" \/>\n<meta property=\"og:locale\" content=\"pt_PT\" \/>\n<meta property=\"og:type\" content=\"article\" \/>\n<meta property=\"og:title\" content=\"News-Garlic Processing Machine Equipment Companies\" \/>\n<meta property=\"og:description\" content=\"Here is more news about customizable garlic processing machinery, including garlic paste,peeling,breaking,powder machine.\" \/>\n<meta property=\"og:url\" content=\"https:\/\/www.garlicline.com\/pt\/news\/\" \/>\n<meta property=\"og:site_name\" content=\"garlicline\" \/>\n<meta property=\"article:modified_time\" content=\"2022-06-29T02:23:39+00:00\" \/>\n<meta name=\"twitter:card\" content=\"summary_large_image\" \/>\n<meta name=\"twitter:label1\" content=\"Tempo estimado de leitura\" \/>\n\t<meta name=\"twitter:data1\" content=\"1 minuto\" \/>\n<script type=\"application\/ld+json\" class=\"yoast-schema-graph\">{\"@context\":\"https:\/\/schema.org\",\"@graph\":[{\"@type\":\"WebPage\",\"@id\":\"https:\/\/www.garlicline.com\/news\/\",\"url\":\"https:\/\/www.garlicline.com\/news\/\",\"name\":\"News-Garlic Processing Machine Equipment Companies\",\"isPartOf\":{\"@id\":\"https:\/\/www.garlicline.com\/#website\"},\"datePublished\":\"2022-05-26T09:38:54+00:00\",\"dateModified\":\"2022-06-29T02:23:39+00:00\",\"description\":\"Here is more news about customizable garlic processing machinery, including garlic paste,peeling,breaking,powder machine.\",\"breadcrumb\":{\"@id\":\"https:\/\/www.garlicline.com\/news\/#breadcrumb\"},\"inLanguage\":\"pt-PT\",\"potentialAction\":[{\"@type\":\"ReadAction\",\"target\":[\"https:\/\/www.garlicline.com\/news\/\"]}]},{\"@type\":\"BreadcrumbList\",\"@id\":\"https:\/\/www.garlicline.com\/news\/#breadcrumb\",\"itemListElement\":[{\"@type\":\"ListItem\",\"position\":1,\"name\":\"Home\",\"item\":\"https:\/\/www.garlicline.com\/\"},{\"@type\":\"ListItem\",\"position\":2,\"name\":\"Latest News\"}]},{\"@type\":\"WebSite\",\"@id\":\"https:\/\/www.garlicline.com\/#website\",\"url\":\"https:\/\/www.garlicline.com\/\",\"name\":\"garlicline\",\"description\":\"garlic processing machine supplier\",\"publisher\":{\"@id\":\"https:\/\/www.garlicline.com\/#organization\"},\"potentialAction\":[{\"@type\":\"SearchAction\",\"target\":{\"@type\":\"EntryPoint\",\"urlTemplate\":\"https:\/\/www.garlicline.com\/?s={search_term_string}\"},\"query-input\":{\"@type\":\"PropertyValueSpecification\",\"valueRequired\":true,\"valueName\":\"search_term_string\"}}],\"inLanguage\":\"pt-PT\"},{\"@type\":\"Organization\",\"@id\":\"https:\/\/www.garlicline.com\/#organization\",\"name\":\"garlicline\",\"url\":\"https:\/\/www.garlicline.com\/\",\"logo\":{\"@type\":\"ImageObject\",\"inLanguage\":\"pt-PT\",\"@id\":\"https:\/\/www.garlicline.com\/#\/schema\/logo\/image\/\",\"url\":\"https:\/\/www.garlicline.com\/wp-content\/uploads\/2025\/05\/cropped-gelgoog-logo-1.png\",\"contentUrl\":\"https:\/\/www.garlicline.com\/wp-content\/uploads\/2025\/05\/cropped-gelgoog-logo-1.png\",\"width\":434,\"height\":267,\"caption\":\"garlicline\"},\"image\":{\"@id\":\"https:\/\/www.garlicline.com\/#\/schema\/logo\/image\/\"}},false]}<\/script>\n<!-- \/ Yoast SEO plugin. -->","yoast_head_json":{"title":"Not\u00edcias - Empresas de equipamento para m\u00e1quinas de processamento de alho","description":"Aqui est\u00e3o mais not\u00edcias sobre m\u00e1quinas de processamento de alho personaliz\u00e1veis, incluindo pasta de alho, descascamento, quebra, m\u00e1quina de p\u00f3.","robots":{"index":"index","follow":"follow","max-snippet":"max-snippet:-1","max-image-preview":"max-image-preview:large","max-video-preview":"max-video-preview:-1"},"canonical":"https:\/\/www.garlicline.com\/pt\/news\/","og_locale":"pt_PT","og_type":"article","og_title":"News-Garlic Processing Machine Equipment Companies","og_description":"Here is more news about customizable garlic processing machinery, including garlic paste,peeling,breaking,powder machine.","og_url":"https:\/\/www.garlicline.com\/pt\/news\/","og_site_name":"garlicline","article_modified_time":"2022-06-29T02:23:39+00:00","twitter_card":"summary_large_image","twitter_misc":{"Tempo estimado de leitura":"1 minuto"},"schema":{"@context":"https:\/\/schema.org","@graph":[{"@type":"WebPage","@id":"https:\/\/www.garlicline.com\/news\/","url":"https:\/\/www.garlicline.com\/news\/","name":"Not\u00edcias - Empresas de equipamento para m\u00e1quinas de processamento de alho","isPartOf":{"@id":"https:\/\/www.garlicline.com\/#website"},"datePublished":"2022-05-26T09:38:54+00:00","dateModified":"2022-06-29T02:23:39+00:00","description":"Aqui est\u00e3o mais not\u00edcias sobre m\u00e1quinas de processamento de alho personaliz\u00e1veis, incluindo pasta de alho, descascamento, quebra, m\u00e1quina de p\u00f3.","breadcrumb":{"@id":"https:\/\/www.garlicline.com\/news\/#breadcrumb"},"inLanguage":"pt-PT","potentialAction":[{"@type":"ReadAction","target":["https:\/\/www.garlicline.com\/news\/"]}]},{"@type":"BreadcrumbList","@id":"https:\/\/www.garlicline.com\/news\/#breadcrumb","itemListElement":[{"@type":"ListItem","position":1,"name":"Home","item":"https:\/\/www.garlicline.com\/"},{"@type":"ListItem","position":2,"name":"Latest News"}]},{"@type":"WebSite","@id":"https:\/\/www.garlicline.com\/#website","url":"https:\/\/www.garlicline.com\/","name":"linha de alho","description":"fornecedor de m\u00e1quinas de transforma\u00e7\u00e3o de alho","publisher":{"@id":"https:\/\/www.garlicline.com\/#organization"},"potentialAction":[{"@type":"SearchAction","target":{"@type":"EntryPoint","urlTemplate":"https:\/\/www.garlicline.com\/?s={search_term_string}"},"query-input":{"@type":"PropertyValueSpecification","valueRequired":true,"valueName":"search_term_string"}}],"inLanguage":"pt-PT"},{"@type":"Organization","@id":"https:\/\/www.garlicline.com\/#organization","name":"linha de alho","url":"https:\/\/www.garlicline.com\/","logo":{"@type":"ImageObject","inLanguage":"pt-PT","@id":"https:\/\/www.garlicline.com\/#\/schema\/logo\/image\/","url":"https:\/\/www.garlicline.com\/wp-content\/uploads\/2025\/05\/cropped-gelgoog-logo-1.png","contentUrl":"https:\/\/www.garlicline.com\/wp-content\/uploads\/2025\/05\/cropped-gelgoog-logo-1.png","width":434,"height":267,"caption":"garlicline"},"image":{"@id":"https:\/\/www.garlicline.com\/#\/schema\/logo\/image\/"}},false]}},"yasr_visitor_votes":{"stars_attributes":{"read_only":false,"span_bottom":false},"number_of_votes":0,"sum_votes":0},"_links":{"self":[{"href":"https:\/\/www.garlicline.com\/pt\/wp-json\/wp\/v2\/pages\/2","targetHints":{"allow":["GET"]}}],"collection":[{"href":"https:\/\/www.garlicline.com\/pt\/wp-json\/wp\/v2\/pages"}],"about":[{"href":"https:\/\/www.garlicline.com\/pt\/wp-json\/wp\/v2\/types\/page"}],"author":[{"embeddable":true,"href":"https:\/\/www.garlicline.com\/pt\/wp-json\/wp\/v2\/users\/1"}],"replies":[{"embeddable":true,"href":"https:\/\/www.garlicline.com\/pt\/wp-json\/wp\/v2\/comments?post=2"}],"version-history":[{"count":0,"href":"https:\/\/www.garlicline.com\/pt\/wp-json\/wp\/v2\/pages\/2\/revisions"}],"wp:attachment":[{"href":"https:\/\/www.garlicline.com\/pt\/wp-json\/wp\/v2\/media?parent=2"}],"curies":[{"name":"wp","href":"https:\/\/api.w.org\/{rel}","templated":true}]}}