{"id":2334,"date":"2024-05-14T07:37:55","date_gmt":"2024-05-14T07:37:55","guid":{"rendered":"https:\/\/www.garlicline.com\/?page_id=2334"},"modified":"2024-05-14T07:37:56","modified_gmt":"2024-05-14T07:37:56","slug":"how-is-garlic-peeled-with-industrially","status":"publish","type":"page","link":"https:\/\/www.garlicline.com\/pt\/how-is-garlic-peeled-with-industrially\/","title":{"rendered":"Como \u00e9 que o alho \u00e9 descascado industrialmente?"},"content":{"rendered":"<p>O alho \u00e9 um ingrediente b\u00e1sico em cozinhas de todo o mundo, conhecido pelo seu sabor potente e in\u00fameros benef\u00edcios para a sa\u00fade. No entanto, descascar o alho pode ser uma tarefa fastidiosa e morosa, especialmente em grande escala. Para enfrentar este desafio, a ind\u00fastria alimentar conta com m\u00e1quinas industriais de descascar alho. Estas m\u00e1quinas simplificam o processo, tornando-o eficiente e econ\u00f3mico. Vamos explorar como \u00e9 que o alho \u00e9 descascado industrialmente utilizando estas m\u00e1quinas especializadas.<\/p>\n\n\n\n<p>A necessidade de descasque industrial de alho<br>Na produ\u00e7\u00e3o comercial de alimentos, a procura de alho descascado \u00e9 substancial. Quer seja para utiliza\u00e7\u00e3o em molhos, temperos, marinadas ou refei\u00e7\u00f5es prontas a comer, os fabricantes de alimentos necessitam de grandes quantidades de alho j\u00e1 descascado. O descasque manual do alho n\u00e3o \u00e9 pr\u00e1tico para satisfazer esta procura devido \u00e0 intensidade do trabalho e ao tempo necess\u00e1rio. Industrial <strong><a href=\"https:\/\/www.garlicline.com\/pt\/produto\/continuous-garlic-peeling-machine\/\">m\u00e1quina de descascar alho<\/a><\/strong> s\u00e3o concebidos para lidar com grandes volumes de alho de forma eficiente, assegurando um fornecimento constante aos transformadores de alimentos.<\/p>\n\n\n\n<p>Como funcionam as m\u00e1quinas de descascar alho<\/p>\n\n\n\n<ol class=\"wp-block-list\">\n<li>Prepara\u00e7\u00e3o e triagem<br>O processo come\u00e7a com a prepara\u00e7\u00e3o dos bolbos de alho. Os alhos frescos s\u00e3o primeiro selecionados para eliminar os bolbos danificados ou inadequados. Desta forma, garante-se que apenas os alhos de elevada qualidade passem \u00e0 fase de descasque. A triagem pode ser feita manualmente ou atrav\u00e9s de m\u00e1quinas de triagem automatizadas que utilizam sensores para detetar e separar o alho com base no tamanho e na qualidade.<\/li>\n\n\n\n<li>Partir as l\u00e2mpadas<br>Uma vez selecionados, os bolbos de alho devem ser divididos em dentes individuais. Isto \u00e9 normalmente feito com uma m\u00e1quina separadora de bolbos de alho. A m\u00e1quina aplica uma press\u00e3o controlada sobre os bolbos, separando-os sem danificar os dentes. Este passo \u00e9 crucial para garantir que o processo de descasque subsequente seja eficaz e eficiente.<\/li>\n\n\n\n<li>Processo de descasque<br>O n\u00facleo do processo industrial de descasque de alho \u00e9 a pr\u00f3pria m\u00e1quina de descasque. Existem v\u00e1rios tipos de m\u00e1quinas de descascar alho, mas a maioria funciona segundo princ\u00edpios semelhantes. Segue-se uma descri\u00e7\u00e3o passo a passo de um processo de descasque t\u00edpico:<\/li>\n<\/ol>\n\n\n\n<p>a. Descasque por compress\u00e3o de ar<br>Um dos m\u00e9todos mais comuns utilizados no descasque industrial de alho \u00e9 a compress\u00e3o de ar. Neste m\u00e9todo:<\/p>\n\n\n\n<p>Alimenta\u00e7\u00e3o dos dentes de alho: Os dentes de alho separados s\u00e3o introduzidos na m\u00e1quina de descascar alho. Podem passar por um alimentador vibrat\u00f3rio para garantir uma distribui\u00e7\u00e3o homog\u00e9nea.<br>C\u00e2mara de compress\u00e3o de ar: No interior da m\u00e1quina, os dentes de alho entram numa c\u00e2mara de compress\u00e3o de ar. O ar de alta press\u00e3o \u00e9 utilizado para criar um fluxo de ar r\u00e1pido e vigoroso.<br>A\u00e7\u00e3o de descascar: A for\u00e7a do ar comprimido faz com que as peles se soltem dos dentes de alho. Este processo \u00e9 suficientemente suave para n\u00e3o danificar o alho, mas eficaz na remo\u00e7\u00e3o das cascas.<br>Separa\u00e7\u00e3o e recolha: Ap\u00f3s o descasque, os dentes de alho s\u00e3o separados das peles soltas. As cascas s\u00e3o recolhidas numa c\u00e2mara diferente ou expelidas por uma sa\u00edda, enquanto os dentes de alho descascados passam \u00e0 fase seguinte da transforma\u00e7\u00e3o.<\/p>\n\n\n\n<figure class=\"wp-block-embed is-type-video is-provider-youtube wp-block-embed-youtube wp-embed-aspect-16-9 wp-has-aspect-ratio\"><div class=\"wp-block-embed__wrapper\">\n<div class=\"ast-oembed-container\" style=\"height: 100%;\"><iframe title=\"Linha de processamento de embalagens para descascar alho n\u00e3o prejudica o alho\" width=\"500\" height=\"281\" src=\"https:\/\/www.youtube.com\/embed\/lryVs-XKvwU?feature=oembed\" frameborder=\"0\" allow=\"accelerometer; autoplay; clipboard-write; encrypted-media; gyroscope; picture-in-picture; web-share\" referrerpolicy=\"strict-origin-when-cross-origin\" allowfullscreen><\/iframe><\/div>\n<\/div><\/figure>\n\n\n\n<ol class=\"wp-block-list\" start=\"4\">\n<li>Triagem final e controlo de qualidade<br>Ap\u00f3s o descasque, os dentes de alho passam por uma fase final de sele\u00e7\u00e3o. Esta etapa garante que os dentes de alho que n\u00e3o foram completamente descascados s\u00e3o reprocessados ou removidos. M\u00e1quinas avan\u00e7adas utilizam tecnologia de triagem \u00f3tica para detetar e separar os dentes n\u00e3o descascados do lote. S\u00e3o tamb\u00e9m efectuadas verifica\u00e7\u00f5es de controlo de qualidade para garantir que o alho descascado cumpre as normas da ind\u00fastria.<\/li>\n\n\n\n<li>Embalagem<br>Finalmente, os dentes de alho descascados est\u00e3o prontos para serem embalados. Dependendo da utiliza\u00e7\u00e3o final, o alho pode ser embalado em v\u00e1cuo, congelado ou conservado sob v\u00e1rias formas, como alho picado ou em pur\u00e9. O acondicionamento correto \u00e9 essencial para manter a frescura e a qualidade do alho descascado at\u00e9 chegar aos consumidores ou aos fabricantes de alimentos.<\/li>\n<\/ol>\n\n\n\n<p>Vantagens da utiliza\u00e7\u00e3o de m\u00e1quinas de descascar alho<br>As m\u00e1quinas industriais de descascar alho oferecem v\u00e1rias vantagens:<\/p>\n\n\n\n<p>Efici\u00eancia: Estas m\u00e1quinas podem descascar grandes quantidades de alho rapidamente, satisfazendo a elevada procura na ind\u00fastria alimentar.<br>Consist\u00eancia: O descasque automatizado garante um produto uniforme, o que \u00e9 essencial para manter a qualidade na produ\u00e7\u00e3o alimentar.<br>Rent\u00e1vel: A redu\u00e7\u00e3o dos custos de m\u00e3o de obra e a minimiza\u00e7\u00e3o dos res\u00edduos tornam o processo mais econ\u00f3mico.<br>Higiene: As m\u00e1quinas asseguram um processo higi\u00e9nico, reduzindo o risco de contamina\u00e7\u00e3o em compara\u00e7\u00e3o com o descasque manual.<br>Conclus\u00e3o<\/p>\n\n\n\n<p><br>O descasque industrial de alho utilizando m\u00e1quinas especializadas revoluciona a forma como o alho \u00e9 processado para uso comercial. Ao empregar m\u00e9todos como a compress\u00e3o de ar e o descasque \u00e0 base de \u00e1gua, estas m\u00e1quinas lidam de forma eficiente e eficaz com grandes volumes de alho, fornecendo um produto consistente e de alta qualidade. \u00c0 medida que a tecnologia avan\u00e7a, podemos esperar solu\u00e7\u00f5es ainda mais inovadoras na ind\u00fastria de processamento de alimentos, tornando as opera\u00e7\u00f5es mais eficientes e melhorando ainda mais a qualidade dos alimentos que apreciamos.<\/p>\n\n\n\n<p>Essencialmente, a m\u00e1quina de descascar alho \u00e9 um testemunho de como a automa\u00e7\u00e3o e a inova\u00e7\u00e3o podem transformar at\u00e9 as tarefas mais mundanas, beneficiando, em \u00faltima an\u00e1lise, tanto os produtores como os consumidores na cadeia de abastecimento alimentar.<\/p>\n<div style='text-align:left' class='yasr-auto-insert-visitor'><\/div>","protected":false},"excerpt":{"rendered":"<p>O alho \u00e9 um ingrediente b\u00e1sico nas cozinhas de todo o mundo, conhecido pelo seu sabor potente e in\u00fameros benef\u00edcios para a sa\u00fade. No entanto, descascar alho pode ser uma tarefa tediosa e morosa, especialmente em grande escala. Para enfrentar este desafio, a ind\u00fastria alimentar recorre a m\u00e1quinas industriais de descascar alho. Estas m\u00e1quinas otimizam o processo, tornando-o eficiente...<\/p>\n<p class=\"read-more\"> <a class=\"\" href=\"https:\/\/www.garlicline.com\/pt\/how-is-garlic-peeled-with-industrially\/\"> <span class=\"screen-reader-text\">Como \u00e9 que o alho \u00e9 descascado industrialmente?<\/span> Ler mais \"<\/a><\/p>","protected":false},"author":1,"featured_media":0,"parent":0,"menu_order":0,"comment_status":"closed","ping_status":"closed","template":"","meta":{"site-sidebar-layout":"default","site-content-layout":"default","ast-global-header-display":"","ast-main-header-display":"","ast-hfb-above-header-display":"","ast-hfb-below-header-display":"","ast-hfb-mobile-header-display":"","site-post-title":"","ast-breadcrumbs-content":"","ast-featured-img":"","footer-sml-layout":"","theme-transparent-header-meta":"","adv-header-id-meta":"","stick-header-meta":"","header-above-stick-meta":"","header-main-stick-meta":"","header-below-stick-meta":"","yasr_overall_rating":0,"yasr_post_is_review":"","yasr_auto_insert_disabled":"","yasr_review_type":"","footnotes":""},"class_list":["post-2334","page","type-page","status-publish","hentry"],"yoast_head":"<!-- This site is optimized with the Yoast SEO plugin v25.7 - https:\/\/yoast.com\/wordpress\/plugins\/seo\/ -->\n<title>How Is Garlic Peeled With Industrially?<\/title>\n<meta name=\"description\" content=\"The industrial peeling of garlic using specialized machines revolutionizes the way garlic is processed for commercial use.\" \/>\n<meta name=\"robots\" content=\"index, follow, max-snippet:-1, max-image-preview:large, max-video-preview:-1\" \/>\n<link rel=\"canonical\" href=\"https:\/\/www.garlicline.com\/pt\/how-is-garlic-peeled-with-industrially\/\" \/>\n<meta property=\"og:locale\" content=\"pt_PT\" \/>\n<meta property=\"og:type\" content=\"article\" \/>\n<meta property=\"og:title\" content=\"How Is Garlic Peeled With Industrially?\" \/>\n<meta property=\"og:description\" content=\"The industrial peeling of garlic using specialized machines revolutionizes the way garlic is processed for commercial use.\" \/>\n<meta property=\"og:url\" content=\"https:\/\/www.garlicline.com\/pt\/how-is-garlic-peeled-with-industrially\/\" \/>\n<meta property=\"og:site_name\" content=\"garlicline\" \/>\n<meta property=\"article:modified_time\" content=\"2024-05-14T07:37:56+00:00\" \/>\n<meta name=\"twitter:card\" content=\"summary_large_image\" \/>\n<meta name=\"twitter:label1\" content=\"Tempo estimado de leitura\" \/>\n\t<meta name=\"twitter:data1\" content=\"4 minutos\" \/>\n<script type=\"application\/ld+json\" class=\"yoast-schema-graph\">{\"@context\":\"https:\/\/schema.org\",\"@graph\":[{\"@type\":\"WebPage\",\"@id\":\"https:\/\/www.garlicline.com\/how-is-garlic-peeled-with-industrially\/\",\"url\":\"https:\/\/www.garlicline.com\/how-is-garlic-peeled-with-industrially\/\",\"name\":\"How Is Garlic Peeled With Industrially?\",\"isPartOf\":{\"@id\":\"https:\/\/www.garlicline.com\/#website\"},\"datePublished\":\"2024-05-14T07:37:55+00:00\",\"dateModified\":\"2024-05-14T07:37:56+00:00\",\"description\":\"The industrial peeling of garlic using specialized machines revolutionizes the way garlic is processed for commercial use.\",\"breadcrumb\":{\"@id\":\"https:\/\/www.garlicline.com\/how-is-garlic-peeled-with-industrially\/#breadcrumb\"},\"inLanguage\":\"pt-PT\",\"potentialAction\":[{\"@type\":\"ReadAction\",\"target\":[\"https:\/\/www.garlicline.com\/how-is-garlic-peeled-with-industrially\/\"]}]},{\"@type\":\"BreadcrumbList\",\"@id\":\"https:\/\/www.garlicline.com\/how-is-garlic-peeled-with-industrially\/#breadcrumb\",\"itemListElement\":[{\"@type\":\"ListItem\",\"position\":1,\"name\":\"Home\",\"item\":\"https:\/\/www.garlicline.com\/\"},{\"@type\":\"ListItem\",\"position\":2,\"name\":\"How Is Garlic Peeled With Industrially?\"}]},{\"@type\":\"WebSite\",\"@id\":\"https:\/\/www.garlicline.com\/#website\",\"url\":\"https:\/\/www.garlicline.com\/\",\"name\":\"garlicline\",\"description\":\"garlic processing machine supplier\",\"publisher\":{\"@id\":\"https:\/\/www.garlicline.com\/#organization\"},\"potentialAction\":[{\"@type\":\"SearchAction\",\"target\":{\"@type\":\"EntryPoint\",\"urlTemplate\":\"https:\/\/www.garlicline.com\/?s={search_term_string}\"},\"query-input\":{\"@type\":\"PropertyValueSpecification\",\"valueRequired\":true,\"valueName\":\"search_term_string\"}}],\"inLanguage\":\"pt-PT\"},{\"@type\":\"Organization\",\"@id\":\"https:\/\/www.garlicline.com\/#organization\",\"name\":\"garlicline\",\"url\":\"https:\/\/www.garlicline.com\/\",\"logo\":{\"@type\":\"ImageObject\",\"inLanguage\":\"pt-PT\",\"@id\":\"https:\/\/www.garlicline.com\/#\/schema\/logo\/image\/\",\"url\":\"https:\/\/www.garlicline.com\/wp-content\/uploads\/2025\/05\/cropped-gelgoog-logo-1.png\",\"contentUrl\":\"https:\/\/www.garlicline.com\/wp-content\/uploads\/2025\/05\/cropped-gelgoog-logo-1.png\",\"width\":434,\"height\":267,\"caption\":\"garlicline\"},\"image\":{\"@id\":\"https:\/\/www.garlicline.com\/#\/schema\/logo\/image\/\"}},false]}<\/script>\n<!-- \/ Yoast SEO plugin. -->","yoast_head_json":{"title":"Como \u00e9 que o alho \u00e9 descascado industrialmente?","description":"O descasque industrial do alho utilizando m\u00e1quinas especializadas revoluciona a forma como o alho \u00e9 processado para uso comercial.","robots":{"index":"index","follow":"follow","max-snippet":"max-snippet:-1","max-image-preview":"max-image-preview:large","max-video-preview":"max-video-preview:-1"},"canonical":"https:\/\/www.garlicline.com\/pt\/how-is-garlic-peeled-with-industrially\/","og_locale":"pt_PT","og_type":"article","og_title":"How Is Garlic Peeled With Industrially?","og_description":"The industrial peeling of garlic using specialized machines revolutionizes the way garlic is processed for commercial use.","og_url":"https:\/\/www.garlicline.com\/pt\/how-is-garlic-peeled-with-industrially\/","og_site_name":"garlicline","article_modified_time":"2024-05-14T07:37:56+00:00","twitter_card":"summary_large_image","twitter_misc":{"Tempo estimado de leitura":"4 minutos"},"schema":{"@context":"https:\/\/schema.org","@graph":[{"@type":"WebPage","@id":"https:\/\/www.garlicline.com\/how-is-garlic-peeled-with-industrially\/","url":"https:\/\/www.garlicline.com\/how-is-garlic-peeled-with-industrially\/","name":"Como \u00e9 que o alho \u00e9 descascado industrialmente?","isPartOf":{"@id":"https:\/\/www.garlicline.com\/#website"},"datePublished":"2024-05-14T07:37:55+00:00","dateModified":"2024-05-14T07:37:56+00:00","description":"O descasque industrial do alho utilizando m\u00e1quinas especializadas revoluciona a forma como o alho \u00e9 processado para uso comercial.","breadcrumb":{"@id":"https:\/\/www.garlicline.com\/how-is-garlic-peeled-with-industrially\/#breadcrumb"},"inLanguage":"pt-PT","potentialAction":[{"@type":"ReadAction","target":["https:\/\/www.garlicline.com\/how-is-garlic-peeled-with-industrially\/"]}]},{"@type":"BreadcrumbList","@id":"https:\/\/www.garlicline.com\/how-is-garlic-peeled-with-industrially\/#breadcrumb","itemListElement":[{"@type":"ListItem","position":1,"name":"Home","item":"https:\/\/www.garlicline.com\/"},{"@type":"ListItem","position":2,"name":"How Is Garlic Peeled With Industrially?"}]},{"@type":"WebSite","@id":"https:\/\/www.garlicline.com\/#website","url":"https:\/\/www.garlicline.com\/","name":"linha de alho","description":"fornecedor de m\u00e1quinas de transforma\u00e7\u00e3o de alho","publisher":{"@id":"https:\/\/www.garlicline.com\/#organization"},"potentialAction":[{"@type":"SearchAction","target":{"@type":"EntryPoint","urlTemplate":"https:\/\/www.garlicline.com\/?s={search_term_string}"},"query-input":{"@type":"PropertyValueSpecification","valueRequired":true,"valueName":"search_term_string"}}],"inLanguage":"pt-PT"},{"@type":"Organization","@id":"https:\/\/www.garlicline.com\/#organization","name":"linha de alho","url":"https:\/\/www.garlicline.com\/","logo":{"@type":"ImageObject","inLanguage":"pt-PT","@id":"https:\/\/www.garlicline.com\/#\/schema\/logo\/image\/","url":"https:\/\/www.garlicline.com\/wp-content\/uploads\/2025\/05\/cropped-gelgoog-logo-1.png","contentUrl":"https:\/\/www.garlicline.com\/wp-content\/uploads\/2025\/05\/cropped-gelgoog-logo-1.png","width":434,"height":267,"caption":"garlicline"},"image":{"@id":"https:\/\/www.garlicline.com\/#\/schema\/logo\/image\/"}},false]}},"yasr_visitor_votes":{"stars_attributes":{"read_only":false,"span_bottom":false},"number_of_votes":0,"sum_votes":0},"_links":{"self":[{"href":"https:\/\/www.garlicline.com\/pt\/wp-json\/wp\/v2\/pages\/2334","targetHints":{"allow":["GET"]}}],"collection":[{"href":"https:\/\/www.garlicline.com\/pt\/wp-json\/wp\/v2\/pages"}],"about":[{"href":"https:\/\/www.garlicline.com\/pt\/wp-json\/wp\/v2\/types\/page"}],"author":[{"embeddable":true,"href":"https:\/\/www.garlicline.com\/pt\/wp-json\/wp\/v2\/users\/1"}],"replies":[{"embeddable":true,"href":"https:\/\/www.garlicline.com\/pt\/wp-json\/wp\/v2\/comments?post=2334"}],"version-history":[{"count":0,"href":"https:\/\/www.garlicline.com\/pt\/wp-json\/wp\/v2\/pages\/2334\/revisions"}],"wp:attachment":[{"href":"https:\/\/www.garlicline.com\/pt\/wp-json\/wp\/v2\/media?parent=2334"}],"curies":[{"name":"wp","href":"https:\/\/api.w.org\/{rel}","templated":true}]}}