{"id":2459,"date":"2024-09-23T09:27:45","date_gmt":"2024-09-23T09:27:45","guid":{"rendered":"https:\/\/www.garlicline.com\/?page_id=2459"},"modified":"2024-09-23T09:27:47","modified_gmt":"2024-09-23T09:27:47","slug":"how-is-garlic-peeled-commercially","status":"publish","type":"page","link":"https:\/\/www.garlicline.com\/pt\/how-is-garlic-peeled-commercially\/","title":{"rendered":"Como \u00e9 que o alho \u00e9 descascado comercialmente?"},"content":{"rendered":"<p>O alho \u00e9 um ingrediente essencial em muitas cozinhas de todo o mundo. Desde os salteados asi\u00e1ticos aos pratos de massa italianos, o alho confere um aroma e um sabor \u00fanicos aos alimentos. No entanto, descascar alho pode ser um processo fastidioso, especialmente quando \u00e9 necess\u00e1rio preparar uma grande quantidade de alho. \u00c9 aqui que as m\u00e1quinas de descascar alho comerciais s\u00e3o \u00fateis.<\/p>\n\n\n\n<p>As m\u00e1quinas comerciais de descascar alho s\u00e3o m\u00e1quinas que descascam automaticamente os dentes de alho. Estas m\u00e1quinas utilizam uma combina\u00e7\u00e3o de press\u00e3o e vibra\u00e7\u00e3o para separar a pele exterior dos dentes de alho. Vejamos mais de perto o processo de descasque de alho comercial.<\/p>\n\n\n\n<ol class=\"wp-block-list\">\n<li>Sele\u00e7\u00e3o do alho<\/li>\n<\/ol>\n\n\n\n<p>A primeira etapa do processo de descasque do alho comercial \u00e9 a triagem. Os bolbos de alho s\u00e3o selecionados de acordo com o seu tamanho e qualidade. Os bolbos demasiado pequenos ou danificados s\u00e3o retirados de um lote de alho para garantir um descasque consistente.<\/p>\n\n\n\n<ol start=\"2\" class=\"wp-block-list\">\n<li>Prepara\u00e7\u00e3o do alho<\/li>\n<\/ol>\n\n\n\n<p>Os dentes de alho s\u00e3o depois separados das cabe\u00e7as de alho com um separador de dentes de alho. Uma vez separados, os dentes de alho s\u00e3o colocados de molho em \u00e1gua para amolecer a pele do alho e facilitar a sua descasca.<\/p>\n\n\n\n<ol start=\"3\" class=\"wp-block-list\">\n<li>Descascar alho<\/li>\n<\/ol>\n\n\n\n<p>Os dentes de alho s\u00e3o depois introduzidos num <strong><a href=\"https:\/\/www.garlicline.com\/pt\/produto\/continuous-garlic-peeling-machine\/\">m\u00e1quina de descascar alho<\/a><\/strong>. A m\u00e1quina utiliza uma combina\u00e7\u00e3o de press\u00e3o e vibra\u00e7\u00e3o para separar a pele dos dentes de alho. Os dentes de alho s\u00e3o colocados numa tremonha e as peles s\u00e3o depois descascadas com um rolo perfurado.<\/p>\n\n\n\n<figure class=\"wp-block-embed is-type-video is-provider-youtube wp-block-embed-youtube wp-embed-aspect-16-9 wp-has-aspect-ratio\"><div class=\"wp-block-embed__wrapper\">\n<div class=\"ast-oembed-container\" style=\"height: 100%;\"><iframe title=\"Linha de processamento de descasque de alho M\u00e1quina de processamento de alho\" width=\"500\" height=\"281\" src=\"https:\/\/www.youtube.com\/embed\/fCI7Bn_RqYo?feature=oembed\" frameborder=\"0\" allow=\"accelerometer; autoplay; clipboard-write; encrypted-media; gyroscope; picture-in-picture; web-share\" referrerpolicy=\"strict-origin-when-cross-origin\" allowfullscreen><\/iframe><\/div>\n<\/div><\/figure>\n\n\n\n<ol start=\"4\" class=\"wp-block-list\">\n<li>Processamento final<\/li>\n<\/ol>\n\n\n\n<p>Depois de descascados, os dentes de alho s\u00e3o verificados para controlo de qualidade. As m\u00e1quinas de sele\u00e7\u00e3o de cores de alho podem ser utilizadas para selecionar os dentes de acordo com o tamanho e a qualidade. Os dentes de alho s\u00e3o depois embalados e enviados para os retalhistas ou utilizados na produ\u00e7\u00e3o de alimentos.<\/p>\n\n\n\n<p>As m\u00e1quinas comerciais de descascar alho s\u00e3o concebidas para serem eficientes, r\u00e1pidas e econ\u00f3micas. Estas m\u00e1quinas podem descascar centenas de dentes numa quest\u00e3o de minutos, facilitando a prepara\u00e7\u00e3o de grandes quantidades de alho por parte de restaurantes e processadores de alimentos.<\/p>\n\n\n\n<p>Em resumo, o descasque comercial de alho requer apenas alguns passos simples, desde a sele\u00e7\u00e3o das cabe\u00e7as de alho at\u00e9 ao descasque dos dentes na m\u00e1quina. O produto final \u00e9 verificado quanto \u00e0 qualidade, depois \u00e9 embalado e expedido. Ao utilizar uma m\u00e1quina de descascar alho comercial, o processo de descascar alho pode ser conclu\u00eddo de forma r\u00e1pida e eficiente, poupando tempo \u00e0 ind\u00fastria alimentar e melhorando o sabor para os consumidores mais exigentes.<\/p>\n<div style='text-align:left' class='yasr-auto-insert-visitor'><\/div>","protected":false},"excerpt":{"rendered":"<p>O alho \u00e9 um ingrediente essencial em muitas cozinhas de todo o mundo. Dos salteados asi\u00e1ticos aos pratos de massa italianos, o alho confere um aroma e um sabor \u00fanicos aos alimentos. No entanto, descascar o alho pode ser um processo fastidioso, especialmente quando \u00e9 necess\u00e1rio preparar uma grande quantidade de alho. \u00c9 aqui que entram as m\u00e1quinas comerciais de descascar alho ...<\/p>\n<p class=\"read-more\"> <a class=\"\" href=\"https:\/\/www.garlicline.com\/pt\/how-is-garlic-peeled-commercially\/\"> <span class=\"screen-reader-text\">Como \u00e9 que o alho \u00e9 descascado comercialmente?<\/span> Ler mais \"<\/a><\/p>","protected":false},"author":1,"featured_media":0,"parent":0,"menu_order":0,"comment_status":"closed","ping_status":"closed","template":"","meta":{"site-sidebar-layout":"default","site-content-layout":"default","ast-global-header-display":"","ast-main-header-display":"","ast-hfb-above-header-display":"","ast-hfb-below-header-display":"","ast-hfb-mobile-header-display":"","site-post-title":"","ast-breadcrumbs-content":"","ast-featured-img":"","footer-sml-layout":"","theme-transparent-header-meta":"","adv-header-id-meta":"","stick-header-meta":"","header-above-stick-meta":"","header-main-stick-meta":"","header-below-stick-meta":"","yasr_overall_rating":0,"yasr_post_is_review":"","yasr_auto_insert_disabled":"","yasr_review_type":"","footnotes":""},"class_list":["post-2459","page","type-page","status-publish","hentry"],"yoast_head":"<!-- This site is optimized with the Yoast SEO plugin v25.7 - https:\/\/yoast.com\/wordpress\/plugins\/seo\/ -->\n<title>How Is Garlic Peeled Commercially?<\/title>\n<meta name=\"description\" content=\"Commercial garlic peeling requires only a few simple steps, from sorting the garlic heads to peeling the cloves in the machine.\" \/>\n<meta name=\"robots\" content=\"index, follow, max-snippet:-1, max-image-preview:large, max-video-preview:-1\" \/>\n<link rel=\"canonical\" href=\"https:\/\/www.garlicline.com\/pt\/how-is-garlic-peeled-commercially\/\" \/>\n<meta property=\"og:locale\" content=\"pt_PT\" \/>\n<meta property=\"og:type\" content=\"article\" \/>\n<meta property=\"og:title\" content=\"How Is Garlic Peeled Commercially?\" \/>\n<meta property=\"og:description\" content=\"Commercial garlic peeling requires only a few simple steps, from sorting the garlic heads to peeling the cloves in the machine.\" \/>\n<meta property=\"og:url\" content=\"https:\/\/www.garlicline.com\/pt\/how-is-garlic-peeled-commercially\/\" \/>\n<meta property=\"og:site_name\" content=\"garlicline\" \/>\n<meta property=\"article:modified_time\" content=\"2024-09-23T09:27:47+00:00\" \/>\n<meta name=\"twitter:card\" content=\"summary_large_image\" \/>\n<meta name=\"twitter:label1\" content=\"Tempo estimado de leitura\" \/>\n\t<meta name=\"twitter:data1\" content=\"2 minutos\" \/>\n<script type=\"application\/ld+json\" class=\"yoast-schema-graph\">{\"@context\":\"https:\/\/schema.org\",\"@graph\":[{\"@type\":\"WebPage\",\"@id\":\"https:\/\/www.garlicline.com\/how-is-garlic-peeled-commercially\/\",\"url\":\"https:\/\/www.garlicline.com\/how-is-garlic-peeled-commercially\/\",\"name\":\"How Is Garlic Peeled Commercially?\",\"isPartOf\":{\"@id\":\"https:\/\/www.garlicline.com\/#website\"},\"datePublished\":\"2024-09-23T09:27:45+00:00\",\"dateModified\":\"2024-09-23T09:27:47+00:00\",\"description\":\"Commercial garlic peeling requires only a few simple steps, from sorting the garlic heads to peeling the cloves in the machine.\",\"breadcrumb\":{\"@id\":\"https:\/\/www.garlicline.com\/how-is-garlic-peeled-commercially\/#breadcrumb\"},\"inLanguage\":\"pt-PT\",\"potentialAction\":[{\"@type\":\"ReadAction\",\"target\":[\"https:\/\/www.garlicline.com\/how-is-garlic-peeled-commercially\/\"]}]},{\"@type\":\"BreadcrumbList\",\"@id\":\"https:\/\/www.garlicline.com\/how-is-garlic-peeled-commercially\/#breadcrumb\",\"itemListElement\":[{\"@type\":\"ListItem\",\"position\":1,\"name\":\"Home\",\"item\":\"https:\/\/www.garlicline.com\/\"},{\"@type\":\"ListItem\",\"position\":2,\"name\":\"How Is Garlic Peeled Commercially?\"}]},{\"@type\":\"WebSite\",\"@id\":\"https:\/\/www.garlicline.com\/#website\",\"url\":\"https:\/\/www.garlicline.com\/\",\"name\":\"garlicline\",\"description\":\"garlic processing machine supplier\",\"publisher\":{\"@id\":\"https:\/\/www.garlicline.com\/#organization\"},\"potentialAction\":[{\"@type\":\"SearchAction\",\"target\":{\"@type\":\"EntryPoint\",\"urlTemplate\":\"https:\/\/www.garlicline.com\/?s={search_term_string}\"},\"query-input\":{\"@type\":\"PropertyValueSpecification\",\"valueRequired\":true,\"valueName\":\"search_term_string\"}}],\"inLanguage\":\"pt-PT\"},{\"@type\":\"Organization\",\"@id\":\"https:\/\/www.garlicline.com\/#organization\",\"name\":\"garlicline\",\"url\":\"https:\/\/www.garlicline.com\/\",\"logo\":{\"@type\":\"ImageObject\",\"inLanguage\":\"pt-PT\",\"@id\":\"https:\/\/www.garlicline.com\/#\/schema\/logo\/image\/\",\"url\":\"https:\/\/www.garlicline.com\/wp-content\/uploads\/2025\/05\/cropped-gelgoog-logo-1.png\",\"contentUrl\":\"https:\/\/www.garlicline.com\/wp-content\/uploads\/2025\/05\/cropped-gelgoog-logo-1.png\",\"width\":434,\"height\":267,\"caption\":\"garlicline\"},\"image\":{\"@id\":\"https:\/\/www.garlicline.com\/#\/schema\/logo\/image\/\"}},false]}<\/script>\n<!-- \/ Yoast SEO plugin. -->","yoast_head_json":{"title":"Como \u00e9 que o alho \u00e9 descascado comercialmente?","description":"O descasque comercial de alho requer apenas alguns passos simples, desde a sele\u00e7\u00e3o das cabe\u00e7as de alho at\u00e9 ao descasque dos dentes na m\u00e1quina.","robots":{"index":"index","follow":"follow","max-snippet":"max-snippet:-1","max-image-preview":"max-image-preview:large","max-video-preview":"max-video-preview:-1"},"canonical":"https:\/\/www.garlicline.com\/pt\/how-is-garlic-peeled-commercially\/","og_locale":"pt_PT","og_type":"article","og_title":"How Is Garlic Peeled Commercially?","og_description":"Commercial garlic peeling requires only a few simple steps, from sorting the garlic heads to peeling the cloves in the machine.","og_url":"https:\/\/www.garlicline.com\/pt\/how-is-garlic-peeled-commercially\/","og_site_name":"garlicline","article_modified_time":"2024-09-23T09:27:47+00:00","twitter_card":"summary_large_image","twitter_misc":{"Tempo estimado de leitura":"2 minutos"},"schema":{"@context":"https:\/\/schema.org","@graph":[{"@type":"WebPage","@id":"https:\/\/www.garlicline.com\/how-is-garlic-peeled-commercially\/","url":"https:\/\/www.garlicline.com\/how-is-garlic-peeled-commercially\/","name":"Como \u00e9 que o alho \u00e9 descascado comercialmente?","isPartOf":{"@id":"https:\/\/www.garlicline.com\/#website"},"datePublished":"2024-09-23T09:27:45+00:00","dateModified":"2024-09-23T09:27:47+00:00","description":"O descasque comercial de alho requer apenas alguns passos simples, desde a sele\u00e7\u00e3o das cabe\u00e7as de alho at\u00e9 ao descasque dos dentes na m\u00e1quina.","breadcrumb":{"@id":"https:\/\/www.garlicline.com\/how-is-garlic-peeled-commercially\/#breadcrumb"},"inLanguage":"pt-PT","potentialAction":[{"@type":"ReadAction","target":["https:\/\/www.garlicline.com\/how-is-garlic-peeled-commercially\/"]}]},{"@type":"BreadcrumbList","@id":"https:\/\/www.garlicline.com\/how-is-garlic-peeled-commercially\/#breadcrumb","itemListElement":[{"@type":"ListItem","position":1,"name":"Home","item":"https:\/\/www.garlicline.com\/"},{"@type":"ListItem","position":2,"name":"How Is Garlic Peeled Commercially?"}]},{"@type":"WebSite","@id":"https:\/\/www.garlicline.com\/#website","url":"https:\/\/www.garlicline.com\/","name":"linha de alho","description":"fornecedor de m\u00e1quinas de transforma\u00e7\u00e3o de alho","publisher":{"@id":"https:\/\/www.garlicline.com\/#organization"},"potentialAction":[{"@type":"SearchAction","target":{"@type":"EntryPoint","urlTemplate":"https:\/\/www.garlicline.com\/?s={search_term_string}"},"query-input":{"@type":"PropertyValueSpecification","valueRequired":true,"valueName":"search_term_string"}}],"inLanguage":"pt-PT"},{"@type":"Organization","@id":"https:\/\/www.garlicline.com\/#organization","name":"linha de alho","url":"https:\/\/www.garlicline.com\/","logo":{"@type":"ImageObject","inLanguage":"pt-PT","@id":"https:\/\/www.garlicline.com\/#\/schema\/logo\/image\/","url":"https:\/\/www.garlicline.com\/wp-content\/uploads\/2025\/05\/cropped-gelgoog-logo-1.png","contentUrl":"https:\/\/www.garlicline.com\/wp-content\/uploads\/2025\/05\/cropped-gelgoog-logo-1.png","width":434,"height":267,"caption":"garlicline"},"image":{"@id":"https:\/\/www.garlicline.com\/#\/schema\/logo\/image\/"}},false]}},"yasr_visitor_votes":{"stars_attributes":{"read_only":false,"span_bottom":false},"number_of_votes":0,"sum_votes":0},"_links":{"self":[{"href":"https:\/\/www.garlicline.com\/pt\/wp-json\/wp\/v2\/pages\/2459","targetHints":{"allow":["GET"]}}],"collection":[{"href":"https:\/\/www.garlicline.com\/pt\/wp-json\/wp\/v2\/pages"}],"about":[{"href":"https:\/\/www.garlicline.com\/pt\/wp-json\/wp\/v2\/types\/page"}],"author":[{"embeddable":true,"href":"https:\/\/www.garlicline.com\/pt\/wp-json\/wp\/v2\/users\/1"}],"replies":[{"embeddable":true,"href":"https:\/\/www.garlicline.com\/pt\/wp-json\/wp\/v2\/comments?post=2459"}],"version-history":[{"count":0,"href":"https:\/\/www.garlicline.com\/pt\/wp-json\/wp\/v2\/pages\/2459\/revisions"}],"wp:attachment":[{"href":"https:\/\/www.garlicline.com\/pt\/wp-json\/wp\/v2\/media?parent=2459"}],"curies":[{"name":"wp","href":"https:\/\/api.w.org\/{rel}","templated":true}]}}