{"id":1184,"date":"2022-06-14T10:14:41","date_gmt":"2022-06-14T10:14:41","guid":{"rendered":"https:\/\/www.garlicline.com\/?post_type=product&#038;p=1184"},"modified":"2026-02-09T10:07:19","modified_gmt":"2026-02-09T10:07:19","slug":"garlic-clove-separating-machine","status":"publish","type":"product","link":"https:\/\/www.garlicline.com\/pt\/produto\/garlic-clove-separating-machine\/","title":{"rendered":"M\u00e1quina de separa\u00e7\u00e3o de dentes de alho para empresas"},"content":{"rendered":"<h2>Introdu\u00e7\u00e3o da m\u00e1quina de separa\u00e7\u00e3o de cravo de alho<\/h2>\n<p>A m\u00e1quina de separa\u00e7\u00e3o de dentes de alho \u00e9 feita de gel de s\u00edlica de qualidade alimentar, e toda a cabe\u00e7a de alho \u00e9 espremida e esfregada para dispersar os dentes com o espa\u00e7o entre as placas de gel de s\u00edlica superior e inferior e a for\u00e7a centr\u00edfuga. Os benef\u00edcios resolvem a dificuldade de processar artificialmente dentes de alho partidos, e a superf\u00edcie do alho n\u00e3o \u00e9 danificada depois de os dentes serem partidos, e a m\u00e1quina de separa\u00e7\u00e3o de alho pode ser aplicada a diferentes tamanhos e variedades de alho. Tem as vantagens de alta efici\u00eancia de trabalho, boa efici\u00eancia de trabalho e a sa\u00edda pode ser personalizada.<\/p>\n<h2>Benef\u00edcios da m\u00e1quina de separa\u00e7\u00e3o de dentes de alho<\/h2>\n<ol>\n<li>Feita de a\u00e7o inoxid\u00e1vel, a m\u00e1quina separadora de dentes de alho \u00e9 relativamente resistente ao desgaste, tem uma longa vida \u00fatil e \u00e9 f\u00e1cil de limpar e manter.<\/li>\n<li>A opera\u00e7\u00e3o \u00e9 simples, a m\u00e1quina \u00e9 controlada digitalmente e apenas uma pessoa pode completar a opera\u00e7\u00e3o.<\/li>\n<li>O volume mec\u00e2nico \u00e9 pequeno e f\u00e1cil de utilizar e deslocar.<\/li>\n<li>Tem as vantagens de uma baixa taxa de esmagamento: menos de 1%; alta taxa de separa\u00e7\u00e3o: mais de 95%<\/li>\n<li>Esta m\u00e1quina de quebrar alho tem as vantagens do baixo consumo de energia, com a eletricidade como pot\u00eancia principal, e n\u00e3o produzir\u00e1 polui\u00e7\u00e3o por gases de escape.<\/li>\n<li>A estrutura mec\u00e2nica \u00e9 est\u00e1vel, o funcionamento \u00e9 est\u00e1vel e n\u00e3o haver\u00e1 grande polui\u00e7\u00e3o sonora.<\/li>\n<li>Pode ser adequado para diferentes tipos e tamanhos de bolbos de alho.<\/li>\n<\/ol>\n<p><img fetchpriority=\"high\" decoding=\"async\" class=\"alignnone wp-image-1185 size-full\" src=\"https:\/\/www.garlicline.com\/wp-content\/uploads\/2022\/06\/garlic-breaking-separating-machine.jpg\" alt=\"m\u00e1quina de separa\u00e7\u00e3o de dentes de alho\" width=\"800\" height=\"500\" srcset=\"https:\/\/www.garlicline.com\/wp-content\/uploads\/2022\/06\/garlic-breaking-separating-machine.jpg 800w, https:\/\/www.garlicline.com\/wp-content\/uploads\/2022\/06\/garlic-breaking-separating-machine-300x188.jpg 300w, https:\/\/www.garlicline.com\/wp-content\/uploads\/2022\/06\/garlic-breaking-separating-machine-768x480.jpg 768w, https:\/\/www.garlicline.com\/wp-content\/uploads\/2022\/06\/garlic-breaking-separating-machine-600x375.jpg 600w\" sizes=\"(max-width: 800px) 100vw, 800px\" \/><\/p>\n<h2>Como funciona a m\u00e1quina de separa\u00e7\u00e3o de dentes de alho<\/h2>\n<p>Utilizar o espa\u00e7o entre as placas de silicone superior e inferior e a for\u00e7a centr\u00edfuga para espremer e esfregar toda a cabe\u00e7a de alho para dispersar os dentes. Os caules e as cabe\u00e7as de alho s\u00e3o soprados para fora da m\u00e1quina de separa\u00e7\u00e3o de alho pela ventoinha incorporada e podem ser reciclados; os dentes de alho divididos saem pelo outro lado da m\u00e1quina.<\/p>\n<h2><iframe title=\"M\u00e1quina industrial para separar cravos de alho M\u00e1quina para quebrar bolbos de alho\" src=\"https:\/\/www.youtube.com\/embed\/lhCcfA9AQpA\" width=\"630\" height=\"400\" frameborder=\"0\" allowfullscreen=\"allowfullscreen\"><span data-mce-type=\"bookmark\" style=\"display: inline-block; width: 0px; overflow: hidden; line-height: 0;\" class=\"mce_SELRES_start\">Obrigado por entrar em contato conosco.<\/span><\/iframe><\/h2>\n<h2>Par\u00e2metros da m\u00e1quina de separa\u00e7\u00e3o de cravo de alho<\/h2>\n<p>&nbsp;<\/p>\n<table>\n<tbody>\n<tr>\n<td colspan=\"2\" width=\"600\">\u00a0Modelo GG-DF-1000 Sa\u00edda \u22651 tonelada\/hora<\/td>\n<\/tr>\n<tr>\n<td width=\"300\">Nome do modelo do produto<\/td>\n<td width=\"300\">M\u00e1quina de separa\u00e7\u00e3o de cravos de alho<\/td>\n<\/tr>\n<tr>\n<td width=\"300\">Material<\/td>\n<td width=\"300\">Trefilagem de a\u00e7o inoxid\u00e1vel 304<\/td>\n<\/tr>\n<tr>\n<td width=\"300\">Tens\u00e3o de entrada<\/td>\n<td width=\"300\">220v-50HZ\/60HZ<\/td>\n<\/tr>\n<tr>\n<td width=\"300\">Pot\u00eancia total<\/td>\n<td width=\"300\">1800W (motor 1,5KW, ventilador 0,3KW)<\/td>\n<\/tr>\n<tr>\n<td width=\"300\">Dimens\u00f5es (cm) comprimento*largura*altura<\/td>\n<td width=\"300\">60*120*125\uff08cm\uff09<\/td>\n<\/tr>\n<tr>\n<td width=\"300\">Dimens\u00e3o da embalagem para exporta\u00e7\u00e3o (cm) comprimento*largura*altura<\/td>\n<td width=\"300\">74*96*130\uff08cm\uff09<\/td>\n<\/tr>\n<\/tbody>\n<\/table>\n<h2>Instru\u00e7\u00f5es de funcionamento e utiliza\u00e7\u00e3o<\/h2>\n<ol>\n<li>A liga\u00e7\u00e3o \u00e0 terra deve ser plana e o fio de terra deve ser utilizado quando se utiliza<\/li>\n<li>Quando o utilizar, ligue-o durante 3-5 minutos e verifique se existe algum ru\u00eddo no funcionamento normal de cada pe\u00e7a antes de o utilizar.<\/li>\n<li>Se a alimenta\u00e7\u00e3o for autom\u00e1tica, o alho pode ser enviado uniformemente para a porta de alimenta\u00e7\u00e3o atrav\u00e9s da correia transportadora. No caso da alimenta\u00e7\u00e3o manual, o alho pode ser colocado diretamente na porta de alimenta\u00e7\u00e3o para que entre uniformemente.<\/li>\n<li>Ajustar os volantes de regula\u00e7\u00e3o dos 4 cantos em fun\u00e7\u00e3o do tamanho da cabe\u00e7a de alho.<\/li>\n<\/ol>\n<p>N\u00f3s somos um fabricante de equipamentos de processamento de alho. O alho pode ser descascado e embalado ap\u00f3s ser dividido. Tamb\u00e9m temos m\u00e1quinas de descascar alho e <a href=\"https:\/\/www.garlicline.com\/pt\/produto\/peeled-garlic-packaing-machine\/\"><strong>m\u00e1quina de embalar alho<\/strong><\/a>s, se estiver interessado, deixe uma mensagem para um or\u00e7amento gratuito.<\/p>\n<hr \/>\n<p style=\"text-align: center;\"><span style=\"font-size: 1.5em; font-weight: bold;\">-Deixe uma mensagem para uma cita\u00e7\u00e3o-<\/span><\/p>\n\n<div class=\"wpcf7 no-js\" id=\"wpcf7-f1191-o1\" lang=\"en-US\" dir=\"ltr\" data-wpcf7-id=\"1191\">\n<div class=\"screen-reader-response\"><p role=\"status\" aria-live=\"polite\" aria-atomic=\"true\"><\/p> <ul><\/ul><\/div>\n<form action=\"\/pt\/wp-json\/wp\/v2\/product\/1184#wpcf7-f1191-o1\" method=\"post\" class=\"wpcf7-form init\" aria-label=\"Formul\u00e1rio de contacto\" novalidate=\"novalidate\" data-status=\"init\" data-trp-original-action=\"\/pt\/wp-json\/wp\/v2\/product\/1184#wpcf7-f1191-o1\">\n<fieldset class=\"hidden-fields-container\"><input type=\"hidden\" name=\"_wpcf7\" value=\"1191\" \/><input type=\"hidden\" name=\"_wpcf7_version\" value=\"6.1.1\" \/><input type=\"hidden\" name=\"_wpcf7_locale\" value=\"en_US\" \/><input type=\"hidden\" name=\"_wpcf7_unit_tag\" value=\"wpcf7-f1191-o1\" \/><input type=\"hidden\" name=\"_wpcf7_container_post\" value=\"0\" \/><input type=\"hidden\" name=\"_wpcf7_posted_data_hash\" value=\"\" \/>\n<\/fieldset>\n<div class='proformleft'>\n\t<p><label> O seu nome<br \/>\n<span class=\"wpcf7-form-control-wrap\" data-name=\"your-name\"><input size=\"40\" maxlength=\"400\" class=\"wpcf7-form-control wpcf7-text\" aria-invalid=\"false\" value=\"\" type=\"text\" name=\"your-name\" \/><\/span> <\/label>\n\t<\/p>\n\t<p><label> *O seu e-mail<br \/>\n<span class=\"wpcf7-form-control-wrap\" data-name=\"your-email\"><input size=\"40\" maxlength=\"400\" class=\"wpcf7-form-control wpcf7-email wpcf7-validates-as-required wpcf7-text wpcf7-validates-as-email\" aria-required=\"true\" aria-invalid=\"false\" value=\"\" type=\"email\" name=\"your-email\" \/><\/span> <\/label>\n\t<\/p>\n\t<p><label> *O seu telefone<br \/>\n<span class=\"wpcf7-form-control-wrap\" data-name=\"tel-224\"><input size=\"40\" maxlength=\"400\" class=\"wpcf7-form-control wpcf7-tel wpcf7-validates-as-required wpcf7-text wpcf7-validates-as-tel\" aria-required=\"true\" aria-invalid=\"false\" value=\"\" type=\"tel\" name=\"tel-224\" \/><\/span> <\/label>\n\t<\/p>\n\t<p><label> O seu pa\u00eds<br \/>\n<span class=\"wpcf7-form-control-wrap\" data-name=\"your-country\"><input size=\"40\" maxlength=\"400\" class=\"wpcf7-form-control wpcf7-text\" aria-invalid=\"false\" value=\"\" type=\"text\" name=\"your-country\" \/><\/span> <\/label>\n\t<\/p>\n<\/div>\n<div class='proformright'>\n\t<p><label> *A sua mensagem<br \/>\n<span class=\"wpcf7-form-control-wrap\" data-name=\"your-message\"><textarea cols=\"40\" rows=\"10\" maxlength=\"2000\" class=\"wpcf7-form-control wpcf7-textarea wpcf7-validates-as-required\" aria-required=\"true\" aria-invalid=\"false\" name=\"your-message\"><\/textarea><\/span> <\/label>\n\t<\/p>\n\t<p><input class=\"wpcf7-form-control wpcf7-submit has-spinner\" type=\"submit\" value=\"Enviar\" \/>\n\t<\/p>\n<\/div>\n<div style='clear:both'>\n<\/div><p style=\"display: none !important;\" class=\"akismet-fields-container\" data-prefix=\"_wpcf7_ak_\"><label>&#916;<textarea name=\"_wpcf7_ak_hp_textarea\" cols=\"45\" rows=\"8\" maxlength=\"100\"><\/textarea><\/label><input type=\"hidden\" id=\"ak_js_1\" name=\"_wpcf7_ak_js\" value=\"97\"\/><script>document.getElementById( \"ak_js_1\" ).setAttribute( \"value\", ( new Date() ).getTime() );<\/script><\/p><div class=\"wpcf7-response-output\" aria-hidden=\"true\"><\/div>\n<input type=\"hidden\" name=\"trp-form-language\" value=\"pt\"\/><\/form>\n<\/div>\n\n<div style='text-align:left' class='yasr-auto-insert-visitor'><\/div>","protected":false},"excerpt":{"rendered":"<table>\n<tbody>\n<tr>\n<td colspan=\"2\" width=\"600\">\u00a0Modelo GG-DF-1000 Sa\u00edda \u22651 tonelada\/hora<\/td>\n<\/tr>\n<tr>\n<td width=\"300\"><\/td>\n<td width=\"300\">M\u00e1quina de separa\u00e7\u00e3o de cravos de alho<\/td>\n<\/tr>\n<tr>\n<td width=\"300\">Material<\/td>\n<td width=\"300\">Trefilagem de a\u00e7o inoxid\u00e1vel 304<\/td>\n<\/tr>\n<tr>\n<td width=\"300\">Tens\u00e3o de entrada<\/td>\n<td width=\"300\">220v-50HZ\/60HZ<\/td>\n<\/tr>\n<tr>\n<td width=\"300\">Pot\u00eancia total<\/td>\n<td width=\"300\">1800W (motor 1,5KW, ventilador 0,3KW)<\/td>\n<\/tr>\n<tr>\n<td width=\"300\">Dimens\u00f5es (cm) comprimento*largura*altura<\/td>\n<td width=\"300\">60*120*125\uff08cm\uff09<\/td>\n<\/tr>\n<tr>\n<td width=\"300\">Dimens\u00e3o da embalagem para exporta\u00e7\u00e3o (cm) comprimento*largura*altura<\/td>\n<td width=\"300\">74*96*130\uff08cm\uff09<\/td>\n<\/tr>\n<\/tbody>\n<\/table>","protected":false},"featured_media":1186,"comment_status":"open","ping_status":"closed","template":"","meta":{"site-sidebar-layout":"default","site-content-layout":"default","ast-global-header-display":"","ast-main-header-display":"","ast-hfb-above-header-display":"","ast-hfb-below-header-display":"","ast-hfb-mobile-header-display":"","site-post-title":"","ast-breadcrumbs-content":"","ast-featured-img":"","footer-sml-layout":"","theme-transparent-header-meta":"default","adv-header-id-meta":"","stick-header-meta":"","header-above-stick-meta":"","header-main-stick-meta":"","header-below-stick-meta":"","yasr_overall_rating":5,"yasr_post_is_review":"","yasr_auto_insert_disabled":"","yasr_review_type":""},"product_brand":[],"product_cat":[33],"product_tag":[],"class_list":{"0":"post-1184","1":"product","2":"type-product","3":"status-publish","4":"has-post-thumbnail","6":"product_cat-products","8":"first","9":"instock","10":"shipping-taxable","11":"product-type-simple"},"yoast_head":"<!-- This site is optimized with the Yoast SEO plugin v25.7 - https:\/\/yoast.com\/wordpress\/plugins\/seo\/ -->\n<title>Garlic Clove Separating Machine For Business<\/title>\n<meta name=\"description\" content=\"As a garlic clove separating machine manufacturer, we specialize in machinery with high efficiency, good effect and high output.\" \/>\n<meta name=\"robots\" content=\"index, follow, max-snippet:-1, max-image-preview:large, max-video-preview:-1\" \/>\n<link rel=\"canonical\" href=\"https:\/\/www.garlicline.com\/pt\/produto\/garlic-clove-separating-machine\/\" \/>\n<meta property=\"og:locale\" content=\"pt_PT\" \/>\n<meta property=\"og:type\" content=\"article\" \/>\n<meta property=\"og:title\" content=\"Garlic Clove Separating Machine For Business\" \/>\n<meta property=\"og:description\" content=\"As a garlic clove separating machine manufacturer, we specialize in machinery with high efficiency, good effect and high output.\" \/>\n<meta property=\"og:url\" content=\"https:\/\/www.garlicline.com\/pt\/produto\/garlic-clove-separating-machine\/\" \/>\n<meta property=\"og:site_name\" content=\"garlicline\" \/>\n<meta property=\"article:modified_time\" content=\"2026-02-09T10:07:19+00:00\" \/>\n<meta property=\"og:image\" content=\"https:\/\/www.garlicline.com\/wp-content\/uploads\/2022\/06\/garlic-separating-machine.jpg\" \/>\n\t<meta property=\"og:image:width\" content=\"600\" \/>\n\t<meta property=\"og:image:height\" content=\"600\" \/>\n\t<meta property=\"og:image:type\" content=\"image\/jpeg\" \/>\n<meta name=\"twitter:card\" content=\"summary_large_image\" \/>\n<meta name=\"twitter:label1\" content=\"Tempo estimado de leitura\" \/>\n\t<meta name=\"twitter:data1\" content=\"3 minutos\" \/>\n<script type=\"application\/ld+json\" class=\"yoast-schema-graph\">{\"@context\":\"https:\/\/schema.org\",\"@graph\":[{\"@type\":\"WebPage\",\"@id\":\"https:\/\/www.garlicline.com\/product\/garlic-clove-separating-machine\/\",\"url\":\"https:\/\/www.garlicline.com\/product\/garlic-clove-separating-machine\/\",\"name\":\"Garlic Clove Separating Machine For Business\",\"isPartOf\":{\"@id\":\"https:\/\/www.garlicline.com\/#website\"},\"primaryImageOfPage\":{\"@id\":\"https:\/\/www.garlicline.com\/product\/garlic-clove-separating-machine\/#primaryimage\"},\"image\":{\"@id\":\"https:\/\/www.garlicline.com\/product\/garlic-clove-separating-machine\/#primaryimage\"},\"thumbnailUrl\":\"https:\/\/www.garlicline.com\/wp-content\/uploads\/2022\/06\/garlic-separating-machine.jpg\",\"datePublished\":\"2022-06-14T10:14:41+00:00\",\"dateModified\":\"2026-02-09T10:07:19+00:00\",\"description\":\"As a garlic clove separating machine manufacturer, we specialize in machinery with high efficiency, good effect and high output.\",\"breadcrumb\":{\"@id\":\"https:\/\/www.garlicline.com\/product\/garlic-clove-separating-machine\/#breadcrumb\"},\"inLanguage\":\"pt-PT\",\"potentialAction\":[{\"@type\":\"ReadAction\",\"target\":[\"https:\/\/www.garlicline.com\/product\/garlic-clove-separating-machine\/\"]}]},{\"@type\":\"ImageObject\",\"inLanguage\":\"pt-PT\",\"@id\":\"https:\/\/www.garlicline.com\/product\/garlic-clove-separating-machine\/#primaryimage\",\"url\":\"https:\/\/www.garlicline.com\/wp-content\/uploads\/2022\/06\/garlic-separating-machine.jpg\",\"contentUrl\":\"https:\/\/www.garlicline.com\/wp-content\/uploads\/2022\/06\/garlic-separating-machine.jpg\",\"width\":600,\"height\":600,\"caption\":\"garlic bulb separating machine\"},{\"@type\":\"BreadcrumbList\",\"@id\":\"https:\/\/www.garlicline.com\/product\/garlic-clove-separating-machine\/#breadcrumb\",\"itemListElement\":[{\"@type\":\"ListItem\",\"position\":1,\"name\":\"Home\",\"item\":\"https:\/\/www.garlicline.com\/\"},{\"@type\":\"ListItem\",\"position\":2,\"name\":\"Products\",\"item\":\"https:\/\/www.garlicline.com\/products\/\"},{\"@type\":\"ListItem\",\"position\":3,\"name\":\"Garlic Clove Separating Machine For Business\"}]},{\"@type\":\"WebSite\",\"@id\":\"https:\/\/www.garlicline.com\/#website\",\"url\":\"https:\/\/www.garlicline.com\/\",\"name\":\"garlicline\",\"description\":\"garlic processing machine supplier\",\"publisher\":{\"@id\":\"https:\/\/www.garlicline.com\/#organization\"},\"potentialAction\":[{\"@type\":\"SearchAction\",\"target\":{\"@type\":\"EntryPoint\",\"urlTemplate\":\"https:\/\/www.garlicline.com\/?s={search_term_string}\"},\"query-input\":{\"@type\":\"PropertyValueSpecification\",\"valueRequired\":true,\"valueName\":\"search_term_string\"}}],\"inLanguage\":\"pt-PT\"},{\"@type\":\"Organization\",\"@id\":\"https:\/\/www.garlicline.com\/#organization\",\"name\":\"garlicline\",\"url\":\"https:\/\/www.garlicline.com\/\",\"logo\":{\"@type\":\"ImageObject\",\"inLanguage\":\"pt-PT\",\"@id\":\"https:\/\/www.garlicline.com\/#\/schema\/logo\/image\/\",\"url\":\"https:\/\/www.garlicline.com\/wp-content\/uploads\/2025\/05\/cropped-gelgoog-logo-1.png\",\"contentUrl\":\"https:\/\/www.garlicline.com\/wp-content\/uploads\/2025\/05\/cropped-gelgoog-logo-1.png\",\"width\":434,\"height\":267,\"caption\":\"garlicline\"},\"image\":{\"@id\":\"https:\/\/www.garlicline.com\/#\/schema\/logo\/image\/\"}},false]}<\/script>\n<!-- \/ Yoast SEO plugin. -->","yoast_head_json":{"title":"M\u00e1quina de separa\u00e7\u00e3o de dentes de alho para empresas","description":"Como um fabricante de m\u00e1quina de separa\u00e7\u00e3o de dente de alho, somos especializados em m\u00e1quinas com alta efici\u00eancia, bom efeito e alta produ\u00e7\u00e3o.","robots":{"index":"index","follow":"follow","max-snippet":"max-snippet:-1","max-image-preview":"max-image-preview:large","max-video-preview":"max-video-preview:-1"},"canonical":"https:\/\/www.garlicline.com\/pt\/produto\/garlic-clove-separating-machine\/","og_locale":"pt_PT","og_type":"article","og_title":"Garlic Clove Separating Machine For Business","og_description":"As a garlic clove separating machine manufacturer, we specialize in machinery with high efficiency, good effect and high output.","og_url":"https:\/\/www.garlicline.com\/pt\/produto\/garlic-clove-separating-machine\/","og_site_name":"garlicline","article_modified_time":"2026-02-09T10:07:19+00:00","og_image":[{"width":600,"height":600,"url":"https:\/\/www.garlicline.com\/wp-content\/uploads\/2022\/06\/garlic-separating-machine.jpg","type":"image\/jpeg"}],"twitter_card":"summary_large_image","twitter_misc":{"Tempo estimado de leitura":"3 minutos"},"schema":{"@context":"https:\/\/schema.org","@graph":[{"@type":"WebPage","@id":"https:\/\/www.garlicline.com\/product\/garlic-clove-separating-machine\/","url":"https:\/\/www.garlicline.com\/product\/garlic-clove-separating-machine\/","name":"M\u00e1quina de separa\u00e7\u00e3o de dentes de alho para empresas","isPartOf":{"@id":"https:\/\/www.garlicline.com\/#website"},"primaryImageOfPage":{"@id":"https:\/\/www.garlicline.com\/product\/garlic-clove-separating-machine\/#primaryimage"},"image":{"@id":"https:\/\/www.garlicline.com\/product\/garlic-clove-separating-machine\/#primaryimage"},"thumbnailUrl":"https:\/\/www.garlicline.com\/wp-content\/uploads\/2022\/06\/garlic-separating-machine.jpg","datePublished":"2022-06-14T10:14:41+00:00","dateModified":"2026-02-09T10:07:19+00:00","description":"Como um fabricante de m\u00e1quina de separa\u00e7\u00e3o de dente de alho, somos especializados em m\u00e1quinas com alta efici\u00eancia, bom efeito e alta produ\u00e7\u00e3o.","breadcrumb":{"@id":"https:\/\/www.garlicline.com\/product\/garlic-clove-separating-machine\/#breadcrumb"},"inLanguage":"pt-PT","potentialAction":[{"@type":"ReadAction","target":["https:\/\/www.garlicline.com\/product\/garlic-clove-separating-machine\/"]}]},{"@type":"ImageObject","inLanguage":"pt-PT","@id":"https:\/\/www.garlicline.com\/product\/garlic-clove-separating-machine\/#primaryimage","url":"https:\/\/www.garlicline.com\/wp-content\/uploads\/2022\/06\/garlic-separating-machine.jpg","contentUrl":"https:\/\/www.garlicline.com\/wp-content\/uploads\/2022\/06\/garlic-separating-machine.jpg","width":600,"height":600,"caption":"garlic bulb separating machine"},{"@type":"BreadcrumbList","@id":"https:\/\/www.garlicline.com\/product\/garlic-clove-separating-machine\/#breadcrumb","itemListElement":[{"@type":"ListItem","position":1,"name":"Home","item":"https:\/\/www.garlicline.com\/"},{"@type":"ListItem","position":2,"name":"Products","item":"https:\/\/www.garlicline.com\/products\/"},{"@type":"ListItem","position":3,"name":"Garlic Clove Separating Machine For Business"}]},{"@type":"WebSite","@id":"https:\/\/www.garlicline.com\/#website","url":"https:\/\/www.garlicline.com\/","name":"linha de alho","description":"fornecedor de m\u00e1quinas de transforma\u00e7\u00e3o de alho","publisher":{"@id":"https:\/\/www.garlicline.com\/#organization"},"potentialAction":[{"@type":"SearchAction","target":{"@type":"EntryPoint","urlTemplate":"https:\/\/www.garlicline.com\/?s={search_term_string}"},"query-input":{"@type":"PropertyValueSpecification","valueRequired":true,"valueName":"search_term_string"}}],"inLanguage":"pt-PT"},{"@type":"Organization","@id":"https:\/\/www.garlicline.com\/#organization","name":"linha de alho","url":"https:\/\/www.garlicline.com\/","logo":{"@type":"ImageObject","inLanguage":"pt-PT","@id":"https:\/\/www.garlicline.com\/#\/schema\/logo\/image\/","url":"https:\/\/www.garlicline.com\/wp-content\/uploads\/2025\/05\/cropped-gelgoog-logo-1.png","contentUrl":"https:\/\/www.garlicline.com\/wp-content\/uploads\/2025\/05\/cropped-gelgoog-logo-1.png","width":434,"height":267,"caption":"garlicline"},"image":{"@id":"https:\/\/www.garlicline.com\/#\/schema\/logo\/image\/"}},false]}},"yasr_visitor_votes":{"stars_attributes":{"read_only":false,"span_bottom":false},"number_of_votes":1,"sum_votes":5},"_links":{"self":[{"href":"https:\/\/www.garlicline.com\/pt\/wp-json\/wp\/v2\/product\/1184","targetHints":{"allow":["GET"]}}],"collection":[{"href":"https:\/\/www.garlicline.com\/pt\/wp-json\/wp\/v2\/product"}],"about":[{"href":"https:\/\/www.garlicline.com\/pt\/wp-json\/wp\/v2\/types\/product"}],"replies":[{"embeddable":true,"href":"https:\/\/www.garlicline.com\/pt\/wp-json\/wp\/v2\/comments?post=1184"}],"version-history":[{"count":0,"href":"https:\/\/www.garlicline.com\/pt\/wp-json\/wp\/v2\/product\/1184\/revisions"}],"wp:featuredmedia":[{"embeddable":true,"href":"https:\/\/www.garlicline.com\/pt\/wp-json\/wp\/v2\/media\/1186"}],"wp:attachment":[{"href":"https:\/\/www.garlicline.com\/pt\/wp-json\/wp\/v2\/media?parent=1184"}],"wp:term":[{"taxonomy":"product_brand","embeddable":true,"href":"https:\/\/www.garlicline.com\/pt\/wp-json\/wp\/v2\/product_brand?post=1184"},{"taxonomy":"product_cat","embeddable":true,"href":"https:\/\/www.garlicline.com\/pt\/wp-json\/wp\/v2\/product_cat?post=1184"},{"taxonomy":"product_tag","embeddable":true,"href":"https:\/\/www.garlicline.com\/pt\/wp-json\/wp\/v2\/product_tag?post=1184"}],"curies":[{"name":"wp","href":"https:\/\/api.w.org\/{rel}","templated":true}]}}