{"id":1226,"date":"2022-06-22T02:37:11","date_gmt":"2022-06-22T02:37:11","guid":{"rendered":"https:\/\/www.garlicline.com\/?post_type=product&#038;p=1226"},"modified":"2026-03-20T11:57:07","modified_gmt":"2026-03-20T11:57:07","slug":"automatic-garlic-peeling-machine","status":"publish","type":"product","link":"https:\/\/www.garlicline.com\/pt\/produto\/automatic-garlic-peeling-machine\/","title":{"rendered":"M\u00e1quina de descascar alho Pre\u00e7o comercial"},"content":{"rendered":"<h2>Introdu\u00e7\u00e3o do pre\u00e7o da m\u00e1quina de descascar alho<\/h2>\n<p>Esta m\u00e1quina de descascar alho comercial \u00e9 muito adequada para pequenas empresas de processamento de alho. A m\u00e1quina autom\u00e1tica de descascar alho \u00e9 pequena em tamanho, f\u00e1cil de mover e reduz o espa\u00e7o no ch\u00e3o. A m\u00e1quina de descascar alho para venda pode ser usada em grandes restaurantes, hot\u00e9is, pequenas f\u00e1bricas de processamento de alimentos e f\u00e1bricas de processamento de alho. Embora o volume seja pequeno, a efici\u00eancia do trabalho \u00e9 muito alta, o que economiza muito o investimento de m\u00e3o de obra e o custo do tempo. A taxa de descasque pode atingir cerca de 98%, que \u00e9 um equipamento relativamente econ\u00f3mico.<\/p>\n<h2>Vantagens da m\u00e1quina de descascar alho para venda<\/h2>\n<ol>\n<li>O mecanismo mec\u00e2nico \u00e9 compacto na sua conce\u00e7\u00e3o e est\u00e1vel no seu funcionamento.<\/li>\n<li>O fornecedor de m\u00e1quina de descascar alho comercial ocupa uma pequena \u00e1rea e pode ser utilizado em campos e v\u00e1rios restaurantes de pequena e m\u00e9dia dimens\u00e3o, hot\u00e9is e f\u00e1bricas de transforma\u00e7\u00e3o de alimentos.<\/li>\n<li>Durante o processo de descasque, a superf\u00edcie do alho n\u00e3o ser\u00e1 danificada e o sabor e a cor do alho n\u00e3o ser\u00e3o afectados.<\/li>\n<li>No estado de alho seco, a taxa de descasque pode atingir 98%.<\/li>\n<li>O processo de descasque \u00e9 autom\u00e1tico, o que pode reduzir o desperd\u00edcio de tempo e custos de m\u00e3o de obra.<\/li>\n<li>N\u00e3o sou exigente quanto ao tamanho e \u00e0 variedade dos alhos.<\/li>\n<li>H\u00e1 uma variedade de modelos \u00e0 escolha, que podem ser personalizados de acordo com a produ\u00e7\u00e3o de processamento.<\/li>\n<\/ol>\n<p><img fetchpriority=\"high\" decoding=\"async\" class=\"alignnone wp-image-1227 size-full\" src=\"https:\/\/www.garlicline.com\/wp-content\/uploads\/2022\/06\/automatic-garlic-peeling-machine23.jpg\" alt=\"fabricante de m\u00e1quina de descascar alho\" width=\"800\" height=\"500\" srcset=\"https:\/\/www.garlicline.com\/wp-content\/uploads\/2022\/06\/automatic-garlic-peeling-machine23.jpg 800w, https:\/\/www.garlicline.com\/wp-content\/uploads\/2022\/06\/automatic-garlic-peeling-machine23-300x188.jpg 300w, https:\/\/www.garlicline.com\/wp-content\/uploads\/2022\/06\/automatic-garlic-peeling-machine23-768x480.jpg 768w, https:\/\/www.garlicline.com\/wp-content\/uploads\/2022\/06\/automatic-garlic-peeling-machine23-600x375.jpg 600w\" sizes=\"(max-width: 800px) 100vw, 800px\" \/><\/p>\n<h2>Fornecedor de m\u00e1quina de descascar alho Princ\u00edpio de funcionamento comercial<\/h2>\n<p>O fornecedor de m\u00e1quina de descascar alho comercial, que utiliza a eletricidade como energia para gerar g\u00e1s para soprar ar no tambor, coloca o alho seco na tremonha offline de g\u00e1s, o eixo vertical gira com a almofada de borracha e, em seguida, fecha a entrada para fazer o alho descascar em um ambiente fechado. Sob a a\u00e7\u00e3o da ventoinha, sopra-se a pele do alho para o exterior, e o alho sai pela outra sa\u00edda para completar o descasque.<\/p>\n<p><iframe title=\"M\u00e1quina de descascar alho|Descascador autom\u00e1tico de alho|Pre\u00e7o da m\u00e1quina de descascar alho\" src=\"https:\/\/www.youtube.com\/embed\/RUFmiA3ohOs\" width=\"800\" height=\"450\" frameborder=\"0\" allowfullscreen=\"allowfullscreen\"><span data-mce-type=\"bookmark\" style=\"display: inline-block; width: 0px; overflow: hidden; line-height: 0;\" class=\"mce_SELRES_start\">Obrigado por entrar em contato conosco.<\/span><span data-mce-type=\"bookmark\" style=\"display: inline-block; width: 0px; overflow: hidden; line-height: 0;\" class=\"mce_SELRES_start\">Obrigado por entrar em contato conosco.<\/span><\/iframe><\/p>\n<h2>M\u00e1quina de descascar alho para venda Precau\u00e7\u00f5es<\/h2>\n<ol>\n<li>Certificar-se de que a superf\u00edcie do alho est\u00e1 seca. Se for armazenado numa c\u00e2mara frigor\u00edfica, recomenda-se que o alho seja primeiro seco e depois descascado, caso contr\u00e1rio a taxa de descasque ser\u00e1 afetada.<\/li>\n<li>Ao alimentar, fornecedor de m\u00e1quina de descascar alho para venda \u00e9 melhor limpar as ra\u00edzes do alho para evitar danos no alho causados pela colis\u00e3o das ra\u00edzes do alho.<\/li>\n<li>Tentar limpar a pele do alho, os paus de alho e outras impurezas, porque isso afectar\u00e1 a alimenta\u00e7\u00e3o, o que tamb\u00e9m levar\u00e1 a uma baixa efici\u00eancia de descarga.<\/li>\n<\/ol>\n<h2>Par\u00e2metros da m\u00e1quina de descascar alho Fabricante comercial<\/h2>\n<table>\n<tbody>\n<tr>\n<td width=\"257\">modelo<\/td>\n<td width=\"296\">GG-ry-100B<\/td>\n<\/tr>\n<tr>\n<td width=\"257\">Capacidade<\/td>\n<td width=\"296\">100-150kg\/h<\/td>\n<\/tr>\n<tr>\n<td width=\"257\">pot\u00eancia<\/td>\n<td width=\"296\">0,5KW<\/td>\n<\/tr>\n<tr>\n<td width=\"257\">Tens\u00e3o<\/td>\n<td width=\"296\">220v\uff0c50-60HZ<\/td>\n<\/tr>\n<tr>\n<td width=\"257\">dimens\u00e3o<\/td>\n<td width=\"296\">690*720*1280mm<\/td>\n<\/tr>\n<tr>\n<td width=\"257\">peso<\/td>\n<td width=\"296\">75 kg<\/td>\n<\/tr>\n<tr>\n<td width=\"257\">Equipado com fonte de g\u00e1s<\/td>\n<td width=\"296\">7,5KW<\/td>\n<\/tr>\n<\/tbody>\n<\/table>\n<p>Se quiser saber o pre\u00e7o desta m\u00e1quina, por favor deixe uma mensagem, n\u00f3s fornecer-lhe-emos um servi\u00e7o 24 horas por dia.<\/p>\n<hr \/>\n<h2 style=\"text-align: center;\">-Deixe uma mensagem para uma cita\u00e7\u00e3o-<\/h2>\n\n<div class=\"wpcf7 no-js\" id=\"wpcf7-f1191-o1\" lang=\"en-US\" dir=\"ltr\" data-wpcf7-id=\"1191\">\n<div class=\"screen-reader-response\"><p role=\"status\" aria-live=\"polite\" aria-atomic=\"true\"><\/p> <ul><\/ul><\/div>\n<form action=\"\/pt\/wp-json\/wp\/v2\/product\/1226#wpcf7-f1191-o1\" method=\"post\" class=\"wpcf7-form init\" aria-label=\"Formul\u00e1rio de contacto\" novalidate=\"novalidate\" data-status=\"init\" data-trp-original-action=\"\/pt\/wp-json\/wp\/v2\/product\/1226#wpcf7-f1191-o1\">\n<fieldset class=\"hidden-fields-container\"><input type=\"hidden\" name=\"_wpcf7\" value=\"1191\" \/><input type=\"hidden\" name=\"_wpcf7_version\" value=\"6.1.1\" \/><input type=\"hidden\" name=\"_wpcf7_locale\" value=\"en_US\" \/><input type=\"hidden\" name=\"_wpcf7_unit_tag\" value=\"wpcf7-f1191-o1\" \/><input type=\"hidden\" name=\"_wpcf7_container_post\" value=\"0\" \/><input type=\"hidden\" name=\"_wpcf7_posted_data_hash\" value=\"\" \/>\n<\/fieldset>\n<div class='proformleft'>\n\t<p><label> O seu nome<br \/>\n<span class=\"wpcf7-form-control-wrap\" data-name=\"your-name\"><input size=\"40\" maxlength=\"400\" class=\"wpcf7-form-control wpcf7-text\" aria-invalid=\"false\" value=\"\" type=\"text\" name=\"your-name\" \/><\/span> <\/label>\n\t<\/p>\n\t<p><label> *O seu e-mail<br \/>\n<span class=\"wpcf7-form-control-wrap\" data-name=\"your-email\"><input size=\"40\" maxlength=\"400\" class=\"wpcf7-form-control wpcf7-email wpcf7-validates-as-required wpcf7-text wpcf7-validates-as-email\" aria-required=\"true\" aria-invalid=\"false\" value=\"\" type=\"email\" name=\"your-email\" \/><\/span> <\/label>\n\t<\/p>\n\t<p><label> *O seu telefone<br \/>\n<span class=\"wpcf7-form-control-wrap\" data-name=\"tel-224\"><input size=\"40\" maxlength=\"400\" class=\"wpcf7-form-control wpcf7-tel wpcf7-validates-as-required wpcf7-text wpcf7-validates-as-tel\" aria-required=\"true\" aria-invalid=\"false\" value=\"\" type=\"tel\" name=\"tel-224\" \/><\/span> <\/label>\n\t<\/p>\n\t<p><label> O seu pa\u00eds<br \/>\n<span class=\"wpcf7-form-control-wrap\" data-name=\"your-country\"><input size=\"40\" maxlength=\"400\" class=\"wpcf7-form-control wpcf7-text\" aria-invalid=\"false\" value=\"\" type=\"text\" name=\"your-country\" \/><\/span> <\/label>\n\t<\/p>\n<\/div>\n<div class='proformright'>\n\t<p><label> *A sua mensagem<br \/>\n<span class=\"wpcf7-form-control-wrap\" data-name=\"your-message\"><textarea cols=\"40\" rows=\"10\" maxlength=\"2000\" class=\"wpcf7-form-control wpcf7-textarea wpcf7-validates-as-required\" aria-required=\"true\" aria-invalid=\"false\" name=\"your-message\"><\/textarea><\/span> <\/label>\n\t<\/p>\n\t<p><input class=\"wpcf7-form-control wpcf7-submit has-spinner\" type=\"submit\" value=\"Enviar\" \/>\n\t<\/p>\n<\/div>\n<div style='clear:both'>\n<\/div><p style=\"display: none !important;\" class=\"akismet-fields-container\" data-prefix=\"_wpcf7_ak_\"><label>&#916;<textarea name=\"_wpcf7_ak_hp_textarea\" cols=\"45\" rows=\"8\" maxlength=\"100\"><\/textarea><\/label><input type=\"hidden\" id=\"ak_js_1\" name=\"_wpcf7_ak_js\" value=\"123\"\/><script>document.getElementById( \"ak_js_1\" ).setAttribute( \"value\", ( new Date() ).getTime() );<\/script><\/p><div class=\"wpcf7-response-output\" aria-hidden=\"true\"><\/div>\n<input type=\"hidden\" name=\"trp-form-language\" value=\"pt\"\/><\/form>\n<\/div>\n\n<div style='text-align:left' class='yasr-auto-insert-visitor'><\/div>","protected":false},"excerpt":{"rendered":"<table>\n<tbody>\n<tr>\n<td width=\"257\">modelo<\/td>\n<td width=\"296\">GG-ry-100B<\/td>\n<\/tr>\n<tr>\n<td width=\"257\">Capacidade<\/td>\n<td width=\"296\">100-150kg\/h<\/td>\n<\/tr>\n<tr>\n<td width=\"257\">pot\u00eancia<\/td>\n<td width=\"296\">0,5KW<\/td>\n<\/tr>\n<tr>\n<td width=\"257\">Tens\u00e3o<\/td>\n<td width=\"296\">220v\uff0c50-60HZ<\/td>\n<\/tr>\n<tr>\n<td width=\"257\">dimens\u00e3o<\/td>\n<td width=\"296\">690*720*1280mm<\/td>\n<\/tr>\n<tr>\n<td width=\"257\">peso<\/td>\n<td width=\"296\">75 kg<\/td>\n<\/tr>\n<tr>\n<td width=\"257\">Equipado com fonte de g\u00e1s<\/td>\n<td width=\"296\">7,5KW<\/td>\n<\/tr>\n<\/tbody>\n<\/table>","protected":false},"featured_media":1228,"comment_status":"open","ping_status":"closed","template":"","meta":{"site-sidebar-layout":"default","site-content-layout":"default","ast-global-header-display":"","ast-main-header-display":"","ast-hfb-above-header-display":"","ast-hfb-below-header-display":"","ast-hfb-mobile-header-display":"","site-post-title":"","ast-breadcrumbs-content":"","ast-featured-img":"","footer-sml-layout":"","theme-transparent-header-meta":"default","adv-header-id-meta":"","stick-header-meta":"","header-above-stick-meta":"","header-main-stick-meta":"","header-below-stick-meta":"","yasr_overall_rating":0,"yasr_post_is_review":"","yasr_auto_insert_disabled":"","yasr_review_type":""},"product_brand":[],"product_cat":[33],"product_tag":[],"class_list":{"0":"post-1226","1":"product","2":"type-product","3":"status-publish","4":"has-post-thumbnail","6":"product_cat-products","8":"first","9":"instock","10":"shipping-taxable","11":"product-type-simple"},"yoast_head":"<!-- This site is optimized with the Yoast SEO plugin v25.7 - https:\/\/yoast.com\/wordpress\/plugins\/seo\/ -->\n<title>Garlic Peeling Machine Commercial Price<\/title>\n<meta name=\"description\" content=\"This garlic peeling machine commercial has the characteristics of small size, high peeling efficiency, simple operation and stable operation.\" \/>\n<meta name=\"robots\" content=\"index, follow, max-snippet:-1, max-image-preview:large, max-video-preview:-1\" \/>\n<link rel=\"canonical\" href=\"https:\/\/www.garlicline.com\/pt\/produto\/automatic-garlic-peeling-machine\/\" \/>\n<meta property=\"og:locale\" content=\"pt_PT\" \/>\n<meta property=\"og:type\" content=\"article\" \/>\n<meta property=\"og:title\" content=\"Garlic Peeling Machine Commercial Price\" \/>\n<meta property=\"og:description\" content=\"This garlic peeling machine commercial has the characteristics of small size, high peeling efficiency, simple operation and stable operation.\" \/>\n<meta property=\"og:url\" content=\"https:\/\/www.garlicline.com\/pt\/produto\/automatic-garlic-peeling-machine\/\" \/>\n<meta property=\"og:site_name\" content=\"garlicline\" \/>\n<meta property=\"article:modified_time\" content=\"2026-03-20T11:57:07+00:00\" \/>\n<meta property=\"og:image\" content=\"https:\/\/www.garlicline.com\/wp-content\/uploads\/2022\/06\/automatic-garlic-peeling-machine32.jpg\" \/>\n\t<meta property=\"og:image:width\" content=\"600\" \/>\n\t<meta property=\"og:image:height\" content=\"600\" \/>\n\t<meta property=\"og:image:type\" content=\"image\/jpeg\" \/>\n<meta name=\"twitter:card\" content=\"summary_large_image\" \/>\n<meta name=\"twitter:label1\" content=\"Tempo estimado de leitura\" \/>\n\t<meta name=\"twitter:data1\" content=\"3 minutos\" \/>\n<script type=\"application\/ld+json\" class=\"yoast-schema-graph\">{\"@context\":\"https:\/\/schema.org\",\"@graph\":[{\"@type\":\"WebPage\",\"@id\":\"https:\/\/www.garlicline.com\/product\/automatic-garlic-peeling-machine\/\",\"url\":\"https:\/\/www.garlicline.com\/product\/automatic-garlic-peeling-machine\/\",\"name\":\"Garlic Peeling Machine Commercial Price\",\"isPartOf\":{\"@id\":\"https:\/\/www.garlicline.com\/#website\"},\"primaryImageOfPage\":{\"@id\":\"https:\/\/www.garlicline.com\/product\/automatic-garlic-peeling-machine\/#primaryimage\"},\"image\":{\"@id\":\"https:\/\/www.garlicline.com\/product\/automatic-garlic-peeling-machine\/#primaryimage\"},\"thumbnailUrl\":\"https:\/\/www.garlicline.com\/wp-content\/uploads\/2022\/06\/automatic-garlic-peeling-machine32.jpg\",\"datePublished\":\"2022-06-22T02:37:11+00:00\",\"dateModified\":\"2026-03-20T11:57:07+00:00\",\"description\":\"This garlic peeling machine commercial has the characteristics of small size, high peeling efficiency, simple operation and stable operation.\",\"breadcrumb\":{\"@id\":\"https:\/\/www.garlicline.com\/product\/automatic-garlic-peeling-machine\/#breadcrumb\"},\"inLanguage\":\"pt-PT\",\"potentialAction\":[{\"@type\":\"ReadAction\",\"target\":[\"https:\/\/www.garlicline.com\/product\/automatic-garlic-peeling-machine\/\"]}]},{\"@type\":\"ImageObject\",\"inLanguage\":\"pt-PT\",\"@id\":\"https:\/\/www.garlicline.com\/product\/automatic-garlic-peeling-machine\/#primaryimage\",\"url\":\"https:\/\/www.garlicline.com\/wp-content\/uploads\/2022\/06\/automatic-garlic-peeling-machine32.jpg\",\"contentUrl\":\"https:\/\/www.garlicline.com\/wp-content\/uploads\/2022\/06\/automatic-garlic-peeling-machine32.jpg\",\"width\":600,\"height\":600,\"caption\":\"electric garlic peeler\"},{\"@type\":\"BreadcrumbList\",\"@id\":\"https:\/\/www.garlicline.com\/product\/automatic-garlic-peeling-machine\/#breadcrumb\",\"itemListElement\":[{\"@type\":\"ListItem\",\"position\":1,\"name\":\"Home\",\"item\":\"https:\/\/www.garlicline.com\/\"},{\"@type\":\"ListItem\",\"position\":2,\"name\":\"Products\",\"item\":\"https:\/\/www.garlicline.com\/products\/\"},{\"@type\":\"ListItem\",\"position\":3,\"name\":\"Garlic Peeling Machine Commercial Price\"}]},{\"@type\":\"WebSite\",\"@id\":\"https:\/\/www.garlicline.com\/#website\",\"url\":\"https:\/\/www.garlicline.com\/\",\"name\":\"garlicline\",\"description\":\"garlic processing machine supplier\",\"publisher\":{\"@id\":\"https:\/\/www.garlicline.com\/#organization\"},\"potentialAction\":[{\"@type\":\"SearchAction\",\"target\":{\"@type\":\"EntryPoint\",\"urlTemplate\":\"https:\/\/www.garlicline.com\/?s={search_term_string}\"},\"query-input\":{\"@type\":\"PropertyValueSpecification\",\"valueRequired\":true,\"valueName\":\"search_term_string\"}}],\"inLanguage\":\"pt-PT\"},{\"@type\":\"Organization\",\"@id\":\"https:\/\/www.garlicline.com\/#organization\",\"name\":\"garlicline\",\"url\":\"https:\/\/www.garlicline.com\/\",\"logo\":{\"@type\":\"ImageObject\",\"inLanguage\":\"pt-PT\",\"@id\":\"https:\/\/www.garlicline.com\/#\/schema\/logo\/image\/\",\"url\":\"https:\/\/www.garlicline.com\/wp-content\/uploads\/2025\/05\/cropped-gelgoog-logo-1.png\",\"contentUrl\":\"https:\/\/www.garlicline.com\/wp-content\/uploads\/2025\/05\/cropped-gelgoog-logo-1.png\",\"width\":434,\"height\":267,\"caption\":\"garlicline\"},\"image\":{\"@id\":\"https:\/\/www.garlicline.com\/#\/schema\/logo\/image\/\"}},false]}<\/script>\n<!-- \/ Yoast SEO plugin. -->","yoast_head_json":{"title":"M\u00e1quina de descascar alho Pre\u00e7o comercial","description":"Esta m\u00e1quina de descascar alho comercial tem as carater\u00edsticas de tamanho pequeno, alta efici\u00eancia de descasque, opera\u00e7\u00e3o simples e opera\u00e7\u00e3o est\u00e1vel.","robots":{"index":"index","follow":"follow","max-snippet":"max-snippet:-1","max-image-preview":"max-image-preview:large","max-video-preview":"max-video-preview:-1"},"canonical":"https:\/\/www.garlicline.com\/pt\/produto\/automatic-garlic-peeling-machine\/","og_locale":"pt_PT","og_type":"article","og_title":"Garlic Peeling Machine Commercial Price","og_description":"This garlic peeling machine commercial has the characteristics of small size, high peeling efficiency, simple operation and stable operation.","og_url":"https:\/\/www.garlicline.com\/pt\/produto\/automatic-garlic-peeling-machine\/","og_site_name":"garlicline","article_modified_time":"2026-03-20T11:57:07+00:00","og_image":[{"width":600,"height":600,"url":"https:\/\/www.garlicline.com\/wp-content\/uploads\/2022\/06\/automatic-garlic-peeling-machine32.jpg","type":"image\/jpeg"}],"twitter_card":"summary_large_image","twitter_misc":{"Tempo estimado de leitura":"3 minutos"},"schema":{"@context":"https:\/\/schema.org","@graph":[{"@type":"WebPage","@id":"https:\/\/www.garlicline.com\/product\/automatic-garlic-peeling-machine\/","url":"https:\/\/www.garlicline.com\/product\/automatic-garlic-peeling-machine\/","name":"M\u00e1quina de descascar alho Pre\u00e7o comercial","isPartOf":{"@id":"https:\/\/www.garlicline.com\/#website"},"primaryImageOfPage":{"@id":"https:\/\/www.garlicline.com\/product\/automatic-garlic-peeling-machine\/#primaryimage"},"image":{"@id":"https:\/\/www.garlicline.com\/product\/automatic-garlic-peeling-machine\/#primaryimage"},"thumbnailUrl":"https:\/\/www.garlicline.com\/wp-content\/uploads\/2022\/06\/automatic-garlic-peeling-machine32.jpg","datePublished":"2022-06-22T02:37:11+00:00","dateModified":"2026-03-20T11:57:07+00:00","description":"Esta m\u00e1quina de descascar alho comercial tem as carater\u00edsticas de tamanho pequeno, alta efici\u00eancia de descasque, opera\u00e7\u00e3o simples e opera\u00e7\u00e3o est\u00e1vel.","breadcrumb":{"@id":"https:\/\/www.garlicline.com\/product\/automatic-garlic-peeling-machine\/#breadcrumb"},"inLanguage":"pt-PT","potentialAction":[{"@type":"ReadAction","target":["https:\/\/www.garlicline.com\/product\/automatic-garlic-peeling-machine\/"]}]},{"@type":"ImageObject","inLanguage":"pt-PT","@id":"https:\/\/www.garlicline.com\/product\/automatic-garlic-peeling-machine\/#primaryimage","url":"https:\/\/www.garlicline.com\/wp-content\/uploads\/2022\/06\/automatic-garlic-peeling-machine32.jpg","contentUrl":"https:\/\/www.garlicline.com\/wp-content\/uploads\/2022\/06\/automatic-garlic-peeling-machine32.jpg","width":600,"height":600,"caption":"electric garlic peeler"},{"@type":"BreadcrumbList","@id":"https:\/\/www.garlicline.com\/product\/automatic-garlic-peeling-machine\/#breadcrumb","itemListElement":[{"@type":"ListItem","position":1,"name":"Home","item":"https:\/\/www.garlicline.com\/"},{"@type":"ListItem","position":2,"name":"Products","item":"https:\/\/www.garlicline.com\/products\/"},{"@type":"ListItem","position":3,"name":"Garlic Peeling Machine Commercial Price"}]},{"@type":"WebSite","@id":"https:\/\/www.garlicline.com\/#website","url":"https:\/\/www.garlicline.com\/","name":"linha de alho","description":"fornecedor de m\u00e1quinas de transforma\u00e7\u00e3o de alho","publisher":{"@id":"https:\/\/www.garlicline.com\/#organization"},"potentialAction":[{"@type":"SearchAction","target":{"@type":"EntryPoint","urlTemplate":"https:\/\/www.garlicline.com\/?s={search_term_string}"},"query-input":{"@type":"PropertyValueSpecification","valueRequired":true,"valueName":"search_term_string"}}],"inLanguage":"pt-PT"},{"@type":"Organization","@id":"https:\/\/www.garlicline.com\/#organization","name":"linha de alho","url":"https:\/\/www.garlicline.com\/","logo":{"@type":"ImageObject","inLanguage":"pt-PT","@id":"https:\/\/www.garlicline.com\/#\/schema\/logo\/image\/","url":"https:\/\/www.garlicline.com\/wp-content\/uploads\/2025\/05\/cropped-gelgoog-logo-1.png","contentUrl":"https:\/\/www.garlicline.com\/wp-content\/uploads\/2025\/05\/cropped-gelgoog-logo-1.png","width":434,"height":267,"caption":"garlicline"},"image":{"@id":"https:\/\/www.garlicline.com\/#\/schema\/logo\/image\/"}},false]}},"yasr_visitor_votes":{"stars_attributes":{"read_only":false,"span_bottom":false},"number_of_votes":1,"sum_votes":5},"_links":{"self":[{"href":"https:\/\/www.garlicline.com\/pt\/wp-json\/wp\/v2\/product\/1226","targetHints":{"allow":["GET"]}}],"collection":[{"href":"https:\/\/www.garlicline.com\/pt\/wp-json\/wp\/v2\/product"}],"about":[{"href":"https:\/\/www.garlicline.com\/pt\/wp-json\/wp\/v2\/types\/product"}],"replies":[{"embeddable":true,"href":"https:\/\/www.garlicline.com\/pt\/wp-json\/wp\/v2\/comments?post=1226"}],"version-history":[{"count":0,"href":"https:\/\/www.garlicline.com\/pt\/wp-json\/wp\/v2\/product\/1226\/revisions"}],"wp:featuredmedia":[{"embeddable":true,"href":"https:\/\/www.garlicline.com\/pt\/wp-json\/wp\/v2\/media\/1228"}],"wp:attachment":[{"href":"https:\/\/www.garlicline.com\/pt\/wp-json\/wp\/v2\/media?parent=1226"}],"wp:term":[{"taxonomy":"product_brand","embeddable":true,"href":"https:\/\/www.garlicline.com\/pt\/wp-json\/wp\/v2\/product_brand?post=1226"},{"taxonomy":"product_cat","embeddable":true,"href":"https:\/\/www.garlicline.com\/pt\/wp-json\/wp\/v2\/product_cat?post=1226"},{"taxonomy":"product_tag","embeddable":true,"href":"https:\/\/www.garlicline.com\/pt\/wp-json\/wp\/v2\/product_tag?post=1226"}],"curies":[{"name":"wp","href":"https:\/\/api.w.org\/{rel}","templated":true}]}}