{"id":1250,"date":"2022-06-22T08:41:42","date_gmt":"2022-06-22T08:41:42","guid":{"rendered":"https:\/\/www.garlicline.com\/?post_type=product&#038;p=1250"},"modified":"2022-10-19T12:19:52","modified_gmt":"2022-10-19T12:19:52","slug":"garlic-ginger-drying-machine","status":"publish","type":"product","link":"https:\/\/www.garlicline.com\/pt\/produto\/garlic-ginger-drying-machine\/","title":{"rendered":"M\u00e1quina de secagem de alho e gengibre Custo comercial"},"content":{"rendered":"<h2>Introdu\u00e7\u00e3o da m\u00e1quina de secagem de alho<\/h2>\n<p>A m\u00e1quina de secagem de alho comercial pode secar rapidamente o alho, a fim de evaporar a humidade do alho, que \u00e9 uma das poucas formas de armazenar o alho. Comparado com a secagem natural, o secador de alho tem melhor efeito de secagem e maior efici\u00eancia, e pode controlar automaticamente a temperatura, o tempo e a humidade. A temperatura \u00e9 automaticamente alarmada. O secador de alho reduz significativamente o custo de processamento do trabalho e \u00e9 um equipamento essencial para o processamento de fatias de alho.<\/p>\n<h2>Carater\u00edsticas da m\u00e1quina de secagem de alho<\/h2>\n<p>1. A m\u00e1quina de secagem de alho comercial \u00e9 feita de a\u00e7o inoxid\u00e1vel de alta qualidade e tem uma longa vida \u00fatil.<br \/>\n2. A porta dupla da m\u00e1quina \u00e9 maior, o que \u00e9 conveniente para a distribui\u00e7\u00e3o do alho.<br \/>\n3. O custo da m\u00e1quina de secagem de alho adopta uma configura\u00e7\u00e3o do tipo arm\u00e1rio, que ocupa uma pequena \u00e1rea e \u00e9 adequada para muitas ocasi\u00f5es.<br \/>\n4. O funcionamento mec\u00e2nico \u00e9 est\u00e1vel, sem vibra\u00e7\u00e3o, sem ru\u00eddo.<\/p>\n<h2>Vantagens da m\u00e1quina de secagem de alho comercial<\/h2>\n<ol>\n<li>Toda a caixa adopta uma estrutura totalmente fechada, e o ar quente da m\u00e1quina de secagem de alho \u00e9 circulado na caixa, o que \u00e9 eficiente e economiza energia.<\/li>\n<li>O ventilador de circula\u00e7\u00e3o resistente a altas temperaturas incorporado \u00e9 adotado, o que reduz consideravelmente a perda de calor e refor\u00e7a a transfer\u00eancia e o armazenamento de calor.<\/li>\n<li>Existe uma placa de ar uniforme ajust\u00e1vel na caixa, que pode ajustar a abertura para cima e para baixo, de modo a que as temperaturas superior e inferior na caixa sejam uniformes e o aquecimento seja homog\u00e9neo.<\/li>\n<li>A espessura da camada de isolamento t\u00e9rmico \u00e9 de 80 mm, e o material de custo da m\u00e1quina de secagem de alho \u00e9 l\u00e3 de vidro branca ultrafina, que est\u00e1 em conformidade com a norma GMP e tem pouca perda de calor.<\/li>\n<li>O carro de secagem e a placa de secagem s\u00e3o o padr\u00e3o unificado da ind\u00fastria, e a placa de secagem e a placa de rede s\u00e3o adequadas para muitas ind\u00fastrias e t\u00eam forte permutabilidade.<\/li>\n<li>Elevado grau de automatiza\u00e7\u00e3o, pode controlar automaticamente a temperatura, a humidade e o tempo.<\/li>\n<li>As fatias de alho secas podem ser produzidas em lotes, o que melhora a efici\u00eancia da transforma\u00e7\u00e3o das fatias de alho.<\/li>\n<\/ol>\n<p><img fetchpriority=\"high\" decoding=\"async\" class=\"alignnone wp-image-1251 size-full\" src=\"https:\/\/www.garlicline.com\/wp-content\/uploads\/2022\/06\/garlic-drying-machine12.jpg\" alt=\"m\u00e1quina de secagem de alho e gengibre\" width=\"800\" height=\"500\" srcset=\"https:\/\/www.garlicline.com\/wp-content\/uploads\/2022\/06\/garlic-drying-machine12.jpg 800w, https:\/\/www.garlicline.com\/wp-content\/uploads\/2022\/06\/garlic-drying-machine12-300x188.jpg 300w, https:\/\/www.garlicline.com\/wp-content\/uploads\/2022\/06\/garlic-drying-machine12-768x480.jpg 768w, https:\/\/www.garlicline.com\/wp-content\/uploads\/2022\/06\/garlic-drying-machine12-600x375.jpg 600w\" sizes=\"(max-width: 800px) 100vw, 800px\" \/><\/p>\n<h2>\u00c2mbito de aplica\u00e7\u00e3o do custo da m\u00e1quina de secagem de alho e gengibre<\/h2>\n<p>O forno de circula\u00e7\u00e3o de ar quente \u00e9 especialmente concebido para a produ\u00e7\u00e3o em massa industrializada. A m\u00e1quina de secagem de alho comercial \u00e9 amplamente utilizada na ind\u00fastria farmac\u00eautica para a secagem de mat\u00e9rias-primas, pe\u00e7as de decoc\u00e7\u00e3o de ervas chinesas, extractos, p\u00f3s, gr\u00e2nulos, gr\u00e2nulos, comprimidos de \u00e1gua, garrafas de embalagem e outros materiais. O custo da m\u00e1quina de secagem de alho e gengibre tamb\u00e9m \u00e9 adequado para a secagem de vegetais desidratados, ra\u00e7\u00f5es, temperos de glutamato monoss\u00f3dico, pigmentos qu\u00edmicos, borracha, fibras, componentes electr\u00f3nicos, novos materiais, vestu\u00e1rio, alimentos e outras ind\u00fastrias.<\/p>\n<h2>Par\u00e2metros do secador de alho<\/h2>\n<table>\n<tbody>\n<tr>\n<td width=\"94\">\u00a0modelo<\/td>\n<td width=\"94\">GG-HX1-1<\/td>\n<td width=\"94\">GG-HX2-2<\/td>\n<td width=\"94\">GG-HX2-4<\/td>\n<td width=\"94\">GG-HX3-6<\/td>\n<td width=\"94\">GG-HX4-8<\/td>\n<\/tr>\n<tr>\n<td width=\"94\">O n\u00famero de carros de cozedura<\/td>\n<td width=\"94\">1<\/td>\n<td width=\"94\">2<\/td>\n<td width=\"94\">4<\/td>\n<td width=\"94\">6<\/td>\n<td width=\"94\">8<\/td>\n<\/tr>\n<tr>\n<td width=\"94\">O n\u00famero de discos de cozedura<\/td>\n<td width=\"94\">24<\/td>\n<td width=\"94\">48<\/td>\n<td width=\"94\">96<\/td>\n<td width=\"94\">144<\/td>\n<td width=\"94\">192<\/td>\n<\/tr>\n<tr>\n<td width=\"94\">Porta (ventilador)<\/td>\n<td width=\"94\">1<\/td>\n<td width=\"94\">2<\/td>\n<td width=\"94\">2<\/td>\n<td width=\"94\">3<\/td>\n<td width=\"94\">4<\/td>\n<\/tr>\n<tr>\n<td width=\"94\">Ventilador de circula\u00e7\u00e3o (mesa)<\/td>\n<td width=\"94\">1<\/td>\n<td width=\"94\">1<\/td>\n<td width=\"94\">2<\/td>\n<td width=\"94\">3<\/td>\n<td width=\"94\">4<\/td>\n<\/tr>\n<tr>\n<td width=\"94\">Exaustor h\u00famido (mesa)<\/td>\n<td width=\"94\">1<\/td>\n<td width=\"94\">1<\/td>\n<td width=\"94\">1<\/td>\n<td width=\"94\">1<\/td>\n<td width=\"94\">2<\/td>\n<\/tr>\n<tr>\n<td width=\"94\">pot\u00eancia de aquecimento \uff08KW\uff09<\/td>\n<td width=\"94\">12<\/td>\n<td width=\"94\">18<\/td>\n<td width=\"94\">30<\/td>\n<td width=\"94\">48<\/td>\n<td width=\"94\">60<\/td>\n<\/tr>\n<tr>\n<td width=\"94\">Antes de embalar o tamanho\uff08MM\uff09<\/td>\n<td width=\"94\">1.6&#215;1.2&#215;2.35<\/td>\n<td width=\"94\">2.5&#215;1.2&#215;2.35<\/td>\n<td width=\"94\">2.5&#215;2.2&#215;2.35<\/td>\n<td width=\"94\">3.5&#215;2.2&#215;2.35<\/td>\n<td width=\"94\">4.8&#215;2.2&#215;2.35<\/td>\n<\/tr>\n<tr>\n<td width=\"94\">Peso da pr\u00e9-embalagem\uff08KG\uff09<\/td>\n<td width=\"94\">470<\/td>\n<td width=\"94\">760<\/td>\n<td width=\"94\">1000<\/td>\n<td width=\"94\">1650<\/td>\n<td width=\"94\">2000<\/td>\n<\/tr>\n<tr>\n<td width=\"94\">Tamanho da p\u00f3s-embalagem\uff08MM\uff09<\/td>\n<td width=\"94\">1.72&#215;1.36&#215;2.26<\/td>\n<td width=\"94\">2.63&#215;1.36&#215;2.26<\/td>\n<td width=\"94\">2.63&#215;2.26&#215;2.26<\/td>\n<td width=\"94\">3.63&#215;2.26&#215;2.26<\/td>\n<td width=\"94\">4.93&#215;2.26&#215;2.26<\/td>\n<\/tr>\n<tr>\n<td width=\"94\">Peso ap\u00f3s a embalagem\uff08KG\uff09<\/td>\n<td width=\"94\">520<\/td>\n<td width=\"94\">830<\/td>\n<td width=\"94\">1100<\/td>\n<td width=\"94\">1800<\/td>\n<td width=\"94\">2150<\/td>\n<\/tr>\n<tr>\n<td width=\"94\">\u00a0sa\u00edda\uff08KG\uff09<\/td>\n<td width=\"94\">72<\/td>\n<td width=\"94\">144<\/td>\n<td width=\"94\">288<\/td>\n<td width=\"94\">432<\/td>\n<td width=\"94\">576<\/td>\n<\/tr>\n<\/tbody>\n<\/table>\n<p>Secador de alho personaliz\u00e1vel, tenho outro <a href=\"https:\/\/www.garlicline.com\/pt\/produto\/garlic-dehydration-machine\/\"><strong>m\u00e1quina de desidrata\u00e7\u00e3o de alho<\/strong><\/a><span style=\"font-size: 16px;\"><strong>\u00a0<\/strong>com uma produ\u00e7\u00e3o maior, se estiver interessado, por favor deixe uma mensagem para contacto.<\/span><\/p>\n<hr \/>\n<h2 style=\"text-align: center;\">-Deixe uma mensagem para uma cita\u00e7\u00e3o-<\/h2>\n<div style='text-align:left' class='yasr-auto-insert-visitor'><\/div>","protected":false},"excerpt":{"rendered":"<p>1. Pode controlar automaticamente a temperatura, a humidade e o tempo.<br \/>\n2. O material \u00e9 l\u00e3 de vidro branca ultrafina, que est\u00e1 em conformidade com as normas GMP e tem pouca perda de calor.<br \/>\n3. O tabuleiro de cozer e o tabuleiro de rede s\u00e3o adequados para muitas ind\u00fastrias.<br \/>\n4. O alho seco fatiado pode ser produzido em lotes.<\/p>","protected":false},"featured_media":1252,"comment_status":"open","ping_status":"closed","template":"","meta":{"site-sidebar-layout":"default","site-content-layout":"default","ast-global-header-display":"","ast-main-header-display":"","ast-hfb-above-header-display":"","ast-hfb-below-header-display":"","ast-hfb-mobile-header-display":"","site-post-title":"","ast-breadcrumbs-content":"","ast-featured-img":"","footer-sml-layout":"","theme-transparent-header-meta":"default","adv-header-id-meta":"","stick-header-meta":"","header-above-stick-meta":"","header-main-stick-meta":"","header-below-stick-meta":"","yasr_overall_rating":0,"yasr_post_is_review":"","yasr_auto_insert_disabled":"","yasr_review_type":""},"product_brand":[],"product_cat":[33],"product_tag":[],"class_list":{"0":"post-1250","1":"product","2":"type-product","3":"status-publish","4":"has-post-thumbnail","6":"product_cat-products","8":"first","9":"instock","10":"shipping-taxable","11":"product-type-simple"},"yoast_head":"<!-- This site is optimized with the Yoast SEO plugin v25.7 - https:\/\/yoast.com\/wordpress\/plugins\/seo\/ -->\n<title>Garlic Ginger Drying Machine Commercial Cost<\/title>\n<meta name=\"description\" content=\"The garlic drying machine can evaporate the moisture of garlic, which is more conducive to the storage and transportation of garlic.\" \/>\n<meta name=\"robots\" content=\"index, follow, max-snippet:-1, max-image-preview:large, max-video-preview:-1\" \/>\n<link rel=\"canonical\" href=\"https:\/\/www.garlicline.com\/pt\/produto\/garlic-ginger-drying-machine\/\" \/>\n<meta property=\"og:locale\" content=\"pt_PT\" \/>\n<meta property=\"og:type\" content=\"article\" \/>\n<meta property=\"og:title\" content=\"Garlic Ginger Drying Machine Commercial Cost\" \/>\n<meta property=\"og:description\" content=\"The garlic drying machine can evaporate the moisture of garlic, which is more conducive to the storage and transportation of garlic.\" \/>\n<meta property=\"og:url\" content=\"https:\/\/www.garlicline.com\/pt\/produto\/garlic-ginger-drying-machine\/\" \/>\n<meta property=\"og:site_name\" content=\"garlicline\" \/>\n<meta property=\"article:modified_time\" content=\"2022-10-19T12:19:52+00:00\" \/>\n<meta property=\"og:image\" content=\"https:\/\/www.garlicline.com\/wp-content\/uploads\/2022\/06\/garlic-drying-machine.jpg\" \/>\n\t<meta property=\"og:image:width\" content=\"600\" \/>\n\t<meta property=\"og:image:height\" content=\"600\" \/>\n\t<meta property=\"og:image:type\" content=\"image\/jpeg\" \/>\n<meta name=\"twitter:card\" content=\"summary_large_image\" \/>\n<meta name=\"twitter:label1\" content=\"Tempo estimado de leitura\" \/>\n\t<meta name=\"twitter:data1\" content=\"3 minutos\" \/>\n<script type=\"application\/ld+json\" class=\"yoast-schema-graph\">{\"@context\":\"https:\/\/schema.org\",\"@graph\":[{\"@type\":\"WebPage\",\"@id\":\"https:\/\/www.garlicline.com\/product\/garlic-ginger-drying-machine\/\",\"url\":\"https:\/\/www.garlicline.com\/product\/garlic-ginger-drying-machine\/\",\"name\":\"Garlic Ginger Drying Machine Commercial Cost\",\"isPartOf\":{\"@id\":\"https:\/\/www.garlicline.com\/#website\"},\"primaryImageOfPage\":{\"@id\":\"https:\/\/www.garlicline.com\/product\/garlic-ginger-drying-machine\/#primaryimage\"},\"image\":{\"@id\":\"https:\/\/www.garlicline.com\/product\/garlic-ginger-drying-machine\/#primaryimage\"},\"thumbnailUrl\":\"https:\/\/www.garlicline.com\/wp-content\/uploads\/2022\/06\/garlic-drying-machine.jpg\",\"datePublished\":\"2022-06-22T08:41:42+00:00\",\"dateModified\":\"2022-10-19T12:19:52+00:00\",\"description\":\"The garlic drying machine can evaporate the moisture of garlic, which is more conducive to the storage and transportation of garlic.\",\"breadcrumb\":{\"@id\":\"https:\/\/www.garlicline.com\/product\/garlic-ginger-drying-machine\/#breadcrumb\"},\"inLanguage\":\"pt-PT\",\"potentialAction\":[{\"@type\":\"ReadAction\",\"target\":[\"https:\/\/www.garlicline.com\/product\/garlic-ginger-drying-machine\/\"]}]},{\"@type\":\"ImageObject\",\"inLanguage\":\"pt-PT\",\"@id\":\"https:\/\/www.garlicline.com\/product\/garlic-ginger-drying-machine\/#primaryimage\",\"url\":\"https:\/\/www.garlicline.com\/wp-content\/uploads\/2022\/06\/garlic-drying-machine.jpg\",\"contentUrl\":\"https:\/\/www.garlicline.com\/wp-content\/uploads\/2022\/06\/garlic-drying-machine.jpg\",\"width\":600,\"height\":600,\"caption\":\"garlic drying machine\"},{\"@type\":\"BreadcrumbList\",\"@id\":\"https:\/\/www.garlicline.com\/product\/garlic-ginger-drying-machine\/#breadcrumb\",\"itemListElement\":[{\"@type\":\"ListItem\",\"position\":1,\"name\":\"Home\",\"item\":\"https:\/\/www.garlicline.com\/\"},{\"@type\":\"ListItem\",\"position\":2,\"name\":\"Products\",\"item\":\"https:\/\/www.garlicline.com\/products\/\"},{\"@type\":\"ListItem\",\"position\":3,\"name\":\"Garlic Ginger Drying Machine Commercial Cost\"}]},{\"@type\":\"WebSite\",\"@id\":\"https:\/\/www.garlicline.com\/#website\",\"url\":\"https:\/\/www.garlicline.com\/\",\"name\":\"garlicline\",\"description\":\"garlic processing machine supplier\",\"publisher\":{\"@id\":\"https:\/\/www.garlicline.com\/#organization\"},\"potentialAction\":[{\"@type\":\"SearchAction\",\"target\":{\"@type\":\"EntryPoint\",\"urlTemplate\":\"https:\/\/www.garlicline.com\/?s={search_term_string}\"},\"query-input\":{\"@type\":\"PropertyValueSpecification\",\"valueRequired\":true,\"valueName\":\"search_term_string\"}}],\"inLanguage\":\"pt-PT\"},{\"@type\":\"Organization\",\"@id\":\"https:\/\/www.garlicline.com\/#organization\",\"name\":\"garlicline\",\"url\":\"https:\/\/www.garlicline.com\/\",\"logo\":{\"@type\":\"ImageObject\",\"inLanguage\":\"pt-PT\",\"@id\":\"https:\/\/www.garlicline.com\/#\/schema\/logo\/image\/\",\"url\":\"https:\/\/www.garlicline.com\/wp-content\/uploads\/2025\/05\/cropped-gelgoog-logo-1.png\",\"contentUrl\":\"https:\/\/www.garlicline.com\/wp-content\/uploads\/2025\/05\/cropped-gelgoog-logo-1.png\",\"width\":434,\"height\":267,\"caption\":\"garlicline\"},\"image\":{\"@id\":\"https:\/\/www.garlicline.com\/#\/schema\/logo\/image\/\"}},false]}<\/script>\n<!-- \/ Yoast SEO plugin. -->","yoast_head_json":{"title":"M\u00e1quina de secagem de alho e gengibre Custo comercial","description":"A m\u00e1quina de secagem de alho pode evaporar a humidade do alho, o que \u00e9 mais prop\u00edcio ao armazenamento e transporte do alho.","robots":{"index":"index","follow":"follow","max-snippet":"max-snippet:-1","max-image-preview":"max-image-preview:large","max-video-preview":"max-video-preview:-1"},"canonical":"https:\/\/www.garlicline.com\/pt\/produto\/garlic-ginger-drying-machine\/","og_locale":"pt_PT","og_type":"article","og_title":"Garlic Ginger Drying Machine Commercial Cost","og_description":"The garlic drying machine can evaporate the moisture of garlic, which is more conducive to the storage and transportation of garlic.","og_url":"https:\/\/www.garlicline.com\/pt\/produto\/garlic-ginger-drying-machine\/","og_site_name":"garlicline","article_modified_time":"2022-10-19T12:19:52+00:00","og_image":[{"width":600,"height":600,"url":"https:\/\/www.garlicline.com\/wp-content\/uploads\/2022\/06\/garlic-drying-machine.jpg","type":"image\/jpeg"}],"twitter_card":"summary_large_image","twitter_misc":{"Tempo estimado de leitura":"3 minutos"},"schema":{"@context":"https:\/\/schema.org","@graph":[{"@type":"WebPage","@id":"https:\/\/www.garlicline.com\/product\/garlic-ginger-drying-machine\/","url":"https:\/\/www.garlicline.com\/product\/garlic-ginger-drying-machine\/","name":"M\u00e1quina de secagem de alho e gengibre Custo comercial","isPartOf":{"@id":"https:\/\/www.garlicline.com\/#website"},"primaryImageOfPage":{"@id":"https:\/\/www.garlicline.com\/product\/garlic-ginger-drying-machine\/#primaryimage"},"image":{"@id":"https:\/\/www.garlicline.com\/product\/garlic-ginger-drying-machine\/#primaryimage"},"thumbnailUrl":"https:\/\/www.garlicline.com\/wp-content\/uploads\/2022\/06\/garlic-drying-machine.jpg","datePublished":"2022-06-22T08:41:42+00:00","dateModified":"2022-10-19T12:19:52+00:00","description":"A m\u00e1quina de secagem de alho pode evaporar a humidade do alho, o que \u00e9 mais prop\u00edcio ao armazenamento e transporte do alho.","breadcrumb":{"@id":"https:\/\/www.garlicline.com\/product\/garlic-ginger-drying-machine\/#breadcrumb"},"inLanguage":"pt-PT","potentialAction":[{"@type":"ReadAction","target":["https:\/\/www.garlicline.com\/product\/garlic-ginger-drying-machine\/"]}]},{"@type":"ImageObject","inLanguage":"pt-PT","@id":"https:\/\/www.garlicline.com\/product\/garlic-ginger-drying-machine\/#primaryimage","url":"https:\/\/www.garlicline.com\/wp-content\/uploads\/2022\/06\/garlic-drying-machine.jpg","contentUrl":"https:\/\/www.garlicline.com\/wp-content\/uploads\/2022\/06\/garlic-drying-machine.jpg","width":600,"height":600,"caption":"garlic drying machine"},{"@type":"BreadcrumbList","@id":"https:\/\/www.garlicline.com\/product\/garlic-ginger-drying-machine\/#breadcrumb","itemListElement":[{"@type":"ListItem","position":1,"name":"Home","item":"https:\/\/www.garlicline.com\/"},{"@type":"ListItem","position":2,"name":"Products","item":"https:\/\/www.garlicline.com\/products\/"},{"@type":"ListItem","position":3,"name":"Garlic Ginger Drying Machine Commercial Cost"}]},{"@type":"WebSite","@id":"https:\/\/www.garlicline.com\/#website","url":"https:\/\/www.garlicline.com\/","name":"linha de alho","description":"fornecedor de m\u00e1quinas de transforma\u00e7\u00e3o de alho","publisher":{"@id":"https:\/\/www.garlicline.com\/#organization"},"potentialAction":[{"@type":"SearchAction","target":{"@type":"EntryPoint","urlTemplate":"https:\/\/www.garlicline.com\/?s={search_term_string}"},"query-input":{"@type":"PropertyValueSpecification","valueRequired":true,"valueName":"search_term_string"}}],"inLanguage":"pt-PT"},{"@type":"Organization","@id":"https:\/\/www.garlicline.com\/#organization","name":"linha de alho","url":"https:\/\/www.garlicline.com\/","logo":{"@type":"ImageObject","inLanguage":"pt-PT","@id":"https:\/\/www.garlicline.com\/#\/schema\/logo\/image\/","url":"https:\/\/www.garlicline.com\/wp-content\/uploads\/2025\/05\/cropped-gelgoog-logo-1.png","contentUrl":"https:\/\/www.garlicline.com\/wp-content\/uploads\/2025\/05\/cropped-gelgoog-logo-1.png","width":434,"height":267,"caption":"garlicline"},"image":{"@id":"https:\/\/www.garlicline.com\/#\/schema\/logo\/image\/"}},false]}},"yasr_visitor_votes":{"stars_attributes":{"read_only":false,"span_bottom":false},"number_of_votes":1,"sum_votes":5},"_links":{"self":[{"href":"https:\/\/www.garlicline.com\/pt\/wp-json\/wp\/v2\/product\/1250","targetHints":{"allow":["GET"]}}],"collection":[{"href":"https:\/\/www.garlicline.com\/pt\/wp-json\/wp\/v2\/product"}],"about":[{"href":"https:\/\/www.garlicline.com\/pt\/wp-json\/wp\/v2\/types\/product"}],"replies":[{"embeddable":true,"href":"https:\/\/www.garlicline.com\/pt\/wp-json\/wp\/v2\/comments?post=1250"}],"version-history":[{"count":0,"href":"https:\/\/www.garlicline.com\/pt\/wp-json\/wp\/v2\/product\/1250\/revisions"}],"wp:featuredmedia":[{"embeddable":true,"href":"https:\/\/www.garlicline.com\/pt\/wp-json\/wp\/v2\/media\/1252"}],"wp:attachment":[{"href":"https:\/\/www.garlicline.com\/pt\/wp-json\/wp\/v2\/media?parent=1250"}],"wp:term":[{"taxonomy":"product_brand","embeddable":true,"href":"https:\/\/www.garlicline.com\/pt\/wp-json\/wp\/v2\/product_brand?post=1250"},{"taxonomy":"product_cat","embeddable":true,"href":"https:\/\/www.garlicline.com\/pt\/wp-json\/wp\/v2\/product_cat?post=1250"},{"taxonomy":"product_tag","embeddable":true,"href":"https:\/\/www.garlicline.com\/pt\/wp-json\/wp\/v2\/product_tag?post=1250"}],"curies":[{"name":"wp","href":"https:\/\/api.w.org\/{rel}","templated":true}]}}