{"id":1270,"date":"2022-06-23T10:22:43","date_gmt":"2022-06-23T10:22:43","guid":{"rendered":"https:\/\/www.garlicline.com\/?post_type=product&#038;p=1270"},"modified":"2022-10-22T08:25:47","modified_gmt":"2022-10-22T08:25:47","slug":"peeled-garlic-clove-washing-cleaning-machine-price","status":"publish","type":"product","link":"https:\/\/www.garlicline.com\/pt\/produto\/peeled-garlic-clove-washing-cleaning-machine-price\/","title":{"rendered":"M\u00e1quina de lavar e limpar cravos de alho descascados Pre\u00e7o"},"content":{"rendered":"<h2>Introdu\u00e7\u00e3o da m\u00e1quina de limpeza de alho comercial<\/h2>\n<p>A m\u00e1quina de lavar alho descascado adopta o m\u00e9todo de limpeza por bolhas para remover a sujidade e as subst\u00e2ncias nocivas como o p\u00f3, o bolor e os pesticidas na superf\u00edcie da cor do alho. O alho limpo pode ser combinado com um secador de ar de alho para formar uma linha de produ\u00e7\u00e3o para alcan\u00e7ar a produ\u00e7\u00e3o cont\u00ednua de alho. O alho transformado pode ser diretamente embalado para venda, o que aumenta o valor de venda do alho.<\/p>\n<p><img fetchpriority=\"high\" decoding=\"async\" class=\"alignnone size-full wp-image-2002\" src=\"https:\/\/www.garlicline.com\/wp-content\/uploads\/2022\/06\/garlic-washing-machine-1.jpg\" alt=\"m\u00e1quina de lavar alhos\" width=\"800\" height=\"600\" srcset=\"https:\/\/www.garlicline.com\/wp-content\/uploads\/2022\/06\/garlic-washing-machine-1.jpg 800w, https:\/\/www.garlicline.com\/wp-content\/uploads\/2022\/06\/garlic-washing-machine-1-300x225.jpg 300w, https:\/\/www.garlicline.com\/wp-content\/uploads\/2022\/06\/garlic-washing-machine-1-768x576.jpg 768w, https:\/\/www.garlicline.com\/wp-content\/uploads\/2022\/06\/garlic-washing-machine-1-600x450.jpg 600w\" sizes=\"(max-width: 800px) 100vw, 800px\" \/><\/p>\n<h2>Carater\u00edsticas da m\u00e1quina de lavar cravo de alho descascado<\/h2>\n<p>1. A velocidade da placa da corrente de transmiss\u00e3o mec\u00e2nica pode ser controlada e a convers\u00e3o de frequ\u00eancia \u00e9 ajust\u00e1vel.<br \/>\n2. O suporte \u00e9 feito de material de alta resist\u00eancia, soldadura de linha em v\u00e1rias posi\u00e7\u00f5es e solidez estrutural.<br \/>\n3. O assento do rolamento adopta o assento do rolamento vertical. Esta pe\u00e7a \u00e9 uma pe\u00e7a comum, que pode ser montada e desmontada rapidamente e tem uma longa vida \u00fatil.<br \/>\n4. O pre\u00e7o da m\u00e1quina de limpeza de alho est\u00e1 equipado com uma tremonha para armazenar os res\u00edduos.<br \/>\n5. Existem rolos na parte inferior, o que \u00e9 conveniente para o movimento mec\u00e2nico e a utiliza\u00e7\u00e3o.<\/p>\n<h2>Vantagens da m\u00e1quina de lavar alho autom\u00e1tica<\/h2>\n<ol>\n<li>Material em a\u00e7o inoxid\u00e1vel, f\u00e1cil de limpar e manter, pode ser lavado diretamente com \u00e1gua.<\/li>\n<li>A estrutura comercial da m\u00e1quina de limpeza de alho \u00e9 compacta e funciona sem deforma\u00e7\u00f5es.<\/li>\n<li>Conceber o sistema de circula\u00e7\u00e3o da \u00e1gua para evitar o desperd\u00edcio de recursos h\u00eddricos.<\/li>\n<li>Design de estrutura razo\u00e1vel, f\u00e1cil desmontagem, f\u00e1cil manuten\u00e7\u00e3o e limpeza.<\/li>\n<li>A parte superior do declive est\u00e1 equipada com um bocal, que pode limpar o alho duas vezes, e o efeito de limpeza do pre\u00e7o da m\u00e1quina de limpeza de alho \u00e9 melhor.<\/li>\n<li>Ampla gama de aplica\u00e7\u00f5es, pode limpar e utilizar uma variedade de materiais.<\/li>\n<li>Pode efetuar um trabalho cont\u00ednuo, realizar uma produ\u00e7\u00e3o cont\u00ednua e acelerar a efici\u00eancia da produ\u00e7\u00e3o.<\/li>\n<\/ol>\n<p><img decoding=\"async\" class=\"alignnone size-full wp-image-1271\" src=\"https:\/\/www.garlicline.com\/wp-content\/uploads\/2022\/06\/washing-k-2.jpg\" alt=\"pre\u00e7o da m\u00e1quina de limpeza de alho\" width=\"800\" height=\"500\" srcset=\"https:\/\/www.garlicline.com\/wp-content\/uploads\/2022\/06\/washing-k-2.jpg 800w, https:\/\/www.garlicline.com\/wp-content\/uploads\/2022\/06\/washing-k-2-300x188.jpg 300w, https:\/\/www.garlicline.com\/wp-content\/uploads\/2022\/06\/washing-k-2-768x480.jpg 768w, https:\/\/www.garlicline.com\/wp-content\/uploads\/2022\/06\/washing-k-2-600x375.jpg 600w\" sizes=\"(max-width: 800px) 100vw, 800px\" \/><\/p>\n<h2>Como fazer calda de alho<\/h2>\n<p>A m\u00e1quina de lavar dentes de alho descascados utiliza bolhas de ar para limpar os dentes de alho descascados. As bolhas de ar geradas pelo g\u00e1s do soprador e o fluxo de \u00e1gua a alta press\u00e3o s\u00e3o utilizados para fazer com que os dentes de alho descascados caiam na \u00e1gua e, finalmente, obtenham o efeito de limpeza total.<\/p>\n<p><iframe title=\"Linha de processamento de limpeza de bolhas de alho Gelgoog M\u00e1quina de descascar alho\" src=\"https:\/\/www.youtube.com\/embed\/QgTWcDOezoo\" width=\"800\" height=\"450\" frameborder=\"0\" allowfullscreen=\"allowfullscreen\"><span data-mce-type=\"bookmark\" style=\"display: inline-block; width: 0px; overflow: hidden; line-height: 0;\" class=\"mce_SELRES_start\">Obrigado por entrar em contato conosco.<\/span><\/iframe><\/p>\n<h2>M\u00e1quina de limpeza de cravo de alho descascado Par\u00e2metros<\/h2>\n<table>\n<tbody>\n<tr>\n<td width=\"84\">Modelo<\/td>\n<td width=\"80\">Largura do cinto de rede<\/td>\n<td width=\"88\">Pot\u00eancia de transmiss\u00e3o<\/td>\n<td width=\"81\">Pot\u00eancia da bomba<\/td>\n<td width=\"81\">Pot\u00eancia da bomba de ar<\/td>\n<td width=\"122\">Dimens\u00f5es\uff08MM\uff09<\/td>\n<\/tr>\n<tr>\n<td width=\"84\">GG-XQ2500A<\/td>\n<td width=\"80\">800<\/td>\n<td width=\"88\">0.75<\/td>\n<td width=\"81\">0.75<\/td>\n<td width=\"81\">2.2<\/td>\n<td width=\"122\">2650*1550*1350<\/td>\n<\/tr>\n<tr>\n<td width=\"84\">GG-XQ3000A<\/td>\n<td width=\"80\">800<\/td>\n<td width=\"88\">0.75<\/td>\n<td width=\"81\">0.75<\/td>\n<td width=\"81\">2.2<\/td>\n<td width=\"122\">3150*1550*1350<\/td>\n<\/tr>\n<tr>\n<td width=\"84\">GG-XQ3500A<\/td>\n<td width=\"80\">800<\/td>\n<td width=\"88\">0.75<\/td>\n<td width=\"81\">0.75<\/td>\n<td width=\"81\">2.2<\/td>\n<td width=\"122\">3550*1550*1350<\/td>\n<\/tr>\n<tr>\n<td width=\"84\">GG-XQ4000A<\/td>\n<td width=\"80\">800<\/td>\n<td width=\"88\">0.75<\/td>\n<td width=\"81\">0.75<\/td>\n<td width=\"81\">2.2<\/td>\n<td width=\"122\">4150*1550*1350<\/td>\n<\/tr>\n<tr>\n<td width=\"84\">GG-XQ5000A<\/td>\n<td width=\"80\">800<\/td>\n<td width=\"88\">1.5<\/td>\n<td width=\"81\">1.5<\/td>\n<td width=\"81\">4<\/td>\n<td width=\"122\">5150*1550*1350<\/td>\n<\/tr>\n<tr>\n<td width=\"84\">GG-XQ6000A<\/td>\n<td width=\"80\">800<\/td>\n<td width=\"88\">1.5<\/td>\n<td width=\"81\">1.5<\/td>\n<td width=\"81\">4<\/td>\n<td width=\"122\">6150*1550*1350<\/td>\n<\/tr>\n<\/tbody>\n<\/table>\n<p>Contacte-nos se quiser iniciar uma empresa de produ\u00e7\u00e3o de alho, n\u00f3s fornecemos-lhe solu\u00e7\u00f5es e equipamento.<a href=\"https:\/\/www.garlicline.com\/pt\/garlic-peeling-production-line\/\"><strong> linha de produ\u00e7\u00e3o de alho descascado<\/strong><\/a>Linha de produ\u00e7\u00e3o de flocos de alho, linha de produ\u00e7\u00e3o de alho em p\u00f3, linha de produ\u00e7\u00e3o de pasta de alho. Se estiver interessado, por favor deixe uma mensagem.<\/p>\n<hr \/>\n<h2 style=\"text-align: center;\">-Deixe uma mensagem para uma cita\u00e7\u00e3o-<\/h2>\n\n<div class=\"wpcf7 no-js\" id=\"wpcf7-f1191-o1\" lang=\"en-US\" dir=\"ltr\" data-wpcf7-id=\"1191\">\n<div class=\"screen-reader-response\"><p role=\"status\" aria-live=\"polite\" aria-atomic=\"true\"><\/p> <ul><\/ul><\/div>\n<form action=\"\/pt\/wp-json\/wp\/v2\/product\/1270#wpcf7-f1191-o1\" method=\"post\" class=\"wpcf7-form init\" aria-label=\"Formul\u00e1rio de contacto\" novalidate=\"novalidate\" data-status=\"init\" data-trp-original-action=\"\/pt\/wp-json\/wp\/v2\/product\/1270#wpcf7-f1191-o1\">\n<fieldset class=\"hidden-fields-container\"><input type=\"hidden\" name=\"_wpcf7\" value=\"1191\" \/><input type=\"hidden\" name=\"_wpcf7_version\" value=\"6.1.1\" \/><input type=\"hidden\" name=\"_wpcf7_locale\" value=\"en_US\" \/><input type=\"hidden\" name=\"_wpcf7_unit_tag\" value=\"wpcf7-f1191-o1\" \/><input type=\"hidden\" name=\"_wpcf7_container_post\" value=\"0\" \/><input type=\"hidden\" name=\"_wpcf7_posted_data_hash\" value=\"\" \/>\n<\/fieldset>\n<div class='proformleft'>\n\t<p><label> O seu nome<br \/>\n<span class=\"wpcf7-form-control-wrap\" data-name=\"your-name\"><input size=\"40\" maxlength=\"400\" class=\"wpcf7-form-control wpcf7-text\" aria-invalid=\"false\" value=\"\" type=\"text\" name=\"your-name\" \/><\/span> <\/label>\n\t<\/p>\n\t<p><label> *O seu e-mail<br \/>\n<span class=\"wpcf7-form-control-wrap\" data-name=\"your-email\"><input size=\"40\" maxlength=\"400\" class=\"wpcf7-form-control wpcf7-email wpcf7-validates-as-required wpcf7-text wpcf7-validates-as-email\" aria-required=\"true\" aria-invalid=\"false\" value=\"\" type=\"email\" name=\"your-email\" \/><\/span> <\/label>\n\t<\/p>\n\t<p><label> *O seu telefone<br \/>\n<span class=\"wpcf7-form-control-wrap\" data-name=\"tel-224\"><input size=\"40\" maxlength=\"400\" class=\"wpcf7-form-control wpcf7-tel wpcf7-validates-as-required wpcf7-text wpcf7-validates-as-tel\" aria-required=\"true\" aria-invalid=\"false\" value=\"\" type=\"tel\" name=\"tel-224\" \/><\/span> <\/label>\n\t<\/p>\n\t<p><label> O seu pa\u00eds<br \/>\n<span class=\"wpcf7-form-control-wrap\" data-name=\"your-country\"><input size=\"40\" maxlength=\"400\" class=\"wpcf7-form-control wpcf7-text\" aria-invalid=\"false\" value=\"\" type=\"text\" name=\"your-country\" \/><\/span> <\/label>\n\t<\/p>\n<\/div>\n<div class='proformright'>\n\t<p><label> *A sua mensagem<br \/>\n<span class=\"wpcf7-form-control-wrap\" data-name=\"your-message\"><textarea cols=\"40\" rows=\"10\" maxlength=\"2000\" class=\"wpcf7-form-control wpcf7-textarea wpcf7-validates-as-required\" aria-required=\"true\" aria-invalid=\"false\" name=\"your-message\"><\/textarea><\/span> <\/label>\n\t<\/p>\n\t<p><input class=\"wpcf7-form-control wpcf7-submit has-spinner\" type=\"submit\" value=\"Enviar\" \/>\n\t<\/p>\n<\/div>\n<div style='clear:both'>\n<\/div><p style=\"display: none !important;\" class=\"akismet-fields-container\" data-prefix=\"_wpcf7_ak_\"><label>&#916;<textarea name=\"_wpcf7_ak_hp_textarea\" cols=\"45\" rows=\"8\" maxlength=\"100\"><\/textarea><\/label><input type=\"hidden\" id=\"ak_js_1\" name=\"_wpcf7_ak_js\" value=\"233\"\/><script>document.getElementById( \"ak_js_1\" ).setAttribute( \"value\", ( new Date() ).getTime() );<\/script><\/p><div class=\"wpcf7-response-output\" aria-hidden=\"true\"><\/div>\n<input type=\"hidden\" name=\"trp-form-language\" value=\"pt\"\/><\/form>\n<\/div>\n\n<div style='text-align:left' class='yasr-auto-insert-visitor'><\/div>","protected":false},"excerpt":{"rendered":"<table>\n<tbody>\n<tr>\n<td width=\"84\">Modelo<\/td>\n<td width=\"80\">Largura do cinto de rede<\/td>\n<td width=\"88\">Pot\u00eancia de transmiss\u00e3o<\/td>\n<td width=\"81\">Pot\u00eancia da bomba<\/td>\n<td width=\"81\">Pot\u00eancia da bomba de ar<\/td>\n<td width=\"122\">Dimens\u00f5es\uff08MM\uff09<\/td>\n<\/tr>\n<tr>\n<td width=\"84\">GG-XQ2500A<\/td>\n<td width=\"80\">800<\/td>\n<td width=\"88\">0.75<\/td>\n<td width=\"81\">0.75<\/td>\n<td width=\"81\">2.2<\/td>\n<td width=\"122\">2650*1550*1350<\/td>\n<\/tr>\n<tr>\n<td width=\"84\">GG-XQ3000A<\/td>\n<td width=\"80\">800<\/td>\n<td width=\"88\">0.75<\/td>\n<td width=\"81\">0.75<\/td>\n<td width=\"81\">2.2<\/td>\n<td width=\"122\">3150*1550*1350<\/td>\n<\/tr>\n<tr>\n<td width=\"84\">GG-XQ3500A<\/td>\n<td width=\"80\">800<\/td>\n<td width=\"88\">0.75<\/td>\n<td width=\"81\">0.75<\/td>\n<td width=\"81\">2.2<\/td>\n<td width=\"122\">3550*1550*1350<\/td>\n<\/tr>\n<tr>\n<td width=\"84\">GG-XQ4000A<\/td>\n<td width=\"80\">800<\/td>\n<td width=\"88\">0.75<\/td>\n<td width=\"81\">0.75<\/td>\n<td width=\"81\">2.2<\/td>\n<td width=\"122\">4150*1550*1350<\/td>\n<\/tr>\n<tr>\n<td width=\"84\">GG-XQ5000A<\/td>\n<td width=\"80\">800<\/td>\n<td width=\"88\">1.5<\/td>\n<td width=\"81\">1.5<\/td>\n<td width=\"81\">4<\/td>\n<td width=\"122\">5150*1550*1350<\/td>\n<\/tr>\n<tr>\n<td width=\"84\">GG-XQ6000A<\/td>\n<td width=\"80\">800<\/td>\n<td width=\"88\">1.5<\/td>\n<td width=\"81\">1.5<\/td>\n<td width=\"81\">4<\/td>\n<td width=\"122\">6150*1550*1350<\/td>\n<\/tr>\n<\/tbody>\n<\/table>","protected":false},"featured_media":1272,"comment_status":"open","ping_status":"closed","template":"","meta":{"site-sidebar-layout":"default","site-content-layout":"default","ast-global-header-display":"","ast-main-header-display":"","ast-hfb-above-header-display":"","ast-hfb-below-header-display":"","ast-hfb-mobile-header-display":"","site-post-title":"","ast-breadcrumbs-content":"","ast-featured-img":"","footer-sml-layout":"","theme-transparent-header-meta":"default","adv-header-id-meta":"","stick-header-meta":"","header-above-stick-meta":"","header-main-stick-meta":"","header-below-stick-meta":"","yasr_overall_rating":0,"yasr_post_is_review":"","yasr_auto_insert_disabled":"","yasr_review_type":""},"product_brand":[],"product_cat":[33],"product_tag":[],"class_list":{"0":"post-1270","1":"product","2":"type-product","3":"status-publish","4":"has-post-thumbnail","6":"product_cat-products","8":"first","9":"instock","10":"shipping-taxable","11":"product-type-simple"},"yoast_head":"<!-- This site is optimized with the Yoast SEO plugin v25.7 - https:\/\/yoast.com\/wordpress\/plugins\/seo\/ -->\n<title>Peeled Garlic Clove Washing Cleaning Machine Price<\/title>\n<meta name=\"description\" content=\"The peeled garlic clove washing machine can remove the dust, mildew, pesticides and other harmful substances on the surface of the garlic, without affecting the smell and color of the garlic.\" \/>\n<meta name=\"robots\" content=\"index, follow, max-snippet:-1, max-image-preview:large, max-video-preview:-1\" \/>\n<link rel=\"canonical\" href=\"https:\/\/www.garlicline.com\/pt\/produto\/peeled-garlic-clove-washing-cleaning-machine-price\/\" \/>\n<meta property=\"og:locale\" content=\"pt_PT\" \/>\n<meta property=\"og:type\" content=\"article\" \/>\n<meta property=\"og:title\" content=\"Peeled Garlic Clove Washing Cleaning Machine Price\" \/>\n<meta property=\"og:description\" content=\"The peeled garlic clove washing machine can remove the dust, mildew, pesticides and other harmful substances on the surface of the garlic, without affecting the smell and color of the garlic.\" \/>\n<meta property=\"og:url\" content=\"https:\/\/www.garlicline.com\/pt\/produto\/peeled-garlic-clove-washing-cleaning-machine-price\/\" \/>\n<meta property=\"og:site_name\" content=\"garlicline\" \/>\n<meta property=\"article:modified_time\" content=\"2022-10-22T08:25:47+00:00\" \/>\n<meta property=\"og:image\" content=\"https:\/\/www.garlicline.com\/wp-content\/uploads\/2022\/06\/washing-1.jpg\" \/>\n\t<meta property=\"og:image:width\" content=\"600\" \/>\n\t<meta property=\"og:image:height\" content=\"600\" \/>\n\t<meta property=\"og:image:type\" content=\"image\/jpeg\" \/>\n<meta name=\"twitter:card\" content=\"summary_large_image\" \/>\n<meta name=\"twitter:label1\" content=\"Tempo estimado de leitura\" \/>\n\t<meta name=\"twitter:data1\" content=\"3 minutos\" \/>\n<script type=\"application\/ld+json\" class=\"yoast-schema-graph\">{\"@context\":\"https:\/\/schema.org\",\"@graph\":[{\"@type\":\"WebPage\",\"@id\":\"https:\/\/www.garlicline.com\/product\/peeled-garlic-clove-washing-cleaning-machine-price\/\",\"url\":\"https:\/\/www.garlicline.com\/product\/peeled-garlic-clove-washing-cleaning-machine-price\/\",\"name\":\"Peeled Garlic Clove Washing Cleaning Machine Price\",\"isPartOf\":{\"@id\":\"https:\/\/www.garlicline.com\/#website\"},\"primaryImageOfPage\":{\"@id\":\"https:\/\/www.garlicline.com\/product\/peeled-garlic-clove-washing-cleaning-machine-price\/#primaryimage\"},\"image\":{\"@id\":\"https:\/\/www.garlicline.com\/product\/peeled-garlic-clove-washing-cleaning-machine-price\/#primaryimage\"},\"thumbnailUrl\":\"https:\/\/www.garlicline.com\/wp-content\/uploads\/2022\/06\/washing-1.jpg\",\"datePublished\":\"2022-06-23T10:22:43+00:00\",\"dateModified\":\"2022-10-22T08:25:47+00:00\",\"description\":\"The peeled garlic clove washing machine can remove the dust, mildew, pesticides and other harmful substances on the surface of the garlic, without affecting the smell and color of the garlic.\",\"breadcrumb\":{\"@id\":\"https:\/\/www.garlicline.com\/product\/peeled-garlic-clove-washing-cleaning-machine-price\/#breadcrumb\"},\"inLanguage\":\"pt-PT\",\"potentialAction\":[{\"@type\":\"ReadAction\",\"target\":[\"https:\/\/www.garlicline.com\/product\/peeled-garlic-clove-washing-cleaning-machine-price\/\"]}]},{\"@type\":\"ImageObject\",\"inLanguage\":\"pt-PT\",\"@id\":\"https:\/\/www.garlicline.com\/product\/peeled-garlic-clove-washing-cleaning-machine-price\/#primaryimage\",\"url\":\"https:\/\/www.garlicline.com\/wp-content\/uploads\/2022\/06\/washing-1.jpg\",\"contentUrl\":\"https:\/\/www.garlicline.com\/wp-content\/uploads\/2022\/06\/washing-1.jpg\",\"width\":600,\"height\":600,\"caption\":\"garlic washing machine automatic\"},{\"@type\":\"BreadcrumbList\",\"@id\":\"https:\/\/www.garlicline.com\/product\/peeled-garlic-clove-washing-cleaning-machine-price\/#breadcrumb\",\"itemListElement\":[{\"@type\":\"ListItem\",\"position\":1,\"name\":\"Home\",\"item\":\"https:\/\/www.garlicline.com\/\"},{\"@type\":\"ListItem\",\"position\":2,\"name\":\"Products\",\"item\":\"https:\/\/www.garlicline.com\/products\/\"},{\"@type\":\"ListItem\",\"position\":3,\"name\":\"Peeled Garlic Clove Washing Cleaning Machine Price\"}]},{\"@type\":\"WebSite\",\"@id\":\"https:\/\/www.garlicline.com\/#website\",\"url\":\"https:\/\/www.garlicline.com\/\",\"name\":\"garlicline\",\"description\":\"garlic processing machine supplier\",\"publisher\":{\"@id\":\"https:\/\/www.garlicline.com\/#organization\"},\"potentialAction\":[{\"@type\":\"SearchAction\",\"target\":{\"@type\":\"EntryPoint\",\"urlTemplate\":\"https:\/\/www.garlicline.com\/?s={search_term_string}\"},\"query-input\":{\"@type\":\"PropertyValueSpecification\",\"valueRequired\":true,\"valueName\":\"search_term_string\"}}],\"inLanguage\":\"pt-PT\"},{\"@type\":\"Organization\",\"@id\":\"https:\/\/www.garlicline.com\/#organization\",\"name\":\"garlicline\",\"url\":\"https:\/\/www.garlicline.com\/\",\"logo\":{\"@type\":\"ImageObject\",\"inLanguage\":\"pt-PT\",\"@id\":\"https:\/\/www.garlicline.com\/#\/schema\/logo\/image\/\",\"url\":\"https:\/\/www.garlicline.com\/wp-content\/uploads\/2025\/05\/cropped-gelgoog-logo-1.png\",\"contentUrl\":\"https:\/\/www.garlicline.com\/wp-content\/uploads\/2025\/05\/cropped-gelgoog-logo-1.png\",\"width\":434,\"height\":267,\"caption\":\"garlicline\"},\"image\":{\"@id\":\"https:\/\/www.garlicline.com\/#\/schema\/logo\/image\/\"}},false]}<\/script>\n<!-- \/ Yoast SEO plugin. -->","yoast_head_json":{"title":"M\u00e1quina de lavar e limpar cravos de alho descascados Pre\u00e7o","description":"A m\u00e1quina de lavar dentes de alho descascados pode remover o p\u00f3, o bolor, os pesticidas e outras subst\u00e2ncias nocivas da superf\u00edcie do alho, sem afetar o cheiro e a cor do alho.","robots":{"index":"index","follow":"follow","max-snippet":"max-snippet:-1","max-image-preview":"max-image-preview:large","max-video-preview":"max-video-preview:-1"},"canonical":"https:\/\/www.garlicline.com\/pt\/produto\/peeled-garlic-clove-washing-cleaning-machine-price\/","og_locale":"pt_PT","og_type":"article","og_title":"Peeled Garlic Clove Washing Cleaning Machine Price","og_description":"The peeled garlic clove washing machine can remove the dust, mildew, pesticides and other harmful substances on the surface of the garlic, without affecting the smell and color of the garlic.","og_url":"https:\/\/www.garlicline.com\/pt\/produto\/peeled-garlic-clove-washing-cleaning-machine-price\/","og_site_name":"garlicline","article_modified_time":"2022-10-22T08:25:47+00:00","og_image":[{"width":600,"height":600,"url":"https:\/\/www.garlicline.com\/wp-content\/uploads\/2022\/06\/washing-1.jpg","type":"image\/jpeg"}],"twitter_card":"summary_large_image","twitter_misc":{"Tempo estimado de leitura":"3 minutos"},"schema":{"@context":"https:\/\/schema.org","@graph":[{"@type":"WebPage","@id":"https:\/\/www.garlicline.com\/product\/peeled-garlic-clove-washing-cleaning-machine-price\/","url":"https:\/\/www.garlicline.com\/product\/peeled-garlic-clove-washing-cleaning-machine-price\/","name":"M\u00e1quina de lavar e limpar cravos de alho descascados Pre\u00e7o","isPartOf":{"@id":"https:\/\/www.garlicline.com\/#website"},"primaryImageOfPage":{"@id":"https:\/\/www.garlicline.com\/product\/peeled-garlic-clove-washing-cleaning-machine-price\/#primaryimage"},"image":{"@id":"https:\/\/www.garlicline.com\/product\/peeled-garlic-clove-washing-cleaning-machine-price\/#primaryimage"},"thumbnailUrl":"https:\/\/www.garlicline.com\/wp-content\/uploads\/2022\/06\/washing-1.jpg","datePublished":"2022-06-23T10:22:43+00:00","dateModified":"2022-10-22T08:25:47+00:00","description":"A m\u00e1quina de lavar dentes de alho descascados pode remover o p\u00f3, o bolor, os pesticidas e outras subst\u00e2ncias nocivas da superf\u00edcie do alho, sem afetar o cheiro e a cor do alho.","breadcrumb":{"@id":"https:\/\/www.garlicline.com\/product\/peeled-garlic-clove-washing-cleaning-machine-price\/#breadcrumb"},"inLanguage":"pt-PT","potentialAction":[{"@type":"ReadAction","target":["https:\/\/www.garlicline.com\/product\/peeled-garlic-clove-washing-cleaning-machine-price\/"]}]},{"@type":"ImageObject","inLanguage":"pt-PT","@id":"https:\/\/www.garlicline.com\/product\/peeled-garlic-clove-washing-cleaning-machine-price\/#primaryimage","url":"https:\/\/www.garlicline.com\/wp-content\/uploads\/2022\/06\/washing-1.jpg","contentUrl":"https:\/\/www.garlicline.com\/wp-content\/uploads\/2022\/06\/washing-1.jpg","width":600,"height":600,"caption":"garlic washing machine automatic"},{"@type":"BreadcrumbList","@id":"https:\/\/www.garlicline.com\/product\/peeled-garlic-clove-washing-cleaning-machine-price\/#breadcrumb","itemListElement":[{"@type":"ListItem","position":1,"name":"Home","item":"https:\/\/www.garlicline.com\/"},{"@type":"ListItem","position":2,"name":"Products","item":"https:\/\/www.garlicline.com\/products\/"},{"@type":"ListItem","position":3,"name":"Peeled Garlic Clove Washing Cleaning Machine Price"}]},{"@type":"WebSite","@id":"https:\/\/www.garlicline.com\/#website","url":"https:\/\/www.garlicline.com\/","name":"linha de alho","description":"fornecedor de m\u00e1quinas de transforma\u00e7\u00e3o de alho","publisher":{"@id":"https:\/\/www.garlicline.com\/#organization"},"potentialAction":[{"@type":"SearchAction","target":{"@type":"EntryPoint","urlTemplate":"https:\/\/www.garlicline.com\/?s={search_term_string}"},"query-input":{"@type":"PropertyValueSpecification","valueRequired":true,"valueName":"search_term_string"}}],"inLanguage":"pt-PT"},{"@type":"Organization","@id":"https:\/\/www.garlicline.com\/#organization","name":"linha de alho","url":"https:\/\/www.garlicline.com\/","logo":{"@type":"ImageObject","inLanguage":"pt-PT","@id":"https:\/\/www.garlicline.com\/#\/schema\/logo\/image\/","url":"https:\/\/www.garlicline.com\/wp-content\/uploads\/2025\/05\/cropped-gelgoog-logo-1.png","contentUrl":"https:\/\/www.garlicline.com\/wp-content\/uploads\/2025\/05\/cropped-gelgoog-logo-1.png","width":434,"height":267,"caption":"garlicline"},"image":{"@id":"https:\/\/www.garlicline.com\/#\/schema\/logo\/image\/"}},false]}},"yasr_visitor_votes":{"stars_attributes":{"read_only":false,"span_bottom":false},"number_of_votes":1,"sum_votes":5},"_links":{"self":[{"href":"https:\/\/www.garlicline.com\/pt\/wp-json\/wp\/v2\/product\/1270","targetHints":{"allow":["GET"]}}],"collection":[{"href":"https:\/\/www.garlicline.com\/pt\/wp-json\/wp\/v2\/product"}],"about":[{"href":"https:\/\/www.garlicline.com\/pt\/wp-json\/wp\/v2\/types\/product"}],"replies":[{"embeddable":true,"href":"https:\/\/www.garlicline.com\/pt\/wp-json\/wp\/v2\/comments?post=1270"}],"version-history":[{"count":0,"href":"https:\/\/www.garlicline.com\/pt\/wp-json\/wp\/v2\/product\/1270\/revisions"}],"wp:featuredmedia":[{"embeddable":true,"href":"https:\/\/www.garlicline.com\/pt\/wp-json\/wp\/v2\/media\/1272"}],"wp:attachment":[{"href":"https:\/\/www.garlicline.com\/pt\/wp-json\/wp\/v2\/media?parent=1270"}],"wp:term":[{"taxonomy":"product_brand","embeddable":true,"href":"https:\/\/www.garlicline.com\/pt\/wp-json\/wp\/v2\/product_brand?post=1270"},{"taxonomy":"product_cat","embeddable":true,"href":"https:\/\/www.garlicline.com\/pt\/wp-json\/wp\/v2\/product_cat?post=1270"},{"taxonomy":"product_tag","embeddable":true,"href":"https:\/\/www.garlicline.com\/pt\/wp-json\/wp\/v2\/product_tag?post=1270"}],"curies":[{"name":"wp","href":"https:\/\/api.w.org\/{rel}","templated":true}]}}