{"id":1278,"date":"2022-06-24T03:02:10","date_gmt":"2022-06-24T03:02:10","guid":{"rendered":"https:\/\/www.garlicline.com\/?post_type=product&#038;p=1278"},"modified":"2025-04-29T12:16:06","modified_gmt":"2025-04-29T12:16:06","slug":"industrial-electric-garlic-peeler","status":"publish","type":"product","link":"https:\/\/www.garlicline.com\/pt\/produto\/industrial-electric-garlic-peeler\/","title":{"rendered":"Descascador de alho industrial comercial para venda"},"content":{"rendered":"<h2>Introdu\u00e7\u00e3o do descascador de alho industrial<\/h2>\n<p>O descascador de alho industrial pode substituir o descascamento manual do alho, que \u00e9 um processo muito dif\u00edcil para o processamento do alho porque a casca do alho \u00e9 dif\u00edcil de remover. Especialmente na f\u00e1brica de processamento de alho para remover a pele de alho vai desperdi\u00e7ar muita m\u00e3o de obra e tempo, n\u00e3o \u00e9 um m\u00e9todo desej\u00e1vel. Um descascador de alho industrial pode resolver este problema. A m\u00e1quina autom\u00e1tica de descascar alho adopta o m\u00e9todo de descascar a g\u00e1s, que pode remover rapidamente a pele do alho. Tem as vantagens de um funcionamento est\u00e1vel, uma elevada taxa de descasque e n\u00e3o danifica o alho.<\/p>\n<h2>Carater\u00edsticas do descascador de alho comercial<\/h2>\n<p>1. Com uma porta de alimenta\u00e7\u00e3o do tipo barril, \u00e9 conveniente para o armazenamento de alho, e uma grande quantidade de alho pode ser derramada de uma s\u00f3 vez.<br \/>\n2. O alho pode ser descascado sem bolhas, e a taxa de descasque do alho seco \u00e9 mais elevada.<br \/>\n3. O funcionamento \u00e9 simples, basta premir o interrutor depois de ligado para produzir.<br \/>\n4. Pode funcionar em conjunto com o <a href=\"https:\/\/www.garlicline.com\/pt\/produto\/garlic-clove-separating-machine\/\">m\u00e1quina de separa\u00e7\u00e3o de dentes de alho<\/a>.<\/p>\n<h2>Vantagens do descascador de alho comercial<\/h2>\n<ol>\n<li>Utilizando tecnologia avan\u00e7ada de compress\u00e3o de ar para descascar o alho, n\u00e3o danifica o alho.<\/li>\n<li>A taxa de descama\u00e7\u00e3o \u00e9 muito elevada, podendo atingir 98%, o que permite uma descama\u00e7\u00e3o abrangente.<\/li>\n<li>Pode descascar-se alho de diferentes tamanhos.<\/li>\n<li>O funcionamento do descascador de alho comercial para venda \u00e9 simples, basta colocar o alho e premir o bot\u00e3o de arranque para concluir o trabalho.<\/li>\n<li>Estrutura compacta, grande praticidade e funcionamento est\u00e1vel.<\/li>\n<li>Pequenas dimens\u00f5es e dimens\u00f5es reduzidas, adequadas para v\u00e1rias ocasi\u00f5es, como restaurantes, hot\u00e9is, supermercados e outros locais.<\/li>\n<li>\u00c9 adequado para trabalho aut\u00f3nomo e pode ser utilizado com trabalho em linha de produ\u00e7\u00e3o.<\/li>\n<li>O descascador de alho autom\u00e1tico pode ser personalizado de acordo com a demanda de produ\u00e7\u00e3o.<\/li>\n<\/ol>\n<p><img fetchpriority=\"high\" decoding=\"async\" class=\"alignnone size-full wp-image-1279\" src=\"https:\/\/www.garlicline.com\/wp-content\/uploads\/2022\/06\/55-2.jpg\" alt=\"descascador de alho el\u00e9trico\" width=\"800\" height=\"500\" srcset=\"https:\/\/www.garlicline.com\/wp-content\/uploads\/2022\/06\/55-2.jpg 800w, https:\/\/www.garlicline.com\/wp-content\/uploads\/2022\/06\/55-2-300x188.jpg 300w, https:\/\/www.garlicline.com\/wp-content\/uploads\/2022\/06\/55-2-768x480.jpg 768w, https:\/\/www.garlicline.com\/wp-content\/uploads\/2022\/06\/55-2-600x375.jpg 600w\" sizes=\"(max-width: 800px) 100vw, 800px\" \/><\/p>\n<h2>Como funciona o descascador de alho industrial<\/h2>\n<p>O descascador de alho comercial, que utiliza a eletricidade como energia para gerar g\u00e1s para soprar ar no tambor, coloca o alho seco na tremonha offline de g\u00e1s, o eixo vertical gira com a almofada de borracha e, em seguida, fecha a entrada para fazer o alho descascar em um ambiente fechado. Sob a a\u00e7\u00e3o da ventoinha, sopra-se a pele do alho para o exterior, e o alho sai pela outra sa\u00edda para completar o descasque.<\/p>\n<p><iframe title=\"M\u00e1quina de descascar alho|Descascador autom\u00e1tico de alho|Pre\u00e7o da m\u00e1quina de descascar alho\" src=\"https:\/\/www.youtube.com\/embed\/RUFmiA3ohOs\" width=\"800\" height=\"450\" frameborder=\"0\" allowfullscreen=\"allowfullscreen\"><span data-mce-type=\"bookmark\" style=\"display: inline-block; width: 0px; overflow: hidden; line-height: 0;\" class=\"mce_SELRES_start\">Obrigado por entrar em contato conosco.<\/span><\/iframe><\/p>\n<h2>Par\u00e2metros do descascador de alho industrial para venda<\/h2>\n<p>&nbsp;<\/p>\n<table>\n<tbody>\n<tr>\n<td width=\"257\">modelo<\/td>\n<td width=\"296\">ry-100B<\/td>\n<\/tr>\n<tr>\n<td width=\"257\">Capacidade<\/td>\n<td width=\"296\">100-150kg\/h<\/td>\n<\/tr>\n<tr>\n<td width=\"257\">pot\u00eancia<\/td>\n<td width=\"296\">0,5KW<\/td>\n<\/tr>\n<tr>\n<td width=\"257\">Tens\u00e3o<\/td>\n<td width=\"296\">220v\uff0c50-60HZ<\/td>\n<\/tr>\n<tr>\n<td width=\"257\">dimens\u00e3o<\/td>\n<td width=\"296\">690*720*1280mm<\/td>\n<\/tr>\n<tr>\n<td width=\"257\">peso<\/td>\n<td width=\"296\">75 kg<\/td>\n<\/tr>\n<tr>\n<td width=\"257\">Equipado com fonte de g\u00e1s<\/td>\n<td width=\"296\">7,5KW<\/td>\n<\/tr>\n<\/tbody>\n<\/table>\n<p>N\u00f3s somos um fabricante de descascador de alho industrial, temos vendido descascador de alho comercial para muitos pa\u00edses do mundo, se voc\u00ea est\u00e1 interessado nesta m\u00e1quina, por favor deixe uma mensagem para contactar.<\/p>\n<hr \/>\n<h2 style=\"text-align: center;\">-Deixe uma mensagem para uma cita\u00e7\u00e3o-<\/h2>\n\n<div class=\"wpcf7 no-js\" id=\"wpcf7-f1191-o1\" lang=\"en-US\" dir=\"ltr\" data-wpcf7-id=\"1191\">\n<div class=\"screen-reader-response\"><p role=\"status\" aria-live=\"polite\" aria-atomic=\"true\"><\/p> <ul><\/ul><\/div>\n<form action=\"\/pt\/wp-json\/wp\/v2\/product\/1278#wpcf7-f1191-o1\" method=\"post\" class=\"wpcf7-form init\" aria-label=\"Formul\u00e1rio de contacto\" novalidate=\"novalidate\" data-status=\"init\" data-trp-original-action=\"\/pt\/wp-json\/wp\/v2\/product\/1278#wpcf7-f1191-o1\">\n<fieldset class=\"hidden-fields-container\"><input type=\"hidden\" name=\"_wpcf7\" value=\"1191\" \/><input type=\"hidden\" name=\"_wpcf7_version\" value=\"6.1.1\" \/><input type=\"hidden\" name=\"_wpcf7_locale\" value=\"en_US\" \/><input type=\"hidden\" name=\"_wpcf7_unit_tag\" value=\"wpcf7-f1191-o1\" \/><input type=\"hidden\" name=\"_wpcf7_container_post\" value=\"0\" \/><input type=\"hidden\" name=\"_wpcf7_posted_data_hash\" value=\"\" \/>\n<\/fieldset>\n<div class='proformleft'>\n\t<p><label> O seu nome<br \/>\n<span class=\"wpcf7-form-control-wrap\" data-name=\"your-name\"><input size=\"40\" maxlength=\"400\" class=\"wpcf7-form-control wpcf7-text\" aria-invalid=\"false\" value=\"\" type=\"text\" name=\"your-name\" \/><\/span> <\/label>\n\t<\/p>\n\t<p><label> *O seu e-mail<br \/>\n<span class=\"wpcf7-form-control-wrap\" data-name=\"your-email\"><input size=\"40\" maxlength=\"400\" class=\"wpcf7-form-control wpcf7-email wpcf7-validates-as-required wpcf7-text wpcf7-validates-as-email\" aria-required=\"true\" aria-invalid=\"false\" value=\"\" type=\"email\" name=\"your-email\" \/><\/span> <\/label>\n\t<\/p>\n\t<p><label> *O seu telefone<br \/>\n<span class=\"wpcf7-form-control-wrap\" data-name=\"tel-224\"><input size=\"40\" maxlength=\"400\" class=\"wpcf7-form-control wpcf7-tel wpcf7-validates-as-required wpcf7-text wpcf7-validates-as-tel\" aria-required=\"true\" aria-invalid=\"false\" value=\"\" type=\"tel\" name=\"tel-224\" \/><\/span> <\/label>\n\t<\/p>\n\t<p><label> O seu pa\u00eds<br \/>\n<span class=\"wpcf7-form-control-wrap\" data-name=\"your-country\"><input size=\"40\" maxlength=\"400\" class=\"wpcf7-form-control wpcf7-text\" aria-invalid=\"false\" value=\"\" type=\"text\" name=\"your-country\" \/><\/span> <\/label>\n\t<\/p>\n<\/div>\n<div class='proformright'>\n\t<p><label> *A sua mensagem<br \/>\n<span class=\"wpcf7-form-control-wrap\" data-name=\"your-message\"><textarea cols=\"40\" rows=\"10\" maxlength=\"2000\" class=\"wpcf7-form-control wpcf7-textarea wpcf7-validates-as-required\" aria-required=\"true\" aria-invalid=\"false\" name=\"your-message\"><\/textarea><\/span> <\/label>\n\t<\/p>\n\t<p><input class=\"wpcf7-form-control wpcf7-submit has-spinner\" type=\"submit\" value=\"Enviar\" \/>\n\t<\/p>\n<\/div>\n<div style='clear:both'>\n<\/div><p style=\"display: none !important;\" class=\"akismet-fields-container\" data-prefix=\"_wpcf7_ak_\"><label>&#916;<textarea name=\"_wpcf7_ak_hp_textarea\" cols=\"45\" rows=\"8\" maxlength=\"100\"><\/textarea><\/label><input type=\"hidden\" id=\"ak_js_1\" name=\"_wpcf7_ak_js\" value=\"172\"\/><script>document.getElementById( \"ak_js_1\" ).setAttribute( \"value\", ( new Date() ).getTime() );<\/script><\/p><div class=\"wpcf7-response-output\" aria-hidden=\"true\"><\/div>\n<input type=\"hidden\" name=\"trp-form-language\" value=\"pt\"\/><\/form>\n<\/div>\n\n<div style='text-align:left' class='yasr-auto-insert-visitor'><\/div>","protected":false},"excerpt":{"rendered":"<table>\n<tbody>\n<tr>\n<td width=\"257\">modelo<\/td>\n<td width=\"296\">ry-100B<\/td>\n<\/tr>\n<tr>\n<td width=\"257\">Capacidade<\/td>\n<td width=\"296\">100-150kg\/h<\/td>\n<\/tr>\n<tr>\n<td width=\"257\">pot\u00eancia<\/td>\n<td width=\"296\">0,5KW<\/td>\n<\/tr>\n<tr>\n<td width=\"257\">Tens\u00e3o<\/td>\n<td width=\"296\">220v\uff0c50-60HZ<\/td>\n<\/tr>\n<tr>\n<td width=\"257\">dimens\u00e3o<\/td>\n<td width=\"296\">690*720*1280mm<\/td>\n<\/tr>\n<tr>\n<td width=\"257\">peso<\/td>\n<td width=\"296\">75 kg<\/td>\n<\/tr>\n<tr>\n<td width=\"257\">Equipado com fonte de g\u00e1s<\/td>\n<td width=\"296\">7,5KW<\/td>\n<\/tr>\n<\/tbody>\n<\/table>","protected":false},"featured_media":1280,"comment_status":"open","ping_status":"closed","template":"","meta":{"site-sidebar-layout":"default","site-content-layout":"default","ast-global-header-display":"","ast-main-header-display":"","ast-hfb-above-header-display":"","ast-hfb-below-header-display":"","ast-hfb-mobile-header-display":"","site-post-title":"","ast-breadcrumbs-content":"","ast-featured-img":"","footer-sml-layout":"","theme-transparent-header-meta":"default","adv-header-id-meta":"","stick-header-meta":"","header-above-stick-meta":"","header-main-stick-meta":"","header-below-stick-meta":"","yasr_overall_rating":0,"yasr_post_is_review":"","yasr_auto_insert_disabled":"","yasr_review_type":""},"product_brand":[],"product_cat":[33],"product_tag":[],"class_list":{"0":"post-1278","1":"product","2":"type-product","3":"status-publish","4":"has-post-thumbnail","6":"product_cat-products","8":"first","9":"instock","10":"shipping-taxable","11":"product-type-simple"},"yoast_head":"<!-- This site is optimized with the Yoast SEO plugin v25.7 - https:\/\/yoast.com\/wordpress\/plugins\/seo\/ -->\n<title>Industrial Commercial Garlic Peeler For Sale<\/title>\n<meta name=\"description\" content=\"The industrial electric garlic peeler uses the artificial peeling method to quickly peel the garlic, and the peeling rate can reach about 98%.\" \/>\n<meta name=\"robots\" content=\"index, follow, max-snippet:-1, max-image-preview:large, max-video-preview:-1\" \/>\n<link rel=\"canonical\" href=\"https:\/\/www.garlicline.com\/pt\/produto\/industrial-electric-garlic-peeler\/\" \/>\n<meta property=\"og:locale\" content=\"pt_PT\" \/>\n<meta property=\"og:type\" content=\"article\" \/>\n<meta property=\"og:title\" content=\"Industrial Commercial Garlic Peeler For Sale\" \/>\n<meta property=\"og:description\" content=\"The industrial electric garlic peeler uses the artificial peeling method to quickly peel the garlic, and the peeling rate can reach about 98%.\" \/>\n<meta property=\"og:url\" content=\"https:\/\/www.garlicline.com\/pt\/produto\/industrial-electric-garlic-peeler\/\" \/>\n<meta property=\"og:site_name\" content=\"garlicline\" \/>\n<meta property=\"article:modified_time\" content=\"2025-04-29T12:16:06+00:00\" \/>\n<meta property=\"og:image\" content=\"https:\/\/www.garlicline.com\/wp-content\/uploads\/2022\/06\/garlic-peeling-machine11-1.jpg\" \/>\n\t<meta property=\"og:image:width\" content=\"600\" \/>\n\t<meta property=\"og:image:height\" content=\"600\" \/>\n\t<meta property=\"og:image:type\" content=\"image\/jpeg\" \/>\n<meta name=\"twitter:card\" content=\"summary_large_image\" \/>\n<meta name=\"twitter:label1\" content=\"Tempo estimado de leitura\" \/>\n\t<meta name=\"twitter:data1\" content=\"2 minutos\" \/>\n<script type=\"application\/ld+json\" class=\"yoast-schema-graph\">{\"@context\":\"https:\/\/schema.org\",\"@graph\":[{\"@type\":\"WebPage\",\"@id\":\"https:\/\/www.garlicline.com\/product\/industrial-electric-garlic-peeler\/\",\"url\":\"https:\/\/www.garlicline.com\/product\/industrial-electric-garlic-peeler\/\",\"name\":\"Industrial Commercial Garlic Peeler For Sale\",\"isPartOf\":{\"@id\":\"https:\/\/www.garlicline.com\/#website\"},\"primaryImageOfPage\":{\"@id\":\"https:\/\/www.garlicline.com\/product\/industrial-electric-garlic-peeler\/#primaryimage\"},\"image\":{\"@id\":\"https:\/\/www.garlicline.com\/product\/industrial-electric-garlic-peeler\/#primaryimage\"},\"thumbnailUrl\":\"https:\/\/www.garlicline.com\/wp-content\/uploads\/2022\/06\/garlic-peeling-machine11-1.jpg\",\"datePublished\":\"2022-06-24T03:02:10+00:00\",\"dateModified\":\"2025-04-29T12:16:06+00:00\",\"description\":\"The industrial electric garlic peeler uses the artificial peeling method to quickly peel the garlic, and the peeling rate can reach about 98%.\",\"breadcrumb\":{\"@id\":\"https:\/\/www.garlicline.com\/product\/industrial-electric-garlic-peeler\/#breadcrumb\"},\"inLanguage\":\"pt-PT\",\"potentialAction\":[{\"@type\":\"ReadAction\",\"target\":[\"https:\/\/www.garlicline.com\/product\/industrial-electric-garlic-peeler\/\"]}]},{\"@type\":\"ImageObject\",\"inLanguage\":\"pt-PT\",\"@id\":\"https:\/\/www.garlicline.com\/product\/industrial-electric-garlic-peeler\/#primaryimage\",\"url\":\"https:\/\/www.garlicline.com\/wp-content\/uploads\/2022\/06\/garlic-peeling-machine11-1.jpg\",\"contentUrl\":\"https:\/\/www.garlicline.com\/wp-content\/uploads\/2022\/06\/garlic-peeling-machine11-1.jpg\",\"width\":600,\"height\":600,\"caption\":\"industrial garlic peeler\"},{\"@type\":\"BreadcrumbList\",\"@id\":\"https:\/\/www.garlicline.com\/product\/industrial-electric-garlic-peeler\/#breadcrumb\",\"itemListElement\":[{\"@type\":\"ListItem\",\"position\":1,\"name\":\"Home\",\"item\":\"https:\/\/www.garlicline.com\/\"},{\"@type\":\"ListItem\",\"position\":2,\"name\":\"Products\",\"item\":\"https:\/\/www.garlicline.com\/products\/\"},{\"@type\":\"ListItem\",\"position\":3,\"name\":\"Industrial Commercial Garlic Peeler For Sale\"}]},{\"@type\":\"WebSite\",\"@id\":\"https:\/\/www.garlicline.com\/#website\",\"url\":\"https:\/\/www.garlicline.com\/\",\"name\":\"garlicline\",\"description\":\"garlic processing machine supplier\",\"publisher\":{\"@id\":\"https:\/\/www.garlicline.com\/#organization\"},\"potentialAction\":[{\"@type\":\"SearchAction\",\"target\":{\"@type\":\"EntryPoint\",\"urlTemplate\":\"https:\/\/www.garlicline.com\/?s={search_term_string}\"},\"query-input\":{\"@type\":\"PropertyValueSpecification\",\"valueRequired\":true,\"valueName\":\"search_term_string\"}}],\"inLanguage\":\"pt-PT\"},{\"@type\":\"Organization\",\"@id\":\"https:\/\/www.garlicline.com\/#organization\",\"name\":\"garlicline\",\"url\":\"https:\/\/www.garlicline.com\/\",\"logo\":{\"@type\":\"ImageObject\",\"inLanguage\":\"pt-PT\",\"@id\":\"https:\/\/www.garlicline.com\/#\/schema\/logo\/image\/\",\"url\":\"https:\/\/www.garlicline.com\/wp-content\/uploads\/2025\/05\/cropped-gelgoog-logo-1.png\",\"contentUrl\":\"https:\/\/www.garlicline.com\/wp-content\/uploads\/2025\/05\/cropped-gelgoog-logo-1.png\",\"width\":434,\"height\":267,\"caption\":\"garlicline\"},\"image\":{\"@id\":\"https:\/\/www.garlicline.com\/#\/schema\/logo\/image\/\"}},false]}<\/script>\n<!-- \/ Yoast SEO plugin. -->","yoast_head_json":{"title":"Descascador de alho industrial comercial para venda","description":"O descascador de alho el\u00e9trico industrial utiliza o m\u00e9todo de descasque artificial para descascar rapidamente o alho, e a taxa de descasque pode atingir cerca de 98%.","robots":{"index":"index","follow":"follow","max-snippet":"max-snippet:-1","max-image-preview":"max-image-preview:large","max-video-preview":"max-video-preview:-1"},"canonical":"https:\/\/www.garlicline.com\/pt\/produto\/industrial-electric-garlic-peeler\/","og_locale":"pt_PT","og_type":"article","og_title":"Industrial Commercial Garlic Peeler For Sale","og_description":"The industrial electric garlic peeler uses the artificial peeling method to quickly peel the garlic, and the peeling rate can reach about 98%.","og_url":"https:\/\/www.garlicline.com\/pt\/produto\/industrial-electric-garlic-peeler\/","og_site_name":"garlicline","article_modified_time":"2025-04-29T12:16:06+00:00","og_image":[{"width":600,"height":600,"url":"https:\/\/www.garlicline.com\/wp-content\/uploads\/2022\/06\/garlic-peeling-machine11-1.jpg","type":"image\/jpeg"}],"twitter_card":"summary_large_image","twitter_misc":{"Tempo estimado de leitura":"2 minutos"},"schema":{"@context":"https:\/\/schema.org","@graph":[{"@type":"WebPage","@id":"https:\/\/www.garlicline.com\/product\/industrial-electric-garlic-peeler\/","url":"https:\/\/www.garlicline.com\/product\/industrial-electric-garlic-peeler\/","name":"Descascador de alho industrial comercial para venda","isPartOf":{"@id":"https:\/\/www.garlicline.com\/#website"},"primaryImageOfPage":{"@id":"https:\/\/www.garlicline.com\/product\/industrial-electric-garlic-peeler\/#primaryimage"},"image":{"@id":"https:\/\/www.garlicline.com\/product\/industrial-electric-garlic-peeler\/#primaryimage"},"thumbnailUrl":"https:\/\/www.garlicline.com\/wp-content\/uploads\/2022\/06\/garlic-peeling-machine11-1.jpg","datePublished":"2022-06-24T03:02:10+00:00","dateModified":"2025-04-29T12:16:06+00:00","description":"O descascador de alho el\u00e9trico industrial utiliza o m\u00e9todo de descasque artificial para descascar rapidamente o alho, e a taxa de descasque pode atingir cerca de 98%.","breadcrumb":{"@id":"https:\/\/www.garlicline.com\/product\/industrial-electric-garlic-peeler\/#breadcrumb"},"inLanguage":"pt-PT","potentialAction":[{"@type":"ReadAction","target":["https:\/\/www.garlicline.com\/product\/industrial-electric-garlic-peeler\/"]}]},{"@type":"ImageObject","inLanguage":"pt-PT","@id":"https:\/\/www.garlicline.com\/product\/industrial-electric-garlic-peeler\/#primaryimage","url":"https:\/\/www.garlicline.com\/wp-content\/uploads\/2022\/06\/garlic-peeling-machine11-1.jpg","contentUrl":"https:\/\/www.garlicline.com\/wp-content\/uploads\/2022\/06\/garlic-peeling-machine11-1.jpg","width":600,"height":600,"caption":"industrial garlic peeler"},{"@type":"BreadcrumbList","@id":"https:\/\/www.garlicline.com\/product\/industrial-electric-garlic-peeler\/#breadcrumb","itemListElement":[{"@type":"ListItem","position":1,"name":"Home","item":"https:\/\/www.garlicline.com\/"},{"@type":"ListItem","position":2,"name":"Products","item":"https:\/\/www.garlicline.com\/products\/"},{"@type":"ListItem","position":3,"name":"Industrial Commercial Garlic Peeler For Sale"}]},{"@type":"WebSite","@id":"https:\/\/www.garlicline.com\/#website","url":"https:\/\/www.garlicline.com\/","name":"linha de alho","description":"fornecedor de m\u00e1quinas de transforma\u00e7\u00e3o de alho","publisher":{"@id":"https:\/\/www.garlicline.com\/#organization"},"potentialAction":[{"@type":"SearchAction","target":{"@type":"EntryPoint","urlTemplate":"https:\/\/www.garlicline.com\/?s={search_term_string}"},"query-input":{"@type":"PropertyValueSpecification","valueRequired":true,"valueName":"search_term_string"}}],"inLanguage":"pt-PT"},{"@type":"Organization","@id":"https:\/\/www.garlicline.com\/#organization","name":"linha de alho","url":"https:\/\/www.garlicline.com\/","logo":{"@type":"ImageObject","inLanguage":"pt-PT","@id":"https:\/\/www.garlicline.com\/#\/schema\/logo\/image\/","url":"https:\/\/www.garlicline.com\/wp-content\/uploads\/2025\/05\/cropped-gelgoog-logo-1.png","contentUrl":"https:\/\/www.garlicline.com\/wp-content\/uploads\/2025\/05\/cropped-gelgoog-logo-1.png","width":434,"height":267,"caption":"garlicline"},"image":{"@id":"https:\/\/www.garlicline.com\/#\/schema\/logo\/image\/"}},false]}},"yasr_visitor_votes":{"stars_attributes":{"read_only":false,"span_bottom":false},"number_of_votes":1,"sum_votes":5},"_links":{"self":[{"href":"https:\/\/www.garlicline.com\/pt\/wp-json\/wp\/v2\/product\/1278","targetHints":{"allow":["GET"]}}],"collection":[{"href":"https:\/\/www.garlicline.com\/pt\/wp-json\/wp\/v2\/product"}],"about":[{"href":"https:\/\/www.garlicline.com\/pt\/wp-json\/wp\/v2\/types\/product"}],"replies":[{"embeddable":true,"href":"https:\/\/www.garlicline.com\/pt\/wp-json\/wp\/v2\/comments?post=1278"}],"version-history":[{"count":0,"href":"https:\/\/www.garlicline.com\/pt\/wp-json\/wp\/v2\/product\/1278\/revisions"}],"wp:featuredmedia":[{"embeddable":true,"href":"https:\/\/www.garlicline.com\/pt\/wp-json\/wp\/v2\/media\/1280"}],"wp:attachment":[{"href":"https:\/\/www.garlicline.com\/pt\/wp-json\/wp\/v2\/media?parent=1278"}],"wp:term":[{"taxonomy":"product_brand","embeddable":true,"href":"https:\/\/www.garlicline.com\/pt\/wp-json\/wp\/v2\/product_brand?post=1278"},{"taxonomy":"product_cat","embeddable":true,"href":"https:\/\/www.garlicline.com\/pt\/wp-json\/wp\/v2\/product_cat?post=1278"},{"taxonomy":"product_tag","embeddable":true,"href":"https:\/\/www.garlicline.com\/pt\/wp-json\/wp\/v2\/product_tag?post=1278"}],"curies":[{"name":"wp","href":"https:\/\/api.w.org\/{rel}","templated":true}]}}