{"id":1284,"date":"2022-06-24T06:39:43","date_gmt":"2022-06-24T06:39:43","guid":{"rendered":"https:\/\/www.garlicline.com\/?post_type=product&#038;p=1284"},"modified":"2022-10-18T11:36:04","modified_gmt":"2022-10-18T11:36:04","slug":"garlic-ginger-grinder-machine","status":"publish","type":"product","link":"https:\/\/www.garlicline.com\/pt\/produto\/garlic-ginger-grinder-machine\/","title":{"rendered":"M\u00e1quina de moer pasta de alho e gengibre el\u00e9ctrica para venda"},"content":{"rendered":"<h2>Introdu\u00e7\u00e3o da m\u00e1quina de moer alho<\/h2>\n<p>A m\u00e1quina de moer pasta de alho com gengibre tritura o alho em molho de alho atrav\u00e9s de moagem ultrafina e emulsifica\u00e7\u00e3o, utilizando materiais de qualidade alimentar, e a pasta de alho mo\u00edda pode ser consumida diretamente. E a m\u00e1quina de moer alho pode moer uma variedade de frutas e legumes em molho, incluindo amendoins, pimentos, tomates, gengibre, materiais de manga, e tem as vantagens de multi-fun\u00e7\u00e3o, ampla aplica\u00e7\u00e3o e desempenho de alto custo.<\/p>\n<h2>Carater\u00edsticas da m\u00e1quina de moagem de pasta de alho<\/h2>\n<p>1. A configura\u00e7\u00e3o da estrutura interna \u00e9 optimizada e o disco de moagem \u00e9 firme e resistente ao desgaste.<br \/>\n2. Adotar motor \u00e0 prova de explos\u00e3o para garantir uma utiliza\u00e7\u00e3o segura.<br \/>\n3. A m\u00e1quina pode ser personalizada com diferentes modelos, tens\u00e3o de 220V ou 380V pode ser usada, dependendo do modelo.<br \/>\n4. A m\u00e1quina de moer alho pode adicionar uma roda universal para conseguir um movimento conveniente.<\/p>\n<h2>Vantagens da m\u00e1quina de moagem de pasta de alho e gengibre<\/h2>\n<p>1. Feito de a\u00e7o inoxid\u00e1vel, a m\u00e1quina de moer pasta de alho e gengibre tem uma longa vida \u00fatil e n\u00e3o polui o alho.<br \/>\n2. Estrutura compacta, funcionamento est\u00e1vel e baixo ru\u00eddo.<br \/>\n3. Tamanho pequeno, pequena pegada, f\u00e1cil de usar e guardar.<br \/>\n4. A efici\u00eancia de moagem \u00e9 alta, quando o material \u00e9 colocado, a m\u00e1quina de moer alho e gengibre pode ser transformada em molho em 1 segundo.<br \/>\n5. A m\u00e1quina de moer pasta de alho pode ser ajustada para controlar a espessura das part\u00edculas acabadas.<br \/>\n6. A m\u00e1quina de moer alho a seco pode ser limpa diretamente com \u00e1gua.<br \/>\n7. Pode ser utilizado na ind\u00fastria alimentar, na ind\u00fastria qu\u00edmica, na ind\u00fastria farmac\u00eautica, na ind\u00fastria qu\u00edmica di\u00e1ria, na ind\u00fastria da constru\u00e7\u00e3o e noutras ind\u00fastrias.<\/p>\n<p><img fetchpriority=\"high\" decoding=\"async\" class=\"alignnone size-full wp-image-1285\" src=\"https:\/\/www.garlicline.com\/wp-content\/uploads\/2022\/06\/55k-2.jpg\" alt=\"m\u00e1quina de moer alho\" width=\"800\" height=\"500\" srcset=\"https:\/\/www.garlicline.com\/wp-content\/uploads\/2022\/06\/55k-2.jpg 800w, https:\/\/www.garlicline.com\/wp-content\/uploads\/2022\/06\/55k-2-300x188.jpg 300w, https:\/\/www.garlicline.com\/wp-content\/uploads\/2022\/06\/55k-2-768x480.jpg 768w, https:\/\/www.garlicline.com\/wp-content\/uploads\/2022\/06\/55k-2-600x375.jpg 600w\" sizes=\"(max-width: 800px) 100vw, 800px\" \/><\/p>\n<h2>Como funciona a m\u00e1quina de moer alho<\/h2>\n<p>O moinho coloidal \u00e9 acionado por um motor, que acciona os dentes rotativos (ou o chamado rotor) e os dentes fixos correspondentes (ou o chamado estator). Existe um pequeno espa\u00e7o ajust\u00e1vel entre os dois corpos moedores. Quando o material passa atrav\u00e9s deste espa\u00e7o, \u00e9 gerado um gradiente de velocidade acentuado, de modo que o material \u00e9 sujeito a efeitos f\u00edsicos, tais como forte cisalhamento, fric\u00e7\u00e3o, vibra\u00e7\u00e3o de alta frequ\u00eancia, v\u00f3rtice de alta velocidade, etc., de modo que o material \u00e9 efetivamente emulsionado, disperso, homogeneizado e pulverizado.<\/p>\n<p><iframe title=\"Linha de Produ\u00e7\u00e3o de Molho de Alho Industrial \uff0c Linha de Produ\u00e7\u00e3o de Pasta de Alho\" src=\"https:\/\/www.youtube.com\/embed\/37LYHgHQfeQ\" width=\"800\" height=\"450\" frameborder=\"0\" allowfullscreen=\"allowfullscreen\"><\/iframe><\/p>\n<h2>Par\u00e2metros do moedor de alho el\u00e9trico<\/h2>\n<table>\n<tbody>\n<tr>\n<td width=\"65\">\u00a0nome<\/td>\n<td width=\"92\">modelo<\/td>\n<td width=\"59\">Finan\u00e7as de processamento de materiais (um)<\/td>\n<td width=\"85\">\u00a0sa\u00edda\uff08t\/h\uff09<\/td>\n<td width=\"75\">\u00a0pot\u00eancia do motor (kw)<\/td>\n<td width=\"122\">Tamanho externo<\/p>\n<p>\uff08mm\uff09<\/td>\n<td width=\"77\">\u00a0peso (kg)<\/td>\n<\/tr>\n<tr>\n<td rowspan=\"7\" width=\"65\">Moinho coloidal<\/td>\n<td width=\"92\">GG-JMS-50<\/td>\n<td rowspan=\"7\" width=\"59\">2-50<\/td>\n<td width=\"85\">0.005-0.03<\/td>\n<td width=\"75\">1.1\/1.5<\/td>\n<td width=\"122\">530\u00d7260\u00d7580<\/td>\n<td width=\"77\">70<\/td>\n<\/tr>\n<tr>\n<td width=\"92\">GG-JMS-80<\/td>\n<td width=\"85\">0.07-0.5<\/td>\n<td width=\"75\">4<\/td>\n<td width=\"122\">680\u00d7380\u00d7930<\/td>\n<td width=\"77\">210<\/td>\n<\/tr>\n<tr>\n<td width=\"92\">GG-JMS-110<\/td>\n<td width=\"85\">0.3-1.2<\/td>\n<td width=\"75\">7.5<\/td>\n<td width=\"122\">750\u00d7450\u00d71000<\/td>\n<td width=\"77\">280<\/td>\n<\/tr>\n<tr>\n<td width=\"92\">GG-JMS-130<\/td>\n<td width=\"85\">0.4-2.0<\/td>\n<td width=\"75\">11\/15<\/td>\n<td width=\"122\">990\u00d7450\u00d71100<\/td>\n<td width=\"77\">400<\/td>\n<\/tr>\n<tr>\n<td width=\"92\">GG-JMS-180<\/td>\n<td width=\"85\">0.8-6.0<\/td>\n<td width=\"75\">18.5\/22<\/td>\n<td width=\"122\">1000\u00d7480\u00d71150<\/td>\n<td width=\"77\">450<\/td>\n<\/tr>\n<tr>\n<td width=\"92\">GG-JMS-240<\/td>\n<td width=\"85\">4.0-12<\/td>\n<td width=\"75\">37\/45<\/td>\n<td width=\"122\">1330\u00d7650\u00d71300<\/td>\n<td width=\"77\">1000<\/td>\n<\/tr>\n<tr>\n<td width=\"92\">GG-JMS-300<\/td>\n<td width=\"85\">6.0-25<\/td>\n<td width=\"75\">75\/90<\/td>\n<td width=\"122\">1450\u00d7630\u00d71420<\/td>\n<td width=\"77\">1600<\/td>\n<\/tr>\n<\/tbody>\n<\/table>\n<p>A m\u00e1quina de moagem de pasta de alho \u00e9 a maquinaria mais necess\u00e1ria na <a href=\"https:\/\/www.garlicline.com\/pt\/garlic-paste-production-line\/\"><strong>linha de produ\u00e7\u00e3o de pasta de alho<\/strong><\/a>. Se est\u00e1 a iniciar um novo neg\u00f3cio no processamento de pasta de alho, pode tamb\u00e9m personalizar a nossa linha de produ\u00e7\u00e3o de pasta de alho e n\u00f3s fornecer-lhe-emos uma solu\u00e7\u00e3o. Se estiver interessado, pode deixar uma mensagem online.<\/p>\n<hr \/>\n<h2 style=\"text-align: center;\">-Deixe uma mensagem para uma cita\u00e7\u00e3o-<\/h2>\n\n<div class=\"wpcf7 no-js\" id=\"wpcf7-f1191-o1\" lang=\"en-US\" dir=\"ltr\" data-wpcf7-id=\"1191\">\n<div class=\"screen-reader-response\"><p role=\"status\" aria-live=\"polite\" aria-atomic=\"true\"><\/p> <ul><\/ul><\/div>\n<form action=\"\/pt\/wp-json\/wp\/v2\/product\/1284#wpcf7-f1191-o1\" method=\"post\" class=\"wpcf7-form init\" aria-label=\"Formul\u00e1rio de contacto\" novalidate=\"novalidate\" data-status=\"init\" data-trp-original-action=\"\/pt\/wp-json\/wp\/v2\/product\/1284#wpcf7-f1191-o1\">\n<fieldset class=\"hidden-fields-container\"><input type=\"hidden\" name=\"_wpcf7\" value=\"1191\" \/><input type=\"hidden\" name=\"_wpcf7_version\" value=\"6.1.1\" \/><input type=\"hidden\" name=\"_wpcf7_locale\" value=\"en_US\" \/><input type=\"hidden\" name=\"_wpcf7_unit_tag\" value=\"wpcf7-f1191-o1\" \/><input type=\"hidden\" name=\"_wpcf7_container_post\" value=\"0\" \/><input type=\"hidden\" name=\"_wpcf7_posted_data_hash\" value=\"\" \/>\n<\/fieldset>\n<div class='proformleft'>\n\t<p><label> O seu nome<br \/>\n<span class=\"wpcf7-form-control-wrap\" data-name=\"your-name\"><input size=\"40\" maxlength=\"400\" class=\"wpcf7-form-control wpcf7-text\" aria-invalid=\"false\" value=\"\" type=\"text\" name=\"your-name\" \/><\/span> <\/label>\n\t<\/p>\n\t<p><label> *O seu e-mail<br \/>\n<span class=\"wpcf7-form-control-wrap\" data-name=\"your-email\"><input size=\"40\" maxlength=\"400\" class=\"wpcf7-form-control wpcf7-email wpcf7-validates-as-required wpcf7-text wpcf7-validates-as-email\" aria-required=\"true\" aria-invalid=\"false\" value=\"\" type=\"email\" name=\"your-email\" \/><\/span> <\/label>\n\t<\/p>\n\t<p><label> *O seu telefone<br \/>\n<span class=\"wpcf7-form-control-wrap\" data-name=\"tel-224\"><input size=\"40\" maxlength=\"400\" class=\"wpcf7-form-control wpcf7-tel wpcf7-validates-as-required wpcf7-text wpcf7-validates-as-tel\" aria-required=\"true\" aria-invalid=\"false\" value=\"\" type=\"tel\" name=\"tel-224\" \/><\/span> <\/label>\n\t<\/p>\n\t<p><label> O seu pa\u00eds<br \/>\n<span class=\"wpcf7-form-control-wrap\" data-name=\"your-country\"><input size=\"40\" maxlength=\"400\" class=\"wpcf7-form-control wpcf7-text\" aria-invalid=\"false\" value=\"\" type=\"text\" name=\"your-country\" \/><\/span> <\/label>\n\t<\/p>\n<\/div>\n<div class='proformright'>\n\t<p><label> *A sua mensagem<br \/>\n<span class=\"wpcf7-form-control-wrap\" data-name=\"your-message\"><textarea cols=\"40\" rows=\"10\" maxlength=\"2000\" class=\"wpcf7-form-control wpcf7-textarea wpcf7-validates-as-required\" aria-required=\"true\" aria-invalid=\"false\" name=\"your-message\"><\/textarea><\/span> <\/label>\n\t<\/p>\n\t<p><input class=\"wpcf7-form-control wpcf7-submit has-spinner\" type=\"submit\" value=\"Enviar\" \/>\n\t<\/p>\n<\/div>\n<div style='clear:both'>\n<\/div><p style=\"display: none !important;\" class=\"akismet-fields-container\" data-prefix=\"_wpcf7_ak_\"><label>&#916;<textarea name=\"_wpcf7_ak_hp_textarea\" cols=\"45\" rows=\"8\" maxlength=\"100\"><\/textarea><\/label><input type=\"hidden\" id=\"ak_js_1\" name=\"_wpcf7_ak_js\" value=\"71\"\/><script>document.getElementById( \"ak_js_1\" ).setAttribute( \"value\", ( new Date() ).getTime() );<\/script><\/p><div class=\"wpcf7-response-output\" aria-hidden=\"true\"><\/div>\n<input type=\"hidden\" name=\"trp-form-language\" value=\"pt\"\/><\/form>\n<\/div>\n\n<div style='text-align:left' class='yasr-auto-insert-visitor'><\/div>","protected":false},"excerpt":{"rendered":"<p>1. Pode moer gengibre, alho, amendoins, gr\u00e3os de cacau, pimentos e outros materiais em molho.<br \/>\n2. A produ\u00e7\u00e3o \u00e9 de 70-2000 kg por hora, que pode ser personalizada.<br \/>\n3. Material de a\u00e7o inoxid\u00e1vel de qualidade alimentar, longa vida \u00fatil.<br \/>\n4. Pode realizar trabalho cont\u00ednuo e melhorar a efici\u00eancia da produ\u00e7\u00e3o.<\/p>","protected":false},"featured_media":1286,"comment_status":"open","ping_status":"closed","template":"","meta":{"site-sidebar-layout":"default","site-content-layout":"default","ast-global-header-display":"","ast-main-header-display":"","ast-hfb-above-header-display":"","ast-hfb-below-header-display":"","ast-hfb-mobile-header-display":"","site-post-title":"","ast-breadcrumbs-content":"","ast-featured-img":"","footer-sml-layout":"","theme-transparent-header-meta":"default","adv-header-id-meta":"","stick-header-meta":"","header-above-stick-meta":"","header-main-stick-meta":"","header-below-stick-meta":"","yasr_overall_rating":0,"yasr_post_is_review":"","yasr_auto_insert_disabled":"","yasr_review_type":""},"product_brand":[],"product_cat":[33],"product_tag":[],"class_list":{"0":"post-1284","1":"product","2":"type-product","3":"status-publish","4":"has-post-thumbnail","6":"product_cat-products","8":"first","9":"instock","10":"shipping-taxable","11":"product-type-simple"},"yoast_head":"<!-- This site is optimized with the Yoast SEO plugin v25.7 - https:\/\/yoast.com\/wordpress\/plugins\/seo\/ -->\n<title>Electric Ginger Garlic Paste Grinder Machine For Sale<\/title>\n<meta name=\"description\" content=\"Garlic ginger grinder machine is a multi-functional, versatile and cost-effective machine that superfinely grinds and emulsifies garlic, and then obtains garlic paste.\" \/>\n<meta name=\"robots\" content=\"index, follow, max-snippet:-1, max-image-preview:large, max-video-preview:-1\" \/>\n<link rel=\"canonical\" href=\"https:\/\/www.garlicline.com\/pt\/produto\/garlic-ginger-grinder-machine\/\" \/>\n<meta property=\"og:locale\" content=\"pt_PT\" \/>\n<meta property=\"og:type\" content=\"article\" \/>\n<meta property=\"og:title\" content=\"Electric Ginger Garlic Paste Grinder Machine For Sale\" \/>\n<meta property=\"og:description\" content=\"Garlic ginger grinder machine is a multi-functional, versatile and cost-effective machine that superfinely grinds and emulsifies garlic, and then obtains garlic paste.\" \/>\n<meta property=\"og:url\" content=\"https:\/\/www.garlicline.com\/pt\/produto\/garlic-ginger-grinder-machine\/\" \/>\n<meta property=\"og:site_name\" content=\"garlicline\" \/>\n<meta property=\"article:modified_time\" content=\"2022-10-18T11:36:04+00:00\" \/>\n<meta property=\"og:image\" content=\"https:\/\/www.garlicline.com\/wp-content\/uploads\/2022\/06\/garlic-paste-making-machine1-1-1.jpg\" \/>\n\t<meta property=\"og:image:width\" content=\"600\" \/>\n\t<meta property=\"og:image:height\" content=\"600\" \/>\n\t<meta property=\"og:image:type\" content=\"image\/jpeg\" \/>\n<meta name=\"twitter:card\" content=\"summary_large_image\" \/>\n<meta name=\"twitter:label1\" content=\"Tempo estimado de leitura\" \/>\n\t<meta name=\"twitter:data1\" content=\"3 minutos\" \/>\n<script type=\"application\/ld+json\" class=\"yoast-schema-graph\">{\"@context\":\"https:\/\/schema.org\",\"@graph\":[{\"@type\":\"WebPage\",\"@id\":\"https:\/\/www.garlicline.com\/product\/garlic-ginger-grinder-machine\/\",\"url\":\"https:\/\/www.garlicline.com\/product\/garlic-ginger-grinder-machine\/\",\"name\":\"Electric Ginger Garlic Paste Grinder Machine For Sale\",\"isPartOf\":{\"@id\":\"https:\/\/www.garlicline.com\/#website\"},\"primaryImageOfPage\":{\"@id\":\"https:\/\/www.garlicline.com\/product\/garlic-ginger-grinder-machine\/#primaryimage\"},\"image\":{\"@id\":\"https:\/\/www.garlicline.com\/product\/garlic-ginger-grinder-machine\/#primaryimage\"},\"thumbnailUrl\":\"https:\/\/www.garlicline.com\/wp-content\/uploads\/2022\/06\/garlic-paste-making-machine1-1-1.jpg\",\"datePublished\":\"2022-06-24T06:39:43+00:00\",\"dateModified\":\"2022-10-18T11:36:04+00:00\",\"description\":\"Garlic ginger grinder machine is a multi-functional, versatile and cost-effective machine that superfinely grinds and emulsifies garlic, and then obtains garlic paste.\",\"breadcrumb\":{\"@id\":\"https:\/\/www.garlicline.com\/product\/garlic-ginger-grinder-machine\/#breadcrumb\"},\"inLanguage\":\"pt-PT\",\"potentialAction\":[{\"@type\":\"ReadAction\",\"target\":[\"https:\/\/www.garlicline.com\/product\/garlic-ginger-grinder-machine\/\"]}]},{\"@type\":\"ImageObject\",\"inLanguage\":\"pt-PT\",\"@id\":\"https:\/\/www.garlicline.com\/product\/garlic-ginger-grinder-machine\/#primaryimage\",\"url\":\"https:\/\/www.garlicline.com\/wp-content\/uploads\/2022\/06\/garlic-paste-making-machine1-1-1.jpg\",\"contentUrl\":\"https:\/\/www.garlicline.com\/wp-content\/uploads\/2022\/06\/garlic-paste-making-machine1-1-1.jpg\",\"width\":600,\"height\":600,\"caption\":\"garlic ginger grinder machine\"},{\"@type\":\"BreadcrumbList\",\"@id\":\"https:\/\/www.garlicline.com\/product\/garlic-ginger-grinder-machine\/#breadcrumb\",\"itemListElement\":[{\"@type\":\"ListItem\",\"position\":1,\"name\":\"Home\",\"item\":\"https:\/\/www.garlicline.com\/\"},{\"@type\":\"ListItem\",\"position\":2,\"name\":\"Products\",\"item\":\"https:\/\/www.garlicline.com\/products\/\"},{\"@type\":\"ListItem\",\"position\":3,\"name\":\"Electric Ginger Garlic Paste Grinder Machine For Sale\"}]},{\"@type\":\"WebSite\",\"@id\":\"https:\/\/www.garlicline.com\/#website\",\"url\":\"https:\/\/www.garlicline.com\/\",\"name\":\"garlicline\",\"description\":\"garlic processing machine supplier\",\"publisher\":{\"@id\":\"https:\/\/www.garlicline.com\/#organization\"},\"potentialAction\":[{\"@type\":\"SearchAction\",\"target\":{\"@type\":\"EntryPoint\",\"urlTemplate\":\"https:\/\/www.garlicline.com\/?s={search_term_string}\"},\"query-input\":{\"@type\":\"PropertyValueSpecification\",\"valueRequired\":true,\"valueName\":\"search_term_string\"}}],\"inLanguage\":\"pt-PT\"},{\"@type\":\"Organization\",\"@id\":\"https:\/\/www.garlicline.com\/#organization\",\"name\":\"garlicline\",\"url\":\"https:\/\/www.garlicline.com\/\",\"logo\":{\"@type\":\"ImageObject\",\"inLanguage\":\"pt-PT\",\"@id\":\"https:\/\/www.garlicline.com\/#\/schema\/logo\/image\/\",\"url\":\"https:\/\/www.garlicline.com\/wp-content\/uploads\/2025\/05\/cropped-gelgoog-logo-1.png\",\"contentUrl\":\"https:\/\/www.garlicline.com\/wp-content\/uploads\/2025\/05\/cropped-gelgoog-logo-1.png\",\"width\":434,\"height\":267,\"caption\":\"garlicline\"},\"image\":{\"@id\":\"https:\/\/www.garlicline.com\/#\/schema\/logo\/image\/\"}},false]}<\/script>\n<!-- \/ Yoast SEO plugin. -->","yoast_head_json":{"title":"M\u00e1quina de moer pasta de alho e gengibre el\u00e9ctrica para venda","description":"A m\u00e1quina de moer alho e gengibre \u00e9 uma m\u00e1quina multifuncional, vers\u00e1til e econ\u00f3mica que m\u00f3i e emulsiona o alho de forma super fina, obtendo depois uma pasta de alho.","robots":{"index":"index","follow":"follow","max-snippet":"max-snippet:-1","max-image-preview":"max-image-preview:large","max-video-preview":"max-video-preview:-1"},"canonical":"https:\/\/www.garlicline.com\/pt\/produto\/garlic-ginger-grinder-machine\/","og_locale":"pt_PT","og_type":"article","og_title":"Electric Ginger Garlic Paste Grinder Machine For Sale","og_description":"Garlic ginger grinder machine is a multi-functional, versatile and cost-effective machine that superfinely grinds and emulsifies garlic, and then obtains garlic paste.","og_url":"https:\/\/www.garlicline.com\/pt\/produto\/garlic-ginger-grinder-machine\/","og_site_name":"garlicline","article_modified_time":"2022-10-18T11:36:04+00:00","og_image":[{"width":600,"height":600,"url":"https:\/\/www.garlicline.com\/wp-content\/uploads\/2022\/06\/garlic-paste-making-machine1-1-1.jpg","type":"image\/jpeg"}],"twitter_card":"summary_large_image","twitter_misc":{"Tempo estimado de leitura":"3 minutos"},"schema":{"@context":"https:\/\/schema.org","@graph":[{"@type":"WebPage","@id":"https:\/\/www.garlicline.com\/product\/garlic-ginger-grinder-machine\/","url":"https:\/\/www.garlicline.com\/product\/garlic-ginger-grinder-machine\/","name":"M\u00e1quina de moer pasta de alho e gengibre el\u00e9ctrica para venda","isPartOf":{"@id":"https:\/\/www.garlicline.com\/#website"},"primaryImageOfPage":{"@id":"https:\/\/www.garlicline.com\/product\/garlic-ginger-grinder-machine\/#primaryimage"},"image":{"@id":"https:\/\/www.garlicline.com\/product\/garlic-ginger-grinder-machine\/#primaryimage"},"thumbnailUrl":"https:\/\/www.garlicline.com\/wp-content\/uploads\/2022\/06\/garlic-paste-making-machine1-1-1.jpg","datePublished":"2022-06-24T06:39:43+00:00","dateModified":"2022-10-18T11:36:04+00:00","description":"A m\u00e1quina de moer alho e gengibre \u00e9 uma m\u00e1quina multifuncional, vers\u00e1til e econ\u00f3mica que m\u00f3i e emulsiona o alho de forma super fina, obtendo depois uma pasta de alho.","breadcrumb":{"@id":"https:\/\/www.garlicline.com\/product\/garlic-ginger-grinder-machine\/#breadcrumb"},"inLanguage":"pt-PT","potentialAction":[{"@type":"ReadAction","target":["https:\/\/www.garlicline.com\/product\/garlic-ginger-grinder-machine\/"]}]},{"@type":"ImageObject","inLanguage":"pt-PT","@id":"https:\/\/www.garlicline.com\/product\/garlic-ginger-grinder-machine\/#primaryimage","url":"https:\/\/www.garlicline.com\/wp-content\/uploads\/2022\/06\/garlic-paste-making-machine1-1-1.jpg","contentUrl":"https:\/\/www.garlicline.com\/wp-content\/uploads\/2022\/06\/garlic-paste-making-machine1-1-1.jpg","width":600,"height":600,"caption":"garlic ginger grinder machine"},{"@type":"BreadcrumbList","@id":"https:\/\/www.garlicline.com\/product\/garlic-ginger-grinder-machine\/#breadcrumb","itemListElement":[{"@type":"ListItem","position":1,"name":"Home","item":"https:\/\/www.garlicline.com\/"},{"@type":"ListItem","position":2,"name":"Products","item":"https:\/\/www.garlicline.com\/products\/"},{"@type":"ListItem","position":3,"name":"Electric Ginger Garlic Paste Grinder Machine For Sale"}]},{"@type":"WebSite","@id":"https:\/\/www.garlicline.com\/#website","url":"https:\/\/www.garlicline.com\/","name":"linha de alho","description":"fornecedor de m\u00e1quinas de transforma\u00e7\u00e3o de alho","publisher":{"@id":"https:\/\/www.garlicline.com\/#organization"},"potentialAction":[{"@type":"SearchAction","target":{"@type":"EntryPoint","urlTemplate":"https:\/\/www.garlicline.com\/?s={search_term_string}"},"query-input":{"@type":"PropertyValueSpecification","valueRequired":true,"valueName":"search_term_string"}}],"inLanguage":"pt-PT"},{"@type":"Organization","@id":"https:\/\/www.garlicline.com\/#organization","name":"linha de alho","url":"https:\/\/www.garlicline.com\/","logo":{"@type":"ImageObject","inLanguage":"pt-PT","@id":"https:\/\/www.garlicline.com\/#\/schema\/logo\/image\/","url":"https:\/\/www.garlicline.com\/wp-content\/uploads\/2025\/05\/cropped-gelgoog-logo-1.png","contentUrl":"https:\/\/www.garlicline.com\/wp-content\/uploads\/2025\/05\/cropped-gelgoog-logo-1.png","width":434,"height":267,"caption":"garlicline"},"image":{"@id":"https:\/\/www.garlicline.com\/#\/schema\/logo\/image\/"}},false]}},"yasr_visitor_votes":{"stars_attributes":{"read_only":false,"span_bottom":false},"number_of_votes":1,"sum_votes":5},"_links":{"self":[{"href":"https:\/\/www.garlicline.com\/pt\/wp-json\/wp\/v2\/product\/1284","targetHints":{"allow":["GET"]}}],"collection":[{"href":"https:\/\/www.garlicline.com\/pt\/wp-json\/wp\/v2\/product"}],"about":[{"href":"https:\/\/www.garlicline.com\/pt\/wp-json\/wp\/v2\/types\/product"}],"replies":[{"embeddable":true,"href":"https:\/\/www.garlicline.com\/pt\/wp-json\/wp\/v2\/comments?post=1284"}],"version-history":[{"count":0,"href":"https:\/\/www.garlicline.com\/pt\/wp-json\/wp\/v2\/product\/1284\/revisions"}],"wp:featuredmedia":[{"embeddable":true,"href":"https:\/\/www.garlicline.com\/pt\/wp-json\/wp\/v2\/media\/1286"}],"wp:attachment":[{"href":"https:\/\/www.garlicline.com\/pt\/wp-json\/wp\/v2\/media?parent=1284"}],"wp:term":[{"taxonomy":"product_brand","embeddable":true,"href":"https:\/\/www.garlicline.com\/pt\/wp-json\/wp\/v2\/product_brand?post=1284"},{"taxonomy":"product_cat","embeddable":true,"href":"https:\/\/www.garlicline.com\/pt\/wp-json\/wp\/v2\/product_cat?post=1284"},{"taxonomy":"product_tag","embeddable":true,"href":"https:\/\/www.garlicline.com\/pt\/wp-json\/wp\/v2\/product_tag?post=1284"}],"curies":[{"name":"wp","href":"https:\/\/api.w.org\/{rel}","templated":true}]}}