{"id":1290,"date":"2022-06-24T09:20:50","date_gmt":"2022-06-24T09:20:50","guid":{"rendered":"https:\/\/www.garlicline.com\/?post_type=product&#038;p=1290"},"modified":"2026-03-11T06:05:32","modified_gmt":"2026-03-11T06:05:32","slug":"garlic-dehydration-machine","status":"publish","type":"product","link":"https:\/\/www.garlicline.com\/pt\/produto\/garlic-dehydration-machine\/","title":{"rendered":"M\u00e1quina de desidrata\u00e7\u00e3o de alho"},"content":{"rendered":"<h2>Introdu\u00e7\u00e3o da m\u00e1quina de desidrata\u00e7\u00e3o de alho comercial<\/h2>\n<p>A m\u00e1quina de desidrata\u00e7\u00e3o de alho pode transformar rapidamente o alho em fatias de alho secas, que \u00e9 uma tecnologia de secagem especial. O cheiro dos flocos de alho secos n\u00e3o se altera, e \u00e9 mais conveniente para armazenar e transportar. O desidratador de alho tem um elevado grau de automatiza\u00e7\u00e3o e pode controlar automaticamente a temperatura, a humidade e o tempo. Se quiser come\u00e7ar um neg\u00f3cio de flocos de alho seco, pode contactar-nos e n\u00f3s fornecer-lhe-emos solu\u00e7\u00f5es e equipamento.<\/p>\n<p data-start=\"576\" data-end=\"913\">Em compara\u00e7\u00e3o com os m\u00e9todos de secagem tradicionais, o desidratador de alho comercial proporciona um controlo est\u00e1vel da temperatura, uma velocidade de secagem mais r\u00e1pida e uma maior efici\u00eancia de produ\u00e7\u00e3o. Os flocos de alho seco produzidos por esta m\u00e1quina s\u00e3o f\u00e1ceis de armazenar, transportar e exportar, tornando-a ideal para f\u00e1bricas de processamento de alho e f\u00e1bricas de processamento de alimentos.<\/p>\n<p data-start=\"915\" data-end=\"1115\">A m\u00e1quina de desidrata\u00e7\u00e3o de alho apresenta um elevado n\u00edvel de automatiza\u00e7\u00e3o e pode controlar automaticamente a temperatura, a humidade e o tempo de secagem, garantindo uma secagem uniforme e uma qualidade consistente do produto.<\/p>\n<p data-start=\"1117\" data-end=\"1284\">Se est\u00e1 a planear iniciar um neg\u00f3cio de processamento de flocos de alho seco, podemos fornecer solu\u00e7\u00f5es completas de desidrata\u00e7\u00e3o de alho, equipamento e apoio t\u00e9cnico.<\/p>\n<h2>Carater\u00edsticas da m\u00e1quina de desidrata\u00e7\u00e3o de alho<\/h2>\n<p>1. Com o interrutor inteligente, a velocidade do cinto de malha e o tempo de perman\u00eancia do alho podem ser controlados.<br \/>\n2. A maior parte do ar pode ser reciclada para poupar energia.<br \/>\n3. Pode ser aquecido a vapor, eletricidade e g\u00e1s.<br \/>\n4. Pode ser seco para uma variedade de materiais irregulares.<\/p>\n<h2>Vantagens do custo da m\u00e1quina de desidrata\u00e7\u00e3o de alho<\/h2>\n<p>1. A temperatura, a humidade e o tempo da m\u00e1quina podem ser ajustados de acordo com as necessidades de processamento.<br \/>\n2. O ciclo pode ser invertido automaticamente para que o alho seja aquecido de forma homog\u00e9nea.<br \/>\n3. O cinto de malha tem uma superf\u00edcie plana relativamente grande, que pode ser produzida em massa, poupando tempo e esfor\u00e7o.<br \/>\n4. O custo da m\u00e1quina de desidrata\u00e7\u00e3o de alho adopta a estrutura de uma porta de dois sentidos, que \u00e9 conveniente para a inspe\u00e7\u00e3o e manuten\u00e7\u00e3o posteriores.<br \/>\n5. A abertura da m\u00e1quina pode ser ajustada.<br \/>\n6. Podem ser adoptados v\u00e1rios m\u00e9todos de aquecimento para realizar a produ\u00e7\u00e3o.<\/p>\n<p><iframe title=\"Planta de processamento de flocos de alho desidratado\" src=\"https:\/\/www.youtube.com\/embed\/sBQBstwslY8\" width=\"630\" height=\"400\" frameborder=\"0\" allowfullscreen=\"allowfullscreen\"><span data-mce-type=\"bookmark\" style=\"display: inline-block; width: 0px; overflow: hidden; line-height: 0;\" class=\"mce_SELRES_start\">Obrigado por entrar em contato conosco.<\/span><\/iframe><\/p>\n<p><img fetchpriority=\"high\" decoding=\"async\" class=\"alignnone size-full wp-image-1806\" src=\"https:\/\/www.garlicline.com\/wp-content\/uploads\/2022\/06\/6k-2.jpg\" alt=\"m\u00e1quina de desidrata\u00e7\u00e3o de alho\" width=\"800\" height=\"500\" srcset=\"https:\/\/www.garlicline.com\/wp-content\/uploads\/2022\/06\/6k-2.jpg 800w, https:\/\/www.garlicline.com\/wp-content\/uploads\/2022\/06\/6k-2-300x188.jpg 300w, https:\/\/www.garlicline.com\/wp-content\/uploads\/2022\/06\/6k-2-768x480.jpg 768w, https:\/\/www.garlicline.com\/wp-content\/uploads\/2022\/06\/6k-2-600x375.jpg 600w\" sizes=\"(max-width: 800px) 100vw, 800px\" \/><\/p>\n<p>&nbsp;<\/p>\n<h2>Par\u00e2metros da m\u00e1quina de desidrata\u00e7\u00e3o de alho<\/h2>\n<table style=\"border-collapse: collapse; width: 384.02pt;\" border=\"0\" width=\"512\" cellspacing=\"0\" cellpadding=\"0\">\n<tbody>\n<tr style=\"height: 15.75pt;\">\n<td class=\"et2\" style=\"height: 15.75pt; width: 133.50pt;\" width=\"178\" height=\"21\">Modelo<\/td>\n<td class=\"et2\" style=\"width: 95.25pt;\" width=\"127\">Largura do cinto de rede<\/td>\n<td class=\"et2\" style=\"width: 54.00pt;\" width=\"72\">Pot\u00eancia<\/td>\n<td class=\"et2\" style=\"width: 101.25pt;\" width=\"135\">Dimens\u00e3o (mm)<\/td>\n<\/tr>\n<tr style=\"height: 15.75pt;\">\n<td class=\"et2\" style=\"height: 15.75pt;\" height=\"21\">GGWD07<\/td>\n<td class=\"et2\">1.6m<\/td>\n<td class=\"et2\">18Kw<\/td>\n<td class=\"et2\">7000*2200*2500<\/td>\n<\/tr>\n<tr style=\"height: 15.75pt;\">\n<td class=\"et2\" style=\"height: 15.75pt;\" height=\"21\">GGWD10<\/td>\n<td class=\"et2\">1.6m<\/td>\n<td class=\"et2\">30Kw<\/td>\n<td class=\"et2\">10000*2200*2500<\/td>\n<\/tr>\n<tr style=\"height: 15.75pt;\">\n<td class=\"et2\" style=\"height: 15.75pt;\" height=\"21\">GGWD12<\/td>\n<td class=\"et2\">1.6m<\/td>\n<td class=\"et2\">37Kw<\/td>\n<td class=\"et2\">12000*2200*2500<\/td>\n<\/tr>\n<\/tbody>\n<\/table>\n<h2 data-section-id=\"1ocpwyi\" data-start=\"3505\" data-end=\"3549\">Porqu\u00ea escolher a nossa m\u00e1quina de desidrata\u00e7\u00e3o de alho<\/h2>\n<ul data-start=\"3551\" data-end=\"3819\">\n<li data-section-id=\"o5qtfr\" data-start=\"3551\" data-end=\"3610\">\n<p data-start=\"3553\" data-end=\"3610\">Fabricante profissional de equipamento de processamento de alho<\/p>\n<\/li>\n<li data-section-id=\"xge6cf\" data-start=\"3611\" data-end=\"3670\">\n<p data-start=\"3613\" data-end=\"3670\">Rica experi\u00eancia em linhas de produ\u00e7\u00e3o de alho desidratado<\/p>\n<\/li>\n<li data-section-id=\"1314eiu\" data-start=\"3671\" data-end=\"3712\">\n<p data-start=\"3673\" data-end=\"3712\">Exportado para mais de 190 pa\u00edses<\/p>\n<\/li>\n<li data-section-id=\"1iw0vkx\" data-start=\"3713\" data-end=\"3763\">\n<p data-start=\"3715\" data-end=\"3763\">Fornecer solu\u00e7\u00f5es completas de transforma\u00e7\u00e3o de alho<\/p>\n<\/li>\n<li data-section-id=\"143hjyl\" data-start=\"3764\" data-end=\"3819\">\n<p data-start=\"3766\" data-end=\"3819\">Oferecer orienta\u00e7\u00e3o de instala\u00e7\u00e3o e apoio t\u00e9cnico<\/p>\n<\/li>\n<\/ul>\n<p>N\u00f3s somos um fornecedor de m\u00e1quinas de desidrata\u00e7\u00e3o de alho com muitos anos de experi\u00eancia de exporta\u00e7\u00e3o e foram vendidos para mais de 190 pa\u00edses ao redor do mundo. Se estiver interessado nesta m\u00e1quina, pode deixar uma mensagem para obter um or\u00e7amento gratuito.<\/p>\n<hr \/>\n<h2 style=\"text-align: center;\">-Deixe uma mensagem para uma cita\u00e7\u00e3o-<\/h2>\n\n<div class=\"wpcf7 no-js\" id=\"wpcf7-f1191-o1\" lang=\"en-US\" dir=\"ltr\" data-wpcf7-id=\"1191\">\n<div class=\"screen-reader-response\"><p role=\"status\" aria-live=\"polite\" aria-atomic=\"true\"><\/p> <ul><\/ul><\/div>\n<form action=\"\/pt\/wp-json\/wp\/v2\/product\/1290#wpcf7-f1191-o1\" method=\"post\" class=\"wpcf7-form init\" aria-label=\"Formul\u00e1rio de contacto\" novalidate=\"novalidate\" data-status=\"init\" data-trp-original-action=\"\/pt\/wp-json\/wp\/v2\/product\/1290#wpcf7-f1191-o1\">\n<fieldset class=\"hidden-fields-container\"><input type=\"hidden\" name=\"_wpcf7\" value=\"1191\" \/><input type=\"hidden\" name=\"_wpcf7_version\" value=\"6.1.1\" \/><input type=\"hidden\" name=\"_wpcf7_locale\" value=\"en_US\" \/><input type=\"hidden\" name=\"_wpcf7_unit_tag\" value=\"wpcf7-f1191-o1\" \/><input type=\"hidden\" name=\"_wpcf7_container_post\" value=\"0\" \/><input type=\"hidden\" name=\"_wpcf7_posted_data_hash\" value=\"\" \/>\n<\/fieldset>\n<div class='proformleft'>\n\t<p><label> O seu nome<br \/>\n<span class=\"wpcf7-form-control-wrap\" data-name=\"your-name\"><input size=\"40\" maxlength=\"400\" class=\"wpcf7-form-control wpcf7-text\" aria-invalid=\"false\" value=\"\" type=\"text\" name=\"your-name\" \/><\/span> <\/label>\n\t<\/p>\n\t<p><label> *O seu e-mail<br \/>\n<span class=\"wpcf7-form-control-wrap\" data-name=\"your-email\"><input size=\"40\" maxlength=\"400\" class=\"wpcf7-form-control wpcf7-email wpcf7-validates-as-required wpcf7-text wpcf7-validates-as-email\" aria-required=\"true\" aria-invalid=\"false\" value=\"\" type=\"email\" name=\"your-email\" \/><\/span> <\/label>\n\t<\/p>\n\t<p><label> *O seu telefone<br \/>\n<span class=\"wpcf7-form-control-wrap\" data-name=\"tel-224\"><input size=\"40\" maxlength=\"400\" class=\"wpcf7-form-control wpcf7-tel wpcf7-validates-as-required wpcf7-text wpcf7-validates-as-tel\" aria-required=\"true\" aria-invalid=\"false\" value=\"\" type=\"tel\" name=\"tel-224\" \/><\/span> <\/label>\n\t<\/p>\n\t<p><label> O seu pa\u00eds<br \/>\n<span class=\"wpcf7-form-control-wrap\" data-name=\"your-country\"><input size=\"40\" maxlength=\"400\" class=\"wpcf7-form-control wpcf7-text\" aria-invalid=\"false\" value=\"\" type=\"text\" name=\"your-country\" \/><\/span> <\/label>\n\t<\/p>\n<\/div>\n<div class='proformright'>\n\t<p><label> *A sua mensagem<br \/>\n<span class=\"wpcf7-form-control-wrap\" data-name=\"your-message\"><textarea cols=\"40\" rows=\"10\" maxlength=\"2000\" class=\"wpcf7-form-control wpcf7-textarea wpcf7-validates-as-required\" aria-required=\"true\" aria-invalid=\"false\" name=\"your-message\"><\/textarea><\/span> <\/label>\n\t<\/p>\n\t<p><input class=\"wpcf7-form-control wpcf7-submit has-spinner\" type=\"submit\" value=\"Enviar\" \/>\n\t<\/p>\n<\/div>\n<div style='clear:both'>\n<\/div><p style=\"display: none !important;\" class=\"akismet-fields-container\" data-prefix=\"_wpcf7_ak_\"><label>&#916;<textarea name=\"_wpcf7_ak_hp_textarea\" cols=\"45\" rows=\"8\" maxlength=\"100\"><\/textarea><\/label><input type=\"hidden\" id=\"ak_js_1\" name=\"_wpcf7_ak_js\" value=\"157\"\/><script>document.getElementById( \"ak_js_1\" ).setAttribute( \"value\", ( new Date() ).getTime() );<\/script><\/p><div class=\"wpcf7-response-output\" aria-hidden=\"true\"><\/div>\n<input type=\"hidden\" name=\"trp-form-language\" value=\"pt\"\/><\/form>\n<\/div>\n\n<div style='text-align:left' class='yasr-auto-insert-visitor'><\/div>","protected":false},"excerpt":{"rendered":"<table style=\"border-collapse: collapse; width: 384.02pt;\" border=\"0\" width=\"512\" cellspacing=\"0\" cellpadding=\"0\">\n<tbody>\n<tr style=\"height: 15.75pt;\">\n<td class=\"et2\" style=\"height: 15.75pt; width: 133.50pt;\" width=\"178\" height=\"21\">Modelo<\/td>\n<td class=\"et2\" style=\"width: 95.25pt;\" width=\"127\">Largura do cinto de rede<\/td>\n<td class=\"et2\" style=\"width: 54.00pt;\" width=\"72\">Pot\u00eancia<\/td>\n<td class=\"et2\" style=\"width: 101.25pt;\" width=\"135\">Dimens\u00e3o (mm)<\/td>\n<\/tr>\n<tr style=\"height: 15.75pt;\">\n<td class=\"et2\" style=\"height: 15.75pt;\" height=\"21\">GGWD07<\/td>\n<td class=\"et2\">1.6m<\/td>\n<td class=\"et2\">18Kw<\/td>\n<td class=\"et2\">7000*2200*2500<\/td>\n<\/tr>\n<tr style=\"height: 15.75pt;\">\n<td class=\"et2\" style=\"height: 15.75pt;\" height=\"21\">GGWD10<\/td>\n<td class=\"et2\">1.6m<\/td>\n<td class=\"et2\">30Kw<\/td>\n<td class=\"et2\">10000*2200*2500<\/td>\n<\/tr>\n<tr style=\"height: 15.75pt;\">\n<td class=\"et2\" style=\"height: 15.75pt;\" height=\"21\">GGWD12<\/td>\n<td class=\"et2\">1.6m<\/td>\n<td class=\"et2\">37Kw<\/td>\n<td class=\"et2\">12000*2200*2500<\/td>\n<\/tr>\n<\/tbody>\n<\/table>\n<p>&nbsp;<\/p>","protected":false},"featured_media":1807,"comment_status":"open","ping_status":"closed","template":"","meta":{"site-sidebar-layout":"default","site-content-layout":"default","ast-global-header-display":"","ast-main-header-display":"","ast-hfb-above-header-display":"","ast-hfb-below-header-display":"","ast-hfb-mobile-header-display":"","site-post-title":"","ast-breadcrumbs-content":"","ast-featured-img":"","footer-sml-layout":"","theme-transparent-header-meta":"default","adv-header-id-meta":"","stick-header-meta":"","header-above-stick-meta":"","header-main-stick-meta":"","header-below-stick-meta":"","yasr_overall_rating":5,"yasr_post_is_review":"","yasr_auto_insert_disabled":"","yasr_review_type":""},"product_brand":[],"product_cat":[33],"product_tag":[],"class_list":{"0":"post-1290","1":"product","2":"type-product","3":"status-publish","4":"has-post-thumbnail","6":"product_cat-products","8":"first","9":"instock","10":"shipping-taxable","11":"product-type-simple"},"yoast_head":"<!-- This site is optimized with the Yoast SEO plugin v25.7 - https:\/\/yoast.com\/wordpress\/plugins\/seo\/ -->\n<title>Garlic Dehydration Machine Plant<\/title>\n<meta name=\"description\" content=\"The garlic dehydration machine integrates advanced drying technology into the machine, which can quickly dry the garlic without changing the original flavor of the garlic.\" \/>\n<meta name=\"robots\" content=\"index, follow, max-snippet:-1, max-image-preview:large, max-video-preview:-1\" \/>\n<link rel=\"canonical\" href=\"https:\/\/www.garlicline.com\/pt\/produto\/garlic-dehydration-machine\/\" \/>\n<meta property=\"og:locale\" content=\"pt_PT\" \/>\n<meta property=\"og:type\" content=\"article\" \/>\n<meta property=\"og:title\" content=\"Garlic Dehydration Machine Plant\" \/>\n<meta property=\"og:description\" content=\"The garlic dehydration machine integrates advanced drying technology into the machine, which can quickly dry the garlic without changing the original flavor of the garlic.\" \/>\n<meta property=\"og:url\" content=\"https:\/\/www.garlicline.com\/pt\/produto\/garlic-dehydration-machine\/\" \/>\n<meta property=\"og:site_name\" content=\"garlicline\" \/>\n<meta property=\"article:modified_time\" content=\"2026-03-11T06:05:32+00:00\" \/>\n<meta property=\"og:image\" content=\"https:\/\/www.garlicline.com\/wp-content\/uploads\/2022\/06\/zhutu-12.jpg\" \/>\n\t<meta property=\"og:image:width\" content=\"600\" \/>\n\t<meta property=\"og:image:height\" content=\"600\" \/>\n\t<meta property=\"og:image:type\" content=\"image\/jpeg\" \/>\n<meta name=\"twitter:card\" content=\"summary_large_image\" \/>\n<meta name=\"twitter:label1\" content=\"Tempo estimado de leitura\" \/>\n\t<meta name=\"twitter:data1\" content=\"2 minutos\" \/>\n<script type=\"application\/ld+json\" class=\"yoast-schema-graph\">{\"@context\":\"https:\/\/schema.org\",\"@graph\":[{\"@type\":\"WebPage\",\"@id\":\"https:\/\/www.garlicline.com\/product\/garlic-dehydration-machine\/\",\"url\":\"https:\/\/www.garlicline.com\/product\/garlic-dehydration-machine\/\",\"name\":\"Garlic Dehydration Machine Plant\",\"isPartOf\":{\"@id\":\"https:\/\/www.garlicline.com\/#website\"},\"primaryImageOfPage\":{\"@id\":\"https:\/\/www.garlicline.com\/product\/garlic-dehydration-machine\/#primaryimage\"},\"image\":{\"@id\":\"https:\/\/www.garlicline.com\/product\/garlic-dehydration-machine\/#primaryimage\"},\"thumbnailUrl\":\"https:\/\/www.garlicline.com\/wp-content\/uploads\/2022\/06\/zhutu-12.jpg\",\"datePublished\":\"2022-06-24T09:20:50+00:00\",\"dateModified\":\"2026-03-11T06:05:32+00:00\",\"description\":\"The garlic dehydration machine integrates advanced drying technology into the machine, which can quickly dry the garlic without changing the original flavor of the garlic.\",\"breadcrumb\":{\"@id\":\"https:\/\/www.garlicline.com\/product\/garlic-dehydration-machine\/#breadcrumb\"},\"inLanguage\":\"pt-PT\",\"potentialAction\":[{\"@type\":\"ReadAction\",\"target\":[\"https:\/\/www.garlicline.com\/product\/garlic-dehydration-machine\/\"]}]},{\"@type\":\"ImageObject\",\"inLanguage\":\"pt-PT\",\"@id\":\"https:\/\/www.garlicline.com\/product\/garlic-dehydration-machine\/#primaryimage\",\"url\":\"https:\/\/www.garlicline.com\/wp-content\/uploads\/2022\/06\/zhutu-12.jpg\",\"contentUrl\":\"https:\/\/www.garlicline.com\/wp-content\/uploads\/2022\/06\/zhutu-12.jpg\",\"width\":600,\"height\":600,\"caption\":\"garlic dehydration machine commercial\"},{\"@type\":\"BreadcrumbList\",\"@id\":\"https:\/\/www.garlicline.com\/product\/garlic-dehydration-machine\/#breadcrumb\",\"itemListElement\":[{\"@type\":\"ListItem\",\"position\":1,\"name\":\"Home\",\"item\":\"https:\/\/www.garlicline.com\/\"},{\"@type\":\"ListItem\",\"position\":2,\"name\":\"Products\",\"item\":\"https:\/\/www.garlicline.com\/products\/\"},{\"@type\":\"ListItem\",\"position\":3,\"name\":\"Garlic Dehydration Machine Plant\"}]},{\"@type\":\"WebSite\",\"@id\":\"https:\/\/www.garlicline.com\/#website\",\"url\":\"https:\/\/www.garlicline.com\/\",\"name\":\"garlicline\",\"description\":\"garlic processing machine supplier\",\"publisher\":{\"@id\":\"https:\/\/www.garlicline.com\/#organization\"},\"potentialAction\":[{\"@type\":\"SearchAction\",\"target\":{\"@type\":\"EntryPoint\",\"urlTemplate\":\"https:\/\/www.garlicline.com\/?s={search_term_string}\"},\"query-input\":{\"@type\":\"PropertyValueSpecification\",\"valueRequired\":true,\"valueName\":\"search_term_string\"}}],\"inLanguage\":\"pt-PT\"},{\"@type\":\"Organization\",\"@id\":\"https:\/\/www.garlicline.com\/#organization\",\"name\":\"garlicline\",\"url\":\"https:\/\/www.garlicline.com\/\",\"logo\":{\"@type\":\"ImageObject\",\"inLanguage\":\"pt-PT\",\"@id\":\"https:\/\/www.garlicline.com\/#\/schema\/logo\/image\/\",\"url\":\"https:\/\/www.garlicline.com\/wp-content\/uploads\/2025\/05\/cropped-gelgoog-logo-1.png\",\"contentUrl\":\"https:\/\/www.garlicline.com\/wp-content\/uploads\/2025\/05\/cropped-gelgoog-logo-1.png\",\"width\":434,\"height\":267,\"caption\":\"garlicline\"},\"image\":{\"@id\":\"https:\/\/www.garlicline.com\/#\/schema\/logo\/image\/\"}},false]}<\/script>\n<!-- \/ Yoast SEO plugin. -->","yoast_head_json":{"title":"M\u00e1quina de desidrata\u00e7\u00e3o de alho","description":"A m\u00e1quina de desidrata\u00e7\u00e3o de alho integra tecnologia de secagem avan\u00e7ada na m\u00e1quina, que pode secar rapidamente o alho sem alterar o sabor original do alho.","robots":{"index":"index","follow":"follow","max-snippet":"max-snippet:-1","max-image-preview":"max-image-preview:large","max-video-preview":"max-video-preview:-1"},"canonical":"https:\/\/www.garlicline.com\/pt\/produto\/garlic-dehydration-machine\/","og_locale":"pt_PT","og_type":"article","og_title":"Garlic Dehydration Machine Plant","og_description":"The garlic dehydration machine integrates advanced drying technology into the machine, which can quickly dry the garlic without changing the original flavor of the garlic.","og_url":"https:\/\/www.garlicline.com\/pt\/produto\/garlic-dehydration-machine\/","og_site_name":"garlicline","article_modified_time":"2026-03-11T06:05:32+00:00","og_image":[{"width":600,"height":600,"url":"https:\/\/www.garlicline.com\/wp-content\/uploads\/2022\/06\/zhutu-12.jpg","type":"image\/jpeg"}],"twitter_card":"summary_large_image","twitter_misc":{"Tempo estimado de leitura":"2 minutos"},"schema":{"@context":"https:\/\/schema.org","@graph":[{"@type":"WebPage","@id":"https:\/\/www.garlicline.com\/product\/garlic-dehydration-machine\/","url":"https:\/\/www.garlicline.com\/product\/garlic-dehydration-machine\/","name":"M\u00e1quina de desidrata\u00e7\u00e3o de alho","isPartOf":{"@id":"https:\/\/www.garlicline.com\/#website"},"primaryImageOfPage":{"@id":"https:\/\/www.garlicline.com\/product\/garlic-dehydration-machine\/#primaryimage"},"image":{"@id":"https:\/\/www.garlicline.com\/product\/garlic-dehydration-machine\/#primaryimage"},"thumbnailUrl":"https:\/\/www.garlicline.com\/wp-content\/uploads\/2022\/06\/zhutu-12.jpg","datePublished":"2022-06-24T09:20:50+00:00","dateModified":"2026-03-11T06:05:32+00:00","description":"A m\u00e1quina de desidrata\u00e7\u00e3o de alho integra tecnologia de secagem avan\u00e7ada na m\u00e1quina, que pode secar rapidamente o alho sem alterar o sabor original do alho.","breadcrumb":{"@id":"https:\/\/www.garlicline.com\/product\/garlic-dehydration-machine\/#breadcrumb"},"inLanguage":"pt-PT","potentialAction":[{"@type":"ReadAction","target":["https:\/\/www.garlicline.com\/product\/garlic-dehydration-machine\/"]}]},{"@type":"ImageObject","inLanguage":"pt-PT","@id":"https:\/\/www.garlicline.com\/product\/garlic-dehydration-machine\/#primaryimage","url":"https:\/\/www.garlicline.com\/wp-content\/uploads\/2022\/06\/zhutu-12.jpg","contentUrl":"https:\/\/www.garlicline.com\/wp-content\/uploads\/2022\/06\/zhutu-12.jpg","width":600,"height":600,"caption":"garlic dehydration machine commercial"},{"@type":"BreadcrumbList","@id":"https:\/\/www.garlicline.com\/product\/garlic-dehydration-machine\/#breadcrumb","itemListElement":[{"@type":"ListItem","position":1,"name":"Home","item":"https:\/\/www.garlicline.com\/"},{"@type":"ListItem","position":2,"name":"Products","item":"https:\/\/www.garlicline.com\/products\/"},{"@type":"ListItem","position":3,"name":"Garlic Dehydration Machine Plant"}]},{"@type":"WebSite","@id":"https:\/\/www.garlicline.com\/#website","url":"https:\/\/www.garlicline.com\/","name":"linha de alho","description":"fornecedor de m\u00e1quinas de transforma\u00e7\u00e3o de alho","publisher":{"@id":"https:\/\/www.garlicline.com\/#organization"},"potentialAction":[{"@type":"SearchAction","target":{"@type":"EntryPoint","urlTemplate":"https:\/\/www.garlicline.com\/?s={search_term_string}"},"query-input":{"@type":"PropertyValueSpecification","valueRequired":true,"valueName":"search_term_string"}}],"inLanguage":"pt-PT"},{"@type":"Organization","@id":"https:\/\/www.garlicline.com\/#organization","name":"linha de alho","url":"https:\/\/www.garlicline.com\/","logo":{"@type":"ImageObject","inLanguage":"pt-PT","@id":"https:\/\/www.garlicline.com\/#\/schema\/logo\/image\/","url":"https:\/\/www.garlicline.com\/wp-content\/uploads\/2025\/05\/cropped-gelgoog-logo-1.png","contentUrl":"https:\/\/www.garlicline.com\/wp-content\/uploads\/2025\/05\/cropped-gelgoog-logo-1.png","width":434,"height":267,"caption":"garlicline"},"image":{"@id":"https:\/\/www.garlicline.com\/#\/schema\/logo\/image\/"}},false]}},"yasr_visitor_votes":{"stars_attributes":{"read_only":false,"span_bottom":false},"number_of_votes":1,"sum_votes":5},"_links":{"self":[{"href":"https:\/\/www.garlicline.com\/pt\/wp-json\/wp\/v2\/product\/1290","targetHints":{"allow":["GET"]}}],"collection":[{"href":"https:\/\/www.garlicline.com\/pt\/wp-json\/wp\/v2\/product"}],"about":[{"href":"https:\/\/www.garlicline.com\/pt\/wp-json\/wp\/v2\/types\/product"}],"replies":[{"embeddable":true,"href":"https:\/\/www.garlicline.com\/pt\/wp-json\/wp\/v2\/comments?post=1290"}],"version-history":[{"count":0,"href":"https:\/\/www.garlicline.com\/pt\/wp-json\/wp\/v2\/product\/1290\/revisions"}],"wp:featuredmedia":[{"embeddable":true,"href":"https:\/\/www.garlicline.com\/pt\/wp-json\/wp\/v2\/media\/1807"}],"wp:attachment":[{"href":"https:\/\/www.garlicline.com\/pt\/wp-json\/wp\/v2\/media?parent=1290"}],"wp:term":[{"taxonomy":"product_brand","embeddable":true,"href":"https:\/\/www.garlicline.com\/pt\/wp-json\/wp\/v2\/product_brand?post=1290"},{"taxonomy":"product_cat","embeddable":true,"href":"https:\/\/www.garlicline.com\/pt\/wp-json\/wp\/v2\/product_cat?post=1290"},{"taxonomy":"product_tag","embeddable":true,"href":"https:\/\/www.garlicline.com\/pt\/wp-json\/wp\/v2\/product_tag?post=1290"}],"curies":[{"name":"wp","href":"https:\/\/api.w.org\/{rel}","templated":true}]}}