{"id":1301,"date":"2022-06-27T06:51:29","date_gmt":"2022-06-27T06:51:29","guid":{"rendered":"https:\/\/www.garlicline.com\/?post_type=product&#038;p=1301"},"modified":"2022-10-19T11:25:21","modified_gmt":"2022-10-19T11:25:21","slug":"garlic-cutter-machine","status":"publish","type":"product","link":"https:\/\/www.garlicline.com\/pt\/produto\/garlic-cutter-machine\/","title":{"rendered":"M\u00e1quina de cortar alho M\u00e1quina de cortar cravo de alho para venda"},"content":{"rendered":"<h2>Introdu\u00e7\u00e3o da m\u00e1quina de corte de alho<\/h2>\n<p>A m\u00e1quina de cortar alho que corta os dentes de alho substitui o corte manual dos dentes de alho, utilizando o princ\u00edpio da centrifuga\u00e7\u00e3o, e a espessura das fatias pode ser ajustada de acordo com as diferentes t\u00e9cnicas de processamento do alho. O pre\u00e7o de uma m\u00e1quina de cortar alho \u00e9 uma m\u00e1quina multifuncional, que pode n\u00e3o s\u00f3 cortar alho, mas tamb\u00e9m cortar v\u00e1rios materiais, e pode tamb\u00e9m triturar. O seu design de pequenas dimens\u00f5es \u00e9 adequado para utiliza\u00e7\u00e3o em f\u00e1bricas de processamento de alho, escolas, cantinas e outras ocasi\u00f5es.<\/p>\n<h2>Carater\u00edsticas do pre\u00e7o da m\u00e1quina cortadora de alho<\/h2>\n<p>1. Equipado com uma calha de alimenta\u00e7\u00e3o, \u00e9 conveniente colocar alho.<br \/>\n2. Tamanho pequeno, pequena pegada, muito c\u00f3modo de utilizar e guardar.<br \/>\n3. N\u00e3o produzir\u00e1 demasiado ru\u00eddo e funcionar\u00e1 de forma est\u00e1vel.<br \/>\n4. Com modelos diferentes, modelos diferentes, resultados diferentes.<\/p>\n<h2>Vantagens da m\u00e1quina de cortar cravos de alho<\/h2>\n<ol>\n<li>A espessura da fatia pode ser ajustada, e a espessura pode ser cortada de 1,5 a 6 mm.<\/li>\n<li>Fabricado com materiais de qualidade alimentar, pode ser utilizado com seguran\u00e7a e confian\u00e7a.<\/li>\n<li>O volume da m\u00e1quina de cortar alho para venda \u00e9 f\u00e1cil de deslocar e utilizar.<\/li>\n<li>Adequado para v\u00e1rias ocasi\u00f5es, tais como f\u00e1bricas de transforma\u00e7\u00e3o de alho, escolas, cantinas e outras ocasi\u00f5es.<\/li>\n<li>Pode ser lavado diretamente com \u00e1gua e n\u00e3o enferruja facilmente.<\/li>\n<li>A l\u00e2mina pode ser ajustada para cortar legumes de diferentes formas, incluindo flocos e filamentos.<\/li>\n<li>Funcionamento simples e est\u00e1vel.<\/li>\n<li>Poupan\u00e7a de energia e redu\u00e7\u00e3o de emiss\u00f5es, a tens\u00e3o dom\u00e9stica pode acionar o funcionamento mec\u00e2nico.<\/li>\n<\/ol>\n<p><img fetchpriority=\"high\" decoding=\"async\" class=\"alignnone size-full wp-image-1305\" src=\"https:\/\/www.garlicline.com\/wp-content\/uploads\/2022\/06\/667k-2.jpg\" alt=\"m\u00e1quina de cortar alho\" width=\"800\" height=\"500\" srcset=\"https:\/\/www.garlicline.com\/wp-content\/uploads\/2022\/06\/667k-2.jpg 800w, https:\/\/www.garlicline.com\/wp-content\/uploads\/2022\/06\/667k-2-300x188.jpg 300w, https:\/\/www.garlicline.com\/wp-content\/uploads\/2022\/06\/667k-2-768x480.jpg 768w, https:\/\/www.garlicline.com\/wp-content\/uploads\/2022\/06\/667k-2-600x375.jpg 600w\" sizes=\"(max-width: 800px) 100vw, 800px\" \/><\/p>\n<h2>Como cortar alho facilmente<\/h2>\n<p>O trabalho da m\u00e1quina de corte de alho para venda \u00e9 o uso do princ\u00edpio centr\u00edfugo para o corte. O gengibre gira no prato girat\u00f3rio, e o material cortado \u00e9 atirado para fora ao longo da janela sob a a\u00e7\u00e3o centr\u00edfuga da m\u00e1quina de corte de gengibre, que pode ser cortado e triturado ao mesmo tempo. A velocidade de corte \u00e9 r\u00e1pida e a capacidade de corte \u00e9 forte. Uma m\u00e1quina tem tr\u00eas grupos de cortadores de fio. S\u00e3o utilizadas l\u00e2minas e correias importadas, com um dispositivo \u00fanico de lubrifica\u00e7\u00e3o autom\u00e1tica.<\/p>\n<p><iframe title=\"Leitor de v\u00eddeo do YouTube\" src=\"https:\/\/www.youtube.com\/embed\/flNKOfCoMFc\" width=\"800\" height=\"450\" frameborder=\"0\" allowfullscreen=\"allowfullscreen\"><span data-mce-type=\"bookmark\" style=\"display: inline-block; width: 0px; overflow: hidden; line-height: 0;\" class=\"mce_SELRES_start\">Obrigado por entrar em contato conosco.<\/span><\/iframe><\/p>\n<h2>Par\u00e2metros da m\u00e1quina de corte de alho para venda<\/h2>\n<table>\n<tbody>\n<tr>\n<td width=\"284\">Modelo<\/td>\n<td width=\"284\">GG-501<\/td>\n<\/tr>\n<tr>\n<td width=\"284\">Espessura da tira<\/td>\n<td width=\"284\">1,5-5 mm ajust\u00e1vel<\/td>\n<\/tr>\n<tr>\n<td width=\"284\">Comprimento da tira<\/td>\n<td width=\"284\">comprimento m\u00e1ximo de 20 cm<\/td>\n<\/tr>\n<tr>\n<td width=\"284\">Especifica\u00e7\u00e3o da fatia<\/td>\n<td width=\"284\">1-8mm<\/td>\n<\/tr>\n<tr>\n<td width=\"284\">Capacidade<\/td>\n<td width=\"284\">\u00a0500-800kg\/h<\/td>\n<\/tr>\n<tr>\n<td width=\"284\">Pot\u00eancia<\/td>\n<td width=\"284\">220V, 1HP<\/td>\n<\/tr>\n<tr>\n<td width=\"284\">Dimens\u00e3o<\/td>\n<td width=\"284\">650*550*880mm<\/td>\n<\/tr>\n<\/tbody>\n<\/table>\n<p>N\u00f3s somos o fabricante de cortador de alho, se voc\u00ea quiser come\u00e7ar o neg\u00f3cio de alho, por favor deixe uma mensagem para cota\u00e7\u00e3o. N\u00f3s tamb\u00e9m temos descascadores de alho, <a href=\"https:\/\/www.garlicline.com\/pt\/produto\/garlic-dehydration-machine\/\"><strong>m\u00e1quina de desidrata\u00e7\u00e3o de alho<\/strong><\/a> e mais.<\/p>\n<hr \/>\n<h2 style=\"text-align: center;\">-Deixe uma mensagem para uma cita\u00e7\u00e3o-<\/h2>\n\n<div class=\"wpcf7 no-js\" id=\"wpcf7-f1191-o1\" lang=\"en-US\" dir=\"ltr\" data-wpcf7-id=\"1191\">\n<div class=\"screen-reader-response\"><p role=\"status\" aria-live=\"polite\" aria-atomic=\"true\"><\/p> <ul><\/ul><\/div>\n<form action=\"\/pt\/wp-json\/wp\/v2\/product\/1301#wpcf7-f1191-o1\" method=\"post\" class=\"wpcf7-form init\" aria-label=\"Formul\u00e1rio de contacto\" novalidate=\"novalidate\" data-status=\"init\" data-trp-original-action=\"\/pt\/wp-json\/wp\/v2\/product\/1301#wpcf7-f1191-o1\">\n<fieldset class=\"hidden-fields-container\"><input type=\"hidden\" name=\"_wpcf7\" value=\"1191\" \/><input type=\"hidden\" name=\"_wpcf7_version\" value=\"6.1.1\" \/><input type=\"hidden\" name=\"_wpcf7_locale\" value=\"en_US\" \/><input type=\"hidden\" name=\"_wpcf7_unit_tag\" value=\"wpcf7-f1191-o1\" \/><input type=\"hidden\" name=\"_wpcf7_container_post\" value=\"0\" \/><input type=\"hidden\" name=\"_wpcf7_posted_data_hash\" value=\"\" \/>\n<\/fieldset>\n<div class='proformleft'>\n\t<p><label> O seu nome<br \/>\n<span class=\"wpcf7-form-control-wrap\" data-name=\"your-name\"><input size=\"40\" maxlength=\"400\" class=\"wpcf7-form-control wpcf7-text\" aria-invalid=\"false\" value=\"\" type=\"text\" name=\"your-name\" \/><\/span> <\/label>\n\t<\/p>\n\t<p><label> *O seu e-mail<br \/>\n<span class=\"wpcf7-form-control-wrap\" data-name=\"your-email\"><input size=\"40\" maxlength=\"400\" class=\"wpcf7-form-control wpcf7-email wpcf7-validates-as-required wpcf7-text wpcf7-validates-as-email\" aria-required=\"true\" aria-invalid=\"false\" value=\"\" type=\"email\" name=\"your-email\" \/><\/span> <\/label>\n\t<\/p>\n\t<p><label> *O seu telefone<br \/>\n<span class=\"wpcf7-form-control-wrap\" data-name=\"tel-224\"><input size=\"40\" maxlength=\"400\" class=\"wpcf7-form-control wpcf7-tel wpcf7-validates-as-required wpcf7-text wpcf7-validates-as-tel\" aria-required=\"true\" aria-invalid=\"false\" value=\"\" type=\"tel\" name=\"tel-224\" \/><\/span> <\/label>\n\t<\/p>\n\t<p><label> O seu pa\u00eds<br \/>\n<span class=\"wpcf7-form-control-wrap\" data-name=\"your-country\"><input size=\"40\" maxlength=\"400\" class=\"wpcf7-form-control wpcf7-text\" aria-invalid=\"false\" value=\"\" type=\"text\" name=\"your-country\" \/><\/span> <\/label>\n\t<\/p>\n<\/div>\n<div class='proformright'>\n\t<p><label> *A sua mensagem<br \/>\n<span class=\"wpcf7-form-control-wrap\" data-name=\"your-message\"><textarea cols=\"40\" rows=\"10\" maxlength=\"2000\" class=\"wpcf7-form-control wpcf7-textarea wpcf7-validates-as-required\" aria-required=\"true\" aria-invalid=\"false\" name=\"your-message\"><\/textarea><\/span> <\/label>\n\t<\/p>\n\t<p><input class=\"wpcf7-form-control wpcf7-submit has-spinner\" type=\"submit\" value=\"Enviar\" \/>\n\t<\/p>\n<\/div>\n<div style='clear:both'>\n<\/div><p style=\"display: none !important;\" class=\"akismet-fields-container\" data-prefix=\"_wpcf7_ak_\"><label>&#916;<textarea name=\"_wpcf7_ak_hp_textarea\" cols=\"45\" rows=\"8\" maxlength=\"100\"><\/textarea><\/label><input type=\"hidden\" id=\"ak_js_1\" name=\"_wpcf7_ak_js\" value=\"217\"\/><script>document.getElementById( \"ak_js_1\" ).setAttribute( \"value\", ( new Date() ).getTime() );<\/script><\/p><div class=\"wpcf7-response-output\" aria-hidden=\"true\"><\/div>\n<input type=\"hidden\" name=\"trp-form-language\" value=\"pt\"\/><\/form>\n<\/div>\n\n<div style='text-align:left' class='yasr-auto-insert-visitor'><\/div>","protected":false},"excerpt":{"rendered":"<table>\n<tbody>\n<tr>\n<td width=\"284\">Modelo<\/td>\n<td width=\"284\">GG-501<\/td>\n<\/tr>\n<tr>\n<td width=\"284\">Espessura da tira<\/td>\n<td width=\"284\">1,5-5 mm ajust\u00e1vel<\/td>\n<\/tr>\n<tr>\n<td width=\"284\">Comprimento da tira<\/td>\n<td width=\"284\">comprimento m\u00e1ximo de 20 cm<\/td>\n<\/tr>\n<tr>\n<td width=\"284\">Especifica\u00e7\u00e3o da fatia<\/td>\n<td width=\"284\">1-8mm<\/td>\n<\/tr>\n<tr>\n<td width=\"284\">Capacidade<\/td>\n<td width=\"284\">\u00a0500-800kg\/h<\/td>\n<\/tr>\n<tr>\n<td width=\"284\">Pot\u00eancia<\/td>\n<td width=\"284\">220V, 1HP<\/td>\n<\/tr>\n<tr>\n<td width=\"284\">Dimens\u00e3o<\/td>\n<td width=\"284\">650*550*880mm<\/td>\n<\/tr>\n<\/tbody>\n<\/table>","protected":false},"featured_media":1302,"comment_status":"open","ping_status":"closed","template":"","meta":{"site-sidebar-layout":"default","site-content-layout":"default","ast-global-header-display":"","ast-main-header-display":"","ast-hfb-above-header-display":"","ast-hfb-below-header-display":"","ast-hfb-mobile-header-display":"","site-post-title":"","ast-breadcrumbs-content":"","ast-featured-img":"","footer-sml-layout":"","theme-transparent-header-meta":"default","adv-header-id-meta":"","stick-header-meta":"","header-above-stick-meta":"","header-main-stick-meta":"","header-below-stick-meta":"","yasr_overall_rating":0,"yasr_post_is_review":"","yasr_auto_insert_disabled":"","yasr_review_type":""},"product_brand":[],"product_cat":[33],"product_tag":[],"class_list":{"0":"post-1301","1":"product","2":"type-product","3":"status-publish","4":"has-post-thumbnail","6":"product_cat-products","8":"first","9":"instock","10":"shipping-taxable","11":"product-type-simple"},"yoast_head":"<!-- This site is optimized with the Yoast SEO plugin v25.7 - https:\/\/yoast.com\/wordpress\/plugins\/seo\/ -->\n<title>Garlic Cutter Machine Cutting Garlic Clove For Sale<\/title>\n<meta name=\"description\" content=\"The garlic cutter machine cutting garlic clove solves the time-consuming and laborious problem of garlic slices. It is an indispensable equipment for drying garlic slices. It has the advantages of multi-function and high efficiency.\" \/>\n<meta name=\"robots\" content=\"index, follow, max-snippet:-1, max-image-preview:large, max-video-preview:-1\" \/>\n<link rel=\"canonical\" href=\"https:\/\/www.garlicline.com\/pt\/produto\/garlic-cutter-machine\/\" \/>\n<meta property=\"og:locale\" content=\"pt_PT\" \/>\n<meta property=\"og:type\" content=\"article\" \/>\n<meta property=\"og:title\" content=\"Garlic Cutter Machine Cutting Garlic Clove For Sale\" \/>\n<meta property=\"og:description\" content=\"The garlic cutter machine cutting garlic clove solves the time-consuming and laborious problem of garlic slices. It is an indispensable equipment for drying garlic slices. It has the advantages of multi-function and high efficiency.\" \/>\n<meta property=\"og:url\" content=\"https:\/\/www.garlicline.com\/pt\/produto\/garlic-cutter-machine\/\" \/>\n<meta property=\"og:site_name\" content=\"garlicline\" \/>\n<meta property=\"article:modified_time\" content=\"2022-10-19T11:25:21+00:00\" \/>\n<meta property=\"og:image\" content=\"https:\/\/www.garlicline.com\/wp-content\/uploads\/2022\/06\/11zhutu-1.jpg\" \/>\n\t<meta property=\"og:image:width\" content=\"600\" \/>\n\t<meta property=\"og:image:height\" content=\"600\" \/>\n\t<meta property=\"og:image:type\" content=\"image\/jpeg\" \/>\n<meta name=\"twitter:card\" content=\"summary_large_image\" \/>\n<meta name=\"twitter:label1\" content=\"Tempo estimado de leitura\" \/>\n\t<meta name=\"twitter:data1\" content=\"2 minutos\" \/>\n<script type=\"application\/ld+json\" class=\"yoast-schema-graph\">{\"@context\":\"https:\/\/schema.org\",\"@graph\":[{\"@type\":\"WebPage\",\"@id\":\"https:\/\/www.garlicline.com\/product\/garlic-cutter-machine\/\",\"url\":\"https:\/\/www.garlicline.com\/product\/garlic-cutter-machine\/\",\"name\":\"Garlic Cutter Machine Cutting Garlic Clove For Sale\",\"isPartOf\":{\"@id\":\"https:\/\/www.garlicline.com\/#website\"},\"primaryImageOfPage\":{\"@id\":\"https:\/\/www.garlicline.com\/product\/garlic-cutter-machine\/#primaryimage\"},\"image\":{\"@id\":\"https:\/\/www.garlicline.com\/product\/garlic-cutter-machine\/#primaryimage\"},\"thumbnailUrl\":\"https:\/\/www.garlicline.com\/wp-content\/uploads\/2022\/06\/11zhutu-1.jpg\",\"datePublished\":\"2022-06-27T06:51:29+00:00\",\"dateModified\":\"2022-10-19T11:25:21+00:00\",\"description\":\"The garlic cutter machine cutting garlic clove solves the time-consuming and laborious problem of garlic slices. It is an indispensable equipment for drying garlic slices. It has the advantages of multi-function and high efficiency.\",\"breadcrumb\":{\"@id\":\"https:\/\/www.garlicline.com\/product\/garlic-cutter-machine\/#breadcrumb\"},\"inLanguage\":\"pt-PT\",\"potentialAction\":[{\"@type\":\"ReadAction\",\"target\":[\"https:\/\/www.garlicline.com\/product\/garlic-cutter-machine\/\"]}]},{\"@type\":\"ImageObject\",\"inLanguage\":\"pt-PT\",\"@id\":\"https:\/\/www.garlicline.com\/product\/garlic-cutter-machine\/#primaryimage\",\"url\":\"https:\/\/www.garlicline.com\/wp-content\/uploads\/2022\/06\/11zhutu-1.jpg\",\"contentUrl\":\"https:\/\/www.garlicline.com\/wp-content\/uploads\/2022\/06\/11zhutu-1.jpg\",\"width\":600,\"height\":600,\"caption\":\"garlic cutter machine\"},{\"@type\":\"BreadcrumbList\",\"@id\":\"https:\/\/www.garlicline.com\/product\/garlic-cutter-machine\/#breadcrumb\",\"itemListElement\":[{\"@type\":\"ListItem\",\"position\":1,\"name\":\"Home\",\"item\":\"https:\/\/www.garlicline.com\/\"},{\"@type\":\"ListItem\",\"position\":2,\"name\":\"Products\",\"item\":\"https:\/\/www.garlicline.com\/products\/\"},{\"@type\":\"ListItem\",\"position\":3,\"name\":\"Garlic Cutter Machine Cutting Garlic Clove For Sale\"}]},{\"@type\":\"WebSite\",\"@id\":\"https:\/\/www.garlicline.com\/#website\",\"url\":\"https:\/\/www.garlicline.com\/\",\"name\":\"garlicline\",\"description\":\"garlic processing machine supplier\",\"publisher\":{\"@id\":\"https:\/\/www.garlicline.com\/#organization\"},\"potentialAction\":[{\"@type\":\"SearchAction\",\"target\":{\"@type\":\"EntryPoint\",\"urlTemplate\":\"https:\/\/www.garlicline.com\/?s={search_term_string}\"},\"query-input\":{\"@type\":\"PropertyValueSpecification\",\"valueRequired\":true,\"valueName\":\"search_term_string\"}}],\"inLanguage\":\"pt-PT\"},{\"@type\":\"Organization\",\"@id\":\"https:\/\/www.garlicline.com\/#organization\",\"name\":\"garlicline\",\"url\":\"https:\/\/www.garlicline.com\/\",\"logo\":{\"@type\":\"ImageObject\",\"inLanguage\":\"pt-PT\",\"@id\":\"https:\/\/www.garlicline.com\/#\/schema\/logo\/image\/\",\"url\":\"https:\/\/www.garlicline.com\/wp-content\/uploads\/2025\/05\/cropped-gelgoog-logo-1.png\",\"contentUrl\":\"https:\/\/www.garlicline.com\/wp-content\/uploads\/2025\/05\/cropped-gelgoog-logo-1.png\",\"width\":434,\"height\":267,\"caption\":\"garlicline\"},\"image\":{\"@id\":\"https:\/\/www.garlicline.com\/#\/schema\/logo\/image\/\"}},false]}<\/script>\n<!-- \/ Yoast SEO plugin. -->","yoast_head_json":{"title":"M\u00e1quina de cortar alho M\u00e1quina de cortar cravo de alho para venda","description":"A m\u00e1quina de cortar alho que corta o dente de alho resolve o problema moroso e laborioso das fatias de alho. \u00c9 um equipamento indispens\u00e1vel para secar as fatias de alho. Tem as vantagens da multifuncionalidade e da elevada efici\u00eancia.","robots":{"index":"index","follow":"follow","max-snippet":"max-snippet:-1","max-image-preview":"max-image-preview:large","max-video-preview":"max-video-preview:-1"},"canonical":"https:\/\/www.garlicline.com\/pt\/produto\/garlic-cutter-machine\/","og_locale":"pt_PT","og_type":"article","og_title":"Garlic Cutter Machine Cutting Garlic Clove For Sale","og_description":"The garlic cutter machine cutting garlic clove solves the time-consuming and laborious problem of garlic slices. It is an indispensable equipment for drying garlic slices. It has the advantages of multi-function and high efficiency.","og_url":"https:\/\/www.garlicline.com\/pt\/produto\/garlic-cutter-machine\/","og_site_name":"garlicline","article_modified_time":"2022-10-19T11:25:21+00:00","og_image":[{"width":600,"height":600,"url":"https:\/\/www.garlicline.com\/wp-content\/uploads\/2022\/06\/11zhutu-1.jpg","type":"image\/jpeg"}],"twitter_card":"summary_large_image","twitter_misc":{"Tempo estimado de leitura":"2 minutos"},"schema":{"@context":"https:\/\/schema.org","@graph":[{"@type":"WebPage","@id":"https:\/\/www.garlicline.com\/product\/garlic-cutter-machine\/","url":"https:\/\/www.garlicline.com\/product\/garlic-cutter-machine\/","name":"M\u00e1quina de cortar alho M\u00e1quina de cortar cravo de alho para venda","isPartOf":{"@id":"https:\/\/www.garlicline.com\/#website"},"primaryImageOfPage":{"@id":"https:\/\/www.garlicline.com\/product\/garlic-cutter-machine\/#primaryimage"},"image":{"@id":"https:\/\/www.garlicline.com\/product\/garlic-cutter-machine\/#primaryimage"},"thumbnailUrl":"https:\/\/www.garlicline.com\/wp-content\/uploads\/2022\/06\/11zhutu-1.jpg","datePublished":"2022-06-27T06:51:29+00:00","dateModified":"2022-10-19T11:25:21+00:00","description":"A m\u00e1quina de cortar alho que corta o dente de alho resolve o problema moroso e laborioso das fatias de alho. \u00c9 um equipamento indispens\u00e1vel para secar as fatias de alho. Tem as vantagens da multifuncionalidade e da elevada efici\u00eancia.","breadcrumb":{"@id":"https:\/\/www.garlicline.com\/product\/garlic-cutter-machine\/#breadcrumb"},"inLanguage":"pt-PT","potentialAction":[{"@type":"ReadAction","target":["https:\/\/www.garlicline.com\/product\/garlic-cutter-machine\/"]}]},{"@type":"ImageObject","inLanguage":"pt-PT","@id":"https:\/\/www.garlicline.com\/product\/garlic-cutter-machine\/#primaryimage","url":"https:\/\/www.garlicline.com\/wp-content\/uploads\/2022\/06\/11zhutu-1.jpg","contentUrl":"https:\/\/www.garlicline.com\/wp-content\/uploads\/2022\/06\/11zhutu-1.jpg","width":600,"height":600,"caption":"garlic cutter machine"},{"@type":"BreadcrumbList","@id":"https:\/\/www.garlicline.com\/product\/garlic-cutter-machine\/#breadcrumb","itemListElement":[{"@type":"ListItem","position":1,"name":"Home","item":"https:\/\/www.garlicline.com\/"},{"@type":"ListItem","position":2,"name":"Products","item":"https:\/\/www.garlicline.com\/products\/"},{"@type":"ListItem","position":3,"name":"Garlic Cutter Machine Cutting Garlic Clove For Sale"}]},{"@type":"WebSite","@id":"https:\/\/www.garlicline.com\/#website","url":"https:\/\/www.garlicline.com\/","name":"linha de alho","description":"fornecedor de m\u00e1quinas de transforma\u00e7\u00e3o de alho","publisher":{"@id":"https:\/\/www.garlicline.com\/#organization"},"potentialAction":[{"@type":"SearchAction","target":{"@type":"EntryPoint","urlTemplate":"https:\/\/www.garlicline.com\/?s={search_term_string}"},"query-input":{"@type":"PropertyValueSpecification","valueRequired":true,"valueName":"search_term_string"}}],"inLanguage":"pt-PT"},{"@type":"Organization","@id":"https:\/\/www.garlicline.com\/#organization","name":"linha de alho","url":"https:\/\/www.garlicline.com\/","logo":{"@type":"ImageObject","inLanguage":"pt-PT","@id":"https:\/\/www.garlicline.com\/#\/schema\/logo\/image\/","url":"https:\/\/www.garlicline.com\/wp-content\/uploads\/2025\/05\/cropped-gelgoog-logo-1.png","contentUrl":"https:\/\/www.garlicline.com\/wp-content\/uploads\/2025\/05\/cropped-gelgoog-logo-1.png","width":434,"height":267,"caption":"garlicline"},"image":{"@id":"https:\/\/www.garlicline.com\/#\/schema\/logo\/image\/"}},false]}},"yasr_visitor_votes":{"stars_attributes":{"read_only":false,"span_bottom":false},"number_of_votes":1,"sum_votes":5},"_links":{"self":[{"href":"https:\/\/www.garlicline.com\/pt\/wp-json\/wp\/v2\/product\/1301","targetHints":{"allow":["GET"]}}],"collection":[{"href":"https:\/\/www.garlicline.com\/pt\/wp-json\/wp\/v2\/product"}],"about":[{"href":"https:\/\/www.garlicline.com\/pt\/wp-json\/wp\/v2\/types\/product"}],"replies":[{"embeddable":true,"href":"https:\/\/www.garlicline.com\/pt\/wp-json\/wp\/v2\/comments?post=1301"}],"version-history":[{"count":0,"href":"https:\/\/www.garlicline.com\/pt\/wp-json\/wp\/v2\/product\/1301\/revisions"}],"wp:featuredmedia":[{"embeddable":true,"href":"https:\/\/www.garlicline.com\/pt\/wp-json\/wp\/v2\/media\/1302"}],"wp:attachment":[{"href":"https:\/\/www.garlicline.com\/pt\/wp-json\/wp\/v2\/media?parent=1301"}],"wp:term":[{"taxonomy":"product_brand","embeddable":true,"href":"https:\/\/www.garlicline.com\/pt\/wp-json\/wp\/v2\/product_brand?post=1301"},{"taxonomy":"product_cat","embeddable":true,"href":"https:\/\/www.garlicline.com\/pt\/wp-json\/wp\/v2\/product_cat?post=1301"},{"taxonomy":"product_tag","embeddable":true,"href":"https:\/\/www.garlicline.com\/pt\/wp-json\/wp\/v2\/product_tag?post=1301"}],"curies":[{"name":"wp","href":"https:\/\/api.w.org\/{rel}","templated":true}]}}