{"id":1314,"date":"2022-06-28T09:11:42","date_gmt":"2022-06-28T09:11:42","guid":{"rendered":"https:\/\/www.garlicline.com\/?post_type=product&#038;p=1314"},"modified":"2026-02-03T17:58:42","modified_gmt":"2026-02-03T17:58:42","slug":"peeled-garlic-packaing-machine","status":"publish","type":"product","link":"https:\/\/www.garlicline.com\/pt\/produto\/peeled-garlic-packaing-machine\/","title":{"rendered":"M\u00e1quina multifuncional para embalar alho descascado com garrafa"},"content":{"rendered":"<h2>Introdu\u00e7\u00e3o da m\u00e1quina de embalagem de alho descascado<\/h2>\n<p>A m\u00e1quina de embalagem de alho descascado adopta uma m\u00e1quina de embalagem de combina\u00e7\u00e3o matem\u00e1tica com um elevado grau de intelig\u00eancia mec\u00e2nica. Pode definir o peso da embalagem que pretende e a contagem \u00e9 feita automaticamente. E os registos de produ\u00e7\u00e3o podem ser verificados a qualquer momento, e uma variedade de itens podem ser embalados, incluindo sacos, garrafas, latas e outros estilos de embalagem. A m\u00e1quina de embalagem de alho tem as vantagens de uma ampla gama de aplica\u00e7\u00f5es, alta intelig\u00eancia, longa vida \u00fatil, economia de tempo e economia de trabalho.<\/p>\n<h2>Carater\u00edsticas da m\u00e1quina de embalar alho descascado<\/h2>\n<p>1. Adotar a tecnologia de rolamento de ar, de modo que o seu sistema n\u00e3o precisa de sistema de \u00f3leo lubrificante.<br \/>\n2. Este custo da m\u00e1quina de embalagem de alho tem alta e baixa velocidade para dois tipos de trabalho.<br \/>\n3. As balan\u00e7as com v\u00e1rias cabe\u00e7as trabalham alternadamente, o que melhora a efici\u00eancia do trabalho.<br \/>\n4. Fabricado em a\u00e7o inoxid\u00e1vel de qualidade alimentar, n\u00e3o polui o material.<br \/>\n5. Com carater\u00edsticas multi-funcionais, pode embalar uma variedade de materiais.<\/p>\n<h2>Vantagens da m\u00e1quina de embalagem de garrafas de cravo de alho<\/h2>\n<ol>\n<li>O ecr\u00e3 digital pode ser definido em v\u00e1rias l\u00ednguas, o que \u00e9 mais f\u00e1cil de utilizar.<\/li>\n<li>Controlo avan\u00e7ado por ecr\u00e3 t\u00e1til, opera\u00e7\u00e3o mais f\u00e1cil.<\/li>\n<li>Embalagem de produtos, impress\u00e3o da data de uma s\u00f3 vez. Poupe tempo e poupe custos.<\/li>\n<li>A estrutura \u00e9 conveniente, a limpeza \u00e9 mais conveniente e pode ser limpa diretamente com \u00e1gua.<\/li>\n<li>Os registos de produ\u00e7\u00e3o podem ser consultados a qualquer momento.<\/li>\n<li>Alto desempenho, baixa taxa de falhas, alta estabilidade e baixo custo de manuten\u00e7\u00e3o.<\/li>\n<li>A intelig\u00eancia \u00e9 relativamente elevada, e os custos da m\u00e1quina de embalagem de alho s\u00e3o automaticamente contados e auto-diagnosticados.<\/li>\n<\/ol>\n<p><img fetchpriority=\"high\" decoding=\"async\" class=\"alignnone size-full wp-image-1315\" src=\"https:\/\/www.garlicline.com\/wp-content\/uploads\/2022\/06\/6746456.jpg\" alt=\"m\u00e1quina de embalar alho descascado\" width=\"800\" height=\"500\" srcset=\"https:\/\/www.garlicline.com\/wp-content\/uploads\/2022\/06\/6746456.jpg 800w, https:\/\/www.garlicline.com\/wp-content\/uploads\/2022\/06\/6746456-300x188.jpg 300w, https:\/\/www.garlicline.com\/wp-content\/uploads\/2022\/06\/6746456-768x480.jpg 768w, https:\/\/www.garlicline.com\/wp-content\/uploads\/2022\/06\/6746456-600x375.jpg 600w\" sizes=\"(max-width: 800px) 100vw, 800px\" \/><\/p>\n<h2>Etapas da m\u00e1quina de embalagem de garrafas de cravo de alho<\/h2>\n<ol>\n<li>O alho \u00e9 enviado para a tremonha de armazenamento pelo transportador de material<\/li>\n<li>A m\u00e1quina vibrat\u00f3ria principal vibra para descarregar o alho da tremonha de armazenamento e alimenta cada disco vibrat\u00f3rio de arame. Entre eles, o ajuste da altura da tremonha de armazenamento pode ajustar a espessura do material em queda.<\/li>\n<li>O material sai do custo da m\u00e1quina de embalagem de alho vibrat\u00f3rio principal e entra em cada placa vibrat\u00f3ria de linha uniformemente, e o material vibrat\u00f3rio pela m\u00e1quina vibrat\u00f3ria de linha entra na tremonha de alimenta\u00e7\u00e3o. O balde de pesagem completa o trabalho de pesagem e a combina\u00e7\u00e3o novamente.<\/li>\n<\/ol>\n<p><iframe title=\"A linha de processamento de classifica\u00e7\u00e3o de cores para descascar alho pode ser personalizada\" src=\"https:\/\/www.youtube.com\/embed\/wCLx1LVJDrU\" width=\"630\" height=\"400\" frameborder=\"0\" allowfullscreen=\"allowfullscreen\"><span data-mce-type=\"bookmark\" style=\"display: inline-block; width: 0px; overflow: hidden; line-height: 0;\" class=\"mce_SELRES_start\">Obrigado por entrar em contato conosco.<\/span><\/iframe><\/p>\n<h2>Par\u00e2metros da m\u00e1quina de embalagem de garrafas de cravo de alho<\/h2>\n<table>\n<tbody>\n<tr>\n<td width=\"177\">Modelo<\/td>\n<td width=\"139\">GG-A10-1.6<\/td>\n<td width=\"142\">GG-A10-2.5<\/td>\n<td width=\"139\">GG-A10-5.0<\/td>\n<\/tr>\n<tr>\n<td width=\"177\">Tens\u00e3o<\/td>\n<td width=\"139\">AC110\/220V<\/td>\n<td width=\"142\">AC110\/220V<\/td>\n<td width=\"139\">AC110\/220V<\/td>\n<\/tr>\n<tr>\n<td width=\"177\">Frequ\u00eancia de pot\u00eancia<\/td>\n<td width=\"139\">50\/60HZ<\/td>\n<td width=\"142\">50\/60HZ<\/td>\n<td width=\"139\">50\/60HZ<\/td>\n<\/tr>\n<tr>\n<td width=\"177\">Corrente nominal<\/td>\n<td width=\"139\">8A<\/td>\n<td width=\"142\">8A<\/td>\n<td width=\"139\">8A<\/td>\n<\/tr>\n<tr>\n<td width=\"177\">Pot\u00eancia<\/td>\n<td width=\"139\">1.5KW<\/td>\n<td width=\"142\">1.5KW<\/td>\n<td width=\"139\">1.5KW<\/td>\n<\/tr>\n<tr>\n<td width=\"177\">Cabe\u00e7as de pesagem<\/td>\n<td width=\"139\">10<\/td>\n<td width=\"142\">10<\/td>\n<td width=\"139\">10<\/td>\n<\/tr>\n<tr>\n<td width=\"177\">Gama de pesagem<\/td>\n<td width=\"139\">3-6500g<\/td>\n<td width=\"142\">3-6500g<\/td>\n<td width=\"139\">50-6500g<\/td>\n<\/tr>\n<tr>\n<td width=\"177\">Gama de pesagem \u00fanica<\/td>\n<td width=\"139\">10-1000g<\/td>\n<td width=\"142\">10-1000g<\/td>\n<td width=\"139\">10-1000g<\/td>\n<\/tr>\n<tr>\n<td width=\"177\">Volume de pesagem<\/td>\n<td width=\"139\">1600ml<\/td>\n<td width=\"142\">2500ml<\/td>\n<td width=\"139\">5000ml<\/td>\n<\/tr>\n<tr>\n<td width=\"177\">Velocidade m\u00e1xima de pesagem<\/td>\n<td width=\"139\">70p\/min<\/td>\n<td width=\"142\">70p\/min<\/td>\n<td width=\"139\">70p\/min<\/td>\n<\/tr>\n<tr>\n<td width=\"177\">N\u00famero predefinido<\/td>\n<td width=\"139\">100<\/td>\n<td width=\"142\">100<\/td>\n<td width=\"139\">100<\/td>\n<\/tr>\n<tr>\n<td width=\"177\">Comprimento da m\u00e1quina<\/td>\n<td width=\"139\">1050mm<\/td>\n<td width=\"142\">1050mm<\/td>\n<td width=\"139\">1050mm<\/td>\n<\/tr>\n<tr>\n<td width=\"177\">Largura da m\u00e1quina<\/td>\n<td width=\"139\">900 mm<\/td>\n<td width=\"142\">900 mm<\/td>\n<td width=\"139\">900 mm<\/td>\n<\/tr>\n<tr>\n<td width=\"177\">Altura da m\u00e1quina<\/td>\n<td width=\"139\">1330 mm<\/td>\n<td width=\"142\">1330 mm<\/td>\n<td width=\"139\">1330 mm<\/td>\n<\/tr>\n<tr>\n<td width=\"177\">Peso da m\u00e1quina<\/td>\n<td width=\"139\">330KG<\/td>\n<td width=\"142\">330KG<\/td>\n<td width=\"139\">330KG<\/td>\n<\/tr>\n<tr>\n<td width=\"177\">Monitor<\/td>\n<td width=\"139\">9,2polegadas<\/td>\n<td width=\"142\">9,2polegadas<\/td>\n<td width=\"139\">9,2polegadas<\/td>\n<\/tr>\n<tr>\n<td width=\"177\">Precis\u00e3o<\/td>\n<td width=\"139\">\u00b10.3-3g<\/td>\n<td width=\"142\">\u00b10.3-3g<\/td>\n<td width=\"139\">\u00b11-5g<\/td>\n<\/tr>\n<\/tbody>\n<\/table>\n<p>N\u00f3s somos fabricante de m\u00e1quina de embalagem de alho e podemos personalizar as m\u00e1quinas de acordo com suas necessidades. Para al\u00e9m disso, temos <a href=\"https:\/\/www.garlicline.com\/pt\/produto\/continuous-garlic-peeling-machine\/\">m\u00e1quina de descascar alho<\/a>, m\u00e1quinas de lavar alho e muito mais. Se estiver interessado, por favor deixe uma mensagem.<\/p>\n<hr \/>\n<h2 style=\"text-align: center;\">-Deixe uma mensagem para uma cita\u00e7\u00e3o-<\/h2>\n\n<div class=\"wpcf7 no-js\" id=\"wpcf7-f1191-o1\" lang=\"en-US\" dir=\"ltr\" data-wpcf7-id=\"1191\">\n<div class=\"screen-reader-response\"><p role=\"status\" aria-live=\"polite\" aria-atomic=\"true\"><\/p> <ul><\/ul><\/div>\n<form action=\"\/pt\/wp-json\/wp\/v2\/product\/1314#wpcf7-f1191-o1\" method=\"post\" class=\"wpcf7-form init\" aria-label=\"Formul\u00e1rio de contacto\" novalidate=\"novalidate\" data-status=\"init\" data-trp-original-action=\"\/pt\/wp-json\/wp\/v2\/product\/1314#wpcf7-f1191-o1\">\n<fieldset class=\"hidden-fields-container\"><input type=\"hidden\" name=\"_wpcf7\" value=\"1191\" \/><input type=\"hidden\" name=\"_wpcf7_version\" value=\"6.1.1\" \/><input type=\"hidden\" name=\"_wpcf7_locale\" value=\"en_US\" \/><input type=\"hidden\" name=\"_wpcf7_unit_tag\" value=\"wpcf7-f1191-o1\" \/><input type=\"hidden\" name=\"_wpcf7_container_post\" value=\"0\" \/><input type=\"hidden\" name=\"_wpcf7_posted_data_hash\" value=\"\" \/>\n<\/fieldset>\n<div class='proformleft'>\n\t<p><label> O seu nome<br \/>\n<span class=\"wpcf7-form-control-wrap\" data-name=\"your-name\"><input size=\"40\" maxlength=\"400\" class=\"wpcf7-form-control wpcf7-text\" aria-invalid=\"false\" value=\"\" type=\"text\" name=\"your-name\" \/><\/span> <\/label>\n\t<\/p>\n\t<p><label> *O seu e-mail<br \/>\n<span class=\"wpcf7-form-control-wrap\" data-name=\"your-email\"><input size=\"40\" maxlength=\"400\" class=\"wpcf7-form-control wpcf7-email wpcf7-validates-as-required wpcf7-text wpcf7-validates-as-email\" aria-required=\"true\" aria-invalid=\"false\" value=\"\" type=\"email\" name=\"your-email\" \/><\/span> <\/label>\n\t<\/p>\n\t<p><label> *O seu telefone<br \/>\n<span class=\"wpcf7-form-control-wrap\" data-name=\"tel-224\"><input size=\"40\" maxlength=\"400\" class=\"wpcf7-form-control wpcf7-tel wpcf7-validates-as-required wpcf7-text wpcf7-validates-as-tel\" aria-required=\"true\" aria-invalid=\"false\" value=\"\" type=\"tel\" name=\"tel-224\" \/><\/span> <\/label>\n\t<\/p>\n\t<p><label> O seu pa\u00eds<br \/>\n<span class=\"wpcf7-form-control-wrap\" data-name=\"your-country\"><input size=\"40\" maxlength=\"400\" class=\"wpcf7-form-control wpcf7-text\" aria-invalid=\"false\" value=\"\" type=\"text\" name=\"your-country\" \/><\/span> <\/label>\n\t<\/p>\n<\/div>\n<div class='proformright'>\n\t<p><label> *A sua mensagem<br \/>\n<span class=\"wpcf7-form-control-wrap\" data-name=\"your-message\"><textarea cols=\"40\" rows=\"10\" maxlength=\"2000\" class=\"wpcf7-form-control wpcf7-textarea wpcf7-validates-as-required\" aria-required=\"true\" aria-invalid=\"false\" name=\"your-message\"><\/textarea><\/span> <\/label>\n\t<\/p>\n\t<p><input class=\"wpcf7-form-control wpcf7-submit has-spinner\" type=\"submit\" value=\"Enviar\" \/>\n\t<\/p>\n<\/div>\n<div style='clear:both'>\n<\/div><p style=\"display: none !important;\" class=\"akismet-fields-container\" data-prefix=\"_wpcf7_ak_\"><label>&#916;<textarea name=\"_wpcf7_ak_hp_textarea\" cols=\"45\" rows=\"8\" maxlength=\"100\"><\/textarea><\/label><input type=\"hidden\" id=\"ak_js_1\" name=\"_wpcf7_ak_js\" value=\"172\"\/><script>document.getElementById( \"ak_js_1\" ).setAttribute( \"value\", ( new Date() ).getTime() );<\/script><\/p><div class=\"wpcf7-response-output\" aria-hidden=\"true\"><\/div>\n<input type=\"hidden\" name=\"trp-form-language\" value=\"pt\"\/><\/form>\n<\/div>\n\n<p>&nbsp;<\/p>\n<div style='text-align:left' class='yasr-auto-insert-visitor'><\/div>","protected":false},"excerpt":{"rendered":"<p>1. Elevado grau de intelig\u00eancia.<br \/>\n2. Os registos t\u00e9cnicos podem ser consultados a qualquer momento.<br \/>\n3. Pode embalar uma grande variedade de objectos.<br \/>\n4. Controlo por ecr\u00e3 t\u00e1til, mais f\u00e1cil de utilizar.<br \/>\n5. Defini\u00e7\u00f5es em v\u00e1rios idiomas, f\u00e1ceis de utilizar.<\/p>","protected":false},"featured_media":1316,"comment_status":"open","ping_status":"closed","template":"","meta":{"site-sidebar-layout":"default","site-content-layout":"default","ast-global-header-display":"","ast-main-header-display":"","ast-hfb-above-header-display":"","ast-hfb-below-header-display":"","ast-hfb-mobile-header-display":"","site-post-title":"","ast-breadcrumbs-content":"","ast-featured-img":"","footer-sml-layout":"","theme-transparent-header-meta":"default","adv-header-id-meta":"","stick-header-meta":"","header-above-stick-meta":"","header-main-stick-meta":"","header-below-stick-meta":"","yasr_overall_rating":0,"yasr_post_is_review":"","yasr_auto_insert_disabled":"","yasr_review_type":""},"product_brand":[],"product_cat":[33],"product_tag":[],"class_list":{"0":"post-1314","1":"product","2":"type-product","3":"status-publish","4":"has-post-thumbnail","6":"product_cat-products","8":"first","9":"instock","10":"shipping-taxable","11":"product-type-simple"},"yoast_head":"<!-- This site is optimized with the Yoast SEO plugin v25.7 - https:\/\/yoast.com\/wordpress\/plugins\/seo\/ -->\n<title>Multifunction Peeled Garlic Packaing Machine With Bottle<\/title>\n<meta name=\"description\" content=\"The peeled garlic packing machine adopts a ten-head scale packaging machine, which has the advantages of automatic counting and saving time and effort.\" \/>\n<meta name=\"robots\" content=\"index, follow, max-snippet:-1, max-image-preview:large, max-video-preview:-1\" \/>\n<link rel=\"canonical\" href=\"https:\/\/www.garlicline.com\/pt\/produto\/peeled-garlic-packaing-machine\/\" \/>\n<meta property=\"og:locale\" content=\"pt_PT\" \/>\n<meta property=\"og:type\" content=\"article\" \/>\n<meta property=\"og:title\" content=\"Multifunction Peeled Garlic Packaing Machine With Bottle\" \/>\n<meta property=\"og:description\" content=\"The peeled garlic packing machine adopts a ten-head scale packaging machine, which has the advantages of automatic counting and saving time and effort.\" \/>\n<meta property=\"og:url\" content=\"https:\/\/www.garlicline.com\/pt\/produto\/peeled-garlic-packaing-machine\/\" \/>\n<meta property=\"og:site_name\" content=\"garlicline\" \/>\n<meta property=\"article:modified_time\" content=\"2026-02-03T17:58:42+00:00\" \/>\n<meta property=\"og:image\" content=\"https:\/\/www.garlicline.com\/wp-content\/uploads\/2022\/06\/231zhutu-1.jpg\" \/>\n\t<meta property=\"og:image:width\" content=\"600\" \/>\n\t<meta property=\"og:image:height\" content=\"600\" \/>\n\t<meta property=\"og:image:type\" content=\"image\/jpeg\" \/>\n<meta name=\"twitter:card\" content=\"summary_large_image\" \/>\n<meta name=\"twitter:label1\" content=\"Tempo estimado de leitura\" \/>\n\t<meta name=\"twitter:data1\" content=\"3 minutos\" \/>\n<script type=\"application\/ld+json\" class=\"yoast-schema-graph\">{\"@context\":\"https:\/\/schema.org\",\"@graph\":[{\"@type\":\"WebPage\",\"@id\":\"https:\/\/www.garlicline.com\/product\/peeled-garlic-packaing-machine\/\",\"url\":\"https:\/\/www.garlicline.com\/product\/peeled-garlic-packaing-machine\/\",\"name\":\"Multifunction Peeled Garlic Packaing Machine With Bottle\",\"isPartOf\":{\"@id\":\"https:\/\/www.garlicline.com\/#website\"},\"primaryImageOfPage\":{\"@id\":\"https:\/\/www.garlicline.com\/product\/peeled-garlic-packaing-machine\/#primaryimage\"},\"image\":{\"@id\":\"https:\/\/www.garlicline.com\/product\/peeled-garlic-packaing-machine\/#primaryimage\"},\"thumbnailUrl\":\"https:\/\/www.garlicline.com\/wp-content\/uploads\/2022\/06\/231zhutu-1.jpg\",\"datePublished\":\"2022-06-28T09:11:42+00:00\",\"dateModified\":\"2026-02-03T17:58:42+00:00\",\"description\":\"The peeled garlic packing machine adopts a ten-head scale packaging machine, which has the advantages of automatic counting and saving time and effort.\",\"breadcrumb\":{\"@id\":\"https:\/\/www.garlicline.com\/product\/peeled-garlic-packaing-machine\/#breadcrumb\"},\"inLanguage\":\"pt-PT\",\"potentialAction\":[{\"@type\":\"ReadAction\",\"target\":[\"https:\/\/www.garlicline.com\/product\/peeled-garlic-packaing-machine\/\"]}]},{\"@type\":\"ImageObject\",\"inLanguage\":\"pt-PT\",\"@id\":\"https:\/\/www.garlicline.com\/product\/peeled-garlic-packaing-machine\/#primaryimage\",\"url\":\"https:\/\/www.garlicline.com\/wp-content\/uploads\/2022\/06\/231zhutu-1.jpg\",\"contentUrl\":\"https:\/\/www.garlicline.com\/wp-content\/uploads\/2022\/06\/231zhutu-1.jpg\",\"width\":600,\"height\":600,\"caption\":\"peeled garlic packaing machine\"},{\"@type\":\"BreadcrumbList\",\"@id\":\"https:\/\/www.garlicline.com\/product\/peeled-garlic-packaing-machine\/#breadcrumb\",\"itemListElement\":[{\"@type\":\"ListItem\",\"position\":1,\"name\":\"Home\",\"item\":\"https:\/\/www.garlicline.com\/\"},{\"@type\":\"ListItem\",\"position\":2,\"name\":\"Products\",\"item\":\"https:\/\/www.garlicline.com\/products\/\"},{\"@type\":\"ListItem\",\"position\":3,\"name\":\"Multifunction Peeled Garlic Packaing Machine With Bottle\"}]},{\"@type\":\"WebSite\",\"@id\":\"https:\/\/www.garlicline.com\/#website\",\"url\":\"https:\/\/www.garlicline.com\/\",\"name\":\"garlicline\",\"description\":\"garlic processing machine supplier\",\"publisher\":{\"@id\":\"https:\/\/www.garlicline.com\/#organization\"},\"potentialAction\":[{\"@type\":\"SearchAction\",\"target\":{\"@type\":\"EntryPoint\",\"urlTemplate\":\"https:\/\/www.garlicline.com\/?s={search_term_string}\"},\"query-input\":{\"@type\":\"PropertyValueSpecification\",\"valueRequired\":true,\"valueName\":\"search_term_string\"}}],\"inLanguage\":\"pt-PT\"},{\"@type\":\"Organization\",\"@id\":\"https:\/\/www.garlicline.com\/#organization\",\"name\":\"garlicline\",\"url\":\"https:\/\/www.garlicline.com\/\",\"logo\":{\"@type\":\"ImageObject\",\"inLanguage\":\"pt-PT\",\"@id\":\"https:\/\/www.garlicline.com\/#\/schema\/logo\/image\/\",\"url\":\"https:\/\/www.garlicline.com\/wp-content\/uploads\/2025\/05\/cropped-gelgoog-logo-1.png\",\"contentUrl\":\"https:\/\/www.garlicline.com\/wp-content\/uploads\/2025\/05\/cropped-gelgoog-logo-1.png\",\"width\":434,\"height\":267,\"caption\":\"garlicline\"},\"image\":{\"@id\":\"https:\/\/www.garlicline.com\/#\/schema\/logo\/image\/\"}},false]}<\/script>\n<!-- \/ Yoast SEO plugin. -->","yoast_head_json":{"title":"M\u00e1quina multifuncional para embalar alho descascado com garrafa","description":"A m\u00e1quina de embalagem de alho descascado adopta uma m\u00e1quina de embalagem com escala de dez cabe\u00e7as, que tem as vantagens da contagem autom\u00e1tica e da poupan\u00e7a de tempo e esfor\u00e7o.","robots":{"index":"index","follow":"follow","max-snippet":"max-snippet:-1","max-image-preview":"max-image-preview:large","max-video-preview":"max-video-preview:-1"},"canonical":"https:\/\/www.garlicline.com\/pt\/produto\/peeled-garlic-packaing-machine\/","og_locale":"pt_PT","og_type":"article","og_title":"Multifunction Peeled Garlic Packaing Machine With Bottle","og_description":"The peeled garlic packing machine adopts a ten-head scale packaging machine, which has the advantages of automatic counting and saving time and effort.","og_url":"https:\/\/www.garlicline.com\/pt\/produto\/peeled-garlic-packaing-machine\/","og_site_name":"garlicline","article_modified_time":"2026-02-03T17:58:42+00:00","og_image":[{"width":600,"height":600,"url":"https:\/\/www.garlicline.com\/wp-content\/uploads\/2022\/06\/231zhutu-1.jpg","type":"image\/jpeg"}],"twitter_card":"summary_large_image","twitter_misc":{"Tempo estimado de leitura":"3 minutos"},"schema":{"@context":"https:\/\/schema.org","@graph":[{"@type":"WebPage","@id":"https:\/\/www.garlicline.com\/product\/peeled-garlic-packaing-machine\/","url":"https:\/\/www.garlicline.com\/product\/peeled-garlic-packaing-machine\/","name":"M\u00e1quina multifuncional para embalar alho descascado com garrafa","isPartOf":{"@id":"https:\/\/www.garlicline.com\/#website"},"primaryImageOfPage":{"@id":"https:\/\/www.garlicline.com\/product\/peeled-garlic-packaing-machine\/#primaryimage"},"image":{"@id":"https:\/\/www.garlicline.com\/product\/peeled-garlic-packaing-machine\/#primaryimage"},"thumbnailUrl":"https:\/\/www.garlicline.com\/wp-content\/uploads\/2022\/06\/231zhutu-1.jpg","datePublished":"2022-06-28T09:11:42+00:00","dateModified":"2026-02-03T17:58:42+00:00","description":"A m\u00e1quina de embalagem de alho descascado adopta uma m\u00e1quina de embalagem com escala de dez cabe\u00e7as, que tem as vantagens da contagem autom\u00e1tica e da poupan\u00e7a de tempo e esfor\u00e7o.","breadcrumb":{"@id":"https:\/\/www.garlicline.com\/product\/peeled-garlic-packaing-machine\/#breadcrumb"},"inLanguage":"pt-PT","potentialAction":[{"@type":"ReadAction","target":["https:\/\/www.garlicline.com\/product\/peeled-garlic-packaing-machine\/"]}]},{"@type":"ImageObject","inLanguage":"pt-PT","@id":"https:\/\/www.garlicline.com\/product\/peeled-garlic-packaing-machine\/#primaryimage","url":"https:\/\/www.garlicline.com\/wp-content\/uploads\/2022\/06\/231zhutu-1.jpg","contentUrl":"https:\/\/www.garlicline.com\/wp-content\/uploads\/2022\/06\/231zhutu-1.jpg","width":600,"height":600,"caption":"peeled garlic packaing machine"},{"@type":"BreadcrumbList","@id":"https:\/\/www.garlicline.com\/product\/peeled-garlic-packaing-machine\/#breadcrumb","itemListElement":[{"@type":"ListItem","position":1,"name":"Home","item":"https:\/\/www.garlicline.com\/"},{"@type":"ListItem","position":2,"name":"Products","item":"https:\/\/www.garlicline.com\/products\/"},{"@type":"ListItem","position":3,"name":"Multifunction Peeled Garlic Packaing Machine With Bottle"}]},{"@type":"WebSite","@id":"https:\/\/www.garlicline.com\/#website","url":"https:\/\/www.garlicline.com\/","name":"linha de alho","description":"fornecedor de m\u00e1quinas de transforma\u00e7\u00e3o de alho","publisher":{"@id":"https:\/\/www.garlicline.com\/#organization"},"potentialAction":[{"@type":"SearchAction","target":{"@type":"EntryPoint","urlTemplate":"https:\/\/www.garlicline.com\/?s={search_term_string}"},"query-input":{"@type":"PropertyValueSpecification","valueRequired":true,"valueName":"search_term_string"}}],"inLanguage":"pt-PT"},{"@type":"Organization","@id":"https:\/\/www.garlicline.com\/#organization","name":"linha de alho","url":"https:\/\/www.garlicline.com\/","logo":{"@type":"ImageObject","inLanguage":"pt-PT","@id":"https:\/\/www.garlicline.com\/#\/schema\/logo\/image\/","url":"https:\/\/www.garlicline.com\/wp-content\/uploads\/2025\/05\/cropped-gelgoog-logo-1.png","contentUrl":"https:\/\/www.garlicline.com\/wp-content\/uploads\/2025\/05\/cropped-gelgoog-logo-1.png","width":434,"height":267,"caption":"garlicline"},"image":{"@id":"https:\/\/www.garlicline.com\/#\/schema\/logo\/image\/"}},false]}},"yasr_visitor_votes":{"stars_attributes":{"read_only":false,"span_bottom":false},"number_of_votes":1,"sum_votes":5},"_links":{"self":[{"href":"https:\/\/www.garlicline.com\/pt\/wp-json\/wp\/v2\/product\/1314","targetHints":{"allow":["GET"]}}],"collection":[{"href":"https:\/\/www.garlicline.com\/pt\/wp-json\/wp\/v2\/product"}],"about":[{"href":"https:\/\/www.garlicline.com\/pt\/wp-json\/wp\/v2\/types\/product"}],"replies":[{"embeddable":true,"href":"https:\/\/www.garlicline.com\/pt\/wp-json\/wp\/v2\/comments?post=1314"}],"version-history":[{"count":0,"href":"https:\/\/www.garlicline.com\/pt\/wp-json\/wp\/v2\/product\/1314\/revisions"}],"wp:featuredmedia":[{"embeddable":true,"href":"https:\/\/www.garlicline.com\/pt\/wp-json\/wp\/v2\/media\/1316"}],"wp:attachment":[{"href":"https:\/\/www.garlicline.com\/pt\/wp-json\/wp\/v2\/media?parent=1314"}],"wp:term":[{"taxonomy":"product_brand","embeddable":true,"href":"https:\/\/www.garlicline.com\/pt\/wp-json\/wp\/v2\/product_brand?post=1314"},{"taxonomy":"product_cat","embeddable":true,"href":"https:\/\/www.garlicline.com\/pt\/wp-json\/wp\/v2\/product_cat?post=1314"},{"taxonomy":"product_tag","embeddable":true,"href":"https:\/\/www.garlicline.com\/pt\/wp-json\/wp\/v2\/product_tag?post=1314"}],"curies":[{"name":"wp","href":"https:\/\/api.w.org\/{rel}","templated":true}]}}