{"id":1319,"date":"2022-06-28T09:36:39","date_gmt":"2022-06-28T09:36:39","guid":{"rendered":"https:\/\/www.garlicline.com\/?post_type=product&#038;p=1319"},"modified":"2022-10-22T03:54:16","modified_gmt":"2022-10-22T03:54:16","slug":"garlic-vacuum-packing-machine","status":"publish","type":"product","link":"https:\/\/www.garlicline.com\/pt\/produto\/garlic-vacuum-packing-machine\/","title":{"rendered":"M\u00e1quina de embalagem a v\u00e1cuo de alho para cravo de alho descascado"},"content":{"rendered":"<h2>Introdu\u00e7\u00e3o da m\u00e1quina de embalagem a v\u00e1cuo para alho<\/h2>\n<p>A m\u00e1quina de embalagem de alho a v\u00e1cuo pode extrair o ar na embalagem de alho, o que pode prolongar o per\u00edodo de conserva\u00e7\u00e3o do alho fresco. A embalagem de c\u00e2mara dupla adoptada por esta m\u00e1quina de embalagem a v\u00e1cuo para alho pode melhorar a efici\u00eancia da produ\u00e7\u00e3o de embalagens de alho e realizar a produ\u00e7\u00e3o cont\u00ednua. Esta m\u00e1quina de embalagem de alho a v\u00e1cuo \u00e9 adequada para embalar uma variedade de itens, incluindo frutas frescas, p\u00f3s, gr\u00e3os, carne, produtos electr\u00f3nicos, etc.<\/p>\n<h2>Carater\u00edsticas M\u00e1quina de embalagem a v\u00e1cuo para alho<\/h2>\n<p>1. A bancada de trabalho mec\u00e2nica \u00e9 feita de a\u00e7o inoxid\u00e1vel, o que pode evitar que o \u00f3leo de alho corroa a maquinaria, e \u00e9 tamb\u00e9m resistente a itens \u00e1cidos e alcalinos.<br \/>\n2. O est\u00fadio superior tamb\u00e9m \u00e9 feito de a\u00e7o inoxid\u00e1vel, que tem uma longa vida \u00fatil e alta qualidade.<br \/>\n3. Esta m\u00e1quina \u00e9 um est\u00fadio duplo, que pode proporcionar a efici\u00eancia da embalagem de alho.<br \/>\n4Pode ser utilizada em combina\u00e7\u00e3o com uma m\u00e1quina de dividir alho e uma m\u00e1quina de descascar alho para formar um <a href=\"https:\/\/www.garlicline.com\/pt\/garlic-peeling-production-line\/\"><strong>linha de produ\u00e7\u00e3o de alho descascado<\/strong><\/a>.<\/p>\n<h2>Vantagens da M\u00e1quina de Embalagem a V\u00e1cuo de Dente de Alho<\/h2>\n<ol>\n<li>Utilizando um sistema de controlo por microcomputador, a defini\u00e7\u00e3o dos par\u00e2metros de embalagem \u00e9 mais precisa e a opera\u00e7\u00e3o \u00e9 mais simples.<\/li>\n<li>Equipado com uma bomba de ar de alta pot\u00eancia, que pode melhorar a efici\u00eancia do trabalho.<\/li>\n<li>O material mec\u00e2nico adopta uma conce\u00e7\u00e3o de placa de v\u00e1cuo para facilitar a limpeza e a utiliza\u00e7\u00e3o posteriores.<\/li>\n<li>A m\u00e1quina de embalagem a v\u00e1cuo para alho est\u00e1 equipada com uma boa roda m\u00f3vel, que tem uma melhor capacidade de suporte e uma posi\u00e7\u00e3o de movimento mais f\u00e1cil.<\/li>\n<li>Com arrefecimento autom\u00e1tico e fun\u00e7\u00e3o de exaust\u00e3o.<\/li>\n<li>A tampa flutuante de conce\u00e7\u00e3o \u00fanica pode ser empurrada com apenas um dedo para abrir a tampa mec\u00e2nica.<\/li>\n<\/ol>\n<p><img fetchpriority=\"high\" decoding=\"async\" class=\"alignnone size-full wp-image-1320\" src=\"https:\/\/www.garlicline.com\/wp-content\/uploads\/2022\/06\/32k-2.jpg\" alt=\"m\u00e1quina de embalagem a v\u00e1cuo de dentes de alho descascados\" width=\"800\" height=\"500\" srcset=\"https:\/\/www.garlicline.com\/wp-content\/uploads\/2022\/06\/32k-2.jpg 800w, https:\/\/www.garlicline.com\/wp-content\/uploads\/2022\/06\/32k-2-300x188.jpg 300w, https:\/\/www.garlicline.com\/wp-content\/uploads\/2022\/06\/32k-2-768x480.jpg 768w, https:\/\/www.garlicline.com\/wp-content\/uploads\/2022\/06\/32k-2-600x375.jpg 600w\" sizes=\"(max-width: 800px) 100vw, 800px\" \/><\/p>\n<h2>Como prolongar o prazo de validade do alho descascado?<\/h2>\n<p>Para prolongar o prazo de validade do alho descascado, utilize a m\u00e1quina de embalar dentes de alho descascados a v\u00e1cuo, que pode extrair o oxig\u00e9nio do saco de embalagem e das c\u00e9lulas alimentares, para que os microrganismos percam o ambiente de vida, de modo a evitar que o alho oxide e se torne bolorento e se deteriore, prolongando o prazo de validade do alho.<\/p>\n<h2>Par\u00e2metros da m\u00e1quina de embalagem a v\u00e1cuo para alho<\/h2>\n<table>\n<tbody>\n<tr>\n<td width=\"284\">Modelo<\/td>\n<td width=\"284\">GG-DZ600-2<\/td>\n<\/tr>\n<tr>\n<td width=\"284\">Pot\u00eancia<\/td>\n<td width=\"284\">380v\/220v\/50HZ\/2,2KW<\/td>\n<\/tr>\n<tr>\n<td width=\"284\">Tamanho da sala de aspira\u00e7\u00e3o<\/td>\n<td width=\"284\">720*600*140mm<\/td>\n<\/tr>\n<tr>\n<td width=\"284\">Comprimento de veda\u00e7\u00e3o<\/td>\n<td width=\"284\">600*600mm<\/td>\n<\/tr>\n<tr>\n<td width=\"284\">Dimens\u00e3o<\/td>\n<td width=\"284\">1225*680*900mm<\/td>\n<\/tr>\n<tr>\n<td width=\"284\">Press\u00e3o de v\u00e1cuo<\/td>\n<td width=\"284\">Menos de 1KPA<\/td>\n<\/tr>\n<tr>\n<td width=\"284\">Capacidade de embalagem<\/td>\n<td width=\"284\">90-360 pe\u00e7as\/min<\/td>\n<\/tr>\n<tr>\n<td width=\"284\">Peso<\/td>\n<td width=\"284\">230 kg<\/td>\n<\/tr>\n<\/tbody>\n<\/table>\n<p>Esta m\u00e1quina tem uma vasta gama de utiliza\u00e7\u00f5es e alta qualidade. Se quiser saber mais sobre esta m\u00e1quina, pode deixar uma mensagem e n\u00f3s fornecer-lhe-emos um or\u00e7amento gratuito.<\/p>\n<hr \/>\n<h2 style=\"text-align: center;\">-Deixe uma mensagem para uma cita\u00e7\u00e3o-<\/h2>\n\n<div class=\"wpcf7 no-js\" id=\"wpcf7-f1191-o1\" lang=\"en-US\" dir=\"ltr\" data-wpcf7-id=\"1191\">\n<div class=\"screen-reader-response\"><p role=\"status\" aria-live=\"polite\" aria-atomic=\"true\"><\/p> <ul><\/ul><\/div>\n<form action=\"\/pt\/wp-json\/wp\/v2\/product\/1319#wpcf7-f1191-o1\" method=\"post\" class=\"wpcf7-form init\" aria-label=\"Formul\u00e1rio de contacto\" novalidate=\"novalidate\" data-status=\"init\" data-trp-original-action=\"\/pt\/wp-json\/wp\/v2\/product\/1319#wpcf7-f1191-o1\">\n<fieldset class=\"hidden-fields-container\"><input type=\"hidden\" name=\"_wpcf7\" value=\"1191\" \/><input type=\"hidden\" name=\"_wpcf7_version\" value=\"6.1.1\" \/><input type=\"hidden\" name=\"_wpcf7_locale\" value=\"en_US\" \/><input type=\"hidden\" name=\"_wpcf7_unit_tag\" value=\"wpcf7-f1191-o1\" \/><input type=\"hidden\" name=\"_wpcf7_container_post\" value=\"0\" \/><input type=\"hidden\" name=\"_wpcf7_posted_data_hash\" value=\"\" \/>\n<\/fieldset>\n<div class='proformleft'>\n\t<p><label> O seu nome<br \/>\n<span class=\"wpcf7-form-control-wrap\" data-name=\"your-name\"><input size=\"40\" maxlength=\"400\" class=\"wpcf7-form-control wpcf7-text\" aria-invalid=\"false\" value=\"\" type=\"text\" name=\"your-name\" \/><\/span> <\/label>\n\t<\/p>\n\t<p><label> *O seu e-mail<br \/>\n<span class=\"wpcf7-form-control-wrap\" data-name=\"your-email\"><input size=\"40\" maxlength=\"400\" class=\"wpcf7-form-control wpcf7-email wpcf7-validates-as-required wpcf7-text wpcf7-validates-as-email\" aria-required=\"true\" aria-invalid=\"false\" value=\"\" type=\"email\" name=\"your-email\" \/><\/span> <\/label>\n\t<\/p>\n\t<p><label> *O seu telefone<br \/>\n<span class=\"wpcf7-form-control-wrap\" data-name=\"tel-224\"><input size=\"40\" maxlength=\"400\" class=\"wpcf7-form-control wpcf7-tel wpcf7-validates-as-required wpcf7-text wpcf7-validates-as-tel\" aria-required=\"true\" aria-invalid=\"false\" value=\"\" type=\"tel\" name=\"tel-224\" \/><\/span> <\/label>\n\t<\/p>\n\t<p><label> O seu pa\u00eds<br \/>\n<span class=\"wpcf7-form-control-wrap\" data-name=\"your-country\"><input size=\"40\" maxlength=\"400\" class=\"wpcf7-form-control wpcf7-text\" aria-invalid=\"false\" value=\"\" type=\"text\" name=\"your-country\" \/><\/span> <\/label>\n\t<\/p>\n<\/div>\n<div class='proformright'>\n\t<p><label> *A sua mensagem<br \/>\n<span class=\"wpcf7-form-control-wrap\" data-name=\"your-message\"><textarea cols=\"40\" rows=\"10\" maxlength=\"2000\" class=\"wpcf7-form-control wpcf7-textarea wpcf7-validates-as-required\" aria-required=\"true\" aria-invalid=\"false\" name=\"your-message\"><\/textarea><\/span> <\/label>\n\t<\/p>\n\t<p><input class=\"wpcf7-form-control wpcf7-submit has-spinner\" type=\"submit\" value=\"Enviar\" \/>\n\t<\/p>\n<\/div>\n<div style='clear:both'>\n<\/div><p style=\"display: none !important;\" class=\"akismet-fields-container\" data-prefix=\"_wpcf7_ak_\"><label>&#916;<textarea name=\"_wpcf7_ak_hp_textarea\" cols=\"45\" rows=\"8\" maxlength=\"100\"><\/textarea><\/label><input type=\"hidden\" id=\"ak_js_1\" name=\"_wpcf7_ak_js\" value=\"76\"\/><script>document.getElementById( \"ak_js_1\" ).setAttribute( \"value\", ( new Date() ).getTime() );<\/script><\/p><div class=\"wpcf7-response-output\" aria-hidden=\"true\"><\/div>\n<input type=\"hidden\" name=\"trp-form-language\" value=\"pt\"\/><\/form>\n<\/div>\n\n<div style='text-align:left' class='yasr-auto-insert-visitor'><\/div>","protected":false},"excerpt":{"rendered":"<table>\n<tbody>\n<tr>\n<td width=\"284\">Modelo<\/td>\n<td width=\"284\">GG-DZ600-2<\/td>\n<\/tr>\n<tr>\n<td width=\"284\">Pot\u00eancia<\/td>\n<td width=\"284\">380v\/220v\/50HZ\/2,2KW<\/td>\n<\/tr>\n<tr>\n<td width=\"284\">Tamanho da sala de aspira\u00e7\u00e3o<\/td>\n<td width=\"284\">720*600*140mm<\/td>\n<\/tr>\n<tr>\n<td width=\"284\">Comprimento de veda\u00e7\u00e3o<\/td>\n<td width=\"284\">600*600mm<\/td>\n<\/tr>\n<tr>\n<td width=\"284\">Dimens\u00e3o<\/td>\n<td width=\"284\">1225*680*900mm<\/td>\n<\/tr>\n<tr>\n<td width=\"284\">Press\u00e3o de v\u00e1cuo<\/td>\n<td width=\"284\">Menos de 1KPA<\/td>\n<\/tr>\n<tr>\n<td width=\"284\">Capacidade de embalagem<\/td>\n<td width=\"284\">90-360 pe\u00e7as\/min<\/td>\n<\/tr>\n<tr>\n<td width=\"284\">Peso<\/td>\n<td width=\"284\">230 kg<\/td>\n<\/tr>\n<\/tbody>\n<\/table>","protected":false},"featured_media":1321,"comment_status":"open","ping_status":"closed","template":"","meta":{"site-sidebar-layout":"default","site-content-layout":"default","ast-global-header-display":"","ast-main-header-display":"","ast-hfb-above-header-display":"","ast-hfb-below-header-display":"","ast-hfb-mobile-header-display":"","site-post-title":"","ast-breadcrumbs-content":"","ast-featured-img":"","footer-sml-layout":"","theme-transparent-header-meta":"default","adv-header-id-meta":"","stick-header-meta":"","header-above-stick-meta":"","header-main-stick-meta":"","header-below-stick-meta":"","yasr_overall_rating":0,"yasr_post_is_review":"","yasr_auto_insert_disabled":"","yasr_review_type":""},"product_brand":[],"product_cat":[33],"product_tag":[],"class_list":{"0":"post-1319","1":"product","2":"type-product","3":"status-publish","4":"has-post-thumbnail","6":"product_cat-products","8":"first","9":"instock","10":"shipping-taxable","11":"product-type-simple"},"yoast_head":"<!-- This site is optimized with the Yoast SEO plugin v25.7 - https:\/\/yoast.com\/wordpress\/plugins\/seo\/ -->\n<title>Garlic Vacuum Packing Machine For Peeled Garlic Clove - garlicline<\/title>\n<meta name=\"description\" content=\"The vacuum peeled garlic clove packing machine can extract the air in the garlic packaging, which can prevent the garlic from oxidizing and prolong the fresh-keeping period of the garlic.\" \/>\n<meta name=\"robots\" content=\"index, follow, max-snippet:-1, max-image-preview:large, max-video-preview:-1\" \/>\n<link rel=\"canonical\" href=\"https:\/\/www.garlicline.com\/pt\/produto\/garlic-vacuum-packing-machine\/\" \/>\n<meta property=\"og:locale\" content=\"pt_PT\" \/>\n<meta property=\"og:type\" content=\"article\" \/>\n<meta property=\"og:title\" content=\"Garlic Vacuum Packing Machine For Peeled Garlic Clove - garlicline\" \/>\n<meta property=\"og:description\" content=\"The vacuum peeled garlic clove packing machine can extract the air in the garlic packaging, which can prevent the garlic from oxidizing and prolong the fresh-keeping period of the garlic.\" \/>\n<meta property=\"og:url\" content=\"https:\/\/www.garlicline.com\/pt\/produto\/garlic-vacuum-packing-machine\/\" \/>\n<meta property=\"og:site_name\" content=\"garlicline\" \/>\n<meta property=\"article:modified_time\" content=\"2022-10-22T03:54:16+00:00\" \/>\n<meta property=\"og:image\" content=\"https:\/\/www.garlicline.com\/wp-content\/uploads\/2022\/06\/76zhutu-1.jpg\" \/>\n\t<meta property=\"og:image:width\" content=\"600\" \/>\n\t<meta property=\"og:image:height\" content=\"600\" \/>\n\t<meta property=\"og:image:type\" content=\"image\/jpeg\" \/>\n<meta name=\"twitter:card\" content=\"summary_large_image\" \/>\n<meta name=\"twitter:label1\" content=\"Tempo estimado de leitura\" \/>\n\t<meta name=\"twitter:data1\" content=\"2 minutos\" \/>\n<script type=\"application\/ld+json\" class=\"yoast-schema-graph\">{\"@context\":\"https:\/\/schema.org\",\"@graph\":[{\"@type\":\"WebPage\",\"@id\":\"https:\/\/www.garlicline.com\/product\/garlic-vacuum-packing-machine\/\",\"url\":\"https:\/\/www.garlicline.com\/product\/garlic-vacuum-packing-machine\/\",\"name\":\"Garlic Vacuum Packing Machine For Peeled Garlic Clove - garlicline\",\"isPartOf\":{\"@id\":\"https:\/\/www.garlicline.com\/#website\"},\"primaryImageOfPage\":{\"@id\":\"https:\/\/www.garlicline.com\/product\/garlic-vacuum-packing-machine\/#primaryimage\"},\"image\":{\"@id\":\"https:\/\/www.garlicline.com\/product\/garlic-vacuum-packing-machine\/#primaryimage\"},\"thumbnailUrl\":\"https:\/\/www.garlicline.com\/wp-content\/uploads\/2022\/06\/76zhutu-1.jpg\",\"datePublished\":\"2022-06-28T09:36:39+00:00\",\"dateModified\":\"2022-10-22T03:54:16+00:00\",\"description\":\"The vacuum peeled garlic clove packing machine can extract the air in the garlic packaging, which can prevent the garlic from oxidizing and prolong the fresh-keeping period of the garlic.\",\"breadcrumb\":{\"@id\":\"https:\/\/www.garlicline.com\/product\/garlic-vacuum-packing-machine\/#breadcrumb\"},\"inLanguage\":\"pt-PT\",\"potentialAction\":[{\"@type\":\"ReadAction\",\"target\":[\"https:\/\/www.garlicline.com\/product\/garlic-vacuum-packing-machine\/\"]}]},{\"@type\":\"ImageObject\",\"inLanguage\":\"pt-PT\",\"@id\":\"https:\/\/www.garlicline.com\/product\/garlic-vacuum-packing-machine\/#primaryimage\",\"url\":\"https:\/\/www.garlicline.com\/wp-content\/uploads\/2022\/06\/76zhutu-1.jpg\",\"contentUrl\":\"https:\/\/www.garlicline.com\/wp-content\/uploads\/2022\/06\/76zhutu-1.jpg\",\"width\":600,\"height\":600,\"caption\":\"vacuum peeled garlic clove packing machine\"},{\"@type\":\"BreadcrumbList\",\"@id\":\"https:\/\/www.garlicline.com\/product\/garlic-vacuum-packing-machine\/#breadcrumb\",\"itemListElement\":[{\"@type\":\"ListItem\",\"position\":1,\"name\":\"Home\",\"item\":\"https:\/\/www.garlicline.com\/\"},{\"@type\":\"ListItem\",\"position\":2,\"name\":\"Products\",\"item\":\"https:\/\/www.garlicline.com\/products\/\"},{\"@type\":\"ListItem\",\"position\":3,\"name\":\"Garlic Vacuum Packing Machine For Peeled Garlic Clove\"}]},{\"@type\":\"WebSite\",\"@id\":\"https:\/\/www.garlicline.com\/#website\",\"url\":\"https:\/\/www.garlicline.com\/\",\"name\":\"garlicline\",\"description\":\"garlic processing machine supplier\",\"publisher\":{\"@id\":\"https:\/\/www.garlicline.com\/#organization\"},\"potentialAction\":[{\"@type\":\"SearchAction\",\"target\":{\"@type\":\"EntryPoint\",\"urlTemplate\":\"https:\/\/www.garlicline.com\/?s={search_term_string}\"},\"query-input\":{\"@type\":\"PropertyValueSpecification\",\"valueRequired\":true,\"valueName\":\"search_term_string\"}}],\"inLanguage\":\"pt-PT\"},{\"@type\":\"Organization\",\"@id\":\"https:\/\/www.garlicline.com\/#organization\",\"name\":\"garlicline\",\"url\":\"https:\/\/www.garlicline.com\/\",\"logo\":{\"@type\":\"ImageObject\",\"inLanguage\":\"pt-PT\",\"@id\":\"https:\/\/www.garlicline.com\/#\/schema\/logo\/image\/\",\"url\":\"https:\/\/www.garlicline.com\/wp-content\/uploads\/2025\/05\/cropped-gelgoog-logo-1.png\",\"contentUrl\":\"https:\/\/www.garlicline.com\/wp-content\/uploads\/2025\/05\/cropped-gelgoog-logo-1.png\",\"width\":434,\"height\":267,\"caption\":\"garlicline\"},\"image\":{\"@id\":\"https:\/\/www.garlicline.com\/#\/schema\/logo\/image\/\"}},false]}<\/script>\n<!-- \/ Yoast SEO plugin. -->","yoast_head_json":{"title":"M\u00e1quina de embalagem a v\u00e1cuo para alho descascado - garlicline","description":"A m\u00e1quina de embalagem de dente de alho descascado a v\u00e1cuo pode extrair o ar na embalagem de alho, o que pode impedir a oxida\u00e7\u00e3o do alho e prolongar o per\u00edodo de conserva\u00e7\u00e3o do alho fresco.","robots":{"index":"index","follow":"follow","max-snippet":"max-snippet:-1","max-image-preview":"max-image-preview:large","max-video-preview":"max-video-preview:-1"},"canonical":"https:\/\/www.garlicline.com\/pt\/produto\/garlic-vacuum-packing-machine\/","og_locale":"pt_PT","og_type":"article","og_title":"Garlic Vacuum Packing Machine For Peeled Garlic Clove - garlicline","og_description":"The vacuum peeled garlic clove packing machine can extract the air in the garlic packaging, which can prevent the garlic from oxidizing and prolong the fresh-keeping period of the garlic.","og_url":"https:\/\/www.garlicline.com\/pt\/produto\/garlic-vacuum-packing-machine\/","og_site_name":"garlicline","article_modified_time":"2022-10-22T03:54:16+00:00","og_image":[{"width":600,"height":600,"url":"https:\/\/www.garlicline.com\/wp-content\/uploads\/2022\/06\/76zhutu-1.jpg","type":"image\/jpeg"}],"twitter_card":"summary_large_image","twitter_misc":{"Tempo estimado de leitura":"2 minutos"},"schema":{"@context":"https:\/\/schema.org","@graph":[{"@type":"WebPage","@id":"https:\/\/www.garlicline.com\/product\/garlic-vacuum-packing-machine\/","url":"https:\/\/www.garlicline.com\/product\/garlic-vacuum-packing-machine\/","name":"M\u00e1quina de embalagem a v\u00e1cuo para alho descascado - garlicline","isPartOf":{"@id":"https:\/\/www.garlicline.com\/#website"},"primaryImageOfPage":{"@id":"https:\/\/www.garlicline.com\/product\/garlic-vacuum-packing-machine\/#primaryimage"},"image":{"@id":"https:\/\/www.garlicline.com\/product\/garlic-vacuum-packing-machine\/#primaryimage"},"thumbnailUrl":"https:\/\/www.garlicline.com\/wp-content\/uploads\/2022\/06\/76zhutu-1.jpg","datePublished":"2022-06-28T09:36:39+00:00","dateModified":"2022-10-22T03:54:16+00:00","description":"A m\u00e1quina de embalagem de dente de alho descascado a v\u00e1cuo pode extrair o ar na embalagem de alho, o que pode impedir a oxida\u00e7\u00e3o do alho e prolongar o per\u00edodo de conserva\u00e7\u00e3o do alho fresco.","breadcrumb":{"@id":"https:\/\/www.garlicline.com\/product\/garlic-vacuum-packing-machine\/#breadcrumb"},"inLanguage":"pt-PT","potentialAction":[{"@type":"ReadAction","target":["https:\/\/www.garlicline.com\/product\/garlic-vacuum-packing-machine\/"]}]},{"@type":"ImageObject","inLanguage":"pt-PT","@id":"https:\/\/www.garlicline.com\/product\/garlic-vacuum-packing-machine\/#primaryimage","url":"https:\/\/www.garlicline.com\/wp-content\/uploads\/2022\/06\/76zhutu-1.jpg","contentUrl":"https:\/\/www.garlicline.com\/wp-content\/uploads\/2022\/06\/76zhutu-1.jpg","width":600,"height":600,"caption":"vacuum peeled garlic clove packing machine"},{"@type":"BreadcrumbList","@id":"https:\/\/www.garlicline.com\/product\/garlic-vacuum-packing-machine\/#breadcrumb","itemListElement":[{"@type":"ListItem","position":1,"name":"Home","item":"https:\/\/www.garlicline.com\/"},{"@type":"ListItem","position":2,"name":"Products","item":"https:\/\/www.garlicline.com\/products\/"},{"@type":"ListItem","position":3,"name":"Garlic Vacuum Packing Machine For Peeled Garlic Clove"}]},{"@type":"WebSite","@id":"https:\/\/www.garlicline.com\/#website","url":"https:\/\/www.garlicline.com\/","name":"linha de alho","description":"fornecedor de m\u00e1quinas de transforma\u00e7\u00e3o de alho","publisher":{"@id":"https:\/\/www.garlicline.com\/#organization"},"potentialAction":[{"@type":"SearchAction","target":{"@type":"EntryPoint","urlTemplate":"https:\/\/www.garlicline.com\/?s={search_term_string}"},"query-input":{"@type":"PropertyValueSpecification","valueRequired":true,"valueName":"search_term_string"}}],"inLanguage":"pt-PT"},{"@type":"Organization","@id":"https:\/\/www.garlicline.com\/#organization","name":"linha de alho","url":"https:\/\/www.garlicline.com\/","logo":{"@type":"ImageObject","inLanguage":"pt-PT","@id":"https:\/\/www.garlicline.com\/#\/schema\/logo\/image\/","url":"https:\/\/www.garlicline.com\/wp-content\/uploads\/2025\/05\/cropped-gelgoog-logo-1.png","contentUrl":"https:\/\/www.garlicline.com\/wp-content\/uploads\/2025\/05\/cropped-gelgoog-logo-1.png","width":434,"height":267,"caption":"garlicline"},"image":{"@id":"https:\/\/www.garlicline.com\/#\/schema\/logo\/image\/"}},false]}},"yasr_visitor_votes":{"stars_attributes":{"read_only":false,"span_bottom":false},"number_of_votes":1,"sum_votes":5},"_links":{"self":[{"href":"https:\/\/www.garlicline.com\/pt\/wp-json\/wp\/v2\/product\/1319","targetHints":{"allow":["GET"]}}],"collection":[{"href":"https:\/\/www.garlicline.com\/pt\/wp-json\/wp\/v2\/product"}],"about":[{"href":"https:\/\/www.garlicline.com\/pt\/wp-json\/wp\/v2\/types\/product"}],"replies":[{"embeddable":true,"href":"https:\/\/www.garlicline.com\/pt\/wp-json\/wp\/v2\/comments?post=1319"}],"version-history":[{"count":0,"href":"https:\/\/www.garlicline.com\/pt\/wp-json\/wp\/v2\/product\/1319\/revisions"}],"wp:featuredmedia":[{"embeddable":true,"href":"https:\/\/www.garlicline.com\/pt\/wp-json\/wp\/v2\/media\/1321"}],"wp:attachment":[{"href":"https:\/\/www.garlicline.com\/pt\/wp-json\/wp\/v2\/media?parent=1319"}],"wp:term":[{"taxonomy":"product_brand","embeddable":true,"href":"https:\/\/www.garlicline.com\/pt\/wp-json\/wp\/v2\/product_brand?post=1319"},{"taxonomy":"product_cat","embeddable":true,"href":"https:\/\/www.garlicline.com\/pt\/wp-json\/wp\/v2\/product_cat?post=1319"},{"taxonomy":"product_tag","embeddable":true,"href":"https:\/\/www.garlicline.com\/pt\/wp-json\/wp\/v2\/product_tag?post=1319"}],"curies":[{"name":"wp","href":"https:\/\/api.w.org\/{rel}","templated":true}]}}