{"id":1323,"date":"2022-06-28T09:57:07","date_gmt":"2022-06-28T09:57:07","guid":{"rendered":"https:\/\/www.garlicline.com\/?post_type=product&#038;p=1323"},"modified":"2022-10-26T03:30:07","modified_gmt":"2022-10-26T03:30:07","slug":"garlic-chips-frying-machine","status":"publish","type":"product","link":"https:\/\/www.garlicline.com\/pt\/produto\/garlic-chips-frying-machine\/","title":{"rendered":"M\u00e1quina de Fritar Batatas Fritas de Alho Cont\u00ednua M\u00faltiplos M\u00e9todos de Aquecimento"},"content":{"rendered":"<h2>Introdu\u00e7\u00e3o da m\u00e1quina de fritar batatas fritas de alho<\/h2>\n<p>A m\u00e1quina de fritar alho adopta uma m\u00e1quina de fritar cont\u00ednua, que pode realizar o trabalho cont\u00ednuo de processamento de alho, melhorar a efici\u00eancia da produ\u00e7\u00e3o de processamento de alho, e o alho frito \u00e9 amarelo dourado e n\u00e3o tem cheiro peculiar. A m\u00e1quina de fritar alho \u00e9 feita de a\u00e7o inoxid\u00e1vel, que pode ajustar a velocidade do cinto de malha da fritadeira, bem como o tempo de fritura e a temperatura do alho. A m\u00e1quina de fritar alho \u00e9 uma m\u00e1quina pr\u00e1tica, multifuncional e inteligente.<\/p>\n<h2>Vantagens da m\u00e1quina de fritar alho<\/h2>\n<ol>\n<li>A m\u00e1quina de fazer chips de alho tem uma variedade de m\u00e9todos de aquecimento \u00e0 escolha, incluindo aquecimento el\u00e9trico, aquecimento a g\u00e1s e aquecimento a g\u00e1s.<\/li>\n<li>O material \u00e9 feito de a\u00e7o inoxid\u00e1vel, que n\u00e3o s\u00f3 tem bom aspeto como tamb\u00e9m \u00e9 muito dur\u00e1vel.<\/li>\n<li>O material \u00e9 duro e firme, e a m\u00e1quina de fritar batatas fritas de alho n\u00e3o se deforma sob aquecimento a alta temperatura.<\/li>\n<li>A temperatura e o tempo de fritura podem ser controlados, e o produto final frito tem um bom efeito.<\/li>\n<li>Pode suportar a personaliza\u00e7\u00e3o da produ\u00e7\u00e3o, apenas precisa de apresentar a procura.<\/li>\n<li>Grande praticidade, adequada para todos os tipos de snacks fritos, carne de marisco e produtos de pastelaria, etc.<\/li>\n<li>A estrutura da m\u00e1quina de fritar batatas fritas de alho \u00e9 definida de forma razo\u00e1vel, e a utiliza\u00e7\u00e3o e manuten\u00e7\u00e3o s\u00e3o mais convenientes.<\/li>\n<\/ol>\n<p><img fetchpriority=\"high\" decoding=\"async\" class=\"alignnone size-full wp-image-1324\" src=\"https:\/\/www.garlicline.com\/wp-content\/uploads\/2022\/06\/53-1.jpg\" alt=\"m\u00e1quina de fritar batatas fritas de alho\" width=\"800\" height=\"500\" srcset=\"https:\/\/www.garlicline.com\/wp-content\/uploads\/2022\/06\/53-1.jpg 800w, https:\/\/www.garlicline.com\/wp-content\/uploads\/2022\/06\/53-1-300x188.jpg 300w, https:\/\/www.garlicline.com\/wp-content\/uploads\/2022\/06\/53-1-768x480.jpg 768w, https:\/\/www.garlicline.com\/wp-content\/uploads\/2022\/06\/53-1-600x375.jpg 600w\" sizes=\"(max-width: 800px) 100vw, 800px\" \/><\/p>\n<h2>Como funciona o alho frito<\/h2>\n<p>O \u00f3leo condutor de calor \u00e9 aquecido por um dispositivo de aquecimento externo. O \u00f3leo condutor de calor e o \u00f3leo alimentar completam o aquecimento do \u00f3leo alimentar no circulador de aquecimento. O \u00f3leo alimentar entra na fritadeira atrav\u00e9s da bomba de \u00f3leo e, em seguida, entra no circulador de aquecimento atrav\u00e9s da bomba de \u00f3leo para aquecimento circulante. Quando a temperatura do \u00f3leo Depois de atingir a temperatura definida, o \u00f3leo de transfer\u00eancia de calor deixa de entrar no anel de aquecimento e o \u00f3leo entra novamente no permutador para aquecimento depois de a temperatura do \u00f3leo ser inferior \u00e0 temperatura definida.<\/p>\n<p><img decoding=\"async\" class=\"alignnone size-full wp-image-1972\" src=\"https:\/\/www.garlicline.com\/wp-content\/uploads\/2022\/06\/garlic-frying-machine.jpg\" alt=\"m\u00e1quina de fritar alho\" width=\"800\" height=\"500\" srcset=\"https:\/\/www.garlicline.com\/wp-content\/uploads\/2022\/06\/garlic-frying-machine.jpg 800w, https:\/\/www.garlicline.com\/wp-content\/uploads\/2022\/06\/garlic-frying-machine-300x188.jpg 300w, https:\/\/www.garlicline.com\/wp-content\/uploads\/2022\/06\/garlic-frying-machine-768x480.jpg 768w, https:\/\/www.garlicline.com\/wp-content\/uploads\/2022\/06\/garlic-frying-machine-600x375.jpg 600w\" sizes=\"(max-width: 800px) 100vw, 800px\" \/><\/p>\n<h2>Par\u00e2metros da m\u00e1quina de fazer batatas fritas de alho<\/h2>\n<table>\n<tbody>\n<tr>\n<td>Modelo<\/td>\n<td>Largura da correia<br \/>\n(mm)<\/td>\n<td>pot\u00eancia da bomba de \u00f3leo<br \/>\n(kW)<\/td>\n<td>pot\u00eancia de eleva\u00e7\u00e3o<br \/>\n(kW)<\/td>\n<td>pot\u00eancia de aquecimento<\/td>\n<td>Dimens\u00e3o<br \/>\n(mm)<\/td>\n<\/tr>\n<tr>\n<td>GGLZG3500A<\/td>\n<td>800<\/td>\n<td>1.5<\/td>\n<td>0.55<\/td>\n<td>20Wkcal<\/td>\n<td>3700*1900*2400<\/td>\n<\/tr>\n<tr>\n<td>GGLZG5000A<\/td>\n<td>800<\/td>\n<td>1.5<\/td>\n<td>0.55*2<\/td>\n<td>30Wkcal<\/td>\n<td>5200*1900*2400<\/td>\n<\/tr>\n<tr>\n<td>GGLZG6500A<\/td>\n<td>800<\/td>\n<td>1.5<\/td>\n<td>0.75*2<\/td>\n<td>20Wkcal*2<\/td>\n<td>6700*1900*2400<\/td>\n<\/tr>\n<tr>\n<td>GGLZG8000A<\/td>\n<td>800<\/td>\n<td>2.2<\/td>\n<td>0.75*2<\/td>\n<td>30Wkcal*2<\/td>\n<td>8200*1900*2400<\/td>\n<\/tr>\n<tr>\n<td>GGLZE3500A<\/td>\n<td>800<\/td>\n<td>1.5<\/td>\n<td>0.55<\/td>\n<td>90KW<\/td>\n<td>3700*1600*2200<\/td>\n<\/tr>\n<tr>\n<td>GGLZE5000A<\/td>\n<td>800<\/td>\n<td>1.5<\/td>\n<td>0.55*2<\/td>\n<td>120kw<\/td>\n<td>5200*1600*2200<\/td>\n<\/tr>\n<tr>\n<td>GGLZE6500A<\/td>\n<td>800<\/td>\n<td>1.5<\/td>\n<td>0.75*2<\/td>\n<td>190kw<\/td>\n<td>6700*1600*2200<\/td>\n<\/tr>\n<tr>\n<td>GGLZE8000A<\/td>\n<td>800<\/td>\n<td>2.2<\/td>\n<td>0.75*2<\/td>\n<td>255kw<\/td>\n<td>8200*1600*2200<\/td>\n<\/tr>\n<\/tbody>\n<\/table>\n<p>O alho frito \u00e9 rico em nutrientes. Se quiser iniciar um neg\u00f3cio de alho frito, pode deixar-nos uma mensagem e obter um or\u00e7amento gratuito e uma solu\u00e7\u00e3o. Tamb\u00e9m dispomos de <a href=\"https:\/\/www.garlicline.com\/pt\/garlic-flakes-production-line\/\"><strong>linha de produ\u00e7\u00e3o de flocos de alho<\/strong><\/a>m\u00e1quina de lavar alho, m\u00e1quina de dentes de alho, m\u00e1quina de descascar alho e assim por diante.<\/p>\n<hr \/>\n<h2 style=\"text-align: center;\">-Deixe uma mensagem para uma cita\u00e7\u00e3o-<\/h2>\n\n<div class=\"wpcf7 no-js\" id=\"wpcf7-f1191-o1\" lang=\"en-US\" dir=\"ltr\" data-wpcf7-id=\"1191\">\n<div class=\"screen-reader-response\"><p role=\"status\" aria-live=\"polite\" aria-atomic=\"true\"><\/p> <ul><\/ul><\/div>\n<form action=\"\/pt\/wp-json\/wp\/v2\/product\/1323#wpcf7-f1191-o1\" method=\"post\" class=\"wpcf7-form init\" aria-label=\"Formul\u00e1rio de contacto\" novalidate=\"novalidate\" data-status=\"init\" data-trp-original-action=\"\/pt\/wp-json\/wp\/v2\/product\/1323#wpcf7-f1191-o1\">\n<fieldset class=\"hidden-fields-container\"><input type=\"hidden\" name=\"_wpcf7\" value=\"1191\" \/><input type=\"hidden\" name=\"_wpcf7_version\" value=\"6.1.1\" \/><input type=\"hidden\" name=\"_wpcf7_locale\" value=\"en_US\" \/><input type=\"hidden\" name=\"_wpcf7_unit_tag\" value=\"wpcf7-f1191-o1\" \/><input type=\"hidden\" name=\"_wpcf7_container_post\" value=\"0\" \/><input type=\"hidden\" name=\"_wpcf7_posted_data_hash\" value=\"\" \/>\n<\/fieldset>\n<div class='proformleft'>\n\t<p><label> O seu nome<br \/>\n<span class=\"wpcf7-form-control-wrap\" data-name=\"your-name\"><input size=\"40\" maxlength=\"400\" class=\"wpcf7-form-control wpcf7-text\" aria-invalid=\"false\" value=\"\" type=\"text\" name=\"your-name\" \/><\/span> <\/label>\n\t<\/p>\n\t<p><label> *O seu e-mail<br \/>\n<span class=\"wpcf7-form-control-wrap\" data-name=\"your-email\"><input size=\"40\" maxlength=\"400\" class=\"wpcf7-form-control wpcf7-email wpcf7-validates-as-required wpcf7-text wpcf7-validates-as-email\" aria-required=\"true\" aria-invalid=\"false\" value=\"\" type=\"email\" name=\"your-email\" \/><\/span> <\/label>\n\t<\/p>\n\t<p><label> *O seu telefone<br \/>\n<span class=\"wpcf7-form-control-wrap\" data-name=\"tel-224\"><input size=\"40\" maxlength=\"400\" class=\"wpcf7-form-control wpcf7-tel wpcf7-validates-as-required wpcf7-text wpcf7-validates-as-tel\" aria-required=\"true\" aria-invalid=\"false\" value=\"\" type=\"tel\" name=\"tel-224\" \/><\/span> <\/label>\n\t<\/p>\n\t<p><label> O seu pa\u00eds<br \/>\n<span class=\"wpcf7-form-control-wrap\" data-name=\"your-country\"><input size=\"40\" maxlength=\"400\" class=\"wpcf7-form-control wpcf7-text\" aria-invalid=\"false\" value=\"\" type=\"text\" name=\"your-country\" \/><\/span> <\/label>\n\t<\/p>\n<\/div>\n<div class='proformright'>\n\t<p><label> *A sua mensagem<br \/>\n<span class=\"wpcf7-form-control-wrap\" data-name=\"your-message\"><textarea cols=\"40\" rows=\"10\" maxlength=\"2000\" class=\"wpcf7-form-control wpcf7-textarea wpcf7-validates-as-required\" aria-required=\"true\" aria-invalid=\"false\" name=\"your-message\"><\/textarea><\/span> <\/label>\n\t<\/p>\n\t<p><input class=\"wpcf7-form-control wpcf7-submit has-spinner\" type=\"submit\" value=\"Enviar\" \/>\n\t<\/p>\n<\/div>\n<div style='clear:both'>\n<\/div><p style=\"display: none !important;\" class=\"akismet-fields-container\" data-prefix=\"_wpcf7_ak_\"><label>&#916;<textarea name=\"_wpcf7_ak_hp_textarea\" cols=\"45\" rows=\"8\" maxlength=\"100\"><\/textarea><\/label><input type=\"hidden\" id=\"ak_js_1\" name=\"_wpcf7_ak_js\" value=\"127\"\/><script>document.getElementById( \"ak_js_1\" ).setAttribute( \"value\", ( new Date() ).getTime() );<\/script><\/p><div class=\"wpcf7-response-output\" aria-hidden=\"true\"><\/div>\n<input type=\"hidden\" name=\"trp-form-language\" value=\"pt\"\/><\/form>\n<\/div>\n\n<div style='text-align:left' class='yasr-auto-insert-visitor'><\/div>","protected":false},"excerpt":{"rendered":"<p>Introdu\u00e7\u00e3o da m\u00e1quina de fritar batatas fritas de alho A m\u00e1quina de fritar alho adota uma m\u00e1quina de fritura cont\u00ednua, que pode realizar o trabalho cont\u00ednuo de processamento de alho, melhorar a efici\u00eancia da produ\u00e7\u00e3o de processamento de alho, e o alho frito \u00e9 amarelo dourado e n\u00e3o tem cheiro peculiar. A m\u00e1quina de fritura de alho \u00e9 feita de a\u00e7o inoxid\u00e1vel, que pode ajustar o ...<\/p>\n<p class=\"read-more\"> <a class=\"\" href=\"https:\/\/www.garlicline.com\/pt\/produto\/garlic-chips-frying-machine\/\"> <span class=\"screen-reader-text\">M\u00e1quina de Fritar Batatas Fritas de Alho Cont\u00ednua M\u00faltiplos M\u00e9todos de Aquecimento<\/span> Ler mais \"<\/a><\/p>","protected":false},"featured_media":1325,"comment_status":"open","ping_status":"closed","template":"","meta":{"site-sidebar-layout":"default","site-content-layout":"default","ast-global-header-display":"","ast-main-header-display":"","ast-hfb-above-header-display":"","ast-hfb-below-header-display":"","ast-hfb-mobile-header-display":"","site-post-title":"","ast-breadcrumbs-content":"","ast-featured-img":"","footer-sml-layout":"","theme-transparent-header-meta":"default","adv-header-id-meta":"","stick-header-meta":"","header-above-stick-meta":"","header-main-stick-meta":"","header-below-stick-meta":"","yasr_overall_rating":0,"yasr_post_is_review":"","yasr_auto_insert_disabled":"","yasr_review_type":""},"product_brand":[],"product_cat":[33],"product_tag":[],"class_list":{"0":"post-1323","1":"product","2":"type-product","3":"status-publish","4":"has-post-thumbnail","6":"product_cat-products","8":"first","9":"instock","10":"shipping-taxable","11":"product-type-simple"},"yoast_head":"<!-- This site is optimized with the Yoast SEO plugin v25.7 - https:\/\/yoast.com\/wordpress\/plugins\/seo\/ -->\n<title>Continuous Garlic Chips Frying Machine Multiple Heating Methods<\/title>\n<meta name=\"description\" content=\"Garlic flakes are made by garlic chips frying machine, which can improve both the production efficiency of garlic flakes and the quality of garlic.\" \/>\n<meta name=\"robots\" content=\"index, follow, max-snippet:-1, max-image-preview:large, max-video-preview:-1\" \/>\n<link rel=\"canonical\" href=\"https:\/\/www.garlicline.com\/pt\/produto\/garlic-chips-frying-machine\/\" \/>\n<meta property=\"og:locale\" content=\"pt_PT\" \/>\n<meta property=\"og:type\" content=\"article\" \/>\n<meta property=\"og:title\" content=\"Continuous Garlic Chips Frying Machine Multiple Heating Methods\" \/>\n<meta property=\"og:description\" content=\"Garlic flakes are made by garlic chips frying machine, which can improve both the production efficiency of garlic flakes and the quality of garlic.\" \/>\n<meta property=\"og:url\" content=\"https:\/\/www.garlicline.com\/pt\/produto\/garlic-chips-frying-machine\/\" \/>\n<meta property=\"og:site_name\" content=\"garlicline\" \/>\n<meta property=\"article:modified_time\" content=\"2022-10-26T03:30:07+00:00\" \/>\n<meta property=\"og:image\" content=\"https:\/\/www.garlicline.com\/wp-content\/uploads\/2022\/06\/z3hutu-1.jpg\" \/>\n\t<meta property=\"og:image:width\" content=\"600\" \/>\n\t<meta property=\"og:image:height\" content=\"600\" \/>\n\t<meta property=\"og:image:type\" content=\"image\/jpeg\" \/>\n<meta name=\"twitter:card\" content=\"summary_large_image\" \/>\n<meta name=\"twitter:label1\" content=\"Tempo estimado de leitura\" \/>\n\t<meta name=\"twitter:data1\" content=\"2 minutos\" \/>\n<script type=\"application\/ld+json\" class=\"yoast-schema-graph\">{\"@context\":\"https:\/\/schema.org\",\"@graph\":[{\"@type\":\"WebPage\",\"@id\":\"https:\/\/www.garlicline.com\/product\/garlic-chips-frying-machine\/\",\"url\":\"https:\/\/www.garlicline.com\/product\/garlic-chips-frying-machine\/\",\"name\":\"Continuous Garlic Chips Frying Machine Multiple Heating Methods\",\"isPartOf\":{\"@id\":\"https:\/\/www.garlicline.com\/#website\"},\"primaryImageOfPage\":{\"@id\":\"https:\/\/www.garlicline.com\/product\/garlic-chips-frying-machine\/#primaryimage\"},\"image\":{\"@id\":\"https:\/\/www.garlicline.com\/product\/garlic-chips-frying-machine\/#primaryimage\"},\"thumbnailUrl\":\"https:\/\/www.garlicline.com\/wp-content\/uploads\/2022\/06\/z3hutu-1.jpg\",\"datePublished\":\"2022-06-28T09:57:07+00:00\",\"dateModified\":\"2022-10-26T03:30:07+00:00\",\"description\":\"Garlic flakes are made by garlic chips frying machine, which can improve both the production efficiency of garlic flakes and the quality of garlic.\",\"breadcrumb\":{\"@id\":\"https:\/\/www.garlicline.com\/product\/garlic-chips-frying-machine\/#breadcrumb\"},\"inLanguage\":\"pt-PT\",\"potentialAction\":[{\"@type\":\"ReadAction\",\"target\":[\"https:\/\/www.garlicline.com\/product\/garlic-chips-frying-machine\/\"]}]},{\"@type\":\"ImageObject\",\"inLanguage\":\"pt-PT\",\"@id\":\"https:\/\/www.garlicline.com\/product\/garlic-chips-frying-machine\/#primaryimage\",\"url\":\"https:\/\/www.garlicline.com\/wp-content\/uploads\/2022\/06\/z3hutu-1.jpg\",\"contentUrl\":\"https:\/\/www.garlicline.com\/wp-content\/uploads\/2022\/06\/z3hutu-1.jpg\",\"width\":600,\"height\":600,\"caption\":\"garlic chips frying machine\"},{\"@type\":\"BreadcrumbList\",\"@id\":\"https:\/\/www.garlicline.com\/product\/garlic-chips-frying-machine\/#breadcrumb\",\"itemListElement\":[{\"@type\":\"ListItem\",\"position\":1,\"name\":\"Home\",\"item\":\"https:\/\/www.garlicline.com\/\"},{\"@type\":\"ListItem\",\"position\":2,\"name\":\"Products\",\"item\":\"https:\/\/www.garlicline.com\/products\/\"},{\"@type\":\"ListItem\",\"position\":3,\"name\":\"Continuous Garlic Chips Frying Machine Multiple Heating Methods\"}]},{\"@type\":\"WebSite\",\"@id\":\"https:\/\/www.garlicline.com\/#website\",\"url\":\"https:\/\/www.garlicline.com\/\",\"name\":\"garlicline\",\"description\":\"garlic processing machine supplier\",\"publisher\":{\"@id\":\"https:\/\/www.garlicline.com\/#organization\"},\"potentialAction\":[{\"@type\":\"SearchAction\",\"target\":{\"@type\":\"EntryPoint\",\"urlTemplate\":\"https:\/\/www.garlicline.com\/?s={search_term_string}\"},\"query-input\":{\"@type\":\"PropertyValueSpecification\",\"valueRequired\":true,\"valueName\":\"search_term_string\"}}],\"inLanguage\":\"pt-PT\"},{\"@type\":\"Organization\",\"@id\":\"https:\/\/www.garlicline.com\/#organization\",\"name\":\"garlicline\",\"url\":\"https:\/\/www.garlicline.com\/\",\"logo\":{\"@type\":\"ImageObject\",\"inLanguage\":\"pt-PT\",\"@id\":\"https:\/\/www.garlicline.com\/#\/schema\/logo\/image\/\",\"url\":\"https:\/\/www.garlicline.com\/wp-content\/uploads\/2025\/05\/cropped-gelgoog-logo-1.png\",\"contentUrl\":\"https:\/\/www.garlicline.com\/wp-content\/uploads\/2025\/05\/cropped-gelgoog-logo-1.png\",\"width\":434,\"height\":267,\"caption\":\"garlicline\"},\"image\":{\"@id\":\"https:\/\/www.garlicline.com\/#\/schema\/logo\/image\/\"}},false]}<\/script>\n<!-- \/ Yoast SEO plugin. -->","yoast_head_json":{"title":"M\u00e1quina de Fritar Batatas Fritas de Alho Cont\u00ednua M\u00faltiplos M\u00e9todos de Aquecimento","description":"Os flocos de alho s\u00e3o feitos por uma m\u00e1quina de fritar batatas fritas de alho, que pode melhorar tanto a efici\u00eancia da produ\u00e7\u00e3o de flocos de alho como a qualidade do alho.","robots":{"index":"index","follow":"follow","max-snippet":"max-snippet:-1","max-image-preview":"max-image-preview:large","max-video-preview":"max-video-preview:-1"},"canonical":"https:\/\/www.garlicline.com\/pt\/produto\/garlic-chips-frying-machine\/","og_locale":"pt_PT","og_type":"article","og_title":"Continuous Garlic Chips Frying Machine Multiple Heating Methods","og_description":"Garlic flakes are made by garlic chips frying machine, which can improve both the production efficiency of garlic flakes and the quality of garlic.","og_url":"https:\/\/www.garlicline.com\/pt\/produto\/garlic-chips-frying-machine\/","og_site_name":"garlicline","article_modified_time":"2022-10-26T03:30:07+00:00","og_image":[{"width":600,"height":600,"url":"https:\/\/www.garlicline.com\/wp-content\/uploads\/2022\/06\/z3hutu-1.jpg","type":"image\/jpeg"}],"twitter_card":"summary_large_image","twitter_misc":{"Tempo estimado de leitura":"2 minutos"},"schema":{"@context":"https:\/\/schema.org","@graph":[{"@type":"WebPage","@id":"https:\/\/www.garlicline.com\/product\/garlic-chips-frying-machine\/","url":"https:\/\/www.garlicline.com\/product\/garlic-chips-frying-machine\/","name":"M\u00e1quina de Fritar Batatas Fritas de Alho Cont\u00ednua M\u00faltiplos M\u00e9todos de Aquecimento","isPartOf":{"@id":"https:\/\/www.garlicline.com\/#website"},"primaryImageOfPage":{"@id":"https:\/\/www.garlicline.com\/product\/garlic-chips-frying-machine\/#primaryimage"},"image":{"@id":"https:\/\/www.garlicline.com\/product\/garlic-chips-frying-machine\/#primaryimage"},"thumbnailUrl":"https:\/\/www.garlicline.com\/wp-content\/uploads\/2022\/06\/z3hutu-1.jpg","datePublished":"2022-06-28T09:57:07+00:00","dateModified":"2022-10-26T03:30:07+00:00","description":"Os flocos de alho s\u00e3o feitos por uma m\u00e1quina de fritar batatas fritas de alho, que pode melhorar tanto a efici\u00eancia da produ\u00e7\u00e3o de flocos de alho como a qualidade do alho.","breadcrumb":{"@id":"https:\/\/www.garlicline.com\/product\/garlic-chips-frying-machine\/#breadcrumb"},"inLanguage":"pt-PT","potentialAction":[{"@type":"ReadAction","target":["https:\/\/www.garlicline.com\/product\/garlic-chips-frying-machine\/"]}]},{"@type":"ImageObject","inLanguage":"pt-PT","@id":"https:\/\/www.garlicline.com\/product\/garlic-chips-frying-machine\/#primaryimage","url":"https:\/\/www.garlicline.com\/wp-content\/uploads\/2022\/06\/z3hutu-1.jpg","contentUrl":"https:\/\/www.garlicline.com\/wp-content\/uploads\/2022\/06\/z3hutu-1.jpg","width":600,"height":600,"caption":"garlic chips frying machine"},{"@type":"BreadcrumbList","@id":"https:\/\/www.garlicline.com\/product\/garlic-chips-frying-machine\/#breadcrumb","itemListElement":[{"@type":"ListItem","position":1,"name":"Home","item":"https:\/\/www.garlicline.com\/"},{"@type":"ListItem","position":2,"name":"Products","item":"https:\/\/www.garlicline.com\/products\/"},{"@type":"ListItem","position":3,"name":"Continuous Garlic Chips Frying Machine Multiple Heating Methods"}]},{"@type":"WebSite","@id":"https:\/\/www.garlicline.com\/#website","url":"https:\/\/www.garlicline.com\/","name":"linha de alho","description":"fornecedor de m\u00e1quinas de transforma\u00e7\u00e3o de alho","publisher":{"@id":"https:\/\/www.garlicline.com\/#organization"},"potentialAction":[{"@type":"SearchAction","target":{"@type":"EntryPoint","urlTemplate":"https:\/\/www.garlicline.com\/?s={search_term_string}"},"query-input":{"@type":"PropertyValueSpecification","valueRequired":true,"valueName":"search_term_string"}}],"inLanguage":"pt-PT"},{"@type":"Organization","@id":"https:\/\/www.garlicline.com\/#organization","name":"linha de alho","url":"https:\/\/www.garlicline.com\/","logo":{"@type":"ImageObject","inLanguage":"pt-PT","@id":"https:\/\/www.garlicline.com\/#\/schema\/logo\/image\/","url":"https:\/\/www.garlicline.com\/wp-content\/uploads\/2025\/05\/cropped-gelgoog-logo-1.png","contentUrl":"https:\/\/www.garlicline.com\/wp-content\/uploads\/2025\/05\/cropped-gelgoog-logo-1.png","width":434,"height":267,"caption":"garlicline"},"image":{"@id":"https:\/\/www.garlicline.com\/#\/schema\/logo\/image\/"}},false]}},"yasr_visitor_votes":{"stars_attributes":{"read_only":false,"span_bottom":false},"number_of_votes":1,"sum_votes":5},"_links":{"self":[{"href":"https:\/\/www.garlicline.com\/pt\/wp-json\/wp\/v2\/product\/1323","targetHints":{"allow":["GET"]}}],"collection":[{"href":"https:\/\/www.garlicline.com\/pt\/wp-json\/wp\/v2\/product"}],"about":[{"href":"https:\/\/www.garlicline.com\/pt\/wp-json\/wp\/v2\/types\/product"}],"replies":[{"embeddable":true,"href":"https:\/\/www.garlicline.com\/pt\/wp-json\/wp\/v2\/comments?post=1323"}],"version-history":[{"count":0,"href":"https:\/\/www.garlicline.com\/pt\/wp-json\/wp\/v2\/product\/1323\/revisions"}],"wp:featuredmedia":[{"embeddable":true,"href":"https:\/\/www.garlicline.com\/pt\/wp-json\/wp\/v2\/media\/1325"}],"wp:attachment":[{"href":"https:\/\/www.garlicline.com\/pt\/wp-json\/wp\/v2\/media?parent=1323"}],"wp:term":[{"taxonomy":"product_brand","embeddable":true,"href":"https:\/\/www.garlicline.com\/pt\/wp-json\/wp\/v2\/product_brand?post=1323"},{"taxonomy":"product_cat","embeddable":true,"href":"https:\/\/www.garlicline.com\/pt\/wp-json\/wp\/v2\/product_cat?post=1323"},{"taxonomy":"product_tag","embeddable":true,"href":"https:\/\/www.garlicline.com\/pt\/wp-json\/wp\/v2\/product_tag?post=1323"}],"curies":[{"name":"wp","href":"https:\/\/api.w.org\/{rel}","templated":true}]}}