{"id":1328,"date":"2022-06-28T10:16:11","date_gmt":"2022-06-28T10:16:11","guid":{"rendered":"https:\/\/www.garlicline.com\/?post_type=product&#038;p=1328"},"modified":"2025-01-06T03:53:19","modified_gmt":"2025-01-06T03:53:19","slug":"peeled-garlic-grading-machine","status":"publish","type":"product","link":"https:\/\/www.garlicline.com\/pt\/produto\/peeled-garlic-grading-machine\/","title":{"rendered":"M\u00e1quina de classifica\u00e7\u00e3o de alho descascado de tamanho para venda"},"content":{"rendered":"<h2>Introdu\u00e7\u00e3o da m\u00e1quina de classifica\u00e7\u00e3o de alho<\/h2>\n<p>A m\u00e1quina de classifica\u00e7\u00e3o de alho utiliza equipamento de classifica\u00e7\u00e3o de rolos, que roda atrav\u00e9s do rolamento para acionar os rolos no leito de classifica\u00e7\u00e3o, avan\u00e7ar em paralelo e aumentar gradualmente o espa\u00e7o entre os rolos para atingir o tamanho correspondente do alho, de modo a que o alho caia do espa\u00e7o entre os rolos para a correia transportadora de fruta para completar o objetivo de classificar o tamanho do alho. As especifica\u00e7\u00f5es de classifica\u00e7\u00e3o da m\u00e1quina de classifica\u00e7\u00e3o de alho para venda podem ser ajustadas \u00e0 vontade. O rendimento pode ser personalizado de acordo com as necessidades de processamento.<\/p>\n<h2>Vantagens da m\u00e1quina de classifica\u00e7\u00e3o de alho para venda<\/h2>\n<ol>\n<li>Fabricado em a\u00e7o inoxid\u00e1vel, tem uma longa vida \u00fatil, cumpre as normas de seguran\u00e7a alimentar e n\u00e3o danifica o alho.<\/li>\n<li>O aspersor, o tanque de recolha de \u00e1gua, a recolha de res\u00edduos de frutos e o dispositivo de transporte podem ser configurados de acordo com as necessidades dos clientes.<\/li>\n<li>A m\u00e1quina de classifica\u00e7\u00e3o de alho para venda est\u00e1 equipada com rolos, o que \u00e9 conveniente para armazenamento posterior.<\/li>\n<li>O tamanho da classifica\u00e7\u00e3o pode ser ajustado de acordo com as suas pr\u00f3prias necessidades de processamento.<\/li>\n<li>A m\u00e1quina funciona sem problemas e n\u00e3o produz polui\u00e7\u00e3o sonora.<\/li>\n<li>\u00c9 capaz de classificar uma grande variedade de materiais, como o alho, a cebola, o tomate, a batata, a ma\u00e7\u00e3, a manga, etc.<\/li>\n<\/ol>\n<p><img fetchpriority=\"high\" decoding=\"async\" class=\"alignnone size-full wp-image-1329\" src=\"https:\/\/www.garlicline.com\/wp-content\/uploads\/2022\/06\/4096-1.jpg\" alt=\"m\u00e1quina de classificar alho \" width=\"800\" height=\"500\" srcset=\"https:\/\/www.garlicline.com\/wp-content\/uploads\/2022\/06\/4096-1.jpg 800w, https:\/\/www.garlicline.com\/wp-content\/uploads\/2022\/06\/4096-1-300x188.jpg 300w, https:\/\/www.garlicline.com\/wp-content\/uploads\/2022\/06\/4096-1-768x480.jpg 768w, https:\/\/www.garlicline.com\/wp-content\/uploads\/2022\/06\/4096-1-600x375.jpg 600w\" sizes=\"(max-width: 800px) 100vw, 800px\" \/><\/p>\n<h2>O princ\u00edpio de funcionamento da m\u00e1quina de sele\u00e7\u00e3o de alho<\/h2>\n<p>No processo de transporte de alho, existem correntes em ambos os lados do tambor, o tambor transporta mat\u00e9rias-primas, o motor acciona a corrente para girar, e o tambor gira na estrutura devido ao atrito entre as duas engrenagens e a almofada. Desta forma, o alho rola 360\u00b0 no tambor, o que \u00e9 conveniente para os trabalhadores seleccionarem o alho. A tremonha de descarga que satisfaz o tamanho do alho passa para o processo seguinte.<\/p>\n<h2>Par\u00e2metros da m\u00e1quina de classifica\u00e7\u00e3o de alho para venda<\/h2>\n<ol>\n<li>Tamanho: 4000*1300*1100MM<\/li>\n<li>Pot\u00eancia: 2,2KW<\/li>\n<li>Produ\u00e7\u00e3o: 2 toneladas por hora<\/li>\n<li>Material: A\u00e7o inoxid\u00e1vel 304<\/li>\n<\/ol>\n<h2>\u00c2mbito de aplica\u00e7\u00e3o do pre\u00e7o da m\u00e1quina de classifica\u00e7\u00e3o de alho<\/h2>\n<p>O pre\u00e7o da m\u00e1quina de classifica\u00e7\u00e3o de alho pode classificar batatas, tomates, cebolas, ma\u00e7\u00e3s, mangas, abacates e outros frutos. A fruta classificada pode ser vendida a pre\u00e7os diferentes e \u00e9 um equipamento essencial para os produtores e vendedores de frutas e legumes.<\/p>\n<h2>O v\u00eddeo da m\u00e1quina de classifica\u00e7\u00e3o de alho \u00e9 mostrado a seguir<\/h2>\n<p><iframe title=\"M\u00e1quina de sele\u00e7\u00e3o e classifica\u00e7\u00e3o de alho #m\u00e1quina #equipamento de processamento\" src=\"https:\/\/www.youtube.com\/embed\/jH4J5bibz50\" width=\"630\" height=\"400\" frameborder=\"0\" allowfullscreen=\"allowfullscreen\"><span data-mce-type=\"bookmark\" style=\"display: inline-block; width: 0px; overflow: hidden; line-height: 0;\" class=\"mce_SELRES_start\">Obrigado por entrar em contato conosco.<\/span><\/iframe><\/p>\n<p>Contacte-nos, prestar-lhe-emos o melhor servi\u00e7o para tornar o seu <a href=\"https:\/\/www.garlicline.com\/pt\/solution\/\"><strong>empresa de transforma\u00e7\u00e3o de alho<\/strong><\/a> f\u00e1cil. Deixe uma mensagem para obter um or\u00e7amento gratuito.<\/p>\n<hr \/>\n<h2 style=\"text-align: center;\">-Deixe uma mensagem para uma cita\u00e7\u00e3o-<\/h2>\n\n<div class=\"wpcf7 no-js\" id=\"wpcf7-f1191-o1\" lang=\"en-US\" dir=\"ltr\" data-wpcf7-id=\"1191\">\n<div class=\"screen-reader-response\"><p role=\"status\" aria-live=\"polite\" aria-atomic=\"true\"><\/p> <ul><\/ul><\/div>\n<form action=\"\/pt\/wp-json\/wp\/v2\/product\/1328#wpcf7-f1191-o1\" method=\"post\" class=\"wpcf7-form init\" aria-label=\"Formul\u00e1rio de contacto\" novalidate=\"novalidate\" data-status=\"init\" data-trp-original-action=\"\/pt\/wp-json\/wp\/v2\/product\/1328#wpcf7-f1191-o1\">\n<fieldset class=\"hidden-fields-container\"><input type=\"hidden\" name=\"_wpcf7\" value=\"1191\" \/><input type=\"hidden\" name=\"_wpcf7_version\" value=\"6.1.1\" \/><input type=\"hidden\" name=\"_wpcf7_locale\" value=\"en_US\" \/><input type=\"hidden\" name=\"_wpcf7_unit_tag\" value=\"wpcf7-f1191-o1\" \/><input type=\"hidden\" name=\"_wpcf7_container_post\" value=\"0\" \/><input type=\"hidden\" name=\"_wpcf7_posted_data_hash\" value=\"\" \/>\n<\/fieldset>\n<div class='proformleft'>\n\t<p><label> O seu nome<br \/>\n<span class=\"wpcf7-form-control-wrap\" data-name=\"your-name\"><input size=\"40\" maxlength=\"400\" class=\"wpcf7-form-control wpcf7-text\" aria-invalid=\"false\" value=\"\" type=\"text\" name=\"your-name\" \/><\/span> <\/label>\n\t<\/p>\n\t<p><label> *O seu e-mail<br \/>\n<span class=\"wpcf7-form-control-wrap\" data-name=\"your-email\"><input size=\"40\" maxlength=\"400\" class=\"wpcf7-form-control wpcf7-email wpcf7-validates-as-required wpcf7-text wpcf7-validates-as-email\" aria-required=\"true\" aria-invalid=\"false\" value=\"\" type=\"email\" name=\"your-email\" \/><\/span> <\/label>\n\t<\/p>\n\t<p><label> *O seu telefone<br \/>\n<span class=\"wpcf7-form-control-wrap\" data-name=\"tel-224\"><input size=\"40\" maxlength=\"400\" class=\"wpcf7-form-control wpcf7-tel wpcf7-validates-as-required wpcf7-text wpcf7-validates-as-tel\" aria-required=\"true\" aria-invalid=\"false\" value=\"\" type=\"tel\" name=\"tel-224\" \/><\/span> <\/label>\n\t<\/p>\n\t<p><label> O seu pa\u00eds<br \/>\n<span class=\"wpcf7-form-control-wrap\" data-name=\"your-country\"><input size=\"40\" maxlength=\"400\" class=\"wpcf7-form-control wpcf7-text\" aria-invalid=\"false\" value=\"\" type=\"text\" name=\"your-country\" \/><\/span> <\/label>\n\t<\/p>\n<\/div>\n<div class='proformright'>\n\t<p><label> *A sua mensagem<br \/>\n<span class=\"wpcf7-form-control-wrap\" data-name=\"your-message\"><textarea cols=\"40\" rows=\"10\" maxlength=\"2000\" class=\"wpcf7-form-control wpcf7-textarea wpcf7-validates-as-required\" aria-required=\"true\" aria-invalid=\"false\" name=\"your-message\"><\/textarea><\/span> <\/label>\n\t<\/p>\n\t<p><input class=\"wpcf7-form-control wpcf7-submit has-spinner\" type=\"submit\" value=\"Enviar\" \/>\n\t<\/p>\n<\/div>\n<div style='clear:both'>\n<\/div><p style=\"display: none !important;\" class=\"akismet-fields-container\" data-prefix=\"_wpcf7_ak_\"><label>&#916;<textarea name=\"_wpcf7_ak_hp_textarea\" cols=\"45\" rows=\"8\" maxlength=\"100\"><\/textarea><\/label><input type=\"hidden\" id=\"ak_js_1\" name=\"_wpcf7_ak_js\" value=\"176\"\/><script>document.getElementById( \"ak_js_1\" ).setAttribute( \"value\", ( new Date() ).getTime() );<\/script><\/p><div class=\"wpcf7-response-output\" aria-hidden=\"true\"><\/div>\n<input type=\"hidden\" name=\"trp-form-language\" value=\"pt\"\/><\/form>\n<\/div>\n\n<div style='text-align:left' class='yasr-auto-insert-visitor'><\/div>","protected":false},"excerpt":{"rendered":"<ol>\n<li>Tamanho: 4000*1300*1100MM<\/li>\n<li>Pot\u00eancia: 2,2KW<\/li>\n<li>Produ\u00e7\u00e3o: 2 toneladas por hora<\/li>\n<li>Material: A\u00e7o inoxid\u00e1vel 304<\/li>\n<\/ol>","protected":false},"featured_media":1330,"comment_status":"open","ping_status":"closed","template":"","meta":{"site-sidebar-layout":"default","site-content-layout":"default","ast-global-header-display":"","ast-main-header-display":"","ast-hfb-above-header-display":"","ast-hfb-below-header-display":"","ast-hfb-mobile-header-display":"","site-post-title":"","ast-breadcrumbs-content":"","ast-featured-img":"","footer-sml-layout":"","theme-transparent-header-meta":"default","adv-header-id-meta":"","stick-header-meta":"","header-above-stick-meta":"","header-main-stick-meta":"","header-below-stick-meta":"","yasr_overall_rating":0,"yasr_post_is_review":"","yasr_auto_insert_disabled":"","yasr_review_type":""},"product_brand":[],"product_cat":[33],"product_tag":[],"class_list":{"0":"post-1328","1":"product","2":"type-product","3":"status-publish","4":"has-post-thumbnail","6":"product_cat-products","8":"first","9":"instock","10":"shipping-taxable","11":"product-type-simple"},"yoast_head":"<!-- This site is optimized with the Yoast SEO plugin v25.7 - https:\/\/yoast.com\/wordpress\/plugins\/seo\/ -->\n<title>Size Peeled Garlic Grading Machine For Sale<\/title>\n<meta name=\"description\" content=\"The garlic grading machine divides the garlic into different grades according to the size, which is convenient for the classification and packaging of the garlic in the later stage, thereby increasing the sales value of the garlic.\" \/>\n<meta name=\"robots\" content=\"index, follow, max-snippet:-1, max-image-preview:large, max-video-preview:-1\" \/>\n<link rel=\"canonical\" href=\"https:\/\/www.garlicline.com\/pt\/produto\/peeled-garlic-grading-machine\/\" \/>\n<meta property=\"og:locale\" content=\"pt_PT\" \/>\n<meta property=\"og:type\" content=\"article\" \/>\n<meta property=\"og:title\" content=\"Size Peeled Garlic Grading Machine For Sale\" \/>\n<meta property=\"og:description\" content=\"The garlic grading machine divides the garlic into different grades according to the size, which is convenient for the classification and packaging of the garlic in the later stage, thereby increasing the sales value of the garlic.\" \/>\n<meta property=\"og:url\" content=\"https:\/\/www.garlicline.com\/pt\/produto\/peeled-garlic-grading-machine\/\" \/>\n<meta property=\"og:site_name\" content=\"garlicline\" \/>\n<meta property=\"article:modified_time\" content=\"2025-01-06T03:53:19+00:00\" \/>\n<meta property=\"og:image\" content=\"https:\/\/www.garlicline.com\/wp-content\/uploads\/2022\/06\/zh3utu-1.jpg\" \/>\n\t<meta property=\"og:image:width\" content=\"600\" \/>\n\t<meta property=\"og:image:height\" content=\"600\" \/>\n\t<meta property=\"og:image:type\" content=\"image\/jpeg\" \/>\n<meta name=\"twitter:card\" content=\"summary_large_image\" \/>\n<meta name=\"twitter:label1\" content=\"Tempo estimado de leitura\" \/>\n\t<meta name=\"twitter:data1\" content=\"2 minutos\" \/>\n<script type=\"application\/ld+json\" class=\"yoast-schema-graph\">{\"@context\":\"https:\/\/schema.org\",\"@graph\":[{\"@type\":\"WebPage\",\"@id\":\"https:\/\/www.garlicline.com\/product\/peeled-garlic-grading-machine\/\",\"url\":\"https:\/\/www.garlicline.com\/product\/peeled-garlic-grading-machine\/\",\"name\":\"Size Peeled Garlic Grading Machine For Sale\",\"isPartOf\":{\"@id\":\"https:\/\/www.garlicline.com\/#website\"},\"primaryImageOfPage\":{\"@id\":\"https:\/\/www.garlicline.com\/product\/peeled-garlic-grading-machine\/#primaryimage\"},\"image\":{\"@id\":\"https:\/\/www.garlicline.com\/product\/peeled-garlic-grading-machine\/#primaryimage\"},\"thumbnailUrl\":\"https:\/\/www.garlicline.com\/wp-content\/uploads\/2022\/06\/zh3utu-1.jpg\",\"datePublished\":\"2022-06-28T10:16:11+00:00\",\"dateModified\":\"2025-01-06T03:53:19+00:00\",\"description\":\"The garlic grading machine divides the garlic into different grades according to the size, which is convenient for the classification and packaging of the garlic in the later stage, thereby increasing the sales value of the garlic.\",\"breadcrumb\":{\"@id\":\"https:\/\/www.garlicline.com\/product\/peeled-garlic-grading-machine\/#breadcrumb\"},\"inLanguage\":\"pt-PT\",\"potentialAction\":[{\"@type\":\"ReadAction\",\"target\":[\"https:\/\/www.garlicline.com\/product\/peeled-garlic-grading-machine\/\"]}]},{\"@type\":\"ImageObject\",\"inLanguage\":\"pt-PT\",\"@id\":\"https:\/\/www.garlicline.com\/product\/peeled-garlic-grading-machine\/#primaryimage\",\"url\":\"https:\/\/www.garlicline.com\/wp-content\/uploads\/2022\/06\/zh3utu-1.jpg\",\"contentUrl\":\"https:\/\/www.garlicline.com\/wp-content\/uploads\/2022\/06\/zh3utu-1.jpg\",\"width\":600,\"height\":600,\"caption\":\"garlic sorter machine\"},{\"@type\":\"BreadcrumbList\",\"@id\":\"https:\/\/www.garlicline.com\/product\/peeled-garlic-grading-machine\/#breadcrumb\",\"itemListElement\":[{\"@type\":\"ListItem\",\"position\":1,\"name\":\"Home\",\"item\":\"https:\/\/www.garlicline.com\/\"},{\"@type\":\"ListItem\",\"position\":2,\"name\":\"Products\",\"item\":\"https:\/\/www.garlicline.com\/products\/\"},{\"@type\":\"ListItem\",\"position\":3,\"name\":\"Size Peeled Garlic Grading Machine For Sale\"}]},{\"@type\":\"WebSite\",\"@id\":\"https:\/\/www.garlicline.com\/#website\",\"url\":\"https:\/\/www.garlicline.com\/\",\"name\":\"garlicline\",\"description\":\"garlic processing machine supplier\",\"publisher\":{\"@id\":\"https:\/\/www.garlicline.com\/#organization\"},\"potentialAction\":[{\"@type\":\"SearchAction\",\"target\":{\"@type\":\"EntryPoint\",\"urlTemplate\":\"https:\/\/www.garlicline.com\/?s={search_term_string}\"},\"query-input\":{\"@type\":\"PropertyValueSpecification\",\"valueRequired\":true,\"valueName\":\"search_term_string\"}}],\"inLanguage\":\"pt-PT\"},{\"@type\":\"Organization\",\"@id\":\"https:\/\/www.garlicline.com\/#organization\",\"name\":\"garlicline\",\"url\":\"https:\/\/www.garlicline.com\/\",\"logo\":{\"@type\":\"ImageObject\",\"inLanguage\":\"pt-PT\",\"@id\":\"https:\/\/www.garlicline.com\/#\/schema\/logo\/image\/\",\"url\":\"https:\/\/www.garlicline.com\/wp-content\/uploads\/2025\/05\/cropped-gelgoog-logo-1.png\",\"contentUrl\":\"https:\/\/www.garlicline.com\/wp-content\/uploads\/2025\/05\/cropped-gelgoog-logo-1.png\",\"width\":434,\"height\":267,\"caption\":\"garlicline\"},\"image\":{\"@id\":\"https:\/\/www.garlicline.com\/#\/schema\/logo\/image\/\"}},false]}<\/script>\n<!-- \/ Yoast SEO plugin. -->","yoast_head_json":{"title":"M\u00e1quina de classifica\u00e7\u00e3o de alho descascado de tamanho para venda","description":"A m\u00e1quina de classifica\u00e7\u00e3o de alho divide o alho em diferentes graus de acordo com o tamanho, o que \u00e9 conveniente para a classifica\u00e7\u00e3o e embalagem do alho na fase posterior, aumentando assim o valor de venda do alho.","robots":{"index":"index","follow":"follow","max-snippet":"max-snippet:-1","max-image-preview":"max-image-preview:large","max-video-preview":"max-video-preview:-1"},"canonical":"https:\/\/www.garlicline.com\/pt\/produto\/peeled-garlic-grading-machine\/","og_locale":"pt_PT","og_type":"article","og_title":"Size Peeled Garlic Grading Machine For Sale","og_description":"The garlic grading machine divides the garlic into different grades according to the size, which is convenient for the classification and packaging of the garlic in the later stage, thereby increasing the sales value of the garlic.","og_url":"https:\/\/www.garlicline.com\/pt\/produto\/peeled-garlic-grading-machine\/","og_site_name":"garlicline","article_modified_time":"2025-01-06T03:53:19+00:00","og_image":[{"width":600,"height":600,"url":"https:\/\/www.garlicline.com\/wp-content\/uploads\/2022\/06\/zh3utu-1.jpg","type":"image\/jpeg"}],"twitter_card":"summary_large_image","twitter_misc":{"Tempo estimado de leitura":"2 minutos"},"schema":{"@context":"https:\/\/schema.org","@graph":[{"@type":"WebPage","@id":"https:\/\/www.garlicline.com\/product\/peeled-garlic-grading-machine\/","url":"https:\/\/www.garlicline.com\/product\/peeled-garlic-grading-machine\/","name":"M\u00e1quina de classifica\u00e7\u00e3o de alho descascado de tamanho para venda","isPartOf":{"@id":"https:\/\/www.garlicline.com\/#website"},"primaryImageOfPage":{"@id":"https:\/\/www.garlicline.com\/product\/peeled-garlic-grading-machine\/#primaryimage"},"image":{"@id":"https:\/\/www.garlicline.com\/product\/peeled-garlic-grading-machine\/#primaryimage"},"thumbnailUrl":"https:\/\/www.garlicline.com\/wp-content\/uploads\/2022\/06\/zh3utu-1.jpg","datePublished":"2022-06-28T10:16:11+00:00","dateModified":"2025-01-06T03:53:19+00:00","description":"A m\u00e1quina de classifica\u00e7\u00e3o de alho divide o alho em diferentes graus de acordo com o tamanho, o que \u00e9 conveniente para a classifica\u00e7\u00e3o e embalagem do alho na fase posterior, aumentando assim o valor de venda do alho.","breadcrumb":{"@id":"https:\/\/www.garlicline.com\/product\/peeled-garlic-grading-machine\/#breadcrumb"},"inLanguage":"pt-PT","potentialAction":[{"@type":"ReadAction","target":["https:\/\/www.garlicline.com\/product\/peeled-garlic-grading-machine\/"]}]},{"@type":"ImageObject","inLanguage":"pt-PT","@id":"https:\/\/www.garlicline.com\/product\/peeled-garlic-grading-machine\/#primaryimage","url":"https:\/\/www.garlicline.com\/wp-content\/uploads\/2022\/06\/zh3utu-1.jpg","contentUrl":"https:\/\/www.garlicline.com\/wp-content\/uploads\/2022\/06\/zh3utu-1.jpg","width":600,"height":600,"caption":"garlic sorter machine"},{"@type":"BreadcrumbList","@id":"https:\/\/www.garlicline.com\/product\/peeled-garlic-grading-machine\/#breadcrumb","itemListElement":[{"@type":"ListItem","position":1,"name":"Home","item":"https:\/\/www.garlicline.com\/"},{"@type":"ListItem","position":2,"name":"Products","item":"https:\/\/www.garlicline.com\/products\/"},{"@type":"ListItem","position":3,"name":"Size Peeled Garlic Grading Machine For Sale"}]},{"@type":"WebSite","@id":"https:\/\/www.garlicline.com\/#website","url":"https:\/\/www.garlicline.com\/","name":"linha de alho","description":"fornecedor de m\u00e1quinas de transforma\u00e7\u00e3o de alho","publisher":{"@id":"https:\/\/www.garlicline.com\/#organization"},"potentialAction":[{"@type":"SearchAction","target":{"@type":"EntryPoint","urlTemplate":"https:\/\/www.garlicline.com\/?s={search_term_string}"},"query-input":{"@type":"PropertyValueSpecification","valueRequired":true,"valueName":"search_term_string"}}],"inLanguage":"pt-PT"},{"@type":"Organization","@id":"https:\/\/www.garlicline.com\/#organization","name":"linha de alho","url":"https:\/\/www.garlicline.com\/","logo":{"@type":"ImageObject","inLanguage":"pt-PT","@id":"https:\/\/www.garlicline.com\/#\/schema\/logo\/image\/","url":"https:\/\/www.garlicline.com\/wp-content\/uploads\/2025\/05\/cropped-gelgoog-logo-1.png","contentUrl":"https:\/\/www.garlicline.com\/wp-content\/uploads\/2025\/05\/cropped-gelgoog-logo-1.png","width":434,"height":267,"caption":"garlicline"},"image":{"@id":"https:\/\/www.garlicline.com\/#\/schema\/logo\/image\/"}},false]}},"yasr_visitor_votes":{"stars_attributes":{"read_only":false,"span_bottom":false},"number_of_votes":1,"sum_votes":5},"_links":{"self":[{"href":"https:\/\/www.garlicline.com\/pt\/wp-json\/wp\/v2\/product\/1328","targetHints":{"allow":["GET"]}}],"collection":[{"href":"https:\/\/www.garlicline.com\/pt\/wp-json\/wp\/v2\/product"}],"about":[{"href":"https:\/\/www.garlicline.com\/pt\/wp-json\/wp\/v2\/types\/product"}],"replies":[{"embeddable":true,"href":"https:\/\/www.garlicline.com\/pt\/wp-json\/wp\/v2\/comments?post=1328"}],"version-history":[{"count":0,"href":"https:\/\/www.garlicline.com\/pt\/wp-json\/wp\/v2\/product\/1328\/revisions"}],"wp:featuredmedia":[{"embeddable":true,"href":"https:\/\/www.garlicline.com\/pt\/wp-json\/wp\/v2\/media\/1330"}],"wp:attachment":[{"href":"https:\/\/www.garlicline.com\/pt\/wp-json\/wp\/v2\/media?parent=1328"}],"wp:term":[{"taxonomy":"product_brand","embeddable":true,"href":"https:\/\/www.garlicline.com\/pt\/wp-json\/wp\/v2\/product_brand?post=1328"},{"taxonomy":"product_cat","embeddable":true,"href":"https:\/\/www.garlicline.com\/pt\/wp-json\/wp\/v2\/product_cat?post=1328"},{"taxonomy":"product_tag","embeddable":true,"href":"https:\/\/www.garlicline.com\/pt\/wp-json\/wp\/v2\/product_tag?post=1328"}],"curies":[{"name":"wp","href":"https:\/\/api.w.org\/{rel}","templated":true}]}}