{"id":1332,"date":"2022-06-28T11:10:33","date_gmt":"2022-06-28T11:10:33","guid":{"rendered":"https:\/\/www.garlicline.com\/?post_type=product&#038;p=1332"},"modified":"2026-03-31T07:26:26","modified_gmt":"2026-03-31T07:26:26","slug":"multifunction-peeled-garlic-sorting-machine","status":"publish","type":"product","link":"https:\/\/www.garlicline.com\/pt\/produto\/multifunction-peeled-garlic-sorting-machine\/","title":{"rendered":"M\u00e1quina multifun\u00e7\u00f5es de sele\u00e7\u00e3o de alho descascado"},"content":{"rendered":"<h2>Introdu\u00e7\u00e3o da m\u00e1quina de classifica\u00e7\u00e3o de alho<\/h2>\n<p>A m\u00e1quina de sele\u00e7\u00e3o de alho descascado \u00e9 feita de a\u00e7o inoxid\u00e1vel, que tem as vantagens de resist\u00eancia \u00e0 corros\u00e3o, limpeza e longa vida \u00fatil. A m\u00e1quina de sele\u00e7\u00e3o de alho substitui a classifica\u00e7\u00e3o manual autom\u00e1tica e a classifica\u00e7\u00e3o do alho. \u00c9 um produto de bem-estar da f\u00e1brica de processamento de alho, que resolve a dificuldade de baixa efici\u00eancia de classifica\u00e7\u00e3o de alho e \u00e9 demorado e trabalhoso. A m\u00e1quina de classifica\u00e7\u00e3o de alho pode ajustar diferentes graus de tamanho de acordo com o tamanho do alho.<\/p>\n<h2>Carater\u00edsticas da m\u00e1quina de sele\u00e7\u00e3o de alho<\/h2>\n<p>1. A estrutura adopta uma tecnologia de soldadura avan\u00e7ada, que \u00e9 plana e suave.<br \/>\n2. A dist\u00e2ncia entre os rolos da m\u00e1quina \u00e9 gradualmente aumentada, de modo a que o alho do tamanho correspondente possa ser classificado.<br \/>\n3. O motor adopta a regula\u00e7\u00e3o da velocidade de convers\u00e3o de frequ\u00eancia ou o redutor de velocidade infinitamente vari\u00e1vel.<br \/>\n4. Toda a m\u00e1quina de sele\u00e7\u00e3o de alho \u00e9 feita de a\u00e7o inoxid\u00e1vel, que \u00e9 seguro e higi\u00e9nico para usar.<\/p>\n<h2>Vantagens da m\u00e1quina de classifica\u00e7\u00e3o de alho<\/h2>\n<ol>\n<li>A estrutura \u00e9 compacta, duradoura e n\u00e3o se deforma.<\/li>\n<li>Economia de energia e alta efici\u00eancia, alta efici\u00eancia de produ\u00e7\u00e3o, economia de tempo e esfor\u00e7o.<\/li>\n<li>A m\u00e1quina de sele\u00e7\u00e3o de alho descascado n\u00e3o danifica a superf\u00edcie do alho e n\u00e3o altera a cor e o cheiro da superf\u00edcie do alho.<\/li>\n<li>O tamanho da classifica\u00e7\u00e3o pode ser personalizado de acordo com as necessidades de processamento.<\/li>\n<li>N\u00e3o sou exigente quanto \u00e0 variedade e ao tamanho dos alhos.<\/li>\n<li>A m\u00e1quina de sele\u00e7\u00e3o de alho pode classificar uma variedade de materiais, adequados para bolbos e frutas e legumes ovais.<\/li>\n<\/ol>\n<p><img fetchpriority=\"high\" decoding=\"async\" class=\"alignnone size-full wp-image-1333\" src=\"https:\/\/www.garlicline.com\/wp-content\/uploads\/2022\/06\/k-w342.jpg\" alt=\"m\u00e1quina de sele\u00e7\u00e3o de alho \" width=\"800\" height=\"500\" srcset=\"https:\/\/www.garlicline.com\/wp-content\/uploads\/2022\/06\/k-w342.jpg 800w, https:\/\/www.garlicline.com\/wp-content\/uploads\/2022\/06\/k-w342-300x188.jpg 300w, https:\/\/www.garlicline.com\/wp-content\/uploads\/2022\/06\/k-w342-768x480.jpg 768w, https:\/\/www.garlicline.com\/wp-content\/uploads\/2022\/06\/k-w342-600x375.jpg 600w\" sizes=\"(max-width: 800px) 100vw, 800px\" \/><\/p>\n<h2>O princ\u00edpio de funcionamento da m\u00e1quina de sele\u00e7\u00e3o de alho<\/h2>\n<p>Atrav\u00e9s da rota\u00e7\u00e3o da chumaceira, os rolos no leito de classifica\u00e7\u00e3o s\u00e3o levados a avan\u00e7ar em paralelo, e o espa\u00e7o entre os rolos \u00e9 gradualmente aumentado para atingir o tamanho correspondente do alho, de modo a que o alho caia do espa\u00e7o entre os rolos para a entrega da fruta. Para completar o objetivo de classificar o tamanho do alho, as especifica\u00e7\u00f5es de classifica\u00e7\u00e3o da m\u00e1quina de classifica\u00e7\u00e3o de alho podem ser ajustadas \u00e0 vontade.<\/p>\n<h2>Par\u00e2metros da m\u00e1quina de sele\u00e7\u00e3o de alho<\/h2>\n<ol>\n<li>Tamanho: 4000*1300*1100MM<\/li>\n<li>Pot\u00eancia: 2,2KW<\/li>\n<li>Produ\u00e7\u00e3o: 2 toneladas por hora<\/li>\n<li>Material: A\u00e7o inoxid\u00e1vel 304<\/li>\n<\/ol>\n<p>O alho descascado pode ser diretamente embalado ap\u00f3s a classifica\u00e7\u00e3o, incluindo a embalagem a v\u00e1cuo e a embalagem para pesagem. <a href=\"https:\/\/www.garlicline.com\/pt\/produto\/garlic-vacuum-packing-machine\/\"><strong>m\u00e1quina de embalar alho em v\u00e1cuo <\/strong><\/a>e m\u00e1quinas de pesagem de embalagens. Se estiver interessado, por favor deixe uma mensagem para contacto.<\/p>\n<hr \/>\n<h2 style=\"text-align: center;\">-Deixe uma mensagem para uma cita\u00e7\u00e3o-<\/h2>\n\n<div class=\"wpcf7 no-js\" id=\"wpcf7-f1191-o1\" lang=\"en-US\" dir=\"ltr\" data-wpcf7-id=\"1191\">\n<div class=\"screen-reader-response\"><p role=\"status\" aria-live=\"polite\" aria-atomic=\"true\"><\/p> <ul><\/ul><\/div>\n<form action=\"\/pt\/wp-json\/wp\/v2\/product\/1332#wpcf7-f1191-o1\" method=\"post\" class=\"wpcf7-form init\" aria-label=\"Formul\u00e1rio de contacto\" novalidate=\"novalidate\" data-status=\"init\" data-trp-original-action=\"\/pt\/wp-json\/wp\/v2\/product\/1332#wpcf7-f1191-o1\">\n<fieldset class=\"hidden-fields-container\"><input type=\"hidden\" name=\"_wpcf7\" value=\"1191\" \/><input type=\"hidden\" name=\"_wpcf7_version\" value=\"6.1.1\" \/><input type=\"hidden\" name=\"_wpcf7_locale\" value=\"en_US\" \/><input type=\"hidden\" name=\"_wpcf7_unit_tag\" value=\"wpcf7-f1191-o1\" \/><input type=\"hidden\" name=\"_wpcf7_container_post\" value=\"0\" \/><input type=\"hidden\" name=\"_wpcf7_posted_data_hash\" value=\"\" \/>\n<\/fieldset>\n<div class='proformleft'>\n\t<p><label> O seu nome<br \/>\n<span class=\"wpcf7-form-control-wrap\" data-name=\"your-name\"><input size=\"40\" maxlength=\"400\" class=\"wpcf7-form-control wpcf7-text\" aria-invalid=\"false\" value=\"\" type=\"text\" name=\"your-name\" \/><\/span> <\/label>\n\t<\/p>\n\t<p><label> *O seu e-mail<br \/>\n<span class=\"wpcf7-form-control-wrap\" data-name=\"your-email\"><input size=\"40\" maxlength=\"400\" class=\"wpcf7-form-control wpcf7-email wpcf7-validates-as-required wpcf7-text wpcf7-validates-as-email\" aria-required=\"true\" aria-invalid=\"false\" value=\"\" type=\"email\" name=\"your-email\" \/><\/span> <\/label>\n\t<\/p>\n\t<p><label> *O seu telefone<br \/>\n<span class=\"wpcf7-form-control-wrap\" data-name=\"tel-224\"><input size=\"40\" maxlength=\"400\" class=\"wpcf7-form-control wpcf7-tel wpcf7-validates-as-required wpcf7-text wpcf7-validates-as-tel\" aria-required=\"true\" aria-invalid=\"false\" value=\"\" type=\"tel\" name=\"tel-224\" \/><\/span> <\/label>\n\t<\/p>\n\t<p><label> O seu pa\u00eds<br \/>\n<span class=\"wpcf7-form-control-wrap\" data-name=\"your-country\"><input size=\"40\" maxlength=\"400\" class=\"wpcf7-form-control wpcf7-text\" aria-invalid=\"false\" value=\"\" type=\"text\" name=\"your-country\" \/><\/span> <\/label>\n\t<\/p>\n<\/div>\n<div class='proformright'>\n\t<p><label> *A sua mensagem<br \/>\n<span class=\"wpcf7-form-control-wrap\" data-name=\"your-message\"><textarea cols=\"40\" rows=\"10\" maxlength=\"2000\" class=\"wpcf7-form-control wpcf7-textarea wpcf7-validates-as-required\" aria-required=\"true\" aria-invalid=\"false\" name=\"your-message\"><\/textarea><\/span> <\/label>\n\t<\/p>\n\t<p><input class=\"wpcf7-form-control wpcf7-submit has-spinner\" type=\"submit\" value=\"Enviar\" \/>\n\t<\/p>\n<\/div>\n<div style='clear:both'>\n<\/div><p style=\"display: none !important;\" class=\"akismet-fields-container\" data-prefix=\"_wpcf7_ak_\"><label>&#916;<textarea name=\"_wpcf7_ak_hp_textarea\" cols=\"45\" rows=\"8\" maxlength=\"100\"><\/textarea><\/label><input type=\"hidden\" id=\"ak_js_1\" name=\"_wpcf7_ak_js\" value=\"95\"\/><script>document.getElementById( \"ak_js_1\" ).setAttribute( \"value\", ( new Date() ).getTime() );<\/script><\/p><div class=\"wpcf7-response-output\" aria-hidden=\"true\"><\/div>\n<input type=\"hidden\" name=\"trp-form-language\" value=\"pt\"\/><\/form>\n<\/div>\n\n<p>&nbsp;<\/p>\n<div style='text-align:left' class='yasr-auto-insert-visitor'><\/div>","protected":false},"excerpt":{"rendered":"<ol>\n<li>Tamanho: 4000*1300*1100MM<\/li>\n<li>Pot\u00eancia: 2,2KW<\/li>\n<li>Produ\u00e7\u00e3o: 2 toneladas por hora<\/li>\n<li>Material: A\u00e7o inoxid\u00e1vel 304<\/li>\n<\/ol>","protected":false},"featured_media":1334,"comment_status":"open","ping_status":"closed","template":"","meta":{"site-sidebar-layout":"default","site-content-layout":"default","ast-global-header-display":"","ast-main-header-display":"","ast-hfb-above-header-display":"","ast-hfb-below-header-display":"","ast-hfb-mobile-header-display":"","site-post-title":"","ast-breadcrumbs-content":"","ast-featured-img":"","footer-sml-layout":"","theme-transparent-header-meta":"default","adv-header-id-meta":"","stick-header-meta":"","header-above-stick-meta":"","header-main-stick-meta":"","header-below-stick-meta":"","yasr_overall_rating":0,"yasr_post_is_review":"","yasr_auto_insert_disabled":"","yasr_review_type":""},"product_brand":[],"product_cat":[33],"product_tag":[],"class_list":{"0":"post-1332","1":"product","2":"type-product","3":"status-publish","4":"has-post-thumbnail","6":"product_cat-products","8":"first","9":"instock","10":"shipping-taxable","11":"product-type-simple"},"yoast_head":"<!-- This site is optimized with the Yoast SEO plugin v25.7 - https:\/\/yoast.com\/wordpress\/plugins\/seo\/ -->\n<title>Multifunction Peeled Garlic Sorting Machine<\/title>\n<meta name=\"description\" content=\"Garlic sorting is also convenient for the later classification and packaging of garlic. Garlic sorting machine replaces manual work to complete this time-consuming and laborious work.\" \/>\n<meta name=\"robots\" content=\"index, follow, max-snippet:-1, max-image-preview:large, max-video-preview:-1\" \/>\n<link rel=\"canonical\" href=\"https:\/\/www.garlicline.com\/pt\/produto\/multifunction-peeled-garlic-sorting-machine\/\" \/>\n<meta property=\"og:locale\" content=\"pt_PT\" \/>\n<meta property=\"og:type\" content=\"article\" \/>\n<meta property=\"og:title\" content=\"Multifunction Peeled Garlic Sorting Machine\" \/>\n<meta property=\"og:description\" content=\"Garlic sorting is also convenient for the later classification and packaging of garlic. Garlic sorting machine replaces manual work to complete this time-consuming and laborious work.\" \/>\n<meta property=\"og:url\" content=\"https:\/\/www.garlicline.com\/pt\/produto\/multifunction-peeled-garlic-sorting-machine\/\" \/>\n<meta property=\"og:site_name\" content=\"garlicline\" \/>\n<meta property=\"article:modified_time\" content=\"2026-03-31T07:26:26+00:00\" \/>\n<meta property=\"og:image\" content=\"https:\/\/www.garlicline.com\/wp-content\/uploads\/2022\/06\/zhu67tu-1.jpg\" \/>\n\t<meta property=\"og:image:width\" content=\"600\" \/>\n\t<meta property=\"og:image:height\" content=\"600\" \/>\n\t<meta property=\"og:image:type\" content=\"image\/jpeg\" \/>\n<meta name=\"twitter:card\" content=\"summary_large_image\" \/>\n<meta name=\"twitter:label1\" content=\"Tempo estimado de leitura\" \/>\n\t<meta name=\"twitter:data1\" content=\"2 minutos\" \/>\n<script type=\"application\/ld+json\" class=\"yoast-schema-graph\">{\"@context\":\"https:\/\/schema.org\",\"@graph\":[{\"@type\":\"WebPage\",\"@id\":\"https:\/\/www.garlicline.com\/product\/multifunction-peeled-garlic-sorting-machine\/\",\"url\":\"https:\/\/www.garlicline.com\/product\/multifunction-peeled-garlic-sorting-machine\/\",\"name\":\"Multifunction Peeled Garlic Sorting Machine\",\"isPartOf\":{\"@id\":\"https:\/\/www.garlicline.com\/#website\"},\"primaryImageOfPage\":{\"@id\":\"https:\/\/www.garlicline.com\/product\/multifunction-peeled-garlic-sorting-machine\/#primaryimage\"},\"image\":{\"@id\":\"https:\/\/www.garlicline.com\/product\/multifunction-peeled-garlic-sorting-machine\/#primaryimage\"},\"thumbnailUrl\":\"https:\/\/www.garlicline.com\/wp-content\/uploads\/2022\/06\/zhu67tu-1.jpg\",\"datePublished\":\"2022-06-28T11:10:33+00:00\",\"dateModified\":\"2026-03-31T07:26:26+00:00\",\"description\":\"Garlic sorting is also convenient for the later classification and packaging of garlic. Garlic sorting machine replaces manual work to complete this time-consuming and laborious work.\",\"breadcrumb\":{\"@id\":\"https:\/\/www.garlicline.com\/product\/multifunction-peeled-garlic-sorting-machine\/#breadcrumb\"},\"inLanguage\":\"pt-PT\",\"potentialAction\":[{\"@type\":\"ReadAction\",\"target\":[\"https:\/\/www.garlicline.com\/product\/multifunction-peeled-garlic-sorting-machine\/\"]}]},{\"@type\":\"ImageObject\",\"inLanguage\":\"pt-PT\",\"@id\":\"https:\/\/www.garlicline.com\/product\/multifunction-peeled-garlic-sorting-machine\/#primaryimage\",\"url\":\"https:\/\/www.garlicline.com\/wp-content\/uploads\/2022\/06\/zhu67tu-1.jpg\",\"contentUrl\":\"https:\/\/www.garlicline.com\/wp-content\/uploads\/2022\/06\/zhu67tu-1.jpg\",\"width\":600,\"height\":600,\"caption\":\"peeled garlic sorting machine\"},{\"@type\":\"BreadcrumbList\",\"@id\":\"https:\/\/www.garlicline.com\/product\/multifunction-peeled-garlic-sorting-machine\/#breadcrumb\",\"itemListElement\":[{\"@type\":\"ListItem\",\"position\":1,\"name\":\"Home\",\"item\":\"https:\/\/www.garlicline.com\/\"},{\"@type\":\"ListItem\",\"position\":2,\"name\":\"Products\",\"item\":\"https:\/\/www.garlicline.com\/products\/\"},{\"@type\":\"ListItem\",\"position\":3,\"name\":\"Multifunction Peeled Garlic Sorting Machine\"}]},{\"@type\":\"WebSite\",\"@id\":\"https:\/\/www.garlicline.com\/#website\",\"url\":\"https:\/\/www.garlicline.com\/\",\"name\":\"garlicline\",\"description\":\"garlic processing machine supplier\",\"publisher\":{\"@id\":\"https:\/\/www.garlicline.com\/#organization\"},\"potentialAction\":[{\"@type\":\"SearchAction\",\"target\":{\"@type\":\"EntryPoint\",\"urlTemplate\":\"https:\/\/www.garlicline.com\/?s={search_term_string}\"},\"query-input\":{\"@type\":\"PropertyValueSpecification\",\"valueRequired\":true,\"valueName\":\"search_term_string\"}}],\"inLanguage\":\"pt-PT\"},{\"@type\":\"Organization\",\"@id\":\"https:\/\/www.garlicline.com\/#organization\",\"name\":\"garlicline\",\"url\":\"https:\/\/www.garlicline.com\/\",\"logo\":{\"@type\":\"ImageObject\",\"inLanguage\":\"pt-PT\",\"@id\":\"https:\/\/www.garlicline.com\/#\/schema\/logo\/image\/\",\"url\":\"https:\/\/www.garlicline.com\/wp-content\/uploads\/2025\/05\/cropped-gelgoog-logo-1.png\",\"contentUrl\":\"https:\/\/www.garlicline.com\/wp-content\/uploads\/2025\/05\/cropped-gelgoog-logo-1.png\",\"width\":434,\"height\":267,\"caption\":\"garlicline\"},\"image\":{\"@id\":\"https:\/\/www.garlicline.com\/#\/schema\/logo\/image\/\"}},false]}<\/script>\n<!-- \/ Yoast SEO plugin. -->","yoast_head_json":{"title":"M\u00e1quina multifun\u00e7\u00f5es de sele\u00e7\u00e3o de alho descascado","description":"A sele\u00e7\u00e3o do alho \u00e9 tamb\u00e9m conveniente para a posterior classifica\u00e7\u00e3o e embalagem do alho. A m\u00e1quina de sele\u00e7\u00e3o de alho substitui o trabalho manual para completar este trabalho moroso e laborioso.","robots":{"index":"index","follow":"follow","max-snippet":"max-snippet:-1","max-image-preview":"max-image-preview:large","max-video-preview":"max-video-preview:-1"},"canonical":"https:\/\/www.garlicline.com\/pt\/produto\/multifunction-peeled-garlic-sorting-machine\/","og_locale":"pt_PT","og_type":"article","og_title":"Multifunction Peeled Garlic Sorting Machine","og_description":"Garlic sorting is also convenient for the later classification and packaging of garlic. Garlic sorting machine replaces manual work to complete this time-consuming and laborious work.","og_url":"https:\/\/www.garlicline.com\/pt\/produto\/multifunction-peeled-garlic-sorting-machine\/","og_site_name":"garlicline","article_modified_time":"2026-03-31T07:26:26+00:00","og_image":[{"width":600,"height":600,"url":"https:\/\/www.garlicline.com\/wp-content\/uploads\/2022\/06\/zhu67tu-1.jpg","type":"image\/jpeg"}],"twitter_card":"summary_large_image","twitter_misc":{"Tempo estimado de leitura":"2 minutos"},"schema":{"@context":"https:\/\/schema.org","@graph":[{"@type":"WebPage","@id":"https:\/\/www.garlicline.com\/product\/multifunction-peeled-garlic-sorting-machine\/","url":"https:\/\/www.garlicline.com\/product\/multifunction-peeled-garlic-sorting-machine\/","name":"M\u00e1quina multifun\u00e7\u00f5es de sele\u00e7\u00e3o de alho descascado","isPartOf":{"@id":"https:\/\/www.garlicline.com\/#website"},"primaryImageOfPage":{"@id":"https:\/\/www.garlicline.com\/product\/multifunction-peeled-garlic-sorting-machine\/#primaryimage"},"image":{"@id":"https:\/\/www.garlicline.com\/product\/multifunction-peeled-garlic-sorting-machine\/#primaryimage"},"thumbnailUrl":"https:\/\/www.garlicline.com\/wp-content\/uploads\/2022\/06\/zhu67tu-1.jpg","datePublished":"2022-06-28T11:10:33+00:00","dateModified":"2026-03-31T07:26:26+00:00","description":"A sele\u00e7\u00e3o do alho \u00e9 tamb\u00e9m conveniente para a posterior classifica\u00e7\u00e3o e embalagem do alho. A m\u00e1quina de sele\u00e7\u00e3o de alho substitui o trabalho manual para completar este trabalho moroso e laborioso.","breadcrumb":{"@id":"https:\/\/www.garlicline.com\/product\/multifunction-peeled-garlic-sorting-machine\/#breadcrumb"},"inLanguage":"pt-PT","potentialAction":[{"@type":"ReadAction","target":["https:\/\/www.garlicline.com\/product\/multifunction-peeled-garlic-sorting-machine\/"]}]},{"@type":"ImageObject","inLanguage":"pt-PT","@id":"https:\/\/www.garlicline.com\/product\/multifunction-peeled-garlic-sorting-machine\/#primaryimage","url":"https:\/\/www.garlicline.com\/wp-content\/uploads\/2022\/06\/zhu67tu-1.jpg","contentUrl":"https:\/\/www.garlicline.com\/wp-content\/uploads\/2022\/06\/zhu67tu-1.jpg","width":600,"height":600,"caption":"peeled garlic sorting machine"},{"@type":"BreadcrumbList","@id":"https:\/\/www.garlicline.com\/product\/multifunction-peeled-garlic-sorting-machine\/#breadcrumb","itemListElement":[{"@type":"ListItem","position":1,"name":"Home","item":"https:\/\/www.garlicline.com\/"},{"@type":"ListItem","position":2,"name":"Products","item":"https:\/\/www.garlicline.com\/products\/"},{"@type":"ListItem","position":3,"name":"Multifunction Peeled Garlic Sorting Machine"}]},{"@type":"WebSite","@id":"https:\/\/www.garlicline.com\/#website","url":"https:\/\/www.garlicline.com\/","name":"linha de alho","description":"fornecedor de m\u00e1quinas de transforma\u00e7\u00e3o de alho","publisher":{"@id":"https:\/\/www.garlicline.com\/#organization"},"potentialAction":[{"@type":"SearchAction","target":{"@type":"EntryPoint","urlTemplate":"https:\/\/www.garlicline.com\/?s={search_term_string}"},"query-input":{"@type":"PropertyValueSpecification","valueRequired":true,"valueName":"search_term_string"}}],"inLanguage":"pt-PT"},{"@type":"Organization","@id":"https:\/\/www.garlicline.com\/#organization","name":"linha de alho","url":"https:\/\/www.garlicline.com\/","logo":{"@type":"ImageObject","inLanguage":"pt-PT","@id":"https:\/\/www.garlicline.com\/#\/schema\/logo\/image\/","url":"https:\/\/www.garlicline.com\/wp-content\/uploads\/2025\/05\/cropped-gelgoog-logo-1.png","contentUrl":"https:\/\/www.garlicline.com\/wp-content\/uploads\/2025\/05\/cropped-gelgoog-logo-1.png","width":434,"height":267,"caption":"garlicline"},"image":{"@id":"https:\/\/www.garlicline.com\/#\/schema\/logo\/image\/"}},false]}},"yasr_visitor_votes":{"stars_attributes":{"read_only":false,"span_bottom":false},"number_of_votes":1,"sum_votes":5},"_links":{"self":[{"href":"https:\/\/www.garlicline.com\/pt\/wp-json\/wp\/v2\/product\/1332","targetHints":{"allow":["GET"]}}],"collection":[{"href":"https:\/\/www.garlicline.com\/pt\/wp-json\/wp\/v2\/product"}],"about":[{"href":"https:\/\/www.garlicline.com\/pt\/wp-json\/wp\/v2\/types\/product"}],"replies":[{"embeddable":true,"href":"https:\/\/www.garlicline.com\/pt\/wp-json\/wp\/v2\/comments?post=1332"}],"version-history":[{"count":0,"href":"https:\/\/www.garlicline.com\/pt\/wp-json\/wp\/v2\/product\/1332\/revisions"}],"wp:featuredmedia":[{"embeddable":true,"href":"https:\/\/www.garlicline.com\/pt\/wp-json\/wp\/v2\/media\/1334"}],"wp:attachment":[{"href":"https:\/\/www.garlicline.com\/pt\/wp-json\/wp\/v2\/media?parent=1332"}],"wp:term":[{"taxonomy":"product_brand","embeddable":true,"href":"https:\/\/www.garlicline.com\/pt\/wp-json\/wp\/v2\/product_brand?post=1332"},{"taxonomy":"product_cat","embeddable":true,"href":"https:\/\/www.garlicline.com\/pt\/wp-json\/wp\/v2\/product_cat?post=1332"},{"taxonomy":"product_tag","embeddable":true,"href":"https:\/\/www.garlicline.com\/pt\/wp-json\/wp\/v2\/product_tag?post=1332"}],"curies":[{"name":"wp","href":"https:\/\/api.w.org\/{rel}","templated":true}]}}