{"id":2585,"date":"2025-02-14T07:16:25","date_gmt":"2025-02-14T07:16:25","guid":{"rendered":"https:\/\/www.garlicline.com\/?post_type=product&#038;p=2585"},"modified":"2026-02-03T17:57:41","modified_gmt":"2026-02-03T17:57:41","slug":"garlic-clove-splitting-machine-roller-style","status":"publish","type":"product","link":"https:\/\/www.garlicline.com\/pt\/produto\/garlic-clove-splitting-machine-roller-style\/","title":{"rendered":"M\u00e1quina de dividir cravo de alho com rolo"},"content":{"rendered":"<p>A m\u00e1quina de dividir dentes de alho resolve a dificuldade de descascar alho manualmente em grandes quantidades. N\u00e3o s\u00f3 liberta as m\u00e3os das pessoas, como tamb\u00e9m melhora muito a efici\u00eancia da produ\u00e7\u00e3o e reduz os custos de m\u00e3o de obra. A m\u00e1quina de dividir alho \u00e9, sem d\u00favida, uma b\u00ean\u00e7\u00e3o para as ind\u00fastrias que precisam de utilizar um grande n\u00famero de dentes de alho, como as f\u00e1bricas de transforma\u00e7\u00e3o de alimentos e as empresas de restaura\u00e7\u00e3o.<\/p>\n<p><img fetchpriority=\"high\" decoding=\"async\" class=\"alignnone size-full wp-image-2586\" src=\"https:\/\/www.garlicline.com\/wp-content\/uploads\/2025\/02\/garlic-clove-splitting-machine-for-sale.jpg\" alt=\"m\u00e1quina de cortar dentes de alho para venda\" width=\"630\" height=\"400\" srcset=\"https:\/\/www.garlicline.com\/wp-content\/uploads\/2025\/02\/garlic-clove-splitting-machine-for-sale.jpg 630w, https:\/\/www.garlicline.com\/wp-content\/uploads\/2025\/02\/garlic-clove-splitting-machine-for-sale-300x190.jpg 300w, https:\/\/www.garlicline.com\/wp-content\/uploads\/2025\/02\/garlic-clove-splitting-machine-for-sale-18x12.jpg 18w, https:\/\/www.garlicline.com\/wp-content\/uploads\/2025\/02\/garlic-clove-splitting-machine-for-sale-600x381.jpg 600w, https:\/\/www.garlicline.com\/wp-content\/uploads\/2025\/02\/garlic-clove-splitting-machine-for-sale-64x41.jpg 64w\" sizes=\"(max-width: 630px) 100vw, 630px\" \/><\/p>\n<h2>Como funciona a m\u00e1quina de cortar dentes de alho?<\/h2>\n<p>O princ\u00edpio fundamental da m\u00e1quina de dividir alho \u00e9 simular a a\u00e7\u00e3o manual de descascar alho por meios f\u00edsicos. Quando o equipamento est\u00e1 a funcionar, toda a cabe\u00e7a de alho \u00e9 enviada para a caixa de triagem. Ap\u00f3s a vibra\u00e7\u00e3o regular da placa vibrat\u00f3ria flex\u00edvel ou do tambor, os dentes de alho s\u00e3o naturalmente separados da placa de raiz e entram na \u00e1rea de separa\u00e7\u00e3o dos dentes atrav\u00e9s da correia transportadora. Aqui, a escova de silicone rotativa de alta velocidade ou o dispositivo de press\u00e3o de ar descasca suavemente a pele do dente de alho e remove com precis\u00e3o os dentes de alho danificados ou podres e, finalmente, produz gr\u00e3os de alho completos e limpos.<\/p>\n<p><iframe title=\"M\u00e1quina de dividir cravo de alho com rolo\" src=\"https:\/\/www.youtube.com\/embed\/BWUwVKBkqHk\" width=\"630\" height=\"400\" frameborder=\"0\" allowfullscreen=\"allowfullscreen\"><span data-mce-type=\"bookmark\" style=\"display: inline-block; width: 0px; overflow: hidden; line-height: 0;\" class=\"mce_SELRES_start\">Obrigado por entrar em contato conosco.<\/span><\/iframe><\/p>\n<h2>Porque \u00e9 que as empresas gostam de utilizar a m\u00e1quina de dividir cravos de alho?<\/h2>\n<p>1. Salto de efici\u00eancia: um \u00fanico dispositivo pode processar toneladas de alho por hora, o que equivale \u00e0 carga de trabalho de 30 trabalhadores;<br \/>\n2. Redu\u00e7\u00e3o de custos: reduz os custos de m\u00e3o de obra em mais de 90%, e a m\u00e1quina de dividir alho pode funcionar continuamente durante 24 horas;<br \/>\n3. Garantia de qualidade: o efeito da separa\u00e7\u00e3o do cravo-da-\u00edndia \u00e9 muito bom e a taxa de integralidade dos produtos acabados \u00e9 t\u00e3o elevada como 98%;<br \/>\n4. Atualiza\u00e7\u00e3o da prote\u00e7\u00e3o ambiental: a conce\u00e7\u00e3o fechada reduz os salpicos de pele de alho, e o equipamento de remo\u00e7\u00e3o de poeiras de apoio e o dispositivo de recolha de pele de alho reduzem a polui\u00e7\u00e3o da oficina.<\/p>\n<p><img decoding=\"async\" class=\"alignnone size-full wp-image-2594\" src=\"https:\/\/www.garlicline.com\/wp-content\/uploads\/2025\/02\/garlic-splitting-machine-for-sale.jpg\" alt=\"m\u00e1quina de cortar alho para venda\" width=\"630\" height=\"400\" srcset=\"https:\/\/www.garlicline.com\/wp-content\/uploads\/2025\/02\/garlic-splitting-machine-for-sale.jpg 630w, https:\/\/www.garlicline.com\/wp-content\/uploads\/2025\/02\/garlic-splitting-machine-for-sale-300x190.jpg 300w, https:\/\/www.garlicline.com\/wp-content\/uploads\/2025\/02\/garlic-splitting-machine-for-sale-18x12.jpg 18w, https:\/\/www.garlicline.com\/wp-content\/uploads\/2025\/02\/garlic-splitting-machine-for-sale-600x381.jpg 600w, https:\/\/www.garlicline.com\/wp-content\/uploads\/2025\/02\/garlic-splitting-machine-for-sale-64x41.jpg 64w\" sizes=\"(max-width: 630px) 100vw, 630px\" \/><\/p>\n<h2>Cen\u00e1rios de aplica\u00e7\u00e3o da m\u00e1quina divisora de alho<\/h2>\n<p>- Cooperativas agr\u00edcolas: ajudam os agricultores a concluir eficazmente a primeira transforma\u00e7\u00e3o do alho ap\u00f3s a colheita.<br \/>\nF\u00e1bricas de processamento de alimentos: fornecem mat\u00e9rias-primas de alta qualidade para a produ\u00e7\u00e3o de produtos de processamento profundo, como pasta de alho e fatias de alho.<br \/>\n- Exportadores: satisfazer a procura do mercado internacional de produtos de alho de alta qualidade e promover o desenvolvimento do com\u00e9rcio externo.<\/p>\n<p>A m\u00e1quina divisora de alho industrial \u00e9 o produto da combina\u00e7\u00e3o de tecnologia moderna e agricultura tradicional, e \u00e9 um equipamento essencial para o processamento de alho. N\u00f3s somos um fabricante de equipamentos de processamento de alho, bem como <a href=\"https:\/\/www.garlicline.com\/pt\/produto\/continuous-garlic-peeling-machine\/\"><strong>m\u00e1quina de descascar alho<\/strong><\/a>. Se pretender obter mais informa\u00e7\u00f5es, pode deixar uma mensagem em qualquer altura.<\/p>\n<hr \/>\n<p style=\"text-align: center;\"><strong>-Deixe uma mensagem para uma cita\u00e7\u00e3o-<\/strong><\/p>\n\n<div class=\"wpcf7 no-js\" id=\"wpcf7-f1191-o1\" lang=\"en-US\" dir=\"ltr\" data-wpcf7-id=\"1191\">\n<div class=\"screen-reader-response\"><p role=\"status\" aria-live=\"polite\" aria-atomic=\"true\"><\/p> <ul><\/ul><\/div>\n<form action=\"\/pt\/wp-json\/wp\/v2\/product\/2585#wpcf7-f1191-o1\" method=\"post\" class=\"wpcf7-form init\" aria-label=\"Formul\u00e1rio de contacto\" novalidate=\"novalidate\" data-status=\"init\" data-trp-original-action=\"\/pt\/wp-json\/wp\/v2\/product\/2585#wpcf7-f1191-o1\">\n<fieldset class=\"hidden-fields-container\"><input type=\"hidden\" name=\"_wpcf7\" value=\"1191\" \/><input type=\"hidden\" name=\"_wpcf7_version\" value=\"6.1.1\" \/><input type=\"hidden\" name=\"_wpcf7_locale\" value=\"en_US\" \/><input type=\"hidden\" name=\"_wpcf7_unit_tag\" value=\"wpcf7-f1191-o1\" \/><input type=\"hidden\" name=\"_wpcf7_container_post\" value=\"0\" \/><input type=\"hidden\" name=\"_wpcf7_posted_data_hash\" value=\"\" \/>\n<\/fieldset>\n<div class='proformleft'>\n\t<p><label> O seu nome<br \/>\n<span class=\"wpcf7-form-control-wrap\" data-name=\"your-name\"><input size=\"40\" maxlength=\"400\" class=\"wpcf7-form-control wpcf7-text\" aria-invalid=\"false\" value=\"\" type=\"text\" name=\"your-name\" \/><\/span> <\/label>\n\t<\/p>\n\t<p><label> *O seu e-mail<br \/>\n<span class=\"wpcf7-form-control-wrap\" data-name=\"your-email\"><input size=\"40\" maxlength=\"400\" class=\"wpcf7-form-control wpcf7-email wpcf7-validates-as-required wpcf7-text wpcf7-validates-as-email\" aria-required=\"true\" aria-invalid=\"false\" value=\"\" type=\"email\" name=\"your-email\" \/><\/span> <\/label>\n\t<\/p>\n\t<p><label> *O seu telefone<br \/>\n<span class=\"wpcf7-form-control-wrap\" data-name=\"tel-224\"><input size=\"40\" maxlength=\"400\" class=\"wpcf7-form-control wpcf7-tel wpcf7-validates-as-required wpcf7-text wpcf7-validates-as-tel\" aria-required=\"true\" aria-invalid=\"false\" value=\"\" type=\"tel\" name=\"tel-224\" \/><\/span> <\/label>\n\t<\/p>\n\t<p><label> O seu pa\u00eds<br \/>\n<span class=\"wpcf7-form-control-wrap\" data-name=\"your-country\"><input size=\"40\" maxlength=\"400\" class=\"wpcf7-form-control wpcf7-text\" aria-invalid=\"false\" value=\"\" type=\"text\" name=\"your-country\" \/><\/span> <\/label>\n\t<\/p>\n<\/div>\n<div class='proformright'>\n\t<p><label> *A sua mensagem<br \/>\n<span class=\"wpcf7-form-control-wrap\" data-name=\"your-message\"><textarea cols=\"40\" rows=\"10\" maxlength=\"2000\" class=\"wpcf7-form-control wpcf7-textarea wpcf7-validates-as-required\" aria-required=\"true\" aria-invalid=\"false\" name=\"your-message\"><\/textarea><\/span> <\/label>\n\t<\/p>\n\t<p><input class=\"wpcf7-form-control wpcf7-submit has-spinner\" type=\"submit\" value=\"Enviar\" \/>\n\t<\/p>\n<\/div>\n<div style='clear:both'>\n<\/div><p style=\"display: none !important;\" class=\"akismet-fields-container\" data-prefix=\"_wpcf7_ak_\"><label>&#916;<textarea name=\"_wpcf7_ak_hp_textarea\" cols=\"45\" rows=\"8\" maxlength=\"100\"><\/textarea><\/label><input type=\"hidden\" id=\"ak_js_1\" name=\"_wpcf7_ak_js\" value=\"239\"\/><script>document.getElementById( \"ak_js_1\" ).setAttribute( \"value\", ( new Date() ).getTime() );<\/script><\/p><div class=\"wpcf7-response-output\" aria-hidden=\"true\"><\/div>\n<input type=\"hidden\" name=\"trp-form-language\" value=\"pt\"\/><\/form>\n<\/div>\n\n<div style='text-align:left' class='yasr-auto-insert-visitor'><\/div>","protected":false},"excerpt":{"rendered":"<p>A m\u00e1quina de dividir dentes de alho resolve a dificuldade de descascar alho manualmente em grandes quantidades. N\u00e3o s\u00f3 liberta as m\u00e3os das pessoas, como tamb\u00e9m melhora muito a efici\u00eancia da produ\u00e7\u00e3o e reduz os custos de m\u00e3o de obra. A m\u00e1quina de dividir alho \u00e9, sem d\u00favida, uma b\u00ean\u00e7\u00e3o para as ind\u00fastrias que precisam de usar um grande n\u00famero de dentes de alho, tais como f\u00e1bricas de processamento de alimentos ...<\/p>\n<p class=\"read-more\"> <a class=\"\" href=\"https:\/\/www.garlicline.com\/pt\/produto\/garlic-clove-splitting-machine-roller-style\/\"> <span class=\"screen-reader-text\">M\u00e1quina de dividir cravo de alho com rolo<\/span> Ler mais \"<\/a><\/p>","protected":false},"featured_media":2587,"comment_status":"open","ping_status":"closed","template":"","meta":{"site-sidebar-layout":"default","site-content-layout":"default","ast-global-header-display":"","ast-main-header-display":"","ast-hfb-above-header-display":"","ast-hfb-below-header-display":"","ast-hfb-mobile-header-display":"","site-post-title":"","ast-breadcrumbs-content":"","ast-featured-img":"","footer-sml-layout":"","theme-transparent-header-meta":"default","adv-header-id-meta":"","stick-header-meta":"","header-above-stick-meta":"","header-main-stick-meta":"","header-below-stick-meta":"","yasr_overall_rating":0,"yasr_post_is_review":"","yasr_auto_insert_disabled":"","yasr_review_type":""},"product_brand":[],"product_cat":[33],"product_tag":[],"class_list":{"0":"post-2585","1":"product","2":"type-product","3":"status-publish","4":"has-post-thumbnail","6":"product_cat-products","8":"first","9":"instock","10":"shipping-taxable","11":"product-type-simple"},"yoast_head":"<!-- This site is optimized with the Yoast SEO plugin v25.7 - https:\/\/yoast.com\/wordpress\/plugins\/seo\/ -->\n<title>Garlic Clove Splitting Machine Roller Style<\/title>\n<meta name=\"description\" content=\"Garlic clove splitting machine not only frees people&#039;s hands, but also greatly improves production efficiency and reduces labor costs\" \/>\n<meta name=\"robots\" content=\"index, follow, max-snippet:-1, max-image-preview:large, max-video-preview:-1\" \/>\n<link rel=\"canonical\" href=\"https:\/\/www.garlicline.com\/pt\/produto\/garlic-clove-splitting-machine-roller-style\/\" \/>\n<meta property=\"og:locale\" content=\"pt_PT\" \/>\n<meta property=\"og:type\" content=\"article\" \/>\n<meta property=\"og:title\" content=\"Garlic Clove Splitting Machine Roller Style\" \/>\n<meta property=\"og:description\" content=\"Garlic clove splitting machine not only frees people&#039;s hands, but also greatly improves production efficiency and reduces labor costs\" \/>\n<meta property=\"og:url\" content=\"https:\/\/www.garlicline.com\/pt\/produto\/garlic-clove-splitting-machine-roller-style\/\" \/>\n<meta property=\"og:site_name\" content=\"garlicline\" \/>\n<meta property=\"article:modified_time\" content=\"2026-02-03T17:57:41+00:00\" \/>\n<meta property=\"og:image\" content=\"https:\/\/www.garlicline.com\/wp-content\/uploads\/2025\/02\/garlic-splitting-machine.jpg\" \/>\n\t<meta property=\"og:image:width\" content=\"600\" \/>\n\t<meta property=\"og:image:height\" content=\"600\" \/>\n\t<meta property=\"og:image:type\" content=\"image\/jpeg\" \/>\n<meta name=\"twitter:card\" content=\"summary_large_image\" \/>\n<meta name=\"twitter:label1\" content=\"Tempo estimado de leitura\" \/>\n\t<meta name=\"twitter:data1\" content=\"2 minutos\" \/>\n<script type=\"application\/ld+json\" class=\"yoast-schema-graph\">{\"@context\":\"https:\/\/schema.org\",\"@graph\":[{\"@type\":\"WebPage\",\"@id\":\"https:\/\/www.garlicline.com\/product\/garlic-clove-splitting-machine-roller-style\/\",\"url\":\"https:\/\/www.garlicline.com\/product\/garlic-clove-splitting-machine-roller-style\/\",\"name\":\"Garlic Clove Splitting Machine Roller Style\",\"isPartOf\":{\"@id\":\"https:\/\/www.garlicline.com\/#website\"},\"primaryImageOfPage\":{\"@id\":\"https:\/\/www.garlicline.com\/product\/garlic-clove-splitting-machine-roller-style\/#primaryimage\"},\"image\":{\"@id\":\"https:\/\/www.garlicline.com\/product\/garlic-clove-splitting-machine-roller-style\/#primaryimage\"},\"thumbnailUrl\":\"https:\/\/www.garlicline.com\/wp-content\/uploads\/2025\/02\/garlic-splitting-machine.jpg\",\"datePublished\":\"2025-02-14T07:16:25+00:00\",\"dateModified\":\"2026-02-03T17:57:41+00:00\",\"description\":\"Garlic clove splitting machine not only frees people's hands, but also greatly improves production efficiency and reduces labor costs\",\"breadcrumb\":{\"@id\":\"https:\/\/www.garlicline.com\/product\/garlic-clove-splitting-machine-roller-style\/#breadcrumb\"},\"inLanguage\":\"pt-PT\",\"potentialAction\":[{\"@type\":\"ReadAction\",\"target\":[\"https:\/\/www.garlicline.com\/product\/garlic-clove-splitting-machine-roller-style\/\"]}]},{\"@type\":\"ImageObject\",\"inLanguage\":\"pt-PT\",\"@id\":\"https:\/\/www.garlicline.com\/product\/garlic-clove-splitting-machine-roller-style\/#primaryimage\",\"url\":\"https:\/\/www.garlicline.com\/wp-content\/uploads\/2025\/02\/garlic-splitting-machine.jpg\",\"contentUrl\":\"https:\/\/www.garlicline.com\/wp-content\/uploads\/2025\/02\/garlic-splitting-machine.jpg\",\"width\":600,\"height\":600},{\"@type\":\"BreadcrumbList\",\"@id\":\"https:\/\/www.garlicline.com\/product\/garlic-clove-splitting-machine-roller-style\/#breadcrumb\",\"itemListElement\":[{\"@type\":\"ListItem\",\"position\":1,\"name\":\"Home\",\"item\":\"https:\/\/www.garlicline.com\/\"},{\"@type\":\"ListItem\",\"position\":2,\"name\":\"Products\",\"item\":\"https:\/\/www.garlicline.com\/products\/\"},{\"@type\":\"ListItem\",\"position\":3,\"name\":\"Garlic Clove Splitting Machine Roller Style\"}]},{\"@type\":\"WebSite\",\"@id\":\"https:\/\/www.garlicline.com\/#website\",\"url\":\"https:\/\/www.garlicline.com\/\",\"name\":\"garlicline\",\"description\":\"garlic processing machine supplier\",\"publisher\":{\"@id\":\"https:\/\/www.garlicline.com\/#organization\"},\"potentialAction\":[{\"@type\":\"SearchAction\",\"target\":{\"@type\":\"EntryPoint\",\"urlTemplate\":\"https:\/\/www.garlicline.com\/?s={search_term_string}\"},\"query-input\":{\"@type\":\"PropertyValueSpecification\",\"valueRequired\":true,\"valueName\":\"search_term_string\"}}],\"inLanguage\":\"pt-PT\"},{\"@type\":\"Organization\",\"@id\":\"https:\/\/www.garlicline.com\/#organization\",\"name\":\"garlicline\",\"url\":\"https:\/\/www.garlicline.com\/\",\"logo\":{\"@type\":\"ImageObject\",\"inLanguage\":\"pt-PT\",\"@id\":\"https:\/\/www.garlicline.com\/#\/schema\/logo\/image\/\",\"url\":\"https:\/\/www.garlicline.com\/wp-content\/uploads\/2025\/05\/cropped-gelgoog-logo-1.png\",\"contentUrl\":\"https:\/\/www.garlicline.com\/wp-content\/uploads\/2025\/05\/cropped-gelgoog-logo-1.png\",\"width\":434,\"height\":267,\"caption\":\"garlicline\"},\"image\":{\"@id\":\"https:\/\/www.garlicline.com\/#\/schema\/logo\/image\/\"}},false]}<\/script>\n<!-- \/ Yoast SEO plugin. -->","yoast_head_json":{"title":"M\u00e1quina de dividir cravo de alho com rolo","description":"A m\u00e1quina de dividir cravos de alho n\u00e3o s\u00f3 liberta as m\u00e3os das pessoas, como tamb\u00e9m melhora consideravelmente a efici\u00eancia da produ\u00e7\u00e3o e reduz os custos de m\u00e3o de obra","robots":{"index":"index","follow":"follow","max-snippet":"max-snippet:-1","max-image-preview":"max-image-preview:large","max-video-preview":"max-video-preview:-1"},"canonical":"https:\/\/www.garlicline.com\/pt\/produto\/garlic-clove-splitting-machine-roller-style\/","og_locale":"pt_PT","og_type":"article","og_title":"Garlic Clove Splitting Machine Roller Style","og_description":"Garlic clove splitting machine not only frees people's hands, but also greatly improves production efficiency and reduces labor costs","og_url":"https:\/\/www.garlicline.com\/pt\/produto\/garlic-clove-splitting-machine-roller-style\/","og_site_name":"garlicline","article_modified_time":"2026-02-03T17:57:41+00:00","og_image":[{"width":600,"height":600,"url":"https:\/\/www.garlicline.com\/wp-content\/uploads\/2025\/02\/garlic-splitting-machine.jpg","type":"image\/jpeg"}],"twitter_card":"summary_large_image","twitter_misc":{"Tempo estimado de leitura":"2 minutos"},"schema":{"@context":"https:\/\/schema.org","@graph":[{"@type":"WebPage","@id":"https:\/\/www.garlicline.com\/product\/garlic-clove-splitting-machine-roller-style\/","url":"https:\/\/www.garlicline.com\/product\/garlic-clove-splitting-machine-roller-style\/","name":"M\u00e1quina de dividir cravo de alho com rolo","isPartOf":{"@id":"https:\/\/www.garlicline.com\/#website"},"primaryImageOfPage":{"@id":"https:\/\/www.garlicline.com\/product\/garlic-clove-splitting-machine-roller-style\/#primaryimage"},"image":{"@id":"https:\/\/www.garlicline.com\/product\/garlic-clove-splitting-machine-roller-style\/#primaryimage"},"thumbnailUrl":"https:\/\/www.garlicline.com\/wp-content\/uploads\/2025\/02\/garlic-splitting-machine.jpg","datePublished":"2025-02-14T07:16:25+00:00","dateModified":"2026-02-03T17:57:41+00:00","description":"A m\u00e1quina de dividir cravos de alho n\u00e3o s\u00f3 liberta as m\u00e3os das pessoas, como tamb\u00e9m melhora consideravelmente a efici\u00eancia da produ\u00e7\u00e3o e reduz os custos de m\u00e3o de obra","breadcrumb":{"@id":"https:\/\/www.garlicline.com\/product\/garlic-clove-splitting-machine-roller-style\/#breadcrumb"},"inLanguage":"pt-PT","potentialAction":[{"@type":"ReadAction","target":["https:\/\/www.garlicline.com\/product\/garlic-clove-splitting-machine-roller-style\/"]}]},{"@type":"ImageObject","inLanguage":"pt-PT","@id":"https:\/\/www.garlicline.com\/product\/garlic-clove-splitting-machine-roller-style\/#primaryimage","url":"https:\/\/www.garlicline.com\/wp-content\/uploads\/2025\/02\/garlic-splitting-machine.jpg","contentUrl":"https:\/\/www.garlicline.com\/wp-content\/uploads\/2025\/02\/garlic-splitting-machine.jpg","width":600,"height":600},{"@type":"BreadcrumbList","@id":"https:\/\/www.garlicline.com\/product\/garlic-clove-splitting-machine-roller-style\/#breadcrumb","itemListElement":[{"@type":"ListItem","position":1,"name":"Home","item":"https:\/\/www.garlicline.com\/"},{"@type":"ListItem","position":2,"name":"Products","item":"https:\/\/www.garlicline.com\/products\/"},{"@type":"ListItem","position":3,"name":"Garlic Clove Splitting Machine Roller Style"}]},{"@type":"WebSite","@id":"https:\/\/www.garlicline.com\/#website","url":"https:\/\/www.garlicline.com\/","name":"linha de alho","description":"fornecedor de m\u00e1quinas de transforma\u00e7\u00e3o de alho","publisher":{"@id":"https:\/\/www.garlicline.com\/#organization"},"potentialAction":[{"@type":"SearchAction","target":{"@type":"EntryPoint","urlTemplate":"https:\/\/www.garlicline.com\/?s={search_term_string}"},"query-input":{"@type":"PropertyValueSpecification","valueRequired":true,"valueName":"search_term_string"}}],"inLanguage":"pt-PT"},{"@type":"Organization","@id":"https:\/\/www.garlicline.com\/#organization","name":"linha de alho","url":"https:\/\/www.garlicline.com\/","logo":{"@type":"ImageObject","inLanguage":"pt-PT","@id":"https:\/\/www.garlicline.com\/#\/schema\/logo\/image\/","url":"https:\/\/www.garlicline.com\/wp-content\/uploads\/2025\/05\/cropped-gelgoog-logo-1.png","contentUrl":"https:\/\/www.garlicline.com\/wp-content\/uploads\/2025\/05\/cropped-gelgoog-logo-1.png","width":434,"height":267,"caption":"garlicline"},"image":{"@id":"https:\/\/www.garlicline.com\/#\/schema\/logo\/image\/"}},false]}},"yasr_visitor_votes":{"stars_attributes":{"read_only":false,"span_bottom":false},"number_of_votes":1,"sum_votes":5},"_links":{"self":[{"href":"https:\/\/www.garlicline.com\/pt\/wp-json\/wp\/v2\/product\/2585","targetHints":{"allow":["GET"]}}],"collection":[{"href":"https:\/\/www.garlicline.com\/pt\/wp-json\/wp\/v2\/product"}],"about":[{"href":"https:\/\/www.garlicline.com\/pt\/wp-json\/wp\/v2\/types\/product"}],"replies":[{"embeddable":true,"href":"https:\/\/www.garlicline.com\/pt\/wp-json\/wp\/v2\/comments?post=2585"}],"version-history":[{"count":0,"href":"https:\/\/www.garlicline.com\/pt\/wp-json\/wp\/v2\/product\/2585\/revisions"}],"wp:featuredmedia":[{"embeddable":true,"href":"https:\/\/www.garlicline.com\/pt\/wp-json\/wp\/v2\/media\/2587"}],"wp:attachment":[{"href":"https:\/\/www.garlicline.com\/pt\/wp-json\/wp\/v2\/media?parent=2585"}],"wp:term":[{"taxonomy":"product_brand","embeddable":true,"href":"https:\/\/www.garlicline.com\/pt\/wp-json\/wp\/v2\/product_brand?post=2585"},{"taxonomy":"product_cat","embeddable":true,"href":"https:\/\/www.garlicline.com\/pt\/wp-json\/wp\/v2\/product_cat?post=2585"},{"taxonomy":"product_tag","embeddable":true,"href":"https:\/\/www.garlicline.com\/pt\/wp-json\/wp\/v2\/product_tag?post=2585"}],"curies":[{"name":"wp","href":"https:\/\/api.w.org\/{rel}","templated":true}]}}