{"id":2601,"date":"2025-02-24T08:54:37","date_gmt":"2025-02-24T08:54:37","guid":{"rendered":"https:\/\/www.garlicline.com\/?post_type=product&#038;p=2601"},"modified":"2026-02-03T17:59:05","modified_gmt":"2026-02-03T17:59:05","slug":"peeled-garlic-production-line-turnkey","status":"publish","type":"product","link":"https:\/\/www.garlicline.com\/pt\/produto\/peeled-garlic-production-line-turnkey\/","title":{"rendered":"Linha de produ\u00e7\u00e3o de alho descascado chave na m\u00e3o 1-5t\/H"},"content":{"rendered":"<p>A nossa linha de produ\u00e7\u00e3o de alho descascado industrial \u00e9 especialmente concebida para o processamento de alho em grande escala. Integra limpeza, sele\u00e7\u00e3o, descasque, esteriliza\u00e7\u00e3o e embalagem. Utiliza tecnologia de automa\u00e7\u00e3o para substituir o trabalho manual tradicional. A capacidade de processamento di\u00e1rio pode chegar a 10-50 toneladas. A linha de produ\u00e7\u00e3o de dentes de alho \u00e9 adequada para o processamento de alho fresco, alho congelado, dentes de alho e outras formas, atendendo aos altos padr\u00f5es de f\u00e1bricas de alimentos, empresas de condimentos e comerciantes de exporta\u00e7\u00e3o.<\/p>\n<h2>Linha de produ\u00e7\u00e3o de alho descascado Destaques do produto<\/h2>\n<p>1. Automatiza\u00e7\u00e3o eficiente<\/p>\n<p>O processo de descasque totalmente autom\u00e1tico pode processar milhares de quilogramas de alho por hora, melhorando significativamente a efici\u00eancia da produ\u00e7\u00e3o e reduzindo a interven\u00e7\u00e3o manual.<\/p>\n<p>2. Descasque de precis\u00e3o<br \/>\nAdoptando tecnologia avan\u00e7ada de descasque para garantir que o alho est\u00e1 intacto, a taxa de descasque \u00e9 t\u00e3o elevada como 98% ou mais, e o desperd\u00edcio \u00e9 minimizado.<\/p>\n<p>3. Higiene e seguran\u00e7a<br \/>\nA linha de produ\u00e7\u00e3o de dentes de alho \u00e9 feita de a\u00e7o inoxid\u00e1vel de qualidade alimentar, que cumpre as normas internacionais de higiene para garantir que o alho n\u00e3o \u00e9 contaminado durante o processamento.<\/p>\n<p>4. Adapta\u00e7\u00e3o flex\u00edvel<br \/>\nDiferentes capacidades de produ\u00e7\u00e3o e especifica\u00e7\u00f5es podem ser personalizadas de acordo com as necessidades do cliente, adequadas para empresas de processamento de alho de todas as dimens\u00f5es.<\/p>\n<p>5. Poupan\u00e7a de energia e prote\u00e7\u00e3o do ambiente<br \/>\nA conce\u00e7\u00e3o de baixo consumo de energia reduz o desperd\u00edcio de recursos e contribui para uma produ\u00e7\u00e3o ecol\u00f3gica.<\/p>\n<p><img fetchpriority=\"high\" decoding=\"async\" class=\"alignnone size-full wp-image-2602\" src=\"https:\/\/www.garlicline.com\/wp-content\/uploads\/2025\/02\/peeled-garlic-production-line.jpg\" alt=\"linha de produ\u00e7\u00e3o de alho descascado\" width=\"800\" height=\"957\" srcset=\"https:\/\/www.garlicline.com\/wp-content\/uploads\/2025\/02\/peeled-garlic-production-line.jpg 800w, https:\/\/www.garlicline.com\/wp-content\/uploads\/2025\/02\/peeled-garlic-production-line-251x300.jpg 251w, https:\/\/www.garlicline.com\/wp-content\/uploads\/2025\/02\/peeled-garlic-production-line-768x919.jpg 768w, https:\/\/www.garlicline.com\/wp-content\/uploads\/2025\/02\/peeled-garlic-production-line-10x12.jpg 10w, https:\/\/www.garlicline.com\/wp-content\/uploads\/2025\/02\/peeled-garlic-production-line-600x718.jpg 600w, https:\/\/www.garlicline.com\/wp-content\/uploads\/2025\/02\/peeled-garlic-production-line-64x77.jpg 64w\" sizes=\"(max-width: 800px) 100vw, 800px\" \/><\/p>\n<h2>Linha de produ\u00e7\u00e3o de alho descascado Cen\u00e1rios aplic\u00e1veis<\/h2>\n<ul>\n<li>Instala\u00e7\u00f5es de transforma\u00e7\u00e3o de alimentos: Linha de produ\u00e7\u00e3o de alho descascado adequada para a transforma\u00e7\u00e3o de alho em grande escala para satisfazer as necessidades de produ\u00e7\u00e3o de condimentos, molhos, etc.<\/li>\n<li>Cooperativas agr\u00edcolas: ajudam os agricultores a transformar rapidamente grandes quantidades de alho e a aumentar o valor acrescentado.<\/li>\n<li>Empresas de exporta\u00e7\u00e3o: cumprem as normas internacionais e ajudam a exportar produtos de alho.<\/li>\n<\/ul>\n<p><iframe title=\"Linha de produ\u00e7\u00e3o de alho descascado#machine\" src=\"https:\/\/www.youtube.com\/embed\/2JvQQSngvjY\" width=\"630\" height=\"400\" frameborder=\"0\" allowfullscreen=\"allowfullscreen\"><span data-mce-type=\"bookmark\" style=\"display: inline-block; width: 0px; overflow: hidden; line-height: 0;\" class=\"mce_SELRES_start\">Obrigado por entrar em contato conosco.<\/span><\/iframe><\/p>\n<h2>Porqu\u00ea escolher-nos?<\/h2>\n<ul>\n<li>Anos de experi\u00eancia no sector: Foco na investiga\u00e7\u00e3o, desenvolvimento e fabrico de equipamento de processamento de alimentos, com tecnologia de ponta.<\/li>\n<li>Gama completa de servi\u00e7os: Desde a instala\u00e7\u00e3o do equipamento, passando pela coloca\u00e7\u00e3o em funcionamento at\u00e9 \u00e0 manuten\u00e7\u00e3o p\u00f3s-venda, fornecemos solu\u00e7\u00f5es completas.<\/li>\n<li>Reputa\u00e7\u00e3o do cliente: Fornecemos equipamento a muitas empresas de renome em todo o mundo e temos sido altamente reconhecidos.<\/li>\n<\/ul>\n<p><img decoding=\"async\" class=\"alignnone size-full wp-image-2603\" src=\"https:\/\/www.garlicline.com\/wp-content\/uploads\/2025\/02\/gelgoog-garlic-processing.jpg\" alt=\"gelgoog-transforma\u00e7\u00e3o de alho\" width=\"630\" height=\"400\" srcset=\"https:\/\/www.garlicline.com\/wp-content\/uploads\/2025\/02\/gelgoog-garlic-processing.jpg 630w, https:\/\/www.garlicline.com\/wp-content\/uploads\/2025\/02\/gelgoog-garlic-processing-300x190.jpg 300w, https:\/\/www.garlicline.com\/wp-content\/uploads\/2025\/02\/gelgoog-garlic-processing-18x12.jpg 18w, https:\/\/www.garlicline.com\/wp-content\/uploads\/2025\/02\/gelgoog-garlic-processing-600x381.jpg 600w, https:\/\/www.garlicline.com\/wp-content\/uploads\/2025\/02\/gelgoog-garlic-processing-64x41.jpg 64w\" sizes=\"(max-width: 630px) 100vw, 630px\" \/><\/p>\n<hr \/>\n<h2 style=\"text-align: center;\">-Deixe uma mensagem para uma cita\u00e7\u00e3o-<\/h2>\n\n<div class=\"wpcf7 no-js\" id=\"wpcf7-f1191-o1\" lang=\"en-US\" dir=\"ltr\" data-wpcf7-id=\"1191\">\n<div class=\"screen-reader-response\"><p role=\"status\" aria-live=\"polite\" aria-atomic=\"true\"><\/p> <ul><\/ul><\/div>\n<form action=\"\/pt\/wp-json\/wp\/v2\/product\/2601#wpcf7-f1191-o1\" method=\"post\" class=\"wpcf7-form init\" aria-label=\"Formul\u00e1rio de contacto\" novalidate=\"novalidate\" data-status=\"init\" data-trp-original-action=\"\/pt\/wp-json\/wp\/v2\/product\/2601#wpcf7-f1191-o1\">\n<fieldset class=\"hidden-fields-container\"><input type=\"hidden\" name=\"_wpcf7\" value=\"1191\" \/><input type=\"hidden\" name=\"_wpcf7_version\" value=\"6.1.1\" \/><input type=\"hidden\" name=\"_wpcf7_locale\" value=\"en_US\" \/><input type=\"hidden\" name=\"_wpcf7_unit_tag\" value=\"wpcf7-f1191-o1\" \/><input type=\"hidden\" name=\"_wpcf7_container_post\" value=\"0\" \/><input type=\"hidden\" name=\"_wpcf7_posted_data_hash\" value=\"\" \/>\n<\/fieldset>\n<div class='proformleft'>\n\t<p><label> O seu nome<br \/>\n<span class=\"wpcf7-form-control-wrap\" data-name=\"your-name\"><input size=\"40\" maxlength=\"400\" class=\"wpcf7-form-control wpcf7-text\" aria-invalid=\"false\" value=\"\" type=\"text\" name=\"your-name\" \/><\/span> <\/label>\n\t<\/p>\n\t<p><label> *O seu e-mail<br \/>\n<span class=\"wpcf7-form-control-wrap\" data-name=\"your-email\"><input size=\"40\" maxlength=\"400\" class=\"wpcf7-form-control wpcf7-email wpcf7-validates-as-required wpcf7-text wpcf7-validates-as-email\" aria-required=\"true\" aria-invalid=\"false\" value=\"\" type=\"email\" name=\"your-email\" \/><\/span> <\/label>\n\t<\/p>\n\t<p><label> *O seu telefone<br \/>\n<span class=\"wpcf7-form-control-wrap\" data-name=\"tel-224\"><input size=\"40\" maxlength=\"400\" class=\"wpcf7-form-control wpcf7-tel wpcf7-validates-as-required wpcf7-text wpcf7-validates-as-tel\" aria-required=\"true\" aria-invalid=\"false\" value=\"\" type=\"tel\" name=\"tel-224\" \/><\/span> <\/label>\n\t<\/p>\n\t<p><label> O seu pa\u00eds<br \/>\n<span class=\"wpcf7-form-control-wrap\" data-name=\"your-country\"><input size=\"40\" maxlength=\"400\" class=\"wpcf7-form-control wpcf7-text\" aria-invalid=\"false\" value=\"\" type=\"text\" name=\"your-country\" \/><\/span> <\/label>\n\t<\/p>\n<\/div>\n<div class='proformright'>\n\t<p><label> *A sua mensagem<br \/>\n<span class=\"wpcf7-form-control-wrap\" data-name=\"your-message\"><textarea cols=\"40\" rows=\"10\" maxlength=\"2000\" class=\"wpcf7-form-control wpcf7-textarea wpcf7-validates-as-required\" aria-required=\"true\" aria-invalid=\"false\" name=\"your-message\"><\/textarea><\/span> <\/label>\n\t<\/p>\n\t<p><input class=\"wpcf7-form-control wpcf7-submit has-spinner\" type=\"submit\" value=\"Enviar\" \/>\n\t<\/p>\n<\/div>\n<div style='clear:both'>\n<\/div><p style=\"display: none !important;\" class=\"akismet-fields-container\" data-prefix=\"_wpcf7_ak_\"><label>&#916;<textarea name=\"_wpcf7_ak_hp_textarea\" cols=\"45\" rows=\"8\" maxlength=\"100\"><\/textarea><\/label><input type=\"hidden\" id=\"ak_js_1\" name=\"_wpcf7_ak_js\" value=\"76\"\/><script>document.getElementById( \"ak_js_1\" ).setAttribute( \"value\", ( new Date() ).getTime() );<\/script><\/p><div class=\"wpcf7-response-output\" aria-hidden=\"true\"><\/div>\n<input type=\"hidden\" name=\"trp-form-language\" value=\"pt\"\/><\/form>\n<\/div>\n\n<div style='text-align:left' class='yasr-auto-insert-visitor'><\/div>","protected":false},"excerpt":{"rendered":"<p>A nossa linha de produ\u00e7\u00e3o de alho descascado industrial \u00e9 especialmente concebida para o processamento de alho em grande escala. Integra limpeza, sele\u00e7\u00e3o, descasque, esteriliza\u00e7\u00e3o e embalagem. Utiliza tecnologia de automa\u00e7\u00e3o para substituir o trabalho manual tradicional. A capacidade de processamento di\u00e1rio pode chegar a 10-50 toneladas. A linha de produ\u00e7\u00e3o de cravo de alho \u00e9 adequada para o processamento de alho fresco, alho congelado, cravo de alho e outras formas, ...<\/p>\n<p class=\"read-more\"> <a class=\"\" href=\"https:\/\/www.garlicline.com\/pt\/produto\/peeled-garlic-production-line-turnkey\/\"> <span class=\"screen-reader-text\">Linha de produ\u00e7\u00e3o de alho descascado chave na m\u00e3o 1-5t\/H<\/span> Ler mais \"<\/a><\/p>","protected":false},"featured_media":2604,"comment_status":"open","ping_status":"closed","template":"","meta":{"site-sidebar-layout":"default","site-content-layout":"default","ast-global-header-display":"","ast-main-header-display":"","ast-hfb-above-header-display":"","ast-hfb-below-header-display":"","ast-hfb-mobile-header-display":"","site-post-title":"","ast-breadcrumbs-content":"","ast-featured-img":"","footer-sml-layout":"","theme-transparent-header-meta":"default","adv-header-id-meta":"","stick-header-meta":"","header-above-stick-meta":"","header-main-stick-meta":"","header-below-stick-meta":"","yasr_overall_rating":0,"yasr_post_is_review":"","yasr_auto_insert_disabled":"","yasr_review_type":""},"product_brand":[],"product_cat":[33],"product_tag":[],"class_list":{"0":"post-2601","1":"product","2":"type-product","3":"status-publish","4":"has-post-thumbnail","6":"product_cat-products","8":"first","9":"instock","10":"shipping-taxable","11":"product-type-simple"},"yoast_head":"<!-- This site is optimized with the Yoast SEO plugin v25.7 - https:\/\/yoast.com\/wordpress\/plugins\/seo\/ -->\n<title>Peeled Garlic Production Line Turnkey 1-5t\/H<\/title>\n<meta name=\"description\" content=\"Peeled garlic production line uses automation technology to replace traditional manual labor. The daily processing capacity can reach 10-50 tons.\" \/>\n<meta name=\"robots\" content=\"index, follow, max-snippet:-1, max-image-preview:large, max-video-preview:-1\" \/>\n<link rel=\"canonical\" href=\"https:\/\/www.garlicline.com\/pt\/produto\/peeled-garlic-production-line-turnkey\/\" \/>\n<meta property=\"og:locale\" content=\"pt_PT\" \/>\n<meta property=\"og:type\" content=\"article\" \/>\n<meta property=\"og:title\" content=\"Peeled Garlic Production Line Turnkey 1-5t\/H\" \/>\n<meta property=\"og:description\" content=\"Peeled garlic production line uses automation technology to replace traditional manual labor. The daily processing capacity can reach 10-50 tons.\" \/>\n<meta property=\"og:url\" content=\"https:\/\/www.garlicline.com\/pt\/produto\/peeled-garlic-production-line-turnkey\/\" \/>\n<meta property=\"og:site_name\" content=\"garlicline\" \/>\n<meta property=\"article:modified_time\" content=\"2026-02-03T17:59:05+00:00\" \/>\n<meta property=\"og:image\" content=\"https:\/\/www.garlicline.com\/wp-content\/uploads\/2025\/02\/peeled-garlic-production-line-for-sale.jpg\" \/>\n\t<meta property=\"og:image:width\" content=\"600\" \/>\n\t<meta property=\"og:image:height\" content=\"600\" \/>\n\t<meta property=\"og:image:type\" content=\"image\/jpeg\" \/>\n<meta name=\"twitter:card\" content=\"summary_large_image\" \/>\n<meta name=\"twitter:label1\" content=\"Tempo estimado de leitura\" \/>\n\t<meta name=\"twitter:data1\" content=\"2 minutos\" \/>\n<script type=\"application\/ld+json\" class=\"yoast-schema-graph\">{\"@context\":\"https:\/\/schema.org\",\"@graph\":[{\"@type\":\"WebPage\",\"@id\":\"https:\/\/www.garlicline.com\/product\/peeled-garlic-production-line-turnkey\/\",\"url\":\"https:\/\/www.garlicline.com\/product\/peeled-garlic-production-line-turnkey\/\",\"name\":\"Peeled Garlic Production Line Turnkey 1-5t\/H\",\"isPartOf\":{\"@id\":\"https:\/\/www.garlicline.com\/#website\"},\"primaryImageOfPage\":{\"@id\":\"https:\/\/www.garlicline.com\/product\/peeled-garlic-production-line-turnkey\/#primaryimage\"},\"image\":{\"@id\":\"https:\/\/www.garlicline.com\/product\/peeled-garlic-production-line-turnkey\/#primaryimage\"},\"thumbnailUrl\":\"https:\/\/www.garlicline.com\/wp-content\/uploads\/2025\/02\/peeled-garlic-production-line-for-sale.jpg\",\"datePublished\":\"2025-02-24T08:54:37+00:00\",\"dateModified\":\"2026-02-03T17:59:05+00:00\",\"description\":\"Peeled garlic production line uses automation technology to replace traditional manual labor. The daily processing capacity can reach 10-50 tons.\",\"breadcrumb\":{\"@id\":\"https:\/\/www.garlicline.com\/product\/peeled-garlic-production-line-turnkey\/#breadcrumb\"},\"inLanguage\":\"pt-PT\",\"potentialAction\":[{\"@type\":\"ReadAction\",\"target\":[\"https:\/\/www.garlicline.com\/product\/peeled-garlic-production-line-turnkey\/\"]}]},{\"@type\":\"ImageObject\",\"inLanguage\":\"pt-PT\",\"@id\":\"https:\/\/www.garlicline.com\/product\/peeled-garlic-production-line-turnkey\/#primaryimage\",\"url\":\"https:\/\/www.garlicline.com\/wp-content\/uploads\/2025\/02\/peeled-garlic-production-line-for-sale.jpg\",\"contentUrl\":\"https:\/\/www.garlicline.com\/wp-content\/uploads\/2025\/02\/peeled-garlic-production-line-for-sale.jpg\",\"width\":600,\"height\":600,\"caption\":\"peeled-garlic-production-line-for-sale\"},{\"@type\":\"BreadcrumbList\",\"@id\":\"https:\/\/www.garlicline.com\/product\/peeled-garlic-production-line-turnkey\/#breadcrumb\",\"itemListElement\":[{\"@type\":\"ListItem\",\"position\":1,\"name\":\"Home\",\"item\":\"https:\/\/www.garlicline.com\/\"},{\"@type\":\"ListItem\",\"position\":2,\"name\":\"Products\",\"item\":\"https:\/\/www.garlicline.com\/products\/\"},{\"@type\":\"ListItem\",\"position\":3,\"name\":\"Peeled Garlic Production Line Turnkey 1-5t\/H\"}]},{\"@type\":\"WebSite\",\"@id\":\"https:\/\/www.garlicline.com\/#website\",\"url\":\"https:\/\/www.garlicline.com\/\",\"name\":\"garlicline\",\"description\":\"garlic processing machine supplier\",\"publisher\":{\"@id\":\"https:\/\/www.garlicline.com\/#organization\"},\"potentialAction\":[{\"@type\":\"SearchAction\",\"target\":{\"@type\":\"EntryPoint\",\"urlTemplate\":\"https:\/\/www.garlicline.com\/?s={search_term_string}\"},\"query-input\":{\"@type\":\"PropertyValueSpecification\",\"valueRequired\":true,\"valueName\":\"search_term_string\"}}],\"inLanguage\":\"pt-PT\"},{\"@type\":\"Organization\",\"@id\":\"https:\/\/www.garlicline.com\/#organization\",\"name\":\"garlicline\",\"url\":\"https:\/\/www.garlicline.com\/\",\"logo\":{\"@type\":\"ImageObject\",\"inLanguage\":\"pt-PT\",\"@id\":\"https:\/\/www.garlicline.com\/#\/schema\/logo\/image\/\",\"url\":\"https:\/\/www.garlicline.com\/wp-content\/uploads\/2025\/05\/cropped-gelgoog-logo-1.png\",\"contentUrl\":\"https:\/\/www.garlicline.com\/wp-content\/uploads\/2025\/05\/cropped-gelgoog-logo-1.png\",\"width\":434,\"height\":267,\"caption\":\"garlicline\"},\"image\":{\"@id\":\"https:\/\/www.garlicline.com\/#\/schema\/logo\/image\/\"}},false]}<\/script>\n<!-- \/ Yoast SEO plugin. -->","yoast_head_json":{"title":"Linha de produ\u00e7\u00e3o de alho descascado chave na m\u00e3o 1-5t\/H","description":"A linha de produ\u00e7\u00e3o de alho descascado utiliza tecnologia de automatiza\u00e7\u00e3o para substituir o trabalho manual tradicional. A capacidade de transforma\u00e7\u00e3o di\u00e1ria pode atingir 10-50 toneladas.","robots":{"index":"index","follow":"follow","max-snippet":"max-snippet:-1","max-image-preview":"max-image-preview:large","max-video-preview":"max-video-preview:-1"},"canonical":"https:\/\/www.garlicline.com\/pt\/produto\/peeled-garlic-production-line-turnkey\/","og_locale":"pt_PT","og_type":"article","og_title":"Peeled Garlic Production Line Turnkey 1-5t\/H","og_description":"Peeled garlic production line uses automation technology to replace traditional manual labor. The daily processing capacity can reach 10-50 tons.","og_url":"https:\/\/www.garlicline.com\/pt\/produto\/peeled-garlic-production-line-turnkey\/","og_site_name":"garlicline","article_modified_time":"2026-02-03T17:59:05+00:00","og_image":[{"width":600,"height":600,"url":"https:\/\/www.garlicline.com\/wp-content\/uploads\/2025\/02\/peeled-garlic-production-line-for-sale.jpg","type":"image\/jpeg"}],"twitter_card":"summary_large_image","twitter_misc":{"Tempo estimado de leitura":"2 minutos"},"schema":{"@context":"https:\/\/schema.org","@graph":[{"@type":"WebPage","@id":"https:\/\/www.garlicline.com\/product\/peeled-garlic-production-line-turnkey\/","url":"https:\/\/www.garlicline.com\/product\/peeled-garlic-production-line-turnkey\/","name":"Linha de produ\u00e7\u00e3o de alho descascado chave na m\u00e3o 1-5t\/H","isPartOf":{"@id":"https:\/\/www.garlicline.com\/#website"},"primaryImageOfPage":{"@id":"https:\/\/www.garlicline.com\/product\/peeled-garlic-production-line-turnkey\/#primaryimage"},"image":{"@id":"https:\/\/www.garlicline.com\/product\/peeled-garlic-production-line-turnkey\/#primaryimage"},"thumbnailUrl":"https:\/\/www.garlicline.com\/wp-content\/uploads\/2025\/02\/peeled-garlic-production-line-for-sale.jpg","datePublished":"2025-02-24T08:54:37+00:00","dateModified":"2026-02-03T17:59:05+00:00","description":"A linha de produ\u00e7\u00e3o de alho descascado utiliza tecnologia de automatiza\u00e7\u00e3o para substituir o trabalho manual tradicional. A capacidade de transforma\u00e7\u00e3o di\u00e1ria pode atingir 10-50 toneladas.","breadcrumb":{"@id":"https:\/\/www.garlicline.com\/product\/peeled-garlic-production-line-turnkey\/#breadcrumb"},"inLanguage":"pt-PT","potentialAction":[{"@type":"ReadAction","target":["https:\/\/www.garlicline.com\/product\/peeled-garlic-production-line-turnkey\/"]}]},{"@type":"ImageObject","inLanguage":"pt-PT","@id":"https:\/\/www.garlicline.com\/product\/peeled-garlic-production-line-turnkey\/#primaryimage","url":"https:\/\/www.garlicline.com\/wp-content\/uploads\/2025\/02\/peeled-garlic-production-line-for-sale.jpg","contentUrl":"https:\/\/www.garlicline.com\/wp-content\/uploads\/2025\/02\/peeled-garlic-production-line-for-sale.jpg","width":600,"height":600,"caption":"peeled-garlic-production-line-for-sale"},{"@type":"BreadcrumbList","@id":"https:\/\/www.garlicline.com\/product\/peeled-garlic-production-line-turnkey\/#breadcrumb","itemListElement":[{"@type":"ListItem","position":1,"name":"Home","item":"https:\/\/www.garlicline.com\/"},{"@type":"ListItem","position":2,"name":"Products","item":"https:\/\/www.garlicline.com\/products\/"},{"@type":"ListItem","position":3,"name":"Peeled Garlic Production Line Turnkey 1-5t\/H"}]},{"@type":"WebSite","@id":"https:\/\/www.garlicline.com\/#website","url":"https:\/\/www.garlicline.com\/","name":"linha de alho","description":"fornecedor de m\u00e1quinas de transforma\u00e7\u00e3o de alho","publisher":{"@id":"https:\/\/www.garlicline.com\/#organization"},"potentialAction":[{"@type":"SearchAction","target":{"@type":"EntryPoint","urlTemplate":"https:\/\/www.garlicline.com\/?s={search_term_string}"},"query-input":{"@type":"PropertyValueSpecification","valueRequired":true,"valueName":"search_term_string"}}],"inLanguage":"pt-PT"},{"@type":"Organization","@id":"https:\/\/www.garlicline.com\/#organization","name":"linha de alho","url":"https:\/\/www.garlicline.com\/","logo":{"@type":"ImageObject","inLanguage":"pt-PT","@id":"https:\/\/www.garlicline.com\/#\/schema\/logo\/image\/","url":"https:\/\/www.garlicline.com\/wp-content\/uploads\/2025\/05\/cropped-gelgoog-logo-1.png","contentUrl":"https:\/\/www.garlicline.com\/wp-content\/uploads\/2025\/05\/cropped-gelgoog-logo-1.png","width":434,"height":267,"caption":"garlicline"},"image":{"@id":"https:\/\/www.garlicline.com\/#\/schema\/logo\/image\/"}},false]}},"yasr_visitor_votes":{"stars_attributes":{"read_only":false,"span_bottom":false},"number_of_votes":1,"sum_votes":5},"_links":{"self":[{"href":"https:\/\/www.garlicline.com\/pt\/wp-json\/wp\/v2\/product\/2601","targetHints":{"allow":["GET"]}}],"collection":[{"href":"https:\/\/www.garlicline.com\/pt\/wp-json\/wp\/v2\/product"}],"about":[{"href":"https:\/\/www.garlicline.com\/pt\/wp-json\/wp\/v2\/types\/product"}],"replies":[{"embeddable":true,"href":"https:\/\/www.garlicline.com\/pt\/wp-json\/wp\/v2\/comments?post=2601"}],"version-history":[{"count":0,"href":"https:\/\/www.garlicline.com\/pt\/wp-json\/wp\/v2\/product\/2601\/revisions"}],"wp:featuredmedia":[{"embeddable":true,"href":"https:\/\/www.garlicline.com\/pt\/wp-json\/wp\/v2\/media\/2604"}],"wp:attachment":[{"href":"https:\/\/www.garlicline.com\/pt\/wp-json\/wp\/v2\/media?parent=2601"}],"wp:term":[{"taxonomy":"product_brand","embeddable":true,"href":"https:\/\/www.garlicline.com\/pt\/wp-json\/wp\/v2\/product_brand?post=2601"},{"taxonomy":"product_cat","embeddable":true,"href":"https:\/\/www.garlicline.com\/pt\/wp-json\/wp\/v2\/product_cat?post=2601"},{"taxonomy":"product_tag","embeddable":true,"href":"https:\/\/www.garlicline.com\/pt\/wp-json\/wp\/v2\/product_tag?post=2601"}],"curies":[{"name":"wp","href":"https:\/\/api.w.org\/{rel}","templated":true}]}}