{"id":2614,"date":"2025-03-05T10:39:56","date_gmt":"2025-03-05T10:39:56","guid":{"rendered":"https:\/\/www.garlicline.com\/?post_type=product&#038;p=2614"},"modified":"2026-04-15T11:44:11","modified_gmt":"2026-04-15T11:44:11","slug":"dehydrate-garlic-slicing-production-line","status":"publish","type":"product","link":"https:\/\/www.garlicline.com\/pt\/produto\/dehydrate-garlic-slicing-production-line\/","title":{"rendered":"Linha de produ\u00e7\u00e3o de fatias de alho desidratado"},"content":{"rendered":"<p>A linha de produ\u00e7\u00e3o de alho desidratado foi especialmente concebida para a produ\u00e7\u00e3o em grande escala de rodelas de alho desidratado de alta qualidade. A linha de corte de alho desidratado integra automa\u00e7\u00e3o, higiene e seguran\u00e7a, poupan\u00e7a de energia e prote\u00e7\u00e3o ambiental, ajudando as empresas a criar produtos de alta qualidade que cumprem as normas internacionais e satisfazem as necessidades diversificadas do mercado de processamento alimentar, condimentos, alimentos saud\u00e1veis, etc.<\/p>\n<h2>Linha de produ\u00e7\u00e3o de alho desidratado Composi\u00e7\u00e3o do equipamento<\/h2>\n<p>Separador de dentes de alho: utilizado para separar o alho inteiro em dentes separados para melhorar a efici\u00eancia da produ\u00e7\u00e3o.<br \/>\n<a href=\"https:\/\/www.garlicline.com\/pt\/produto\/continuous-garlic-peeling-machine\/\"><strong>M\u00e1quina de descascar alho<\/strong><\/a>: utiliza a tecnologia de compress\u00e3o de ar para descascar, adequada para dentes de alho de diferentes especifica\u00e7\u00f5es.<br \/>\nCortador de alho: pode cortar o alho em fatias uniformes com uma superf\u00edcie de corte lisa para melhorar a qualidade do produto.<br \/>\nDesidratador de alho: desidratador multifuncional de frutas e legumes, podem ser selecionados diferentes tipos de secadores de acordo com diferentes resultados de desidrata\u00e7\u00e3o, e a energia de aquecimento \u00e9 diversa.<br \/>\nOutros equipamentos auxiliares: tais como guinchos, linhas de recolha, m\u00e1quinas de limpeza de bolhas, secadores de ar, etc., s\u00e3o utilizados para auxiliar o processo de produ\u00e7\u00e3o e melhorar a efici\u00eancia da produ\u00e7\u00e3o e a qualidade do produto.<\/p>\n<p><img fetchpriority=\"high\" decoding=\"async\" class=\"alignnone size-full wp-image-2615\" src=\"https:\/\/www.garlicline.com\/wp-content\/uploads\/2025\/03\/56.png\" alt=\"Linha de produ\u00e7\u00e3o de fatias de alho desidratado para venda\" width=\"1117\" height=\"717\" srcset=\"https:\/\/www.garlicline.com\/wp-content\/uploads\/2025\/03\/56.png 1117w, https:\/\/www.garlicline.com\/wp-content\/uploads\/2025\/03\/56-300x193.png 300w, https:\/\/www.garlicline.com\/wp-content\/uploads\/2025\/03\/56-1024x657.png 1024w, https:\/\/www.garlicline.com\/wp-content\/uploads\/2025\/03\/56-768x493.png 768w, https:\/\/www.garlicline.com\/wp-content\/uploads\/2025\/03\/56-18x12.png 18w, https:\/\/www.garlicline.com\/wp-content\/uploads\/2025\/03\/56-600x385.png 600w, https:\/\/www.garlicline.com\/wp-content\/uploads\/2025\/03\/56-64x41.png 64w\" sizes=\"(max-width: 1117px) 100vw, 1117px\" \/><\/p>\n<h2>Vantagens da linha de corte de alho desidratado<\/h2>\n<ul>\n<li>Elevado grau de automa\u00e7\u00e3o: Toda a linha de produ\u00e7\u00e3o de alho desidratado utiliza equipamento automatizado avan\u00e7ado. Da separa\u00e7\u00e3o do dente, descascamento, fatiamento \u00e0 secagem, todos os processos s\u00e3o conclu\u00eddos automaticamente, reduzindo a m\u00e3o de obra e melhorando a efici\u00eancia e a consist\u00eancia.<\/li>\n<li>Elevada efici\u00eancia de produ\u00e7\u00e3o: A linha opera a alta velocidade com grande capacidade. A m\u00e1quina de fatiar garante um corte r\u00e1pido e uniforme, enquanto diferentes secadores podem ser selecionados com base nas necessidades de produ\u00e7\u00e3o, oferecendo alta efici\u00eancia de secagem.<\/li>\n<li>Qualidade de produto est\u00e1vel: Tecnologia avan\u00e7ada assegura espessura uniforme das fatias e superf\u00edcies lisas. O sistema de controlo inteligente de temperatura garante um processo de desidrata\u00e7\u00e3o consistente, assegurando qualidade e sabor est\u00e1veis.<\/li>\n<li>Amplo leque de aplica\u00e7\u00f5es: Adequado n\u00e3o s\u00f3 para rodelas de alho desidratado, mas tamb\u00e9m para o processamento de outros tub\u00e9rculos como batata, pepino, taro, inhame e gengibre, oferecendo forte versatilidade e flexibilidade.<\/li>\n<\/ul>\n<p><iframe title=\"Planta de processamento de flocos de alho desidratado\" src=\"https:\/\/www.youtube.com\/embed\/sBQBstwslY8\" width=\"630\" height=\"400\" frameborder=\"0\" allowfullscreen=\"allowfullscreen\"><span data-mce-type=\"bookmark\" style=\"display: inline-block; width: 0px; overflow: hidden; line-height: 0;\" class=\"mce_SELRES_start\">Obrigado por entrar em contato conosco.<\/span><\/iframe><\/p>\n<h2>Linha de Produ\u00e7\u00e3o de Alho Desidratado \u00c2mbito de Aplica\u00e7\u00e3o<\/h2>\n<p>Empresas de transforma\u00e7\u00e3o de alimentos: Adequado para todos os tipos de empresas de transforma\u00e7\u00e3o de alimentos, utilizado para produzir fatias de alho desidratado, gr\u00e2nulos de alho, alho em p\u00f3 e outros produtos para satisfazer a procura do mercado de produtos de alho desidratado.<\/p>\n<p>Setor da restaura\u00e7\u00e3o: Fornecer fatias de alho desidratado de alta qualidade para empresas de restaura\u00e7\u00e3o, utilizadas como condimentos na cozinha, para melhorar o sabor e o aroma dos pratos.<\/p>\n<p>Com\u00e9rcio de exporta\u00e7\u00e3o: As fatias de alho desidratado t\u00eam um bom desempenho em termos de armazenamento e transporte, sendo adequadas para o com\u00e9rcio de exporta\u00e7\u00e3o, para satisfazer as necessidades do mercado internacional<\/p>\n<p>Prestamos servi\u00e7os personalizados, podemos fornecer instala\u00e7\u00e3o e comissionamento de equipamentos, se quiser saber mais sobre a linha de produtos, pode deixar uma mensagem ou contactar online a qualquer momento.<\/p>\n<hr \/>\n<h2 style=\"text-align: center;\">-Deixe uma mensagem para uma cita\u00e7\u00e3o-<\/h2>\n\n<div class=\"wpcf7 no-js\" id=\"wpcf7-f1191-o1\" lang=\"en-US\" dir=\"ltr\" data-wpcf7-id=\"1191\">\n<div class=\"screen-reader-response\"><p role=\"status\" aria-live=\"polite\" aria-atomic=\"true\"><\/p> <ul><\/ul><\/div>\n<form action=\"\/pt\/wp-json\/wp\/v2\/product\/2614#wpcf7-f1191-o1\" method=\"post\" class=\"wpcf7-form init\" aria-label=\"Formul\u00e1rio de contacto\" novalidate=\"novalidate\" data-status=\"init\" data-trp-original-action=\"\/pt\/wp-json\/wp\/v2\/product\/2614#wpcf7-f1191-o1\">\n<fieldset class=\"hidden-fields-container\"><input type=\"hidden\" name=\"_wpcf7\" value=\"1191\" \/><input type=\"hidden\" name=\"_wpcf7_version\" value=\"6.1.1\" \/><input type=\"hidden\" name=\"_wpcf7_locale\" value=\"en_US\" \/><input type=\"hidden\" name=\"_wpcf7_unit_tag\" value=\"wpcf7-f1191-o1\" \/><input type=\"hidden\" name=\"_wpcf7_container_post\" value=\"0\" \/><input type=\"hidden\" name=\"_wpcf7_posted_data_hash\" value=\"\" \/>\n<\/fieldset>\n<div class='proformleft'>\n\t<p><label> O seu nome<br \/>\n<span class=\"wpcf7-form-control-wrap\" data-name=\"your-name\"><input size=\"40\" maxlength=\"400\" class=\"wpcf7-form-control wpcf7-text\" aria-invalid=\"false\" value=\"\" type=\"text\" name=\"your-name\" \/><\/span> <\/label>\n\t<\/p>\n\t<p><label> *O seu e-mail<br \/>\n<span class=\"wpcf7-form-control-wrap\" data-name=\"your-email\"><input size=\"40\" maxlength=\"400\" class=\"wpcf7-form-control wpcf7-email wpcf7-validates-as-required wpcf7-text wpcf7-validates-as-email\" aria-required=\"true\" aria-invalid=\"false\" value=\"\" type=\"email\" name=\"your-email\" \/><\/span> <\/label>\n\t<\/p>\n\t<p><label> *O seu telefone<br \/>\n<span class=\"wpcf7-form-control-wrap\" data-name=\"tel-224\"><input size=\"40\" maxlength=\"400\" class=\"wpcf7-form-control wpcf7-tel wpcf7-validates-as-required wpcf7-text wpcf7-validates-as-tel\" aria-required=\"true\" aria-invalid=\"false\" value=\"\" type=\"tel\" name=\"tel-224\" \/><\/span> <\/label>\n\t<\/p>\n\t<p><label> O seu pa\u00eds<br \/>\n<span class=\"wpcf7-form-control-wrap\" data-name=\"your-country\"><input size=\"40\" maxlength=\"400\" class=\"wpcf7-form-control wpcf7-text\" aria-invalid=\"false\" value=\"\" type=\"text\" name=\"your-country\" \/><\/span> <\/label>\n\t<\/p>\n<\/div>\n<div class='proformright'>\n\t<p><label> *A sua mensagem<br \/>\n<span class=\"wpcf7-form-control-wrap\" data-name=\"your-message\"><textarea cols=\"40\" rows=\"10\" maxlength=\"2000\" class=\"wpcf7-form-control wpcf7-textarea wpcf7-validates-as-required\" aria-required=\"true\" aria-invalid=\"false\" name=\"your-message\"><\/textarea><\/span> <\/label>\n\t<\/p>\n\t<p><input class=\"wpcf7-form-control wpcf7-submit has-spinner\" type=\"submit\" value=\"Enviar\" \/>\n\t<\/p>\n<\/div>\n<div style='clear:both'>\n<\/div><p style=\"display: none !important;\" class=\"akismet-fields-container\" data-prefix=\"_wpcf7_ak_\"><label>&#916;<textarea name=\"_wpcf7_ak_hp_textarea\" cols=\"45\" rows=\"8\" maxlength=\"100\"><\/textarea><\/label><input type=\"hidden\" id=\"ak_js_1\" name=\"_wpcf7_ak_js\" value=\"98\"\/><script>document.getElementById( \"ak_js_1\" ).setAttribute( \"value\", ( new Date() ).getTime() );<\/script><\/p><div class=\"wpcf7-response-output\" aria-hidden=\"true\"><\/div>\n<input type=\"hidden\" name=\"trp-form-language\" value=\"pt\"\/><\/form>\n<\/div>\n\n<div style='text-align:left' class='yasr-auto-insert-visitor'><\/div>","protected":false},"excerpt":{"rendered":"<p>A linha de produ\u00e7\u00e3o de alho desidratado \u00e9 especialmente concebida para a produ\u00e7\u00e3o em larga escala de rodelas de alho desidratado de alta qualidade. A linha de corte de alho desidratado integra automa\u00e7\u00e3o, higiene e seguran\u00e7a, poupan\u00e7a de energia e prote\u00e7\u00e3o ambiental, ajudando as empresas a criar produtos de alta qualidade que cumprem as normas internacionais e satisfazem as diversas necessidades do mercado de processamento alimentar, condimentos, alimentos saud\u00e1veis, etc. Linha de Produ\u00e7\u00e3o de Alho Desidratado\u2026<\/p>\n<p class=\"read-more\"> <a class=\"\" href=\"https:\/\/www.garlicline.com\/pt\/produto\/dehydrate-garlic-slicing-production-line\/\"> <span class=\"screen-reader-text\">Linha de produ\u00e7\u00e3o de fatias de alho desidratado<\/span> Ler mais \"<\/a><\/p>","protected":false},"featured_media":2616,"comment_status":"open","ping_status":"closed","template":"","meta":{"site-sidebar-layout":"default","site-content-layout":"default","ast-global-header-display":"","ast-main-header-display":"","ast-hfb-above-header-display":"","ast-hfb-below-header-display":"","ast-hfb-mobile-header-display":"","site-post-title":"","ast-breadcrumbs-content":"","ast-featured-img":"","footer-sml-layout":"","theme-transparent-header-meta":"default","adv-header-id-meta":"","stick-header-meta":"","header-above-stick-meta":"","header-main-stick-meta":"","header-below-stick-meta":"","yasr_overall_rating":5,"yasr_post_is_review":"","yasr_auto_insert_disabled":"","yasr_review_type":""},"product_brand":[],"product_cat":[33],"product_tag":[],"class_list":{"0":"post-2614","1":"product","2":"type-product","3":"status-publish","4":"has-post-thumbnail","6":"product_cat-products","8":"first","9":"instock","10":"shipping-taxable","11":"product-type-simple"},"yoast_head":"<!-- This site is optimized with the Yoast SEO plugin v25.7 - https:\/\/yoast.com\/wordpress\/plugins\/seo\/ -->\n<title>Dehydrate Garlic Slicing Production Line<\/title>\n<meta name=\"description\" content=\"Dehydrated garlic slicing line integrates automation, hygiene and safety, energy saving and environmental protection, helping enterprises to create high-quality products.\" \/>\n<meta name=\"robots\" content=\"index, follow, max-snippet:-1, max-image-preview:large, max-video-preview:-1\" \/>\n<link rel=\"canonical\" href=\"https:\/\/www.garlicline.com\/pt\/produto\/dehydrate-garlic-slicing-production-line\/\" \/>\n<meta property=\"og:locale\" content=\"pt_PT\" \/>\n<meta property=\"og:type\" content=\"article\" \/>\n<meta property=\"og:title\" content=\"Dehydrate Garlic Slicing Production Line\" \/>\n<meta property=\"og:description\" content=\"Dehydrated garlic slicing line integrates automation, hygiene and safety, energy saving and environmental protection, helping enterprises to create high-quality products.\" \/>\n<meta property=\"og:url\" content=\"https:\/\/www.garlicline.com\/pt\/produto\/dehydrate-garlic-slicing-production-line\/\" \/>\n<meta property=\"og:site_name\" content=\"garlicline\" \/>\n<meta property=\"article:modified_time\" content=\"2026-04-15T11:44:11+00:00\" \/>\n<meta property=\"og:image\" content=\"https:\/\/www.garlicline.com\/wp-content\/uploads\/2025\/03\/Dehydrated-garlic-slicing-line.jpg\" \/>\n\t<meta property=\"og:image:width\" content=\"600\" \/>\n\t<meta property=\"og:image:height\" content=\"600\" \/>\n\t<meta property=\"og:image:type\" content=\"image\/jpeg\" \/>\n<meta name=\"twitter:card\" content=\"summary_large_image\" \/>\n<meta name=\"twitter:label1\" content=\"Tempo estimado de leitura\" \/>\n\t<meta name=\"twitter:data1\" content=\"2 minutos\" \/>\n<script type=\"application\/ld+json\" class=\"yoast-schema-graph\">{\"@context\":\"https:\/\/schema.org\",\"@graph\":[{\"@type\":\"WebPage\",\"@id\":\"https:\/\/www.garlicline.com\/product\/dehydrate-garlic-slicing-production-line\/\",\"url\":\"https:\/\/www.garlicline.com\/product\/dehydrate-garlic-slicing-production-line\/\",\"name\":\"Dehydrate Garlic Slicing Production Line\",\"isPartOf\":{\"@id\":\"https:\/\/www.garlicline.com\/#website\"},\"primaryImageOfPage\":{\"@id\":\"https:\/\/www.garlicline.com\/product\/dehydrate-garlic-slicing-production-line\/#primaryimage\"},\"image\":{\"@id\":\"https:\/\/www.garlicline.com\/product\/dehydrate-garlic-slicing-production-line\/#primaryimage\"},\"thumbnailUrl\":\"https:\/\/www.garlicline.com\/wp-content\/uploads\/2025\/03\/Dehydrated-garlic-slicing-line.jpg\",\"datePublished\":\"2025-03-05T10:39:56+00:00\",\"dateModified\":\"2026-04-15T11:44:11+00:00\",\"description\":\"Dehydrated garlic slicing line integrates automation, hygiene and safety, energy saving and environmental protection, helping enterprises to create high-quality products.\",\"breadcrumb\":{\"@id\":\"https:\/\/www.garlicline.com\/product\/dehydrate-garlic-slicing-production-line\/#breadcrumb\"},\"inLanguage\":\"pt-PT\",\"potentialAction\":[{\"@type\":\"ReadAction\",\"target\":[\"https:\/\/www.garlicline.com\/product\/dehydrate-garlic-slicing-production-line\/\"]}]},{\"@type\":\"ImageObject\",\"inLanguage\":\"pt-PT\",\"@id\":\"https:\/\/www.garlicline.com\/product\/dehydrate-garlic-slicing-production-line\/#primaryimage\",\"url\":\"https:\/\/www.garlicline.com\/wp-content\/uploads\/2025\/03\/Dehydrated-garlic-slicing-line.jpg\",\"contentUrl\":\"https:\/\/www.garlicline.com\/wp-content\/uploads\/2025\/03\/Dehydrated-garlic-slicing-line.jpg\",\"width\":600,\"height\":600},{\"@type\":\"BreadcrumbList\",\"@id\":\"https:\/\/www.garlicline.com\/product\/dehydrate-garlic-slicing-production-line\/#breadcrumb\",\"itemListElement\":[{\"@type\":\"ListItem\",\"position\":1,\"name\":\"Home\",\"item\":\"https:\/\/www.garlicline.com\/\"},{\"@type\":\"ListItem\",\"position\":2,\"name\":\"Products\",\"item\":\"https:\/\/www.garlicline.com\/products\/\"},{\"@type\":\"ListItem\",\"position\":3,\"name\":\"Dehydrate Garlic Slicing Production Line\"}]},{\"@type\":\"WebSite\",\"@id\":\"https:\/\/www.garlicline.com\/#website\",\"url\":\"https:\/\/www.garlicline.com\/\",\"name\":\"garlicline\",\"description\":\"garlic processing machine supplier\",\"publisher\":{\"@id\":\"https:\/\/www.garlicline.com\/#organization\"},\"potentialAction\":[{\"@type\":\"SearchAction\",\"target\":{\"@type\":\"EntryPoint\",\"urlTemplate\":\"https:\/\/www.garlicline.com\/?s={search_term_string}\"},\"query-input\":{\"@type\":\"PropertyValueSpecification\",\"valueRequired\":true,\"valueName\":\"search_term_string\"}}],\"inLanguage\":\"pt-PT\"},{\"@type\":\"Organization\",\"@id\":\"https:\/\/www.garlicline.com\/#organization\",\"name\":\"garlicline\",\"url\":\"https:\/\/www.garlicline.com\/\",\"logo\":{\"@type\":\"ImageObject\",\"inLanguage\":\"pt-PT\",\"@id\":\"https:\/\/www.garlicline.com\/#\/schema\/logo\/image\/\",\"url\":\"https:\/\/www.garlicline.com\/wp-content\/uploads\/2025\/05\/cropped-gelgoog-logo-1.png\",\"contentUrl\":\"https:\/\/www.garlicline.com\/wp-content\/uploads\/2025\/05\/cropped-gelgoog-logo-1.png\",\"width\":434,\"height\":267,\"caption\":\"garlicline\"},\"image\":{\"@id\":\"https:\/\/www.garlicline.com\/#\/schema\/logo\/image\/\"}},false]}<\/script>\n<!-- \/ Yoast SEO plugin. -->","yoast_head_json":{"title":"Linha de produ\u00e7\u00e3o de fatias de alho desidratado","description":"A linha de corte de alho desidratado integra automa\u00e7\u00e3o, higiene e seguran\u00e7a, poupan\u00e7a de energia e prote\u00e7\u00e3o ambiental, ajudando as empresas a criar produtos de alta qualidade.","robots":{"index":"index","follow":"follow","max-snippet":"max-snippet:-1","max-image-preview":"max-image-preview:large","max-video-preview":"max-video-preview:-1"},"canonical":"https:\/\/www.garlicline.com\/pt\/produto\/dehydrate-garlic-slicing-production-line\/","og_locale":"pt_PT","og_type":"article","og_title":"Dehydrate Garlic Slicing Production Line","og_description":"Dehydrated garlic slicing line integrates automation, hygiene and safety, energy saving and environmental protection, helping enterprises to create high-quality products.","og_url":"https:\/\/www.garlicline.com\/pt\/produto\/dehydrate-garlic-slicing-production-line\/","og_site_name":"garlicline","article_modified_time":"2026-04-15T11:44:11+00:00","og_image":[{"width":600,"height":600,"url":"https:\/\/www.garlicline.com\/wp-content\/uploads\/2025\/03\/Dehydrated-garlic-slicing-line.jpg","type":"image\/jpeg"}],"twitter_card":"summary_large_image","twitter_misc":{"Tempo estimado de leitura":"2 minutos"},"schema":{"@context":"https:\/\/schema.org","@graph":[{"@type":"WebPage","@id":"https:\/\/www.garlicline.com\/product\/dehydrate-garlic-slicing-production-line\/","url":"https:\/\/www.garlicline.com\/product\/dehydrate-garlic-slicing-production-line\/","name":"Linha de produ\u00e7\u00e3o de fatias de alho desidratado","isPartOf":{"@id":"https:\/\/www.garlicline.com\/#website"},"primaryImageOfPage":{"@id":"https:\/\/www.garlicline.com\/product\/dehydrate-garlic-slicing-production-line\/#primaryimage"},"image":{"@id":"https:\/\/www.garlicline.com\/product\/dehydrate-garlic-slicing-production-line\/#primaryimage"},"thumbnailUrl":"https:\/\/www.garlicline.com\/wp-content\/uploads\/2025\/03\/Dehydrated-garlic-slicing-line.jpg","datePublished":"2025-03-05T10:39:56+00:00","dateModified":"2026-04-15T11:44:11+00:00","description":"A linha de corte de alho desidratado integra automa\u00e7\u00e3o, higiene e seguran\u00e7a, poupan\u00e7a de energia e prote\u00e7\u00e3o ambiental, ajudando as empresas a criar produtos de alta qualidade.","breadcrumb":{"@id":"https:\/\/www.garlicline.com\/product\/dehydrate-garlic-slicing-production-line\/#breadcrumb"},"inLanguage":"pt-PT","potentialAction":[{"@type":"ReadAction","target":["https:\/\/www.garlicline.com\/product\/dehydrate-garlic-slicing-production-line\/"]}]},{"@type":"ImageObject","inLanguage":"pt-PT","@id":"https:\/\/www.garlicline.com\/product\/dehydrate-garlic-slicing-production-line\/#primaryimage","url":"https:\/\/www.garlicline.com\/wp-content\/uploads\/2025\/03\/Dehydrated-garlic-slicing-line.jpg","contentUrl":"https:\/\/www.garlicline.com\/wp-content\/uploads\/2025\/03\/Dehydrated-garlic-slicing-line.jpg","width":600,"height":600},{"@type":"BreadcrumbList","@id":"https:\/\/www.garlicline.com\/product\/dehydrate-garlic-slicing-production-line\/#breadcrumb","itemListElement":[{"@type":"ListItem","position":1,"name":"Home","item":"https:\/\/www.garlicline.com\/"},{"@type":"ListItem","position":2,"name":"Products","item":"https:\/\/www.garlicline.com\/products\/"},{"@type":"ListItem","position":3,"name":"Dehydrate Garlic Slicing Production Line"}]},{"@type":"WebSite","@id":"https:\/\/www.garlicline.com\/#website","url":"https:\/\/www.garlicline.com\/","name":"linha de alho","description":"fornecedor de m\u00e1quinas de transforma\u00e7\u00e3o de alho","publisher":{"@id":"https:\/\/www.garlicline.com\/#organization"},"potentialAction":[{"@type":"SearchAction","target":{"@type":"EntryPoint","urlTemplate":"https:\/\/www.garlicline.com\/?s={search_term_string}"},"query-input":{"@type":"PropertyValueSpecification","valueRequired":true,"valueName":"search_term_string"}}],"inLanguage":"pt-PT"},{"@type":"Organization","@id":"https:\/\/www.garlicline.com\/#organization","name":"linha de alho","url":"https:\/\/www.garlicline.com\/","logo":{"@type":"ImageObject","inLanguage":"pt-PT","@id":"https:\/\/www.garlicline.com\/#\/schema\/logo\/image\/","url":"https:\/\/www.garlicline.com\/wp-content\/uploads\/2025\/05\/cropped-gelgoog-logo-1.png","contentUrl":"https:\/\/www.garlicline.com\/wp-content\/uploads\/2025\/05\/cropped-gelgoog-logo-1.png","width":434,"height":267,"caption":"garlicline"},"image":{"@id":"https:\/\/www.garlicline.com\/#\/schema\/logo\/image\/"}},false]}},"yasr_visitor_votes":{"stars_attributes":{"read_only":false,"span_bottom":false},"number_of_votes":1,"sum_votes":5},"_links":{"self":[{"href":"https:\/\/www.garlicline.com\/pt\/wp-json\/wp\/v2\/product\/2614","targetHints":{"allow":["GET"]}}],"collection":[{"href":"https:\/\/www.garlicline.com\/pt\/wp-json\/wp\/v2\/product"}],"about":[{"href":"https:\/\/www.garlicline.com\/pt\/wp-json\/wp\/v2\/types\/product"}],"replies":[{"embeddable":true,"href":"https:\/\/www.garlicline.com\/pt\/wp-json\/wp\/v2\/comments?post=2614"}],"version-history":[{"count":0,"href":"https:\/\/www.garlicline.com\/pt\/wp-json\/wp\/v2\/product\/2614\/revisions"}],"wp:featuredmedia":[{"embeddable":true,"href":"https:\/\/www.garlicline.com\/pt\/wp-json\/wp\/v2\/media\/2616"}],"wp:attachment":[{"href":"https:\/\/www.garlicline.com\/pt\/wp-json\/wp\/v2\/media?parent=2614"}],"wp:term":[{"taxonomy":"product_brand","embeddable":true,"href":"https:\/\/www.garlicline.com\/pt\/wp-json\/wp\/v2\/product_brand?post=2614"},{"taxonomy":"product_cat","embeddable":true,"href":"https:\/\/www.garlicline.com\/pt\/wp-json\/wp\/v2\/product_cat?post=2614"},{"taxonomy":"product_tag","embeddable":true,"href":"https:\/\/www.garlicline.com\/pt\/wp-json\/wp\/v2\/product_tag?post=2614"}],"curies":[{"name":"wp","href":"https:\/\/api.w.org\/{rel}","templated":true}]}}