{"id":2623,"date":"2025-03-18T07:43:40","date_gmt":"2025-03-18T07:43:40","guid":{"rendered":"https:\/\/www.garlicline.com\/?post_type=product&#038;p=2623"},"modified":"2025-10-27T09:30:30","modified_gmt":"2025-10-27T09:30:30","slug":"garlic-clove-grading-sorting-machine","status":"publish","type":"product","link":"https:\/\/www.garlicline.com\/pt\/produto\/garlic-clove-grading-sorting-machine\/","title":{"rendered":"M\u00e1quina de classifica\u00e7\u00e3o de cravos de alho"},"content":{"rendered":"<p>A m\u00e1quina de sele\u00e7\u00e3o de dentes de alho \u00e9 um dispositivo automatizado concebido especificamente para uma sele\u00e7\u00e3o precisa de dentes de alho. Pode ser personalizada para diferentes tamanhos e ajustada para se adequar ao tamanho do alho. Amplamente utilizada no processamento de alho, no processamento de produtos agr\u00edcolas e na produ\u00e7\u00e3o alimentar, esta m\u00e1quina melhora efetivamente a efici\u00eancia e a qualidade da sele\u00e7\u00e3o de dentes de alho, lan\u00e7ando as bases para o subsequente processamento de alho.<\/p>\n<h2>M\u00e1quina de sele\u00e7\u00e3o de dentes de alho Vantagens do produto<\/h2>\n<p>1. Ordena\u00e7\u00e3o eficiente<\/p>\n<p>Pode processar centenas ou mesmo milhares de quilogramas de dentes de alho por hora, alcan\u00e7ando uma efici\u00eancia excecionalmente elevada. Isto reduz significativamente o tempo e os custos de m\u00e3o de obra.<\/p>\n<p>2. Sele\u00e7\u00e3o precisa<\/p>\n<p>Com uma precis\u00e3o de sele\u00e7\u00e3o de \u00b11 mm, a m\u00e1quina de sele\u00e7\u00e3o de dentes de alho pode ser personalizada em v\u00e1rios tamanhos para satisfazer as necessidades de v\u00e1rias aplica\u00e7\u00f5es.<\/p>\n<p>3. Elevada estabilidade<\/p>\n<p>Utilizando a\u00e7o inoxid\u00e1vel e t\u00e9cnicas de fabrico avan\u00e7adas, oferece uma excelente estabilidade e durabilidade. Pode funcionar continuamente durante longos per\u00edodos de tempo, assegurando um calend\u00e1rio de produ\u00e7\u00e3o sem problemas.<\/p>\n<p>4. Adaptabilidade alargada<\/p>\n<p>Pode adaptar-se \u00e0s diferen\u00e7as de forma dos dentes nas diferentes variedades de alho e ambientes de cultivo. Quer se trate de alho roxo, alho branco ou outras variedades, pode ser selecionado com precis\u00e3o para satisfazer as necessidades de produ\u00e7\u00e3o em diferentes regi\u00f5es e em diferentes escalas.<\/p>\n<p><img fetchpriority=\"high\" decoding=\"async\" class=\"alignnone size-full wp-image-2624\" src=\"https:\/\/www.garlicline.com\/wp-content\/uploads\/2025\/03\/Garlic-clove-sorting-machine-for-sale.jpg\" alt=\"M\u00e1quina de sele\u00e7\u00e3o de dentes de alho para venda\" width=\"1000\" height=\"430\" srcset=\"https:\/\/www.garlicline.com\/wp-content\/uploads\/2025\/03\/Garlic-clove-sorting-machine-for-sale.jpg 1000w, https:\/\/www.garlicline.com\/wp-content\/uploads\/2025\/03\/Garlic-clove-sorting-machine-for-sale-300x129.jpg 300w, https:\/\/www.garlicline.com\/wp-content\/uploads\/2025\/03\/Garlic-clove-sorting-machine-for-sale-768x330.jpg 768w, https:\/\/www.garlicline.com\/wp-content\/uploads\/2025\/03\/Garlic-clove-sorting-machine-for-sale-18x8.jpg 18w, https:\/\/www.garlicline.com\/wp-content\/uploads\/2025\/03\/Garlic-clove-sorting-machine-for-sale-600x258.jpg 600w, https:\/\/www.garlicline.com\/wp-content\/uploads\/2025\/03\/Garlic-clove-sorting-machine-for-sale-64x28.jpg 64w\" sizes=\"(max-width: 1000px) 100vw, 1000px\" \/><\/p>\n<h2>M\u00e1quina de classifica\u00e7\u00e3o de cravos de alho Cen\u00e1rios aplic\u00e1veis<\/h2>\n<p>&nbsp;<\/p>\n<p>F\u00e1bricas de transforma\u00e7\u00e3o de produtos alimentares: pr\u00e9-processamento e sele\u00e7\u00e3o de pasta de alho, fatias de alho e mat\u00e9rias-primas para temperos.<\/p>\n<p>Cooperativas agr\u00edcolas: o alho fresco \u00e9 classificado de acordo com as especifica\u00e7\u00f5es ap\u00f3s a colheita para aumentar o valor acrescentado das vendas.<\/p>\n<p>Cozinhas centrais de restaura\u00e7\u00e3o: pr\u00e9-processamento normalizado dos alimentos para garantir uma qualidade uniforme dos pratos.<\/p>\n<p>Comerciantes de exporta\u00e7\u00e3o: satisfazem os requisitos rigorosos de classifica\u00e7\u00e3o dos clientes internacionais no que respeita ao tamanho do dente de alho.<\/p>\n<h2>V\u00eddeo da m\u00e1quina de sele\u00e7\u00e3o de dentes de alho<\/h2>\n<p>&nbsp;<\/p>\n<p><iframe title=\"M\u00e1quina de sele\u00e7\u00e3o e classifica\u00e7\u00e3o de alho#machine\" src=\"https:\/\/www.youtube.com\/embed\/NekDka_T3ck\" width=\"630\" height=\"400\" frameborder=\"0\" allowfullscreen=\"allowfullscreen\"><span data-mce-type=\"bookmark\" style=\"display: inline-block; width: 0px; overflow: hidden; line-height: 0;\" class=\"mce_SELRES_start\">Obrigado por entrar em contato conosco.<\/span><\/iframe><\/p>\n<h2>Porqu\u00ea escolher-nos?<\/h2>\n<p>Experi\u00eancia rica: Mais de 10 anos de experi\u00eancia em investiga\u00e7\u00e3o e desenvolvimento de equipamento de triagem, servindo clientes em mais de 180 pa\u00edses em todo o mundo.<\/p>\n<p>Servi\u00e7o personalizado: Suporta tamanhos n\u00e3o padronizados e personaliza\u00e7\u00e3o de regras de classifica\u00e7\u00e3o, fornecendo uma solu\u00e7\u00e3o \u00fanica.<\/p>\n<p>N\u00f3s somos um fabricante de m\u00e1quinas de processamento de alho. Pode escolher uma m\u00e1quina de sele\u00e7\u00e3o de alho ou uma linha de processamento de sele\u00e7\u00e3o de alho. Tamb\u00e9m temos uma <a href=\"https:\/\/www.garlicline.com\/pt\/produto\/garlic-peeling-line\/\"><strong><span style=\"font-size: 16px; font-style: normal;\">linha de descasque de alho<\/span><\/strong><\/a><span style=\"font-size: 16px;\">etc. Se quiser saber mais informa\u00e7\u00f5es, pode contactar-nos a qualquer momento.<\/span><\/p>\n<hr \/>\n<h2 style=\"text-align: center;\">-Deixe uma mensagem para uma cita\u00e7\u00e3o-<\/h2>\n\n<div class=\"wpcf7 no-js\" id=\"wpcf7-f1191-o1\" lang=\"en-US\" dir=\"ltr\" data-wpcf7-id=\"1191\">\n<div class=\"screen-reader-response\"><p role=\"status\" aria-live=\"polite\" aria-atomic=\"true\"><\/p> <ul><\/ul><\/div>\n<form action=\"\/pt\/wp-json\/wp\/v2\/product\/2623#wpcf7-f1191-o1\" method=\"post\" class=\"wpcf7-form init\" aria-label=\"Formul\u00e1rio de contacto\" novalidate=\"novalidate\" data-status=\"init\" data-trp-original-action=\"\/pt\/wp-json\/wp\/v2\/product\/2623#wpcf7-f1191-o1\">\n<fieldset class=\"hidden-fields-container\"><input type=\"hidden\" name=\"_wpcf7\" value=\"1191\" \/><input type=\"hidden\" name=\"_wpcf7_version\" value=\"6.1.1\" \/><input type=\"hidden\" name=\"_wpcf7_locale\" value=\"en_US\" \/><input type=\"hidden\" name=\"_wpcf7_unit_tag\" value=\"wpcf7-f1191-o1\" \/><input type=\"hidden\" name=\"_wpcf7_container_post\" value=\"0\" \/><input type=\"hidden\" name=\"_wpcf7_posted_data_hash\" value=\"\" \/>\n<\/fieldset>\n<div class='proformleft'>\n\t<p><label> O seu nome<br \/>\n<span class=\"wpcf7-form-control-wrap\" data-name=\"your-name\"><input size=\"40\" maxlength=\"400\" class=\"wpcf7-form-control wpcf7-text\" aria-invalid=\"false\" value=\"\" type=\"text\" name=\"your-name\" \/><\/span> <\/label>\n\t<\/p>\n\t<p><label> *O seu e-mail<br \/>\n<span class=\"wpcf7-form-control-wrap\" data-name=\"your-email\"><input size=\"40\" maxlength=\"400\" class=\"wpcf7-form-control wpcf7-email wpcf7-validates-as-required wpcf7-text wpcf7-validates-as-email\" aria-required=\"true\" aria-invalid=\"false\" value=\"\" type=\"email\" name=\"your-email\" \/><\/span> <\/label>\n\t<\/p>\n\t<p><label> *O seu telefone<br \/>\n<span class=\"wpcf7-form-control-wrap\" data-name=\"tel-224\"><input size=\"40\" maxlength=\"400\" class=\"wpcf7-form-control wpcf7-tel wpcf7-validates-as-required wpcf7-text wpcf7-validates-as-tel\" aria-required=\"true\" aria-invalid=\"false\" value=\"\" type=\"tel\" name=\"tel-224\" \/><\/span> <\/label>\n\t<\/p>\n\t<p><label> O seu pa\u00eds<br \/>\n<span class=\"wpcf7-form-control-wrap\" data-name=\"your-country\"><input size=\"40\" maxlength=\"400\" class=\"wpcf7-form-control wpcf7-text\" aria-invalid=\"false\" value=\"\" type=\"text\" name=\"your-country\" \/><\/span> <\/label>\n\t<\/p>\n<\/div>\n<div class='proformright'>\n\t<p><label> *A sua mensagem<br \/>\n<span class=\"wpcf7-form-control-wrap\" data-name=\"your-message\"><textarea cols=\"40\" rows=\"10\" maxlength=\"2000\" class=\"wpcf7-form-control wpcf7-textarea wpcf7-validates-as-required\" aria-required=\"true\" aria-invalid=\"false\" name=\"your-message\"><\/textarea><\/span> <\/label>\n\t<\/p>\n\t<p><input class=\"wpcf7-form-control wpcf7-submit has-spinner\" type=\"submit\" value=\"Enviar\" \/>\n\t<\/p>\n<\/div>\n<div style='clear:both'>\n<\/div><p style=\"display: none !important;\" class=\"akismet-fields-container\" data-prefix=\"_wpcf7_ak_\"><label>&#916;<textarea name=\"_wpcf7_ak_hp_textarea\" cols=\"45\" rows=\"8\" maxlength=\"100\"><\/textarea><\/label><input type=\"hidden\" id=\"ak_js_1\" name=\"_wpcf7_ak_js\" value=\"192\"\/><script>document.getElementById( \"ak_js_1\" ).setAttribute( \"value\", ( new Date() ).getTime() );<\/script><\/p><div class=\"wpcf7-response-output\" aria-hidden=\"true\"><\/div>\n<input type=\"hidden\" name=\"trp-form-language\" value=\"pt\"\/><\/form>\n<\/div>\n\n<div style='text-align:left' class='yasr-auto-insert-visitor'><\/div>","protected":false},"excerpt":{"rendered":"<ol>\n<li>Tamanho: 4000*1300*1100MM<\/li>\n<li>Pot\u00eancia: 2,2KW<\/li>\n<li>Produ\u00e7\u00e3o: 2 toneladas por hora<\/li>\n<li>Material: A\u00e7o inoxid\u00e1vel 304<\/li>\n<\/ol>","protected":false},"featured_media":2626,"comment_status":"open","ping_status":"closed","template":"","meta":{"site-sidebar-layout":"default","site-content-layout":"default","ast-global-header-display":"","ast-main-header-display":"","ast-hfb-above-header-display":"","ast-hfb-below-header-display":"","ast-hfb-mobile-header-display":"","site-post-title":"","ast-breadcrumbs-content":"","ast-featured-img":"","footer-sml-layout":"","theme-transparent-header-meta":"default","adv-header-id-meta":"","stick-header-meta":"","header-above-stick-meta":"","header-main-stick-meta":"","header-below-stick-meta":"","yasr_overall_rating":0,"yasr_post_is_review":"","yasr_auto_insert_disabled":"","yasr_review_type":""},"product_brand":[],"product_cat":[33],"product_tag":[],"class_list":{"0":"post-2623","1":"product","2":"type-product","3":"status-publish","4":"has-post-thumbnail","6":"product_cat-products","8":"first","9":"instock","10":"shipping-taxable","11":"product-type-simple"},"yoast_head":"<!-- This site is optimized with the Yoast SEO plugin v25.7 - https:\/\/yoast.com\/wordpress\/plugins\/seo\/ -->\n<title>Garlic Clove Grading Sorting Machine<\/title>\n<meta name=\"description\" content=\"Garlic clove grading machine is widely used in garlic processing, agricultural product processing and food production, etc., providing a strong guarantee for improving the efficiency and quality of garlic clove sorting.\" \/>\n<meta name=\"robots\" content=\"index, follow, max-snippet:-1, max-image-preview:large, max-video-preview:-1\" \/>\n<link rel=\"canonical\" href=\"https:\/\/www.garlicline.com\/pt\/produto\/garlic-clove-grading-sorting-machine\/\" \/>\n<meta property=\"og:locale\" content=\"pt_PT\" \/>\n<meta property=\"og:type\" content=\"article\" \/>\n<meta property=\"og:title\" content=\"Garlic Clove Grading Sorting Machine\" \/>\n<meta property=\"og:description\" content=\"Garlic clove grading machine is widely used in garlic processing, agricultural product processing and food production, etc., providing a strong guarantee for improving the efficiency and quality of garlic clove sorting.\" \/>\n<meta property=\"og:url\" content=\"https:\/\/www.garlicline.com\/pt\/produto\/garlic-clove-grading-sorting-machine\/\" \/>\n<meta property=\"og:site_name\" content=\"garlicline\" \/>\n<meta property=\"article:modified_time\" content=\"2025-10-27T09:30:30+00:00\" \/>\n<meta property=\"og:image\" content=\"https:\/\/www.garlicline.com\/wp-content\/uploads\/2025\/03\/Garlic-clove-sorting-machine.jpg\" \/>\n\t<meta property=\"og:image:width\" content=\"600\" \/>\n\t<meta property=\"og:image:height\" content=\"600\" \/>\n\t<meta property=\"og:image:type\" content=\"image\/jpeg\" \/>\n<meta name=\"twitter:card\" content=\"summary_large_image\" \/>\n<meta name=\"twitter:label1\" content=\"Tempo estimado de leitura\" \/>\n\t<meta name=\"twitter:data1\" content=\"2 minutos\" \/>\n<script type=\"application\/ld+json\" class=\"yoast-schema-graph\">{\"@context\":\"https:\/\/schema.org\",\"@graph\":[{\"@type\":\"WebPage\",\"@id\":\"https:\/\/www.garlicline.com\/product\/garlic-clove-grading-sorting-machine\/\",\"url\":\"https:\/\/www.garlicline.com\/product\/garlic-clove-grading-sorting-machine\/\",\"name\":\"Garlic Clove Grading Sorting Machine\",\"isPartOf\":{\"@id\":\"https:\/\/www.garlicline.com\/#website\"},\"primaryImageOfPage\":{\"@id\":\"https:\/\/www.garlicline.com\/product\/garlic-clove-grading-sorting-machine\/#primaryimage\"},\"image\":{\"@id\":\"https:\/\/www.garlicline.com\/product\/garlic-clove-grading-sorting-machine\/#primaryimage\"},\"thumbnailUrl\":\"https:\/\/www.garlicline.com\/wp-content\/uploads\/2025\/03\/Garlic-clove-sorting-machine.jpg\",\"datePublished\":\"2025-03-18T07:43:40+00:00\",\"dateModified\":\"2025-10-27T09:30:30+00:00\",\"description\":\"Garlic clove grading machine is widely used in garlic processing, agricultural product processing and food production, etc., providing a strong guarantee for improving the efficiency and quality of garlic clove sorting.\",\"breadcrumb\":{\"@id\":\"https:\/\/www.garlicline.com\/product\/garlic-clove-grading-sorting-machine\/#breadcrumb\"},\"inLanguage\":\"pt-PT\",\"potentialAction\":[{\"@type\":\"ReadAction\",\"target\":[\"https:\/\/www.garlicline.com\/product\/garlic-clove-grading-sorting-machine\/\"]}]},{\"@type\":\"ImageObject\",\"inLanguage\":\"pt-PT\",\"@id\":\"https:\/\/www.garlicline.com\/product\/garlic-clove-grading-sorting-machine\/#primaryimage\",\"url\":\"https:\/\/www.garlicline.com\/wp-content\/uploads\/2025\/03\/Garlic-clove-sorting-machine.jpg\",\"contentUrl\":\"https:\/\/www.garlicline.com\/wp-content\/uploads\/2025\/03\/Garlic-clove-sorting-machine.jpg\",\"width\":600,\"height\":600,\"caption\":\"Garlic-clove-sorting-machine\"},{\"@type\":\"BreadcrumbList\",\"@id\":\"https:\/\/www.garlicline.com\/product\/garlic-clove-grading-sorting-machine\/#breadcrumb\",\"itemListElement\":[{\"@type\":\"ListItem\",\"position\":1,\"name\":\"Home\",\"item\":\"https:\/\/www.garlicline.com\/\"},{\"@type\":\"ListItem\",\"position\":2,\"name\":\"Products\",\"item\":\"https:\/\/www.garlicline.com\/products\/\"},{\"@type\":\"ListItem\",\"position\":3,\"name\":\"Garlic Clove Grading Sorting Machine\"}]},{\"@type\":\"WebSite\",\"@id\":\"https:\/\/www.garlicline.com\/#website\",\"url\":\"https:\/\/www.garlicline.com\/\",\"name\":\"garlicline\",\"description\":\"garlic processing machine supplier\",\"publisher\":{\"@id\":\"https:\/\/www.garlicline.com\/#organization\"},\"potentialAction\":[{\"@type\":\"SearchAction\",\"target\":{\"@type\":\"EntryPoint\",\"urlTemplate\":\"https:\/\/www.garlicline.com\/?s={search_term_string}\"},\"query-input\":{\"@type\":\"PropertyValueSpecification\",\"valueRequired\":true,\"valueName\":\"search_term_string\"}}],\"inLanguage\":\"pt-PT\"},{\"@type\":\"Organization\",\"@id\":\"https:\/\/www.garlicline.com\/#organization\",\"name\":\"garlicline\",\"url\":\"https:\/\/www.garlicline.com\/\",\"logo\":{\"@type\":\"ImageObject\",\"inLanguage\":\"pt-PT\",\"@id\":\"https:\/\/www.garlicline.com\/#\/schema\/logo\/image\/\",\"url\":\"https:\/\/www.garlicline.com\/wp-content\/uploads\/2025\/05\/cropped-gelgoog-logo-1.png\",\"contentUrl\":\"https:\/\/www.garlicline.com\/wp-content\/uploads\/2025\/05\/cropped-gelgoog-logo-1.png\",\"width\":434,\"height\":267,\"caption\":\"garlicline\"},\"image\":{\"@id\":\"https:\/\/www.garlicline.com\/#\/schema\/logo\/image\/\"}},false]}<\/script>\n<!-- \/ Yoast SEO plugin. -->","yoast_head_json":{"title":"M\u00e1quina de classifica\u00e7\u00e3o de cravos de alho","description":"A m\u00e1quina de classifica\u00e7\u00e3o de dentes de alho \u00e9 amplamente utilizada no processamento de alho, processamento de produtos agr\u00edcolas e produ\u00e7\u00e3o de alimentos, etc., fornecendo uma forte garantia para melhorar a efici\u00eancia e a qualidade da classifica\u00e7\u00e3o de dentes de alho.","robots":{"index":"index","follow":"follow","max-snippet":"max-snippet:-1","max-image-preview":"max-image-preview:large","max-video-preview":"max-video-preview:-1"},"canonical":"https:\/\/www.garlicline.com\/pt\/produto\/garlic-clove-grading-sorting-machine\/","og_locale":"pt_PT","og_type":"article","og_title":"Garlic Clove Grading Sorting Machine","og_description":"Garlic clove grading machine is widely used in garlic processing, agricultural product processing and food production, etc., providing a strong guarantee for improving the efficiency and quality of garlic clove sorting.","og_url":"https:\/\/www.garlicline.com\/pt\/produto\/garlic-clove-grading-sorting-machine\/","og_site_name":"garlicline","article_modified_time":"2025-10-27T09:30:30+00:00","og_image":[{"width":600,"height":600,"url":"https:\/\/www.garlicline.com\/wp-content\/uploads\/2025\/03\/Garlic-clove-sorting-machine.jpg","type":"image\/jpeg"}],"twitter_card":"summary_large_image","twitter_misc":{"Tempo estimado de leitura":"2 minutos"},"schema":{"@context":"https:\/\/schema.org","@graph":[{"@type":"WebPage","@id":"https:\/\/www.garlicline.com\/product\/garlic-clove-grading-sorting-machine\/","url":"https:\/\/www.garlicline.com\/product\/garlic-clove-grading-sorting-machine\/","name":"M\u00e1quina de classifica\u00e7\u00e3o de cravos de alho","isPartOf":{"@id":"https:\/\/www.garlicline.com\/#website"},"primaryImageOfPage":{"@id":"https:\/\/www.garlicline.com\/product\/garlic-clove-grading-sorting-machine\/#primaryimage"},"image":{"@id":"https:\/\/www.garlicline.com\/product\/garlic-clove-grading-sorting-machine\/#primaryimage"},"thumbnailUrl":"https:\/\/www.garlicline.com\/wp-content\/uploads\/2025\/03\/Garlic-clove-sorting-machine.jpg","datePublished":"2025-03-18T07:43:40+00:00","dateModified":"2025-10-27T09:30:30+00:00","description":"A m\u00e1quina de classifica\u00e7\u00e3o de dentes de alho \u00e9 amplamente utilizada no processamento de alho, processamento de produtos agr\u00edcolas e produ\u00e7\u00e3o de alimentos, etc., fornecendo uma forte garantia para melhorar a efici\u00eancia e a qualidade da classifica\u00e7\u00e3o de dentes de alho.","breadcrumb":{"@id":"https:\/\/www.garlicline.com\/product\/garlic-clove-grading-sorting-machine\/#breadcrumb"},"inLanguage":"pt-PT","potentialAction":[{"@type":"ReadAction","target":["https:\/\/www.garlicline.com\/product\/garlic-clove-grading-sorting-machine\/"]}]},{"@type":"ImageObject","inLanguage":"pt-PT","@id":"https:\/\/www.garlicline.com\/product\/garlic-clove-grading-sorting-machine\/#primaryimage","url":"https:\/\/www.garlicline.com\/wp-content\/uploads\/2025\/03\/Garlic-clove-sorting-machine.jpg","contentUrl":"https:\/\/www.garlicline.com\/wp-content\/uploads\/2025\/03\/Garlic-clove-sorting-machine.jpg","width":600,"height":600,"caption":"Garlic-clove-sorting-machine"},{"@type":"BreadcrumbList","@id":"https:\/\/www.garlicline.com\/product\/garlic-clove-grading-sorting-machine\/#breadcrumb","itemListElement":[{"@type":"ListItem","position":1,"name":"Home","item":"https:\/\/www.garlicline.com\/"},{"@type":"ListItem","position":2,"name":"Products","item":"https:\/\/www.garlicline.com\/products\/"},{"@type":"ListItem","position":3,"name":"Garlic Clove Grading Sorting Machine"}]},{"@type":"WebSite","@id":"https:\/\/www.garlicline.com\/#website","url":"https:\/\/www.garlicline.com\/","name":"linha de alho","description":"fornecedor de m\u00e1quinas de transforma\u00e7\u00e3o de alho","publisher":{"@id":"https:\/\/www.garlicline.com\/#organization"},"potentialAction":[{"@type":"SearchAction","target":{"@type":"EntryPoint","urlTemplate":"https:\/\/www.garlicline.com\/?s={search_term_string}"},"query-input":{"@type":"PropertyValueSpecification","valueRequired":true,"valueName":"search_term_string"}}],"inLanguage":"pt-PT"},{"@type":"Organization","@id":"https:\/\/www.garlicline.com\/#organization","name":"linha de alho","url":"https:\/\/www.garlicline.com\/","logo":{"@type":"ImageObject","inLanguage":"pt-PT","@id":"https:\/\/www.garlicline.com\/#\/schema\/logo\/image\/","url":"https:\/\/www.garlicline.com\/wp-content\/uploads\/2025\/05\/cropped-gelgoog-logo-1.png","contentUrl":"https:\/\/www.garlicline.com\/wp-content\/uploads\/2025\/05\/cropped-gelgoog-logo-1.png","width":434,"height":267,"caption":"garlicline"},"image":{"@id":"https:\/\/www.garlicline.com\/#\/schema\/logo\/image\/"}},false]}},"yasr_visitor_votes":{"stars_attributes":{"read_only":false,"span_bottom":false},"number_of_votes":1,"sum_votes":5},"_links":{"self":[{"href":"https:\/\/www.garlicline.com\/pt\/wp-json\/wp\/v2\/product\/2623","targetHints":{"allow":["GET"]}}],"collection":[{"href":"https:\/\/www.garlicline.com\/pt\/wp-json\/wp\/v2\/product"}],"about":[{"href":"https:\/\/www.garlicline.com\/pt\/wp-json\/wp\/v2\/types\/product"}],"replies":[{"embeddable":true,"href":"https:\/\/www.garlicline.com\/pt\/wp-json\/wp\/v2\/comments?post=2623"}],"version-history":[{"count":0,"href":"https:\/\/www.garlicline.com\/pt\/wp-json\/wp\/v2\/product\/2623\/revisions"}],"wp:featuredmedia":[{"embeddable":true,"href":"https:\/\/www.garlicline.com\/pt\/wp-json\/wp\/v2\/media\/2626"}],"wp:attachment":[{"href":"https:\/\/www.garlicline.com\/pt\/wp-json\/wp\/v2\/media?parent=2623"}],"wp:term":[{"taxonomy":"product_brand","embeddable":true,"href":"https:\/\/www.garlicline.com\/pt\/wp-json\/wp\/v2\/product_brand?post=2623"},{"taxonomy":"product_cat","embeddable":true,"href":"https:\/\/www.garlicline.com\/pt\/wp-json\/wp\/v2\/product_cat?post=2623"},{"taxonomy":"product_tag","embeddable":true,"href":"https:\/\/www.garlicline.com\/pt\/wp-json\/wp\/v2\/product_tag?post=2623"}],"curies":[{"name":"wp","href":"https:\/\/api.w.org\/{rel}","templated":true}]}}