{"id":2705,"date":"2025-05-15T09:58:35","date_gmt":"2025-05-15T09:58:35","guid":{"rendered":"https:\/\/www.garlicline.com\/?post_type=product&#038;p=2705"},"modified":"2026-02-09T09:13:36","modified_gmt":"2026-02-09T09:13:36","slug":"garlic-size-grading-machine-drum-type","status":"publish","type":"product","link":"https:\/\/www.garlicline.com\/pt\/produto\/garlic-size-grading-machine-drum-type\/","title":{"rendered":"M\u00e1quina de classifica\u00e7\u00e3o de tamanho de alho tipo tambor"},"content":{"rendered":"<p>A m\u00e1quina de classifica\u00e7\u00e3o de alho \u00e9 um equipamento automatizado concebido para os sectores da agricultura e da transforma\u00e7\u00e3o de alimentos. A m\u00e1quina de classifica\u00e7\u00e3o de alho adopta a tecnologia de triagem por tambor e de ajuste inteligente para completar eficazmente a classifica\u00e7\u00e3o do tamanho dos bolbos de alho, substituir a triagem manual tradicional e melhorar significativamente a efici\u00eancia da produ\u00e7\u00e3o de alho e a consist\u00eancia do produto. O equipamento \u00e9 adequado para produtores de alho, empresas de transforma\u00e7\u00e3o e outros cen\u00e1rios.<\/p>\n<h2>Carater\u00edsticas da m\u00e1quina de classifica\u00e7\u00e3o por tamanho de alho<\/h2>\n<p>1. Design de classifica\u00e7\u00e3o de tambor, a forma do orif\u00edcio da peneira (orif\u00edcio redondo, orif\u00edcio longo) e o tamanho podem ser personalizados<\/p>\n<p>2. Superf\u00edcie de contacto de material de silicone, classifica\u00e7\u00e3o flex\u00edvel para evitar danos no dente de alho<\/p>\n<p>3. Equipado com um motor de velocidade continuamente vari\u00e1vel, velocidade de transporte ajust\u00e1vel, adapta-se a diferentes requisitos de capacidade de produ\u00e7\u00e3o<\/p>\n<h2>M\u00e1quina de classifica\u00e7\u00e3o de tamanho de alho Vantagens significativas<\/h2>\n<p>Economize custos de m\u00e3o de obra: a m\u00e1quina classificadora de tamanho de alho pode substituir v\u00e1rios trabalhadores de classifica\u00e7\u00e3o, reduzir a depend\u00eancia de m\u00e3o de obra e reduzir os custos de gerenciamento.<\/p>\n<p>Aumentar o pr\u00e9mio do produto: O alho ap\u00f3s uma classifica\u00e7\u00e3o precisa pode ter um pre\u00e7o diferente para satisfazer os mercados de topo de gama e as normas de exporta\u00e7\u00e3o, e aumentar as margens de lucro.<\/p>\n<p>Adaptar-se a m\u00faltiplos cen\u00e1rios: Desde o processamento prim\u00e1rio no campo at\u00e9 linhas de embalagem sofisticadas, a m\u00e1quina classificadora de tamanho de alho pode conectar links de produ\u00e7\u00e3o a montante e a jusante.<\/p>\n<p><img fetchpriority=\"high\" decoding=\"async\" class=\"alignnone size-full wp-image-2706\" src=\"https:\/\/www.garlicline.com\/wp-content\/uploads\/2025\/05\/garlic-size-grader-machine-for-sale.jpg\" alt=\"m\u00e1quina de sele\u00e7\u00e3o de alhos para venda\" width=\"630\" height=\"400\" srcset=\"https:\/\/www.garlicline.com\/wp-content\/uploads\/2025\/05\/garlic-size-grader-machine-for-sale.jpg 630w, https:\/\/www.garlicline.com\/wp-content\/uploads\/2025\/05\/garlic-size-grader-machine-for-sale-300x190.jpg 300w, https:\/\/www.garlicline.com\/wp-content\/uploads\/2025\/05\/garlic-size-grader-machine-for-sale-18x12.jpg 18w, https:\/\/www.garlicline.com\/wp-content\/uploads\/2025\/05\/garlic-size-grader-machine-for-sale-600x381.jpg 600w, https:\/\/www.garlicline.com\/wp-content\/uploads\/2025\/05\/garlic-size-grader-machine-for-sale-64x41.jpg 64w\" sizes=\"(max-width: 630px) 100vw, 630px\" \/><\/p>\n<h2>Cen\u00e1rios de aplica\u00e7\u00e3o da m\u00e1quina de sele\u00e7\u00e3o do tamanho do alho<\/h2>\n<p>Cooperativas agr\u00edcolas e bases de planta\u00e7\u00e3o: completar rapidamente a triagem prim\u00e1ria ap\u00f3s a colheita, armazenar ou abastecer diretamente o mercado de acordo com as especifica\u00e7\u00f5es e encurtar o ciclo da cadeia de abastecimento.<\/p>\n<p>F\u00e1bricas de transforma\u00e7\u00e3o de alimentos e empresas de transforma\u00e7\u00e3o profunda: fornecem mat\u00e9rias-primas normalizadas para as fatias de alho, o alho em p\u00f3, o alho em conserva e outros produtos para garantir uma qualidade de transforma\u00e7\u00e3o est\u00e1vel.<\/p>\n<p>Empresas comerciais exportadoras: satisfazem os requisitos rigorosos dos mercados internacionais, como a Europa, os Estados Unidos, o Jap\u00e3o e a Coreia do Sul, em termos de tamanho e aspeto do alho, e aumentam a competitividade das exporta\u00e7\u00f5es.<\/p>\n<hr \/>\n<h2 style=\"text-align: center;\">-Deixe uma mensagem para uma cita\u00e7\u00e3o-<\/h2>\n\n<div class=\"wpcf7 no-js\" id=\"wpcf7-f961-o1\" lang=\"en-US\" dir=\"ltr\" data-wpcf7-id=\"961\">\n<div class=\"screen-reader-response\"><p role=\"status\" aria-live=\"polite\" aria-atomic=\"true\"><\/p> <ul><\/ul><\/div>\n<form action=\"\/pt\/wp-json\/wp\/v2\/product\/2705#wpcf7-f961-o1\" method=\"post\" class=\"wpcf7-form init\" aria-label=\"Formul\u00e1rio de contacto\" novalidate=\"novalidate\" data-status=\"init\" data-trp-original-action=\"\/pt\/wp-json\/wp\/v2\/product\/2705#wpcf7-f961-o1\">\n<fieldset class=\"hidden-fields-container\"><input type=\"hidden\" name=\"_wpcf7\" value=\"961\" \/><input type=\"hidden\" name=\"_wpcf7_version\" value=\"6.1.1\" \/><input type=\"hidden\" name=\"_wpcf7_locale\" value=\"en_US\" \/><input type=\"hidden\" name=\"_wpcf7_unit_tag\" value=\"wpcf7-f961-o1\" \/><input type=\"hidden\" name=\"_wpcf7_container_post\" value=\"0\" \/><input type=\"hidden\" name=\"_wpcf7_posted_data_hash\" value=\"\" \/>\n<\/fieldset>\n<div class='footform'>\n\t<p><label> O seu nome<br \/>\n<span class=\"wpcf7-form-control-wrap\" data-name=\"your-name\"><input size=\"40\" maxlength=\"400\" class=\"wpcf7-form-control wpcf7-text\" aria-invalid=\"false\" value=\"\" type=\"text\" name=\"your-name\" \/><\/span> <\/label>\n\t<\/p>\n\t<p><label>* O seu e-mail<br \/>\n<span class=\"wpcf7-form-control-wrap\" data-name=\"your-email\"><input size=\"40\" maxlength=\"400\" class=\"wpcf7-form-control wpcf7-email wpcf7-validates-as-required wpcf7-text wpcf7-validates-as-email\" aria-required=\"true\" aria-invalid=\"false\" value=\"\" type=\"email\" name=\"your-email\" \/><\/span> <\/label>\n\t<\/p>\n\t<p><label>* A sua mensagem<br \/>\n<span class=\"wpcf7-form-control-wrap\" data-name=\"your-message\"><textarea cols=\"40\" rows=\"10\" maxlength=\"2000\" class=\"wpcf7-form-control wpcf7-textarea wpcf7-validates-as-required\" aria-required=\"true\" aria-invalid=\"false\" name=\"your-message\"><\/textarea><\/span> <\/label>\n\t<\/p>\n\t<p><input class=\"wpcf7-form-control wpcf7-submit has-spinner\" type=\"submit\" value=\"Enviar\" \/>\n\t<\/p>\n<\/div><p style=\"display: none !important;\" class=\"akismet-fields-container\" data-prefix=\"_wpcf7_ak_\"><label>&#916;<textarea name=\"_wpcf7_ak_hp_textarea\" cols=\"45\" rows=\"8\" maxlength=\"100\"><\/textarea><\/label><input type=\"hidden\" id=\"ak_js_1\" name=\"_wpcf7_ak_js\" value=\"24\"\/><script>document.getElementById( \"ak_js_1\" ).setAttribute( \"value\", ( new Date() ).getTime() );<\/script><\/p><div class=\"wpcf7-response-output\" aria-hidden=\"true\"><\/div>\n<input type=\"hidden\" name=\"trp-form-language\" value=\"pt\"\/><\/form>\n<\/div>\n\n<div style='text-align:left' class='yasr-auto-insert-visitor'><\/div>","protected":false},"excerpt":{"rendered":"<p>A m\u00e1quina de classifica\u00e7\u00e3o de alho \u00e9 um equipamento automatizado concebido para os sectores da agricultura e da transforma\u00e7\u00e3o de alimentos. A m\u00e1quina de classifica\u00e7\u00e3o de alho adota a tecnologia de triagem de tambor e ajuste inteligente para concluir com efici\u00eancia a classifica\u00e7\u00e3o do tamanho do bulbo de alho, substituir a triagem manual tradicional e melhorar significativamente a efici\u00eancia da produ\u00e7\u00e3o de alho e a consist\u00eancia do produto. O equipamento \u00e9 adequado para produtores de alho, ...<\/p>\n<p class=\"read-more\"> <a class=\"\" href=\"https:\/\/www.garlicline.com\/pt\/produto\/garlic-size-grading-machine-drum-type\/\"> <span class=\"screen-reader-text\">M\u00e1quina de classifica\u00e7\u00e3o de tamanho de alho tipo tambor<\/span> Ler mais \"<\/a><\/p>","protected":false},"featured_media":2708,"comment_status":"open","ping_status":"closed","template":"","meta":{"site-sidebar-layout":"default","site-content-layout":"default","ast-global-header-display":"","ast-main-header-display":"","ast-hfb-above-header-display":"","ast-hfb-below-header-display":"","ast-hfb-mobile-header-display":"","site-post-title":"","ast-breadcrumbs-content":"","ast-featured-img":"","footer-sml-layout":"","theme-transparent-header-meta":"default","adv-header-id-meta":"","stick-header-meta":"","header-above-stick-meta":"","header-main-stick-meta":"","header-below-stick-meta":"","yasr_overall_rating":5,"yasr_post_is_review":"","yasr_auto_insert_disabled":"","yasr_review_type":""},"product_brand":[],"product_cat":[33],"product_tag":[],"class_list":{"0":"post-2705","1":"product","2":"type-product","3":"status-publish","4":"has-post-thumbnail","6":"product_cat-products","8":"first","9":"instock","10":"shipping-taxable","11":"product-type-simple"},"yoast_head":"<!-- This site is optimized with the Yoast SEO plugin v25.7 - https:\/\/yoast.com\/wordpress\/plugins\/seo\/ -->\n<title>Garlic Size Grading Machine Drum Type<\/title>\n<meta name=\"description\" content=\"The garlic size grading machine adopts drum screening and intelligent adjustment technology to efficiently complete the particle size classification of garlic.\" \/>\n<meta name=\"robots\" content=\"index, follow, max-snippet:-1, max-image-preview:large, max-video-preview:-1\" \/>\n<link rel=\"canonical\" href=\"https:\/\/www.garlicline.com\/pt\/produto\/garlic-size-grading-machine-drum-type\/\" \/>\n<meta property=\"og:locale\" content=\"pt_PT\" \/>\n<meta property=\"og:type\" content=\"article\" \/>\n<meta property=\"og:title\" content=\"Garlic Size Grading Machine Drum Type\" \/>\n<meta property=\"og:description\" content=\"The garlic size grading machine adopts drum screening and intelligent adjustment technology to efficiently complete the particle size classification of garlic.\" \/>\n<meta property=\"og:url\" content=\"https:\/\/www.garlicline.com\/pt\/produto\/garlic-size-grading-machine-drum-type\/\" \/>\n<meta property=\"og:site_name\" content=\"garlicline\" \/>\n<meta property=\"article:modified_time\" content=\"2026-02-09T09:13:36+00:00\" \/>\n<meta property=\"og:image\" content=\"https:\/\/www.garlicline.com\/wp-content\/uploads\/2025\/05\/garlic-size-grading-machine.jpg\" \/>\n\t<meta property=\"og:image:width\" content=\"600\" \/>\n\t<meta property=\"og:image:height\" content=\"600\" \/>\n\t<meta property=\"og:image:type\" content=\"image\/jpeg\" \/>\n<meta name=\"twitter:card\" content=\"summary_large_image\" \/>\n<meta name=\"twitter:label1\" content=\"Tempo estimado de leitura\" \/>\n\t<meta name=\"twitter:data1\" content=\"1 minuto\" \/>\n<script type=\"application\/ld+json\" class=\"yoast-schema-graph\">{\"@context\":\"https:\/\/schema.org\",\"@graph\":[{\"@type\":\"WebPage\",\"@id\":\"https:\/\/www.garlicline.com\/product\/garlic-size-grading-machine-drum-type\/\",\"url\":\"https:\/\/www.garlicline.com\/product\/garlic-size-grading-machine-drum-type\/\",\"name\":\"Garlic Size Grading Machine Drum Type\",\"isPartOf\":{\"@id\":\"https:\/\/www.garlicline.com\/#website\"},\"primaryImageOfPage\":{\"@id\":\"https:\/\/www.garlicline.com\/product\/garlic-size-grading-machine-drum-type\/#primaryimage\"},\"image\":{\"@id\":\"https:\/\/www.garlicline.com\/product\/garlic-size-grading-machine-drum-type\/#primaryimage\"},\"thumbnailUrl\":\"https:\/\/www.garlicline.com\/wp-content\/uploads\/2025\/05\/garlic-size-grading-machine.jpg\",\"datePublished\":\"2025-05-15T09:58:35+00:00\",\"dateModified\":\"2026-02-09T09:13:36+00:00\",\"description\":\"The garlic size grading machine adopts drum screening and intelligent adjustment technology to efficiently complete the particle size classification of garlic.\",\"breadcrumb\":{\"@id\":\"https:\/\/www.garlicline.com\/product\/garlic-size-grading-machine-drum-type\/#breadcrumb\"},\"inLanguage\":\"pt-PT\",\"potentialAction\":[{\"@type\":\"ReadAction\",\"target\":[\"https:\/\/www.garlicline.com\/product\/garlic-size-grading-machine-drum-type\/\"]}]},{\"@type\":\"ImageObject\",\"inLanguage\":\"pt-PT\",\"@id\":\"https:\/\/www.garlicline.com\/product\/garlic-size-grading-machine-drum-type\/#primaryimage\",\"url\":\"https:\/\/www.garlicline.com\/wp-content\/uploads\/2025\/05\/garlic-size-grading-machine.jpg\",\"contentUrl\":\"https:\/\/www.garlicline.com\/wp-content\/uploads\/2025\/05\/garlic-size-grading-machine.jpg\",\"width\":600,\"height\":600,\"caption\":\"garlic-size-grading-machine\"},{\"@type\":\"BreadcrumbList\",\"@id\":\"https:\/\/www.garlicline.com\/product\/garlic-size-grading-machine-drum-type\/#breadcrumb\",\"itemListElement\":[{\"@type\":\"ListItem\",\"position\":1,\"name\":\"Home\",\"item\":\"https:\/\/www.garlicline.com\/\"},{\"@type\":\"ListItem\",\"position\":2,\"name\":\"Products\",\"item\":\"https:\/\/www.garlicline.com\/products\/\"},{\"@type\":\"ListItem\",\"position\":3,\"name\":\"Garlic Size Grading Machine Drum Type\"}]},{\"@type\":\"WebSite\",\"@id\":\"https:\/\/www.garlicline.com\/#website\",\"url\":\"https:\/\/www.garlicline.com\/\",\"name\":\"garlicline\",\"description\":\"garlic processing machine supplier\",\"publisher\":{\"@id\":\"https:\/\/www.garlicline.com\/#organization\"},\"potentialAction\":[{\"@type\":\"SearchAction\",\"target\":{\"@type\":\"EntryPoint\",\"urlTemplate\":\"https:\/\/www.garlicline.com\/?s={search_term_string}\"},\"query-input\":{\"@type\":\"PropertyValueSpecification\",\"valueRequired\":true,\"valueName\":\"search_term_string\"}}],\"inLanguage\":\"pt-PT\"},{\"@type\":\"Organization\",\"@id\":\"https:\/\/www.garlicline.com\/#organization\",\"name\":\"garlicline\",\"url\":\"https:\/\/www.garlicline.com\/\",\"logo\":{\"@type\":\"ImageObject\",\"inLanguage\":\"pt-PT\",\"@id\":\"https:\/\/www.garlicline.com\/#\/schema\/logo\/image\/\",\"url\":\"https:\/\/www.garlicline.com\/wp-content\/uploads\/2025\/05\/cropped-gelgoog-logo-1.png\",\"contentUrl\":\"https:\/\/www.garlicline.com\/wp-content\/uploads\/2025\/05\/cropped-gelgoog-logo-1.png\",\"width\":434,\"height\":267,\"caption\":\"garlicline\"},\"image\":{\"@id\":\"https:\/\/www.garlicline.com\/#\/schema\/logo\/image\/\"}},false]}<\/script>\n<!-- \/ Yoast SEO plugin. -->","yoast_head_json":{"title":"M\u00e1quina de classifica\u00e7\u00e3o de tamanho de alho tipo tambor","description":"A m\u00e1quina de classifica\u00e7\u00e3o do tamanho do alho adopta a tecnologia de triagem de tambor e de ajuste inteligente para completar eficazmente a classifica\u00e7\u00e3o do tamanho das part\u00edculas do alho.","robots":{"index":"index","follow":"follow","max-snippet":"max-snippet:-1","max-image-preview":"max-image-preview:large","max-video-preview":"max-video-preview:-1"},"canonical":"https:\/\/www.garlicline.com\/pt\/produto\/garlic-size-grading-machine-drum-type\/","og_locale":"pt_PT","og_type":"article","og_title":"Garlic Size Grading Machine Drum Type","og_description":"The garlic size grading machine adopts drum screening and intelligent adjustment technology to efficiently complete the particle size classification of garlic.","og_url":"https:\/\/www.garlicline.com\/pt\/produto\/garlic-size-grading-machine-drum-type\/","og_site_name":"garlicline","article_modified_time":"2026-02-09T09:13:36+00:00","og_image":[{"width":600,"height":600,"url":"https:\/\/www.garlicline.com\/wp-content\/uploads\/2025\/05\/garlic-size-grading-machine.jpg","type":"image\/jpeg"}],"twitter_card":"summary_large_image","twitter_misc":{"Tempo estimado de leitura":"1 minuto"},"schema":{"@context":"https:\/\/schema.org","@graph":[{"@type":"WebPage","@id":"https:\/\/www.garlicline.com\/product\/garlic-size-grading-machine-drum-type\/","url":"https:\/\/www.garlicline.com\/product\/garlic-size-grading-machine-drum-type\/","name":"M\u00e1quina de classifica\u00e7\u00e3o de tamanho de alho tipo tambor","isPartOf":{"@id":"https:\/\/www.garlicline.com\/#website"},"primaryImageOfPage":{"@id":"https:\/\/www.garlicline.com\/product\/garlic-size-grading-machine-drum-type\/#primaryimage"},"image":{"@id":"https:\/\/www.garlicline.com\/product\/garlic-size-grading-machine-drum-type\/#primaryimage"},"thumbnailUrl":"https:\/\/www.garlicline.com\/wp-content\/uploads\/2025\/05\/garlic-size-grading-machine.jpg","datePublished":"2025-05-15T09:58:35+00:00","dateModified":"2026-02-09T09:13:36+00:00","description":"A m\u00e1quina de classifica\u00e7\u00e3o do tamanho do alho adopta a tecnologia de triagem de tambor e de ajuste inteligente para completar eficazmente a classifica\u00e7\u00e3o do tamanho das part\u00edculas do alho.","breadcrumb":{"@id":"https:\/\/www.garlicline.com\/product\/garlic-size-grading-machine-drum-type\/#breadcrumb"},"inLanguage":"pt-PT","potentialAction":[{"@type":"ReadAction","target":["https:\/\/www.garlicline.com\/product\/garlic-size-grading-machine-drum-type\/"]}]},{"@type":"ImageObject","inLanguage":"pt-PT","@id":"https:\/\/www.garlicline.com\/product\/garlic-size-grading-machine-drum-type\/#primaryimage","url":"https:\/\/www.garlicline.com\/wp-content\/uploads\/2025\/05\/garlic-size-grading-machine.jpg","contentUrl":"https:\/\/www.garlicline.com\/wp-content\/uploads\/2025\/05\/garlic-size-grading-machine.jpg","width":600,"height":600,"caption":"garlic-size-grading-machine"},{"@type":"BreadcrumbList","@id":"https:\/\/www.garlicline.com\/product\/garlic-size-grading-machine-drum-type\/#breadcrumb","itemListElement":[{"@type":"ListItem","position":1,"name":"Home","item":"https:\/\/www.garlicline.com\/"},{"@type":"ListItem","position":2,"name":"Products","item":"https:\/\/www.garlicline.com\/products\/"},{"@type":"ListItem","position":3,"name":"Garlic Size Grading Machine Drum Type"}]},{"@type":"WebSite","@id":"https:\/\/www.garlicline.com\/#website","url":"https:\/\/www.garlicline.com\/","name":"linha de alho","description":"fornecedor de m\u00e1quinas de transforma\u00e7\u00e3o de alho","publisher":{"@id":"https:\/\/www.garlicline.com\/#organization"},"potentialAction":[{"@type":"SearchAction","target":{"@type":"EntryPoint","urlTemplate":"https:\/\/www.garlicline.com\/?s={search_term_string}"},"query-input":{"@type":"PropertyValueSpecification","valueRequired":true,"valueName":"search_term_string"}}],"inLanguage":"pt-PT"},{"@type":"Organization","@id":"https:\/\/www.garlicline.com\/#organization","name":"linha de alho","url":"https:\/\/www.garlicline.com\/","logo":{"@type":"ImageObject","inLanguage":"pt-PT","@id":"https:\/\/www.garlicline.com\/#\/schema\/logo\/image\/","url":"https:\/\/www.garlicline.com\/wp-content\/uploads\/2025\/05\/cropped-gelgoog-logo-1.png","contentUrl":"https:\/\/www.garlicline.com\/wp-content\/uploads\/2025\/05\/cropped-gelgoog-logo-1.png","width":434,"height":267,"caption":"garlicline"},"image":{"@id":"https:\/\/www.garlicline.com\/#\/schema\/logo\/image\/"}},false]}},"yasr_visitor_votes":{"stars_attributes":{"read_only":false,"span_bottom":false},"number_of_votes":1,"sum_votes":5},"_links":{"self":[{"href":"https:\/\/www.garlicline.com\/pt\/wp-json\/wp\/v2\/product\/2705","targetHints":{"allow":["GET"]}}],"collection":[{"href":"https:\/\/www.garlicline.com\/pt\/wp-json\/wp\/v2\/product"}],"about":[{"href":"https:\/\/www.garlicline.com\/pt\/wp-json\/wp\/v2\/types\/product"}],"replies":[{"embeddable":true,"href":"https:\/\/www.garlicline.com\/pt\/wp-json\/wp\/v2\/comments?post=2705"}],"version-history":[{"count":0,"href":"https:\/\/www.garlicline.com\/pt\/wp-json\/wp\/v2\/product\/2705\/revisions"}],"wp:featuredmedia":[{"embeddable":true,"href":"https:\/\/www.garlicline.com\/pt\/wp-json\/wp\/v2\/media\/2708"}],"wp:attachment":[{"href":"https:\/\/www.garlicline.com\/pt\/wp-json\/wp\/v2\/media?parent=2705"}],"wp:term":[{"taxonomy":"product_brand","embeddable":true,"href":"https:\/\/www.garlicline.com\/pt\/wp-json\/wp\/v2\/product_brand?post=2705"},{"taxonomy":"product_cat","embeddable":true,"href":"https:\/\/www.garlicline.com\/pt\/wp-json\/wp\/v2\/product_cat?post=2705"},{"taxonomy":"product_tag","embeddable":true,"href":"https:\/\/www.garlicline.com\/pt\/wp-json\/wp\/v2\/product_tag?post=2705"}],"curies":[{"name":"wp","href":"https:\/\/api.w.org\/{rel}","templated":true}]}}