{"id":2719,"date":"2025-08-19T08:55:12","date_gmt":"2025-08-19T08:55:12","guid":{"rendered":"https:\/\/www.garlicline.com\/?post_type=product&#038;p=2719"},"modified":"2026-02-09T09:06:58","modified_gmt":"2026-02-09T09:06:58","slug":"basil-pesto-sauce-production-line-turnkey-factory","status":"publish","type":"product","link":"https:\/\/www.garlicline.com\/pt\/produto\/basil-pesto-sauce-production-line-turnkey-factory\/","title":{"rendered":"Linha de produ\u00e7\u00e3o de molho pesto de manjeric\u00e3o F\u00e1brica chave na m\u00e3o"},"content":{"rendered":"<p>A linha de produ\u00e7\u00e3o de molho pesto \u00e9 uma instala\u00e7\u00e3o automatizada especificamente concebida para a produ\u00e7\u00e3o em grande escala de pesto de manjeric\u00e3o. Transforma folhas frescas de manjeric\u00e3o, alho, pinh\u00f5es, azeite e queijo em garrafas de pesto de manjeric\u00e3o de alta qualidade, de acordo com uma f\u00f3rmula espec\u00edfica. A linha integra tecnologia mec\u00e2nica avan\u00e7ada, sistemas de controlo inteligentes e t\u00e9cnicas de processamento de alimentos. A linha de produ\u00e7\u00e3o de molho pesto oferece in\u00fameras vantagens, incluindo alta efici\u00eancia, estabilidade e saneamento.<\/p>\n<p>&nbsp;<\/p>\n<h2>Fluxo de processamento da linha de molho pesto<\/h2>\n<p>&nbsp;<\/p>\n<p>Pr\u00e9-tratamento da mat\u00e9ria-prima: O alho \u00e9 automaticamente descascado e picado, e a limpeza suave com bolhas de ar e a tecnologia de desidrata\u00e7\u00e3o centr\u00edfuga limpam completamente as folhas de manjeric\u00e3o fresco e removem rapidamente a humidade da superf\u00edcie.<\/p>\n<p>Moagem: As folhas de manjeric\u00e3o, as nozes, o alho e o queijo ralado s\u00e3o adicionados gradualmente \u00e0 <a href=\"https:\/\/www.garlicline.com\/pt\/produto\/garlic-ginger-grinder-machine\/\"><strong>m\u00e1quina de moer alho<\/strong><\/a>. O equipamento de moagem avan\u00e7ado pode controlar com precis\u00e3o o grau de moagem para satisfazer os diferentes requisitos dos clientes relativamente \u00e0 textura do molho.<\/p>\n<p>Mistura: Folhas de manjeric\u00e3o pr\u00e9-tratadas, alho, pinh\u00f5es, queijo e quantidades adequadas de sal e azeite s\u00e3o adicionados ao equipamento de mistura em grande escala de acordo com a propor\u00e7\u00e3o exacta da f\u00f3rmula.<\/p>\n<p>Esteriliza\u00e7\u00e3o: A linha de produ\u00e7\u00e3o utiliza tecnologias avan\u00e7adas de esteriliza\u00e7\u00e3o, como a esteriliza\u00e7\u00e3o instant\u00e2nea a alta temperatura ou a pasteuriza\u00e7\u00e3o, para eliminar eficazmente os microrganismos nocivos do molho, preservando ao m\u00e1ximo o sabor original e o conte\u00fado nutricional, garantindo a qualidade e a seguran\u00e7a do produto.<\/p>\n<p>Embalagem e armazenamento: O molho pesto de manjeric\u00e3o esterilizado \u00e9 embalado utilizando equipamento de embalagem automatizado de acordo com v\u00e1rias especifica\u00e7\u00f5es e formatos de embalagem. Os formatos de embalagem mais comuns incluem garrafas, latas e sacos para satisfazer as diferentes necessidades dos clientes.<\/p>\n<p><img fetchpriority=\"high\" decoding=\"async\" class=\"alignnone size-full wp-image-2720\" src=\"https:\/\/www.garlicline.com\/wp-content\/uploads\/2025\/08\/Pesto-Sauce-Production-Line.jpg\" alt=\"Linha de produ\u00e7\u00e3o de molho Pesto-Sauce\" width=\"972\" height=\"426\" srcset=\"https:\/\/www.garlicline.com\/wp-content\/uploads\/2025\/08\/Pesto-Sauce-Production-Line.jpg 972w, https:\/\/www.garlicline.com\/wp-content\/uploads\/2025\/08\/Pesto-Sauce-Production-Line-300x131.jpg 300w, https:\/\/www.garlicline.com\/wp-content\/uploads\/2025\/08\/Pesto-Sauce-Production-Line-768x337.jpg 768w, https:\/\/www.garlicline.com\/wp-content\/uploads\/2025\/08\/Pesto-Sauce-Production-Line-18x8.jpg 18w, https:\/\/www.garlicline.com\/wp-content\/uploads\/2025\/08\/Pesto-Sauce-Production-Line-600x263.jpg 600w, https:\/\/www.garlicline.com\/wp-content\/uploads\/2025\/08\/Pesto-Sauce-Production-Line-64x28.jpg 64w\" sizes=\"(max-width: 972px) 100vw, 972px\" \/><\/p>\n<p>&nbsp;<\/p>\n<h2>Vantagens da linha de produ\u00e7\u00e3o de molho pesto<\/h2>\n<p>Qualidade est\u00e1vel do produto: Utilizando equipamento de produ\u00e7\u00e3o avan\u00e7ado, controlo preciso da f\u00f3rmula e um sistema de controlo de qualidade rigoroso, a linha de produ\u00e7\u00e3o garante um sabor, textura e cor altamente consistentes em cada lote de molho pesto de manjeric\u00e3o.<\/p>\n<p>Capacidade de produ\u00e7\u00e3o eficiente: A linha de produ\u00e7\u00e3o de molho pesto altamente automatizada melhora significativamente a efici\u00eancia da produ\u00e7\u00e3o, permitindo a produ\u00e7\u00e3o de grandes quantidades de produto num curto per\u00edodo de tempo, resultando em maiores retornos econ\u00f3micos para a empresa.<\/p>\n<p>Vantagem em termos de custos: A longo prazo, a sua elevada capacidade de produ\u00e7\u00e3o e os baixos custos de m\u00e3o de obra podem efetivamente reduzir os custos de produ\u00e7\u00e3o unit\u00e1rios, aumentando ainda mais a margem de lucro da empresa.<\/p>\n<p>Inova\u00e7\u00e3o de produtos: A linha de produ\u00e7\u00e3o avan\u00e7ada de molho pesto oferece flexibilidade, permitindo a inova\u00e7\u00e3o e melhoria do produto com base na procura do mercado e no feedback dos clientes. Por exemplo, a f\u00f3rmula dos ingredientes pode ser ajustada para desenvolver diferentes sabores de molho pesto de manjeric\u00e3o, como a adi\u00e7\u00e3o de pimentos ou tomates, para satisfazer os gostos de diferentes consumidores.<\/p>\n<h2>Os nossos servi\u00e7os e entrega<\/h2>\n<p>Linha completa de produ\u00e7\u00e3o de molho de manjeric\u00e3o chave na m\u00e3o: conce\u00e7\u00e3o do processo \u2192 fabrico do equipamento \u2192 instala\u00e7\u00e3o no local \u2192 coloca\u00e7\u00e3o em funcionamento da receita \u2192 forma\u00e7\u00e3o do operador.<\/p>\n<p>Personaliza\u00e7\u00e3o flex\u00edvel: Compat\u00edvel com a produ\u00e7\u00e3o de molho de espinafres, pesto de s\u00e9samo, molho de couve e muito mais.<\/p>\n<p>Se quiser saber mais sobre a linha de produ\u00e7\u00e3o de molho pesto, pode deixar uma mensagem a qualquer momento ou adicionar informa\u00e7\u00f5es de contacto para entrar em contacto.<\/p>\n<p>Se quiser fabricar molhos pesto e quiser saber o custo da f\u00e1brica de pesto, n\u00e3o hesite em contactar-nos. Somos um fabricante de equipamento de processamento de molho de alho e podemos fornecer solu\u00e7\u00f5es personalizadas para diferentes volumes de produ\u00e7\u00e3o.<\/p>\n<p>&nbsp;<\/p>\n<hr \/>\n<h2 style=\"text-align: center;\">-Deixe uma mensagem para uma cita\u00e7\u00e3o-<\/h2>\n\n<div class=\"wpcf7 no-js\" id=\"wpcf7-f1191-o1\" lang=\"en-US\" dir=\"ltr\" data-wpcf7-id=\"1191\">\n<div class=\"screen-reader-response\"><p role=\"status\" aria-live=\"polite\" aria-atomic=\"true\"><\/p> <ul><\/ul><\/div>\n<form action=\"\/pt\/wp-json\/wp\/v2\/product\/2719#wpcf7-f1191-o1\" method=\"post\" class=\"wpcf7-form init\" aria-label=\"Formul\u00e1rio de contacto\" novalidate=\"novalidate\" data-status=\"init\" data-trp-original-action=\"\/pt\/wp-json\/wp\/v2\/product\/2719#wpcf7-f1191-o1\">\n<fieldset class=\"hidden-fields-container\"><input type=\"hidden\" name=\"_wpcf7\" value=\"1191\" \/><input type=\"hidden\" name=\"_wpcf7_version\" value=\"6.1.1\" \/><input type=\"hidden\" name=\"_wpcf7_locale\" value=\"en_US\" \/><input type=\"hidden\" name=\"_wpcf7_unit_tag\" value=\"wpcf7-f1191-o1\" \/><input type=\"hidden\" name=\"_wpcf7_container_post\" value=\"0\" \/><input type=\"hidden\" name=\"_wpcf7_posted_data_hash\" value=\"\" \/>\n<\/fieldset>\n<div class='proformleft'>\n\t<p><label> O seu nome<br \/>\n<span class=\"wpcf7-form-control-wrap\" data-name=\"your-name\"><input size=\"40\" maxlength=\"400\" class=\"wpcf7-form-control wpcf7-text\" aria-invalid=\"false\" value=\"\" type=\"text\" name=\"your-name\" \/><\/span> <\/label>\n\t<\/p>\n\t<p><label> *O seu e-mail<br \/>\n<span class=\"wpcf7-form-control-wrap\" data-name=\"your-email\"><input size=\"40\" maxlength=\"400\" class=\"wpcf7-form-control wpcf7-email wpcf7-validates-as-required wpcf7-text wpcf7-validates-as-email\" aria-required=\"true\" aria-invalid=\"false\" value=\"\" type=\"email\" name=\"your-email\" \/><\/span> <\/label>\n\t<\/p>\n\t<p><label> *O seu telefone<br \/>\n<span class=\"wpcf7-form-control-wrap\" data-name=\"tel-224\"><input size=\"40\" maxlength=\"400\" class=\"wpcf7-form-control wpcf7-tel wpcf7-validates-as-required wpcf7-text wpcf7-validates-as-tel\" aria-required=\"true\" aria-invalid=\"false\" value=\"\" type=\"tel\" name=\"tel-224\" \/><\/span> <\/label>\n\t<\/p>\n\t<p><label> O seu pa\u00eds<br \/>\n<span class=\"wpcf7-form-control-wrap\" data-name=\"your-country\"><input size=\"40\" maxlength=\"400\" class=\"wpcf7-form-control wpcf7-text\" aria-invalid=\"false\" value=\"\" type=\"text\" name=\"your-country\" \/><\/span> <\/label>\n\t<\/p>\n<\/div>\n<div class='proformright'>\n\t<p><label> *A sua mensagem<br \/>\n<span class=\"wpcf7-form-control-wrap\" data-name=\"your-message\"><textarea cols=\"40\" rows=\"10\" maxlength=\"2000\" class=\"wpcf7-form-control wpcf7-textarea wpcf7-validates-as-required\" aria-required=\"true\" aria-invalid=\"false\" name=\"your-message\"><\/textarea><\/span> <\/label>\n\t<\/p>\n\t<p><input class=\"wpcf7-form-control wpcf7-submit has-spinner\" type=\"submit\" value=\"Enviar\" \/>\n\t<\/p>\n<\/div>\n<div style='clear:both'>\n<\/div><p style=\"display: none !important;\" class=\"akismet-fields-container\" data-prefix=\"_wpcf7_ak_\"><label>&#916;<textarea name=\"_wpcf7_ak_hp_textarea\" cols=\"45\" rows=\"8\" maxlength=\"100\"><\/textarea><\/label><input type=\"hidden\" id=\"ak_js_1\" name=\"_wpcf7_ak_js\" value=\"126\"\/><script>document.getElementById( \"ak_js_1\" ).setAttribute( \"value\", ( new Date() ).getTime() );<\/script><\/p><div class=\"wpcf7-response-output\" aria-hidden=\"true\"><\/div>\n<input type=\"hidden\" name=\"trp-form-language\" value=\"pt\"\/><\/form>\n<\/div>\n\n<p>&nbsp;<\/p>\n<p>&nbsp;<\/p>\n<div style='text-align:left' class='yasr-auto-insert-visitor'><\/div>","protected":false},"excerpt":{"rendered":"<p>A linha de produ\u00e7\u00e3o de molho pesto \u00e9 uma instala\u00e7\u00e3o automatizada especificamente concebida para a produ\u00e7\u00e3o em grande escala de pesto de manjeric\u00e3o. Transforma folhas frescas de manjeric\u00e3o, alho, pinh\u00f5es, azeite e queijo em garrafas de pesto de manjeric\u00e3o de alta qualidade, de acordo com uma f\u00f3rmula espec\u00edfica. A linha integra tecnologia mec\u00e2nica avan\u00e7ada, sistemas de controlo inteligentes e t\u00e9cnicas de processamento de alimentos. pesto ...<\/p>\n<p class=\"read-more\"> <a class=\"\" href=\"https:\/\/www.garlicline.com\/pt\/produto\/basil-pesto-sauce-production-line-turnkey-factory\/\"> <span class=\"screen-reader-text\">Linha de produ\u00e7\u00e3o de molho pesto de manjeric\u00e3o F\u00e1brica chave na m\u00e3o<\/span> Ler mais \"<\/a><\/p>","protected":false},"featured_media":2721,"comment_status":"open","ping_status":"closed","template":"","meta":{"site-sidebar-layout":"default","site-content-layout":"default","ast-global-header-display":"","ast-main-header-display":"","ast-hfb-above-header-display":"","ast-hfb-below-header-display":"","ast-hfb-mobile-header-display":"","site-post-title":"","ast-breadcrumbs-content":"","ast-featured-img":"","footer-sml-layout":"","theme-transparent-header-meta":"default","adv-header-id-meta":"","stick-header-meta":"","header-above-stick-meta":"","header-main-stick-meta":"","header-below-stick-meta":"","yasr_overall_rating":5,"yasr_post_is_review":"","yasr_auto_insert_disabled":"","yasr_review_type":""},"product_brand":[],"product_cat":[33],"product_tag":[],"class_list":{"0":"post-2719","1":"product","2":"type-product","3":"status-publish","4":"has-post-thumbnail","6":"product_cat-products","8":"first","9":"instock","10":"shipping-taxable","11":"product-type-simple"},"yoast_head":"<!-- This site is optimized with the Yoast SEO plugin v25.7 - https:\/\/yoast.com\/wordpress\/plugins\/seo\/ -->\n<title>Basil Pesto Sauce Production Line Turnkey Factory<\/title>\n<meta name=\"description\" content=\"Pesto sauce production line transforms fresh basil leaves, garlic, pine nuts, olive oil, and cheese into bottles of high-quality basil pesto according to a specific formula ratio.\" \/>\n<meta name=\"robots\" content=\"index, follow, max-snippet:-1, max-image-preview:large, max-video-preview:-1\" \/>\n<link rel=\"canonical\" href=\"https:\/\/www.garlicline.com\/pt\/produto\/basil-pesto-sauce-production-line-turnkey-factory\/\" \/>\n<meta property=\"og:locale\" content=\"pt_PT\" \/>\n<meta property=\"og:type\" content=\"article\" \/>\n<meta property=\"og:title\" content=\"Basil Pesto Sauce Production Line Turnkey Factory\" \/>\n<meta property=\"og:description\" content=\"Pesto sauce production line transforms fresh basil leaves, garlic, pine nuts, olive oil, and cheese into bottles of high-quality basil pesto according to a specific formula ratio.\" \/>\n<meta property=\"og:url\" content=\"https:\/\/www.garlicline.com\/pt\/produto\/basil-pesto-sauce-production-line-turnkey-factory\/\" \/>\n<meta property=\"og:site_name\" content=\"garlicline\" \/>\n<meta property=\"article:modified_time\" content=\"2026-02-09T09:06:58+00:00\" \/>\n<meta property=\"og:image\" content=\"https:\/\/www.garlicline.com\/wp-content\/uploads\/2025\/08\/Pesto-Sauce-line.jpg\" \/>\n\t<meta property=\"og:image:width\" content=\"600\" \/>\n\t<meta property=\"og:image:height\" content=\"600\" \/>\n\t<meta property=\"og:image:type\" content=\"image\/jpeg\" \/>\n<meta name=\"twitter:card\" content=\"summary_large_image\" \/>\n<meta name=\"twitter:label1\" content=\"Tempo estimado de leitura\" \/>\n\t<meta name=\"twitter:data1\" content=\"3 minutos\" \/>\n<script type=\"application\/ld+json\" class=\"yoast-schema-graph\">{\"@context\":\"https:\/\/schema.org\",\"@graph\":[{\"@type\":\"WebPage\",\"@id\":\"https:\/\/www.garlicline.com\/product\/basil-pesto-sauce-production-line-turnkey-factory\/\",\"url\":\"https:\/\/www.garlicline.com\/product\/basil-pesto-sauce-production-line-turnkey-factory\/\",\"name\":\"Basil Pesto Sauce Production Line Turnkey Factory\",\"isPartOf\":{\"@id\":\"https:\/\/www.garlicline.com\/#website\"},\"primaryImageOfPage\":{\"@id\":\"https:\/\/www.garlicline.com\/product\/basil-pesto-sauce-production-line-turnkey-factory\/#primaryimage\"},\"image\":{\"@id\":\"https:\/\/www.garlicline.com\/product\/basil-pesto-sauce-production-line-turnkey-factory\/#primaryimage\"},\"thumbnailUrl\":\"https:\/\/www.garlicline.com\/wp-content\/uploads\/2025\/08\/Pesto-Sauce-line.jpg\",\"datePublished\":\"2025-08-19T08:55:12+00:00\",\"dateModified\":\"2026-02-09T09:06:58+00:00\",\"description\":\"Pesto sauce production line transforms fresh basil leaves, garlic, pine nuts, olive oil, and cheese into bottles of high-quality basil pesto according to a specific formula ratio.\",\"breadcrumb\":{\"@id\":\"https:\/\/www.garlicline.com\/product\/basil-pesto-sauce-production-line-turnkey-factory\/#breadcrumb\"},\"inLanguage\":\"pt-PT\",\"potentialAction\":[{\"@type\":\"ReadAction\",\"target\":[\"https:\/\/www.garlicline.com\/product\/basil-pesto-sauce-production-line-turnkey-factory\/\"]}]},{\"@type\":\"ImageObject\",\"inLanguage\":\"pt-PT\",\"@id\":\"https:\/\/www.garlicline.com\/product\/basil-pesto-sauce-production-line-turnkey-factory\/#primaryimage\",\"url\":\"https:\/\/www.garlicline.com\/wp-content\/uploads\/2025\/08\/Pesto-Sauce-line.jpg\",\"contentUrl\":\"https:\/\/www.garlicline.com\/wp-content\/uploads\/2025\/08\/Pesto-Sauce-line.jpg\",\"width\":600,\"height\":600},{\"@type\":\"BreadcrumbList\",\"@id\":\"https:\/\/www.garlicline.com\/product\/basil-pesto-sauce-production-line-turnkey-factory\/#breadcrumb\",\"itemListElement\":[{\"@type\":\"ListItem\",\"position\":1,\"name\":\"Home\",\"item\":\"https:\/\/www.garlicline.com\/\"},{\"@type\":\"ListItem\",\"position\":2,\"name\":\"Products\",\"item\":\"https:\/\/www.garlicline.com\/products\/\"},{\"@type\":\"ListItem\",\"position\":3,\"name\":\"Basil Pesto Sauce Production Line Turnkey Factory\"}]},{\"@type\":\"WebSite\",\"@id\":\"https:\/\/www.garlicline.com\/#website\",\"url\":\"https:\/\/www.garlicline.com\/\",\"name\":\"garlicline\",\"description\":\"garlic processing machine supplier\",\"publisher\":{\"@id\":\"https:\/\/www.garlicline.com\/#organization\"},\"potentialAction\":[{\"@type\":\"SearchAction\",\"target\":{\"@type\":\"EntryPoint\",\"urlTemplate\":\"https:\/\/www.garlicline.com\/?s={search_term_string}\"},\"query-input\":{\"@type\":\"PropertyValueSpecification\",\"valueRequired\":true,\"valueName\":\"search_term_string\"}}],\"inLanguage\":\"pt-PT\"},{\"@type\":\"Organization\",\"@id\":\"https:\/\/www.garlicline.com\/#organization\",\"name\":\"garlicline\",\"url\":\"https:\/\/www.garlicline.com\/\",\"logo\":{\"@type\":\"ImageObject\",\"inLanguage\":\"pt-PT\",\"@id\":\"https:\/\/www.garlicline.com\/#\/schema\/logo\/image\/\",\"url\":\"https:\/\/www.garlicline.com\/wp-content\/uploads\/2025\/05\/cropped-gelgoog-logo-1.png\",\"contentUrl\":\"https:\/\/www.garlicline.com\/wp-content\/uploads\/2025\/05\/cropped-gelgoog-logo-1.png\",\"width\":434,\"height\":267,\"caption\":\"garlicline\"},\"image\":{\"@id\":\"https:\/\/www.garlicline.com\/#\/schema\/logo\/image\/\"}},false]}<\/script>\n<!-- \/ Yoast SEO plugin. -->","yoast_head_json":{"title":"Linha de produ\u00e7\u00e3o de molho pesto de manjeric\u00e3o F\u00e1brica chave na m\u00e3o","description":"A linha de produ\u00e7\u00e3o de molho pesto transforma folhas frescas de manjeric\u00e3o, alho, pinh\u00f5es, azeite e queijo em garrafas de pesto de manjeric\u00e3o de alta qualidade, de acordo com uma f\u00f3rmula espec\u00edfica.","robots":{"index":"index","follow":"follow","max-snippet":"max-snippet:-1","max-image-preview":"max-image-preview:large","max-video-preview":"max-video-preview:-1"},"canonical":"https:\/\/www.garlicline.com\/pt\/produto\/basil-pesto-sauce-production-line-turnkey-factory\/","og_locale":"pt_PT","og_type":"article","og_title":"Basil Pesto Sauce Production Line Turnkey Factory","og_description":"Pesto sauce production line transforms fresh basil leaves, garlic, pine nuts, olive oil, and cheese into bottles of high-quality basil pesto according to a specific formula ratio.","og_url":"https:\/\/www.garlicline.com\/pt\/produto\/basil-pesto-sauce-production-line-turnkey-factory\/","og_site_name":"garlicline","article_modified_time":"2026-02-09T09:06:58+00:00","og_image":[{"width":600,"height":600,"url":"https:\/\/www.garlicline.com\/wp-content\/uploads\/2025\/08\/Pesto-Sauce-line.jpg","type":"image\/jpeg"}],"twitter_card":"summary_large_image","twitter_misc":{"Tempo estimado de leitura":"3 minutos"},"schema":{"@context":"https:\/\/schema.org","@graph":[{"@type":"WebPage","@id":"https:\/\/www.garlicline.com\/product\/basil-pesto-sauce-production-line-turnkey-factory\/","url":"https:\/\/www.garlicline.com\/product\/basil-pesto-sauce-production-line-turnkey-factory\/","name":"Linha de produ\u00e7\u00e3o de molho pesto de manjeric\u00e3o F\u00e1brica chave na m\u00e3o","isPartOf":{"@id":"https:\/\/www.garlicline.com\/#website"},"primaryImageOfPage":{"@id":"https:\/\/www.garlicline.com\/product\/basil-pesto-sauce-production-line-turnkey-factory\/#primaryimage"},"image":{"@id":"https:\/\/www.garlicline.com\/product\/basil-pesto-sauce-production-line-turnkey-factory\/#primaryimage"},"thumbnailUrl":"https:\/\/www.garlicline.com\/wp-content\/uploads\/2025\/08\/Pesto-Sauce-line.jpg","datePublished":"2025-08-19T08:55:12+00:00","dateModified":"2026-02-09T09:06:58+00:00","description":"A linha de produ\u00e7\u00e3o de molho pesto transforma folhas frescas de manjeric\u00e3o, alho, pinh\u00f5es, azeite e queijo em garrafas de pesto de manjeric\u00e3o de alta qualidade, de acordo com uma f\u00f3rmula espec\u00edfica.","breadcrumb":{"@id":"https:\/\/www.garlicline.com\/product\/basil-pesto-sauce-production-line-turnkey-factory\/#breadcrumb"},"inLanguage":"pt-PT","potentialAction":[{"@type":"ReadAction","target":["https:\/\/www.garlicline.com\/product\/basil-pesto-sauce-production-line-turnkey-factory\/"]}]},{"@type":"ImageObject","inLanguage":"pt-PT","@id":"https:\/\/www.garlicline.com\/product\/basil-pesto-sauce-production-line-turnkey-factory\/#primaryimage","url":"https:\/\/www.garlicline.com\/wp-content\/uploads\/2025\/08\/Pesto-Sauce-line.jpg","contentUrl":"https:\/\/www.garlicline.com\/wp-content\/uploads\/2025\/08\/Pesto-Sauce-line.jpg","width":600,"height":600},{"@type":"BreadcrumbList","@id":"https:\/\/www.garlicline.com\/product\/basil-pesto-sauce-production-line-turnkey-factory\/#breadcrumb","itemListElement":[{"@type":"ListItem","position":1,"name":"Home","item":"https:\/\/www.garlicline.com\/"},{"@type":"ListItem","position":2,"name":"Products","item":"https:\/\/www.garlicline.com\/products\/"},{"@type":"ListItem","position":3,"name":"Basil Pesto Sauce Production Line Turnkey Factory"}]},{"@type":"WebSite","@id":"https:\/\/www.garlicline.com\/#website","url":"https:\/\/www.garlicline.com\/","name":"linha de alho","description":"fornecedor de m\u00e1quinas de transforma\u00e7\u00e3o de alho","publisher":{"@id":"https:\/\/www.garlicline.com\/#organization"},"potentialAction":[{"@type":"SearchAction","target":{"@type":"EntryPoint","urlTemplate":"https:\/\/www.garlicline.com\/?s={search_term_string}"},"query-input":{"@type":"PropertyValueSpecification","valueRequired":true,"valueName":"search_term_string"}}],"inLanguage":"pt-PT"},{"@type":"Organization","@id":"https:\/\/www.garlicline.com\/#organization","name":"linha de alho","url":"https:\/\/www.garlicline.com\/","logo":{"@type":"ImageObject","inLanguage":"pt-PT","@id":"https:\/\/www.garlicline.com\/#\/schema\/logo\/image\/","url":"https:\/\/www.garlicline.com\/wp-content\/uploads\/2025\/05\/cropped-gelgoog-logo-1.png","contentUrl":"https:\/\/www.garlicline.com\/wp-content\/uploads\/2025\/05\/cropped-gelgoog-logo-1.png","width":434,"height":267,"caption":"garlicline"},"image":{"@id":"https:\/\/www.garlicline.com\/#\/schema\/logo\/image\/"}},false]}},"yasr_visitor_votes":{"stars_attributes":{"read_only":false,"span_bottom":false},"number_of_votes":1,"sum_votes":5},"_links":{"self":[{"href":"https:\/\/www.garlicline.com\/pt\/wp-json\/wp\/v2\/product\/2719","targetHints":{"allow":["GET"]}}],"collection":[{"href":"https:\/\/www.garlicline.com\/pt\/wp-json\/wp\/v2\/product"}],"about":[{"href":"https:\/\/www.garlicline.com\/pt\/wp-json\/wp\/v2\/types\/product"}],"replies":[{"embeddable":true,"href":"https:\/\/www.garlicline.com\/pt\/wp-json\/wp\/v2\/comments?post=2719"}],"version-history":[{"count":0,"href":"https:\/\/www.garlicline.com\/pt\/wp-json\/wp\/v2\/product\/2719\/revisions"}],"wp:featuredmedia":[{"embeddable":true,"href":"https:\/\/www.garlicline.com\/pt\/wp-json\/wp\/v2\/media\/2721"}],"wp:attachment":[{"href":"https:\/\/www.garlicline.com\/pt\/wp-json\/wp\/v2\/media?parent=2719"}],"wp:term":[{"taxonomy":"product_brand","embeddable":true,"href":"https:\/\/www.garlicline.com\/pt\/wp-json\/wp\/v2\/product_brand?post=2719"},{"taxonomy":"product_cat","embeddable":true,"href":"https:\/\/www.garlicline.com\/pt\/wp-json\/wp\/v2\/product_cat?post=2719"},{"taxonomy":"product_tag","embeddable":true,"href":"https:\/\/www.garlicline.com\/pt\/wp-json\/wp\/v2\/product_tag?post=2719"}],"curies":[{"name":"wp","href":"https:\/\/api.w.org\/{rel}","templated":true}]}}